{"id":9984,"date":"2026-03-19T16:03:18","date_gmt":"2026-03-19T15:03:18","guid":{"rendered":"https:\/\/www.epsilon-pc.fr\/index.php\/produit\/msi-ssd-spatium-m470-pro-pcie-4-0-nvme-m-2\/"},"modified":"2026-03-19T16:16:47","modified_gmt":"2026-03-19T15:16:47","slug":"msi-ssd-spatium-m470-pro-pcie-4-0-nvme-m-2","status":"publish","type":"product","link":"https:\/\/www.epsilon-pc.fr\/index.php\/produit\/msi-ssd-spatium-m470-pro-pcie-4-0-nvme-m-2\/","title":{"rendered":"MSI SSD SPATIUM M470 PRO 1TO"},"content":{"rendered":"<dl class=\"data-sheet\">\n<dt class=\"name\">Hauteur<\/dt>\n<dd class=\"value\">2,15 mm<\/dd>\n<dt class=\"name\">Largeur<\/dt>\n<dd class=\"value\">22 mm<\/dd>\n<dt class=\"name\">Profondeur<\/dt>\n<dd class=\"value\">80 mm<\/dd>\n<dt class=\"name\">Capacit\u00e9 du Solid State Drive (SSD)<\/dt>\n<dd class=\"value\">1 To<\/dd>\n<dt class=\"name\">NVMe<\/dt>\n<dd class=\"value\">Oui<\/dd>\n<dt class=\"name\">Temp\u00e9rature d&rsquo;op\u00e9ration<\/dt>\n<dd class=\"value\">0 &#8211; 70 \u00b0C<\/dd>\n<dt class=\"name\">composant pour<\/dt>\n<dd class=\"value\">PC<\/dd>\n<dt class=\"name\">Consommation (max)<\/dt>\n<dd class=\"value\">4 W<\/dd>\n<dt class=\"name\">Facteur de forme SSD<\/dt>\n<dd class=\"value\">M.2<\/dd>\n<dt class=\"name\">Interface<\/dt>\n<dd class=\"value\">PCI Express 4.0<\/dd>\n<dt class=\"name\">Lecture al\u00e9atoire (4KB)<\/dt>\n<dd class=\"value\">950000 IOPS<\/dd>\n<dt class=\"name\">Support TRIM<\/dt>\n<dd class=\"value\">Oui<\/dd>\n<dt class=\"name\">Temps moyen entre pannes<\/dt>\n<dd class=\"value\">1500000 h<\/dd>\n<dt class=\"name\">Temp\u00e9rature hors fonctionnement<\/dt>\n<dd class=\"value\">-40 &#8211; 85 \u00b0C<\/dd>\n<dt class=\"name\">Type de m\u00e9moire<\/dt>\n<dd class=\"value\">3D NAND<\/dd>\n<dt class=\"name\">\u00c9criture al\u00e9atoire (4KB)<\/dt>\n<dd class=\"value\">950000 IOPS<\/dd>\n<dt class=\"name\">Classe TBW<\/dt>\n<dd class=\"value\">640<\/dd>\n<dt class=\"name\">Le chiffrement mat\u00e9riel<\/dt>\n<dd class=\"value\">Oui<\/dd>\n<dt class=\"name\">Version NVMe<\/dt>\n<dd class=\"value\">1.4<\/dd>\n<dt class=\"name\">Consommation \u00e9lectrique (idle)<\/dt>\n<dd class=\"value\">50 W<\/dd>\n<dt class=\"name\">Vitesse d&rsquo;\u00e9criture s\u00e9quentielle (ATTO)<\/dt>\n<dd class=\"value\">5000 Mo\/s<\/dd>\n<dt class=\"name\">Vitesse de lecture s\u00e9quentielle (ATTO)<\/dt>\n<dd class=\"value\">6000 Mo\/s<\/dd>\n<\/dl>\n","protected":false},"excerpt":{"rendered":"<p><strong>\ud83d\udc09 MSI : Le stockage taill\u00e9 pour l&rsquo;esport<\/strong><\/p>\n<p>Avec sa gamme Spatium, MSI propose des SSD NVMe foudroyants \u00e9quip\u00e9s de dissipateurs thermiques imposants, parfaits pour \u00e9liminer les temps de chargement de vos jeux les plus lourds.<\/p>\n<ul>\n<li><strong>\u26a1 S\u00e9ries Spatium M400 &amp; M500 :<\/strong> L&rsquo;exploitation maximale des bus PCIe Gen4 et Gen5 pour des performances extr\u00eames en jeu.<\/li>\n<\/ul>\n","protected":false},"featured_media":9983,"template":"","meta":{"ocean_post_layout":"","ocean_both_sidebars_style":"","ocean_both_sidebars_content_width":0,"ocean_both_sidebars_sidebars_width":0,"ocean_sidebar":"0","ocean_second_sidebar":"0","ocean_disable_margins":"enable","ocean_add_body_class":"","ocean_shortcode_before_top_bar":"","ocean_shortcode_after_top_bar":"","ocean_shortcode_before_header":"","ocean_shortcode_after_header":"","ocean_has_shortcode":"","ocean_shortcode_after_title":"","ocean_shortcode_before_footer_widgets":"","ocean_shortcode_after_footer_widgets":"","ocean_shortcode_before_footer_bottom":"","ocean_shortcode_after_footer_bottom":"","ocean_display_top_bar":"default","ocean_display_header":"default","ocean_header_style":"","ocean_center_header_left_menu":"0","ocean_custom_header_template":"0","ocean_custom_logo":0,"ocean_custom_retina_logo":0,"ocean_custom_logo_max_width":0,"ocean_custom_logo_tablet_max_width":0,"ocean_custom_logo_mobile_max_width":0,"ocean_custom_logo_max_height":0,"ocean_custom_logo_tablet_max_height":0,"ocean_custom_logo_mobile_max_height":0,"ocean_header_custom_menu":"0","ocean_menu_typo_font_family":"0","ocean_menu_typo_font_subset":"","ocean_menu_typo_font_size":0,"ocean_menu_typo_font_size_tablet":0,"ocean_menu_typo_font_size_mobile":0,"ocean_menu_typo_font_size_unit":"px","ocean_menu_typo_font_weight":"","ocean_menu_typo_font_weight_tablet":"","ocean_menu_typo_font_weight_mobile":"","ocean_menu_typo_transform":"","ocean_menu_typo_transform_tablet":"","ocean_menu_typo_transform_mobile":"","ocean_menu_typo_line_height":0,"ocean_menu_typo_line_height_tablet":0,"ocean_menu_typo_line_height_mobile":0,"ocean_menu_typo_line_height_unit":"","ocean_menu_typo_spacing":0,"ocean_menu_typo_spacing_tablet":0,"ocean_menu_typo_spacing_mobile":0,"ocean_menu_typo_spacing_unit":"","ocean_menu_link_color":"","ocean_menu_link_color_hover":"","ocean_menu_link_color_active":"","ocean_menu_link_background":"","ocean_menu_link_hover_background":"","ocean_menu_link_active_background":"","ocean_menu_social_links_bg":"","ocean_menu_social_hover_links_bg":"","ocean_menu_social_links_color":"","ocean_menu_social_hover_links_color":"","ocean_disable_title":"default","ocean_disable_heading":"default","ocean_post_title":"","ocean_post_subheading":"","ocean_post_title_style":"","ocean_post_title_background_color":"","ocean_post_title_background":0,"ocean_post_title_bg_image_position":"","ocean_post_title_bg_image_attachment":"","ocean_post_title_bg_image_repeat":"","ocean_post_title_bg_image_size":"","ocean_post_title_height":0,"ocean_post_title_bg_overlay":0.5,"ocean_post_title_bg_overlay_color":"","ocean_disable_breadcrumbs":"default","ocean_breadcrumbs_color":"","ocean_breadcrumbs_separator_color":"","ocean_breadcrumbs_links_color":"","ocean_breadcrumbs_links_hover_color":"","ocean_display_footer_widgets":"default","ocean_display_footer_bottom":"default","ocean_custom_footer_template":"0"},"product_brand":[25],"product_cat":[58],"product_tag":[],"class_list":{"0":"post-9984","1":"product","2":"type-product","3":"status-publish","4":"has-post-thumbnail","6":"product_brand-msi","7":"product_cat-nvme","9":"entry","10":"has-media","12":"first","13":"instock","14":"taxable","15":"shipping-taxable","16":"purchasable","17":"product-type-simple","18":"has-product-nav","19":"col","20":"span_1_of_4","21":"owp-content-center","22":"owp-thumbs-layout-horizontal","23":"owp-btn-big","24":"owp-tabs-layout-horizontal","25":"has-no-thumbnails"},"yoast_head":"<!-- This site is optimized with the Yoast SEO plugin v27.3 - https:\/\/yoast.com\/product\/yoast-seo-wordpress\/ -->\n<title>MSI SSD SPATIUM M470 PRO 1TO - Epsilon PC<\/title>\n<meta name=\"robots\" content=\"index, follow, max-snippet:-1, max-image-preview:large, max-video-preview:-1\" \/>\n<link rel=\"canonical\" href=\"https:\/\/www.epsilon-pc.fr\/index.php\/produit\/msi-ssd-spatium-m470-pro-pcie-4-0-nvme-m-2\/\" \/>\n<meta property=\"og:locale\" content=\"fr_FR\" \/>\n<meta property=\"og:type\" content=\"article\" \/>\n<meta property=\"og:title\" content=\"MSI SSD SPATIUM M470 PRO 1TO - Epsilon PC\" \/>\n<meta property=\"og:description\" content=\"\ud83d\udc09 MSI : Le stockage taill\u00e9 pour l&#039;esport  Avec sa gamme Spatium, MSI propose des SSD NVMe foudroyants \u00e9quip\u00e9s de dissipateurs thermiques imposants, parfaits pour \u00e9liminer les temps de chargement de vos jeux les plus lourds.   \u26a1 S\u00e9ries Spatium M400 &amp; M500 : L&#039;exploitation maximale des bus PCIe Gen4 et Gen5 pour des performances extr\u00eames en jeu.\" \/>\n<meta property=\"og:url\" content=\"https:\/\/www.epsilon-pc.fr\/index.php\/produit\/msi-ssd-spatium-m470-pro-pcie-4-0-nvme-m-2\/\" \/>\n<meta property=\"og:site_name\" content=\"Epsilon PC\" \/>\n<meta property=\"article:modified_time\" content=\"2026-03-19T15:16:47+00:00\" \/>\n<meta property=\"og:image\" content=\"http:\/\/www.epsilon-pc.fr\/wp-content\/uploads\/2026\/03\/msi-ssd-spatium-m470-pro-pcie-40-nvme-m2-1tb.jpg\" \/>\n\t<meta property=\"og:image:width\" content=\"800\" \/>\n\t<meta property=\"og:image:height\" content=\"800\" \/>\n\t<meta property=\"og:image:type\" content=\"image\/jpeg\" \/>\n<meta name=\"twitter:card\" content=\"summary_large_image\" \/>\n<meta name=\"twitter:label1\" content=\"Dur\u00e9e de lecture estim\u00e9e\" \/>\n\t<meta name=\"twitter:data1\" content=\"1 minute\" \/>\n<script type=\"application\/ld+json\" class=\"yoast-schema-graph\">{\"@context\":\"https:\\\/\\\/schema.org\",\"@graph\":[{\"@type\":\"WebPage\",\"@id\":\"https:\\\/\\\/www.epsilon-pc.fr\\\/index.php\\\/produit\\\/msi-ssd-spatium-m470-pro-pcie-4-0-nvme-m-2\\\/\",\"url\":\"https:\\\/\\\/www.epsilon-pc.fr\\\/index.php\\\/produit\\\/msi-ssd-spatium-m470-pro-pcie-4-0-nvme-m-2\\\/\",\"name\":\"MSI SSD SPATIUM M470 PRO 1TO - Epsilon PC\",\"isPartOf\":{\"@id\":\"https:\\\/\\\/www.epsilon-pc.fr\\\/#website\"},\"primaryImageOfPage\":{\"@id\":\"https:\\\/\\\/www.epsilon-pc.fr\\\/index.php\\\/produit\\\/msi-ssd-spatium-m470-pro-pcie-4-0-nvme-m-2\\\/#primaryimage\"},\"image\":{\"@id\":\"https:\\\/\\\/www.epsilon-pc.fr\\\/index.php\\\/produit\\\/msi-ssd-spatium-m470-pro-pcie-4-0-nvme-m-2\\\/#primaryimage\"},\"thumbnailUrl\":\"https:\\\/\\\/www.epsilon-pc.fr\\\/wp-content\\\/uploads\\\/2026\\\/03\\\/msi-ssd-spatium-m470-pro-pcie-40-nvme-m2-1tb.jpg\",\"datePublished\":\"2026-03-19T15:03:18+00:00\",\"dateModified\":\"2026-03-19T15:16:47+00:00\",\"breadcrumb\":{\"@id\":\"https:\\\/\\\/www.epsilon-pc.fr\\\/index.php\\\/produit\\\/msi-ssd-spatium-m470-pro-pcie-4-0-nvme-m-2\\\/#breadcrumb\"},\"inLanguage\":\"fr-FR\",\"potentialAction\":[{\"@type\":\"ReadAction\",\"target\":[\"https:\\\/\\\/www.epsilon-pc.fr\\\/index.php\\\/produit\\\/msi-ssd-spatium-m470-pro-pcie-4-0-nvme-m-2\\\/\"]}]},{\"@type\":\"ImageObject\",\"inLanguage\":\"fr-FR\",\"@id\":\"https:\\\/\\\/www.epsilon-pc.fr\\\/index.php\\\/produit\\\/msi-ssd-spatium-m470-pro-pcie-4-0-nvme-m-2\\\/#primaryimage\",\"url\":\"https:\\\/\\\/www.epsilon-pc.fr\\\/wp-content\\\/uploads\\\/2026\\\/03\\\/msi-ssd-spatium-m470-pro-pcie-40-nvme-m2-1tb.jpg\",\"contentUrl\":\"https:\\\/\\\/www.epsilon-pc.fr\\\/wp-content\\\/uploads\\\/2026\\\/03\\\/msi-ssd-spatium-m470-pro-pcie-40-nvme-m2-1tb.jpg\",\"width\":800,\"height\":800},{\"@type\":\"BreadcrumbList\",\"@id\":\"https:\\\/\\\/www.epsilon-pc.fr\\\/index.php\\\/produit\\\/msi-ssd-spatium-m470-pro-pcie-4-0-nvme-m-2\\\/#breadcrumb\",\"itemListElement\":[{\"@type\":\"ListItem\",\"position\":1,\"name\":\"Accueil\",\"item\":\"https:\\\/\\\/www.epsilon-pc.fr\\\/\"},{\"@type\":\"ListItem\",\"position\":2,\"name\":\"Boutique\",\"item\":\"https:\\\/\\\/www.epsilon-pc.fr\\\/index.php\\\/boutique\\\/\"},{\"@type\":\"ListItem\",\"position\":3,\"name\":\"MSI SSD SPATIUM M470 PRO 1TO\"}]},{\"@type\":\"WebSite\",\"@id\":\"https:\\\/\\\/www.epsilon-pc.fr\\\/#website\",\"url\":\"https:\\\/\\\/www.epsilon-pc.fr\\\/\",\"name\":\"Epsilon PC\",\"description\":\"\",\"publisher\":{\"@id\":\"https:\\\/\\\/www.epsilon-pc.fr\\\/#organization\"},\"potentialAction\":[{\"@type\":\"SearchAction\",\"target\":{\"@type\":\"EntryPoint\",\"urlTemplate\":\"https:\\\/\\\/www.epsilon-pc.fr\\\/?s={search_term_string}\"},\"query-input\":{\"@type\":\"PropertyValueSpecification\",\"valueRequired\":true,\"valueName\":\"search_term_string\"}}],\"inLanguage\":\"fr-FR\"},{\"@type\":\"Organization\",\"@id\":\"https:\\\/\\\/www.epsilon-pc.fr\\\/#organization\",\"name\":\"Epsilon PC\",\"url\":\"https:\\\/\\\/www.epsilon-pc.fr\\\/\",\"logo\":{\"@type\":\"ImageObject\",\"inLanguage\":\"fr-FR\",\"@id\":\"https:\\\/\\\/www.epsilon-pc.fr\\\/#\\\/schema\\\/logo\\\/image\\\/\",\"url\":\"https:\\\/\\\/www.epsilon-pc.fr\\\/wp-content\\\/uploads\\\/2026\\\/02\\\/cropped-LogoEpsi-1.bmp\",\"contentUrl\":\"https:\\\/\\\/www.epsilon-pc.fr\\\/wp-content\\\/uploads\\\/2026\\\/02\\\/cropped-LogoEpsi-1.bmp\",\"width\":191,\"height\":59,\"caption\":\"Epsilon PC\"},\"image\":{\"@id\":\"https:\\\/\\\/www.epsilon-pc.fr\\\/#\\\/schema\\\/logo\\\/image\\\/\"}}]}<\/script>\n<!-- \/ Yoast SEO plugin. -->","yoast_head_json":{"title":"MSI SSD SPATIUM M470 PRO 1TO - Epsilon PC","robots":{"index":"index","follow":"follow","max-snippet":"max-snippet:-1","max-image-preview":"max-image-preview:large","max-video-preview":"max-video-preview:-1"},"canonical":"https:\/\/www.epsilon-pc.fr\/index.php\/produit\/msi-ssd-spatium-m470-pro-pcie-4-0-nvme-m-2\/","og_locale":"fr_FR","og_type":"article","og_title":"MSI SSD SPATIUM M470 PRO 1TO - Epsilon PC","og_description":"\ud83d\udc09 MSI : Le stockage taill\u00e9 pour l'esport  Avec sa gamme Spatium, MSI propose des SSD NVMe foudroyants \u00e9quip\u00e9s de dissipateurs thermiques imposants, parfaits pour \u00e9liminer les temps de chargement de vos jeux les plus lourds.   \u26a1 S\u00e9ries Spatium M400 &amp; M500 : L'exploitation maximale des bus PCIe Gen4 et Gen5 pour des performances extr\u00eames en jeu.","og_url":"https:\/\/www.epsilon-pc.fr\/index.php\/produit\/msi-ssd-spatium-m470-pro-pcie-4-0-nvme-m-2\/","og_site_name":"Epsilon PC","article_modified_time":"2026-03-19T15:16:47+00:00","og_image":[{"width":800,"height":800,"url":"http:\/\/www.epsilon-pc.fr\/wp-content\/uploads\/2026\/03\/msi-ssd-spatium-m470-pro-pcie-40-nvme-m2-1tb.jpg","type":"image\/jpeg"}],"twitter_card":"summary_large_image","twitter_misc":{"Dur\u00e9e de lecture estim\u00e9e":"1 minute"},"schema":{"@context":"https:\/\/schema.org","@graph":[{"@type":"WebPage","@id":"https:\/\/www.epsilon-pc.fr\/index.php\/produit\/msi-ssd-spatium-m470-pro-pcie-4-0-nvme-m-2\/","url":"https:\/\/www.epsilon-pc.fr\/index.php\/produit\/msi-ssd-spatium-m470-pro-pcie-4-0-nvme-m-2\/","name":"MSI SSD SPATIUM M470 PRO 1TO - Epsilon PC","isPartOf":{"@id":"https:\/\/www.epsilon-pc.fr\/#website"},"primaryImageOfPage":{"@id":"https:\/\/www.epsilon-pc.fr\/index.php\/produit\/msi-ssd-spatium-m470-pro-pcie-4-0-nvme-m-2\/#primaryimage"},"image":{"@id":"https:\/\/www.epsilon-pc.fr\/index.php\/produit\/msi-ssd-spatium-m470-pro-pcie-4-0-nvme-m-2\/#primaryimage"},"thumbnailUrl":"https:\/\/www.epsilon-pc.fr\/wp-content\/uploads\/2026\/03\/msi-ssd-spatium-m470-pro-pcie-40-nvme-m2-1tb.jpg","datePublished":"2026-03-19T15:03:18+00:00","dateModified":"2026-03-19T15:16:47+00:00","breadcrumb":{"@id":"https:\/\/www.epsilon-pc.fr\/index.php\/produit\/msi-ssd-spatium-m470-pro-pcie-4-0-nvme-m-2\/#breadcrumb"},"inLanguage":"fr-FR","potentialAction":[{"@type":"ReadAction","target":["https:\/\/www.epsilon-pc.fr\/index.php\/produit\/msi-ssd-spatium-m470-pro-pcie-4-0-nvme-m-2\/"]}]},{"@type":"ImageObject","inLanguage":"fr-FR","@id":"https:\/\/www.epsilon-pc.fr\/index.php\/produit\/msi-ssd-spatium-m470-pro-pcie-4-0-nvme-m-2\/#primaryimage","url":"https:\/\/www.epsilon-pc.fr\/wp-content\/uploads\/2026\/03\/msi-ssd-spatium-m470-pro-pcie-40-nvme-m2-1tb.jpg","contentUrl":"https:\/\/www.epsilon-pc.fr\/wp-content\/uploads\/2026\/03\/msi-ssd-spatium-m470-pro-pcie-40-nvme-m2-1tb.jpg","width":800,"height":800},{"@type":"BreadcrumbList","@id":"https:\/\/www.epsilon-pc.fr\/index.php\/produit\/msi-ssd-spatium-m470-pro-pcie-4-0-nvme-m-2\/#breadcrumb","itemListElement":[{"@type":"ListItem","position":1,"name":"Accueil","item":"https:\/\/www.epsilon-pc.fr\/"},{"@type":"ListItem","position":2,"name":"Boutique","item":"https:\/\/www.epsilon-pc.fr\/index.php\/boutique\/"},{"@type":"ListItem","position":3,"name":"MSI SSD SPATIUM M470 PRO 1TO"}]},{"@type":"WebSite","@id":"https:\/\/www.epsilon-pc.fr\/#website","url":"https:\/\/www.epsilon-pc.fr\/","name":"Epsilon PC","description":"","publisher":{"@id":"https:\/\/www.epsilon-pc.fr\/#organization"},"potentialAction":[{"@type":"SearchAction","target":{"@type":"EntryPoint","urlTemplate":"https:\/\/www.epsilon-pc.fr\/?s={search_term_string}"},"query-input":{"@type":"PropertyValueSpecification","valueRequired":true,"valueName":"search_term_string"}}],"inLanguage":"fr-FR"},{"@type":"Organization","@id":"https:\/\/www.epsilon-pc.fr\/#organization","name":"Epsilon PC","url":"https:\/\/www.epsilon-pc.fr\/","logo":{"@type":"ImageObject","inLanguage":"fr-FR","@id":"https:\/\/www.epsilon-pc.fr\/#\/schema\/logo\/image\/","url":"https:\/\/www.epsilon-pc.fr\/wp-content\/uploads\/2026\/02\/cropped-LogoEpsi-1.bmp","contentUrl":"https:\/\/www.epsilon-pc.fr\/wp-content\/uploads\/2026\/02\/cropped-LogoEpsi-1.bmp","width":191,"height":59,"caption":"Epsilon PC"},"image":{"@id":"https:\/\/www.epsilon-pc.fr\/#\/schema\/logo\/image\/"}}]}},"_links":{"self":[{"href":"https:\/\/www.epsilon-pc.fr\/index.php\/wp-json\/wp\/v2\/product\/9984","targetHints":{"allow":["GET"]}}],"collection":[{"href":"https:\/\/www.epsilon-pc.fr\/index.php\/wp-json\/wp\/v2\/product"}],"about":[{"href":"https:\/\/www.epsilon-pc.fr\/index.php\/wp-json\/wp\/v2\/types\/product"}],"wp:featuredmedia":[{"embeddable":true,"href":"https:\/\/www.epsilon-pc.fr\/index.php\/wp-json\/wp\/v2\/media\/9983"}],"wp:attachment":[{"href":"https:\/\/www.epsilon-pc.fr\/index.php\/wp-json\/wp\/v2\/media?parent=9984"}],"wp:term":[{"taxonomy":"product_brand","embeddable":true,"href":"https:\/\/www.epsilon-pc.fr\/index.php\/wp-json\/wp\/v2\/product_brand?post=9984"},{"taxonomy":"product_cat","embeddable":true,"href":"https:\/\/www.epsilon-pc.fr\/index.php\/wp-json\/wp\/v2\/product_cat?post=9984"},{"taxonomy":"product_tag","embeddable":true,"href":"https:\/\/www.epsilon-pc.fr\/index.php\/wp-json\/wp\/v2\/product_tag?post=9984"}],"curies":[{"name":"wp","href":"https:\/\/api.w.org\/{rel}","templated":true}]}}