{"id":9927,"date":"2026-03-19T12:43:18","date_gmt":"2026-03-19T11:43:18","guid":{"rendered":"https:\/\/www.epsilon-pc.fr\/index.php\/produit\/cooler-master-pl360-flux-o\/"},"modified":"2026-03-19T12:59:24","modified_gmt":"2026-03-19T11:59:24","slug":"cooler-master-pl360-flux-o","status":"publish","type":"product","link":"https:\/\/www.epsilon-pc.fr\/index.php\/produit\/cooler-master-pl360-flux-o\/","title":{"rendered":"COOLER MASTER PL360 FLUX O"},"content":{"rendered":"<dl class=\"data-sheet\">\n<dt class=\"name\">Couleur du produit<\/dt>\n<dd class=\"value\">Noir<\/dd>\n<dt class=\"name\">Type<\/dt>\n<dd class=\"value\">Kit de refroidissement du liquide<\/dd>\n<dt class=\"name\">Diam\u00e8tre du ventilateur<\/dt>\n<dd class=\"value\">12 cm<\/dd>\n<dt class=\"name\">Nombre de ventilateurs<\/dt>\n<dd class=\"value\">3 ventilateur(s)<\/dd>\n<dt class=\"name\">Prise en charge des douilles du processeur<\/dt>\n<dd class=\"value\">LGA 1150 (Emplacement H3), LGA 1151 (Emplacement H4), LGA 1155 (Socket H2), LGA 1156 (Socket H), LGA 1200 (Socket H5), LGA 1700, LGA 2011 (Socket R), LGA 2011-v3 (Socket R), LGA 2066, Prise AM2, Prise AM2+, Prise AM3, Socket AM3+, Emplacement AM<\/dd>\n<dt class=\"name\">Couleur de l&rsquo;\u00e9clairage<\/dt>\n<dd class=\"value\">Multi<\/dd>\n<dt class=\"name\">Hauteur du radiateur<\/dt>\n<dd class=\"value\">2,72 cm<\/dd>\n<dt class=\"name\">Largeur du radiateur<\/dt>\n<dd class=\"value\">12 cm<\/dd>\n<dt class=\"name\">Profondeur de radiateur<\/dt>\n<dd class=\"value\">39,4 cm<\/dd>\n<dt class=\"name\">Courant d&rsquo;air maximum<\/dt>\n<dd class=\"value\">72,37 cfm<\/dd>\n<dt class=\"name\">Dimensions de ventilateur (l x p x h)<\/dt>\n<dd class=\"value\">120 x 120 x 25 mm<\/dd>\n<dt class=\"name\">Emplacement appropri\u00e9<\/dt>\n<dd class=\"value\">Processeur<\/dd>\n<dt class=\"name\">Mati\u00e8re de radiateur<\/dt>\n<dd class=\"value\">Aluminium<\/dd>\n<dt class=\"name\">Niveau de bruit de ventilateur (max)<\/dt>\n<dd class=\"value\">32 dB<\/dd>\n<dt class=\"name\">Prise en charge de la modulation par largeur d&rsquo;impulsion<\/dt>\n<dd class=\"value\">Oui<\/dd>\n<dt class=\"name\">Voyant d&rsquo;illumination<\/dt>\n<dd class=\"value\">Oui<\/dd>\n<dt class=\"name\">Tension du ventilateur<\/dt>\n<dd class=\"value\">12 V<\/dd>\n<dt class=\"name\">Connecteur du ventilateur<\/dt>\n<dd class=\"value\">4 broches<\/dd>\n<dt class=\"name\">Connecteur pompe<\/dt>\n<dd class=\"value\">4 broches<\/dd>\n<dt class=\"name\">Temps moyen de pompe avant panne (MTTF)<\/dt>\n<dd class=\"value\">210000 h<\/dd>\n<dt class=\"name\">Temps moyen de ventilateur avant panne (MTTF)<\/dt>\n<dd class=\"value\">160000 h<\/dd>\n<dt class=\"name\">Pression d&rsquo;air maximale<\/dt>\n<dd class=\"value\">2,96 mmH2O<\/dd>\n<dt class=\"name\">Vitesse de rotation (max)<\/dt>\n<dd class=\"value\">2300 tr\/min<\/dd>\n<dt class=\"name\">Vitesse de rotation (min)<\/dt>\n<dd class=\"value\">0 tr\/min<\/dd>\n<dt class=\"name\">Consommation de la pompe<\/dt>\n<dd class=\"value\">6 W<\/dd>\n<dt class=\"name\">Courant du ventilateur<\/dt>\n<dd class=\"value\">0,15 A<\/dd>\n<dt class=\"name\">Tension de la pompe<\/dt>\n<dd class=\"value\">12 V<\/dd>\n<dt class=\"name\">Hauteur de la pompe<\/dt>\n<dd class=\"value\">4 cm<\/dd>\n<dt class=\"name\">Largeur de la pompe<\/dt>\n<dd class=\"value\">7,5 cm<\/dd>\n<dt class=\"name\">Profondeur de la pompe<\/dt>\n<dd class=\"value\">8,9 cm<\/dd>\n<dt class=\"name\">Niveau de bruit de la pompe<\/dt>\n<dd class=\"value\">15 dB<\/dd>\n<dt class=\"name\">Courant de s\u00e9curit\u00e9<\/dt>\n<dd class=\"value\">0,3 Ah<\/dd>\n<\/dl>\n","protected":false},"excerpt":{"rendered":"<p><strong>\ud83d\udee0\ufe0f Cooler Master : L&rsquo;exp\u00e9rience au service de votre processeur<\/strong><\/p>\n<p>Inventeur du mythique Hyper 212, Cooler Master continue d&rsquo;innover pour offrir des solutions de dissipation thermique adapt\u00e9es \u00e0 chaque budget et chaque format de bo\u00eetier.<\/p>\n<ul>\n<li><strong>\ud83c\udf2c\ufe0f Hyper Series :<\/strong> La r\u00e9f\u00e9rence historique et incontournable de l&rsquo;entr\u00e9e\/milieu de gamme pour remplacer le ventirad d&rsquo;origine.<\/li>\n<li><strong>\ud83d\udca7 MasterLiquid :<\/strong> Des AIO fiables, \u00e9quip\u00e9s de pompes \u00e0 double chambre pour optimiser le flux de liquide et la dur\u00e9e de vie.<\/li>\n<\/ul>\n","protected":false},"featured_media":9926,"template":"","meta":{"ocean_post_layout":"","ocean_both_sidebars_style":"","ocean_both_sidebars_content_width":0,"ocean_both_sidebars_sidebars_width":0,"ocean_sidebar":"0","ocean_second_sidebar":"0","ocean_disable_margins":"enable","ocean_add_body_class":"","ocean_shortcode_before_top_bar":"","ocean_shortcode_after_top_bar":"","ocean_shortcode_before_header":"","ocean_shortcode_after_header":"","ocean_has_shortcode":"","ocean_shortcode_after_title":"","ocean_shortcode_before_footer_widgets":"","ocean_shortcode_after_footer_widgets":"","ocean_shortcode_before_footer_bottom":"","ocean_shortcode_after_footer_bottom":"","ocean_display_top_bar":"default","ocean_display_header":"default","ocean_header_style":"","ocean_center_header_left_menu":"0","ocean_custom_header_template":"0","ocean_custom_logo":0,"ocean_custom_retina_logo":0,"ocean_custom_logo_max_width":0,"ocean_custom_logo_tablet_max_width":0,"ocean_custom_logo_mobile_max_width":0,"ocean_custom_logo_max_height":0,"ocean_custom_logo_tablet_max_height":0,"ocean_custom_logo_mobile_max_height":0,"ocean_header_custom_menu":"0","ocean_menu_typo_font_family":"0","ocean_menu_typo_font_subset":"","ocean_menu_typo_font_size":0,"ocean_menu_typo_font_size_tablet":0,"ocean_menu_typo_font_size_mobile":0,"ocean_menu_typo_font_size_unit":"px","ocean_menu_typo_font_weight":"","ocean_menu_typo_font_weight_tablet":"","ocean_menu_typo_font_weight_mobile":"","ocean_menu_typo_transform":"","ocean_menu_typo_transform_tablet":"","ocean_menu_typo_transform_mobile":"","ocean_menu_typo_line_height":0,"ocean_menu_typo_line_height_tablet":0,"ocean_menu_typo_line_height_mobile":0,"ocean_menu_typo_line_height_unit":"","ocean_menu_typo_spacing":0,"ocean_menu_typo_spacing_tablet":0,"ocean_menu_typo_spacing_mobile":0,"ocean_menu_typo_spacing_unit":"","ocean_menu_link_color":"","ocean_menu_link_color_hover":"","ocean_menu_link_color_active":"","ocean_menu_link_background":"","ocean_menu_link_hover_background":"","ocean_menu_link_active_background":"","ocean_menu_social_links_bg":"","ocean_menu_social_hover_links_bg":"","ocean_menu_social_links_color":"","ocean_menu_social_hover_links_color":"","ocean_disable_title":"default","ocean_disable_heading":"default","ocean_post_title":"","ocean_post_subheading":"","ocean_post_title_style":"","ocean_post_title_background_color":"","ocean_post_title_background":0,"ocean_post_title_bg_image_position":"","ocean_post_title_bg_image_attachment":"","ocean_post_title_bg_image_repeat":"","ocean_post_title_bg_image_size":"","ocean_post_title_height":0,"ocean_post_title_bg_overlay":0.5,"ocean_post_title_bg_overlay_color":"","ocean_disable_breadcrumbs":"default","ocean_breadcrumbs_color":"","ocean_breadcrumbs_separator_color":"","ocean_breadcrumbs_links_color":"","ocean_breadcrumbs_links_hover_color":"","ocean_display_footer_widgets":"default","ocean_display_footer_bottom":"default","ocean_custom_footer_template":"0"},"product_brand":[22],"product_cat":[39],"product_tag":[],"class_list":{"0":"post-9927","1":"product","2":"type-product","3":"status-publish","4":"has-post-thumbnail","6":"product_brand-cooler-master","7":"product_cat-watercooling","9":"entry","10":"has-media","12":"first","13":"instock","14":"taxable","15":"shipping-taxable","16":"purchasable","17":"product-type-simple","18":"has-product-nav","19":"col","20":"span_1_of_4","21":"owp-content-center","22":"owp-thumbs-layout-horizontal","23":"owp-btn-big","24":"owp-tabs-layout-horizontal","25":"has-no-thumbnails"},"yoast_head":"<!-- This site is optimized with the Yoast SEO plugin v27.3 - https:\/\/yoast.com\/product\/yoast-seo-wordpress\/ -->\n<title>COOLER MASTER PL360 FLUX O - Epsilon PC<\/title>\n<meta name=\"robots\" content=\"index, follow, max-snippet:-1, max-image-preview:large, max-video-preview:-1\" \/>\n<link rel=\"canonical\" href=\"https:\/\/www.epsilon-pc.fr\/index.php\/produit\/cooler-master-pl360-flux-o\/\" \/>\n<meta property=\"og:locale\" content=\"fr_FR\" \/>\n<meta property=\"og:type\" content=\"article\" \/>\n<meta property=\"og:title\" content=\"COOLER MASTER PL360 FLUX O - Epsilon PC\" \/>\n<meta property=\"og:description\" content=\"\ud83d\udee0\ufe0f Cooler Master : L&#039;exp\u00e9rience au service de votre processeur  Inventeur du mythique Hyper 212, Cooler Master continue d&#039;innover pour offrir des solutions de dissipation thermique adapt\u00e9es \u00e0 chaque budget et chaque format de bo\u00eetier.   \ud83c\udf2c\ufe0f Hyper Series : La r\u00e9f\u00e9rence historique et incontournable de l&#039;entr\u00e9e\/milieu de gamme pour remplacer le ventirad d&#039;origine.  \ud83d\udca7 MasterLiquid : Des AIO fiables, \u00e9quip\u00e9s de pompes \u00e0 double chambre pour optimiser le flux de liquide et la dur\u00e9e de vie.\" \/>\n<meta property=\"og:url\" content=\"https:\/\/www.epsilon-pc.fr\/index.php\/produit\/cooler-master-pl360-flux-o\/\" \/>\n<meta property=\"og:site_name\" content=\"Epsilon PC\" \/>\n<meta property=\"article:modified_time\" content=\"2026-03-19T11:59:24+00:00\" \/>\n<meta property=\"og:image\" content=\"http:\/\/www.epsilon-pc.fr\/wp-content\/uploads\/2026\/03\/cooler-master-pl360-flux-o.jpg\" \/>\n\t<meta property=\"og:image:width\" content=\"800\" \/>\n\t<meta property=\"og:image:height\" content=\"800\" \/>\n\t<meta property=\"og:image:type\" content=\"image\/jpeg\" \/>\n<meta name=\"twitter:card\" content=\"summary_large_image\" \/>\n<meta name=\"twitter:label1\" content=\"Dur\u00e9e de lecture estim\u00e9e\" \/>\n\t<meta name=\"twitter:data1\" content=\"2 minutes\" \/>\n<script type=\"application\/ld+json\" class=\"yoast-schema-graph\">{\"@context\":\"https:\\\/\\\/schema.org\",\"@graph\":[{\"@type\":\"WebPage\",\"@id\":\"https:\\\/\\\/www.epsilon-pc.fr\\\/index.php\\\/produit\\\/cooler-master-pl360-flux-o\\\/\",\"url\":\"https:\\\/\\\/www.epsilon-pc.fr\\\/index.php\\\/produit\\\/cooler-master-pl360-flux-o\\\/\",\"name\":\"COOLER MASTER PL360 FLUX O - Epsilon PC\",\"isPartOf\":{\"@id\":\"https:\\\/\\\/www.epsilon-pc.fr\\\/#website\"},\"primaryImageOfPage\":{\"@id\":\"https:\\\/\\\/www.epsilon-pc.fr\\\/index.php\\\/produit\\\/cooler-master-pl360-flux-o\\\/#primaryimage\"},\"image\":{\"@id\":\"https:\\\/\\\/www.epsilon-pc.fr\\\/index.php\\\/produit\\\/cooler-master-pl360-flux-o\\\/#primaryimage\"},\"thumbnailUrl\":\"https:\\\/\\\/www.epsilon-pc.fr\\\/wp-content\\\/uploads\\\/2026\\\/03\\\/cooler-master-pl360-flux-o.jpg\",\"datePublished\":\"2026-03-19T11:43:18+00:00\",\"dateModified\":\"2026-03-19T11:59:24+00:00\",\"breadcrumb\":{\"@id\":\"https:\\\/\\\/www.epsilon-pc.fr\\\/index.php\\\/produit\\\/cooler-master-pl360-flux-o\\\/#breadcrumb\"},\"inLanguage\":\"fr-FR\",\"potentialAction\":[{\"@type\":\"ReadAction\",\"target\":[\"https:\\\/\\\/www.epsilon-pc.fr\\\/index.php\\\/produit\\\/cooler-master-pl360-flux-o\\\/\"]}]},{\"@type\":\"ImageObject\",\"inLanguage\":\"fr-FR\",\"@id\":\"https:\\\/\\\/www.epsilon-pc.fr\\\/index.php\\\/produit\\\/cooler-master-pl360-flux-o\\\/#primaryimage\",\"url\":\"https:\\\/\\\/www.epsilon-pc.fr\\\/wp-content\\\/uploads\\\/2026\\\/03\\\/cooler-master-pl360-flux-o.jpg\",\"contentUrl\":\"https:\\\/\\\/www.epsilon-pc.fr\\\/wp-content\\\/uploads\\\/2026\\\/03\\\/cooler-master-pl360-flux-o.jpg\",\"width\":800,\"height\":800},{\"@type\":\"BreadcrumbList\",\"@id\":\"https:\\\/\\\/www.epsilon-pc.fr\\\/index.php\\\/produit\\\/cooler-master-pl360-flux-o\\\/#breadcrumb\",\"itemListElement\":[{\"@type\":\"ListItem\",\"position\":1,\"name\":\"Accueil\",\"item\":\"https:\\\/\\\/www.epsilon-pc.fr\\\/\"},{\"@type\":\"ListItem\",\"position\":2,\"name\":\"Boutique\",\"item\":\"https:\\\/\\\/www.epsilon-pc.fr\\\/index.php\\\/boutique\\\/\"},{\"@type\":\"ListItem\",\"position\":3,\"name\":\"COOLER MASTER PL360 FLUX O\"}]},{\"@type\":\"WebSite\",\"@id\":\"https:\\\/\\\/www.epsilon-pc.fr\\\/#website\",\"url\":\"https:\\\/\\\/www.epsilon-pc.fr\\\/\",\"name\":\"Epsilon PC\",\"description\":\"\",\"publisher\":{\"@id\":\"https:\\\/\\\/www.epsilon-pc.fr\\\/#organization\"},\"potentialAction\":[{\"@type\":\"SearchAction\",\"target\":{\"@type\":\"EntryPoint\",\"urlTemplate\":\"https:\\\/\\\/www.epsilon-pc.fr\\\/?s={search_term_string}\"},\"query-input\":{\"@type\":\"PropertyValueSpecification\",\"valueRequired\":true,\"valueName\":\"search_term_string\"}}],\"inLanguage\":\"fr-FR\"},{\"@type\":\"Organization\",\"@id\":\"https:\\\/\\\/www.epsilon-pc.fr\\\/#organization\",\"name\":\"Epsilon PC\",\"url\":\"https:\\\/\\\/www.epsilon-pc.fr\\\/\",\"logo\":{\"@type\":\"ImageObject\",\"inLanguage\":\"fr-FR\",\"@id\":\"https:\\\/\\\/www.epsilon-pc.fr\\\/#\\\/schema\\\/logo\\\/image\\\/\",\"url\":\"https:\\\/\\\/www.epsilon-pc.fr\\\/wp-content\\\/uploads\\\/2026\\\/02\\\/cropped-LogoEpsi-1.bmp\",\"contentUrl\":\"https:\\\/\\\/www.epsilon-pc.fr\\\/wp-content\\\/uploads\\\/2026\\\/02\\\/cropped-LogoEpsi-1.bmp\",\"width\":191,\"height\":59,\"caption\":\"Epsilon PC\"},\"image\":{\"@id\":\"https:\\\/\\\/www.epsilon-pc.fr\\\/#\\\/schema\\\/logo\\\/image\\\/\"}}]}<\/script>\n<!-- \/ Yoast SEO plugin. -->","yoast_head_json":{"title":"COOLER MASTER PL360 FLUX O - Epsilon PC","robots":{"index":"index","follow":"follow","max-snippet":"max-snippet:-1","max-image-preview":"max-image-preview:large","max-video-preview":"max-video-preview:-1"},"canonical":"https:\/\/www.epsilon-pc.fr\/index.php\/produit\/cooler-master-pl360-flux-o\/","og_locale":"fr_FR","og_type":"article","og_title":"COOLER MASTER PL360 FLUX O - Epsilon PC","og_description":"\ud83d\udee0\ufe0f Cooler Master : L'exp\u00e9rience au service de votre processeur  Inventeur du mythique Hyper 212, Cooler Master continue d'innover pour offrir des solutions de dissipation thermique adapt\u00e9es \u00e0 chaque budget et chaque format de bo\u00eetier.   \ud83c\udf2c\ufe0f Hyper Series : La r\u00e9f\u00e9rence historique et incontournable de l'entr\u00e9e\/milieu de gamme pour remplacer le ventirad d'origine.  \ud83d\udca7 MasterLiquid : Des AIO fiables, \u00e9quip\u00e9s de pompes \u00e0 double chambre pour optimiser le flux de liquide et la dur\u00e9e de vie.","og_url":"https:\/\/www.epsilon-pc.fr\/index.php\/produit\/cooler-master-pl360-flux-o\/","og_site_name":"Epsilon PC","article_modified_time":"2026-03-19T11:59:24+00:00","og_image":[{"width":800,"height":800,"url":"http:\/\/www.epsilon-pc.fr\/wp-content\/uploads\/2026\/03\/cooler-master-pl360-flux-o.jpg","type":"image\/jpeg"}],"twitter_card":"summary_large_image","twitter_misc":{"Dur\u00e9e de lecture estim\u00e9e":"2 minutes"},"schema":{"@context":"https:\/\/schema.org","@graph":[{"@type":"WebPage","@id":"https:\/\/www.epsilon-pc.fr\/index.php\/produit\/cooler-master-pl360-flux-o\/","url":"https:\/\/www.epsilon-pc.fr\/index.php\/produit\/cooler-master-pl360-flux-o\/","name":"COOLER MASTER PL360 FLUX O - Epsilon PC","isPartOf":{"@id":"https:\/\/www.epsilon-pc.fr\/#website"},"primaryImageOfPage":{"@id":"https:\/\/www.epsilon-pc.fr\/index.php\/produit\/cooler-master-pl360-flux-o\/#primaryimage"},"image":{"@id":"https:\/\/www.epsilon-pc.fr\/index.php\/produit\/cooler-master-pl360-flux-o\/#primaryimage"},"thumbnailUrl":"https:\/\/www.epsilon-pc.fr\/wp-content\/uploads\/2026\/03\/cooler-master-pl360-flux-o.jpg","datePublished":"2026-03-19T11:43:18+00:00","dateModified":"2026-03-19T11:59:24+00:00","breadcrumb":{"@id":"https:\/\/www.epsilon-pc.fr\/index.php\/produit\/cooler-master-pl360-flux-o\/#breadcrumb"},"inLanguage":"fr-FR","potentialAction":[{"@type":"ReadAction","target":["https:\/\/www.epsilon-pc.fr\/index.php\/produit\/cooler-master-pl360-flux-o\/"]}]},{"@type":"ImageObject","inLanguage":"fr-FR","@id":"https:\/\/www.epsilon-pc.fr\/index.php\/produit\/cooler-master-pl360-flux-o\/#primaryimage","url":"https:\/\/www.epsilon-pc.fr\/wp-content\/uploads\/2026\/03\/cooler-master-pl360-flux-o.jpg","contentUrl":"https:\/\/www.epsilon-pc.fr\/wp-content\/uploads\/2026\/03\/cooler-master-pl360-flux-o.jpg","width":800,"height":800},{"@type":"BreadcrumbList","@id":"https:\/\/www.epsilon-pc.fr\/index.php\/produit\/cooler-master-pl360-flux-o\/#breadcrumb","itemListElement":[{"@type":"ListItem","position":1,"name":"Accueil","item":"https:\/\/www.epsilon-pc.fr\/"},{"@type":"ListItem","position":2,"name":"Boutique","item":"https:\/\/www.epsilon-pc.fr\/index.php\/boutique\/"},{"@type":"ListItem","position":3,"name":"COOLER MASTER PL360 FLUX O"}]},{"@type":"WebSite","@id":"https:\/\/www.epsilon-pc.fr\/#website","url":"https:\/\/www.epsilon-pc.fr\/","name":"Epsilon PC","description":"","publisher":{"@id":"https:\/\/www.epsilon-pc.fr\/#organization"},"potentialAction":[{"@type":"SearchAction","target":{"@type":"EntryPoint","urlTemplate":"https:\/\/www.epsilon-pc.fr\/?s={search_term_string}"},"query-input":{"@type":"PropertyValueSpecification","valueRequired":true,"valueName":"search_term_string"}}],"inLanguage":"fr-FR"},{"@type":"Organization","@id":"https:\/\/www.epsilon-pc.fr\/#organization","name":"Epsilon PC","url":"https:\/\/www.epsilon-pc.fr\/","logo":{"@type":"ImageObject","inLanguage":"fr-FR","@id":"https:\/\/www.epsilon-pc.fr\/#\/schema\/logo\/image\/","url":"https:\/\/www.epsilon-pc.fr\/wp-content\/uploads\/2026\/02\/cropped-LogoEpsi-1.bmp","contentUrl":"https:\/\/www.epsilon-pc.fr\/wp-content\/uploads\/2026\/02\/cropped-LogoEpsi-1.bmp","width":191,"height":59,"caption":"Epsilon PC"},"image":{"@id":"https:\/\/www.epsilon-pc.fr\/#\/schema\/logo\/image\/"}}]}},"_links":{"self":[{"href":"https:\/\/www.epsilon-pc.fr\/index.php\/wp-json\/wp\/v2\/product\/9927","targetHints":{"allow":["GET"]}}],"collection":[{"href":"https:\/\/www.epsilon-pc.fr\/index.php\/wp-json\/wp\/v2\/product"}],"about":[{"href":"https:\/\/www.epsilon-pc.fr\/index.php\/wp-json\/wp\/v2\/types\/product"}],"wp:featuredmedia":[{"embeddable":true,"href":"https:\/\/www.epsilon-pc.fr\/index.php\/wp-json\/wp\/v2\/media\/9926"}],"wp:attachment":[{"href":"https:\/\/www.epsilon-pc.fr\/index.php\/wp-json\/wp\/v2\/media?parent=9927"}],"wp:term":[{"taxonomy":"product_brand","embeddable":true,"href":"https:\/\/www.epsilon-pc.fr\/index.php\/wp-json\/wp\/v2\/product_brand?post=9927"},{"taxonomy":"product_cat","embeddable":true,"href":"https:\/\/www.epsilon-pc.fr\/index.php\/wp-json\/wp\/v2\/product_cat?post=9927"},{"taxonomy":"product_tag","embeddable":true,"href":"https:\/\/www.epsilon-pc.fr\/index.php\/wp-json\/wp\/v2\/product_tag?post=9927"}],"curies":[{"name":"wp","href":"https:\/\/api.w.org\/{rel}","templated":true}]}}