{"id":9893,"date":"2026-03-19T12:42:20","date_gmt":"2026-03-19T11:42:20","guid":{"rendered":"https:\/\/www.epsilon-pc.fr\/index.php\/produit\/msi-mag-corefrozr-aa13-white-systeme-de\/"},"modified":"2026-03-19T12:56:35","modified_gmt":"2026-03-19T11:56:35","slug":"msi-mag-corefrozr-aa13-white-systeme-de","status":"publish","type":"product","link":"https:\/\/www.epsilon-pc.fr\/index.php\/produit\/msi-mag-corefrozr-aa13-white-systeme-de\/","title":{"rendered":"MSI MAG COREFROZR AA13 WHITE"},"content":{"rendered":"<dl class=\"data-sheet\">\n<dt class=\"name\">Couleur du produit<\/dt>\n<dd class=\"value\">Blanc<\/dd>\n<dt class=\"name\">Largeur<\/dt>\n<dd class=\"value\">121 mm<\/dd>\n<dt class=\"name\">Profondeur<\/dt>\n<dd class=\"value\">94,5 mm<\/dd>\n<dt class=\"name\">Quantit\u00e9<\/dt>\n<dd class=\"value\">1 pi\u00e8ce(s)<\/dd>\n<dt class=\"name\">Type<\/dt>\n<dd class=\"value\">Refroidisseur hybride<\/dd>\n<dt class=\"name\">Diam\u00e8tre du ventilateur<\/dt>\n<dd class=\"value\">12 cm<\/dd>\n<dt class=\"name\">Nombre de ventilateurs<\/dt>\n<dd class=\"value\">1 ventilateur(s)<\/dd>\n<dt class=\"name\">Prise en charge des douilles du processeur<\/dt>\n<dd class=\"value\">Intel LGA1851, LGA 1700, LGA 1851, Emplacement AM4, Emplacement AM5<\/dd>\n<dt class=\"name\">Couleur de l&rsquo;\u00e9clairage<\/dt>\n<dd class=\"value\">Multi<\/dd>\n<dt class=\"name\">Hauteur du radiateur<\/dt>\n<dd class=\"value\">15,2 cm<\/dd>\n<dt class=\"name\">Largeur du radiateur<\/dt>\n<dd class=\"value\">12,1 cm<\/dd>\n<dt class=\"name\">Profondeur de radiateur<\/dt>\n<dd class=\"value\">9,45 cm<\/dd>\n<dt class=\"name\">Enveloppe thermique (TDP, Thermal Design Power)<\/dt>\n<dd class=\"value\">240 W<\/dd>\n<dt class=\"name\">Courant d&rsquo;air maximum<\/dt>\n<dd class=\"value\">62,6 cfm<\/dd>\n<dt class=\"name\">Dimensions de ventilateur (l x p x h)<\/dt>\n<dd class=\"value\">120 x 120 x 25 mm<\/dd>\n<dt class=\"name\">Emplacement appropri\u00e9<\/dt>\n<dd class=\"value\">Processeur<\/dd>\n<dt class=\"name\">La vitesse du ventilateur (max)<\/dt>\n<dd class=\"value\">2070 tr\/min<\/dd>\n<dt class=\"name\">La vitesse du ventilateur (min)<\/dt>\n<dd class=\"value\">510 tr\/min<\/dd>\n<dt class=\"name\">Mati\u00e8re de radiateur<\/dt>\n<dd class=\"value\">Aluminium<\/dd>\n<dt class=\"name\">Niveau de bruit de ventilateur (max)<\/dt>\n<dd class=\"value\">34,1 dB<\/dd>\n<dt class=\"name\">Nombre de caloducs<\/dt>\n<dd class=\"value\">4<\/dd>\n<dt class=\"name\">Pression statique du ventilateur<\/dt>\n<dd class=\"value\">2,36 mmH2O<\/dd>\n<dt class=\"name\">Prise en charge de la modulation par largeur d&rsquo;impulsion<\/dt>\n<dd class=\"value\">Oui<\/dd>\n<dt class=\"name\">Voyant d&rsquo;illumination<\/dt>\n<dd class=\"value\">Oui<\/dd>\n<dt class=\"name\">Longueur de c\u00e2ble<\/dt>\n<dd class=\"value\">0,3 m<\/dd>\n<dt class=\"name\">Consommation du ventilateur<\/dt>\n<dd class=\"value\">1,44 W<\/dd>\n<dt class=\"name\">Temps moyen de ventilateur avant panne (MTTF)<\/dt>\n<dd class=\"value\">40000 h<\/dd>\n<dt class=\"name\">Courant nominal<\/dt>\n<dd class=\"value\">0,15 A<\/dd>\n<dt class=\"name\">Niveau de bruit de ventilateur (min)<\/dt>\n<dd class=\"value\">30,11 dB<\/dd>\n<dt class=\"name\">Type de roulement<\/dt>\n<dd class=\"value\">Palier lisse<\/dd>\n<dt class=\"name\">Tension LED<\/dt>\n<dd class=\"value\">5 V<\/dd>\n<dt class=\"name\">Type de connecteur LED<\/dt>\n<dd class=\"value\">3 broches<\/dd>\n<dt class=\"name\">Intensit\u00e9 (max.)<\/dt>\n<dd class=\"value\">0,18 A<\/dd>\n<dt class=\"name\">Nombre d&rsquo;ailettes<\/dt>\n<dd class=\"value\">50<\/dd>\n<\/dl>\n","protected":false},"excerpt":{"rendered":"<p><strong>\ud83d\udc09 MSI : Le refroidissement liquide au service de la performance<\/strong><\/p>\n<p>MSI propose des solutions de refroidissement optimis\u00e9es pour ma\u00eetriser les temp\u00e9ratures des processeurs les plus exigeants, avec un design toujours affirm\u00e9 et une int\u00e9gration parfaite \u00e0 l&rsquo;\u00e9cosyst\u00e8me Mystic Light.<\/p>\n<ul>\n<li><strong>\ud83d\udca7 S\u00e9ries CoreLiquid (MAG, MPG, MEG) :<\/strong> Des watercooling AIO performants, allant du rapport qualit\u00e9\/prix imbattable de la s\u00e9rie MAG aux \u00e9crans LCD personnalisables de la s\u00e9rie MEG.<\/li>\n<li><strong>\ud83c\udf2c\ufe0f Aircooling :<\/strong> Des ventirads robustes au design gaming pour un refroidissement classique et efficace.<\/li>\n<\/ul>\n","protected":false},"featured_media":9892,"template":"","meta":{"ocean_post_layout":"","ocean_both_sidebars_style":"","ocean_both_sidebars_content_width":0,"ocean_both_sidebars_sidebars_width":0,"ocean_sidebar":"0","ocean_second_sidebar":"0","ocean_disable_margins":"enable","ocean_add_body_class":"","ocean_shortcode_before_top_bar":"","ocean_shortcode_after_top_bar":"","ocean_shortcode_before_header":"","ocean_shortcode_after_header":"","ocean_has_shortcode":"","ocean_shortcode_after_title":"","ocean_shortcode_before_footer_widgets":"","ocean_shortcode_after_footer_widgets":"","ocean_shortcode_before_footer_bottom":"","ocean_shortcode_after_footer_bottom":"","ocean_display_top_bar":"default","ocean_display_header":"default","ocean_header_style":"","ocean_center_header_left_menu":"0","ocean_custom_header_template":"0","ocean_custom_logo":0,"ocean_custom_retina_logo":0,"ocean_custom_logo_max_width":0,"ocean_custom_logo_tablet_max_width":0,"ocean_custom_logo_mobile_max_width":0,"ocean_custom_logo_max_height":0,"ocean_custom_logo_tablet_max_height":0,"ocean_custom_logo_mobile_max_height":0,"ocean_header_custom_menu":"0","ocean_menu_typo_font_family":"0","ocean_menu_typo_font_subset":"","ocean_menu_typo_font_size":0,"ocean_menu_typo_font_size_tablet":0,"ocean_menu_typo_font_size_mobile":0,"ocean_menu_typo_font_size_unit":"px","ocean_menu_typo_font_weight":"","ocean_menu_typo_font_weight_tablet":"","ocean_menu_typo_font_weight_mobile":"","ocean_menu_typo_transform":"","ocean_menu_typo_transform_tablet":"","ocean_menu_typo_transform_mobile":"","ocean_menu_typo_line_height":0,"ocean_menu_typo_line_height_tablet":0,"ocean_menu_typo_line_height_mobile":0,"ocean_menu_typo_line_height_unit":"","ocean_menu_typo_spacing":0,"ocean_menu_typo_spacing_tablet":0,"ocean_menu_typo_spacing_mobile":0,"ocean_menu_typo_spacing_unit":"","ocean_menu_link_color":"","ocean_menu_link_color_hover":"","ocean_menu_link_color_active":"","ocean_menu_link_background":"","ocean_menu_link_hover_background":"","ocean_menu_link_active_background":"","ocean_menu_social_links_bg":"","ocean_menu_social_hover_links_bg":"","ocean_menu_social_links_color":"","ocean_menu_social_hover_links_color":"","ocean_disable_title":"default","ocean_disable_heading":"default","ocean_post_title":"","ocean_post_subheading":"","ocean_post_title_style":"","ocean_post_title_background_color":"","ocean_post_title_background":0,"ocean_post_title_bg_image_position":"","ocean_post_title_bg_image_attachment":"","ocean_post_title_bg_image_repeat":"","ocean_post_title_bg_image_size":"","ocean_post_title_height":0,"ocean_post_title_bg_overlay":0.5,"ocean_post_title_bg_overlay_color":"","ocean_disable_breadcrumbs":"default","ocean_breadcrumbs_color":"","ocean_breadcrumbs_separator_color":"","ocean_breadcrumbs_links_color":"","ocean_breadcrumbs_links_hover_color":"","ocean_display_footer_widgets":"default","ocean_display_footer_bottom":"default","ocean_custom_footer_template":"0"},"product_brand":[25],"product_cat":[21],"product_tag":[],"class_list":{"0":"post-9893","1":"product","2":"type-product","3":"status-publish","4":"has-post-thumbnail","6":"product_brand-msi","7":"product_cat-aircooling","9":"entry","10":"has-media","12":"first","13":"instock","14":"taxable","15":"shipping-taxable","16":"purchasable","17":"product-type-simple","18":"has-product-nav","19":"col","20":"span_1_of_4","21":"owp-content-center","22":"owp-thumbs-layout-horizontal","23":"owp-btn-big","24":"owp-tabs-layout-horizontal","25":"has-no-thumbnails"},"yoast_head":"<!-- This site is optimized with the Yoast SEO plugin v27.3 - https:\/\/yoast.com\/product\/yoast-seo-wordpress\/ -->\n<title>MSI MAG COREFROZR AA13 WHITE - Epsilon PC<\/title>\n<meta name=\"robots\" content=\"index, follow, max-snippet:-1, max-image-preview:large, max-video-preview:-1\" \/>\n<link rel=\"canonical\" href=\"https:\/\/www.epsilon-pc.fr\/index.php\/produit\/msi-mag-corefrozr-aa13-white-systeme-de\/\" \/>\n<meta property=\"og:locale\" content=\"fr_FR\" \/>\n<meta property=\"og:type\" content=\"article\" \/>\n<meta property=\"og:title\" content=\"MSI MAG COREFROZR AA13 WHITE - Epsilon PC\" \/>\n<meta property=\"og:description\" content=\"\ud83d\udc09 MSI : Le refroidissement liquide au service de la performance  MSI propose des solutions de refroidissement optimis\u00e9es pour ma\u00eetriser les temp\u00e9ratures des processeurs les plus exigeants, avec un design toujours affirm\u00e9 et une int\u00e9gration parfaite \u00e0 l&#039;\u00e9cosyst\u00e8me Mystic Light.   \ud83d\udca7 S\u00e9ries CoreLiquid (MAG, MPG, MEG) : Des watercooling AIO performants, allant du rapport qualit\u00e9\/prix imbattable de la s\u00e9rie MAG aux \u00e9crans LCD personnalisables de la s\u00e9rie MEG.  \ud83c\udf2c\ufe0f Aircooling : Des ventirads robustes au design gaming pour un refroidissement classique et efficace.\" \/>\n<meta property=\"og:url\" content=\"https:\/\/www.epsilon-pc.fr\/index.php\/produit\/msi-mag-corefrozr-aa13-white-systeme-de\/\" \/>\n<meta property=\"og:site_name\" content=\"Epsilon PC\" \/>\n<meta property=\"article:modified_time\" content=\"2026-03-19T11:56:35+00:00\" \/>\n<meta property=\"og:image\" content=\"http:\/\/www.epsilon-pc.fr\/wp-content\/uploads\/2026\/03\/msi-mag-corefrozr-aa13-white.png\" \/>\n\t<meta property=\"og:image:width\" content=\"800\" \/>\n\t<meta property=\"og:image:height\" content=\"800\" \/>\n\t<meta property=\"og:image:type\" content=\"image\/png\" \/>\n<meta name=\"twitter:card\" content=\"summary_large_image\" \/>\n<meta name=\"twitter:label1\" content=\"Dur\u00e9e de lecture estim\u00e9e\" \/>\n\t<meta name=\"twitter:data1\" content=\"1 minute\" \/>\n<script type=\"application\/ld+json\" class=\"yoast-schema-graph\">{\"@context\":\"https:\\\/\\\/schema.org\",\"@graph\":[{\"@type\":\"WebPage\",\"@id\":\"https:\\\/\\\/www.epsilon-pc.fr\\\/index.php\\\/produit\\\/msi-mag-corefrozr-aa13-white-systeme-de\\\/\",\"url\":\"https:\\\/\\\/www.epsilon-pc.fr\\\/index.php\\\/produit\\\/msi-mag-corefrozr-aa13-white-systeme-de\\\/\",\"name\":\"MSI MAG COREFROZR AA13 WHITE - Epsilon PC\",\"isPartOf\":{\"@id\":\"https:\\\/\\\/www.epsilon-pc.fr\\\/#website\"},\"primaryImageOfPage\":{\"@id\":\"https:\\\/\\\/www.epsilon-pc.fr\\\/index.php\\\/produit\\\/msi-mag-corefrozr-aa13-white-systeme-de\\\/#primaryimage\"},\"image\":{\"@id\":\"https:\\\/\\\/www.epsilon-pc.fr\\\/index.php\\\/produit\\\/msi-mag-corefrozr-aa13-white-systeme-de\\\/#primaryimage\"},\"thumbnailUrl\":\"https:\\\/\\\/www.epsilon-pc.fr\\\/wp-content\\\/uploads\\\/2026\\\/03\\\/msi-mag-corefrozr-aa13-white.png\",\"datePublished\":\"2026-03-19T11:42:20+00:00\",\"dateModified\":\"2026-03-19T11:56:35+00:00\",\"breadcrumb\":{\"@id\":\"https:\\\/\\\/www.epsilon-pc.fr\\\/index.php\\\/produit\\\/msi-mag-corefrozr-aa13-white-systeme-de\\\/#breadcrumb\"},\"inLanguage\":\"fr-FR\",\"potentialAction\":[{\"@type\":\"ReadAction\",\"target\":[\"https:\\\/\\\/www.epsilon-pc.fr\\\/index.php\\\/produit\\\/msi-mag-corefrozr-aa13-white-systeme-de\\\/\"]}]},{\"@type\":\"ImageObject\",\"inLanguage\":\"fr-FR\",\"@id\":\"https:\\\/\\\/www.epsilon-pc.fr\\\/index.php\\\/produit\\\/msi-mag-corefrozr-aa13-white-systeme-de\\\/#primaryimage\",\"url\":\"https:\\\/\\\/www.epsilon-pc.fr\\\/wp-content\\\/uploads\\\/2026\\\/03\\\/msi-mag-corefrozr-aa13-white.png\",\"contentUrl\":\"https:\\\/\\\/www.epsilon-pc.fr\\\/wp-content\\\/uploads\\\/2026\\\/03\\\/msi-mag-corefrozr-aa13-white.png\",\"width\":800,\"height\":800},{\"@type\":\"BreadcrumbList\",\"@id\":\"https:\\\/\\\/www.epsilon-pc.fr\\\/index.php\\\/produit\\\/msi-mag-corefrozr-aa13-white-systeme-de\\\/#breadcrumb\",\"itemListElement\":[{\"@type\":\"ListItem\",\"position\":1,\"name\":\"Accueil\",\"item\":\"https:\\\/\\\/www.epsilon-pc.fr\\\/\"},{\"@type\":\"ListItem\",\"position\":2,\"name\":\"Boutique\",\"item\":\"https:\\\/\\\/www.epsilon-pc.fr\\\/index.php\\\/boutique\\\/\"},{\"@type\":\"ListItem\",\"position\":3,\"name\":\"MSI MAG COREFROZR AA13 WHITE\"}]},{\"@type\":\"WebSite\",\"@id\":\"https:\\\/\\\/www.epsilon-pc.fr\\\/#website\",\"url\":\"https:\\\/\\\/www.epsilon-pc.fr\\\/\",\"name\":\"Epsilon PC\",\"description\":\"\",\"publisher\":{\"@id\":\"https:\\\/\\\/www.epsilon-pc.fr\\\/#organization\"},\"potentialAction\":[{\"@type\":\"SearchAction\",\"target\":{\"@type\":\"EntryPoint\",\"urlTemplate\":\"https:\\\/\\\/www.epsilon-pc.fr\\\/?s={search_term_string}\"},\"query-input\":{\"@type\":\"PropertyValueSpecification\",\"valueRequired\":true,\"valueName\":\"search_term_string\"}}],\"inLanguage\":\"fr-FR\"},{\"@type\":\"Organization\",\"@id\":\"https:\\\/\\\/www.epsilon-pc.fr\\\/#organization\",\"name\":\"Epsilon PC\",\"url\":\"https:\\\/\\\/www.epsilon-pc.fr\\\/\",\"logo\":{\"@type\":\"ImageObject\",\"inLanguage\":\"fr-FR\",\"@id\":\"https:\\\/\\\/www.epsilon-pc.fr\\\/#\\\/schema\\\/logo\\\/image\\\/\",\"url\":\"https:\\\/\\\/www.epsilon-pc.fr\\\/wp-content\\\/uploads\\\/2026\\\/02\\\/cropped-LogoEpsi-1.bmp\",\"contentUrl\":\"https:\\\/\\\/www.epsilon-pc.fr\\\/wp-content\\\/uploads\\\/2026\\\/02\\\/cropped-LogoEpsi-1.bmp\",\"width\":191,\"height\":59,\"caption\":\"Epsilon PC\"},\"image\":{\"@id\":\"https:\\\/\\\/www.epsilon-pc.fr\\\/#\\\/schema\\\/logo\\\/image\\\/\"}}]}<\/script>\n<!-- \/ Yoast SEO plugin. -->","yoast_head_json":{"title":"MSI MAG COREFROZR AA13 WHITE - Epsilon PC","robots":{"index":"index","follow":"follow","max-snippet":"max-snippet:-1","max-image-preview":"max-image-preview:large","max-video-preview":"max-video-preview:-1"},"canonical":"https:\/\/www.epsilon-pc.fr\/index.php\/produit\/msi-mag-corefrozr-aa13-white-systeme-de\/","og_locale":"fr_FR","og_type":"article","og_title":"MSI MAG COREFROZR AA13 WHITE - Epsilon PC","og_description":"\ud83d\udc09 MSI : Le refroidissement liquide au service de la performance  MSI propose des solutions de refroidissement optimis\u00e9es pour ma\u00eetriser les temp\u00e9ratures des processeurs les plus exigeants, avec un design toujours affirm\u00e9 et une int\u00e9gration parfaite \u00e0 l'\u00e9cosyst\u00e8me Mystic Light.   \ud83d\udca7 S\u00e9ries CoreLiquid (MAG, MPG, MEG) : Des watercooling AIO performants, allant du rapport qualit\u00e9\/prix imbattable de la s\u00e9rie MAG aux \u00e9crans LCD personnalisables de la s\u00e9rie MEG.  \ud83c\udf2c\ufe0f Aircooling : Des ventirads robustes au design gaming pour un refroidissement classique et efficace.","og_url":"https:\/\/www.epsilon-pc.fr\/index.php\/produit\/msi-mag-corefrozr-aa13-white-systeme-de\/","og_site_name":"Epsilon PC","article_modified_time":"2026-03-19T11:56:35+00:00","og_image":[{"width":800,"height":800,"url":"http:\/\/www.epsilon-pc.fr\/wp-content\/uploads\/2026\/03\/msi-mag-corefrozr-aa13-white.png","type":"image\/png"}],"twitter_card":"summary_large_image","twitter_misc":{"Dur\u00e9e de lecture estim\u00e9e":"1 minute"},"schema":{"@context":"https:\/\/schema.org","@graph":[{"@type":"WebPage","@id":"https:\/\/www.epsilon-pc.fr\/index.php\/produit\/msi-mag-corefrozr-aa13-white-systeme-de\/","url":"https:\/\/www.epsilon-pc.fr\/index.php\/produit\/msi-mag-corefrozr-aa13-white-systeme-de\/","name":"MSI MAG COREFROZR AA13 WHITE - Epsilon PC","isPartOf":{"@id":"https:\/\/www.epsilon-pc.fr\/#website"},"primaryImageOfPage":{"@id":"https:\/\/www.epsilon-pc.fr\/index.php\/produit\/msi-mag-corefrozr-aa13-white-systeme-de\/#primaryimage"},"image":{"@id":"https:\/\/www.epsilon-pc.fr\/index.php\/produit\/msi-mag-corefrozr-aa13-white-systeme-de\/#primaryimage"},"thumbnailUrl":"https:\/\/www.epsilon-pc.fr\/wp-content\/uploads\/2026\/03\/msi-mag-corefrozr-aa13-white.png","datePublished":"2026-03-19T11:42:20+00:00","dateModified":"2026-03-19T11:56:35+00:00","breadcrumb":{"@id":"https:\/\/www.epsilon-pc.fr\/index.php\/produit\/msi-mag-corefrozr-aa13-white-systeme-de\/#breadcrumb"},"inLanguage":"fr-FR","potentialAction":[{"@type":"ReadAction","target":["https:\/\/www.epsilon-pc.fr\/index.php\/produit\/msi-mag-corefrozr-aa13-white-systeme-de\/"]}]},{"@type":"ImageObject","inLanguage":"fr-FR","@id":"https:\/\/www.epsilon-pc.fr\/index.php\/produit\/msi-mag-corefrozr-aa13-white-systeme-de\/#primaryimage","url":"https:\/\/www.epsilon-pc.fr\/wp-content\/uploads\/2026\/03\/msi-mag-corefrozr-aa13-white.png","contentUrl":"https:\/\/www.epsilon-pc.fr\/wp-content\/uploads\/2026\/03\/msi-mag-corefrozr-aa13-white.png","width":800,"height":800},{"@type":"BreadcrumbList","@id":"https:\/\/www.epsilon-pc.fr\/index.php\/produit\/msi-mag-corefrozr-aa13-white-systeme-de\/#breadcrumb","itemListElement":[{"@type":"ListItem","position":1,"name":"Accueil","item":"https:\/\/www.epsilon-pc.fr\/"},{"@type":"ListItem","position":2,"name":"Boutique","item":"https:\/\/www.epsilon-pc.fr\/index.php\/boutique\/"},{"@type":"ListItem","position":3,"name":"MSI MAG COREFROZR AA13 WHITE"}]},{"@type":"WebSite","@id":"https:\/\/www.epsilon-pc.fr\/#website","url":"https:\/\/www.epsilon-pc.fr\/","name":"Epsilon PC","description":"","publisher":{"@id":"https:\/\/www.epsilon-pc.fr\/#organization"},"potentialAction":[{"@type":"SearchAction","target":{"@type":"EntryPoint","urlTemplate":"https:\/\/www.epsilon-pc.fr\/?s={search_term_string}"},"query-input":{"@type":"PropertyValueSpecification","valueRequired":true,"valueName":"search_term_string"}}],"inLanguage":"fr-FR"},{"@type":"Organization","@id":"https:\/\/www.epsilon-pc.fr\/#organization","name":"Epsilon PC","url":"https:\/\/www.epsilon-pc.fr\/","logo":{"@type":"ImageObject","inLanguage":"fr-FR","@id":"https:\/\/www.epsilon-pc.fr\/#\/schema\/logo\/image\/","url":"https:\/\/www.epsilon-pc.fr\/wp-content\/uploads\/2026\/02\/cropped-LogoEpsi-1.bmp","contentUrl":"https:\/\/www.epsilon-pc.fr\/wp-content\/uploads\/2026\/02\/cropped-LogoEpsi-1.bmp","width":191,"height":59,"caption":"Epsilon PC"},"image":{"@id":"https:\/\/www.epsilon-pc.fr\/#\/schema\/logo\/image\/"}}]}},"_links":{"self":[{"href":"https:\/\/www.epsilon-pc.fr\/index.php\/wp-json\/wp\/v2\/product\/9893","targetHints":{"allow":["GET"]}}],"collection":[{"href":"https:\/\/www.epsilon-pc.fr\/index.php\/wp-json\/wp\/v2\/product"}],"about":[{"href":"https:\/\/www.epsilon-pc.fr\/index.php\/wp-json\/wp\/v2\/types\/product"}],"wp:featuredmedia":[{"embeddable":true,"href":"https:\/\/www.epsilon-pc.fr\/index.php\/wp-json\/wp\/v2\/media\/9892"}],"wp:attachment":[{"href":"https:\/\/www.epsilon-pc.fr\/index.php\/wp-json\/wp\/v2\/media?parent=9893"}],"wp:term":[{"taxonomy":"product_brand","embeddable":true,"href":"https:\/\/www.epsilon-pc.fr\/index.php\/wp-json\/wp\/v2\/product_brand?post=9893"},{"taxonomy":"product_cat","embeddable":true,"href":"https:\/\/www.epsilon-pc.fr\/index.php\/wp-json\/wp\/v2\/product_cat?post=9893"},{"taxonomy":"product_tag","embeddable":true,"href":"https:\/\/www.epsilon-pc.fr\/index.php\/wp-json\/wp\/v2\/product_tag?post=9893"}],"curies":[{"name":"wp","href":"https:\/\/api.w.org\/{rel}","templated":true}]}}