{"id":9710,"date":"2026-03-19T11:36:23","date_gmt":"2026-03-19T10:36:23","guid":{"rendered":"https:\/\/www.epsilon-pc.fr\/index.php\/produit\/fsp-fortron-alimentation-650w-80gold\/"},"modified":"2026-03-25T15:42:19","modified_gmt":"2026-03-25T14:42:19","slug":"fsp-fortron-alimentation-650w-80gold","status":"publish","type":"product","link":"https:\/\/www.epsilon-pc.fr\/index.php\/produit\/fsp-fortron-alimentation-650w-80gold\/","title":{"rendered":"FSP (FORTRON) 80+GOLD \/ 650 Watts"},"content":{"rendered":"<dl class=\"data-sheet\">\n<dt class=\"name\">Couleur du produit<\/dt>\n<dd class=\"value\">Noir<\/dd>\n<dt class=\"name\">Hauteur<\/dt>\n<dd class=\"value\">86 mm<\/dd>\n<dt class=\"name\">Largeur<\/dt>\n<dd class=\"value\">150 mm<\/dd>\n<dt class=\"name\">Profondeur<\/dt>\n<dd class=\"value\">140 mm<\/dd>\n<dt class=\"name\">Utilit\u00e9<\/dt>\n<dd class=\"value\">PC<\/dd>\n<dt class=\"name\">C\u00e2bles inclus<\/dt>\n<dd class=\"value\">UC, Peripheral (Molex), SATA<\/dd>\n<dt class=\"name\">Certification 80 PLUS<\/dt>\n<dd class=\"value\">80 PLUS Gold<\/dd>\n<dt class=\"name\">Connecteur CPU power (4+4 pin)<\/dt>\n<dd class=\"value\">Oui<\/dd>\n<dt class=\"name\">Connecteur Molex de p\u00e9riph\u00e9rique (4-broches)<\/dt>\n<dd class=\"value\">4<\/dd>\n<dt class=\"name\">Connecteur de la carte m\u00e8re<\/dt>\n<dd class=\"value\">20+4 pin ATX<\/dd>\n<dt class=\"name\">Courant de sortie max (+12V)<\/dt>\n<dd class=\"value\">54,17 A<\/dd>\n<dt class=\"name\">Courant de sortie max (+3.3V)<\/dt>\n<dd class=\"value\">20 A<\/dd>\n<dt class=\"name\">Courant de sortie max (+5V)<\/dt>\n<dd class=\"value\">20 A<\/dd>\n<dt class=\"name\">Courant de sortie max (+5Vsb)<\/dt>\n<dd class=\"value\">3 A<\/dd>\n<dt class=\"name\">Courant de sortie max (-12V)<\/dt>\n<dd class=\"value\">0,3 A<\/dd>\n<dt class=\"name\">Diam\u00e8tre du ventilateur<\/dt>\n<dd class=\"value\">12 cm<\/dd>\n<dt class=\"name\">Dispositifs de protection \u00e9lectrique<\/dt>\n<dd class=\"value\">Sur-courant, Sur-alimentation, Surtension, Surchauffe, Court-circuit, Sous-tension<\/dd>\n<dt class=\"name\">Efficacit\u00e9<\/dt>\n<dd class=\"value\">90%<\/dd>\n<dt class=\"name\">Facteur de forme de l&rsquo;unit\u00e9 d&rsquo;alimentation<\/dt>\n<dd class=\"value\">ATX<\/dd>\n<dt class=\"name\">Longueur de c\u00e2ble d&rsquo;alimentation de carte-m\u00e8re<\/dt>\n<dd class=\"value\">60 cm<\/dd>\n<dt class=\"name\">Longueur du c\u00e2ble d&rsquo;alimentation SATA<\/dt>\n<dd class=\"value\">500 mm<\/dd>\n<dt class=\"name\">Nombre de c\u00e2bles d&rsquo;alimentation SATA<\/dt>\n<dd class=\"value\">8<\/dd>\n<dt class=\"name\">Nombre de ventilateurs<\/dt>\n<dd class=\"value\">1 ventilateur(s)<\/dd>\n<dt class=\"name\">Puissance combin\u00e9e (+12 V)<\/dt>\n<dd class=\"value\">650 W<\/dd>\n<dt class=\"name\">Puissance combin\u00e9e (+3,3 V)<\/dt>\n<dd class=\"value\">100 W<\/dd>\n<dt class=\"name\">Puissance combin\u00e9e (+5V)<\/dt>\n<dd class=\"value\">100 W<\/dd>\n<dt class=\"name\">Puissance combin\u00e9e (+5Vsb)<\/dt>\n<dd class=\"value\">15 W<\/dd>\n<dt class=\"name\">Puissance combin\u00e9e (-12V)<\/dt>\n<dd class=\"value\">3,6 W<\/dd>\n<dt class=\"name\">Puissance totale<\/dt>\n<dd class=\"value\">650 W<\/dd>\n<dt class=\"name\">Tension d&rsquo;entr\u00e9e AC<\/dt>\n<dd class=\"value\">100 &#8211; 240 V<\/dd>\n<dt class=\"name\">Type de c\u00e2blage<\/dt>\n<dd class=\"value\">Enti\u00e8rement modulaire<\/dd>\n<dt class=\"name\">Type de refroidissement<\/dt>\n<dd class=\"value\">Actif<\/dd>\n<dt class=\"name\">Version ATX<\/dt>\n<dd class=\"value\">3.1<\/dd>\n<dt class=\"name\">longueur du c\u00e2ble de puissance CPU<\/dt>\n<dd class=\"value\">70 cm<\/dd>\n<dt class=\"name\">Courant d&rsquo;entr\u00e9e<\/dt>\n<dd class=\"value\">8-4 A<\/dd>\n<dt class=\"name\">Fr\u00e9quence d&rsquo;entr\u00e9e AC<\/dt>\n<dd class=\"value\">50\/60 Hz<\/dd>\n<dt class=\"name\">Connecteurs d&rsquo;alimentation PCI Express (6 +2 pin)<\/dt>\n<dd class=\"value\">4<\/dd>\n<dt class=\"name\">Type de Correcteur de Factueur de Puissance (CFP)<\/dt>\n<dd class=\"value\">Actif<\/dd>\n<dt class=\"name\">Emplacement du ventilateur<\/dt>\n<dd class=\"value\">Haut<\/dd>\n<dt class=\"name\">Technologie de roulement<\/dt>\n<dd class=\"value\">HYB<\/dd>\n<dt class=\"name\">Version EPS<\/dt>\n<dd class=\"value\">2.92<\/dd>\n<\/dl>\n","protected":false},"excerpt":{"rendered":"<p>Couleur du produit Noir Hauteur 86 mm Largeur 150 mm Profondeur 140 mm Utilit\u00e9 PC C\u00e2bles inclus UC, Peripheral (Molex), SATA Certification 80 PLUS 80 PLUS Gold Connecteur CPU power (4+4 pin) Oui Connecteur Molex de p\u00e9riph\u00e9rique (4-broches) 4 Connecteur de la carte m\u00e8re 20+4 pin ATX Courant de sortie max (+12V) 54,17 A Courant [&hellip;]<\/p>\n","protected":false},"featured_media":9709,"template":"","meta":{"ocean_post_layout":"","ocean_both_sidebars_style":"","ocean_both_sidebars_content_width":0,"ocean_both_sidebars_sidebars_width":0,"ocean_sidebar":"0","ocean_second_sidebar":"0","ocean_disable_margins":"enable","ocean_add_body_class":"","ocean_shortcode_before_top_bar":"","ocean_shortcode_after_top_bar":"","ocean_shortcode_before_header":"","ocean_shortcode_after_header":"","ocean_has_shortcode":"","ocean_shortcode_after_title":"","ocean_shortcode_before_footer_widgets":"","ocean_shortcode_after_footer_widgets":"","ocean_shortcode_before_footer_bottom":"","ocean_shortcode_after_footer_bottom":"","ocean_display_top_bar":"default","ocean_display_header":"default","ocean_header_style":"","ocean_center_header_left_menu":"0","ocean_custom_header_template":"0","ocean_custom_logo":0,"ocean_custom_retina_logo":0,"ocean_custom_logo_max_width":0,"ocean_custom_logo_tablet_max_width":0,"ocean_custom_logo_mobile_max_width":0,"ocean_custom_logo_max_height":0,"ocean_custom_logo_tablet_max_height":0,"ocean_custom_logo_mobile_max_height":0,"ocean_header_custom_menu":"0","ocean_menu_typo_font_family":"0","ocean_menu_typo_font_subset":"","ocean_menu_typo_font_size":0,"ocean_menu_typo_font_size_tablet":0,"ocean_menu_typo_font_size_mobile":0,"ocean_menu_typo_font_size_unit":"px","ocean_menu_typo_font_weight":"","ocean_menu_typo_font_weight_tablet":"","ocean_menu_typo_font_weight_mobile":"","ocean_menu_typo_transform":"","ocean_menu_typo_transform_tablet":"","ocean_menu_typo_transform_mobile":"","ocean_menu_typo_line_height":0,"ocean_menu_typo_line_height_tablet":0,"ocean_menu_typo_line_height_mobile":0,"ocean_menu_typo_line_height_unit":"","ocean_menu_typo_spacing":0,"ocean_menu_typo_spacing_tablet":0,"ocean_menu_typo_spacing_mobile":0,"ocean_menu_typo_spacing_unit":"","ocean_menu_link_color":"","ocean_menu_link_color_hover":"","ocean_menu_link_color_active":"","ocean_menu_link_background":"","ocean_menu_link_hover_background":"","ocean_menu_link_active_background":"","ocean_menu_social_links_bg":"","ocean_menu_social_hover_links_bg":"","ocean_menu_social_links_color":"","ocean_menu_social_hover_links_color":"","ocean_disable_title":"default","ocean_disable_heading":"default","ocean_post_title":"","ocean_post_subheading":"","ocean_post_title_style":"","ocean_post_title_background_color":"","ocean_post_title_background":0,"ocean_post_title_bg_image_position":"","ocean_post_title_bg_image_attachment":"","ocean_post_title_bg_image_repeat":"","ocean_post_title_bg_image_size":"","ocean_post_title_height":0,"ocean_post_title_bg_overlay":0.5,"ocean_post_title_bg_overlay_color":"","ocean_disable_breadcrumbs":"default","ocean_breadcrumbs_color":"","ocean_breadcrumbs_separator_color":"","ocean_breadcrumbs_links_color":"","ocean_breadcrumbs_links_hover_color":"","ocean_display_footer_widgets":"default","ocean_display_footer_bottom":"default","ocean_custom_footer_template":"0"},"product_brand":[24],"product_cat":[35],"product_tag":[],"class_list":{"0":"post-9710","1":"product","2":"type-product","3":"status-publish","4":"has-post-thumbnail","6":"product_brand-fsp","7":"product_cat-alimentation","9":"entry","10":"has-media","12":"first","13":"instock","14":"taxable","15":"shipping-taxable","16":"purchasable","17":"product-type-simple","18":"has-product-nav","19":"col","20":"span_1_of_4","21":"owp-content-center","22":"owp-thumbs-layout-horizontal","23":"owp-btn-big","24":"owp-tabs-layout-horizontal","25":"has-no-thumbnails"},"yoast_head":"<!-- This site is optimized with the Yoast SEO plugin v27.3 - https:\/\/yoast.com\/product\/yoast-seo-wordpress\/ -->\n<title>FSP (FORTRON) 80+GOLD \/ 650 Watts - Epsilon PC<\/title>\n<meta name=\"robots\" content=\"index, follow, max-snippet:-1, max-image-preview:large, max-video-preview:-1\" \/>\n<link rel=\"canonical\" href=\"https:\/\/www.epsilon-pc.fr\/index.php\/produit\/fsp-fortron-alimentation-650w-80gold\/\" \/>\n<meta property=\"og:locale\" content=\"fr_FR\" \/>\n<meta property=\"og:type\" content=\"article\" \/>\n<meta property=\"og:title\" content=\"FSP (FORTRON) 80+GOLD \/ 650 Watts - Epsilon PC\" \/>\n<meta property=\"og:description\" content=\"Couleur du produit Noir Hauteur 86 mm Largeur 150 mm Profondeur 140 mm Utilit\u00e9 PC C\u00e2bles inclus UC, Peripheral (Molex), SATA Certification 80 PLUS 80 PLUS Gold Connecteur CPU power (4+4 pin) Oui Connecteur Molex de p\u00e9riph\u00e9rique (4-broches) 4 Connecteur de la carte m\u00e8re 20+4 pin ATX Courant de sortie max (+12V) 54,17 A Courant [&hellip;]\" \/>\n<meta property=\"og:url\" content=\"https:\/\/www.epsilon-pc.fr\/index.php\/produit\/fsp-fortron-alimentation-650w-80gold\/\" \/>\n<meta property=\"og:site_name\" content=\"Epsilon PC\" \/>\n<meta property=\"article:modified_time\" content=\"2026-03-25T14:42:19+00:00\" \/>\n<meta property=\"og:image\" content=\"http:\/\/www.epsilon-pc.fr\/wp-content\/uploads\/2026\/03\/fsp-fortron-alimentation-650w-80gold-vita-650-gm.jpg\" \/>\n\t<meta property=\"og:image:width\" content=\"800\" \/>\n\t<meta property=\"og:image:height\" content=\"800\" \/>\n\t<meta property=\"og:image:type\" content=\"image\/jpeg\" \/>\n<meta name=\"twitter:card\" content=\"summary_large_image\" \/>\n<meta name=\"twitter:label1\" content=\"Dur\u00e9e de lecture estim\u00e9e\" \/>\n\t<meta name=\"twitter:data1\" content=\"1 minute\" \/>\n<script type=\"application\/ld+json\" class=\"yoast-schema-graph\">{\"@context\":\"https:\\\/\\\/schema.org\",\"@graph\":[{\"@type\":\"WebPage\",\"@id\":\"https:\\\/\\\/www.epsilon-pc.fr\\\/index.php\\\/produit\\\/fsp-fortron-alimentation-650w-80gold\\\/\",\"url\":\"https:\\\/\\\/www.epsilon-pc.fr\\\/index.php\\\/produit\\\/fsp-fortron-alimentation-650w-80gold\\\/\",\"name\":\"FSP (FORTRON) 80+GOLD \\\/ 650 Watts - Epsilon PC\",\"isPartOf\":{\"@id\":\"https:\\\/\\\/www.epsilon-pc.fr\\\/#website\"},\"primaryImageOfPage\":{\"@id\":\"https:\\\/\\\/www.epsilon-pc.fr\\\/index.php\\\/produit\\\/fsp-fortron-alimentation-650w-80gold\\\/#primaryimage\"},\"image\":{\"@id\":\"https:\\\/\\\/www.epsilon-pc.fr\\\/index.php\\\/produit\\\/fsp-fortron-alimentation-650w-80gold\\\/#primaryimage\"},\"thumbnailUrl\":\"https:\\\/\\\/www.epsilon-pc.fr\\\/wp-content\\\/uploads\\\/2026\\\/03\\\/fsp-fortron-alimentation-650w-80gold-vita-650-gm.jpg\",\"datePublished\":\"2026-03-19T10:36:23+00:00\",\"dateModified\":\"2026-03-25T14:42:19+00:00\",\"breadcrumb\":{\"@id\":\"https:\\\/\\\/www.epsilon-pc.fr\\\/index.php\\\/produit\\\/fsp-fortron-alimentation-650w-80gold\\\/#breadcrumb\"},\"inLanguage\":\"fr-FR\",\"potentialAction\":[{\"@type\":\"ReadAction\",\"target\":[\"https:\\\/\\\/www.epsilon-pc.fr\\\/index.php\\\/produit\\\/fsp-fortron-alimentation-650w-80gold\\\/\"]}]},{\"@type\":\"ImageObject\",\"inLanguage\":\"fr-FR\",\"@id\":\"https:\\\/\\\/www.epsilon-pc.fr\\\/index.php\\\/produit\\\/fsp-fortron-alimentation-650w-80gold\\\/#primaryimage\",\"url\":\"https:\\\/\\\/www.epsilon-pc.fr\\\/wp-content\\\/uploads\\\/2026\\\/03\\\/fsp-fortron-alimentation-650w-80gold-vita-650-gm.jpg\",\"contentUrl\":\"https:\\\/\\\/www.epsilon-pc.fr\\\/wp-content\\\/uploads\\\/2026\\\/03\\\/fsp-fortron-alimentation-650w-80gold-vita-650-gm.jpg\",\"width\":800,\"height\":800},{\"@type\":\"BreadcrumbList\",\"@id\":\"https:\\\/\\\/www.epsilon-pc.fr\\\/index.php\\\/produit\\\/fsp-fortron-alimentation-650w-80gold\\\/#breadcrumb\",\"itemListElement\":[{\"@type\":\"ListItem\",\"position\":1,\"name\":\"Accueil\",\"item\":\"https:\\\/\\\/www.epsilon-pc.fr\\\/\"},{\"@type\":\"ListItem\",\"position\":2,\"name\":\"Boutique\",\"item\":\"https:\\\/\\\/www.epsilon-pc.fr\\\/index.php\\\/boutique\\\/\"},{\"@type\":\"ListItem\",\"position\":3,\"name\":\"FSP (FORTRON) 80+GOLD \\\/ 650 Watts\"}]},{\"@type\":\"WebSite\",\"@id\":\"https:\\\/\\\/www.epsilon-pc.fr\\\/#website\",\"url\":\"https:\\\/\\\/www.epsilon-pc.fr\\\/\",\"name\":\"Epsilon PC\",\"description\":\"\",\"publisher\":{\"@id\":\"https:\\\/\\\/www.epsilon-pc.fr\\\/#organization\"},\"potentialAction\":[{\"@type\":\"SearchAction\",\"target\":{\"@type\":\"EntryPoint\",\"urlTemplate\":\"https:\\\/\\\/www.epsilon-pc.fr\\\/?s={search_term_string}\"},\"query-input\":{\"@type\":\"PropertyValueSpecification\",\"valueRequired\":true,\"valueName\":\"search_term_string\"}}],\"inLanguage\":\"fr-FR\"},{\"@type\":\"Organization\",\"@id\":\"https:\\\/\\\/www.epsilon-pc.fr\\\/#organization\",\"name\":\"Epsilon PC\",\"url\":\"https:\\\/\\\/www.epsilon-pc.fr\\\/\",\"logo\":{\"@type\":\"ImageObject\",\"inLanguage\":\"fr-FR\",\"@id\":\"https:\\\/\\\/www.epsilon-pc.fr\\\/#\\\/schema\\\/logo\\\/image\\\/\",\"url\":\"https:\\\/\\\/www.epsilon-pc.fr\\\/wp-content\\\/uploads\\\/2026\\\/02\\\/cropped-LogoEpsi-1.bmp\",\"contentUrl\":\"https:\\\/\\\/www.epsilon-pc.fr\\\/wp-content\\\/uploads\\\/2026\\\/02\\\/cropped-LogoEpsi-1.bmp\",\"width\":191,\"height\":59,\"caption\":\"Epsilon PC\"},\"image\":{\"@id\":\"https:\\\/\\\/www.epsilon-pc.fr\\\/#\\\/schema\\\/logo\\\/image\\\/\"}}]}<\/script>\n<!-- \/ Yoast SEO plugin. -->","yoast_head_json":{"title":"FSP (FORTRON) 80+GOLD \/ 650 Watts - Epsilon PC","robots":{"index":"index","follow":"follow","max-snippet":"max-snippet:-1","max-image-preview":"max-image-preview:large","max-video-preview":"max-video-preview:-1"},"canonical":"https:\/\/www.epsilon-pc.fr\/index.php\/produit\/fsp-fortron-alimentation-650w-80gold\/","og_locale":"fr_FR","og_type":"article","og_title":"FSP (FORTRON) 80+GOLD \/ 650 Watts - Epsilon PC","og_description":"Couleur du produit Noir Hauteur 86 mm Largeur 150 mm Profondeur 140 mm Utilit\u00e9 PC C\u00e2bles inclus UC, Peripheral (Molex), SATA Certification 80 PLUS 80 PLUS Gold Connecteur CPU power (4+4 pin) Oui Connecteur Molex de p\u00e9riph\u00e9rique (4-broches) 4 Connecteur de la carte m\u00e8re 20+4 pin ATX Courant de sortie max (+12V) 54,17 A Courant [&hellip;]","og_url":"https:\/\/www.epsilon-pc.fr\/index.php\/produit\/fsp-fortron-alimentation-650w-80gold\/","og_site_name":"Epsilon PC","article_modified_time":"2026-03-25T14:42:19+00:00","og_image":[{"width":800,"height":800,"url":"http:\/\/www.epsilon-pc.fr\/wp-content\/uploads\/2026\/03\/fsp-fortron-alimentation-650w-80gold-vita-650-gm.jpg","type":"image\/jpeg"}],"twitter_card":"summary_large_image","twitter_misc":{"Dur\u00e9e de lecture estim\u00e9e":"1 minute"},"schema":{"@context":"https:\/\/schema.org","@graph":[{"@type":"WebPage","@id":"https:\/\/www.epsilon-pc.fr\/index.php\/produit\/fsp-fortron-alimentation-650w-80gold\/","url":"https:\/\/www.epsilon-pc.fr\/index.php\/produit\/fsp-fortron-alimentation-650w-80gold\/","name":"FSP (FORTRON) 80+GOLD \/ 650 Watts - Epsilon PC","isPartOf":{"@id":"https:\/\/www.epsilon-pc.fr\/#website"},"primaryImageOfPage":{"@id":"https:\/\/www.epsilon-pc.fr\/index.php\/produit\/fsp-fortron-alimentation-650w-80gold\/#primaryimage"},"image":{"@id":"https:\/\/www.epsilon-pc.fr\/index.php\/produit\/fsp-fortron-alimentation-650w-80gold\/#primaryimage"},"thumbnailUrl":"https:\/\/www.epsilon-pc.fr\/wp-content\/uploads\/2026\/03\/fsp-fortron-alimentation-650w-80gold-vita-650-gm.jpg","datePublished":"2026-03-19T10:36:23+00:00","dateModified":"2026-03-25T14:42:19+00:00","breadcrumb":{"@id":"https:\/\/www.epsilon-pc.fr\/index.php\/produit\/fsp-fortron-alimentation-650w-80gold\/#breadcrumb"},"inLanguage":"fr-FR","potentialAction":[{"@type":"ReadAction","target":["https:\/\/www.epsilon-pc.fr\/index.php\/produit\/fsp-fortron-alimentation-650w-80gold\/"]}]},{"@type":"ImageObject","inLanguage":"fr-FR","@id":"https:\/\/www.epsilon-pc.fr\/index.php\/produit\/fsp-fortron-alimentation-650w-80gold\/#primaryimage","url":"https:\/\/www.epsilon-pc.fr\/wp-content\/uploads\/2026\/03\/fsp-fortron-alimentation-650w-80gold-vita-650-gm.jpg","contentUrl":"https:\/\/www.epsilon-pc.fr\/wp-content\/uploads\/2026\/03\/fsp-fortron-alimentation-650w-80gold-vita-650-gm.jpg","width":800,"height":800},{"@type":"BreadcrumbList","@id":"https:\/\/www.epsilon-pc.fr\/index.php\/produit\/fsp-fortron-alimentation-650w-80gold\/#breadcrumb","itemListElement":[{"@type":"ListItem","position":1,"name":"Accueil","item":"https:\/\/www.epsilon-pc.fr\/"},{"@type":"ListItem","position":2,"name":"Boutique","item":"https:\/\/www.epsilon-pc.fr\/index.php\/boutique\/"},{"@type":"ListItem","position":3,"name":"FSP (FORTRON) 80+GOLD \/ 650 Watts"}]},{"@type":"WebSite","@id":"https:\/\/www.epsilon-pc.fr\/#website","url":"https:\/\/www.epsilon-pc.fr\/","name":"Epsilon PC","description":"","publisher":{"@id":"https:\/\/www.epsilon-pc.fr\/#organization"},"potentialAction":[{"@type":"SearchAction","target":{"@type":"EntryPoint","urlTemplate":"https:\/\/www.epsilon-pc.fr\/?s={search_term_string}"},"query-input":{"@type":"PropertyValueSpecification","valueRequired":true,"valueName":"search_term_string"}}],"inLanguage":"fr-FR"},{"@type":"Organization","@id":"https:\/\/www.epsilon-pc.fr\/#organization","name":"Epsilon PC","url":"https:\/\/www.epsilon-pc.fr\/","logo":{"@type":"ImageObject","inLanguage":"fr-FR","@id":"https:\/\/www.epsilon-pc.fr\/#\/schema\/logo\/image\/","url":"https:\/\/www.epsilon-pc.fr\/wp-content\/uploads\/2026\/02\/cropped-LogoEpsi-1.bmp","contentUrl":"https:\/\/www.epsilon-pc.fr\/wp-content\/uploads\/2026\/02\/cropped-LogoEpsi-1.bmp","width":191,"height":59,"caption":"Epsilon PC"},"image":{"@id":"https:\/\/www.epsilon-pc.fr\/#\/schema\/logo\/image\/"}}]}},"_links":{"self":[{"href":"https:\/\/www.epsilon-pc.fr\/index.php\/wp-json\/wp\/v2\/product\/9710","targetHints":{"allow":["GET"]}}],"collection":[{"href":"https:\/\/www.epsilon-pc.fr\/index.php\/wp-json\/wp\/v2\/product"}],"about":[{"href":"https:\/\/www.epsilon-pc.fr\/index.php\/wp-json\/wp\/v2\/types\/product"}],"wp:featuredmedia":[{"embeddable":true,"href":"https:\/\/www.epsilon-pc.fr\/index.php\/wp-json\/wp\/v2\/media\/9709"}],"wp:attachment":[{"href":"https:\/\/www.epsilon-pc.fr\/index.php\/wp-json\/wp\/v2\/media?parent=9710"}],"wp:term":[{"taxonomy":"product_brand","embeddable":true,"href":"https:\/\/www.epsilon-pc.fr\/index.php\/wp-json\/wp\/v2\/product_brand?post=9710"},{"taxonomy":"product_cat","embeddable":true,"href":"https:\/\/www.epsilon-pc.fr\/index.php\/wp-json\/wp\/v2\/product_cat?post=9710"},{"taxonomy":"product_tag","embeddable":true,"href":"https:\/\/www.epsilon-pc.fr\/index.php\/wp-json\/wp\/v2\/product_tag?post=9710"}],"curies":[{"name":"wp","href":"https:\/\/api.w.org\/{rel}","templated":true}]}}