{"id":9592,"date":"2026-03-18T15:19:56","date_gmt":"2026-03-18T14:19:56","guid":{"rendered":"https:\/\/www.epsilon-pc.fr\/index.php\/produit\/gigabyte-h810m-h\/"},"modified":"2026-04-03T11:32:00","modified_gmt":"2026-04-03T09:32:00","slug":"gigabyte-h810m-h","status":"publish","type":"product","link":"https:\/\/www.epsilon-pc.fr\/index.php\/produit\/gigabyte-h810m-h\/","title":{"rendered":"GIGABYTE H810M H"},"content":{"rendered":"<dl class=\"data-sheet\">\n<dt class=\"name\">Couleur du produit<\/dt>\n<dd class=\"value\">Marron fonc\u00e9<\/dd>\n<dt class=\"name\">Hauteur<\/dt>\n<dd class=\"value\">35 mm<\/dd>\n<dt class=\"name\">Hauteur du colis<\/dt>\n<dd class=\"value\">54 mm<\/dd>\n<dt class=\"name\">Largeur<\/dt>\n<dd class=\"value\">244 mm<\/dd>\n<dt class=\"name\">Largeur du colis<\/dt>\n<dd class=\"value\">265 mm<\/dd>\n<dt class=\"name\">Piles fournies<\/dt>\n<dd class=\"value\">Oui<\/dd>\n<dt class=\"name\">Poids<\/dt>\n<dd class=\"value\">860 g<\/dd>\n<dt class=\"name\">Poids du paquet<\/dt>\n<dd class=\"value\">860 g<\/dd>\n<dt class=\"name\">Prise en charge du syst\u00e8me d&rsquo;exploitation Windows<\/dt>\n<dd class=\"value\">Windows 10 x64, Windows 11 x64<\/dd>\n<dt class=\"name\">Profondeur<\/dt>\n<dd class=\"value\">215 mm<\/dd>\n<dt class=\"name\">Profondeur du colis<\/dt>\n<dd class=\"value\">265 mm<\/dd>\n<dt class=\"name\">Technologie batterie<\/dt>\n<dd class=\"value\">Lithium-Manganese Dioxide (LiMnO2)<\/dd>\n<dt class=\"name\">Type de batterie<\/dt>\n<dd class=\"value\">CR2032<\/dd>\n<dt class=\"name\">Quantit\u00e9 de ports de type A USB 3.2 Gen 1 (3.1 Gen 1)<\/dt>\n<dd class=\"value\">1<\/dd>\n<dt class=\"name\">Ethernet\/LAN<\/dt>\n<dd class=\"value\">Oui<\/dd>\n<dt class=\"name\">Fabricant de processeur<\/dt>\n<dd class=\"value\">Intel<\/dd>\n<dt class=\"name\">Nombre de cellules de batterie<\/dt>\n<dd class=\"value\">1<\/dd>\n<dt class=\"name\">Nombre de port ethernet LAN (RJ-45)<\/dt>\n<dd class=\"value\">1<\/dd>\n<dt class=\"name\">Quantit\u00e9 de Ports USB 2.0<\/dt>\n<dd class=\"value\">5<\/dd>\n<dt class=\"name\">Quantit\u00e9 de ports HDMI<\/dt>\n<dd class=\"value\">1<\/dd>\n<dt class=\"name\">Sortie de casque<\/dt>\n<dd class=\"value\">1<\/dd>\n<dt class=\"name\">P\u00e9riode de garantie<\/dt>\n<dd class=\"value\">3 ann\u00e9e(s)<\/dd>\n<dt class=\"name\">Type de refroidissement<\/dt>\n<dd class=\"value\">Passif<\/dd>\n<dt class=\"name\">Canaux de m\u00e9moire<\/dt>\n<dd class=\"value\">Double canal<\/dd>\n<dt class=\"name\">Canaux de sortie audio<\/dt>\n<dd class=\"value\">7.1 canaux<\/dd>\n<dt class=\"name\">Capacit\u00e9 de m\u00e9moire du BIOS<\/dt>\n<dd class=\"value\">256 Mbit<\/dd>\n<dt class=\"name\">Carte m\u00e8re chipset<\/dt>\n<dd class=\"value\">Intel H810<\/dd>\n<dt class=\"name\">Connecteur ATX (24-pin)<\/dt>\n<dd class=\"value\">Oui<\/dd>\n<dt class=\"name\">Connecteur CPU FAN<\/dt>\n<dd class=\"value\">Oui<\/dd>\n<dt class=\"name\">Connecteur EPS power (8-pin)<\/dt>\n<dd class=\"value\">Oui<\/dd>\n<dt class=\"name\">Connecteur TPM<\/dt>\n<dd class=\"value\">Oui<\/dd>\n<dt class=\"name\">Connecteur au LED RGB<\/dt>\n<dd class=\"value\">Oui<\/dd>\n<dt class=\"name\">Connecteur audio panneau avant<\/dt>\n<dd class=\"value\">Oui<\/dd>\n<dt class=\"name\">Connecteur de panneau avant<\/dt>\n<dd class=\"value\">Oui<\/dd>\n<dt class=\"name\">Connecteur de sortie S\/PDIF<\/dt>\n<dd class=\"value\">Oui<\/dd>\n<dt class=\"name\">Connecteurs USB 2.0<\/dt>\n<dd class=\"value\">1<\/dd>\n<dt class=\"name\">El\u00e9ment de forme de carte m\u00e8re<\/dt>\n<dd class=\"value\">micro ATX<\/dd>\n<dt class=\"name\">Emplacements PCI Express x16 (G\u00e9n. 4.x)<\/dt>\n<dd class=\"value\">1<\/dd>\n<dt class=\"name\">Interfaces de lecteur de stockage prises en charge<\/dt>\n<dd class=\"value\">M.2, PCI Express 4.0, SATA III<\/dd>\n<dt class=\"name\">M\u00e9moire interne maximale<\/dt>\n<dd class=\"value\">128 Go<\/dd>\n<dt class=\"name\">M\u00e9moire sans tampon<\/dt>\n<dd class=\"value\">Oui<\/dd>\n<dt class=\"name\">Niveaux RAID<\/dt>\n<dd class=\"value\">0, 1, 5, 10<\/dd>\n<dt class=\"name\">Nombre d&#8217;emplacements M.2 (M)<\/dt>\n<dd class=\"value\">1<\/dd>\n<dt class=\"name\">Nombre de connecteur pour le ventilateur du bo\u00eetier<\/dt>\n<dd class=\"value\">2<\/dd>\n<dt class=\"name\">Nombre de connecteurs SATA III<\/dt>\n<dd class=\"value\">4<\/dd>\n<dt class=\"name\">Nombre de logements pour m\u00e9moire<\/dt>\n<dd class=\"value\">2<\/dd>\n<dt class=\"name\">Nombre de ports PS\/2<\/dt>\n<dd class=\"value\">1<\/dd>\n<dt class=\"name\">PCI Express x1 emplacement (Gen 3.x)<\/dt>\n<dd class=\"value\">1<\/dd>\n<dt class=\"name\">Prise en charge de la m\u00e9moire vitesse d&rsquo;horloge<\/dt>\n<dd class=\"value\">5600,6400 MHz<\/dd>\n<dt class=\"name\">Prise en charge des douilles du processeur<\/dt>\n<dd class=\"value\">LGA 1851<\/dd>\n<dt class=\"name\">Processeurs compatibles<\/dt>\n<dd class=\"value\">Intel Core Ultra (Series 2)<\/dd>\n<dt class=\"name\">R\u00e9solution maximale<\/dt>\n<dd class=\"value\">4096 x 2160 pixels<\/dd>\n<dt class=\"name\">Socket de processeur (r\u00e9ceptable de processeur)<\/dt>\n<dd class=\"value\">LGA 1851 (Socket V1)<\/dd>\n<dt class=\"name\">Support RAID<\/dt>\n<dd class=\"value\">Oui<\/dd>\n<dt class=\"name\">Technologie de Traitement en parall\u00e8le<\/dt>\n<dd class=\"value\">Non pris en charge<\/dd>\n<dt class=\"name\">Type d&rsquo;interface Ethernet<\/dt>\n<dd class=\"value\">Gigabit Ethernet<\/dd>\n<dt class=\"name\">Type de BIOS<\/dt>\n<dd class=\"value\">UEFI AMI<\/dd>\n<dt class=\"name\">Type de support (slot)<\/dt>\n<dd class=\"value\">DIMM<\/dd>\n<dt class=\"name\">Types de lecteurs de stockage pris en charge<\/dt>\n<dd class=\"value\">HDD &amp; SSD<\/dd>\n<dt class=\"name\">Types de m\u00e9moire pris en charge<\/dt>\n<dd class=\"value\">DDR5-SDRAM<\/dd>\n<dt class=\"name\">Version HDMI<\/dt>\n<dd class=\"value\">2.1<\/dd>\n<dt class=\"name\">Vitesse d&rsquo;horloge de la m\u00e9moire prise en charge (max)<\/dt>\n<dd class=\"value\">6400 MHz<\/dd>\n<dt class=\"name\">Wifi<\/dt>\n<dd class=\"value\">Non<\/dd>\n<dt class=\"name\">composant pour<\/dt>\n<dd class=\"value\">PC<\/dd>\n<dt class=\"name\">connecteurs USB 3.2 Gen 1 (3.1 Gen 1)<\/dt>\n<dd class=\"value\">2<\/dd>\n<dt class=\"name\">famille de composant de produits<\/dt>\n<dd class=\"value\">Intel<\/dd>\n<dt class=\"name\">HDCP<\/dt>\n<dd class=\"value\">Oui<\/dd>\n<dt class=\"name\">Nombre de ports VGA (D-Sub)<\/dt>\n<dd class=\"value\">1<\/dd>\n<dt class=\"name\">Cavalier CMOS d&rsquo;effacement<\/dt>\n<dd class=\"value\">Oui<\/dd>\n<dt class=\"name\">Entr\u00e9e jack microphone<\/dt>\n<dd class=\"value\">Oui<\/dd>\n<dt class=\"name\">Entr\u00e9e ligne<\/dt>\n<dd class=\"value\">Oui<\/dd>\n<dt class=\"name\">Logiciels fournis<\/dt>\n<dd class=\"value\">Norton\u00ae Internet Security (OEM version)<br \/>\nLAN bandwidth management software<\/dd>\n<dt class=\"name\">T\u00eates port s\u00e9rie<\/dt>\n<dd class=\"value\">1<\/dd>\n<dt class=\"name\">Version ACPI<\/dt>\n<dd class=\"value\">5.0<\/dd>\n<dt class=\"name\">Version DMI (Interface de gestion de bureau)<\/dt>\n<dd class=\"value\">2.7<\/dd>\n<dt class=\"name\">Version du BIOS de gestion du syst\u00e8me (SMBIOS)<\/dt>\n<dd class=\"value\">2.7<\/dd>\n<dt class=\"name\">Puce audio<\/dt>\n<dd class=\"value\">Realtek ALC897<\/dd>\n<dt class=\"name\">Type de source d&rsquo;alimentation<\/dt>\n<dd class=\"value\">ATX<\/dd>\n<dt class=\"name\">Vis incluses<\/dt>\n<dd class=\"value\">Oui<\/dd>\n<dt class=\"name\">Nombre d&rsquo;unit\u00e9s de stockage pris en charge<\/dt>\n<dd class=\"value\">5<\/dd>\n<dt class=\"name\">Nombre de disque dur support\u00e9<\/dt>\n<dd class=\"value\">4<\/dd>\n<dt class=\"name\">Contr\u00f4leur de r\u00e9seau local (LAN)<\/dt>\n<dd class=\"value\">Realtek RTL8111H<\/dd>\n<dt class=\"name\">Surveillance du bon fonctionnement PC<\/dt>\n<dd class=\"value\">Ventilateur, Temperature, Tension, Water cooling<\/dd>\n<dt class=\"name\">Version DirectX<\/dt>\n<dd class=\"value\">12.0<\/dd>\n<dt class=\"name\">Produit par casier d\u2019exp\u00e9dition (interne)<\/dt>\n<dd class=\"value\">1 pi\u00e8ce(s)<\/dd>\n<dt class=\"name\">Poids de la batterie<\/dt>\n<dd class=\"value\">3 g<\/dd>\n<dt class=\"name\">Poids de lithium par batterie<\/dt>\n<dd class=\"value\">0,07 g<\/dd>\n<dt class=\"name\">\u0421ompatibilit\u00e9 ECC<\/dt>\n<dd class=\"value\">ECC &amp; Non-ECC<\/dd>\n<dt class=\"name\">M\u00e9moire interne maximale par emplacement<\/dt>\n<dd class=\"value\">64 Go<\/dd>\n<dt class=\"name\">Nombre de connecteurs pour le ventilateur de l&rsquo;unit\u00e9 centrale<\/dt>\n<dd class=\"value\">1<\/dd>\n<dt class=\"name\">Nombre de connecteurs d&rsquo;alimentation EPS (8 broches)<\/dt>\n<dd class=\"value\">1<\/dd>\n<dt class=\"name\">Nombre de broches de DEL RVB<\/dt>\n<dd class=\"value\">2<\/dd>\n<dt class=\"name\">1\u00e8re plus grande taille de cl\u00e9 M.2<\/dt>\n<dd class=\"value\">2280<\/dd>\n<dt class=\"name\">1\u00e8re g\u00e9n\u00e9ration de M.2 PCI Express<\/dt>\n<dd class=\"value\">4.0<\/dd>\n<\/dl>\n","protected":false},"excerpt":{"rendered":"<p><strong>\ud83e\udd85 Gigabyte : Performance, connectivit\u00e9 et robustesse<\/strong><\/p>\n<p>Avec une conception thermique avanc\u00e9e et des composants Ultra Durable, les cartes m\u00e8res Gigabyte sont taill\u00e9es pour supporter les charges les plus lourdes sans broncher.<\/p>\n<ul>\n<li><strong>\ud83d\udc51 AORUS :<\/strong> La branche premium d\u00e9di\u00e9e aux passionn\u00e9s, offrant des designs spectaculaires, du Wi-Fi de pointe et un son haute-fid\u00e9lit\u00e9.<\/li>\n<li><strong>\ud83c\udfa8 AERO :<\/strong> Con\u00e7ues sp\u00e9cifiquement pour les cr\u00e9ateurs de contenu avec une esth\u00e9tique blanche \u00e9pur\u00e9e et des ports ultra-rapides.<\/li>\n<li><strong>\ud83d\udee1\ufe0f Ultra Durable (UD) :<\/strong> L&rsquo;essentiel de la technologie Gigabyte pour une configuration stable et p\u00e9renne.<\/li>\n<\/ul>\n","protected":false},"featured_media":9591,"template":"","meta":{"ocean_post_layout":"","ocean_both_sidebars_style":"","ocean_both_sidebars_content_width":0,"ocean_both_sidebars_sidebars_width":0,"ocean_sidebar":"0","ocean_second_sidebar":"0","ocean_disable_margins":"enable","ocean_add_body_class":"","ocean_shortcode_before_top_bar":"","ocean_shortcode_after_top_bar":"","ocean_shortcode_before_header":"","ocean_shortcode_after_header":"","ocean_has_shortcode":"","ocean_shortcode_after_title":"","ocean_shortcode_before_footer_widgets":"","ocean_shortcode_after_footer_widgets":"","ocean_shortcode_before_footer_bottom":"","ocean_shortcode_after_footer_bottom":"","ocean_display_top_bar":"default","ocean_display_header":"default","ocean_header_style":"","ocean_center_header_left_menu":"0","ocean_custom_header_template":"0","ocean_custom_logo":0,"ocean_custom_retina_logo":0,"ocean_custom_logo_max_width":0,"ocean_custom_logo_tablet_max_width":0,"ocean_custom_logo_mobile_max_width":0,"ocean_custom_logo_max_height":0,"ocean_custom_logo_tablet_max_height":0,"ocean_custom_logo_mobile_max_height":0,"ocean_header_custom_menu":"0","ocean_menu_typo_font_family":"0","ocean_menu_typo_font_subset":"","ocean_menu_typo_font_size":0,"ocean_menu_typo_font_size_tablet":0,"ocean_menu_typo_font_size_mobile":0,"ocean_menu_typo_font_size_unit":"px","ocean_menu_typo_font_weight":"","ocean_menu_typo_font_weight_tablet":"","ocean_menu_typo_font_weight_mobile":"","ocean_menu_typo_transform":"","ocean_menu_typo_transform_tablet":"","ocean_menu_typo_transform_mobile":"","ocean_menu_typo_line_height":0,"ocean_menu_typo_line_height_tablet":0,"ocean_menu_typo_line_height_mobile":0,"ocean_menu_typo_line_height_unit":"","ocean_menu_typo_spacing":0,"ocean_menu_typo_spacing_tablet":0,"ocean_menu_typo_spacing_mobile":0,"ocean_menu_typo_spacing_unit":"","ocean_menu_link_color":"","ocean_menu_link_color_hover":"","ocean_menu_link_color_active":"","ocean_menu_link_background":"","ocean_menu_link_hover_background":"","ocean_menu_link_active_background":"","ocean_menu_social_links_bg":"","ocean_menu_social_hover_links_bg":"","ocean_menu_social_links_color":"","ocean_menu_social_hover_links_color":"","ocean_disable_title":"default","ocean_disable_heading":"default","ocean_post_title":"","ocean_post_subheading":"","ocean_post_title_style":"","ocean_post_title_background_color":"","ocean_post_title_background":0,"ocean_post_title_bg_image_position":"","ocean_post_title_bg_image_attachment":"","ocean_post_title_bg_image_repeat":"","ocean_post_title_bg_image_size":"","ocean_post_title_height":0,"ocean_post_title_bg_overlay":0.5,"ocean_post_title_bg_overlay_color":"","ocean_disable_breadcrumbs":"default","ocean_breadcrumbs_color":"","ocean_breadcrumbs_separator_color":"","ocean_breadcrumbs_links_color":"","ocean_breadcrumbs_links_hover_color":"","ocean_display_footer_widgets":"default","ocean_display_footer_bottom":"default","ocean_custom_footer_template":"0"},"product_brand":[28],"product_cat":[92],"product_tag":[],"class_list":{"0":"post-9592","1":"product","2":"type-product","3":"status-publish","4":"has-post-thumbnail","6":"product_brand-gigabyte","7":"product_cat-carte-mere-intel","9":"entry","10":"has-media","12":"first","13":"instock","14":"taxable","15":"shipping-taxable","16":"purchasable","17":"product-type-simple","18":"has-product-nav","19":"col","20":"span_1_of_4","21":"owp-content-center","22":"owp-thumbs-layout-horizontal","23":"owp-btn-big","24":"owp-tabs-layout-horizontal","25":"has-no-thumbnails"},"yoast_head":"<!-- This site is optimized with the Yoast SEO plugin v27.3 - https:\/\/yoast.com\/product\/yoast-seo-wordpress\/ -->\n<title>GIGABYTE H810M H - Epsilon PC<\/title>\n<meta name=\"robots\" content=\"index, follow, max-snippet:-1, max-image-preview:large, max-video-preview:-1\" \/>\n<link rel=\"canonical\" href=\"https:\/\/www.epsilon-pc.fr\/index.php\/produit\/gigabyte-h810m-h\/\" \/>\n<meta property=\"og:locale\" content=\"fr_FR\" \/>\n<meta property=\"og:type\" content=\"article\" \/>\n<meta property=\"og:title\" content=\"GIGABYTE H810M H - Epsilon PC\" \/>\n<meta property=\"og:description\" content=\"\ud83e\udd85 Gigabyte : Performance, connectivit\u00e9 et robustesse  Avec une conception thermique avanc\u00e9e et des composants Ultra Durable, les cartes m\u00e8res Gigabyte sont taill\u00e9es pour supporter les charges les plus lourdes sans broncher.   \ud83d\udc51 AORUS : La branche premium d\u00e9di\u00e9e aux passionn\u00e9s, offrant des designs spectaculaires, du Wi-Fi de pointe et un son haute-fid\u00e9lit\u00e9.  \ud83c\udfa8 AERO : Con\u00e7ues sp\u00e9cifiquement pour les cr\u00e9ateurs de contenu avec une esth\u00e9tique blanche \u00e9pur\u00e9e et des ports ultra-rapides.  \ud83d\udee1\ufe0f Ultra Durable (UD) : L&#039;essentiel de la technologie Gigabyte pour une configuration stable et p\u00e9renne.\" \/>\n<meta property=\"og:url\" content=\"https:\/\/www.epsilon-pc.fr\/index.php\/produit\/gigabyte-h810m-h\/\" \/>\n<meta property=\"og:site_name\" content=\"Epsilon PC\" \/>\n<meta property=\"article:modified_time\" content=\"2026-04-03T09:32:00+00:00\" \/>\n<meta property=\"og:image\" content=\"http:\/\/www.epsilon-pc.fr\/wp-content\/uploads\/2026\/03\/gigabyte-h810m-h.jpg\" \/>\n\t<meta property=\"og:image:width\" content=\"800\" \/>\n\t<meta property=\"og:image:height\" content=\"800\" \/>\n\t<meta property=\"og:image:type\" content=\"image\/jpeg\" \/>\n<meta name=\"twitter:card\" content=\"summary_large_image\" \/>\n<meta name=\"twitter:label1\" content=\"Dur\u00e9e de lecture estim\u00e9e\" \/>\n\t<meta name=\"twitter:data1\" content=\"1 minute\" \/>\n<script type=\"application\/ld+json\" class=\"yoast-schema-graph\">{\"@context\":\"https:\\\/\\\/schema.org\",\"@graph\":[{\"@type\":\"WebPage\",\"@id\":\"https:\\\/\\\/www.epsilon-pc.fr\\\/index.php\\\/produit\\\/gigabyte-h810m-h\\\/\",\"url\":\"https:\\\/\\\/www.epsilon-pc.fr\\\/index.php\\\/produit\\\/gigabyte-h810m-h\\\/\",\"name\":\"GIGABYTE H810M H - Epsilon PC\",\"isPartOf\":{\"@id\":\"https:\\\/\\\/www.epsilon-pc.fr\\\/#website\"},\"primaryImageOfPage\":{\"@id\":\"https:\\\/\\\/www.epsilon-pc.fr\\\/index.php\\\/produit\\\/gigabyte-h810m-h\\\/#primaryimage\"},\"image\":{\"@id\":\"https:\\\/\\\/www.epsilon-pc.fr\\\/index.php\\\/produit\\\/gigabyte-h810m-h\\\/#primaryimage\"},\"thumbnailUrl\":\"https:\\\/\\\/www.epsilon-pc.fr\\\/wp-content\\\/uploads\\\/2026\\\/03\\\/gigabyte-h810m-h.jpg\",\"datePublished\":\"2026-03-18T14:19:56+00:00\",\"dateModified\":\"2026-04-03T09:32:00+00:00\",\"breadcrumb\":{\"@id\":\"https:\\\/\\\/www.epsilon-pc.fr\\\/index.php\\\/produit\\\/gigabyte-h810m-h\\\/#breadcrumb\"},\"inLanguage\":\"fr-FR\",\"potentialAction\":[{\"@type\":\"ReadAction\",\"target\":[\"https:\\\/\\\/www.epsilon-pc.fr\\\/index.php\\\/produit\\\/gigabyte-h810m-h\\\/\"]}]},{\"@type\":\"ImageObject\",\"inLanguage\":\"fr-FR\",\"@id\":\"https:\\\/\\\/www.epsilon-pc.fr\\\/index.php\\\/produit\\\/gigabyte-h810m-h\\\/#primaryimage\",\"url\":\"https:\\\/\\\/www.epsilon-pc.fr\\\/wp-content\\\/uploads\\\/2026\\\/03\\\/gigabyte-h810m-h.jpg\",\"contentUrl\":\"https:\\\/\\\/www.epsilon-pc.fr\\\/wp-content\\\/uploads\\\/2026\\\/03\\\/gigabyte-h810m-h.jpg\",\"width\":800,\"height\":800},{\"@type\":\"BreadcrumbList\",\"@id\":\"https:\\\/\\\/www.epsilon-pc.fr\\\/index.php\\\/produit\\\/gigabyte-h810m-h\\\/#breadcrumb\",\"itemListElement\":[{\"@type\":\"ListItem\",\"position\":1,\"name\":\"Accueil\",\"item\":\"https:\\\/\\\/www.epsilon-pc.fr\\\/\"},{\"@type\":\"ListItem\",\"position\":2,\"name\":\"Boutique\",\"item\":\"https:\\\/\\\/www.epsilon-pc.fr\\\/index.php\\\/boutique\\\/\"},{\"@type\":\"ListItem\",\"position\":3,\"name\":\"GIGABYTE H810M H\"}]},{\"@type\":\"WebSite\",\"@id\":\"https:\\\/\\\/www.epsilon-pc.fr\\\/#website\",\"url\":\"https:\\\/\\\/www.epsilon-pc.fr\\\/\",\"name\":\"Epsilon PC\",\"description\":\"\",\"publisher\":{\"@id\":\"https:\\\/\\\/www.epsilon-pc.fr\\\/#organization\"},\"potentialAction\":[{\"@type\":\"SearchAction\",\"target\":{\"@type\":\"EntryPoint\",\"urlTemplate\":\"https:\\\/\\\/www.epsilon-pc.fr\\\/?s={search_term_string}\"},\"query-input\":{\"@type\":\"PropertyValueSpecification\",\"valueRequired\":true,\"valueName\":\"search_term_string\"}}],\"inLanguage\":\"fr-FR\"},{\"@type\":\"Organization\",\"@id\":\"https:\\\/\\\/www.epsilon-pc.fr\\\/#organization\",\"name\":\"Epsilon PC\",\"url\":\"https:\\\/\\\/www.epsilon-pc.fr\\\/\",\"logo\":{\"@type\":\"ImageObject\",\"inLanguage\":\"fr-FR\",\"@id\":\"https:\\\/\\\/www.epsilon-pc.fr\\\/#\\\/schema\\\/logo\\\/image\\\/\",\"url\":\"https:\\\/\\\/www.epsilon-pc.fr\\\/wp-content\\\/uploads\\\/2026\\\/02\\\/cropped-LogoEpsi-1.bmp\",\"contentUrl\":\"https:\\\/\\\/www.epsilon-pc.fr\\\/wp-content\\\/uploads\\\/2026\\\/02\\\/cropped-LogoEpsi-1.bmp\",\"width\":191,\"height\":59,\"caption\":\"Epsilon PC\"},\"image\":{\"@id\":\"https:\\\/\\\/www.epsilon-pc.fr\\\/#\\\/schema\\\/logo\\\/image\\\/\"}}]}<\/script>\n<!-- \/ Yoast SEO plugin. -->","yoast_head_json":{"title":"GIGABYTE H810M H - Epsilon PC","robots":{"index":"index","follow":"follow","max-snippet":"max-snippet:-1","max-image-preview":"max-image-preview:large","max-video-preview":"max-video-preview:-1"},"canonical":"https:\/\/www.epsilon-pc.fr\/index.php\/produit\/gigabyte-h810m-h\/","og_locale":"fr_FR","og_type":"article","og_title":"GIGABYTE H810M H - Epsilon PC","og_description":"\ud83e\udd85 Gigabyte : Performance, connectivit\u00e9 et robustesse  Avec une conception thermique avanc\u00e9e et des composants Ultra Durable, les cartes m\u00e8res Gigabyte sont taill\u00e9es pour supporter les charges les plus lourdes sans broncher.   \ud83d\udc51 AORUS : La branche premium d\u00e9di\u00e9e aux passionn\u00e9s, offrant des designs spectaculaires, du Wi-Fi de pointe et un son haute-fid\u00e9lit\u00e9.  \ud83c\udfa8 AERO : Con\u00e7ues sp\u00e9cifiquement pour les cr\u00e9ateurs de contenu avec une esth\u00e9tique blanche \u00e9pur\u00e9e et des ports ultra-rapides.  \ud83d\udee1\ufe0f Ultra Durable (UD) : L'essentiel de la technologie Gigabyte pour une configuration stable et p\u00e9renne.","og_url":"https:\/\/www.epsilon-pc.fr\/index.php\/produit\/gigabyte-h810m-h\/","og_site_name":"Epsilon PC","article_modified_time":"2026-04-03T09:32:00+00:00","og_image":[{"width":800,"height":800,"url":"http:\/\/www.epsilon-pc.fr\/wp-content\/uploads\/2026\/03\/gigabyte-h810m-h.jpg","type":"image\/jpeg"}],"twitter_card":"summary_large_image","twitter_misc":{"Dur\u00e9e de lecture estim\u00e9e":"1 minute"},"schema":{"@context":"https:\/\/schema.org","@graph":[{"@type":"WebPage","@id":"https:\/\/www.epsilon-pc.fr\/index.php\/produit\/gigabyte-h810m-h\/","url":"https:\/\/www.epsilon-pc.fr\/index.php\/produit\/gigabyte-h810m-h\/","name":"GIGABYTE H810M H - Epsilon PC","isPartOf":{"@id":"https:\/\/www.epsilon-pc.fr\/#website"},"primaryImageOfPage":{"@id":"https:\/\/www.epsilon-pc.fr\/index.php\/produit\/gigabyte-h810m-h\/#primaryimage"},"image":{"@id":"https:\/\/www.epsilon-pc.fr\/index.php\/produit\/gigabyte-h810m-h\/#primaryimage"},"thumbnailUrl":"https:\/\/www.epsilon-pc.fr\/wp-content\/uploads\/2026\/03\/gigabyte-h810m-h.jpg","datePublished":"2026-03-18T14:19:56+00:00","dateModified":"2026-04-03T09:32:00+00:00","breadcrumb":{"@id":"https:\/\/www.epsilon-pc.fr\/index.php\/produit\/gigabyte-h810m-h\/#breadcrumb"},"inLanguage":"fr-FR","potentialAction":[{"@type":"ReadAction","target":["https:\/\/www.epsilon-pc.fr\/index.php\/produit\/gigabyte-h810m-h\/"]}]},{"@type":"ImageObject","inLanguage":"fr-FR","@id":"https:\/\/www.epsilon-pc.fr\/index.php\/produit\/gigabyte-h810m-h\/#primaryimage","url":"https:\/\/www.epsilon-pc.fr\/wp-content\/uploads\/2026\/03\/gigabyte-h810m-h.jpg","contentUrl":"https:\/\/www.epsilon-pc.fr\/wp-content\/uploads\/2026\/03\/gigabyte-h810m-h.jpg","width":800,"height":800},{"@type":"BreadcrumbList","@id":"https:\/\/www.epsilon-pc.fr\/index.php\/produit\/gigabyte-h810m-h\/#breadcrumb","itemListElement":[{"@type":"ListItem","position":1,"name":"Accueil","item":"https:\/\/www.epsilon-pc.fr\/"},{"@type":"ListItem","position":2,"name":"Boutique","item":"https:\/\/www.epsilon-pc.fr\/index.php\/boutique\/"},{"@type":"ListItem","position":3,"name":"GIGABYTE H810M H"}]},{"@type":"WebSite","@id":"https:\/\/www.epsilon-pc.fr\/#website","url":"https:\/\/www.epsilon-pc.fr\/","name":"Epsilon PC","description":"","publisher":{"@id":"https:\/\/www.epsilon-pc.fr\/#organization"},"potentialAction":[{"@type":"SearchAction","target":{"@type":"EntryPoint","urlTemplate":"https:\/\/www.epsilon-pc.fr\/?s={search_term_string}"},"query-input":{"@type":"PropertyValueSpecification","valueRequired":true,"valueName":"search_term_string"}}],"inLanguage":"fr-FR"},{"@type":"Organization","@id":"https:\/\/www.epsilon-pc.fr\/#organization","name":"Epsilon PC","url":"https:\/\/www.epsilon-pc.fr\/","logo":{"@type":"ImageObject","inLanguage":"fr-FR","@id":"https:\/\/www.epsilon-pc.fr\/#\/schema\/logo\/image\/","url":"https:\/\/www.epsilon-pc.fr\/wp-content\/uploads\/2026\/02\/cropped-LogoEpsi-1.bmp","contentUrl":"https:\/\/www.epsilon-pc.fr\/wp-content\/uploads\/2026\/02\/cropped-LogoEpsi-1.bmp","width":191,"height":59,"caption":"Epsilon PC"},"image":{"@id":"https:\/\/www.epsilon-pc.fr\/#\/schema\/logo\/image\/"}}]}},"_links":{"self":[{"href":"https:\/\/www.epsilon-pc.fr\/index.php\/wp-json\/wp\/v2\/product\/9592","targetHints":{"allow":["GET"]}}],"collection":[{"href":"https:\/\/www.epsilon-pc.fr\/index.php\/wp-json\/wp\/v2\/product"}],"about":[{"href":"https:\/\/www.epsilon-pc.fr\/index.php\/wp-json\/wp\/v2\/types\/product"}],"wp:featuredmedia":[{"embeddable":true,"href":"https:\/\/www.epsilon-pc.fr\/index.php\/wp-json\/wp\/v2\/media\/9591"}],"wp:attachment":[{"href":"https:\/\/www.epsilon-pc.fr\/index.php\/wp-json\/wp\/v2\/media?parent=9592"}],"wp:term":[{"taxonomy":"product_brand","embeddable":true,"href":"https:\/\/www.epsilon-pc.fr\/index.php\/wp-json\/wp\/v2\/product_brand?post=9592"},{"taxonomy":"product_cat","embeddable":true,"href":"https:\/\/www.epsilon-pc.fr\/index.php\/wp-json\/wp\/v2\/product_cat?post=9592"},{"taxonomy":"product_tag","embeddable":true,"href":"https:\/\/www.epsilon-pc.fr\/index.php\/wp-json\/wp\/v2\/product_tag?post=9592"}],"curies":[{"name":"wp","href":"https:\/\/api.w.org\/{rel}","templated":true}]}}