{"id":9474,"date":"2026-03-18T11:06:57","date_gmt":"2026-03-18T10:06:57","guid":{"rendered":"https:\/\/www.epsilon-pc.fr\/index.php\/produit\/asus-prime-ap201-black-tg\/"},"modified":"2026-04-10T09:44:18","modified_gmt":"2026-04-10T07:44:18","slug":"asus-prime-ap201-black-tg","status":"publish","type":"product","link":"https:\/\/www.epsilon-pc.fr\/index.php\/produit\/asus-prime-ap201-black-tg\/","title":{"rendered":"ASUS PRIME AP201 BLACK TG"},"content":{"rendered":"<dl class=\"data-sheet\">\n<dt class=\"name\">Couleur du produit<\/dt>\n<dd class=\"value\">Noir<\/dd>\n<dt class=\"name\">Format<\/dt>\n<dd class=\"value\">Mini Tower<\/dd>\n<dt class=\"name\">Hauteur<\/dt>\n<dd class=\"value\">460 mm<\/dd>\n<dt class=\"name\">Largeur<\/dt>\n<dd class=\"value\">205 mm<\/dd>\n<dt class=\"name\">Poids<\/dt>\n<dd class=\"value\">5,8 kg<\/dd>\n<dt class=\"name\">Profondeur<\/dt>\n<dd class=\"value\">350 mm<\/dd>\n<dt class=\"name\">Entr\u00e9e audio<\/dt>\n<dd class=\"value\">Oui<\/dd>\n<dt class=\"name\">Facteur de forme de carte m\u00e8re support\u00e9<\/dt>\n<dd class=\"value\">micro ATX, Mini-ITX<\/dd>\n<dt class=\"name\">Filtre anti-poussi\u00e8re<\/dt>\n<dd class=\"value\">Oui<\/dd>\n<dt class=\"name\">Gestion optimis\u00e9e des c\u00e2bles<\/dt>\n<dd class=\"value\">Oui<\/dd>\n<dt class=\"name\">Hauteur maximale refroidisseur de CPU<\/dt>\n<dd class=\"value\">17 cm<\/dd>\n<dt class=\"name\">Longueur maximale carte graphique<\/dt>\n<dd class=\"value\">33,8 cm<\/dd>\n<dt class=\"name\">Longueur maximale du c\u00e2ble d&rsquo;alimentation<\/dt>\n<dd class=\"value\">18 cm<\/dd>\n<dt class=\"name\">Nombre de slots d&rsquo;extension<\/dt>\n<dd class=\"value\">4<\/dd>\n<dt class=\"name\">Panneau(x) de verre tremp\u00e9<\/dt>\n<dd class=\"value\">Oui<\/dd>\n<dt class=\"name\">Pris en charge des diam\u00e8tres des ventilateurs arri\u00e8res<\/dt>\n<dd class=\"value\">120 mm<\/dd>\n<dt class=\"name\">Pris en charge des diam\u00e8tres des ventilateurs sup\u00e9rieurs<\/dt>\n<dd class=\"value\">120,140 mm<\/dd>\n<dt class=\"name\">Quantit\u00e9 de ports de type A USB 3.2 Gen 1 (3.1 Gen 1)<\/dt>\n<dd class=\"value\">2<\/dd>\n<dt class=\"name\">Quantit\u00e9 de ports de type C USB 3.2 Gen 2 (3.1 Gen 2)<\/dt>\n<dd class=\"value\">1<\/dd>\n<dt class=\"name\">Sortie audio<\/dt>\n<dd class=\"value\">Oui<\/dd>\n<dt class=\"name\">Tailles de disques durs support\u00e9es<\/dt>\n<dd class=\"value\">2.5,3.5&Prime;<\/dd>\n<dt class=\"name\">Tailles des radiateurs arri\u00e8re prises en charge<\/dt>\n<dd class=\"value\">120 mm<\/dd>\n<dt class=\"name\">Tailles des radiateurs sup\u00e9rieurs prises en charge<\/dt>\n<dd class=\"value\">120,140,240,280,360 mm<\/dd>\n<dt class=\"name\">Type<\/dt>\n<dd class=\"value\">PC<\/dd>\n<dt class=\"name\">Ventilateurs arri\u00e8res install\u00e9s<\/dt>\n<dd class=\"value\">1x 120 mm<\/dd>\n<dt class=\"name\">Ventilateurs arri\u00e8res maximaux<\/dt>\n<dd class=\"value\">1<\/dd>\n<dt class=\"name\">Ventilateurs sup\u00e9rieurs maximaux<\/dt>\n<dd class=\"value\">3<\/dd>\n<dt class=\"name\">Vitre lat\u00e9rale<\/dt>\n<dd class=\"value\">Oui<\/dd>\n<dt class=\"name\">Nombre de consoles 3.5&Prime;<\/dt>\n<dd class=\"value\">3<\/dd>\n<dt class=\"name\">Nombre de baies 2,5 \u00ab\u00a0<\/dt>\n<dd class=\"value\">1<\/dd>\n<\/dl>\n","protected":false},"excerpt":{"rendered":"<p><strong>\ud83e\udd85 ASUS : L&rsquo;\u00e9cosyst\u00e8me gamer par excellence<\/strong><\/p>\n<p>Les bo\u00eetiers ASUS ROG et TUF sont con\u00e7us pour accueillir les configurations les plus muscl\u00e9es. Ils offrent un espace g\u00e9n\u00e9reux, une robustesse militaire (TUF) et un style affirm\u00e9 pour les fans de la marque.<\/p>\n","protected":false},"featured_media":9473,"template":"","meta":{"ocean_post_layout":"","ocean_both_sidebars_style":"","ocean_both_sidebars_content_width":0,"ocean_both_sidebars_sidebars_width":0,"ocean_sidebar":"0","ocean_second_sidebar":"0","ocean_disable_margins":"enable","ocean_add_body_class":"","ocean_shortcode_before_top_bar":"","ocean_shortcode_after_top_bar":"","ocean_shortcode_before_header":"","ocean_shortcode_after_header":"","ocean_has_shortcode":"","ocean_shortcode_after_title":"","ocean_shortcode_before_footer_widgets":"","ocean_shortcode_after_footer_widgets":"","ocean_shortcode_before_footer_bottom":"","ocean_shortcode_after_footer_bottom":"","ocean_display_top_bar":"default","ocean_display_header":"default","ocean_header_style":"","ocean_center_header_left_menu":"0","ocean_custom_header_template":"0","ocean_custom_logo":0,"ocean_custom_retina_logo":0,"ocean_custom_logo_max_width":0,"ocean_custom_logo_tablet_max_width":0,"ocean_custom_logo_mobile_max_width":0,"ocean_custom_logo_max_height":0,"ocean_custom_logo_tablet_max_height":0,"ocean_custom_logo_mobile_max_height":0,"ocean_header_custom_menu":"0","ocean_menu_typo_font_family":"0","ocean_menu_typo_font_subset":"","ocean_menu_typo_font_size":0,"ocean_menu_typo_font_size_tablet":0,"ocean_menu_typo_font_size_mobile":0,"ocean_menu_typo_font_size_unit":"px","ocean_menu_typo_font_weight":"","ocean_menu_typo_font_weight_tablet":"","ocean_menu_typo_font_weight_mobile":"","ocean_menu_typo_transform":"","ocean_menu_typo_transform_tablet":"","ocean_menu_typo_transform_mobile":"","ocean_menu_typo_line_height":0,"ocean_menu_typo_line_height_tablet":0,"ocean_menu_typo_line_height_mobile":0,"ocean_menu_typo_line_height_unit":"","ocean_menu_typo_spacing":0,"ocean_menu_typo_spacing_tablet":0,"ocean_menu_typo_spacing_mobile":0,"ocean_menu_typo_spacing_unit":"","ocean_menu_link_color":"","ocean_menu_link_color_hover":"","ocean_menu_link_color_active":"","ocean_menu_link_background":"","ocean_menu_link_hover_background":"","ocean_menu_link_active_background":"","ocean_menu_social_links_bg":"","ocean_menu_social_hover_links_bg":"","ocean_menu_social_links_color":"","ocean_menu_social_hover_links_color":"","ocean_disable_title":"default","ocean_disable_heading":"default","ocean_post_title":"","ocean_post_subheading":"","ocean_post_title_style":"","ocean_post_title_background_color":"","ocean_post_title_background":0,"ocean_post_title_bg_image_position":"","ocean_post_title_bg_image_attachment":"","ocean_post_title_bg_image_repeat":"","ocean_post_title_bg_image_size":"","ocean_post_title_height":0,"ocean_post_title_bg_overlay":0.5,"ocean_post_title_bg_overlay_color":"","ocean_disable_breadcrumbs":"default","ocean_breadcrumbs_color":"","ocean_breadcrumbs_separator_color":"","ocean_breadcrumbs_links_color":"","ocean_breadcrumbs_links_hover_color":"","ocean_display_footer_widgets":"default","ocean_display_footer_bottom":"default","ocean_custom_footer_template":"0"},"product_brand":[27],"product_cat":[57],"product_tag":[],"class_list":{"0":"post-9474","1":"product","2":"type-product","3":"status-publish","4":"has-post-thumbnail","6":"product_brand-asus","7":"product_cat-boitier","8":"product_shipping_class-non-expediable","10":"entry","11":"has-media","13":"first","14":"instock","15":"taxable","16":"shipping-taxable","17":"purchasable","18":"product-type-simple","19":"has-product-nav","20":"col","21":"span_1_of_4","22":"owp-content-center","23":"owp-thumbs-layout-horizontal","24":"owp-btn-big","25":"owp-tabs-layout-horizontal","26":"has-no-thumbnails"},"yoast_head":"<!-- This site is optimized with the Yoast SEO plugin v27.3 - https:\/\/yoast.com\/product\/yoast-seo-wordpress\/ -->\n<title>ASUS PRIME AP201 BLACK TG - Epsilon PC<\/title>\n<meta name=\"robots\" content=\"index, follow, max-snippet:-1, max-image-preview:large, max-video-preview:-1\" \/>\n<link rel=\"canonical\" href=\"https:\/\/www.epsilon-pc.fr\/index.php\/produit\/asus-prime-ap201-black-tg\/\" \/>\n<meta property=\"og:locale\" content=\"fr_FR\" \/>\n<meta property=\"og:type\" content=\"article\" \/>\n<meta property=\"og:title\" content=\"ASUS PRIME AP201 BLACK TG - Epsilon PC\" \/>\n<meta property=\"og:description\" content=\"\ud83e\udd85 ASUS : L&#039;\u00e9cosyst\u00e8me gamer par excellence  Les bo\u00eetiers ASUS ROG et TUF sont con\u00e7us pour accueillir les configurations les plus muscl\u00e9es. Ils offrent un espace g\u00e9n\u00e9reux, une robustesse militaire (TUF) et un style affirm\u00e9 pour les fans de la marque.\" \/>\n<meta property=\"og:url\" content=\"https:\/\/www.epsilon-pc.fr\/index.php\/produit\/asus-prime-ap201-black-tg\/\" \/>\n<meta property=\"og:site_name\" content=\"Epsilon PC\" \/>\n<meta property=\"article:modified_time\" content=\"2026-04-10T07:44:18+00:00\" \/>\n<meta property=\"og:image\" content=\"http:\/\/www.epsilon-pc.fr\/wp-content\/uploads\/2026\/03\/asus-prime-ap201-black-tg.jpg\" \/>\n\t<meta property=\"og:image:width\" content=\"800\" \/>\n\t<meta property=\"og:image:height\" content=\"800\" \/>\n\t<meta property=\"og:image:type\" content=\"image\/jpeg\" \/>\n<meta name=\"twitter:card\" content=\"summary_large_image\" \/>\n<meta name=\"twitter:label1\" content=\"Dur\u00e9e de lecture estim\u00e9e\" \/>\n\t<meta name=\"twitter:data1\" content=\"1 minute\" \/>\n<script type=\"application\/ld+json\" class=\"yoast-schema-graph\">{\"@context\":\"https:\\\/\\\/schema.org\",\"@graph\":[{\"@type\":\"WebPage\",\"@id\":\"https:\\\/\\\/www.epsilon-pc.fr\\\/index.php\\\/produit\\\/asus-prime-ap201-black-tg\\\/\",\"url\":\"https:\\\/\\\/www.epsilon-pc.fr\\\/index.php\\\/produit\\\/asus-prime-ap201-black-tg\\\/\",\"name\":\"ASUS PRIME AP201 BLACK TG - Epsilon PC\",\"isPartOf\":{\"@id\":\"https:\\\/\\\/www.epsilon-pc.fr\\\/#website\"},\"primaryImageOfPage\":{\"@id\":\"https:\\\/\\\/www.epsilon-pc.fr\\\/index.php\\\/produit\\\/asus-prime-ap201-black-tg\\\/#primaryimage\"},\"image\":{\"@id\":\"https:\\\/\\\/www.epsilon-pc.fr\\\/index.php\\\/produit\\\/asus-prime-ap201-black-tg\\\/#primaryimage\"},\"thumbnailUrl\":\"https:\\\/\\\/www.epsilon-pc.fr\\\/wp-content\\\/uploads\\\/2026\\\/03\\\/asus-prime-ap201-black-tg.jpg\",\"datePublished\":\"2026-03-18T10:06:57+00:00\",\"dateModified\":\"2026-04-10T07:44:18+00:00\",\"breadcrumb\":{\"@id\":\"https:\\\/\\\/www.epsilon-pc.fr\\\/index.php\\\/produit\\\/asus-prime-ap201-black-tg\\\/#breadcrumb\"},\"inLanguage\":\"fr-FR\",\"potentialAction\":[{\"@type\":\"ReadAction\",\"target\":[\"https:\\\/\\\/www.epsilon-pc.fr\\\/index.php\\\/produit\\\/asus-prime-ap201-black-tg\\\/\"]}]},{\"@type\":\"ImageObject\",\"inLanguage\":\"fr-FR\",\"@id\":\"https:\\\/\\\/www.epsilon-pc.fr\\\/index.php\\\/produit\\\/asus-prime-ap201-black-tg\\\/#primaryimage\",\"url\":\"https:\\\/\\\/www.epsilon-pc.fr\\\/wp-content\\\/uploads\\\/2026\\\/03\\\/asus-prime-ap201-black-tg.jpg\",\"contentUrl\":\"https:\\\/\\\/www.epsilon-pc.fr\\\/wp-content\\\/uploads\\\/2026\\\/03\\\/asus-prime-ap201-black-tg.jpg\",\"width\":800,\"height\":800},{\"@type\":\"BreadcrumbList\",\"@id\":\"https:\\\/\\\/www.epsilon-pc.fr\\\/index.php\\\/produit\\\/asus-prime-ap201-black-tg\\\/#breadcrumb\",\"itemListElement\":[{\"@type\":\"ListItem\",\"position\":1,\"name\":\"Accueil\",\"item\":\"https:\\\/\\\/www.epsilon-pc.fr\\\/\"},{\"@type\":\"ListItem\",\"position\":2,\"name\":\"Boutique\",\"item\":\"https:\\\/\\\/www.epsilon-pc.fr\\\/index.php\\\/boutique\\\/\"},{\"@type\":\"ListItem\",\"position\":3,\"name\":\"ASUS PRIME AP201 BLACK TG\"}]},{\"@type\":\"WebSite\",\"@id\":\"https:\\\/\\\/www.epsilon-pc.fr\\\/#website\",\"url\":\"https:\\\/\\\/www.epsilon-pc.fr\\\/\",\"name\":\"Epsilon PC\",\"description\":\"\",\"publisher\":{\"@id\":\"https:\\\/\\\/www.epsilon-pc.fr\\\/#organization\"},\"potentialAction\":[{\"@type\":\"SearchAction\",\"target\":{\"@type\":\"EntryPoint\",\"urlTemplate\":\"https:\\\/\\\/www.epsilon-pc.fr\\\/?s={search_term_string}\"},\"query-input\":{\"@type\":\"PropertyValueSpecification\",\"valueRequired\":true,\"valueName\":\"search_term_string\"}}],\"inLanguage\":\"fr-FR\"},{\"@type\":\"Organization\",\"@id\":\"https:\\\/\\\/www.epsilon-pc.fr\\\/#organization\",\"name\":\"Epsilon PC\",\"url\":\"https:\\\/\\\/www.epsilon-pc.fr\\\/\",\"logo\":{\"@type\":\"ImageObject\",\"inLanguage\":\"fr-FR\",\"@id\":\"https:\\\/\\\/www.epsilon-pc.fr\\\/#\\\/schema\\\/logo\\\/image\\\/\",\"url\":\"https:\\\/\\\/www.epsilon-pc.fr\\\/wp-content\\\/uploads\\\/2026\\\/02\\\/cropped-LogoEpsi-1.bmp\",\"contentUrl\":\"https:\\\/\\\/www.epsilon-pc.fr\\\/wp-content\\\/uploads\\\/2026\\\/02\\\/cropped-LogoEpsi-1.bmp\",\"width\":191,\"height\":59,\"caption\":\"Epsilon PC\"},\"image\":{\"@id\":\"https:\\\/\\\/www.epsilon-pc.fr\\\/#\\\/schema\\\/logo\\\/image\\\/\"}}]}<\/script>\n<!-- \/ Yoast SEO plugin. -->","yoast_head_json":{"title":"ASUS PRIME AP201 BLACK TG - Epsilon PC","robots":{"index":"index","follow":"follow","max-snippet":"max-snippet:-1","max-image-preview":"max-image-preview:large","max-video-preview":"max-video-preview:-1"},"canonical":"https:\/\/www.epsilon-pc.fr\/index.php\/produit\/asus-prime-ap201-black-tg\/","og_locale":"fr_FR","og_type":"article","og_title":"ASUS PRIME AP201 BLACK TG - Epsilon PC","og_description":"\ud83e\udd85 ASUS : L'\u00e9cosyst\u00e8me gamer par excellence  Les bo\u00eetiers ASUS ROG et TUF sont con\u00e7us pour accueillir les configurations les plus muscl\u00e9es. Ils offrent un espace g\u00e9n\u00e9reux, une robustesse militaire (TUF) et un style affirm\u00e9 pour les fans de la marque.","og_url":"https:\/\/www.epsilon-pc.fr\/index.php\/produit\/asus-prime-ap201-black-tg\/","og_site_name":"Epsilon PC","article_modified_time":"2026-04-10T07:44:18+00:00","og_image":[{"width":800,"height":800,"url":"http:\/\/www.epsilon-pc.fr\/wp-content\/uploads\/2026\/03\/asus-prime-ap201-black-tg.jpg","type":"image\/jpeg"}],"twitter_card":"summary_large_image","twitter_misc":{"Dur\u00e9e de lecture estim\u00e9e":"1 minute"},"schema":{"@context":"https:\/\/schema.org","@graph":[{"@type":"WebPage","@id":"https:\/\/www.epsilon-pc.fr\/index.php\/produit\/asus-prime-ap201-black-tg\/","url":"https:\/\/www.epsilon-pc.fr\/index.php\/produit\/asus-prime-ap201-black-tg\/","name":"ASUS PRIME AP201 BLACK TG - Epsilon PC","isPartOf":{"@id":"https:\/\/www.epsilon-pc.fr\/#website"},"primaryImageOfPage":{"@id":"https:\/\/www.epsilon-pc.fr\/index.php\/produit\/asus-prime-ap201-black-tg\/#primaryimage"},"image":{"@id":"https:\/\/www.epsilon-pc.fr\/index.php\/produit\/asus-prime-ap201-black-tg\/#primaryimage"},"thumbnailUrl":"https:\/\/www.epsilon-pc.fr\/wp-content\/uploads\/2026\/03\/asus-prime-ap201-black-tg.jpg","datePublished":"2026-03-18T10:06:57+00:00","dateModified":"2026-04-10T07:44:18+00:00","breadcrumb":{"@id":"https:\/\/www.epsilon-pc.fr\/index.php\/produit\/asus-prime-ap201-black-tg\/#breadcrumb"},"inLanguage":"fr-FR","potentialAction":[{"@type":"ReadAction","target":["https:\/\/www.epsilon-pc.fr\/index.php\/produit\/asus-prime-ap201-black-tg\/"]}]},{"@type":"ImageObject","inLanguage":"fr-FR","@id":"https:\/\/www.epsilon-pc.fr\/index.php\/produit\/asus-prime-ap201-black-tg\/#primaryimage","url":"https:\/\/www.epsilon-pc.fr\/wp-content\/uploads\/2026\/03\/asus-prime-ap201-black-tg.jpg","contentUrl":"https:\/\/www.epsilon-pc.fr\/wp-content\/uploads\/2026\/03\/asus-prime-ap201-black-tg.jpg","width":800,"height":800},{"@type":"BreadcrumbList","@id":"https:\/\/www.epsilon-pc.fr\/index.php\/produit\/asus-prime-ap201-black-tg\/#breadcrumb","itemListElement":[{"@type":"ListItem","position":1,"name":"Accueil","item":"https:\/\/www.epsilon-pc.fr\/"},{"@type":"ListItem","position":2,"name":"Boutique","item":"https:\/\/www.epsilon-pc.fr\/index.php\/boutique\/"},{"@type":"ListItem","position":3,"name":"ASUS PRIME AP201 BLACK TG"}]},{"@type":"WebSite","@id":"https:\/\/www.epsilon-pc.fr\/#website","url":"https:\/\/www.epsilon-pc.fr\/","name":"Epsilon PC","description":"","publisher":{"@id":"https:\/\/www.epsilon-pc.fr\/#organization"},"potentialAction":[{"@type":"SearchAction","target":{"@type":"EntryPoint","urlTemplate":"https:\/\/www.epsilon-pc.fr\/?s={search_term_string}"},"query-input":{"@type":"PropertyValueSpecification","valueRequired":true,"valueName":"search_term_string"}}],"inLanguage":"fr-FR"},{"@type":"Organization","@id":"https:\/\/www.epsilon-pc.fr\/#organization","name":"Epsilon PC","url":"https:\/\/www.epsilon-pc.fr\/","logo":{"@type":"ImageObject","inLanguage":"fr-FR","@id":"https:\/\/www.epsilon-pc.fr\/#\/schema\/logo\/image\/","url":"https:\/\/www.epsilon-pc.fr\/wp-content\/uploads\/2026\/02\/cropped-LogoEpsi-1.bmp","contentUrl":"https:\/\/www.epsilon-pc.fr\/wp-content\/uploads\/2026\/02\/cropped-LogoEpsi-1.bmp","width":191,"height":59,"caption":"Epsilon PC"},"image":{"@id":"https:\/\/www.epsilon-pc.fr\/#\/schema\/logo\/image\/"}}]}},"_links":{"self":[{"href":"https:\/\/www.epsilon-pc.fr\/index.php\/wp-json\/wp\/v2\/product\/9474","targetHints":{"allow":["GET"]}}],"collection":[{"href":"https:\/\/www.epsilon-pc.fr\/index.php\/wp-json\/wp\/v2\/product"}],"about":[{"href":"https:\/\/www.epsilon-pc.fr\/index.php\/wp-json\/wp\/v2\/types\/product"}],"wp:featuredmedia":[{"embeddable":true,"href":"https:\/\/www.epsilon-pc.fr\/index.php\/wp-json\/wp\/v2\/media\/9473"}],"wp:attachment":[{"href":"https:\/\/www.epsilon-pc.fr\/index.php\/wp-json\/wp\/v2\/media?parent=9474"}],"wp:term":[{"taxonomy":"product_brand","embeddable":true,"href":"https:\/\/www.epsilon-pc.fr\/index.php\/wp-json\/wp\/v2\/product_brand?post=9474"},{"taxonomy":"product_cat","embeddable":true,"href":"https:\/\/www.epsilon-pc.fr\/index.php\/wp-json\/wp\/v2\/product_cat?post=9474"},{"taxonomy":"product_tag","embeddable":true,"href":"https:\/\/www.epsilon-pc.fr\/index.php\/wp-json\/wp\/v2\/product_tag?post=9474"}],"curies":[{"name":"wp","href":"https:\/\/api.w.org\/{rel}","templated":true}]}}