{"id":9440,"date":"2026-03-18T11:06:15","date_gmt":"2026-03-18T10:06:15","guid":{"rendered":"https:\/\/www.epsilon-pc.fr\/index.php\/produit\/deepcool-matrexx30-si\/"},"modified":"2026-04-10T09:44:15","modified_gmt":"2026-04-10T07:44:15","slug":"deepcool-matrexx30-si","status":"publish","type":"product","link":"https:\/\/www.epsilon-pc.fr\/index.php\/produit\/deepcool-matrexx30-si\/","title":{"rendered":"DEEPCOOL MATREXX30 SI"},"content":{"rendered":"<dl class=\"data-sheet\">\n<dt class=\"name\">Couleur du produit<\/dt>\n<dd class=\"value\">Noir<\/dd>\n<dt class=\"name\">Format<\/dt>\n<dd class=\"value\">Mini Tower<\/dd>\n<dt class=\"name\">Hauteur<\/dt>\n<dd class=\"value\">378,2 mm<\/dd>\n<dt class=\"name\">Hauteur du colis<\/dt>\n<dd class=\"value\">465 mm<\/dd>\n<dt class=\"name\">Largeur<\/dt>\n<dd class=\"value\">193 mm<\/dd>\n<dt class=\"name\">Largeur du colis<\/dt>\n<dd class=\"value\">240 mm<\/dd>\n<dt class=\"name\">Poids<\/dt>\n<dd class=\"value\">3,62 kg<\/dd>\n<dt class=\"name\">Poids du paquet<\/dt>\n<dd class=\"value\">4,33 kg<\/dd>\n<dt class=\"name\">Profondeur<\/dt>\n<dd class=\"value\">405,8 mm<\/dd>\n<dt class=\"name\">Profondeur du colis<\/dt>\n<dd class=\"value\">415 mm<\/dd>\n<dt class=\"name\">Entr\u00e9e audio<\/dt>\n<dd class=\"value\">Oui<\/dd>\n<dt class=\"name\">Facteur de forme de carte m\u00e8re support\u00e9<\/dt>\n<dd class=\"value\">micro ATX, Mini-ITX<\/dd>\n<dt class=\"name\">Gestion optimis\u00e9e des c\u00e2bles<\/dt>\n<dd class=\"value\">Oui<\/dd>\n<dt class=\"name\">Hauteur maximale refroidisseur de CPU<\/dt>\n<dd class=\"value\">15,1 cm<\/dd>\n<dt class=\"name\">Longueur maximale carte graphique<\/dt>\n<dd class=\"value\">25 cm<\/dd>\n<dt class=\"name\">Longueur maximale du c\u00e2ble d&rsquo;alimentation<\/dt>\n<dd class=\"value\">17 cm<\/dd>\n<dt class=\"name\">Nombre de slots d&rsquo;extension<\/dt>\n<dd class=\"value\">4<\/dd>\n<dt class=\"name\">Pris en charge des diam\u00e8tres des ventilateurs arri\u00e8res<\/dt>\n<dd class=\"value\">120 mm<\/dd>\n<dt class=\"name\">Quantit\u00e9 de ports de type A USB 3.2 Gen 1 (3.1 Gen 1)<\/dt>\n<dd class=\"value\">1<\/dd>\n<dt class=\"name\">Sortie audio<\/dt>\n<dd class=\"value\">Oui<\/dd>\n<dt class=\"name\">Tailles de disques durs support\u00e9es<\/dt>\n<dd class=\"value\">2.5,3.5&Prime;<\/dd>\n<dt class=\"name\">Type<\/dt>\n<dd class=\"value\">PC<\/dd>\n<dt class=\"name\">Ventilateurs arri\u00e8res install\u00e9s<\/dt>\n<dd class=\"value\">1x 120 mm<\/dd>\n<dt class=\"name\">Ventilateurs arri\u00e8res maximaux<\/dt>\n<dd class=\"value\">1<\/dd>\n<dt class=\"name\">Vitre lat\u00e9rale<\/dt>\n<dd class=\"value\">Non<\/dd>\n<dt class=\"name\">Quantit\u00e9 de Ports USB 2.0<\/dt>\n<dd class=\"value\">1<\/dd>\n<dt class=\"name\">Bouton Marche\/Arr\u00eat<\/dt>\n<dd class=\"value\">Oui<\/dd>\n<dt class=\"name\">Bouton de r\u00e9initialisation<\/dt>\n<dd class=\"value\">Oui<\/dd>\n<dt class=\"name\">Mat\u00e9riel<\/dt>\n<dd class=\"value\">Acrylonitrile-Butadi\u00e8ne-Styr\u00e8ne (ABS), SPCC<\/dd>\n<dt class=\"name\">Bloc d&rsquo;alimentation inclus<\/dt>\n<dd class=\"value\">Non<\/dd>\n<dt class=\"name\">Emplacement d&rsquo;alimentation<\/dt>\n<dd class=\"value\">Haut<\/dd>\n<dt class=\"name\">Prise en charge des diam\u00e8tres des ventilateurs avants<\/dt>\n<dd class=\"value\">120 mm<\/dd>\n<dt class=\"name\">Ventilateurs avant maximum<\/dt>\n<dd class=\"value\">1<\/dd>\n<dt class=\"name\">Convient pour<\/dt>\n<dd class=\"value\">maison\/bureau<\/dd>\n<dt class=\"name\">Facteurs de forme d&rsquo;alimentation pris en charge<\/dt>\n<dd class=\"value\">ATX, PS2<\/dd>\n<dt class=\"name\">\u00c9paisseur du mat\u00e9riel<\/dt>\n<dd class=\"value\">0,5 mm<\/dd>\n<dt class=\"name\">Nombre de consoles 3.5&Prime;<\/dt>\n<dd class=\"value\">3<\/dd>\n<dt class=\"name\">Nombre de baies 2,5 \u00ab\u00a0<\/dt>\n<dd class=\"value\">2<\/dd>\n<dt class=\"name\">Nombre de baies 3,5 \u00ab\u00a0internes<\/dt>\n<dd class=\"value\">3<\/dd>\n<dt class=\"name\">Nombre de consoles 5.25&Prime;<\/dt>\n<dd class=\"value\">1<\/dd>\n<\/dl>\n","protected":false},"excerpt":{"rendered":"<p>Couleur du produit Noir Format Mini Tower Hauteur 378,2 mm Hauteur du colis 465 mm Largeur 193 mm Largeur du colis 240 mm Poids 3,62 kg Poids du paquet 4,33 kg Profondeur 405,8 mm Profondeur du colis 415 mm Entr\u00e9e audio Oui Facteur de forme de carte m\u00e8re support\u00e9 micro ATX, Mini-ITX Gestion optimis\u00e9e des [&hellip;]<\/p>\n","protected":false},"featured_media":9439,"template":"","meta":{"ocean_post_layout":"","ocean_both_sidebars_style":"","ocean_both_sidebars_content_width":0,"ocean_both_sidebars_sidebars_width":0,"ocean_sidebar":"0","ocean_second_sidebar":"0","ocean_disable_margins":"enable","ocean_add_body_class":"","ocean_shortcode_before_top_bar":"","ocean_shortcode_after_top_bar":"","ocean_shortcode_before_header":"","ocean_shortcode_after_header":"","ocean_has_shortcode":"","ocean_shortcode_after_title":"","ocean_shortcode_before_footer_widgets":"","ocean_shortcode_after_footer_widgets":"","ocean_shortcode_before_footer_bottom":"","ocean_shortcode_after_footer_bottom":"","ocean_display_top_bar":"default","ocean_display_header":"default","ocean_header_style":"","ocean_center_header_left_menu":"0","ocean_custom_header_template":"0","ocean_custom_logo":0,"ocean_custom_retina_logo":0,"ocean_custom_logo_max_width":0,"ocean_custom_logo_tablet_max_width":0,"ocean_custom_logo_mobile_max_width":0,"ocean_custom_logo_max_height":0,"ocean_custom_logo_tablet_max_height":0,"ocean_custom_logo_mobile_max_height":0,"ocean_header_custom_menu":"0","ocean_menu_typo_font_family":"0","ocean_menu_typo_font_subset":"","ocean_menu_typo_font_size":0,"ocean_menu_typo_font_size_tablet":0,"ocean_menu_typo_font_size_mobile":0,"ocean_menu_typo_font_size_unit":"px","ocean_menu_typo_font_weight":"","ocean_menu_typo_font_weight_tablet":"","ocean_menu_typo_font_weight_mobile":"","ocean_menu_typo_transform":"","ocean_menu_typo_transform_tablet":"","ocean_menu_typo_transform_mobile":"","ocean_menu_typo_line_height":0,"ocean_menu_typo_line_height_tablet":0,"ocean_menu_typo_line_height_mobile":0,"ocean_menu_typo_line_height_unit":"","ocean_menu_typo_spacing":0,"ocean_menu_typo_spacing_tablet":0,"ocean_menu_typo_spacing_mobile":0,"ocean_menu_typo_spacing_unit":"","ocean_menu_link_color":"","ocean_menu_link_color_hover":"","ocean_menu_link_color_active":"","ocean_menu_link_background":"","ocean_menu_link_hover_background":"","ocean_menu_link_active_background":"","ocean_menu_social_links_bg":"","ocean_menu_social_hover_links_bg":"","ocean_menu_social_links_color":"","ocean_menu_social_hover_links_color":"","ocean_disable_title":"default","ocean_disable_heading":"default","ocean_post_title":"","ocean_post_subheading":"","ocean_post_title_style":"","ocean_post_title_background_color":"","ocean_post_title_background":0,"ocean_post_title_bg_image_position":"","ocean_post_title_bg_image_attachment":"","ocean_post_title_bg_image_repeat":"","ocean_post_title_bg_image_size":"","ocean_post_title_height":0,"ocean_post_title_bg_overlay":0.5,"ocean_post_title_bg_overlay_color":"","ocean_disable_breadcrumbs":"default","ocean_breadcrumbs_color":"","ocean_breadcrumbs_separator_color":"","ocean_breadcrumbs_links_color":"","ocean_breadcrumbs_links_hover_color":"","ocean_display_footer_widgets":"default","ocean_display_footer_bottom":"default","ocean_custom_footer_template":"0"},"product_brand":[23],"product_cat":[57],"product_tag":[],"class_list":{"0":"post-9440","1":"product","2":"type-product","3":"status-publish","4":"has-post-thumbnail","6":"product_brand-deepcool","7":"product_cat-boitier","8":"product_shipping_class-non-expediable","10":"entry","11":"has-media","13":"first","14":"instock","15":"taxable","16":"shipping-taxable","17":"purchasable","18":"product-type-simple","19":"has-product-nav","20":"col","21":"span_1_of_4","22":"owp-content-center","23":"owp-thumbs-layout-horizontal","24":"owp-btn-big","25":"owp-tabs-layout-horizontal","26":"has-no-thumbnails"},"yoast_head":"<!-- This site is optimized with the Yoast SEO plugin v27.3 - https:\/\/yoast.com\/product\/yoast-seo-wordpress\/ -->\n<title>DEEPCOOL MATREXX30 SI - Epsilon PC<\/title>\n<meta name=\"robots\" content=\"index, follow, max-snippet:-1, max-image-preview:large, max-video-preview:-1\" \/>\n<link rel=\"canonical\" href=\"https:\/\/www.epsilon-pc.fr\/index.php\/produit\/deepcool-matrexx30-si\/\" \/>\n<meta property=\"og:locale\" content=\"fr_FR\" \/>\n<meta property=\"og:type\" content=\"article\" \/>\n<meta property=\"og:title\" content=\"DEEPCOOL MATREXX30 SI - Epsilon PC\" \/>\n<meta property=\"og:description\" content=\"Couleur du produit Noir Format Mini Tower Hauteur 378,2 mm Hauteur du colis 465 mm Largeur 193 mm Largeur du colis 240 mm Poids 3,62 kg Poids du paquet 4,33 kg Profondeur 405,8 mm Profondeur du colis 415 mm Entr\u00e9e audio Oui Facteur de forme de carte m\u00e8re support\u00e9 micro ATX, Mini-ITX Gestion optimis\u00e9e des [&hellip;]\" \/>\n<meta property=\"og:url\" content=\"https:\/\/www.epsilon-pc.fr\/index.php\/produit\/deepcool-matrexx30-si\/\" \/>\n<meta property=\"og:site_name\" content=\"Epsilon PC\" \/>\n<meta property=\"article:modified_time\" content=\"2026-04-10T07:44:15+00:00\" \/>\n<meta property=\"og:image\" content=\"http:\/\/www.epsilon-pc.fr\/wp-content\/uploads\/2026\/03\/deepcool-matrexx-30-si.jpg\" \/>\n\t<meta property=\"og:image:width\" content=\"800\" \/>\n\t<meta property=\"og:image:height\" content=\"800\" \/>\n\t<meta property=\"og:image:type\" content=\"image\/jpeg\" \/>\n<meta name=\"twitter:card\" content=\"summary_large_image\" \/>\n<meta name=\"twitter:label1\" content=\"Dur\u00e9e de lecture estim\u00e9e\" \/>\n\t<meta name=\"twitter:data1\" content=\"1 minute\" \/>\n<script type=\"application\/ld+json\" class=\"yoast-schema-graph\">{\"@context\":\"https:\\\/\\\/schema.org\",\"@graph\":[{\"@type\":\"WebPage\",\"@id\":\"https:\\\/\\\/www.epsilon-pc.fr\\\/index.php\\\/produit\\\/deepcool-matrexx30-si\\\/\",\"url\":\"https:\\\/\\\/www.epsilon-pc.fr\\\/index.php\\\/produit\\\/deepcool-matrexx30-si\\\/\",\"name\":\"DEEPCOOL MATREXX30 SI - Epsilon PC\",\"isPartOf\":{\"@id\":\"https:\\\/\\\/www.epsilon-pc.fr\\\/#website\"},\"primaryImageOfPage\":{\"@id\":\"https:\\\/\\\/www.epsilon-pc.fr\\\/index.php\\\/produit\\\/deepcool-matrexx30-si\\\/#primaryimage\"},\"image\":{\"@id\":\"https:\\\/\\\/www.epsilon-pc.fr\\\/index.php\\\/produit\\\/deepcool-matrexx30-si\\\/#primaryimage\"},\"thumbnailUrl\":\"https:\\\/\\\/www.epsilon-pc.fr\\\/wp-content\\\/uploads\\\/2026\\\/03\\\/deepcool-matrexx-30-si.jpg\",\"datePublished\":\"2026-03-18T10:06:15+00:00\",\"dateModified\":\"2026-04-10T07:44:15+00:00\",\"breadcrumb\":{\"@id\":\"https:\\\/\\\/www.epsilon-pc.fr\\\/index.php\\\/produit\\\/deepcool-matrexx30-si\\\/#breadcrumb\"},\"inLanguage\":\"fr-FR\",\"potentialAction\":[{\"@type\":\"ReadAction\",\"target\":[\"https:\\\/\\\/www.epsilon-pc.fr\\\/index.php\\\/produit\\\/deepcool-matrexx30-si\\\/\"]}]},{\"@type\":\"ImageObject\",\"inLanguage\":\"fr-FR\",\"@id\":\"https:\\\/\\\/www.epsilon-pc.fr\\\/index.php\\\/produit\\\/deepcool-matrexx30-si\\\/#primaryimage\",\"url\":\"https:\\\/\\\/www.epsilon-pc.fr\\\/wp-content\\\/uploads\\\/2026\\\/03\\\/deepcool-matrexx-30-si.jpg\",\"contentUrl\":\"https:\\\/\\\/www.epsilon-pc.fr\\\/wp-content\\\/uploads\\\/2026\\\/03\\\/deepcool-matrexx-30-si.jpg\",\"width\":800,\"height\":800},{\"@type\":\"BreadcrumbList\",\"@id\":\"https:\\\/\\\/www.epsilon-pc.fr\\\/index.php\\\/produit\\\/deepcool-matrexx30-si\\\/#breadcrumb\",\"itemListElement\":[{\"@type\":\"ListItem\",\"position\":1,\"name\":\"Accueil\",\"item\":\"https:\\\/\\\/www.epsilon-pc.fr\\\/\"},{\"@type\":\"ListItem\",\"position\":2,\"name\":\"Boutique\",\"item\":\"https:\\\/\\\/www.epsilon-pc.fr\\\/index.php\\\/boutique\\\/\"},{\"@type\":\"ListItem\",\"position\":3,\"name\":\"DEEPCOOL MATREXX30 SI\"}]},{\"@type\":\"WebSite\",\"@id\":\"https:\\\/\\\/www.epsilon-pc.fr\\\/#website\",\"url\":\"https:\\\/\\\/www.epsilon-pc.fr\\\/\",\"name\":\"Epsilon PC\",\"description\":\"\",\"publisher\":{\"@id\":\"https:\\\/\\\/www.epsilon-pc.fr\\\/#organization\"},\"potentialAction\":[{\"@type\":\"SearchAction\",\"target\":{\"@type\":\"EntryPoint\",\"urlTemplate\":\"https:\\\/\\\/www.epsilon-pc.fr\\\/?s={search_term_string}\"},\"query-input\":{\"@type\":\"PropertyValueSpecification\",\"valueRequired\":true,\"valueName\":\"search_term_string\"}}],\"inLanguage\":\"fr-FR\"},{\"@type\":\"Organization\",\"@id\":\"https:\\\/\\\/www.epsilon-pc.fr\\\/#organization\",\"name\":\"Epsilon PC\",\"url\":\"https:\\\/\\\/www.epsilon-pc.fr\\\/\",\"logo\":{\"@type\":\"ImageObject\",\"inLanguage\":\"fr-FR\",\"@id\":\"https:\\\/\\\/www.epsilon-pc.fr\\\/#\\\/schema\\\/logo\\\/image\\\/\",\"url\":\"https:\\\/\\\/www.epsilon-pc.fr\\\/wp-content\\\/uploads\\\/2026\\\/02\\\/cropped-LogoEpsi-1.bmp\",\"contentUrl\":\"https:\\\/\\\/www.epsilon-pc.fr\\\/wp-content\\\/uploads\\\/2026\\\/02\\\/cropped-LogoEpsi-1.bmp\",\"width\":191,\"height\":59,\"caption\":\"Epsilon PC\"},\"image\":{\"@id\":\"https:\\\/\\\/www.epsilon-pc.fr\\\/#\\\/schema\\\/logo\\\/image\\\/\"}}]}<\/script>\n<!-- \/ Yoast SEO plugin. -->","yoast_head_json":{"title":"DEEPCOOL MATREXX30 SI - Epsilon PC","robots":{"index":"index","follow":"follow","max-snippet":"max-snippet:-1","max-image-preview":"max-image-preview:large","max-video-preview":"max-video-preview:-1"},"canonical":"https:\/\/www.epsilon-pc.fr\/index.php\/produit\/deepcool-matrexx30-si\/","og_locale":"fr_FR","og_type":"article","og_title":"DEEPCOOL MATREXX30 SI - Epsilon PC","og_description":"Couleur du produit Noir Format Mini Tower Hauteur 378,2 mm Hauteur du colis 465 mm Largeur 193 mm Largeur du colis 240 mm Poids 3,62 kg Poids du paquet 4,33 kg Profondeur 405,8 mm Profondeur du colis 415 mm Entr\u00e9e audio Oui Facteur de forme de carte m\u00e8re support\u00e9 micro ATX, Mini-ITX Gestion optimis\u00e9e des [&hellip;]","og_url":"https:\/\/www.epsilon-pc.fr\/index.php\/produit\/deepcool-matrexx30-si\/","og_site_name":"Epsilon PC","article_modified_time":"2026-04-10T07:44:15+00:00","og_image":[{"width":800,"height":800,"url":"http:\/\/www.epsilon-pc.fr\/wp-content\/uploads\/2026\/03\/deepcool-matrexx-30-si.jpg","type":"image\/jpeg"}],"twitter_card":"summary_large_image","twitter_misc":{"Dur\u00e9e de lecture estim\u00e9e":"1 minute"},"schema":{"@context":"https:\/\/schema.org","@graph":[{"@type":"WebPage","@id":"https:\/\/www.epsilon-pc.fr\/index.php\/produit\/deepcool-matrexx30-si\/","url":"https:\/\/www.epsilon-pc.fr\/index.php\/produit\/deepcool-matrexx30-si\/","name":"DEEPCOOL MATREXX30 SI - Epsilon PC","isPartOf":{"@id":"https:\/\/www.epsilon-pc.fr\/#website"},"primaryImageOfPage":{"@id":"https:\/\/www.epsilon-pc.fr\/index.php\/produit\/deepcool-matrexx30-si\/#primaryimage"},"image":{"@id":"https:\/\/www.epsilon-pc.fr\/index.php\/produit\/deepcool-matrexx30-si\/#primaryimage"},"thumbnailUrl":"https:\/\/www.epsilon-pc.fr\/wp-content\/uploads\/2026\/03\/deepcool-matrexx-30-si.jpg","datePublished":"2026-03-18T10:06:15+00:00","dateModified":"2026-04-10T07:44:15+00:00","breadcrumb":{"@id":"https:\/\/www.epsilon-pc.fr\/index.php\/produit\/deepcool-matrexx30-si\/#breadcrumb"},"inLanguage":"fr-FR","potentialAction":[{"@type":"ReadAction","target":["https:\/\/www.epsilon-pc.fr\/index.php\/produit\/deepcool-matrexx30-si\/"]}]},{"@type":"ImageObject","inLanguage":"fr-FR","@id":"https:\/\/www.epsilon-pc.fr\/index.php\/produit\/deepcool-matrexx30-si\/#primaryimage","url":"https:\/\/www.epsilon-pc.fr\/wp-content\/uploads\/2026\/03\/deepcool-matrexx-30-si.jpg","contentUrl":"https:\/\/www.epsilon-pc.fr\/wp-content\/uploads\/2026\/03\/deepcool-matrexx-30-si.jpg","width":800,"height":800},{"@type":"BreadcrumbList","@id":"https:\/\/www.epsilon-pc.fr\/index.php\/produit\/deepcool-matrexx30-si\/#breadcrumb","itemListElement":[{"@type":"ListItem","position":1,"name":"Accueil","item":"https:\/\/www.epsilon-pc.fr\/"},{"@type":"ListItem","position":2,"name":"Boutique","item":"https:\/\/www.epsilon-pc.fr\/index.php\/boutique\/"},{"@type":"ListItem","position":3,"name":"DEEPCOOL MATREXX30 SI"}]},{"@type":"WebSite","@id":"https:\/\/www.epsilon-pc.fr\/#website","url":"https:\/\/www.epsilon-pc.fr\/","name":"Epsilon PC","description":"","publisher":{"@id":"https:\/\/www.epsilon-pc.fr\/#organization"},"potentialAction":[{"@type":"SearchAction","target":{"@type":"EntryPoint","urlTemplate":"https:\/\/www.epsilon-pc.fr\/?s={search_term_string}"},"query-input":{"@type":"PropertyValueSpecification","valueRequired":true,"valueName":"search_term_string"}}],"inLanguage":"fr-FR"},{"@type":"Organization","@id":"https:\/\/www.epsilon-pc.fr\/#organization","name":"Epsilon PC","url":"https:\/\/www.epsilon-pc.fr\/","logo":{"@type":"ImageObject","inLanguage":"fr-FR","@id":"https:\/\/www.epsilon-pc.fr\/#\/schema\/logo\/image\/","url":"https:\/\/www.epsilon-pc.fr\/wp-content\/uploads\/2026\/02\/cropped-LogoEpsi-1.bmp","contentUrl":"https:\/\/www.epsilon-pc.fr\/wp-content\/uploads\/2026\/02\/cropped-LogoEpsi-1.bmp","width":191,"height":59,"caption":"Epsilon PC"},"image":{"@id":"https:\/\/www.epsilon-pc.fr\/#\/schema\/logo\/image\/"}}]}},"_links":{"self":[{"href":"https:\/\/www.epsilon-pc.fr\/index.php\/wp-json\/wp\/v2\/product\/9440","targetHints":{"allow":["GET"]}}],"collection":[{"href":"https:\/\/www.epsilon-pc.fr\/index.php\/wp-json\/wp\/v2\/product"}],"about":[{"href":"https:\/\/www.epsilon-pc.fr\/index.php\/wp-json\/wp\/v2\/types\/product"}],"wp:featuredmedia":[{"embeddable":true,"href":"https:\/\/www.epsilon-pc.fr\/index.php\/wp-json\/wp\/v2\/media\/9439"}],"wp:attachment":[{"href":"https:\/\/www.epsilon-pc.fr\/index.php\/wp-json\/wp\/v2\/media?parent=9440"}],"wp:term":[{"taxonomy":"product_brand","embeddable":true,"href":"https:\/\/www.epsilon-pc.fr\/index.php\/wp-json\/wp\/v2\/product_brand?post=9440"},{"taxonomy":"product_cat","embeddable":true,"href":"https:\/\/www.epsilon-pc.fr\/index.php\/wp-json\/wp\/v2\/product_cat?post=9440"},{"taxonomy":"product_tag","embeddable":true,"href":"https:\/\/www.epsilon-pc.fr\/index.php\/wp-json\/wp\/v2\/product_tag?post=9440"}],"curies":[{"name":"wp","href":"https:\/\/api.w.org\/{rel}","templated":true}]}}