{"id":9396,"date":"2026-03-18T11:05:05","date_gmt":"2026-03-18T10:05:05","guid":{"rendered":"https:\/\/www.epsilon-pc.fr\/index.php\/produit\/msi-mag-forge-100r-o\/"},"modified":"2026-04-11T09:47:45","modified_gmt":"2026-04-11T07:47:45","slug":"msi-mag-forge-100r-o","status":"publish","type":"product","link":"https:\/\/www.epsilon-pc.fr\/index.php\/produit\/msi-mag-forge-100r-o\/","title":{"rendered":"MSI MAG FORGE 100R"},"content":{"rendered":"<dl class=\"data-sheet\">\n<dt class=\"name\">Couleur du produit<\/dt>\n<dd class=\"value\">Noir, Transparent<\/dd>\n<dt class=\"name\">Format<\/dt>\n<dd class=\"value\">Midi Tower<\/dd>\n<dt class=\"name\">Hauteur<\/dt>\n<dd class=\"value\">499 mm<\/dd>\n<dt class=\"name\">Largeur<\/dt>\n<dd class=\"value\">210 mm<\/dd>\n<dt class=\"name\">Poids<\/dt>\n<dd class=\"value\">5,64 kg<\/dd>\n<dt class=\"name\">Profondeur<\/dt>\n<dd class=\"value\">421 mm<\/dd>\n<dt class=\"name\">Entr\u00e9e audio<\/dt>\n<dd class=\"value\">Oui<\/dd>\n<dt class=\"name\">Facteur de forme de carte m\u00e8re support\u00e9<\/dt>\n<dd class=\"value\">ATX, micro ATX, Mini-ITX<\/dd>\n<dt class=\"name\">Filtre anti-poussi\u00e8re<\/dt>\n<dd class=\"value\">Oui<\/dd>\n<dt class=\"name\">Hauteur maximale refroidisseur de CPU<\/dt>\n<dd class=\"value\">16 cm<\/dd>\n<dt class=\"name\">Longueur maximale carte graphique<\/dt>\n<dd class=\"value\">33 cm<\/dd>\n<dt class=\"name\">Longueur maximale du c\u00e2ble d&rsquo;alimentation<\/dt>\n<dd class=\"value\">20 cm<\/dd>\n<dt class=\"name\">Nombre de slots d&rsquo;extension<\/dt>\n<dd class=\"value\">7<\/dd>\n<dt class=\"name\">Panneau(x) de verre tremp\u00e9<\/dt>\n<dd class=\"value\">Oui<\/dd>\n<dt class=\"name\">Pris en charge des diam\u00e8tres des ventilateurs arri\u00e8res<\/dt>\n<dd class=\"value\">120 mm<\/dd>\n<dt class=\"name\">Pris en charge des diam\u00e8tres des ventilateurs sup\u00e9rieurs<\/dt>\n<dd class=\"value\">120,140 mm<\/dd>\n<dt class=\"name\">Quantit\u00e9 de ports de type A USB 3.2 Gen 1 (3.1 Gen 1)<\/dt>\n<dd class=\"value\">2<\/dd>\n<dt class=\"name\">Sortie audio<\/dt>\n<dd class=\"value\">Oui<\/dd>\n<dt class=\"name\">Tailles de disques durs support\u00e9es<\/dt>\n<dd class=\"value\">2.5,3.5&Prime;<\/dd>\n<dt class=\"name\">Type<\/dt>\n<dd class=\"value\">PC<\/dd>\n<dt class=\"name\">Ventilateurs arri\u00e8res install\u00e9s<\/dt>\n<dd class=\"value\">1x 120 mm<\/dd>\n<dt class=\"name\">Ventilateurs arri\u00e8res maximaux<\/dt>\n<dd class=\"value\">1<\/dd>\n<dt class=\"name\">Ventilateurs sup\u00e9rieurs maximaux<\/dt>\n<dd class=\"value\">2<\/dd>\n<dt class=\"name\">Vitre lat\u00e9rale<\/dt>\n<dd class=\"value\">Oui<\/dd>\n<dt class=\"name\">Voyants<\/dt>\n<dd class=\"value\">Oui<\/dd>\n<dt class=\"name\">Couleur de l&rsquo;\u00e9clairage<\/dt>\n<dd class=\"value\">Multi<\/dd>\n<dt class=\"name\">\u00c9clairage<\/dt>\n<dd class=\"value\">Oui<\/dd>\n<dt class=\"name\">Bouton Marche\/Arr\u00eat<\/dt>\n<dd class=\"value\">Oui<\/dd>\n<dt class=\"name\">Bouton de r\u00e9initialisation<\/dt>\n<dd class=\"value\">Oui<\/dd>\n<dt class=\"name\">Mat\u00e9riel<\/dt>\n<dd class=\"value\">Verre tremp\u00e9<\/dd>\n<dt class=\"name\">Bloc d&rsquo;alimentation inclus<\/dt>\n<dd class=\"value\">Non<\/dd>\n<dt class=\"name\">Emplacement d&rsquo;alimentation<\/dt>\n<dd class=\"value\">Bas<\/dd>\n<dt class=\"name\">Emplacement d&rsquo;\u00e9clairage<\/dt>\n<dd class=\"value\">Ventilateur<\/dd>\n<dt class=\"name\">Prise en charge des diam\u00e8tres des ventilateurs avants<\/dt>\n<dd class=\"value\">120,140 mm<\/dd>\n<dt class=\"name\">Ventilateurs avant maximum<\/dt>\n<dd class=\"value\">3<\/dd>\n<dt class=\"name\">Ventilateurs install\u00e9s avant<\/dt>\n<dd class=\"value\">2x 120 mm<\/dd>\n<dt class=\"name\">Cage combo HDD\/SDD<\/dt>\n<dd class=\"value\">Oui<\/dd>\n<dt class=\"name\">Convient pour<\/dt>\n<dd class=\"value\">Gaming<\/dd>\n<dt class=\"name\">Descriptions des ventilateurs avant pris en charge<\/dt>\n<dd class=\"value\">addressable RGB LED<\/dd>\n<dt class=\"name\">Nombre de consoles 3.5&Prime;<\/dt>\n<dd class=\"value\">2<\/dd>\n<dt class=\"name\">Nombre de baies 2,5 \u00ab\u00a0<\/dt>\n<dd class=\"value\">3<\/dd>\n<dt class=\"name\">Nombre de baies 3,5 \u00ab\u00a0internes<\/dt>\n<dd class=\"value\">2<\/dd>\n<\/dl>\n","protected":false},"excerpt":{"rendered":"<p><strong>\ud83d\udc09 MSI : Le centre de commande de votre setup<\/strong><\/p>\n<p>Avec les gammes MAG Forge et MPG Gungnir, MSI propose des bo\u00eetiers au look agressif, offrant une excellente ventilation de base et une compatibilit\u00e9 parfaite avec l&rsquo;\u00e9clairage Mystic Light.<\/p>\n","protected":false},"featured_media":9395,"template":"","meta":{"ocean_post_layout":"","ocean_both_sidebars_style":"","ocean_both_sidebars_content_width":0,"ocean_both_sidebars_sidebars_width":0,"ocean_sidebar":"0","ocean_second_sidebar":"0","ocean_disable_margins":"enable","ocean_add_body_class":"","ocean_shortcode_before_top_bar":"","ocean_shortcode_after_top_bar":"","ocean_shortcode_before_header":"","ocean_shortcode_after_header":"","ocean_has_shortcode":"","ocean_shortcode_after_title":"","ocean_shortcode_before_footer_widgets":"","ocean_shortcode_after_footer_widgets":"","ocean_shortcode_before_footer_bottom":"","ocean_shortcode_after_footer_bottom":"","ocean_display_top_bar":"default","ocean_display_header":"default","ocean_header_style":"","ocean_center_header_left_menu":"0","ocean_custom_header_template":"0","ocean_custom_logo":0,"ocean_custom_retina_logo":0,"ocean_custom_logo_max_width":0,"ocean_custom_logo_tablet_max_width":0,"ocean_custom_logo_mobile_max_width":0,"ocean_custom_logo_max_height":0,"ocean_custom_logo_tablet_max_height":0,"ocean_custom_logo_mobile_max_height":0,"ocean_header_custom_menu":"0","ocean_menu_typo_font_family":"0","ocean_menu_typo_font_subset":"","ocean_menu_typo_font_size":0,"ocean_menu_typo_font_size_tablet":0,"ocean_menu_typo_font_size_mobile":0,"ocean_menu_typo_font_size_unit":"px","ocean_menu_typo_font_weight":"","ocean_menu_typo_font_weight_tablet":"","ocean_menu_typo_font_weight_mobile":"","ocean_menu_typo_transform":"","ocean_menu_typo_transform_tablet":"","ocean_menu_typo_transform_mobile":"","ocean_menu_typo_line_height":0,"ocean_menu_typo_line_height_tablet":0,"ocean_menu_typo_line_height_mobile":0,"ocean_menu_typo_line_height_unit":"","ocean_menu_typo_spacing":0,"ocean_menu_typo_spacing_tablet":0,"ocean_menu_typo_spacing_mobile":0,"ocean_menu_typo_spacing_unit":"","ocean_menu_link_color":"","ocean_menu_link_color_hover":"","ocean_menu_link_color_active":"","ocean_menu_link_background":"","ocean_menu_link_hover_background":"","ocean_menu_link_active_background":"","ocean_menu_social_links_bg":"","ocean_menu_social_hover_links_bg":"","ocean_menu_social_links_color":"","ocean_menu_social_hover_links_color":"","ocean_disable_title":"default","ocean_disable_heading":"default","ocean_post_title":"","ocean_post_subheading":"","ocean_post_title_style":"","ocean_post_title_background_color":"","ocean_post_title_background":0,"ocean_post_title_bg_image_position":"","ocean_post_title_bg_image_attachment":"","ocean_post_title_bg_image_repeat":"","ocean_post_title_bg_image_size":"","ocean_post_title_height":0,"ocean_post_title_bg_overlay":0.5,"ocean_post_title_bg_overlay_color":"","ocean_disable_breadcrumbs":"default","ocean_breadcrumbs_color":"","ocean_breadcrumbs_separator_color":"","ocean_breadcrumbs_links_color":"","ocean_breadcrumbs_links_hover_color":"","ocean_display_footer_widgets":"default","ocean_display_footer_bottom":"default","ocean_custom_footer_template":"0"},"product_brand":[25],"product_cat":[57],"product_tag":[],"class_list":{"0":"post-9396","1":"product","2":"type-product","3":"status-publish","4":"has-post-thumbnail","6":"product_brand-msi","7":"product_cat-boitier","8":"product_shipping_class-non-expediable","10":"entry","11":"has-media","13":"first","14":"instock","15":"taxable","16":"shipping-taxable","17":"purchasable","18":"product-type-simple","19":"has-product-nav","20":"col","21":"span_1_of_4","22":"owp-content-center","23":"owp-thumbs-layout-horizontal","24":"owp-btn-big","25":"owp-tabs-layout-horizontal","26":"has-no-thumbnails"},"yoast_head":"<!-- This site is optimized with the Yoast SEO plugin v27.3 - https:\/\/yoast.com\/product\/yoast-seo-wordpress\/ -->\n<title>MSI MAG FORGE 100R - Epsilon PC<\/title>\n<meta name=\"robots\" content=\"index, follow, max-snippet:-1, max-image-preview:large, max-video-preview:-1\" \/>\n<link rel=\"canonical\" href=\"https:\/\/www.epsilon-pc.fr\/index.php\/produit\/msi-mag-forge-100r-o\/\" \/>\n<meta property=\"og:locale\" content=\"fr_FR\" \/>\n<meta property=\"og:type\" content=\"article\" \/>\n<meta property=\"og:title\" content=\"MSI MAG FORGE 100R - Epsilon PC\" \/>\n<meta property=\"og:description\" content=\"\ud83d\udc09 MSI : Le centre de commande de votre setup  Avec les gammes MAG Forge et MPG Gungnir, MSI propose des bo\u00eetiers au look agressif, offrant une excellente ventilation de base et une compatibilit\u00e9 parfaite avec l&#039;\u00e9clairage Mystic Light.\" \/>\n<meta property=\"og:url\" content=\"https:\/\/www.epsilon-pc.fr\/index.php\/produit\/msi-mag-forge-100r-o\/\" \/>\n<meta property=\"og:site_name\" content=\"Epsilon PC\" \/>\n<meta property=\"article:modified_time\" content=\"2026-04-11T07:47:45+00:00\" \/>\n<meta property=\"og:image\" content=\"http:\/\/www.epsilon-pc.fr\/wp-content\/uploads\/2026\/03\/msi-mag-forge-100r-tour-atx.jpg\" \/>\n\t<meta property=\"og:image:width\" content=\"800\" \/>\n\t<meta property=\"og:image:height\" content=\"800\" \/>\n\t<meta property=\"og:image:type\" content=\"image\/jpeg\" \/>\n<meta name=\"twitter:card\" content=\"summary_large_image\" \/>\n<meta name=\"twitter:label1\" content=\"Dur\u00e9e de lecture estim\u00e9e\" \/>\n\t<meta name=\"twitter:data1\" content=\"1 minute\" \/>\n<script type=\"application\/ld+json\" class=\"yoast-schema-graph\">{\"@context\":\"https:\\\/\\\/schema.org\",\"@graph\":[{\"@type\":\"WebPage\",\"@id\":\"https:\\\/\\\/www.epsilon-pc.fr\\\/index.php\\\/produit\\\/msi-mag-forge-100r-o\\\/\",\"url\":\"https:\\\/\\\/www.epsilon-pc.fr\\\/index.php\\\/produit\\\/msi-mag-forge-100r-o\\\/\",\"name\":\"MSI MAG FORGE 100R - Epsilon PC\",\"isPartOf\":{\"@id\":\"https:\\\/\\\/www.epsilon-pc.fr\\\/#website\"},\"primaryImageOfPage\":{\"@id\":\"https:\\\/\\\/www.epsilon-pc.fr\\\/index.php\\\/produit\\\/msi-mag-forge-100r-o\\\/#primaryimage\"},\"image\":{\"@id\":\"https:\\\/\\\/www.epsilon-pc.fr\\\/index.php\\\/produit\\\/msi-mag-forge-100r-o\\\/#primaryimage\"},\"thumbnailUrl\":\"https:\\\/\\\/www.epsilon-pc.fr\\\/wp-content\\\/uploads\\\/2026\\\/03\\\/msi-mag-forge-100r-tour-atx.jpg\",\"datePublished\":\"2026-03-18T10:05:05+00:00\",\"dateModified\":\"2026-04-11T07:47:45+00:00\",\"breadcrumb\":{\"@id\":\"https:\\\/\\\/www.epsilon-pc.fr\\\/index.php\\\/produit\\\/msi-mag-forge-100r-o\\\/#breadcrumb\"},\"inLanguage\":\"fr-FR\",\"potentialAction\":[{\"@type\":\"ReadAction\",\"target\":[\"https:\\\/\\\/www.epsilon-pc.fr\\\/index.php\\\/produit\\\/msi-mag-forge-100r-o\\\/\"]}]},{\"@type\":\"ImageObject\",\"inLanguage\":\"fr-FR\",\"@id\":\"https:\\\/\\\/www.epsilon-pc.fr\\\/index.php\\\/produit\\\/msi-mag-forge-100r-o\\\/#primaryimage\",\"url\":\"https:\\\/\\\/www.epsilon-pc.fr\\\/wp-content\\\/uploads\\\/2026\\\/03\\\/msi-mag-forge-100r-tour-atx.jpg\",\"contentUrl\":\"https:\\\/\\\/www.epsilon-pc.fr\\\/wp-content\\\/uploads\\\/2026\\\/03\\\/msi-mag-forge-100r-tour-atx.jpg\",\"width\":800,\"height\":800},{\"@type\":\"BreadcrumbList\",\"@id\":\"https:\\\/\\\/www.epsilon-pc.fr\\\/index.php\\\/produit\\\/msi-mag-forge-100r-o\\\/#breadcrumb\",\"itemListElement\":[{\"@type\":\"ListItem\",\"position\":1,\"name\":\"Accueil\",\"item\":\"https:\\\/\\\/www.epsilon-pc.fr\\\/\"},{\"@type\":\"ListItem\",\"position\":2,\"name\":\"Boutique\",\"item\":\"https:\\\/\\\/www.epsilon-pc.fr\\\/index.php\\\/boutique\\\/\"},{\"@type\":\"ListItem\",\"position\":3,\"name\":\"MSI MAG FORGE 100R\"}]},{\"@type\":\"WebSite\",\"@id\":\"https:\\\/\\\/www.epsilon-pc.fr\\\/#website\",\"url\":\"https:\\\/\\\/www.epsilon-pc.fr\\\/\",\"name\":\"Epsilon PC\",\"description\":\"\",\"publisher\":{\"@id\":\"https:\\\/\\\/www.epsilon-pc.fr\\\/#organization\"},\"potentialAction\":[{\"@type\":\"SearchAction\",\"target\":{\"@type\":\"EntryPoint\",\"urlTemplate\":\"https:\\\/\\\/www.epsilon-pc.fr\\\/?s={search_term_string}\"},\"query-input\":{\"@type\":\"PropertyValueSpecification\",\"valueRequired\":true,\"valueName\":\"search_term_string\"}}],\"inLanguage\":\"fr-FR\"},{\"@type\":\"Organization\",\"@id\":\"https:\\\/\\\/www.epsilon-pc.fr\\\/#organization\",\"name\":\"Epsilon PC\",\"url\":\"https:\\\/\\\/www.epsilon-pc.fr\\\/\",\"logo\":{\"@type\":\"ImageObject\",\"inLanguage\":\"fr-FR\",\"@id\":\"https:\\\/\\\/www.epsilon-pc.fr\\\/#\\\/schema\\\/logo\\\/image\\\/\",\"url\":\"https:\\\/\\\/www.epsilon-pc.fr\\\/wp-content\\\/uploads\\\/2026\\\/02\\\/cropped-LogoEpsi-1.bmp\",\"contentUrl\":\"https:\\\/\\\/www.epsilon-pc.fr\\\/wp-content\\\/uploads\\\/2026\\\/02\\\/cropped-LogoEpsi-1.bmp\",\"width\":191,\"height\":59,\"caption\":\"Epsilon PC\"},\"image\":{\"@id\":\"https:\\\/\\\/www.epsilon-pc.fr\\\/#\\\/schema\\\/logo\\\/image\\\/\"}}]}<\/script>\n<!-- \/ Yoast SEO plugin. -->","yoast_head_json":{"title":"MSI MAG FORGE 100R - Epsilon PC","robots":{"index":"index","follow":"follow","max-snippet":"max-snippet:-1","max-image-preview":"max-image-preview:large","max-video-preview":"max-video-preview:-1"},"canonical":"https:\/\/www.epsilon-pc.fr\/index.php\/produit\/msi-mag-forge-100r-o\/","og_locale":"fr_FR","og_type":"article","og_title":"MSI MAG FORGE 100R - Epsilon PC","og_description":"\ud83d\udc09 MSI : Le centre de commande de votre setup  Avec les gammes MAG Forge et MPG Gungnir, MSI propose des bo\u00eetiers au look agressif, offrant une excellente ventilation de base et une compatibilit\u00e9 parfaite avec l'\u00e9clairage Mystic Light.","og_url":"https:\/\/www.epsilon-pc.fr\/index.php\/produit\/msi-mag-forge-100r-o\/","og_site_name":"Epsilon PC","article_modified_time":"2026-04-11T07:47:45+00:00","og_image":[{"width":800,"height":800,"url":"http:\/\/www.epsilon-pc.fr\/wp-content\/uploads\/2026\/03\/msi-mag-forge-100r-tour-atx.jpg","type":"image\/jpeg"}],"twitter_card":"summary_large_image","twitter_misc":{"Dur\u00e9e de lecture estim\u00e9e":"1 minute"},"schema":{"@context":"https:\/\/schema.org","@graph":[{"@type":"WebPage","@id":"https:\/\/www.epsilon-pc.fr\/index.php\/produit\/msi-mag-forge-100r-o\/","url":"https:\/\/www.epsilon-pc.fr\/index.php\/produit\/msi-mag-forge-100r-o\/","name":"MSI MAG FORGE 100R - Epsilon PC","isPartOf":{"@id":"https:\/\/www.epsilon-pc.fr\/#website"},"primaryImageOfPage":{"@id":"https:\/\/www.epsilon-pc.fr\/index.php\/produit\/msi-mag-forge-100r-o\/#primaryimage"},"image":{"@id":"https:\/\/www.epsilon-pc.fr\/index.php\/produit\/msi-mag-forge-100r-o\/#primaryimage"},"thumbnailUrl":"https:\/\/www.epsilon-pc.fr\/wp-content\/uploads\/2026\/03\/msi-mag-forge-100r-tour-atx.jpg","datePublished":"2026-03-18T10:05:05+00:00","dateModified":"2026-04-11T07:47:45+00:00","breadcrumb":{"@id":"https:\/\/www.epsilon-pc.fr\/index.php\/produit\/msi-mag-forge-100r-o\/#breadcrumb"},"inLanguage":"fr-FR","potentialAction":[{"@type":"ReadAction","target":["https:\/\/www.epsilon-pc.fr\/index.php\/produit\/msi-mag-forge-100r-o\/"]}]},{"@type":"ImageObject","inLanguage":"fr-FR","@id":"https:\/\/www.epsilon-pc.fr\/index.php\/produit\/msi-mag-forge-100r-o\/#primaryimage","url":"https:\/\/www.epsilon-pc.fr\/wp-content\/uploads\/2026\/03\/msi-mag-forge-100r-tour-atx.jpg","contentUrl":"https:\/\/www.epsilon-pc.fr\/wp-content\/uploads\/2026\/03\/msi-mag-forge-100r-tour-atx.jpg","width":800,"height":800},{"@type":"BreadcrumbList","@id":"https:\/\/www.epsilon-pc.fr\/index.php\/produit\/msi-mag-forge-100r-o\/#breadcrumb","itemListElement":[{"@type":"ListItem","position":1,"name":"Accueil","item":"https:\/\/www.epsilon-pc.fr\/"},{"@type":"ListItem","position":2,"name":"Boutique","item":"https:\/\/www.epsilon-pc.fr\/index.php\/boutique\/"},{"@type":"ListItem","position":3,"name":"MSI MAG FORGE 100R"}]},{"@type":"WebSite","@id":"https:\/\/www.epsilon-pc.fr\/#website","url":"https:\/\/www.epsilon-pc.fr\/","name":"Epsilon PC","description":"","publisher":{"@id":"https:\/\/www.epsilon-pc.fr\/#organization"},"potentialAction":[{"@type":"SearchAction","target":{"@type":"EntryPoint","urlTemplate":"https:\/\/www.epsilon-pc.fr\/?s={search_term_string}"},"query-input":{"@type":"PropertyValueSpecification","valueRequired":true,"valueName":"search_term_string"}}],"inLanguage":"fr-FR"},{"@type":"Organization","@id":"https:\/\/www.epsilon-pc.fr\/#organization","name":"Epsilon PC","url":"https:\/\/www.epsilon-pc.fr\/","logo":{"@type":"ImageObject","inLanguage":"fr-FR","@id":"https:\/\/www.epsilon-pc.fr\/#\/schema\/logo\/image\/","url":"https:\/\/www.epsilon-pc.fr\/wp-content\/uploads\/2026\/02\/cropped-LogoEpsi-1.bmp","contentUrl":"https:\/\/www.epsilon-pc.fr\/wp-content\/uploads\/2026\/02\/cropped-LogoEpsi-1.bmp","width":191,"height":59,"caption":"Epsilon PC"},"image":{"@id":"https:\/\/www.epsilon-pc.fr\/#\/schema\/logo\/image\/"}}]}},"_links":{"self":[{"href":"https:\/\/www.epsilon-pc.fr\/index.php\/wp-json\/wp\/v2\/product\/9396","targetHints":{"allow":["GET"]}}],"collection":[{"href":"https:\/\/www.epsilon-pc.fr\/index.php\/wp-json\/wp\/v2\/product"}],"about":[{"href":"https:\/\/www.epsilon-pc.fr\/index.php\/wp-json\/wp\/v2\/types\/product"}],"wp:featuredmedia":[{"embeddable":true,"href":"https:\/\/www.epsilon-pc.fr\/index.php\/wp-json\/wp\/v2\/media\/9395"}],"wp:attachment":[{"href":"https:\/\/www.epsilon-pc.fr\/index.php\/wp-json\/wp\/v2\/media?parent=9396"}],"wp:term":[{"taxonomy":"product_brand","embeddable":true,"href":"https:\/\/www.epsilon-pc.fr\/index.php\/wp-json\/wp\/v2\/product_brand?post=9396"},{"taxonomy":"product_cat","embeddable":true,"href":"https:\/\/www.epsilon-pc.fr\/index.php\/wp-json\/wp\/v2\/product_cat?post=9396"},{"taxonomy":"product_tag","embeddable":true,"href":"https:\/\/www.epsilon-pc.fr\/index.php\/wp-json\/wp\/v2\/product_tag?post=9396"}],"curies":[{"name":"wp","href":"https:\/\/api.w.org\/{rel}","templated":true}]}}