{"id":9359,"date":"2026-03-17T16:33:39","date_gmt":"2026-03-17T15:33:39","guid":{"rendered":"https:\/\/www.epsilon-pc.fr\/index.php\/produit\/amd-ryzen-7-8700f-tray\/"},"modified":"2026-04-03T17:00:22","modified_gmt":"2026-04-03T15:00:22","slug":"amd-ryzen-7-8700f-tray","status":"publish","type":"product","link":"https:\/\/www.epsilon-pc.fr\/index.php\/produit\/amd-ryzen-7-8700f-tray\/","title":{"rendered":"AMD RYZEN 7 8700F TRAY"},"content":{"rendered":"<dl class=\"data-sheet\">\n<dt class=\"name\">Carte graphique int\u00e9gr\u00e9e<\/dt>\n<dd class=\"value\">Non<\/dd>\n<dt class=\"name\">Enveloppe thermique \u00e9lev\u00e9e configurable<\/dt>\n<dd class=\"value\">65 W<\/dd>\n<dt class=\"name\">Fabricant de processeur<\/dt>\n<dd class=\"value\">AMD<\/dd>\n<dt class=\"name\">Famille de processeur<\/dt>\n<dd class=\"value\">AMD Ryzen\u2122 7<\/dd>\n<dt class=\"name\">Fr\u00e9quence du processeur Turbo<\/dt>\n<dd class=\"value\">5 GHz<\/dd>\n<dt class=\"name\">G\u00e9n\u00e9ration de processeurs<\/dt>\n<dd class=\"value\">AMD Ryzen 8000 Series<\/dd>\n<dt class=\"name\">Mod\u00e8le d&rsquo;adaptateur graphique distinct<\/dt>\n<dd class=\"value\">Indisponible<\/dd>\n<dt class=\"name\">Mod\u00e8le d&rsquo;adaptateur graphique inclus<\/dt>\n<dd class=\"value\">Indisponible<\/dd>\n<dt class=\"name\">Mod\u00e8le de processeur<\/dt>\n<dd class=\"value\">8700F<\/dd>\n<dt class=\"name\">M\u00e9moire cache du processeur<\/dt>\n<dd class=\"value\">16 Mo<\/dd>\n<dt class=\"name\">Nombre de coeurs de processeurs<\/dt>\n<dd class=\"value\">8<\/dd>\n<dt class=\"name\">TDP configurable vers le bas<\/dt>\n<dd class=\"value\">45 W<\/dd>\n<dt class=\"name\">Type de cache de processeur<\/dt>\n<dd class=\"value\">L3<\/dd>\n<dt class=\"name\">Canaux de m\u00e9moire<\/dt>\n<dd class=\"value\">Double canal<\/dd>\n<dt class=\"name\">Socket de processeur (r\u00e9ceptable de processeur)<\/dt>\n<dd class=\"value\">Emplacement AM5<\/dd>\n<dt class=\"name\">Version des emplacements PCI Express<\/dt>\n<dd class=\"value\">4.0<\/dd>\n<dt class=\"name\">Enveloppe thermique (TDP, Thermal Design Power)<\/dt>\n<dd class=\"value\">65 W<\/dd>\n<dt class=\"name\">Fr\u00e9quence de base du processeur<\/dt>\n<dd class=\"value\">4,1 GHz<\/dd>\n<dt class=\"name\">Lithographie du processeur<\/dt>\n<dd class=\"value\">4 nm<\/dd>\n<dt class=\"name\">Modes de fonctionnement du processeur<\/dt>\n<dd class=\"value\">64-bit<\/dd>\n<dt class=\"name\">Nombre de threads du processeur<\/dt>\n<dd class=\"value\">16<\/dd>\n<dt class=\"name\">Nombre maximum de voies PCI Express<\/dt>\n<dd class=\"value\">20<\/dd>\n<dt class=\"name\">Refroidisseur inclus<\/dt>\n<dd class=\"value\">Non<\/dd>\n<dt class=\"name\">Segment de march\u00e9<\/dt>\n<dd class=\"value\">Bureau<\/dd>\n<dt class=\"name\">Set d&rsquo;instructions pris en charge<\/dt>\n<dd class=\"value\">AES, AVX, AVX 2.0, AVX-512, MMX, SSE, SSE2, SSE3, SSE4.1, SSE4.2, SSSE3<\/dd>\n<dt class=\"name\">Types de m\u00e9moires pris en charge par le processeur<\/dt>\n<dd class=\"value\">DDR5-SDRAM<\/dd>\n<dt class=\"name\">Nombre de ports\u00a0USB<\/dt>\n<dd class=\"value\">5<\/dd>\n<dt class=\"name\">Vitesses d&rsquo;horloge de m\u00e9moire prises en charge par le processeur<\/dt>\n<dd class=\"value\">3600,5200 MHz<\/dd>\n<dt class=\"name\">Syst\u00e8mes d&rsquo;exploitation compatibles<\/dt>\n<dd class=\"value\">Windows 11\/10 x64, RHEL x86 64-bit, Ubuntu x86 64-bit<\/dd>\n<dt class=\"name\">Performances de la NPU jusqu&rsquo;\u00e0<\/dt>\n<dd class=\"value\">16 TOPs<\/dd>\n<dt class=\"name\">Unit\u00e9 de traitement neuronal (NPU)<\/dt>\n<dd class=\"value\">AMD Ryzen AI<\/dd>\n<\/dl>\n","protected":false},"excerpt":{"rendered":"<p><strong>\ud83d\udd25 AMD : La puissance brute pour le gaming et la cr\u00e9ation<\/strong><\/p>\n<p>Reconnue pour son architecture innovante Ryzen, AMD offre des processeurs multicoeurs exceptionnels. Que vous soyez un gamer \u00e0 la recherche de fluidit\u00e9 ou un cr\u00e9ateur de contenu exigeant, les processeurs AMD garantissent des performances de haut vol.<\/p>\n<ul>\n<li><strong>\u2699\ufe0f Ryzen 3 :<\/strong> L&rsquo;entr\u00e9e de gamme id\u00e9ale pour une bureautique ultra-r\u00e9active et un gaming abordable.<\/li>\n<li><strong>\u2694\ufe0f Ryzen 5 &amp; 7 :<\/strong> Le point d&rsquo;\u00e9quilibre parfait pour le gaming intensif et le multit\u00e2che fluide sans ralentissement.<\/li>\n<li><strong>\ud83d\udc51 Ryzen 9 &amp; Threadripper :<\/strong> Des performances extr\u00eames taill\u00e9es pour les stations de travail, le rendu 3D et le montage vid\u00e9o lourd.<\/li>\n<li><strong>\ud83d\ude80 S\u00e9ries X3D (3D V-Cache) :<\/strong> L&rsquo;arme ultime des gamers. Gr\u00e2ce \u00e0 une m\u00e9moire cache empil\u00e9e massivement, ces processeurs pulv\u00e9risent les compteurs de FPS en jeu.<\/li>\n<\/ul>\n","protected":false},"featured_media":9358,"template":"","meta":{"ocean_post_layout":"","ocean_both_sidebars_style":"","ocean_both_sidebars_content_width":0,"ocean_both_sidebars_sidebars_width":0,"ocean_sidebar":"0","ocean_second_sidebar":"0","ocean_disable_margins":"enable","ocean_add_body_class":"","ocean_shortcode_before_top_bar":"","ocean_shortcode_after_top_bar":"","ocean_shortcode_before_header":"","ocean_shortcode_after_header":"","ocean_has_shortcode":"","ocean_shortcode_after_title":"","ocean_shortcode_before_footer_widgets":"","ocean_shortcode_after_footer_widgets":"","ocean_shortcode_before_footer_bottom":"","ocean_shortcode_after_footer_bottom":"","ocean_display_top_bar":"default","ocean_display_header":"default","ocean_header_style":"","ocean_center_header_left_menu":"0","ocean_custom_header_template":"0","ocean_custom_logo":0,"ocean_custom_retina_logo":0,"ocean_custom_logo_max_width":0,"ocean_custom_logo_tablet_max_width":0,"ocean_custom_logo_mobile_max_width":0,"ocean_custom_logo_max_height":0,"ocean_custom_logo_tablet_max_height":0,"ocean_custom_logo_mobile_max_height":0,"ocean_header_custom_menu":"0","ocean_menu_typo_font_family":"0","ocean_menu_typo_font_subset":"","ocean_menu_typo_font_size":0,"ocean_menu_typo_font_size_tablet":0,"ocean_menu_typo_font_size_mobile":0,"ocean_menu_typo_font_size_unit":"px","ocean_menu_typo_font_weight":"","ocean_menu_typo_font_weight_tablet":"","ocean_menu_typo_font_weight_mobile":"","ocean_menu_typo_transform":"","ocean_menu_typo_transform_tablet":"","ocean_menu_typo_transform_mobile":"","ocean_menu_typo_line_height":0,"ocean_menu_typo_line_height_tablet":0,"ocean_menu_typo_line_height_mobile":0,"ocean_menu_typo_line_height_unit":"","ocean_menu_typo_spacing":0,"ocean_menu_typo_spacing_tablet":0,"ocean_menu_typo_spacing_mobile":0,"ocean_menu_typo_spacing_unit":"","ocean_menu_link_color":"","ocean_menu_link_color_hover":"","ocean_menu_link_color_active":"","ocean_menu_link_background":"","ocean_menu_link_hover_background":"","ocean_menu_link_active_background":"","ocean_menu_social_links_bg":"","ocean_menu_social_hover_links_bg":"","ocean_menu_social_links_color":"","ocean_menu_social_hover_links_color":"","ocean_disable_title":"default","ocean_disable_heading":"default","ocean_post_title":"","ocean_post_subheading":"","ocean_post_title_style":"","ocean_post_title_background_color":"","ocean_post_title_background":0,"ocean_post_title_bg_image_position":"","ocean_post_title_bg_image_attachment":"","ocean_post_title_bg_image_repeat":"","ocean_post_title_bg_image_size":"","ocean_post_title_height":0,"ocean_post_title_bg_overlay":0.5,"ocean_post_title_bg_overlay_color":"","ocean_disable_breadcrumbs":"default","ocean_breadcrumbs_color":"","ocean_breadcrumbs_separator_color":"","ocean_breadcrumbs_links_color":"","ocean_breadcrumbs_links_hover_color":"","ocean_display_footer_widgets":"default","ocean_display_footer_bottom":"default","ocean_custom_footer_template":"0"},"product_brand":[33],"product_cat":[93],"product_tag":[],"class_list":{"0":"post-9359","1":"product","2":"type-product","3":"status-publish","4":"has-post-thumbnail","6":"product_brand-amd","7":"product_cat-processeur-amd","9":"entry","10":"has-media","12":"first","13":"instock","14":"taxable","15":"shipping-taxable","16":"purchasable","17":"product-type-simple","18":"has-product-nav","19":"col","20":"span_1_of_4","21":"owp-content-center","22":"owp-thumbs-layout-horizontal","23":"owp-btn-big","24":"owp-tabs-layout-horizontal","25":"has-no-thumbnails"},"yoast_head":"<!-- This site is optimized with the Yoast SEO plugin v27.3 - https:\/\/yoast.com\/product\/yoast-seo-wordpress\/ -->\n<title>AMD RYZEN 7 8700F TRAY - Epsilon PC<\/title>\n<meta name=\"robots\" content=\"index, follow, max-snippet:-1, max-image-preview:large, max-video-preview:-1\" \/>\n<link rel=\"canonical\" href=\"https:\/\/www.epsilon-pc.fr\/index.php\/produit\/amd-ryzen-7-8700f-tray\/\" \/>\n<meta property=\"og:locale\" content=\"fr_FR\" \/>\n<meta property=\"og:type\" content=\"article\" \/>\n<meta property=\"og:title\" content=\"AMD RYZEN 7 8700F TRAY - Epsilon PC\" \/>\n<meta property=\"og:description\" content=\"\ud83d\udd25 AMD : La puissance brute pour le gaming et la cr\u00e9ation  Reconnue pour son architecture innovante Ryzen, AMD offre des processeurs multicoeurs exceptionnels. Que vous soyez un gamer \u00e0 la recherche de fluidit\u00e9 ou un cr\u00e9ateur de contenu exigeant, les processeurs AMD garantissent des performances de haut vol.   \u2699\ufe0f Ryzen 3 : L&#039;entr\u00e9e de gamme id\u00e9ale pour une bureautique ultra-r\u00e9active et un gaming abordable.  \u2694\ufe0f Ryzen 5 &amp; 7 : Le point d&#039;\u00e9quilibre parfait pour le gaming intensif et le multit\u00e2che fluide sans ralentissement.  \ud83d\udc51 Ryzen 9 &amp; Threadripper : Des performances extr\u00eames taill\u00e9es pour les stations de travail, le rendu 3D et le montage vid\u00e9o lourd.  \ud83d\ude80 S\u00e9ries X3D (3D V-Cache) : L&#039;arme ultime des gamers. Gr\u00e2ce \u00e0 une m\u00e9moire cache empil\u00e9e massivement, ces processeurs pulv\u00e9risent les compteurs de FPS en jeu.\" \/>\n<meta property=\"og:url\" content=\"https:\/\/www.epsilon-pc.fr\/index.php\/produit\/amd-ryzen-7-8700f-tray\/\" \/>\n<meta property=\"og:site_name\" content=\"Epsilon PC\" \/>\n<meta property=\"article:modified_time\" content=\"2026-04-03T15:00:22+00:00\" \/>\n<meta property=\"og:image\" content=\"http:\/\/www.epsilon-pc.fr\/wp-content\/uploads\/2026\/03\/amd-ryzen-7-8700f-tray.jpg\" \/>\n\t<meta property=\"og:image:width\" content=\"800\" \/>\n\t<meta property=\"og:image:height\" content=\"800\" \/>\n\t<meta property=\"og:image:type\" content=\"image\/jpeg\" \/>\n<meta name=\"twitter:card\" content=\"summary_large_image\" \/>\n<meta name=\"twitter:label1\" content=\"Dur\u00e9e de lecture estim\u00e9e\" \/>\n\t<meta name=\"twitter:data1\" content=\"1 minute\" \/>\n<script type=\"application\/ld+json\" class=\"yoast-schema-graph\">{\"@context\":\"https:\\\/\\\/schema.org\",\"@graph\":[{\"@type\":\"WebPage\",\"@id\":\"https:\\\/\\\/www.epsilon-pc.fr\\\/index.php\\\/produit\\\/amd-ryzen-7-8700f-tray\\\/\",\"url\":\"https:\\\/\\\/www.epsilon-pc.fr\\\/index.php\\\/produit\\\/amd-ryzen-7-8700f-tray\\\/\",\"name\":\"AMD RYZEN 7 8700F TRAY - Epsilon PC\",\"isPartOf\":{\"@id\":\"https:\\\/\\\/www.epsilon-pc.fr\\\/#website\"},\"primaryImageOfPage\":{\"@id\":\"https:\\\/\\\/www.epsilon-pc.fr\\\/index.php\\\/produit\\\/amd-ryzen-7-8700f-tray\\\/#primaryimage\"},\"image\":{\"@id\":\"https:\\\/\\\/www.epsilon-pc.fr\\\/index.php\\\/produit\\\/amd-ryzen-7-8700f-tray\\\/#primaryimage\"},\"thumbnailUrl\":\"https:\\\/\\\/www.epsilon-pc.fr\\\/wp-content\\\/uploads\\\/2026\\\/03\\\/amd-ryzen-7-8700f-tray.jpg\",\"datePublished\":\"2026-03-17T15:33:39+00:00\",\"dateModified\":\"2026-04-03T15:00:22+00:00\",\"breadcrumb\":{\"@id\":\"https:\\\/\\\/www.epsilon-pc.fr\\\/index.php\\\/produit\\\/amd-ryzen-7-8700f-tray\\\/#breadcrumb\"},\"inLanguage\":\"fr-FR\",\"potentialAction\":[{\"@type\":\"ReadAction\",\"target\":[\"https:\\\/\\\/www.epsilon-pc.fr\\\/index.php\\\/produit\\\/amd-ryzen-7-8700f-tray\\\/\"]}]},{\"@type\":\"ImageObject\",\"inLanguage\":\"fr-FR\",\"@id\":\"https:\\\/\\\/www.epsilon-pc.fr\\\/index.php\\\/produit\\\/amd-ryzen-7-8700f-tray\\\/#primaryimage\",\"url\":\"https:\\\/\\\/www.epsilon-pc.fr\\\/wp-content\\\/uploads\\\/2026\\\/03\\\/amd-ryzen-7-8700f-tray.jpg\",\"contentUrl\":\"https:\\\/\\\/www.epsilon-pc.fr\\\/wp-content\\\/uploads\\\/2026\\\/03\\\/amd-ryzen-7-8700f-tray.jpg\",\"width\":800,\"height\":800},{\"@type\":\"BreadcrumbList\",\"@id\":\"https:\\\/\\\/www.epsilon-pc.fr\\\/index.php\\\/produit\\\/amd-ryzen-7-8700f-tray\\\/#breadcrumb\",\"itemListElement\":[{\"@type\":\"ListItem\",\"position\":1,\"name\":\"Accueil\",\"item\":\"https:\\\/\\\/www.epsilon-pc.fr\\\/\"},{\"@type\":\"ListItem\",\"position\":2,\"name\":\"Boutique\",\"item\":\"https:\\\/\\\/www.epsilon-pc.fr\\\/index.php\\\/boutique\\\/\"},{\"@type\":\"ListItem\",\"position\":3,\"name\":\"AMD RYZEN 7 8700F TRAY\"}]},{\"@type\":\"WebSite\",\"@id\":\"https:\\\/\\\/www.epsilon-pc.fr\\\/#website\",\"url\":\"https:\\\/\\\/www.epsilon-pc.fr\\\/\",\"name\":\"Epsilon PC\",\"description\":\"\",\"publisher\":{\"@id\":\"https:\\\/\\\/www.epsilon-pc.fr\\\/#organization\"},\"potentialAction\":[{\"@type\":\"SearchAction\",\"target\":{\"@type\":\"EntryPoint\",\"urlTemplate\":\"https:\\\/\\\/www.epsilon-pc.fr\\\/?s={search_term_string}\"},\"query-input\":{\"@type\":\"PropertyValueSpecification\",\"valueRequired\":true,\"valueName\":\"search_term_string\"}}],\"inLanguage\":\"fr-FR\"},{\"@type\":\"Organization\",\"@id\":\"https:\\\/\\\/www.epsilon-pc.fr\\\/#organization\",\"name\":\"Epsilon PC\",\"url\":\"https:\\\/\\\/www.epsilon-pc.fr\\\/\",\"logo\":{\"@type\":\"ImageObject\",\"inLanguage\":\"fr-FR\",\"@id\":\"https:\\\/\\\/www.epsilon-pc.fr\\\/#\\\/schema\\\/logo\\\/image\\\/\",\"url\":\"https:\\\/\\\/www.epsilon-pc.fr\\\/wp-content\\\/uploads\\\/2026\\\/02\\\/cropped-LogoEpsi-1.bmp\",\"contentUrl\":\"https:\\\/\\\/www.epsilon-pc.fr\\\/wp-content\\\/uploads\\\/2026\\\/02\\\/cropped-LogoEpsi-1.bmp\",\"width\":191,\"height\":59,\"caption\":\"Epsilon PC\"},\"image\":{\"@id\":\"https:\\\/\\\/www.epsilon-pc.fr\\\/#\\\/schema\\\/logo\\\/image\\\/\"}}]}<\/script>\n<!-- \/ Yoast SEO plugin. -->","yoast_head_json":{"title":"AMD RYZEN 7 8700F TRAY - Epsilon PC","robots":{"index":"index","follow":"follow","max-snippet":"max-snippet:-1","max-image-preview":"max-image-preview:large","max-video-preview":"max-video-preview:-1"},"canonical":"https:\/\/www.epsilon-pc.fr\/index.php\/produit\/amd-ryzen-7-8700f-tray\/","og_locale":"fr_FR","og_type":"article","og_title":"AMD RYZEN 7 8700F TRAY - Epsilon PC","og_description":"\ud83d\udd25 AMD : La puissance brute pour le gaming et la cr\u00e9ation  Reconnue pour son architecture innovante Ryzen, AMD offre des processeurs multicoeurs exceptionnels. Que vous soyez un gamer \u00e0 la recherche de fluidit\u00e9 ou un cr\u00e9ateur de contenu exigeant, les processeurs AMD garantissent des performances de haut vol.   \u2699\ufe0f Ryzen 3 : L'entr\u00e9e de gamme id\u00e9ale pour une bureautique ultra-r\u00e9active et un gaming abordable.  \u2694\ufe0f Ryzen 5 &amp; 7 : Le point d'\u00e9quilibre parfait pour le gaming intensif et le multit\u00e2che fluide sans ralentissement.  \ud83d\udc51 Ryzen 9 &amp; Threadripper : Des performances extr\u00eames taill\u00e9es pour les stations de travail, le rendu 3D et le montage vid\u00e9o lourd.  \ud83d\ude80 S\u00e9ries X3D (3D V-Cache) : L'arme ultime des gamers. Gr\u00e2ce \u00e0 une m\u00e9moire cache empil\u00e9e massivement, ces processeurs pulv\u00e9risent les compteurs de FPS en jeu.","og_url":"https:\/\/www.epsilon-pc.fr\/index.php\/produit\/amd-ryzen-7-8700f-tray\/","og_site_name":"Epsilon PC","article_modified_time":"2026-04-03T15:00:22+00:00","og_image":[{"width":800,"height":800,"url":"http:\/\/www.epsilon-pc.fr\/wp-content\/uploads\/2026\/03\/amd-ryzen-7-8700f-tray.jpg","type":"image\/jpeg"}],"twitter_card":"summary_large_image","twitter_misc":{"Dur\u00e9e de lecture estim\u00e9e":"1 minute"},"schema":{"@context":"https:\/\/schema.org","@graph":[{"@type":"WebPage","@id":"https:\/\/www.epsilon-pc.fr\/index.php\/produit\/amd-ryzen-7-8700f-tray\/","url":"https:\/\/www.epsilon-pc.fr\/index.php\/produit\/amd-ryzen-7-8700f-tray\/","name":"AMD RYZEN 7 8700F TRAY - Epsilon PC","isPartOf":{"@id":"https:\/\/www.epsilon-pc.fr\/#website"},"primaryImageOfPage":{"@id":"https:\/\/www.epsilon-pc.fr\/index.php\/produit\/amd-ryzen-7-8700f-tray\/#primaryimage"},"image":{"@id":"https:\/\/www.epsilon-pc.fr\/index.php\/produit\/amd-ryzen-7-8700f-tray\/#primaryimage"},"thumbnailUrl":"https:\/\/www.epsilon-pc.fr\/wp-content\/uploads\/2026\/03\/amd-ryzen-7-8700f-tray.jpg","datePublished":"2026-03-17T15:33:39+00:00","dateModified":"2026-04-03T15:00:22+00:00","breadcrumb":{"@id":"https:\/\/www.epsilon-pc.fr\/index.php\/produit\/amd-ryzen-7-8700f-tray\/#breadcrumb"},"inLanguage":"fr-FR","potentialAction":[{"@type":"ReadAction","target":["https:\/\/www.epsilon-pc.fr\/index.php\/produit\/amd-ryzen-7-8700f-tray\/"]}]},{"@type":"ImageObject","inLanguage":"fr-FR","@id":"https:\/\/www.epsilon-pc.fr\/index.php\/produit\/amd-ryzen-7-8700f-tray\/#primaryimage","url":"https:\/\/www.epsilon-pc.fr\/wp-content\/uploads\/2026\/03\/amd-ryzen-7-8700f-tray.jpg","contentUrl":"https:\/\/www.epsilon-pc.fr\/wp-content\/uploads\/2026\/03\/amd-ryzen-7-8700f-tray.jpg","width":800,"height":800},{"@type":"BreadcrumbList","@id":"https:\/\/www.epsilon-pc.fr\/index.php\/produit\/amd-ryzen-7-8700f-tray\/#breadcrumb","itemListElement":[{"@type":"ListItem","position":1,"name":"Accueil","item":"https:\/\/www.epsilon-pc.fr\/"},{"@type":"ListItem","position":2,"name":"Boutique","item":"https:\/\/www.epsilon-pc.fr\/index.php\/boutique\/"},{"@type":"ListItem","position":3,"name":"AMD RYZEN 7 8700F TRAY"}]},{"@type":"WebSite","@id":"https:\/\/www.epsilon-pc.fr\/#website","url":"https:\/\/www.epsilon-pc.fr\/","name":"Epsilon PC","description":"","publisher":{"@id":"https:\/\/www.epsilon-pc.fr\/#organization"},"potentialAction":[{"@type":"SearchAction","target":{"@type":"EntryPoint","urlTemplate":"https:\/\/www.epsilon-pc.fr\/?s={search_term_string}"},"query-input":{"@type":"PropertyValueSpecification","valueRequired":true,"valueName":"search_term_string"}}],"inLanguage":"fr-FR"},{"@type":"Organization","@id":"https:\/\/www.epsilon-pc.fr\/#organization","name":"Epsilon PC","url":"https:\/\/www.epsilon-pc.fr\/","logo":{"@type":"ImageObject","inLanguage":"fr-FR","@id":"https:\/\/www.epsilon-pc.fr\/#\/schema\/logo\/image\/","url":"https:\/\/www.epsilon-pc.fr\/wp-content\/uploads\/2026\/02\/cropped-LogoEpsi-1.bmp","contentUrl":"https:\/\/www.epsilon-pc.fr\/wp-content\/uploads\/2026\/02\/cropped-LogoEpsi-1.bmp","width":191,"height":59,"caption":"Epsilon PC"},"image":{"@id":"https:\/\/www.epsilon-pc.fr\/#\/schema\/logo\/image\/"}}]}},"_links":{"self":[{"href":"https:\/\/www.epsilon-pc.fr\/index.php\/wp-json\/wp\/v2\/product\/9359","targetHints":{"allow":["GET"]}}],"collection":[{"href":"https:\/\/www.epsilon-pc.fr\/index.php\/wp-json\/wp\/v2\/product"}],"about":[{"href":"https:\/\/www.epsilon-pc.fr\/index.php\/wp-json\/wp\/v2\/types\/product"}],"wp:featuredmedia":[{"embeddable":true,"href":"https:\/\/www.epsilon-pc.fr\/index.php\/wp-json\/wp\/v2\/media\/9358"}],"wp:attachment":[{"href":"https:\/\/www.epsilon-pc.fr\/index.php\/wp-json\/wp\/v2\/media?parent=9359"}],"wp:term":[{"taxonomy":"product_brand","embeddable":true,"href":"https:\/\/www.epsilon-pc.fr\/index.php\/wp-json\/wp\/v2\/product_brand?post=9359"},{"taxonomy":"product_cat","embeddable":true,"href":"https:\/\/www.epsilon-pc.fr\/index.php\/wp-json\/wp\/v2\/product_cat?post=9359"},{"taxonomy":"product_tag","embeddable":true,"href":"https:\/\/www.epsilon-pc.fr\/index.php\/wp-json\/wp\/v2\/product_tag?post=9359"}],"curies":[{"name":"wp","href":"https:\/\/api.w.org\/{rel}","templated":true}]}}