{"id":9353,"date":"2026-03-17T16:33:32","date_gmt":"2026-03-17T15:33:32","guid":{"rendered":"https:\/\/www.epsilon-pc.fr\/index.php\/produit\/intel-core-ultra-5-225-tray\/"},"modified":"2026-04-03T17:00:21","modified_gmt":"2026-04-03T15:00:21","slug":"intel-core-ultra-5-225-tray","status":"publish","type":"product","link":"https:\/\/www.epsilon-pc.fr\/index.php\/produit\/intel-core-ultra-5-225-tray\/","title":{"rendered":"INTEL CORE ULTRA 5 225 TRAY"},"content":{"rendered":"<dl class=\"data-sheet\">\n<dt class=\"name\">Carte graphique int\u00e9gr\u00e9e<\/dt>\n<dd class=\"value\">Oui<\/dd>\n<dt class=\"name\">Fabricant de processeur<\/dt>\n<dd class=\"value\">Intel<\/dd>\n<dt class=\"name\">Famille de processeur<\/dt>\n<dd class=\"value\"><\/dd>\n<dt class=\"name\">Fr\u00e9quence du processeur Turbo<\/dt>\n<dd class=\"value\">4,9 GHz<\/dd>\n<dt class=\"name\">G\u00e9n\u00e9ration de processeurs<\/dt>\n<dd class=\"value\">Intel Core Ultra (Series 2)<\/dd>\n<dt class=\"name\">Intel\u00ae VT-x avec Extended Page Tables (EPT)<\/dt>\n<dd class=\"value\">Oui<\/dd>\n<dt class=\"name\">Les options int\u00e9gr\u00e9es disponibles<\/dt>\n<dd class=\"value\">Oui<\/dd>\n<dt class=\"name\">Mod\u00e8le d&rsquo;adaptateur graphique distinct<\/dt>\n<dd class=\"value\">Indisponible<\/dd>\n<dt class=\"name\">Mod\u00e8le d&rsquo;adaptateur graphique inclus<\/dt>\n<dd class=\"value\">Intel Graphics<\/dd>\n<dt class=\"name\">Mod\u00e8le de processeur<\/dt>\n<dd class=\"value\">225<\/dd>\n<dt class=\"name\">M\u00e9moire cache du processeur<\/dt>\n<dd class=\"value\">20 Mo<\/dd>\n<dt class=\"name\">Nombre de coeurs de processeurs<\/dt>\n<dd class=\"value\">10<\/dd>\n<dt class=\"name\">Technologie Intel\u00ae Virtualization Technology pour les E\/S dirig\u00e9es (VT-d)<\/dt>\n<dd class=\"value\">Oui<\/dd>\n<dt class=\"name\">Technologie Trusted Execution d&rsquo;Intel\u00ae<\/dt>\n<dd class=\"value\">Oui<\/dd>\n<dt class=\"name\">Technologie de vitalisation d&rsquo;Intel\u00ae (VT-x)<\/dt>\n<dd class=\"value\">Oui<\/dd>\n<dt class=\"name\">Type de cache de processeur<\/dt>\n<dd class=\"value\">Smart Cache<\/dd>\n<dt class=\"name\">\u00c9tats Idle<\/dt>\n<dd class=\"value\">Oui<\/dd>\n<dt class=\"name\">Canaux de m\u00e9moire<\/dt>\n<dd class=\"value\">Double canal<\/dd>\n<dt class=\"name\">M\u00e9moire interne maximale<\/dt>\n<dd class=\"value\">192 Go<\/dd>\n<dt class=\"name\">Socket de processeur (r\u00e9ceptable de processeur)<\/dt>\n<dd class=\"value\">LGA 1851 (Socket V1)<\/dd>\n<dt class=\"name\">Bit de verrouillage<\/dt>\n<dd class=\"value\">Oui<\/dd>\n<dt class=\"name\">Fr\u00e9quence de suralimentation des c\u0153urs efficaces<\/dt>\n<dd class=\"value\">4,4 GHz<\/dd>\n<dt class=\"name\">Intel\u00ae Thunderbolt 4<\/dt>\n<dd class=\"value\">Oui<\/dd>\n<dt class=\"name\">Puissance de base du processeur<\/dt>\n<dd class=\"value\">65 W<\/dd>\n<dt class=\"name\">Puissance maximum du turbo<\/dt>\n<dd class=\"value\">121 W<\/dd>\n<dt class=\"name\">Version des emplacements PCI Express<\/dt>\n<dd class=\"value\">4.0, 5.0<\/dd>\n<dt class=\"name\">Cl\u00e9 de s\u00e9curit\u00e9 Intel\u00ae<\/dt>\n<dd class=\"value\">Oui<\/dd>\n<dt class=\"name\">Date de lancement<\/dt>\n<dd class=\"value\">Q1&rsquo;25<\/dd>\n<dt class=\"name\">Etat<\/dt>\n<dd class=\"value\">Launched<\/dd>\n<dt class=\"name\">ID ARK du processeur<\/dt>\n<dd class=\"value\">241070<\/dd>\n<dt class=\"name\">Intel\u00ae 64<\/dt>\n<dd class=\"value\">Oui<\/dd>\n<dt class=\"name\">Intel\u00ae Boot Guard<\/dt>\n<dd class=\"value\">Oui<\/dd>\n<dt class=\"name\">Intel\u00ae Garde SE<\/dt>\n<dd class=\"value\">Oui<\/dd>\n<dt class=\"name\">Modes de fonctionnement du processeur<\/dt>\n<dd class=\"value\">64-bit<\/dd>\n<dt class=\"name\">M\u00e9moire interne maximum prise en charge par le processeur<\/dt>\n<dd class=\"value\">192 Go<\/dd>\n<dt class=\"name\">Nombre de threads du processeur<\/dt>\n<dd class=\"value\">10<\/dd>\n<dt class=\"name\">Nombre maximum de voies PCI Express<\/dt>\n<dd class=\"value\">24<\/dd>\n<dt class=\"name\">Nouvelles instructions Intel\u00ae AES (Intel\u00ae AES-NI)<\/dt>\n<dd class=\"value\">Oui<\/dd>\n<dt class=\"name\">Segment de march\u00e9<\/dt>\n<dd class=\"value\">Bureau<\/dd>\n<dt class=\"name\">Set d&rsquo;instructions pris en charge<\/dt>\n<dd class=\"value\">AVX 2.0, SSE4.1, SSE4.2<\/dd>\n<dt class=\"name\">Technologie Intel\u00ae Turbo Boost<\/dt>\n<dd class=\"value\">2.0<\/dd>\n<dt class=\"name\">Technologie SpeedStep \u00e9volu\u00e9e d&rsquo;Intel<\/dt>\n<dd class=\"value\">Oui<\/dd>\n<dt class=\"name\">Technologies de surveillance thermique<\/dt>\n<dd class=\"value\">Oui<\/dd>\n<dt class=\"name\">Types de m\u00e9moires pris en charge par le processeur<\/dt>\n<dd class=\"value\">DDR5-SDRAM<\/dd>\n<dt class=\"name\">\u00c9volutivit\u00e9<\/dt>\n<dd class=\"value\">1S<\/dd>\n<dt class=\"name\">Fr\u00e9quence de suralimentation des c\u0153urs performants<\/dt>\n<dd class=\"value\">4,9 GHz<\/dd>\n<dt class=\"name\">C\u0153urs de performance<\/dt>\n<dd class=\"value\">6<\/dd>\n<dt class=\"name\">C\u0153urs efficaces<\/dt>\n<dd class=\"value\">4<\/dd>\n<dt class=\"name\">Commande d\u2019ex\u00e9cution \u00e0 base de mode (MBE &#8211; Mode-based Execute Control)<\/dt>\n<dd class=\"value\">Oui<\/dd>\n<dt class=\"name\">Conditions d\u2019utilisation<\/dt>\n<dd class=\"value\">PC\/Client\/Tablet<\/dd>\n<dt class=\"name\">Intel\u00ae Control-flow Enforcement Technology (CET)<\/dt>\n<dd class=\"value\">Oui<\/dd>\n<dt class=\"name\">Nom de code du processeur<\/dt>\n<dd class=\"value\">Arrow Lake<\/dd>\n<dt class=\"name\">R\u00e9vision de l\u2019interface DMI (Direct Media Interface)<\/dt>\n<dd class=\"value\">4.0<\/dd>\n<dt class=\"name\">Technologie Speed Shift d&rsquo;Intel\u00ae<\/dt>\n<dd class=\"value\">Oui<\/dd>\n<dt class=\"name\">Fr\u00e9quence de base des c\u0153urs efficaces<\/dt>\n<dd class=\"value\">2,7 GHz<\/dd>\n<dt class=\"name\">Fr\u00e9quence de base des c\u0153urs performants<\/dt>\n<dd class=\"value\">3,3 GHz<\/dd>\n<dt class=\"name\">Cache L2<\/dt>\n<dd class=\"value\">22528 Ko<\/dd>\n<dt class=\"name\">Directeur de thread Intel\u00ae<\/dt>\n<dd class=\"value\">Oui<\/dd>\n<dt class=\"name\">Fr\u00e9quence de base de carte graphique int\u00e9gr\u00e9e<\/dt>\n<dd class=\"value\">300 MHz<\/dd>\n<dt class=\"name\">Fr\u00e9quence dynamique (max) de carte graphique int\u00e9gr\u00e9e<\/dt>\n<dd class=\"value\">1800 MHz<\/dd>\n<dt class=\"name\">Gestion standard Intel\u00ae (ISM)<\/dt>\n<dd class=\"value\">Oui<\/dd>\n<dt class=\"name\">ID de la carte graphique int\u00e9gr\u00e9e<\/dt>\n<dd class=\"value\">0x7D67<\/dd>\n<dt class=\"name\">Intel\u00ae Volume Management Device (VMD)<\/dt>\n<dd class=\"value\">Oui<\/dd>\n<dt class=\"name\">Nombre d&rsquo;affichages pris en charge par la carte graphique int\u00e9gr\u00e9e<\/dt>\n<dd class=\"value\">4<\/dd>\n<dt class=\"name\">Nombre maximum de voies DMI<\/dt>\n<dd class=\"value\">8<\/dd>\n<dt class=\"name\">Sortie graphiques<\/dt>\n<dd class=\"value\">DP2.1 UHBR20, HDM2.1 FRL 12GHz, eDP1.4b<\/dd>\n<dt class=\"name\">Sorties de la carte graphique prises en charge<\/dt>\n<dd class=\"value\">HDMI 2.1, Embedded DisplayPort (eDP) 1.4b, DisplayPort 2.1<\/dd>\n<dt class=\"name\">Taux de rafra\u00eechissement \u00e0 r\u00e9solution maximum (DisplayPort)<\/dt>\n<dd class=\"value\">60 Hz<\/dd>\n<dt class=\"name\">Taux de rafra\u00eechissement \u00e0 r\u00e9solution maximum (HDMI)<\/dt>\n<dd class=\"value\">60 Hz<\/dd>\n<dt class=\"name\">Taux de rafra\u00eechissement \u00e0 r\u00e9solution maximum (eDP &#8211; Integrated Flat Panel)<\/dt>\n<dd class=\"value\">60 Hz<\/dd>\n<dt class=\"name\">Technologie Intel\u00ae Quick Sync Video<\/dt>\n<dd class=\"value\">Oui<\/dd>\n<dt class=\"name\">Version DirectX de carte graphique int\u00e9gr\u00e9e<\/dt>\n<dd class=\"value\">12.0<\/dd>\n<dt class=\"name\">Version OpenCL<\/dt>\n<dd class=\"value\">3.0<\/dd>\n<dt class=\"name\">Version OpenGL de carte graphique int\u00e9gr\u00e9e<\/dt>\n<dd class=\"value\">4.5<\/dd>\n<dt class=\"name\">Vitesses d&rsquo;horloge de m\u00e9moire prises en charge par le processeur<\/dt>\n<dd class=\"value\">6400 MHz<\/dd>\n<dt class=\"name\">Temp\u00e9rature maximale de fonctionnement<\/dt>\n<dd class=\"value\">105 \u00b0C<\/dd>\n<dt class=\"name\">Performance totale du processeur jusqu&rsquo;\u00e0<\/dt>\n<dd class=\"value\">23 TOPs<\/dd>\n<dt class=\"name\">Performances de la NPU jusqu&rsquo;\u00e0<\/dt>\n<dd class=\"value\">13 TOPs<\/dd>\n<dt class=\"name\">Unit\u00e9 de traitement neuronal (NPU)<\/dt>\n<dd class=\"value\">Intel AI Boost<\/dd>\n<dt class=\"name\">Frameworks de logiciels d&rsquo;IA pris en charge par la NPU<\/dt>\n<dd class=\"value\">DirectML, OpenVINO, Windows ML, ONNX RT, WebNN<\/dd>\n<dt class=\"name\">Prise en charge des effets Windows Studio<\/dt>\n<dd class=\"value\">Oui<\/dd>\n<dt class=\"name\">Support raret\u00e9<\/dt>\n<dd class=\"value\">Oui<\/dd>\n<dt class=\"name\">Xe-cores<\/dt>\n<dd class=\"value\">2<\/dd>\n<dt class=\"name\">Performance du GPU jusqu&rsquo;\u00e0<\/dt>\n<dd class=\"value\">4 TOPs<\/dd>\n<dt class=\"name\">Intel\u00ae Deep Learning Boost (Intel\u00ae DL Boost) on CPU<\/dt>\n<dd class=\"value\">Oui<\/dd>\n<dt class=\"name\">Frameworks logiciels d&rsquo;IA pris en charge par l&rsquo;unit\u00e9 centrale<\/dt>\n<dd class=\"value\">DirectML, OpenVINO, Windows ML, ONNX RT, WebNN<\/dd>\n<dt class=\"name\">Intel\u00ae Deep Learning Boost (Intel\u00ae DL Boost) sur GPU<\/dt>\n<dd class=\"value\">Oui<\/dd>\n<\/dl>\n","protected":false},"excerpt":{"rendered":"<p><strong>\u26a1 Intel : L&rsquo;architecture hybride au service de la performance<\/strong><\/p>\n<p>Pionnier historique des microprocesseurs, Intel red\u00e9finit les standards avec son architecture combinant c\u0153urs de performance et c\u0153urs d&rsquo;efficacit\u00e9. Profitez d&rsquo;une r\u00e9activit\u00e9 sans faille pour toutes vos applications, du jeu \u00e0 la cr\u00e9ation.<\/p>\n<ul>\n<li><strong>\ud83c\udfae Core i5 &amp; i7 :<\/strong> La r\u00e9f\u00e9rence incontournable pour les configurations gaming et bureautiques avanc\u00e9es, offrant une stabilit\u00e9 \u00e0 toute \u00e9preuve et de hautes fr\u00e9quences.<\/li>\n<li><strong>\ud83c\udfc6 Core i9 :<\/strong> L&rsquo;\u00e9lite absolue pour les passionn\u00e9s et les professionnels qui refusent le moindre compromis sur la puissance de calcul brute.<\/li>\n<li><strong>\ud83e\udde0 Core Ultra :<\/strong> La toute nouvelle g\u00e9n\u00e9ration ! Propuls\u00e9e par l&rsquo;IA (NPU int\u00e9gr\u00e9), elle offre une efficacit\u00e9 \u00e9nerg\u00e9tique redoutable et des performances d&rsquo;avant-garde pour les usages de demain.<\/li>\n<\/ul>\n","protected":false},"featured_media":9352,"template":"","meta":{"ocean_post_layout":"","ocean_both_sidebars_style":"","ocean_both_sidebars_content_width":0,"ocean_both_sidebars_sidebars_width":0,"ocean_sidebar":"0","ocean_second_sidebar":"0","ocean_disable_margins":"enable","ocean_add_body_class":"","ocean_shortcode_before_top_bar":"","ocean_shortcode_after_top_bar":"","ocean_shortcode_before_header":"","ocean_shortcode_after_header":"","ocean_has_shortcode":"","ocean_shortcode_after_title":"","ocean_shortcode_before_footer_widgets":"","ocean_shortcode_after_footer_widgets":"","ocean_shortcode_before_footer_bottom":"","ocean_shortcode_after_footer_bottom":"","ocean_display_top_bar":"default","ocean_display_header":"default","ocean_header_style":"","ocean_center_header_left_menu":"0","ocean_custom_header_template":"0","ocean_custom_logo":0,"ocean_custom_retina_logo":0,"ocean_custom_logo_max_width":0,"ocean_custom_logo_tablet_max_width":0,"ocean_custom_logo_mobile_max_width":0,"ocean_custom_logo_max_height":0,"ocean_custom_logo_tablet_max_height":0,"ocean_custom_logo_mobile_max_height":0,"ocean_header_custom_menu":"0","ocean_menu_typo_font_family":"0","ocean_menu_typo_font_subset":"","ocean_menu_typo_font_size":0,"ocean_menu_typo_font_size_tablet":0,"ocean_menu_typo_font_size_mobile":0,"ocean_menu_typo_font_size_unit":"px","ocean_menu_typo_font_weight":"","ocean_menu_typo_font_weight_tablet":"","ocean_menu_typo_font_weight_mobile":"","ocean_menu_typo_transform":"","ocean_menu_typo_transform_tablet":"","ocean_menu_typo_transform_mobile":"","ocean_menu_typo_line_height":0,"ocean_menu_typo_line_height_tablet":0,"ocean_menu_typo_line_height_mobile":0,"ocean_menu_typo_line_height_unit":"","ocean_menu_typo_spacing":0,"ocean_menu_typo_spacing_tablet":0,"ocean_menu_typo_spacing_mobile":0,"ocean_menu_typo_spacing_unit":"","ocean_menu_link_color":"","ocean_menu_link_color_hover":"","ocean_menu_link_color_active":"","ocean_menu_link_background":"","ocean_menu_link_hover_background":"","ocean_menu_link_active_background":"","ocean_menu_social_links_bg":"","ocean_menu_social_hover_links_bg":"","ocean_menu_social_links_color":"","ocean_menu_social_hover_links_color":"","ocean_disable_title":"default","ocean_disable_heading":"default","ocean_post_title":"","ocean_post_subheading":"","ocean_post_title_style":"","ocean_post_title_background_color":"","ocean_post_title_background":0,"ocean_post_title_bg_image_position":"","ocean_post_title_bg_image_attachment":"","ocean_post_title_bg_image_repeat":"","ocean_post_title_bg_image_size":"","ocean_post_title_height":0,"ocean_post_title_bg_overlay":0.5,"ocean_post_title_bg_overlay_color":"","ocean_disable_breadcrumbs":"default","ocean_breadcrumbs_color":"","ocean_breadcrumbs_separator_color":"","ocean_breadcrumbs_links_color":"","ocean_breadcrumbs_links_hover_color":"","ocean_display_footer_widgets":"default","ocean_display_footer_bottom":"default","ocean_custom_footer_template":"0"},"product_brand":[34],"product_cat":[94],"product_tag":[],"class_list":{"0":"post-9353","1":"product","2":"type-product","3":"status-publish","4":"has-post-thumbnail","6":"product_brand-intel","7":"product_cat-processeur-intel","9":"entry","10":"has-media","12":"first","13":"instock","14":"taxable","15":"shipping-taxable","16":"purchasable","17":"product-type-simple","18":"has-product-nav","19":"col","20":"span_1_of_4","21":"owp-content-center","22":"owp-thumbs-layout-horizontal","23":"owp-btn-big","24":"owp-tabs-layout-horizontal","25":"has-no-thumbnails"},"yoast_head":"<!-- This site is optimized with the Yoast SEO plugin v27.3 - https:\/\/yoast.com\/product\/yoast-seo-wordpress\/ -->\n<title>INTEL CORE ULTRA 5 225 TRAY - Epsilon PC<\/title>\n<meta name=\"robots\" content=\"index, follow, max-snippet:-1, max-image-preview:large, max-video-preview:-1\" \/>\n<link rel=\"canonical\" href=\"https:\/\/www.epsilon-pc.fr\/index.php\/produit\/intel-core-ultra-5-225-tray\/\" \/>\n<meta property=\"og:locale\" content=\"fr_FR\" \/>\n<meta property=\"og:type\" content=\"article\" \/>\n<meta property=\"og:title\" content=\"INTEL CORE ULTRA 5 225 TRAY - Epsilon PC\" \/>\n<meta property=\"og:description\" content=\"\u26a1 Intel : L&#039;architecture hybride au service de la performance  Pionnier historique des microprocesseurs, Intel red\u00e9finit les standards avec son architecture combinant c\u0153urs de performance et c\u0153urs d&#039;efficacit\u00e9. Profitez d&#039;une r\u00e9activit\u00e9 sans faille pour toutes vos applications, du jeu \u00e0 la cr\u00e9ation.   \ud83c\udfae Core i5 &amp; i7 : La r\u00e9f\u00e9rence incontournable pour les configurations gaming et bureautiques avanc\u00e9es, offrant une stabilit\u00e9 \u00e0 toute \u00e9preuve et de hautes fr\u00e9quences.  \ud83c\udfc6 Core i9 : L&#039;\u00e9lite absolue pour les passionn\u00e9s et les professionnels qui refusent le moindre compromis sur la puissance de calcul brute.  \ud83e\udde0 Core Ultra : La toute nouvelle g\u00e9n\u00e9ration ! Propuls\u00e9e par l&#039;IA (NPU int\u00e9gr\u00e9), elle offre une efficacit\u00e9 \u00e9nerg\u00e9tique redoutable et des performances d&#039;avant-garde pour les usages de demain.\" \/>\n<meta property=\"og:url\" content=\"https:\/\/www.epsilon-pc.fr\/index.php\/produit\/intel-core-ultra-5-225-tray\/\" \/>\n<meta property=\"og:site_name\" content=\"Epsilon PC\" \/>\n<meta property=\"article:modified_time\" content=\"2026-04-03T15:00:21+00:00\" \/>\n<meta property=\"og:image\" content=\"http:\/\/www.epsilon-pc.fr\/wp-content\/uploads\/2026\/03\/intel-core-ultra-5-225-tray.jpg\" \/>\n\t<meta property=\"og:image:width\" content=\"800\" \/>\n\t<meta property=\"og:image:height\" content=\"800\" \/>\n\t<meta property=\"og:image:type\" content=\"image\/jpeg\" \/>\n<meta name=\"twitter:card\" content=\"summary_large_image\" \/>\n<meta name=\"twitter:label1\" content=\"Dur\u00e9e de lecture estim\u00e9e\" \/>\n\t<meta name=\"twitter:data1\" content=\"1 minute\" \/>\n<script type=\"application\/ld+json\" class=\"yoast-schema-graph\">{\"@context\":\"https:\\\/\\\/schema.org\",\"@graph\":[{\"@type\":\"WebPage\",\"@id\":\"https:\\\/\\\/www.epsilon-pc.fr\\\/index.php\\\/produit\\\/intel-core-ultra-5-225-tray\\\/\",\"url\":\"https:\\\/\\\/www.epsilon-pc.fr\\\/index.php\\\/produit\\\/intel-core-ultra-5-225-tray\\\/\",\"name\":\"INTEL CORE ULTRA 5 225 TRAY - Epsilon PC\",\"isPartOf\":{\"@id\":\"https:\\\/\\\/www.epsilon-pc.fr\\\/#website\"},\"primaryImageOfPage\":{\"@id\":\"https:\\\/\\\/www.epsilon-pc.fr\\\/index.php\\\/produit\\\/intel-core-ultra-5-225-tray\\\/#primaryimage\"},\"image\":{\"@id\":\"https:\\\/\\\/www.epsilon-pc.fr\\\/index.php\\\/produit\\\/intel-core-ultra-5-225-tray\\\/#primaryimage\"},\"thumbnailUrl\":\"https:\\\/\\\/www.epsilon-pc.fr\\\/wp-content\\\/uploads\\\/2026\\\/03\\\/intel-core-ultra-5-225-tray.jpg\",\"datePublished\":\"2026-03-17T15:33:32+00:00\",\"dateModified\":\"2026-04-03T15:00:21+00:00\",\"breadcrumb\":{\"@id\":\"https:\\\/\\\/www.epsilon-pc.fr\\\/index.php\\\/produit\\\/intel-core-ultra-5-225-tray\\\/#breadcrumb\"},\"inLanguage\":\"fr-FR\",\"potentialAction\":[{\"@type\":\"ReadAction\",\"target\":[\"https:\\\/\\\/www.epsilon-pc.fr\\\/index.php\\\/produit\\\/intel-core-ultra-5-225-tray\\\/\"]}]},{\"@type\":\"ImageObject\",\"inLanguage\":\"fr-FR\",\"@id\":\"https:\\\/\\\/www.epsilon-pc.fr\\\/index.php\\\/produit\\\/intel-core-ultra-5-225-tray\\\/#primaryimage\",\"url\":\"https:\\\/\\\/www.epsilon-pc.fr\\\/wp-content\\\/uploads\\\/2026\\\/03\\\/intel-core-ultra-5-225-tray.jpg\",\"contentUrl\":\"https:\\\/\\\/www.epsilon-pc.fr\\\/wp-content\\\/uploads\\\/2026\\\/03\\\/intel-core-ultra-5-225-tray.jpg\",\"width\":800,\"height\":800},{\"@type\":\"BreadcrumbList\",\"@id\":\"https:\\\/\\\/www.epsilon-pc.fr\\\/index.php\\\/produit\\\/intel-core-ultra-5-225-tray\\\/#breadcrumb\",\"itemListElement\":[{\"@type\":\"ListItem\",\"position\":1,\"name\":\"Accueil\",\"item\":\"https:\\\/\\\/www.epsilon-pc.fr\\\/\"},{\"@type\":\"ListItem\",\"position\":2,\"name\":\"Boutique\",\"item\":\"https:\\\/\\\/www.epsilon-pc.fr\\\/index.php\\\/boutique\\\/\"},{\"@type\":\"ListItem\",\"position\":3,\"name\":\"INTEL CORE ULTRA 5 225 TRAY\"}]},{\"@type\":\"WebSite\",\"@id\":\"https:\\\/\\\/www.epsilon-pc.fr\\\/#website\",\"url\":\"https:\\\/\\\/www.epsilon-pc.fr\\\/\",\"name\":\"Epsilon PC\",\"description\":\"\",\"publisher\":{\"@id\":\"https:\\\/\\\/www.epsilon-pc.fr\\\/#organization\"},\"potentialAction\":[{\"@type\":\"SearchAction\",\"target\":{\"@type\":\"EntryPoint\",\"urlTemplate\":\"https:\\\/\\\/www.epsilon-pc.fr\\\/?s={search_term_string}\"},\"query-input\":{\"@type\":\"PropertyValueSpecification\",\"valueRequired\":true,\"valueName\":\"search_term_string\"}}],\"inLanguage\":\"fr-FR\"},{\"@type\":\"Organization\",\"@id\":\"https:\\\/\\\/www.epsilon-pc.fr\\\/#organization\",\"name\":\"Epsilon PC\",\"url\":\"https:\\\/\\\/www.epsilon-pc.fr\\\/\",\"logo\":{\"@type\":\"ImageObject\",\"inLanguage\":\"fr-FR\",\"@id\":\"https:\\\/\\\/www.epsilon-pc.fr\\\/#\\\/schema\\\/logo\\\/image\\\/\",\"url\":\"https:\\\/\\\/www.epsilon-pc.fr\\\/wp-content\\\/uploads\\\/2026\\\/02\\\/cropped-LogoEpsi-1.bmp\",\"contentUrl\":\"https:\\\/\\\/www.epsilon-pc.fr\\\/wp-content\\\/uploads\\\/2026\\\/02\\\/cropped-LogoEpsi-1.bmp\",\"width\":191,\"height\":59,\"caption\":\"Epsilon PC\"},\"image\":{\"@id\":\"https:\\\/\\\/www.epsilon-pc.fr\\\/#\\\/schema\\\/logo\\\/image\\\/\"}}]}<\/script>\n<!-- \/ Yoast SEO plugin. -->","yoast_head_json":{"title":"INTEL CORE ULTRA 5 225 TRAY - Epsilon PC","robots":{"index":"index","follow":"follow","max-snippet":"max-snippet:-1","max-image-preview":"max-image-preview:large","max-video-preview":"max-video-preview:-1"},"canonical":"https:\/\/www.epsilon-pc.fr\/index.php\/produit\/intel-core-ultra-5-225-tray\/","og_locale":"fr_FR","og_type":"article","og_title":"INTEL CORE ULTRA 5 225 TRAY - Epsilon PC","og_description":"\u26a1 Intel : L'architecture hybride au service de la performance  Pionnier historique des microprocesseurs, Intel red\u00e9finit les standards avec son architecture combinant c\u0153urs de performance et c\u0153urs d'efficacit\u00e9. Profitez d'une r\u00e9activit\u00e9 sans faille pour toutes vos applications, du jeu \u00e0 la cr\u00e9ation.   \ud83c\udfae Core i5 &amp; i7 : La r\u00e9f\u00e9rence incontournable pour les configurations gaming et bureautiques avanc\u00e9es, offrant une stabilit\u00e9 \u00e0 toute \u00e9preuve et de hautes fr\u00e9quences.  \ud83c\udfc6 Core i9 : L'\u00e9lite absolue pour les passionn\u00e9s et les professionnels qui refusent le moindre compromis sur la puissance de calcul brute.  \ud83e\udde0 Core Ultra : La toute nouvelle g\u00e9n\u00e9ration ! Propuls\u00e9e par l'IA (NPU int\u00e9gr\u00e9), elle offre une efficacit\u00e9 \u00e9nerg\u00e9tique redoutable et des performances d'avant-garde pour les usages de demain.","og_url":"https:\/\/www.epsilon-pc.fr\/index.php\/produit\/intel-core-ultra-5-225-tray\/","og_site_name":"Epsilon PC","article_modified_time":"2026-04-03T15:00:21+00:00","og_image":[{"width":800,"height":800,"url":"http:\/\/www.epsilon-pc.fr\/wp-content\/uploads\/2026\/03\/intel-core-ultra-5-225-tray.jpg","type":"image\/jpeg"}],"twitter_card":"summary_large_image","twitter_misc":{"Dur\u00e9e de lecture estim\u00e9e":"1 minute"},"schema":{"@context":"https:\/\/schema.org","@graph":[{"@type":"WebPage","@id":"https:\/\/www.epsilon-pc.fr\/index.php\/produit\/intel-core-ultra-5-225-tray\/","url":"https:\/\/www.epsilon-pc.fr\/index.php\/produit\/intel-core-ultra-5-225-tray\/","name":"INTEL CORE ULTRA 5 225 TRAY - Epsilon PC","isPartOf":{"@id":"https:\/\/www.epsilon-pc.fr\/#website"},"primaryImageOfPage":{"@id":"https:\/\/www.epsilon-pc.fr\/index.php\/produit\/intel-core-ultra-5-225-tray\/#primaryimage"},"image":{"@id":"https:\/\/www.epsilon-pc.fr\/index.php\/produit\/intel-core-ultra-5-225-tray\/#primaryimage"},"thumbnailUrl":"https:\/\/www.epsilon-pc.fr\/wp-content\/uploads\/2026\/03\/intel-core-ultra-5-225-tray.jpg","datePublished":"2026-03-17T15:33:32+00:00","dateModified":"2026-04-03T15:00:21+00:00","breadcrumb":{"@id":"https:\/\/www.epsilon-pc.fr\/index.php\/produit\/intel-core-ultra-5-225-tray\/#breadcrumb"},"inLanguage":"fr-FR","potentialAction":[{"@type":"ReadAction","target":["https:\/\/www.epsilon-pc.fr\/index.php\/produit\/intel-core-ultra-5-225-tray\/"]}]},{"@type":"ImageObject","inLanguage":"fr-FR","@id":"https:\/\/www.epsilon-pc.fr\/index.php\/produit\/intel-core-ultra-5-225-tray\/#primaryimage","url":"https:\/\/www.epsilon-pc.fr\/wp-content\/uploads\/2026\/03\/intel-core-ultra-5-225-tray.jpg","contentUrl":"https:\/\/www.epsilon-pc.fr\/wp-content\/uploads\/2026\/03\/intel-core-ultra-5-225-tray.jpg","width":800,"height":800},{"@type":"BreadcrumbList","@id":"https:\/\/www.epsilon-pc.fr\/index.php\/produit\/intel-core-ultra-5-225-tray\/#breadcrumb","itemListElement":[{"@type":"ListItem","position":1,"name":"Accueil","item":"https:\/\/www.epsilon-pc.fr\/"},{"@type":"ListItem","position":2,"name":"Boutique","item":"https:\/\/www.epsilon-pc.fr\/index.php\/boutique\/"},{"@type":"ListItem","position":3,"name":"INTEL CORE ULTRA 5 225 TRAY"}]},{"@type":"WebSite","@id":"https:\/\/www.epsilon-pc.fr\/#website","url":"https:\/\/www.epsilon-pc.fr\/","name":"Epsilon PC","description":"","publisher":{"@id":"https:\/\/www.epsilon-pc.fr\/#organization"},"potentialAction":[{"@type":"SearchAction","target":{"@type":"EntryPoint","urlTemplate":"https:\/\/www.epsilon-pc.fr\/?s={search_term_string}"},"query-input":{"@type":"PropertyValueSpecification","valueRequired":true,"valueName":"search_term_string"}}],"inLanguage":"fr-FR"},{"@type":"Organization","@id":"https:\/\/www.epsilon-pc.fr\/#organization","name":"Epsilon PC","url":"https:\/\/www.epsilon-pc.fr\/","logo":{"@type":"ImageObject","inLanguage":"fr-FR","@id":"https:\/\/www.epsilon-pc.fr\/#\/schema\/logo\/image\/","url":"https:\/\/www.epsilon-pc.fr\/wp-content\/uploads\/2026\/02\/cropped-LogoEpsi-1.bmp","contentUrl":"https:\/\/www.epsilon-pc.fr\/wp-content\/uploads\/2026\/02\/cropped-LogoEpsi-1.bmp","width":191,"height":59,"caption":"Epsilon PC"},"image":{"@id":"https:\/\/www.epsilon-pc.fr\/#\/schema\/logo\/image\/"}}]}},"_links":{"self":[{"href":"https:\/\/www.epsilon-pc.fr\/index.php\/wp-json\/wp\/v2\/product\/9353","targetHints":{"allow":["GET"]}}],"collection":[{"href":"https:\/\/www.epsilon-pc.fr\/index.php\/wp-json\/wp\/v2\/product"}],"about":[{"href":"https:\/\/www.epsilon-pc.fr\/index.php\/wp-json\/wp\/v2\/types\/product"}],"wp:featuredmedia":[{"embeddable":true,"href":"https:\/\/www.epsilon-pc.fr\/index.php\/wp-json\/wp\/v2\/media\/9352"}],"wp:attachment":[{"href":"https:\/\/www.epsilon-pc.fr\/index.php\/wp-json\/wp\/v2\/media?parent=9353"}],"wp:term":[{"taxonomy":"product_brand","embeddable":true,"href":"https:\/\/www.epsilon-pc.fr\/index.php\/wp-json\/wp\/v2\/product_brand?post=9353"},{"taxonomy":"product_cat","embeddable":true,"href":"https:\/\/www.epsilon-pc.fr\/index.php\/wp-json\/wp\/v2\/product_cat?post=9353"},{"taxonomy":"product_tag","embeddable":true,"href":"https:\/\/www.epsilon-pc.fr\/index.php\/wp-json\/wp\/v2\/product_tag?post=9353"}],"curies":[{"name":"wp","href":"https:\/\/api.w.org\/{rel}","templated":true}]}}