{"id":9303,"date":"2026-03-17T16:32:32","date_gmt":"2026-03-17T15:32:32","guid":{"rendered":"https:\/\/www.epsilon-pc.fr\/index.php\/produit\/intel-core-i3-12100f\/"},"modified":"2026-04-03T17:00:18","modified_gmt":"2026-04-03T15:00:18","slug":"intel-core-i3-12100f","status":"publish","type":"product","link":"https:\/\/www.epsilon-pc.fr\/index.php\/produit\/intel-core-i3-12100f\/","title":{"rendered":"INTEL CORE I3-12100F"},"content":{"rendered":"<dl class=\"data-sheet\">\n<dt class=\"name\">Carte graphique int\u00e9gr\u00e9e<\/dt>\n<dd class=\"value\">Non<\/dd>\n<dt class=\"name\">Configuration CPU (max)<\/dt>\n<dd class=\"value\">1<\/dd>\n<dt class=\"name\">Fabricant de processeur<\/dt>\n<dd class=\"value\">Intel<\/dd>\n<dt class=\"name\">Famille de processeur<\/dt>\n<dd class=\"value\">Intel\u00ae Core\u2122 i3<\/dd>\n<dt class=\"name\">Fr\u00e9quence du processeur Turbo<\/dt>\n<dd class=\"value\">4,3 GHz<\/dd>\n<dt class=\"name\">G\u00e9n\u00e9ration de processeurs<\/dt>\n<dd class=\"value\">12e g\u00e9n\u00e9ration de processeurs Intel\u00ae Core\u2122 i3<\/dd>\n<dt class=\"name\">Intel\u00ae VT-x avec Extended Page Tables (EPT)<\/dt>\n<dd class=\"value\">Oui<\/dd>\n<dt class=\"name\">Les options int\u00e9gr\u00e9es disponibles<\/dt>\n<dd class=\"value\">Non<\/dd>\n<dt class=\"name\">Mod\u00e8le d&rsquo;adaptateur graphique distinct<\/dt>\n<dd class=\"value\">Indisponible<\/dd>\n<dt class=\"name\">Mod\u00e8le d&rsquo;adaptateur graphique inclus<\/dt>\n<dd class=\"value\">Indisponible<\/dd>\n<dt class=\"name\">Mod\u00e8le de processeur<\/dt>\n<dd class=\"value\">i3-12100F<\/dd>\n<dt class=\"name\">M\u00e9moire cache du processeur<\/dt>\n<dd class=\"value\">12 Mo<\/dd>\n<dt class=\"name\">Nombre de coeurs de processeurs<\/dt>\n<dd class=\"value\">4<\/dd>\n<dt class=\"name\">Technologie Intel\u00ae Virtualization Technology pour les E\/S dirig\u00e9es (VT-d)<\/dt>\n<dd class=\"value\">Oui<\/dd>\n<dt class=\"name\">Technologie de vitalisation d&rsquo;Intel\u00ae (VT-x)<\/dt>\n<dd class=\"value\">Oui<\/dd>\n<dt class=\"name\">Type de cache de processeur<\/dt>\n<dd class=\"value\">Smart Cache<\/dd>\n<dt class=\"name\">\u00c9tats Idle<\/dt>\n<dd class=\"value\">Oui<\/dd>\n<dt class=\"name\">Canaux de m\u00e9moire<\/dt>\n<dd class=\"value\">Double canal<\/dd>\n<dt class=\"name\">M\u00e9moire interne maximale<\/dt>\n<dd class=\"value\">128 Go<\/dd>\n<dt class=\"name\">Non-ECC<\/dt>\n<dd class=\"value\">Oui<\/dd>\n<dt class=\"name\">Socket de processeur (r\u00e9ceptable de processeur)<\/dt>\n<dd class=\"value\">LGA 1700<\/dd>\n<dt class=\"name\">Bit de verrouillage<\/dt>\n<dd class=\"value\">Oui<\/dd>\n<dt class=\"name\">Puissance de base du processeur<\/dt>\n<dd class=\"value\">58 W<\/dd>\n<dt class=\"name\">Puissance maximum du turbo<\/dt>\n<dd class=\"value\">89 W<\/dd>\n<dt class=\"name\">Version des emplacements PCI Express<\/dt>\n<dd class=\"value\">4.0, 5.0<\/dd>\n<dt class=\"name\">Bo\u00eete<\/dt>\n<dd class=\"value\">Oui<\/dd>\n<dt class=\"name\">Cl\u00e9 de s\u00e9curit\u00e9 Intel\u00ae<\/dt>\n<dd class=\"value\">Oui<\/dd>\n<dt class=\"name\">Configurations de PCI Express<\/dt>\n<dd class=\"value\">1&#215;16+1&#215;4, 2&#215;8+1&#215;4<\/dd>\n<dt class=\"name\">Date de lancement<\/dt>\n<dd class=\"value\">Q1&rsquo;22<\/dd>\n<dt class=\"name\">Etat<\/dt>\n<dd class=\"value\">Launched<\/dd>\n<dt class=\"name\">ID ARK du processeur<\/dt>\n<dd class=\"value\">132223<\/dd>\n<dt class=\"name\">Intel\u00ae 64<\/dt>\n<dd class=\"value\">Oui<\/dd>\n<dt class=\"name\">Intel\u00ae Boot Guard<\/dt>\n<dd class=\"value\">Oui<\/dd>\n<dt class=\"name\">Intel\u00ae Garde SE<\/dt>\n<dd class=\"value\">Oui<\/dd>\n<dt class=\"name\">Modes de fonctionnement du processeur<\/dt>\n<dd class=\"value\">64-bit<\/dd>\n<dt class=\"name\">M\u00e9moire interne maximum prise en charge par le processeur<\/dt>\n<dd class=\"value\">128 Go<\/dd>\n<dt class=\"name\">Nombre de threads du processeur<\/dt>\n<dd class=\"value\">8<\/dd>\n<dt class=\"name\">Nombre maximum de voies PCI Express<\/dt>\n<dd class=\"value\">20<\/dd>\n<dt class=\"name\">Nouvelles instructions Intel\u00ae AES (Intel\u00ae AES-NI)<\/dt>\n<dd class=\"value\">Oui<\/dd>\n<dt class=\"name\">Num\u00e9ro de classification de contr\u00f4le \u00e0 l\u2019exportation (ECCN)<\/dt>\n<dd class=\"value\">5A992CN3<\/dd>\n<dt class=\"name\">Refroidisseur inclus<\/dt>\n<dd class=\"value\">Oui<\/dd>\n<dt class=\"name\">Segment de march\u00e9<\/dt>\n<dd class=\"value\">Bureau<\/dd>\n<dt class=\"name\">Set d&rsquo;instructions pris en charge<\/dt>\n<dd class=\"value\">SSE4.1, SSE4.2, AVX 2.0<\/dd>\n<dt class=\"name\">Syst\u00e8me de suivi automatis\u00e9 de classification des marchandises (CCATS)<\/dt>\n<dd class=\"value\">G167599<\/dd>\n<dt class=\"name\">Taille de l&#8217;emballage du processeur<\/dt>\n<dd class=\"value\">45 x 37.5 mm<\/dd>\n<dt class=\"name\">Technologie Intel\u00ae Hyper Threading (Intel\u00ae HT Technology)<\/dt>\n<dd class=\"value\">Oui<\/dd>\n<dt class=\"name\">Technologie Intel\u00ae Turbo Boost<\/dt>\n<dd class=\"value\">2.0<\/dd>\n<dt class=\"name\">Technologie SpeedStep \u00e9volu\u00e9e d&rsquo;Intel<\/dt>\n<dd class=\"value\">Oui<\/dd>\n<dt class=\"name\">Technologies de surveillance thermique<\/dt>\n<dd class=\"value\">Oui<\/dd>\n<dt class=\"name\">Tjunction<\/dt>\n<dd class=\"value\">100 \u00b0C<\/dd>\n<dt class=\"name\">Types de m\u00e9moires pris en charge par le processeur<\/dt>\n<dd class=\"value\">DDR4-SDRAM, DDR5-SDRAM<\/dd>\n<dt class=\"name\">\u00c9volutivit\u00e9<\/dt>\n<dd class=\"value\">1S<\/dd>\n<dt class=\"name\">Fr\u00e9quence de suralimentation des c\u0153urs performants<\/dt>\n<dd class=\"value\">4,3 GHz<\/dd>\n<dt class=\"name\">Type de bus<\/dt>\n<dd class=\"value\">DMI4<\/dd>\n<dt class=\"name\">C\u0153urs de performance<\/dt>\n<dd class=\"value\">4<\/dd>\n<dt class=\"name\">Bande passante m\u00e9moire (max)<\/dt>\n<dd class=\"value\">76,8 Go\/s<\/dd>\n<dt class=\"name\">Commande d\u2019ex\u00e9cution \u00e0 base de mode (MBE &#8211; Mode-based Execute Control)<\/dt>\n<dd class=\"value\">Oui<\/dd>\n<dt class=\"name\">Conditions d\u2019utilisation<\/dt>\n<dd class=\"value\">PC\/Client\/Tablet<\/dd>\n<dt class=\"name\">Intel\u00ae Control-flow Enforcement Technology (CET)<\/dt>\n<dd class=\"value\">Oui<\/dd>\n<dt class=\"name\">Intel\u00ae Deep Learning Boost (Intel\u00ae DL Boost)<\/dt>\n<dd class=\"value\">Oui<\/dd>\n<dt class=\"name\">Nom de code du processeur<\/dt>\n<dd class=\"value\">Alder Lake<\/dd>\n<dt class=\"name\">R\u00e9vision de l\u2019interface DMI (Direct Media Interface)<\/dt>\n<dd class=\"value\">4.0<\/dd>\n<dt class=\"name\">Technologie 3.0 Intel\u00ae Turbo Boost Max<\/dt>\n<dd class=\"value\">Non<\/dd>\n<dt class=\"name\">Technologie Speed Shift d&rsquo;Intel\u00ae<\/dt>\n<dd class=\"value\">Oui<\/dd>\n<dt class=\"name\">Fr\u00e9quence de base des c\u0153urs performants<\/dt>\n<dd class=\"value\">3,3 GHz<\/dd>\n<dt class=\"name\">Acc\u00e9l\u00e9rateur gaussien et neuronal d&rsquo;Intel\u00ae (Intel\u00ae GNA) 3.0<\/dt>\n<dd class=\"value\">Oui<\/dd>\n<dt class=\"name\">Directeur de thread Intel\u00ae<\/dt>\n<dd class=\"value\">Non<\/dd>\n<dt class=\"name\">Gestion standard Intel\u00ae (ISM)<\/dt>\n<dd class=\"value\">Oui<\/dd>\n<dt class=\"name\">Intel\u00ae Volume Management Device (VMD)<\/dt>\n<dd class=\"value\">Oui<\/dd>\n<dt class=\"name\">Largeur de bande de m\u00e9moire prise en charge par le processeur (max)<\/dt>\n<dd class=\"value\">76,8 Go\/s<\/dd>\n<dt class=\"name\">Nombre maximum de voies DMI<\/dt>\n<dd class=\"value\">8<\/dd>\n<dt class=\"name\">Intel\u00ae Optane\u2122 Memory Ready<\/dt>\n<dd class=\"value\">Oui<\/dd>\n<dt class=\"name\">Intel\u00ae Deep Learning Boost (Intel\u00ae DL Boost) on CPU<\/dt>\n<dd class=\"value\">Oui<\/dd>\n<\/dl>\n","protected":false},"excerpt":{"rendered":"<p><strong>\u26a1 Intel : L&rsquo;architecture hybride au service de la performance<\/strong><\/p>\n<p>Pionnier historique des microprocesseurs, Intel red\u00e9finit les standards avec son architecture combinant c\u0153urs de performance et c\u0153urs d&rsquo;efficacit\u00e9. Profitez d&rsquo;une r\u00e9activit\u00e9 sans faille pour toutes vos applications, du jeu \u00e0 la cr\u00e9ation.<\/p>\n<ul>\n<li><strong>\ud83c\udfae Core i5 &amp; i7 :<\/strong> La r\u00e9f\u00e9rence incontournable pour les configurations gaming et bureautiques avanc\u00e9es, offrant une stabilit\u00e9 \u00e0 toute \u00e9preuve et de hautes fr\u00e9quences.<\/li>\n<li><strong>\ud83c\udfc6 Core i9 :<\/strong> L&rsquo;\u00e9lite absolue pour les passionn\u00e9s et les professionnels qui refusent le moindre compromis sur la puissance de calcul brute.<\/li>\n<li><strong>\ud83e\udde0 Core Ultra :<\/strong> La toute nouvelle g\u00e9n\u00e9ration ! Propuls\u00e9e par l&rsquo;IA (NPU int\u00e9gr\u00e9), elle offre une efficacit\u00e9 \u00e9nerg\u00e9tique redoutable et des performances d&rsquo;avant-garde pour les usages de demain.<\/li>\n<\/ul>\n","protected":false},"featured_media":9302,"template":"","meta":{"ocean_post_layout":"","ocean_both_sidebars_style":"","ocean_both_sidebars_content_width":0,"ocean_both_sidebars_sidebars_width":0,"ocean_sidebar":"0","ocean_second_sidebar":"0","ocean_disable_margins":"enable","ocean_add_body_class":"","ocean_shortcode_before_top_bar":"","ocean_shortcode_after_top_bar":"","ocean_shortcode_before_header":"","ocean_shortcode_after_header":"","ocean_has_shortcode":"","ocean_shortcode_after_title":"","ocean_shortcode_before_footer_widgets":"","ocean_shortcode_after_footer_widgets":"","ocean_shortcode_before_footer_bottom":"","ocean_shortcode_after_footer_bottom":"","ocean_display_top_bar":"default","ocean_display_header":"default","ocean_header_style":"","ocean_center_header_left_menu":"0","ocean_custom_header_template":"0","ocean_custom_logo":0,"ocean_custom_retina_logo":0,"ocean_custom_logo_max_width":0,"ocean_custom_logo_tablet_max_width":0,"ocean_custom_logo_mobile_max_width":0,"ocean_custom_logo_max_height":0,"ocean_custom_logo_tablet_max_height":0,"ocean_custom_logo_mobile_max_height":0,"ocean_header_custom_menu":"0","ocean_menu_typo_font_family":"0","ocean_menu_typo_font_subset":"","ocean_menu_typo_font_size":0,"ocean_menu_typo_font_size_tablet":0,"ocean_menu_typo_font_size_mobile":0,"ocean_menu_typo_font_size_unit":"px","ocean_menu_typo_font_weight":"","ocean_menu_typo_font_weight_tablet":"","ocean_menu_typo_font_weight_mobile":"","ocean_menu_typo_transform":"","ocean_menu_typo_transform_tablet":"","ocean_menu_typo_transform_mobile":"","ocean_menu_typo_line_height":0,"ocean_menu_typo_line_height_tablet":0,"ocean_menu_typo_line_height_mobile":0,"ocean_menu_typo_line_height_unit":"","ocean_menu_typo_spacing":0,"ocean_menu_typo_spacing_tablet":0,"ocean_menu_typo_spacing_mobile":0,"ocean_menu_typo_spacing_unit":"","ocean_menu_link_color":"","ocean_menu_link_color_hover":"","ocean_menu_link_color_active":"","ocean_menu_link_background":"","ocean_menu_link_hover_background":"","ocean_menu_link_active_background":"","ocean_menu_social_links_bg":"","ocean_menu_social_hover_links_bg":"","ocean_menu_social_links_color":"","ocean_menu_social_hover_links_color":"","ocean_disable_title":"default","ocean_disable_heading":"default","ocean_post_title":"","ocean_post_subheading":"","ocean_post_title_style":"","ocean_post_title_background_color":"","ocean_post_title_background":0,"ocean_post_title_bg_image_position":"","ocean_post_title_bg_image_attachment":"","ocean_post_title_bg_image_repeat":"","ocean_post_title_bg_image_size":"","ocean_post_title_height":0,"ocean_post_title_bg_overlay":0.5,"ocean_post_title_bg_overlay_color":"","ocean_disable_breadcrumbs":"default","ocean_breadcrumbs_color":"","ocean_breadcrumbs_separator_color":"","ocean_breadcrumbs_links_color":"","ocean_breadcrumbs_links_hover_color":"","ocean_display_footer_widgets":"default","ocean_display_footer_bottom":"default","ocean_custom_footer_template":"0"},"product_brand":[34],"product_cat":[94],"product_tag":[],"class_list":{"0":"post-9303","1":"product","2":"type-product","3":"status-publish","4":"has-post-thumbnail","6":"product_brand-intel","7":"product_cat-processeur-intel","9":"entry","10":"has-media","12":"first","13":"instock","14":"taxable","15":"shipping-taxable","16":"purchasable","17":"product-type-simple","18":"has-product-nav","19":"col","20":"span_1_of_4","21":"owp-content-center","22":"owp-thumbs-layout-horizontal","23":"owp-btn-big","24":"owp-tabs-layout-horizontal","25":"has-no-thumbnails"},"yoast_head":"<!-- This site is optimized with the Yoast SEO plugin v27.3 - https:\/\/yoast.com\/product\/yoast-seo-wordpress\/ -->\n<title>INTEL CORE I3-12100F - Epsilon PC<\/title>\n<meta name=\"robots\" content=\"index, follow, max-snippet:-1, max-image-preview:large, max-video-preview:-1\" \/>\n<link rel=\"canonical\" href=\"https:\/\/www.epsilon-pc.fr\/index.php\/produit\/intel-core-i3-12100f\/\" \/>\n<meta property=\"og:locale\" content=\"fr_FR\" \/>\n<meta property=\"og:type\" content=\"article\" \/>\n<meta property=\"og:title\" content=\"INTEL CORE I3-12100F - Epsilon PC\" \/>\n<meta property=\"og:description\" content=\"\u26a1 Intel : L&#039;architecture hybride au service de la performance  Pionnier historique des microprocesseurs, Intel red\u00e9finit les standards avec son architecture combinant c\u0153urs de performance et c\u0153urs d&#039;efficacit\u00e9. Profitez d&#039;une r\u00e9activit\u00e9 sans faille pour toutes vos applications, du jeu \u00e0 la cr\u00e9ation.   \ud83c\udfae Core i5 &amp; i7 : La r\u00e9f\u00e9rence incontournable pour les configurations gaming et bureautiques avanc\u00e9es, offrant une stabilit\u00e9 \u00e0 toute \u00e9preuve et de hautes fr\u00e9quences.  \ud83c\udfc6 Core i9 : L&#039;\u00e9lite absolue pour les passionn\u00e9s et les professionnels qui refusent le moindre compromis sur la puissance de calcul brute.  \ud83e\udde0 Core Ultra : La toute nouvelle g\u00e9n\u00e9ration ! Propuls\u00e9e par l&#039;IA (NPU int\u00e9gr\u00e9), elle offre une efficacit\u00e9 \u00e9nerg\u00e9tique redoutable et des performances d&#039;avant-garde pour les usages de demain.\" \/>\n<meta property=\"og:url\" content=\"https:\/\/www.epsilon-pc.fr\/index.php\/produit\/intel-core-i3-12100f\/\" \/>\n<meta property=\"og:site_name\" content=\"Epsilon PC\" \/>\n<meta property=\"article:modified_time\" content=\"2026-04-03T15:00:18+00:00\" \/>\n<meta property=\"og:image\" content=\"http:\/\/www.epsilon-pc.fr\/wp-content\/uploads\/2026\/03\/intel-core-i3-12100f-33-ghz-processeur-box.jpg\" \/>\n\t<meta property=\"og:image:width\" content=\"800\" \/>\n\t<meta property=\"og:image:height\" content=\"800\" \/>\n\t<meta property=\"og:image:type\" content=\"image\/jpeg\" \/>\n<meta name=\"twitter:card\" content=\"summary_large_image\" \/>\n<meta name=\"twitter:label1\" content=\"Dur\u00e9e de lecture estim\u00e9e\" \/>\n\t<meta name=\"twitter:data1\" content=\"1 minute\" \/>\n<script type=\"application\/ld+json\" class=\"yoast-schema-graph\">{\"@context\":\"https:\\\/\\\/schema.org\",\"@graph\":[{\"@type\":\"WebPage\",\"@id\":\"https:\\\/\\\/www.epsilon-pc.fr\\\/index.php\\\/produit\\\/intel-core-i3-12100f\\\/\",\"url\":\"https:\\\/\\\/www.epsilon-pc.fr\\\/index.php\\\/produit\\\/intel-core-i3-12100f\\\/\",\"name\":\"INTEL CORE I3-12100F - Epsilon PC\",\"isPartOf\":{\"@id\":\"https:\\\/\\\/www.epsilon-pc.fr\\\/#website\"},\"primaryImageOfPage\":{\"@id\":\"https:\\\/\\\/www.epsilon-pc.fr\\\/index.php\\\/produit\\\/intel-core-i3-12100f\\\/#primaryimage\"},\"image\":{\"@id\":\"https:\\\/\\\/www.epsilon-pc.fr\\\/index.php\\\/produit\\\/intel-core-i3-12100f\\\/#primaryimage\"},\"thumbnailUrl\":\"https:\\\/\\\/www.epsilon-pc.fr\\\/wp-content\\\/uploads\\\/2026\\\/03\\\/intel-core-i3-12100f-33-ghz-processeur-box.jpg\",\"datePublished\":\"2026-03-17T15:32:32+00:00\",\"dateModified\":\"2026-04-03T15:00:18+00:00\",\"breadcrumb\":{\"@id\":\"https:\\\/\\\/www.epsilon-pc.fr\\\/index.php\\\/produit\\\/intel-core-i3-12100f\\\/#breadcrumb\"},\"inLanguage\":\"fr-FR\",\"potentialAction\":[{\"@type\":\"ReadAction\",\"target\":[\"https:\\\/\\\/www.epsilon-pc.fr\\\/index.php\\\/produit\\\/intel-core-i3-12100f\\\/\"]}]},{\"@type\":\"ImageObject\",\"inLanguage\":\"fr-FR\",\"@id\":\"https:\\\/\\\/www.epsilon-pc.fr\\\/index.php\\\/produit\\\/intel-core-i3-12100f\\\/#primaryimage\",\"url\":\"https:\\\/\\\/www.epsilon-pc.fr\\\/wp-content\\\/uploads\\\/2026\\\/03\\\/intel-core-i3-12100f-33-ghz-processeur-box.jpg\",\"contentUrl\":\"https:\\\/\\\/www.epsilon-pc.fr\\\/wp-content\\\/uploads\\\/2026\\\/03\\\/intel-core-i3-12100f-33-ghz-processeur-box.jpg\",\"width\":800,\"height\":800},{\"@type\":\"BreadcrumbList\",\"@id\":\"https:\\\/\\\/www.epsilon-pc.fr\\\/index.php\\\/produit\\\/intel-core-i3-12100f\\\/#breadcrumb\",\"itemListElement\":[{\"@type\":\"ListItem\",\"position\":1,\"name\":\"Accueil\",\"item\":\"https:\\\/\\\/www.epsilon-pc.fr\\\/\"},{\"@type\":\"ListItem\",\"position\":2,\"name\":\"Boutique\",\"item\":\"https:\\\/\\\/www.epsilon-pc.fr\\\/index.php\\\/boutique\\\/\"},{\"@type\":\"ListItem\",\"position\":3,\"name\":\"INTEL CORE I3-12100F\"}]},{\"@type\":\"WebSite\",\"@id\":\"https:\\\/\\\/www.epsilon-pc.fr\\\/#website\",\"url\":\"https:\\\/\\\/www.epsilon-pc.fr\\\/\",\"name\":\"Epsilon PC\",\"description\":\"\",\"publisher\":{\"@id\":\"https:\\\/\\\/www.epsilon-pc.fr\\\/#organization\"},\"potentialAction\":[{\"@type\":\"SearchAction\",\"target\":{\"@type\":\"EntryPoint\",\"urlTemplate\":\"https:\\\/\\\/www.epsilon-pc.fr\\\/?s={search_term_string}\"},\"query-input\":{\"@type\":\"PropertyValueSpecification\",\"valueRequired\":true,\"valueName\":\"search_term_string\"}}],\"inLanguage\":\"fr-FR\"},{\"@type\":\"Organization\",\"@id\":\"https:\\\/\\\/www.epsilon-pc.fr\\\/#organization\",\"name\":\"Epsilon PC\",\"url\":\"https:\\\/\\\/www.epsilon-pc.fr\\\/\",\"logo\":{\"@type\":\"ImageObject\",\"inLanguage\":\"fr-FR\",\"@id\":\"https:\\\/\\\/www.epsilon-pc.fr\\\/#\\\/schema\\\/logo\\\/image\\\/\",\"url\":\"https:\\\/\\\/www.epsilon-pc.fr\\\/wp-content\\\/uploads\\\/2026\\\/02\\\/cropped-LogoEpsi-1.bmp\",\"contentUrl\":\"https:\\\/\\\/www.epsilon-pc.fr\\\/wp-content\\\/uploads\\\/2026\\\/02\\\/cropped-LogoEpsi-1.bmp\",\"width\":191,\"height\":59,\"caption\":\"Epsilon PC\"},\"image\":{\"@id\":\"https:\\\/\\\/www.epsilon-pc.fr\\\/#\\\/schema\\\/logo\\\/image\\\/\"}}]}<\/script>\n<!-- \/ Yoast SEO plugin. -->","yoast_head_json":{"title":"INTEL CORE I3-12100F - Epsilon PC","robots":{"index":"index","follow":"follow","max-snippet":"max-snippet:-1","max-image-preview":"max-image-preview:large","max-video-preview":"max-video-preview:-1"},"canonical":"https:\/\/www.epsilon-pc.fr\/index.php\/produit\/intel-core-i3-12100f\/","og_locale":"fr_FR","og_type":"article","og_title":"INTEL CORE I3-12100F - Epsilon PC","og_description":"\u26a1 Intel : L'architecture hybride au service de la performance  Pionnier historique des microprocesseurs, Intel red\u00e9finit les standards avec son architecture combinant c\u0153urs de performance et c\u0153urs d'efficacit\u00e9. Profitez d'une r\u00e9activit\u00e9 sans faille pour toutes vos applications, du jeu \u00e0 la cr\u00e9ation.   \ud83c\udfae Core i5 &amp; i7 : La r\u00e9f\u00e9rence incontournable pour les configurations gaming et bureautiques avanc\u00e9es, offrant une stabilit\u00e9 \u00e0 toute \u00e9preuve et de hautes fr\u00e9quences.  \ud83c\udfc6 Core i9 : L'\u00e9lite absolue pour les passionn\u00e9s et les professionnels qui refusent le moindre compromis sur la puissance de calcul brute.  \ud83e\udde0 Core Ultra : La toute nouvelle g\u00e9n\u00e9ration ! Propuls\u00e9e par l'IA (NPU int\u00e9gr\u00e9), elle offre une efficacit\u00e9 \u00e9nerg\u00e9tique redoutable et des performances d'avant-garde pour les usages de demain.","og_url":"https:\/\/www.epsilon-pc.fr\/index.php\/produit\/intel-core-i3-12100f\/","og_site_name":"Epsilon PC","article_modified_time":"2026-04-03T15:00:18+00:00","og_image":[{"width":800,"height":800,"url":"http:\/\/www.epsilon-pc.fr\/wp-content\/uploads\/2026\/03\/intel-core-i3-12100f-33-ghz-processeur-box.jpg","type":"image\/jpeg"}],"twitter_card":"summary_large_image","twitter_misc":{"Dur\u00e9e de lecture estim\u00e9e":"1 minute"},"schema":{"@context":"https:\/\/schema.org","@graph":[{"@type":"WebPage","@id":"https:\/\/www.epsilon-pc.fr\/index.php\/produit\/intel-core-i3-12100f\/","url":"https:\/\/www.epsilon-pc.fr\/index.php\/produit\/intel-core-i3-12100f\/","name":"INTEL CORE I3-12100F - Epsilon PC","isPartOf":{"@id":"https:\/\/www.epsilon-pc.fr\/#website"},"primaryImageOfPage":{"@id":"https:\/\/www.epsilon-pc.fr\/index.php\/produit\/intel-core-i3-12100f\/#primaryimage"},"image":{"@id":"https:\/\/www.epsilon-pc.fr\/index.php\/produit\/intel-core-i3-12100f\/#primaryimage"},"thumbnailUrl":"https:\/\/www.epsilon-pc.fr\/wp-content\/uploads\/2026\/03\/intel-core-i3-12100f-33-ghz-processeur-box.jpg","datePublished":"2026-03-17T15:32:32+00:00","dateModified":"2026-04-03T15:00:18+00:00","breadcrumb":{"@id":"https:\/\/www.epsilon-pc.fr\/index.php\/produit\/intel-core-i3-12100f\/#breadcrumb"},"inLanguage":"fr-FR","potentialAction":[{"@type":"ReadAction","target":["https:\/\/www.epsilon-pc.fr\/index.php\/produit\/intel-core-i3-12100f\/"]}]},{"@type":"ImageObject","inLanguage":"fr-FR","@id":"https:\/\/www.epsilon-pc.fr\/index.php\/produit\/intel-core-i3-12100f\/#primaryimage","url":"https:\/\/www.epsilon-pc.fr\/wp-content\/uploads\/2026\/03\/intel-core-i3-12100f-33-ghz-processeur-box.jpg","contentUrl":"https:\/\/www.epsilon-pc.fr\/wp-content\/uploads\/2026\/03\/intel-core-i3-12100f-33-ghz-processeur-box.jpg","width":800,"height":800},{"@type":"BreadcrumbList","@id":"https:\/\/www.epsilon-pc.fr\/index.php\/produit\/intel-core-i3-12100f\/#breadcrumb","itemListElement":[{"@type":"ListItem","position":1,"name":"Accueil","item":"https:\/\/www.epsilon-pc.fr\/"},{"@type":"ListItem","position":2,"name":"Boutique","item":"https:\/\/www.epsilon-pc.fr\/index.php\/boutique\/"},{"@type":"ListItem","position":3,"name":"INTEL CORE I3-12100F"}]},{"@type":"WebSite","@id":"https:\/\/www.epsilon-pc.fr\/#website","url":"https:\/\/www.epsilon-pc.fr\/","name":"Epsilon PC","description":"","publisher":{"@id":"https:\/\/www.epsilon-pc.fr\/#organization"},"potentialAction":[{"@type":"SearchAction","target":{"@type":"EntryPoint","urlTemplate":"https:\/\/www.epsilon-pc.fr\/?s={search_term_string}"},"query-input":{"@type":"PropertyValueSpecification","valueRequired":true,"valueName":"search_term_string"}}],"inLanguage":"fr-FR"},{"@type":"Organization","@id":"https:\/\/www.epsilon-pc.fr\/#organization","name":"Epsilon PC","url":"https:\/\/www.epsilon-pc.fr\/","logo":{"@type":"ImageObject","inLanguage":"fr-FR","@id":"https:\/\/www.epsilon-pc.fr\/#\/schema\/logo\/image\/","url":"https:\/\/www.epsilon-pc.fr\/wp-content\/uploads\/2026\/02\/cropped-LogoEpsi-1.bmp","contentUrl":"https:\/\/www.epsilon-pc.fr\/wp-content\/uploads\/2026\/02\/cropped-LogoEpsi-1.bmp","width":191,"height":59,"caption":"Epsilon PC"},"image":{"@id":"https:\/\/www.epsilon-pc.fr\/#\/schema\/logo\/image\/"}}]}},"_links":{"self":[{"href":"https:\/\/www.epsilon-pc.fr\/index.php\/wp-json\/wp\/v2\/product\/9303","targetHints":{"allow":["GET"]}}],"collection":[{"href":"https:\/\/www.epsilon-pc.fr\/index.php\/wp-json\/wp\/v2\/product"}],"about":[{"href":"https:\/\/www.epsilon-pc.fr\/index.php\/wp-json\/wp\/v2\/types\/product"}],"wp:featuredmedia":[{"embeddable":true,"href":"https:\/\/www.epsilon-pc.fr\/index.php\/wp-json\/wp\/v2\/media\/9302"}],"wp:attachment":[{"href":"https:\/\/www.epsilon-pc.fr\/index.php\/wp-json\/wp\/v2\/media?parent=9303"}],"wp:term":[{"taxonomy":"product_brand","embeddable":true,"href":"https:\/\/www.epsilon-pc.fr\/index.php\/wp-json\/wp\/v2\/product_brand?post=9303"},{"taxonomy":"product_cat","embeddable":true,"href":"https:\/\/www.epsilon-pc.fr\/index.php\/wp-json\/wp\/v2\/product_cat?post=9303"},{"taxonomy":"product_tag","embeddable":true,"href":"https:\/\/www.epsilon-pc.fr\/index.php\/wp-json\/wp\/v2\/product_tag?post=9303"}],"curies":[{"name":"wp","href":"https:\/\/api.w.org\/{rel}","templated":true}]}}