{"id":11420,"date":"2026-05-12T13:24:28","date_gmt":"2026-05-12T11:24:28","guid":{"rendered":"https:\/\/www.epsilon-pc.fr\/index.php\/produit\/western-digital-red-pro-disque-dur-4-to\/"},"modified":"2026-05-15T15:10:57","modified_gmt":"2026-05-15T13:10:57","slug":"western-digital-red-pro-disque-dur-4-to","status":"publish","type":"product","link":"https:\/\/www.epsilon-pc.fr\/index.php\/produit\/western-digital-red-pro-disque-dur-4-to\/","title":{"rendered":"WESTERN DIGITAL RED PRO 4 TO"},"content":{"rendered":"<p>L&rsquo;AS DES NAS<br \/>\nPour chaque syst\u00e8me NAS, il existe un disque dur WD Red pour r\u00e9pondre \u00e0 vos besoins de stockage. Avec des disques durs offrant des capacit\u00e9s de stockage allant jusqu&rsquo;\u00e0 10 To, WD Red offre un large \u00e9ventail de solutions pour les clients d\u00e9sireux de mettre en place un stockage NAS ultra performant. Con\u00e7u pour les syst\u00e8mes NAS comptant de 1 \u00e0 8 baies, WD Red dispose de la capacit\u00e9 suffisante pour stocker la totalit\u00e9 de vos donn\u00e9es les plus pr\u00e9cieuses. Prenez une longueur d&rsquo;avance avec WD Red.<\/p>\n<p>Le disque con\u00e7u pour les NAS<br \/>\nLes disques durs de bureau ne sont g\u00e9n\u00e9ralement pas test\u00e9s et con\u00e7us pour r\u00e9sister aux conditions difficiles qu&rsquo;implique un syst\u00e8me NAS. Faites le bon choix concernant votre NAS et optez pour le disque dur dot\u00e9 de fonctionnalit\u00e9s con\u00e7ues pour pr\u00e9server vos donn\u00e9es et garantir un niveau de performance maximal<\/p>\n<p>Con\u00e7u pour \u00eatre compatible avec les syst\u00e8mes NAS<br \/>\nLes disques durs WD Red sont dot\u00e9s de la technologie NASware 3.0 et sont con\u00e7us de mani\u00e8re \u00e0 offrir un juste \u00e9quilibre entre les performances et la fiabilit\u00e9 au sein des environnements NAS et RAID.<\/p>\n<p>Conservez une temp\u00e9rature de fonctionnement basse<br \/>\nl&rsquo;environnement de fonctionnement en continu d&rsquo;un NAS ou d&rsquo;un RAID est tr\u00e8s exigeant. Les disques WD Red sont con\u00e7us pour fonctionner en silence et sans surchauffe, et offrent une compatibilit\u00e9 optimale pour les environnements exigeants fonctionnant 24\/24 h et 7\/7 j.<\/p>\n<dl class=\"data-sheet\">\n<dt class=\"name\">Hauteur<\/dt>\n<dd class=\"value\">26,1 mm<\/dd>\n<dt class=\"name\">Largeur<\/dt>\n<dd class=\"value\">101,6 mm<\/dd>\n<dt class=\"name\">Poids<\/dt>\n<dd class=\"value\">670 g<\/dd>\n<dt class=\"name\">Profondeur<\/dt>\n<dd class=\"value\">147 mm<\/dd>\n<dt class=\"name\">Quantit\u00e9<\/dt>\n<dd class=\"value\">1 pi\u00e8ce(s)<\/dd>\n<dt class=\"name\">Type<\/dt>\n<dd class=\"value\">HDD<\/dd>\n<dt class=\"name\">Temp\u00e9rature d&rsquo;op\u00e9ration<\/dt>\n<dd class=\"value\">0 &#8211; 65 \u00b0C<\/dd>\n<dt class=\"name\">composant pour<\/dt>\n<dd class=\"value\">NAS<\/dd>\n<dt class=\"name\">Interface<\/dt>\n<dd class=\"value\">SATA<\/dd>\n<dt class=\"name\">Temps moyen entre pannes<\/dt>\n<dd class=\"value\">2500000 h<\/dd>\n<dt class=\"name\">Temp\u00e9rature hors fonctionnement<\/dt>\n<dd class=\"value\">-40 &#8211; 70 \u00b0C<\/dd>\n<dt class=\"name\">Certification<\/dt>\n<dd class=\"value\">BSMI, ICES-003\/NMB-003, CE, FCC, KC, Maghreb, RCM, UKCA, VCCI, CB-Scheme, TUV, UL<\/dd>\n<dt class=\"name\">Taux d&rsquo;humidit\u00e9 relative (stockage)<\/dt>\n<dd class=\"value\">5 &#8211; 90%<\/dd>\n<dt class=\"name\">Capacit\u00e9 disque dur<\/dt>\n<dd class=\"value\">4 To<\/dd>\n<dt class=\"name\">Taille du disque dur<\/dt>\n<dd class=\"value\">3.5&Prime;<\/dd>\n<dt class=\"name\">Tension de fonctionnement<\/dt>\n<dd class=\"value\">5 \/ 12 V<\/dd>\n<dt class=\"name\">Vitesse de rotation du disque dur<\/dt>\n<dd class=\"value\">7200 tr\/min<\/dd>\n<dt class=\"name\">Vitesse de transfert de l&rsquo;interface de disque dur<\/dt>\n<dd class=\"value\">6 Gbit\/s<\/dd>\n<dt class=\"name\">Fonctionnement 24h\/24 7j\/7<\/dt>\n<dd class=\"value\">Oui<\/dd>\n<dt class=\"name\">Taille du tampon du lecteur de stockage<\/dt>\n<dd class=\"value\">256 Mo<\/dd>\n<\/dl>\n","protected":false},"excerpt":{"rendered":"<p><strong>Western Digital : Une solution pour chaque besoin<\/strong><\/p>\n<p>WD segmente brillamment son offre avec un code couleur simple pour vous garantir de toujours choisir le disque dur ou le SSD parfaitement adapt\u00e9 \u00e0 votre usage.<\/p>\n<ul>\n<li><strong>\ud83d\udda4 WD_BLACK :<\/strong> La performance pure pour les gamers et les cr\u00e9ateurs de contenu (vitesses extr\u00eames, dissipateurs thermiques).<\/li>\n<li><strong>\ud83d\udd35 WD Blue &amp; \ud83d\udd34 WD Red :<\/strong> La polyvalence pour le quotidien (Blue) et la robustesse certifi\u00e9e 24\/7 pour les serveurs NAS (Red).<\/li>\n<\/ul>\n","protected":false},"featured_media":11419,"template":"","meta":{"ocean_post_layout":"","ocean_both_sidebars_style":"","ocean_both_sidebars_content_width":0,"ocean_both_sidebars_sidebars_width":0,"ocean_sidebar":"0","ocean_second_sidebar":"0","ocean_disable_margins":"enable","ocean_add_body_class":"","ocean_shortcode_before_top_bar":"","ocean_shortcode_after_top_bar":"","ocean_shortcode_before_header":"","ocean_shortcode_after_header":"","ocean_has_shortcode":"","ocean_shortcode_after_title":"","ocean_shortcode_before_footer_widgets":"","ocean_shortcode_after_footer_widgets":"","ocean_shortcode_before_footer_bottom":"","ocean_shortcode_after_footer_bottom":"","ocean_display_top_bar":"default","ocean_display_header":"default","ocean_header_style":"","ocean_center_header_left_menu":"0","ocean_custom_header_template":"0","ocean_custom_logo":0,"ocean_custom_retina_logo":0,"ocean_custom_logo_max_width":0,"ocean_custom_logo_tablet_max_width":0,"ocean_custom_logo_mobile_max_width":0,"ocean_custom_logo_max_height":0,"ocean_custom_logo_tablet_max_height":0,"ocean_custom_logo_mobile_max_height":0,"ocean_header_custom_menu":"0","ocean_menu_typo_font_family":"0","ocean_menu_typo_font_subset":"","ocean_menu_typo_font_size":0,"ocean_menu_typo_font_size_tablet":0,"ocean_menu_typo_font_size_mobile":0,"ocean_menu_typo_font_size_unit":"px","ocean_menu_typo_font_weight":"","ocean_menu_typo_font_weight_tablet":"","ocean_menu_typo_font_weight_mobile":"","ocean_menu_typo_transform":"","ocean_menu_typo_transform_tablet":"","ocean_menu_typo_transform_mobile":"","ocean_menu_typo_line_height":0,"ocean_menu_typo_line_height_tablet":0,"ocean_menu_typo_line_height_mobile":0,"ocean_menu_typo_line_height_unit":"","ocean_menu_typo_spacing":0,"ocean_menu_typo_spacing_tablet":0,"ocean_menu_typo_spacing_mobile":0,"ocean_menu_typo_spacing_unit":"","ocean_menu_link_color":"","ocean_menu_link_color_hover":"","ocean_menu_link_color_active":"","ocean_menu_link_background":"","ocean_menu_link_hover_background":"","ocean_menu_link_active_background":"","ocean_menu_social_links_bg":"","ocean_menu_social_hover_links_bg":"","ocean_menu_social_links_color":"","ocean_menu_social_hover_links_color":"","ocean_disable_title":"default","ocean_disable_heading":"default","ocean_post_title":"","ocean_post_subheading":"","ocean_post_title_style":"","ocean_post_title_background_color":"","ocean_post_title_background":0,"ocean_post_title_bg_image_position":"","ocean_post_title_bg_image_attachment":"","ocean_post_title_bg_image_repeat":"","ocean_post_title_bg_image_size":"","ocean_post_title_height":0,"ocean_post_title_bg_overlay":0.5,"ocean_post_title_bg_overlay_color":"","ocean_disable_breadcrumbs":"default","ocean_breadcrumbs_color":"","ocean_breadcrumbs_separator_color":"","ocean_breadcrumbs_links_color":"","ocean_breadcrumbs_links_hover_color":"","ocean_display_footer_widgets":"default","ocean_display_footer_bottom":"default","ocean_custom_footer_template":"0"},"product_brand":[65],"product_cat":[61],"product_tag":[],"class_list":{"0":"post-11420","1":"product","2":"type-product","3":"status-publish","4":"has-post-thumbnail","6":"product_brand-western-digital","7":"product_cat-hdd","9":"entry","10":"has-media","12":"first","13":"outofstock","14":"taxable","15":"shipping-taxable","16":"purchasable","17":"product-type-simple","18":"has-product-nav","19":"col","20":"span_1_of_4","21":"owp-content-center","22":"owp-thumbs-layout-horizontal","23":"owp-btn-big","24":"owp-tabs-layout-horizontal","25":"has-no-thumbnails"},"yoast_head":"<!-- This site is optimized with the Yoast SEO plugin v27.6 - https:\/\/yoast.com\/product\/yoast-seo-wordpress\/ -->\n<title>WESTERN DIGITAL RED PRO 4 TO - Epsilon PC<\/title>\n<meta name=\"robots\" content=\"index, follow, max-snippet:-1, max-image-preview:large, max-video-preview:-1\" \/>\n<link rel=\"canonical\" href=\"https:\/\/www.epsilon-pc.fr\/index.php\/produit\/western-digital-red-pro-disque-dur-4-to\/\" \/>\n<meta property=\"og:locale\" content=\"fr_FR\" \/>\n<meta property=\"og:type\" content=\"article\" \/>\n<meta property=\"og:title\" content=\"WESTERN DIGITAL RED PRO 4 TO - Epsilon PC\" \/>\n<meta property=\"og:description\" content=\"Western Digital : Une solution pour chaque besoin  WD segmente brillamment son offre avec un code couleur simple pour vous garantir de toujours choisir le disque dur ou le SSD parfaitement adapt\u00e9 \u00e0 votre usage.   \ud83d\udda4 WD_BLACK : La performance pure pour les gamers et les cr\u00e9ateurs de contenu (vitesses extr\u00eames, dissipateurs thermiques).  \ud83d\udd35 WD Blue &amp; \ud83d\udd34 WD Red : La polyvalence pour le quotidien (Blue) et la robustesse certifi\u00e9e 24\/7 pour les serveurs NAS (Red).\" \/>\n<meta property=\"og:url\" content=\"https:\/\/www.epsilon-pc.fr\/index.php\/produit\/western-digital-red-pro-disque-dur-4-to\/\" \/>\n<meta property=\"og:site_name\" content=\"Epsilon PC\" \/>\n<meta property=\"article:modified_time\" content=\"2026-05-15T13:10:57+00:00\" \/>\n<meta property=\"og:image\" content=\"http:\/\/www.epsilon-pc.fr\/wp-content\/uploads\/2026\/05\/wd-red-pro-wd4003ffbx-disque-dur-4-to-sata-6gb-s.jpg\" \/>\n\t<meta property=\"og:image:width\" content=\"800\" \/>\n\t<meta property=\"og:image:height\" content=\"800\" \/>\n\t<meta property=\"og:image:type\" content=\"image\/jpeg\" \/>\n<meta name=\"twitter:card\" content=\"summary_large_image\" \/>\n<meta name=\"twitter:label1\" content=\"Dur\u00e9e de lecture estim\u00e9e\" \/>\n\t<meta name=\"twitter:data1\" content=\"2 minutes\" \/>\n<script type=\"application\/ld+json\" class=\"yoast-schema-graph\">{\"@context\":\"https:\\\/\\\/schema.org\",\"@graph\":[{\"@type\":\"WebPage\",\"@id\":\"https:\\\/\\\/www.epsilon-pc.fr\\\/index.php\\\/produit\\\/western-digital-red-pro-disque-dur-4-to\\\/\",\"url\":\"https:\\\/\\\/www.epsilon-pc.fr\\\/index.php\\\/produit\\\/western-digital-red-pro-disque-dur-4-to\\\/\",\"name\":\"WESTERN DIGITAL RED PRO 4 TO - Epsilon PC\",\"isPartOf\":{\"@id\":\"https:\\\/\\\/www.epsilon-pc.fr\\\/#website\"},\"primaryImageOfPage\":{\"@id\":\"https:\\\/\\\/www.epsilon-pc.fr\\\/index.php\\\/produit\\\/western-digital-red-pro-disque-dur-4-to\\\/#primaryimage\"},\"image\":{\"@id\":\"https:\\\/\\\/www.epsilon-pc.fr\\\/index.php\\\/produit\\\/western-digital-red-pro-disque-dur-4-to\\\/#primaryimage\"},\"thumbnailUrl\":\"https:\\\/\\\/www.epsilon-pc.fr\\\/wp-content\\\/uploads\\\/2026\\\/05\\\/wd-red-pro-wd4003ffbx-disque-dur-4-to-sata-6gb-s.jpg\",\"datePublished\":\"2026-05-12T11:24:28+00:00\",\"dateModified\":\"2026-05-15T13:10:57+00:00\",\"breadcrumb\":{\"@id\":\"https:\\\/\\\/www.epsilon-pc.fr\\\/index.php\\\/produit\\\/western-digital-red-pro-disque-dur-4-to\\\/#breadcrumb\"},\"inLanguage\":\"fr-FR\",\"potentialAction\":[{\"@type\":\"ReadAction\",\"target\":[\"https:\\\/\\\/www.epsilon-pc.fr\\\/index.php\\\/produit\\\/western-digital-red-pro-disque-dur-4-to\\\/\"]}]},{\"@type\":\"ImageObject\",\"inLanguage\":\"fr-FR\",\"@id\":\"https:\\\/\\\/www.epsilon-pc.fr\\\/index.php\\\/produit\\\/western-digital-red-pro-disque-dur-4-to\\\/#primaryimage\",\"url\":\"https:\\\/\\\/www.epsilon-pc.fr\\\/wp-content\\\/uploads\\\/2026\\\/05\\\/wd-red-pro-wd4003ffbx-disque-dur-4-to-sata-6gb-s.jpg\",\"contentUrl\":\"https:\\\/\\\/www.epsilon-pc.fr\\\/wp-content\\\/uploads\\\/2026\\\/05\\\/wd-red-pro-wd4003ffbx-disque-dur-4-to-sata-6gb-s.jpg\",\"width\":800,\"height\":800},{\"@type\":\"BreadcrumbList\",\"@id\":\"https:\\\/\\\/www.epsilon-pc.fr\\\/index.php\\\/produit\\\/western-digital-red-pro-disque-dur-4-to\\\/#breadcrumb\",\"itemListElement\":[{\"@type\":\"ListItem\",\"position\":1,\"name\":\"Accueil\",\"item\":\"https:\\\/\\\/www.epsilon-pc.fr\\\/\"},{\"@type\":\"ListItem\",\"position\":2,\"name\":\"Boutique\",\"item\":\"https:\\\/\\\/www.epsilon-pc.fr\\\/index.php\\\/boutique\\\/\"},{\"@type\":\"ListItem\",\"position\":3,\"name\":\"WESTERN DIGITAL RED PRO 4 TO\"}]},{\"@type\":\"WebSite\",\"@id\":\"https:\\\/\\\/www.epsilon-pc.fr\\\/#website\",\"url\":\"https:\\\/\\\/www.epsilon-pc.fr\\\/\",\"name\":\"Epsilon PC\",\"description\":\"\",\"publisher\":{\"@id\":\"https:\\\/\\\/www.epsilon-pc.fr\\\/#organization\"},\"potentialAction\":[{\"@type\":\"SearchAction\",\"target\":{\"@type\":\"EntryPoint\",\"urlTemplate\":\"https:\\\/\\\/www.epsilon-pc.fr\\\/?s={search_term_string}\"},\"query-input\":{\"@type\":\"PropertyValueSpecification\",\"valueRequired\":true,\"valueName\":\"search_term_string\"}}],\"inLanguage\":\"fr-FR\"},{\"@type\":\"Organization\",\"@id\":\"https:\\\/\\\/www.epsilon-pc.fr\\\/#organization\",\"name\":\"Epsilon PC\",\"url\":\"https:\\\/\\\/www.epsilon-pc.fr\\\/\",\"logo\":{\"@type\":\"ImageObject\",\"inLanguage\":\"fr-FR\",\"@id\":\"https:\\\/\\\/www.epsilon-pc.fr\\\/#\\\/schema\\\/logo\\\/image\\\/\",\"url\":\"https:\\\/\\\/www.epsilon-pc.fr\\\/wp-content\\\/uploads\\\/2026\\\/02\\\/cropped-LogoEpsi-1.bmp\",\"contentUrl\":\"https:\\\/\\\/www.epsilon-pc.fr\\\/wp-content\\\/uploads\\\/2026\\\/02\\\/cropped-LogoEpsi-1.bmp\",\"width\":191,\"height\":59,\"caption\":\"Epsilon PC\"},\"image\":{\"@id\":\"https:\\\/\\\/www.epsilon-pc.fr\\\/#\\\/schema\\\/logo\\\/image\\\/\"}}]}<\/script>\n<!-- \/ Yoast SEO plugin. -->","yoast_head_json":{"title":"WESTERN DIGITAL RED PRO 4 TO - Epsilon PC","robots":{"index":"index","follow":"follow","max-snippet":"max-snippet:-1","max-image-preview":"max-image-preview:large","max-video-preview":"max-video-preview:-1"},"canonical":"https:\/\/www.epsilon-pc.fr\/index.php\/produit\/western-digital-red-pro-disque-dur-4-to\/","og_locale":"fr_FR","og_type":"article","og_title":"WESTERN DIGITAL RED PRO 4 TO - Epsilon PC","og_description":"Western Digital : Une solution pour chaque besoin  WD segmente brillamment son offre avec un code couleur simple pour vous garantir de toujours choisir le disque dur ou le SSD parfaitement adapt\u00e9 \u00e0 votre usage.   \ud83d\udda4 WD_BLACK : La performance pure pour les gamers et les cr\u00e9ateurs de contenu (vitesses extr\u00eames, dissipateurs thermiques).  \ud83d\udd35 WD Blue &amp; \ud83d\udd34 WD Red : La polyvalence pour le quotidien (Blue) et la robustesse certifi\u00e9e 24\/7 pour les serveurs NAS (Red).","og_url":"https:\/\/www.epsilon-pc.fr\/index.php\/produit\/western-digital-red-pro-disque-dur-4-to\/","og_site_name":"Epsilon PC","article_modified_time":"2026-05-15T13:10:57+00:00","og_image":[{"width":800,"height":800,"url":"http:\/\/www.epsilon-pc.fr\/wp-content\/uploads\/2026\/05\/wd-red-pro-wd4003ffbx-disque-dur-4-to-sata-6gb-s.jpg","type":"image\/jpeg"}],"twitter_card":"summary_large_image","twitter_misc":{"Dur\u00e9e de lecture estim\u00e9e":"2 minutes"},"schema":{"@context":"https:\/\/schema.org","@graph":[{"@type":"WebPage","@id":"https:\/\/www.epsilon-pc.fr\/index.php\/produit\/western-digital-red-pro-disque-dur-4-to\/","url":"https:\/\/www.epsilon-pc.fr\/index.php\/produit\/western-digital-red-pro-disque-dur-4-to\/","name":"WESTERN DIGITAL RED PRO 4 TO - Epsilon PC","isPartOf":{"@id":"https:\/\/www.epsilon-pc.fr\/#website"},"primaryImageOfPage":{"@id":"https:\/\/www.epsilon-pc.fr\/index.php\/produit\/western-digital-red-pro-disque-dur-4-to\/#primaryimage"},"image":{"@id":"https:\/\/www.epsilon-pc.fr\/index.php\/produit\/western-digital-red-pro-disque-dur-4-to\/#primaryimage"},"thumbnailUrl":"https:\/\/www.epsilon-pc.fr\/wp-content\/uploads\/2026\/05\/wd-red-pro-wd4003ffbx-disque-dur-4-to-sata-6gb-s.jpg","datePublished":"2026-05-12T11:24:28+00:00","dateModified":"2026-05-15T13:10:57+00:00","breadcrumb":{"@id":"https:\/\/www.epsilon-pc.fr\/index.php\/produit\/western-digital-red-pro-disque-dur-4-to\/#breadcrumb"},"inLanguage":"fr-FR","potentialAction":[{"@type":"ReadAction","target":["https:\/\/www.epsilon-pc.fr\/index.php\/produit\/western-digital-red-pro-disque-dur-4-to\/"]}]},{"@type":"ImageObject","inLanguage":"fr-FR","@id":"https:\/\/www.epsilon-pc.fr\/index.php\/produit\/western-digital-red-pro-disque-dur-4-to\/#primaryimage","url":"https:\/\/www.epsilon-pc.fr\/wp-content\/uploads\/2026\/05\/wd-red-pro-wd4003ffbx-disque-dur-4-to-sata-6gb-s.jpg","contentUrl":"https:\/\/www.epsilon-pc.fr\/wp-content\/uploads\/2026\/05\/wd-red-pro-wd4003ffbx-disque-dur-4-to-sata-6gb-s.jpg","width":800,"height":800},{"@type":"BreadcrumbList","@id":"https:\/\/www.epsilon-pc.fr\/index.php\/produit\/western-digital-red-pro-disque-dur-4-to\/#breadcrumb","itemListElement":[{"@type":"ListItem","position":1,"name":"Accueil","item":"https:\/\/www.epsilon-pc.fr\/"},{"@type":"ListItem","position":2,"name":"Boutique","item":"https:\/\/www.epsilon-pc.fr\/index.php\/boutique\/"},{"@type":"ListItem","position":3,"name":"WESTERN DIGITAL RED PRO 4 TO"}]},{"@type":"WebSite","@id":"https:\/\/www.epsilon-pc.fr\/#website","url":"https:\/\/www.epsilon-pc.fr\/","name":"Epsilon PC","description":"","publisher":{"@id":"https:\/\/www.epsilon-pc.fr\/#organization"},"potentialAction":[{"@type":"SearchAction","target":{"@type":"EntryPoint","urlTemplate":"https:\/\/www.epsilon-pc.fr\/?s={search_term_string}"},"query-input":{"@type":"PropertyValueSpecification","valueRequired":true,"valueName":"search_term_string"}}],"inLanguage":"fr-FR"},{"@type":"Organization","@id":"https:\/\/www.epsilon-pc.fr\/#organization","name":"Epsilon PC","url":"https:\/\/www.epsilon-pc.fr\/","logo":{"@type":"ImageObject","inLanguage":"fr-FR","@id":"https:\/\/www.epsilon-pc.fr\/#\/schema\/logo\/image\/","url":"https:\/\/www.epsilon-pc.fr\/wp-content\/uploads\/2026\/02\/cropped-LogoEpsi-1.bmp","contentUrl":"https:\/\/www.epsilon-pc.fr\/wp-content\/uploads\/2026\/02\/cropped-LogoEpsi-1.bmp","width":191,"height":59,"caption":"Epsilon PC"},"image":{"@id":"https:\/\/www.epsilon-pc.fr\/#\/schema\/logo\/image\/"}}]}},"_links":{"self":[{"href":"https:\/\/www.epsilon-pc.fr\/index.php\/wp-json\/wp\/v2\/product\/11420","targetHints":{"allow":["GET"]}}],"collection":[{"href":"https:\/\/www.epsilon-pc.fr\/index.php\/wp-json\/wp\/v2\/product"}],"about":[{"href":"https:\/\/www.epsilon-pc.fr\/index.php\/wp-json\/wp\/v2\/types\/product"}],"wp:featuredmedia":[{"embeddable":true,"href":"https:\/\/www.epsilon-pc.fr\/index.php\/wp-json\/wp\/v2\/media\/11419"}],"wp:attachment":[{"href":"https:\/\/www.epsilon-pc.fr\/index.php\/wp-json\/wp\/v2\/media?parent=11420"}],"wp:term":[{"taxonomy":"product_brand","embeddable":true,"href":"https:\/\/www.epsilon-pc.fr\/index.php\/wp-json\/wp\/v2\/product_brand?post=11420"},{"taxonomy":"product_cat","embeddable":true,"href":"https:\/\/www.epsilon-pc.fr\/index.php\/wp-json\/wp\/v2\/product_cat?post=11420"},{"taxonomy":"product_tag","embeddable":true,"href":"https:\/\/www.epsilon-pc.fr\/index.php\/wp-json\/wp\/v2\/product_tag?post=11420"}],"curies":[{"name":"wp","href":"https:\/\/api.w.org\/{rel}","templated":true}]}}