{"id":11349,"date":"2026-05-02T11:16:06","date_gmt":"2026-05-02T09:16:06","guid":{"rendered":"https:\/\/www.epsilon-pc.fr\/index.php\/produit\/iiyama-gb2766hsu-b1\/"},"modified":"2026-05-02T11:19:18","modified_gmt":"2026-05-02T09:19:18","slug":"iiyama-gb2766hsu-b1","status":"publish","type":"product","link":"https:\/\/www.epsilon-pc.fr\/index.php\/produit\/iiyama-gb2766hsu-b1\/","title":{"rendered":"IIYAMA GB2766HSU-B1 \/ 27 Pouces"},"content":{"rendered":"<p>Immergez-vous dans le jeu avec le GB2766HSU incurv\u00e9 offrant FreeSync Premium<br \/>\nLa dalle VA incurv\u00e9 1500R avec un taux de rafra\u00eechissement de 165Hz, un MPRT de 1 ms et une r\u00e9solution de 1920 x 1080 garantit une superbe qualit\u00e9 d&rsquo;image offrant une exp\u00e9rience visuelle exceptionelle.<br \/>\nLa possibilit\u00e9 de personnaliser les param\u00e8tres de l&rsquo;\u00e9cran \u00e0 l&rsquo;aide des modes de jeu pr\u00e9d\u00e9finis et personnalis\u00e9s ainsi que la fonction Black Tuner vous donne un contr\u00f4le total sur les sc\u00e8nes sombres et garantit que les d\u00e9tails sont toujours clairement visibles. Gr\u00e2ce au support r\u00e9glable en hauteur, vous pouvez facilement ajuster la position de l&rsquo;\u00e9cran selon vos pr\u00e9f\u00e9rences pour assurer le confort pendant les sessions de jeu.<\/p>\n<p><b>DESIGN COURB\u00c9<\/b><br \/>\nInspir\u00e9e par la courbe de l&rsquo;\u0153il humain, la courbure de l&rsquo;\u00e9cran 1500R garantit une exp\u00e9rience de visionnement r\u00e9aliste et confortable vous permettant de vous immerger vraiment dans le jeu.<\/p>\n<p><b>1MS<\/b><br \/>\nUn temps de r\u00e9ponse rapide est la cl\u00e9 pour des jeux aux images ultra fluides. Cela r\u00e9duit l&rsquo;effet \u00ab\u00a0fant\u00f4me\u00a0\u00bb et cela assure donc \u00e0 son utilisateur une exp\u00e9rience et des performances in\u00e9dites.<\/p>\n<p><b>TECHNOLOGIE FREESYNC PREMIUM<\/b><br \/>\nCe moniteur garantit une faible latence d&rsquo;entr\u00e9e et une faible compensation de fr\u00e9quence d&rsquo;image en eliminant tout probl\u00e8me de d\u00e9chirure ou de hachures pratiquement \u00e0 chaque taux de rafra\u00eechissement.<\/p>\n<p><b>DALLE EN TECHNOLOGIE VA<\/b><br \/>\nLa dalle VA garantit un excellent rapport de contraste rendant toutes les nuances entre les couleurs claires et fonc\u00e9es clairement visibles.<\/p>\n<p><b>BLACK TUNER<\/b><br \/>\nLes utilisateurs peuvent ajuster la luminosit\u00e9 et les niveaux de noir avec la fonction \u00ab\u00a0Black Tuner\u00a0\u00bb, donnant des performances extraordinaires dans les images sombres et permettant donc d&rsquo;identifier un ennemi plus rapidement.<\/p>\n<p><b>MODES DE JEUX PR\u00c9D\u00c9FINIS ET PERSONNALIS\u00c9S<\/b><br \/>\nFaites-les \u00e0 votre fa\u00e7on ! Choisissez l&rsquo;un des modes de jeux pr\u00e9d\u00e9finis ( y compris FPS et strat\u00e9gie) ou d\u00e9finissez et m\u00e9morisez vos propres r\u00e9glages.<\/p>\n<dl class=\"data-sheet\">\n<dt class=\"name\">Couleur du produit<\/dt>\n<dd class=\"value\">Noir<\/dd>\n<dt class=\"name\">Hauteur du colis<\/dt>\n<dd class=\"value\">505 mm<\/dd>\n<dt class=\"name\">Largeur du colis<\/dt>\n<dd class=\"value\">692 mm<\/dd>\n<dt class=\"name\">Poids du paquet<\/dt>\n<dd class=\"value\">7,5 kg<\/dd>\n<dt class=\"name\">Profondeur du colis<\/dt>\n<dd class=\"value\">692 mm<\/dd>\n<dt class=\"name\">Gestion optimis\u00e9e des c\u00e2bles<\/dt>\n<dd class=\"value\">Oui<\/dd>\n<dt class=\"name\">Diagonale d&rsquo;\u00e9cran (cm)<\/dt>\n<dd class=\"value\">68,5 cm<\/dd>\n<dt class=\"name\">Quantit\u00e9 de ports HDMI<\/dt>\n<dd class=\"value\">2<\/dd>\n<dt class=\"name\">R\u00e9solution de l&rsquo;\u00e9cran<\/dt>\n<dd class=\"value\">1920 x 1080 pixels<\/dd>\n<dt class=\"name\">Sortie de casque<\/dt>\n<dd class=\"value\">1<\/dd>\n<dt class=\"name\">Taille de l&rsquo;\u00e9cran<\/dt>\n<dd class=\"value\">27&Prime;<\/dd>\n<dt class=\"name\">Taux de rafraichissement<\/dt>\n<dd class=\"value\">165 Hz<\/dd>\n<dt class=\"name\">Type HD<\/dt>\n<dd class=\"value\">Full HD<\/dd>\n<dt class=\"name\">Type de panneau<\/dt>\n<dd class=\"value\">VA<\/dd>\n<dt class=\"name\">\u00c9cran tactile<\/dt>\n<dd class=\"value\">Non<\/dd>\n<dt class=\"name\">Consommation d&rsquo;\u00e9nergie (mode veille)<\/dt>\n<dd class=\"value\">0,5 W<\/dd>\n<dt class=\"name\">Consommation \u00e9lectrique (arr\u00eat)<\/dt>\n<dd class=\"value\">0,3 W<\/dd>\n<dt class=\"name\">Consommation \u00e9lectrique typique<\/dt>\n<dd class=\"value\">28 W<\/dd>\n<dt class=\"name\">C\u00e2bles inclus<\/dt>\n<dd class=\"value\">Secteur, DisplayPort, USB<\/dd>\n<dt class=\"name\">Humidit\u00e9 relative de fonctionnement (H-H)<\/dt>\n<dd class=\"value\">10 &#8211; 90%<\/dd>\n<dt class=\"name\">Temp\u00e9rature d&rsquo;op\u00e9ration<\/dt>\n<dd class=\"value\">5 &#8211; 35 \u00b0C<\/dd>\n<dt class=\"name\">Type d&rsquo;alimentation d&rsquo;\u00e9nergie<\/dt>\n<dd class=\"value\">Interne<\/dd>\n<dt class=\"name\">Certificats de durabilit\u00e9<\/dt>\n<dd class=\"value\">ErP<\/dd>\n<dt class=\"name\">Tension d&rsquo;entr\u00e9e AC<\/dt>\n<dd class=\"value\">100 &#8211; 240 V<\/dd>\n<dt class=\"name\">Quantit\u00e9 d&rsquo;interface DisplayPorts<\/dt>\n<dd class=\"value\">1<\/dd>\n<dt class=\"name\">Version HDMI<\/dt>\n<dd class=\"value\">2.0<\/dd>\n<dt class=\"name\">Version de DisplayPort<\/dt>\n<dd class=\"value\">1.4<\/dd>\n<dt class=\"name\">Temps moyen entre pannes<\/dt>\n<dd class=\"value\">50000 h<\/dd>\n<dt class=\"name\">Temp\u00e9rature hors fonctionnement<\/dt>\n<dd class=\"value\">-20 &#8211; 60 \u00b0C<\/dd>\n<dt class=\"name\">Positionnement de march\u00e9<\/dt>\n<dd class=\"value\">Gaming<\/dd>\n<dt class=\"name\">Format d&rsquo;image<\/dt>\n<dd class=\"value\">16:9<\/dd>\n<dt class=\"name\">Port de c\u00e2ble antivol<\/dt>\n<dd class=\"value\">Oui<\/dd>\n<dt class=\"name\">Prise en charge HDR<\/dt>\n<dd class=\"value\">Oui<\/dd>\n<dt class=\"name\">Type d&#8217;emplacement de verrouillage de c\u00e2ble<\/dt>\n<dd class=\"value\">Kensington<\/dd>\n<dt class=\"name\">AMD FreeSync<\/dt>\n<dd class=\"value\">Oui<\/dd>\n<dt class=\"name\">Ajustement de l&rsquo;inclinaison<\/dt>\n<dd class=\"value\">Oui<\/dd>\n<dt class=\"name\">Angle d&rsquo;inclinaison<\/dt>\n<dd class=\"value\">-5 &#8211; 18\u00b0<\/dd>\n<dt class=\"name\">Angle de vision horizontal<\/dt>\n<dd class=\"value\">178\u00b0<\/dd>\n<dt class=\"name\">Angle de vision vertical<\/dt>\n<dd class=\"value\">178\u00b0<\/dd>\n<dt class=\"name\">Appareil photo int\u00e9gr\u00e9<\/dt>\n<dd class=\"value\">Non<\/dd>\n<dt class=\"name\">Concentrateur USB int\u00e9gr\u00e9<\/dt>\n<dd class=\"value\">Oui<\/dd>\n<dt class=\"name\">Couleurs pieds<\/dt>\n<dd class=\"value\">Noir<\/dd>\n<dt class=\"name\">Forme d&rsquo;\u00e9cran<\/dt>\n<dd class=\"value\">Incurv\u00e9<\/dd>\n<dt class=\"name\">Fr\u00e9quence d&rsquo;entr\u00e9e AC<\/dt>\n<dd class=\"value\">50\/60 Hz<\/dd>\n<dt class=\"name\">HDCP<\/dt>\n<dd class=\"value\">Oui<\/dd>\n<dt class=\"name\">HDMI<\/dt>\n<dd class=\"value\">Oui<\/dd>\n<dt class=\"name\">Haut-parleurs int\u00e9gr\u00e9s<\/dt>\n<dd class=\"value\">Oui<\/dd>\n<dt class=\"name\">Hauteur (sans support)<\/dt>\n<dd class=\"value\">409,5 mm<\/dd>\n<dt class=\"name\">Hauteur (support inclus)<\/dt>\n<dd class=\"value\">539,5 mm<\/dd>\n<dt class=\"name\">Largeur appareil (support inclus)<\/dt>\n<dd class=\"value\">610,5 mm<\/dd>\n<dt class=\"name\">Luminosit\u00e9 de l&rsquo;\u00e9cran (typique)<\/dt>\n<dd class=\"value\">250 cd\/m\u00b2<\/dd>\n<dt class=\"name\">Montage VESA<\/dt>\n<dd class=\"value\">Oui<\/dd>\n<dt class=\"name\">Nombre de couleurs affich\u00e9es<\/dt>\n<dd class=\"value\">16,7 millions de couleurs<\/dd>\n<dt class=\"name\">Nombre de haut-parleurs<\/dt>\n<dd class=\"value\">2<\/dd>\n<dt class=\"name\">Nombre de ports amont<\/dt>\n<dd class=\"value\">1<\/dd>\n<dt class=\"name\">Norme VESA<\/dt>\n<dd class=\"value\">100 x 100 mm<\/dd>\n<dt class=\"name\">Pas de pixel<\/dt>\n<dd class=\"value\">0,311 x 0,311 mm<\/dd>\n<dt class=\"name\">Poids (avec support)<\/dt>\n<dd class=\"value\">5,7 kg<\/dd>\n<dt class=\"name\">Profondeur (support inclus)<\/dt>\n<dd class=\"value\">256 mm<\/dd>\n<dt class=\"name\">Puissance \u00e9valu\u00e9e de RMS<\/dt>\n<dd class=\"value\">4 W<\/dd>\n<dt class=\"name\">Quantit\u00e9 de ports avals USB de type A<\/dt>\n<dd class=\"value\">2<\/dd>\n<dt class=\"name\">Rapport de contraste (dynamique)<\/dt>\n<dd class=\"value\">80000000:1<\/dd>\n<dt class=\"name\">R\u00e9glage de la hauteur<\/dt>\n<dd class=\"value\">Oui<\/dd>\n<dt class=\"name\">Sortie casque audio<\/dt>\n<dd class=\"value\">Oui<\/dd>\n<dt class=\"name\">Support inclus<\/dt>\n<dd class=\"value\">Oui<\/dd>\n<dt class=\"name\">Taille visualisable horizontale<\/dt>\n<dd class=\"value\">59,8 cm<\/dd>\n<dt class=\"name\">Taille visualisable verticale<\/dt>\n<dd class=\"value\">33,6 cm<\/dd>\n<dt class=\"name\">Taux de contraste<\/dt>\n<dd class=\"value\">3000:1<\/dd>\n<dt class=\"name\">Technologie Low-Blue-Light<\/dt>\n<dd class=\"value\">Oui<\/dd>\n<dt class=\"name\">Technologie d&rsquo;affichage<\/dt>\n<dd class=\"value\">LED<\/dd>\n<dt class=\"name\">Technologie sans scintillement<\/dt>\n<dd class=\"value\">Oui<\/dd>\n<dt class=\"name\">Temps de r\u00e9ponse<\/dt>\n<dd class=\"value\">1 ms<\/dd>\n<dt class=\"name\">Type AMD FreeSync<\/dt>\n<dd class=\"value\">FreeSync Premium<\/dd>\n<dt class=\"name\">Type de porte USB amont<\/dt>\n<dd class=\"value\">USB Type-B<\/dd>\n<dt class=\"name\">Version du concentrateur USB<\/dt>\n<dd class=\"value\">2.0<\/dd>\n<dt class=\"name\">Affichage multilingue \u00e0 l&rsquo;\u00e9cran<\/dt>\n<dd class=\"value\">Tch\u00e8que, Allemand, N\u00e9erlandais, Anglais, Espagnol, Fran\u00e7ais, Italien, Japonais, Polonais, Russe<\/dd>\n<dt class=\"name\">Affichage \u00e0 l&rsquo;\u00e9cran (OSD)<\/dt>\n<dd class=\"value\">Oui<\/dd>\n<dt class=\"name\">Nombre de langues OSD<\/dt>\n<dd class=\"value\">10<\/dd>\n<dt class=\"name\">NVIDIA G-SYNC<\/dt>\n<dd class=\"value\">Non<\/dd>\n<dt class=\"name\">Taux de courbure d&rsquo;\u00e9cran<\/dt>\n<dd class=\"value\">1500R<\/dd>\n<dt class=\"name\">Domaine de num\u00e9risation horizontale<\/dt>\n<dd class=\"value\">30 &#8211; 184 kHz<\/dd>\n<dt class=\"name\">Plage de taux de rafra\u00eechissement AMD FreeSync<\/dt>\n<dd class=\"value\">48 &#8211; 165 Hz<\/dd>\n<dt class=\"name\">Classe d&rsquo;efficacit\u00e9 \u00e9nerg\u00e9tique (SDR)<\/dt>\n<dd class=\"value\">E<\/dd>\n<dt class=\"name\">Consommation d&rsquo;\u00e9nergie (SDR) pour 1000 heures<\/dt>\n<dd class=\"value\">20 kWh<\/dd>\n<dt class=\"name\">Fr\u00e9quence num\u00e9rique horizontale<\/dt>\n<dd class=\"value\">30 &#8211; 184 kHz<\/dd>\n<dt class=\"name\">Plage d\u2019efficacit\u00e9 \u00e9nerg\u00e9tique<\/dt>\n<dd class=\"value\">A \u00e0 G<\/dd>\n<dt class=\"name\">Classe d&rsquo;efficacit\u00e9 \u00e9nerg\u00e9tique (HDR)<\/dt>\n<dd class=\"value\">G<\/dd>\n<dt class=\"name\">Consommation d&rsquo;\u00e9nergie (HDR) pour 1000 heures<\/dt>\n<dd class=\"value\">30 kWh<\/dd>\n<dt class=\"name\">Guide de d\u00e9marrage rapide<\/dt>\n<dd class=\"value\">Oui<\/dd>\n<dt class=\"name\">Taux d&rsquo;humidit\u00e9 relative (stockage)<\/dt>\n<dd class=\"value\">10 &#8211; 90%<\/dd>\n<dt class=\"name\">Surface d&rsquo;affichage<\/dt>\n<dd class=\"value\">Mat<\/dd>\n<dt class=\"name\">Code du registre europ\u00e9en des produits pour l&rsquo;\u00e9tiquetage \u00e9nerg\u00e9tique (EPREL)<\/dt>\n<dd class=\"value\">546105<\/dd>\n<dt class=\"name\">Certificats de conformit\u00e9<\/dt>\n<dd class=\"value\">CE, REACH, RoHS, WEEE<\/dd>\n<dt class=\"name\">Temps de r\u00e9ponse (MPRT)<\/dt>\n<dd class=\"value\">1 ms<\/dd>\n<dt class=\"name\">Hauteur ajustable (max)<\/dt>\n<dd class=\"value\">13 cm<\/dd>\n<\/dl>\n","protected":false},"excerpt":{"rendered":"<p><strong>\ud83c\uddef\ud83c\uddf5 Iiyama : Le rapport qualit\u00e9\/prix japonais imbattable<\/strong><\/p>\n<p>Marque historique et rassurante, Iiyama est r\u00e9put\u00e9e pour concevoir des \u00e9crans fiables, ergonomiques et extr\u00eamement bien plac\u00e9s en prix.<\/p>\n<ul>\n<li><strong>\ud83e\udd85 G-Master (Red Eagle) :<\/strong> Des caract\u00e9ristiques gaming solides (144Hz+, 1ms) \u00e0 des tarifs tr\u00e8s agressifs.<\/li>\n<li><strong>\ud83d\udcbc ProLite :<\/strong> La valeur s\u00fbre des entreprises et des t\u00e9l\u00e9travailleurs gr\u00e2ce \u00e0 des pieds r\u00e9glables et une grande robustesse.<\/li>\n<\/ul>\n","protected":false},"featured_media":11348,"template":"","meta":{"ocean_post_layout":"","ocean_both_sidebars_style":"","ocean_both_sidebars_content_width":0,"ocean_both_sidebars_sidebars_width":0,"ocean_sidebar":"0","ocean_second_sidebar":"0","ocean_disable_margins":"enable","ocean_add_body_class":"","ocean_shortcode_before_top_bar":"","ocean_shortcode_after_top_bar":"","ocean_shortcode_before_header":"","ocean_shortcode_after_header":"","ocean_has_shortcode":"","ocean_shortcode_after_title":"","ocean_shortcode_before_footer_widgets":"","ocean_shortcode_after_footer_widgets":"","ocean_shortcode_before_footer_bottom":"","ocean_shortcode_after_footer_bottom":"","ocean_display_top_bar":"default","ocean_display_header":"default","ocean_header_style":"","ocean_center_header_left_menu":"0","ocean_custom_header_template":"0","ocean_custom_logo":0,"ocean_custom_retina_logo":0,"ocean_custom_logo_max_width":0,"ocean_custom_logo_tablet_max_width":0,"ocean_custom_logo_mobile_max_width":0,"ocean_custom_logo_max_height":0,"ocean_custom_logo_tablet_max_height":0,"ocean_custom_logo_mobile_max_height":0,"ocean_header_custom_menu":"0","ocean_menu_typo_font_family":"0","ocean_menu_typo_font_subset":"","ocean_menu_typo_font_size":0,"ocean_menu_typo_font_size_tablet":0,"ocean_menu_typo_font_size_mobile":0,"ocean_menu_typo_font_size_unit":"px","ocean_menu_typo_font_weight":"","ocean_menu_typo_font_weight_tablet":"","ocean_menu_typo_font_weight_mobile":"","ocean_menu_typo_transform":"","ocean_menu_typo_transform_tablet":"","ocean_menu_typo_transform_mobile":"","ocean_menu_typo_line_height":0,"ocean_menu_typo_line_height_tablet":0,"ocean_menu_typo_line_height_mobile":0,"ocean_menu_typo_line_height_unit":"","ocean_menu_typo_spacing":0,"ocean_menu_typo_spacing_tablet":0,"ocean_menu_typo_spacing_mobile":0,"ocean_menu_typo_spacing_unit":"","ocean_menu_link_color":"","ocean_menu_link_color_hover":"","ocean_menu_link_color_active":"","ocean_menu_link_background":"","ocean_menu_link_hover_background":"","ocean_menu_link_active_background":"","ocean_menu_social_links_bg":"","ocean_menu_social_hover_links_bg":"","ocean_menu_social_links_color":"","ocean_menu_social_hover_links_color":"","ocean_disable_title":"default","ocean_disable_heading":"default","ocean_post_title":"","ocean_post_subheading":"","ocean_post_title_style":"","ocean_post_title_background_color":"","ocean_post_title_background":0,"ocean_post_title_bg_image_position":"","ocean_post_title_bg_image_attachment":"","ocean_post_title_bg_image_repeat":"","ocean_post_title_bg_image_size":"","ocean_post_title_height":0,"ocean_post_title_bg_overlay":0.5,"ocean_post_title_bg_overlay_color":"","ocean_disable_breadcrumbs":"default","ocean_breadcrumbs_color":"","ocean_breadcrumbs_separator_color":"","ocean_breadcrumbs_links_color":"","ocean_breadcrumbs_links_hover_color":"","ocean_display_footer_widgets":"default","ocean_display_footer_bottom":"default","ocean_custom_footer_template":"0"},"product_brand":[70],"product_cat":[67],"product_tag":[],"class_list":{"0":"post-11349","1":"product","2":"type-product","3":"status-publish","4":"has-post-thumbnail","6":"product_brand-iiyama","7":"product_cat-moniteur","8":"product_shipping_class-non-expediable","10":"entry","11":"has-media","13":"first","14":"instock","15":"taxable","16":"shipping-taxable","17":"purchasable","18":"product-type-simple","19":"has-product-nav","20":"col","21":"span_1_of_4","22":"owp-content-center","23":"owp-thumbs-layout-horizontal","24":"owp-btn-big","25":"owp-tabs-layout-horizontal","26":"has-no-thumbnails"},"yoast_head":"<!-- This site is optimized with the Yoast SEO plugin v27.3 - https:\/\/yoast.com\/product\/yoast-seo-wordpress\/ -->\n<title>IIYAMA GB2766HSU-B1 \/ 27 Pouces - Epsilon PC<\/title>\n<meta name=\"robots\" content=\"index, follow, max-snippet:-1, max-image-preview:large, max-video-preview:-1\" \/>\n<link rel=\"canonical\" href=\"https:\/\/www.epsilon-pc.fr\/index.php\/produit\/iiyama-gb2766hsu-b1\/\" \/>\n<meta property=\"og:locale\" content=\"fr_FR\" \/>\n<meta property=\"og:type\" content=\"article\" \/>\n<meta property=\"og:title\" content=\"IIYAMA GB2766HSU-B1 \/ 27 Pouces - Epsilon PC\" \/>\n<meta property=\"og:description\" content=\"\ud83c\uddef\ud83c\uddf5 Iiyama : Le rapport qualit\u00e9\/prix japonais imbattable  Marque historique et rassurante, Iiyama est r\u00e9put\u00e9e pour concevoir des \u00e9crans fiables, ergonomiques et extr\u00eamement bien plac\u00e9s en prix.   \ud83e\udd85 G-Master (Red Eagle) : Des caract\u00e9ristiques gaming solides (144Hz+, 1ms) \u00e0 des tarifs tr\u00e8s agressifs.  \ud83d\udcbc ProLite : La valeur s\u00fbre des entreprises et des t\u00e9l\u00e9travailleurs gr\u00e2ce \u00e0 des pieds r\u00e9glables et une grande robustesse.\" \/>\n<meta property=\"og:url\" content=\"https:\/\/www.epsilon-pc.fr\/index.php\/produit\/iiyama-gb2766hsu-b1\/\" \/>\n<meta property=\"og:site_name\" content=\"Epsilon PC\" \/>\n<meta property=\"article:modified_time\" content=\"2026-05-02T09:19:18+00:00\" \/>\n<meta property=\"og:image\" content=\"http:\/\/www.epsilon-pc.fr\/wp-content\/uploads\/2026\/05\/iiyama-g-master-gb2766hsu-b1-led-display-686-cm-27-1920-x-1080-pixels-full-hd-noir.jpg\" \/>\n\t<meta property=\"og:image:width\" content=\"800\" \/>\n\t<meta property=\"og:image:height\" content=\"800\" \/>\n\t<meta property=\"og:image:type\" content=\"image\/jpeg\" \/>\n<meta name=\"twitter:card\" content=\"summary_large_image\" \/>\n<meta name=\"twitter:label1\" content=\"Dur\u00e9e de lecture estim\u00e9e\" \/>\n\t<meta name=\"twitter:data1\" content=\"5 minutes\" \/>\n<script type=\"application\/ld+json\" class=\"yoast-schema-graph\">{\"@context\":\"https:\\\/\\\/schema.org\",\"@graph\":[{\"@type\":\"WebPage\",\"@id\":\"https:\\\/\\\/www.epsilon-pc.fr\\\/index.php\\\/produit\\\/iiyama-gb2766hsu-b1\\\/\",\"url\":\"https:\\\/\\\/www.epsilon-pc.fr\\\/index.php\\\/produit\\\/iiyama-gb2766hsu-b1\\\/\",\"name\":\"IIYAMA GB2766HSU-B1 \\\/ 27 Pouces - Epsilon PC\",\"isPartOf\":{\"@id\":\"https:\\\/\\\/www.epsilon-pc.fr\\\/#website\"},\"primaryImageOfPage\":{\"@id\":\"https:\\\/\\\/www.epsilon-pc.fr\\\/index.php\\\/produit\\\/iiyama-gb2766hsu-b1\\\/#primaryimage\"},\"image\":{\"@id\":\"https:\\\/\\\/www.epsilon-pc.fr\\\/index.php\\\/produit\\\/iiyama-gb2766hsu-b1\\\/#primaryimage\"},\"thumbnailUrl\":\"https:\\\/\\\/www.epsilon-pc.fr\\\/wp-content\\\/uploads\\\/2026\\\/05\\\/iiyama-g-master-gb2766hsu-b1-led-display-686-cm-27-1920-x-1080-pixels-full-hd-noir.jpg\",\"datePublished\":\"2026-05-02T09:16:06+00:00\",\"dateModified\":\"2026-05-02T09:19:18+00:00\",\"breadcrumb\":{\"@id\":\"https:\\\/\\\/www.epsilon-pc.fr\\\/index.php\\\/produit\\\/iiyama-gb2766hsu-b1\\\/#breadcrumb\"},\"inLanguage\":\"fr-FR\",\"potentialAction\":[{\"@type\":\"ReadAction\",\"target\":[\"https:\\\/\\\/www.epsilon-pc.fr\\\/index.php\\\/produit\\\/iiyama-gb2766hsu-b1\\\/\"]}]},{\"@type\":\"ImageObject\",\"inLanguage\":\"fr-FR\",\"@id\":\"https:\\\/\\\/www.epsilon-pc.fr\\\/index.php\\\/produit\\\/iiyama-gb2766hsu-b1\\\/#primaryimage\",\"url\":\"https:\\\/\\\/www.epsilon-pc.fr\\\/wp-content\\\/uploads\\\/2026\\\/05\\\/iiyama-g-master-gb2766hsu-b1-led-display-686-cm-27-1920-x-1080-pixels-full-hd-noir.jpg\",\"contentUrl\":\"https:\\\/\\\/www.epsilon-pc.fr\\\/wp-content\\\/uploads\\\/2026\\\/05\\\/iiyama-g-master-gb2766hsu-b1-led-display-686-cm-27-1920-x-1080-pixels-full-hd-noir.jpg\",\"width\":800,\"height\":800},{\"@type\":\"BreadcrumbList\",\"@id\":\"https:\\\/\\\/www.epsilon-pc.fr\\\/index.php\\\/produit\\\/iiyama-gb2766hsu-b1\\\/#breadcrumb\",\"itemListElement\":[{\"@type\":\"ListItem\",\"position\":1,\"name\":\"Accueil\",\"item\":\"https:\\\/\\\/www.epsilon-pc.fr\\\/\"},{\"@type\":\"ListItem\",\"position\":2,\"name\":\"Boutique\",\"item\":\"https:\\\/\\\/www.epsilon-pc.fr\\\/index.php\\\/boutique\\\/\"},{\"@type\":\"ListItem\",\"position\":3,\"name\":\"IIYAMA GB2766HSU-B1 \\\/ 27 Pouces\"}]},{\"@type\":\"WebSite\",\"@id\":\"https:\\\/\\\/www.epsilon-pc.fr\\\/#website\",\"url\":\"https:\\\/\\\/www.epsilon-pc.fr\\\/\",\"name\":\"Epsilon PC\",\"description\":\"\",\"publisher\":{\"@id\":\"https:\\\/\\\/www.epsilon-pc.fr\\\/#organization\"},\"potentialAction\":[{\"@type\":\"SearchAction\",\"target\":{\"@type\":\"EntryPoint\",\"urlTemplate\":\"https:\\\/\\\/www.epsilon-pc.fr\\\/?s={search_term_string}\"},\"query-input\":{\"@type\":\"PropertyValueSpecification\",\"valueRequired\":true,\"valueName\":\"search_term_string\"}}],\"inLanguage\":\"fr-FR\"},{\"@type\":\"Organization\",\"@id\":\"https:\\\/\\\/www.epsilon-pc.fr\\\/#organization\",\"name\":\"Epsilon PC\",\"url\":\"https:\\\/\\\/www.epsilon-pc.fr\\\/\",\"logo\":{\"@type\":\"ImageObject\",\"inLanguage\":\"fr-FR\",\"@id\":\"https:\\\/\\\/www.epsilon-pc.fr\\\/#\\\/schema\\\/logo\\\/image\\\/\",\"url\":\"https:\\\/\\\/www.epsilon-pc.fr\\\/wp-content\\\/uploads\\\/2026\\\/02\\\/cropped-LogoEpsi-1.bmp\",\"contentUrl\":\"https:\\\/\\\/www.epsilon-pc.fr\\\/wp-content\\\/uploads\\\/2026\\\/02\\\/cropped-LogoEpsi-1.bmp\",\"width\":191,\"height\":59,\"caption\":\"Epsilon PC\"},\"image\":{\"@id\":\"https:\\\/\\\/www.epsilon-pc.fr\\\/#\\\/schema\\\/logo\\\/image\\\/\"}}]}<\/script>\n<!-- \/ Yoast SEO plugin. -->","yoast_head_json":{"title":"IIYAMA GB2766HSU-B1 \/ 27 Pouces - Epsilon PC","robots":{"index":"index","follow":"follow","max-snippet":"max-snippet:-1","max-image-preview":"max-image-preview:large","max-video-preview":"max-video-preview:-1"},"canonical":"https:\/\/www.epsilon-pc.fr\/index.php\/produit\/iiyama-gb2766hsu-b1\/","og_locale":"fr_FR","og_type":"article","og_title":"IIYAMA GB2766HSU-B1 \/ 27 Pouces - Epsilon PC","og_description":"\ud83c\uddef\ud83c\uddf5 Iiyama : Le rapport qualit\u00e9\/prix japonais imbattable  Marque historique et rassurante, Iiyama est r\u00e9put\u00e9e pour concevoir des \u00e9crans fiables, ergonomiques et extr\u00eamement bien plac\u00e9s en prix.   \ud83e\udd85 G-Master (Red Eagle) : Des caract\u00e9ristiques gaming solides (144Hz+, 1ms) \u00e0 des tarifs tr\u00e8s agressifs.  \ud83d\udcbc ProLite : La valeur s\u00fbre des entreprises et des t\u00e9l\u00e9travailleurs gr\u00e2ce \u00e0 des pieds r\u00e9glables et une grande robustesse.","og_url":"https:\/\/www.epsilon-pc.fr\/index.php\/produit\/iiyama-gb2766hsu-b1\/","og_site_name":"Epsilon PC","article_modified_time":"2026-05-02T09:19:18+00:00","og_image":[{"width":800,"height":800,"url":"http:\/\/www.epsilon-pc.fr\/wp-content\/uploads\/2026\/05\/iiyama-g-master-gb2766hsu-b1-led-display-686-cm-27-1920-x-1080-pixels-full-hd-noir.jpg","type":"image\/jpeg"}],"twitter_card":"summary_large_image","twitter_misc":{"Dur\u00e9e de lecture estim\u00e9e":"5 minutes"},"schema":{"@context":"https:\/\/schema.org","@graph":[{"@type":"WebPage","@id":"https:\/\/www.epsilon-pc.fr\/index.php\/produit\/iiyama-gb2766hsu-b1\/","url":"https:\/\/www.epsilon-pc.fr\/index.php\/produit\/iiyama-gb2766hsu-b1\/","name":"IIYAMA GB2766HSU-B1 \/ 27 Pouces - Epsilon PC","isPartOf":{"@id":"https:\/\/www.epsilon-pc.fr\/#website"},"primaryImageOfPage":{"@id":"https:\/\/www.epsilon-pc.fr\/index.php\/produit\/iiyama-gb2766hsu-b1\/#primaryimage"},"image":{"@id":"https:\/\/www.epsilon-pc.fr\/index.php\/produit\/iiyama-gb2766hsu-b1\/#primaryimage"},"thumbnailUrl":"https:\/\/www.epsilon-pc.fr\/wp-content\/uploads\/2026\/05\/iiyama-g-master-gb2766hsu-b1-led-display-686-cm-27-1920-x-1080-pixels-full-hd-noir.jpg","datePublished":"2026-05-02T09:16:06+00:00","dateModified":"2026-05-02T09:19:18+00:00","breadcrumb":{"@id":"https:\/\/www.epsilon-pc.fr\/index.php\/produit\/iiyama-gb2766hsu-b1\/#breadcrumb"},"inLanguage":"fr-FR","potentialAction":[{"@type":"ReadAction","target":["https:\/\/www.epsilon-pc.fr\/index.php\/produit\/iiyama-gb2766hsu-b1\/"]}]},{"@type":"ImageObject","inLanguage":"fr-FR","@id":"https:\/\/www.epsilon-pc.fr\/index.php\/produit\/iiyama-gb2766hsu-b1\/#primaryimage","url":"https:\/\/www.epsilon-pc.fr\/wp-content\/uploads\/2026\/05\/iiyama-g-master-gb2766hsu-b1-led-display-686-cm-27-1920-x-1080-pixels-full-hd-noir.jpg","contentUrl":"https:\/\/www.epsilon-pc.fr\/wp-content\/uploads\/2026\/05\/iiyama-g-master-gb2766hsu-b1-led-display-686-cm-27-1920-x-1080-pixels-full-hd-noir.jpg","width":800,"height":800},{"@type":"BreadcrumbList","@id":"https:\/\/www.epsilon-pc.fr\/index.php\/produit\/iiyama-gb2766hsu-b1\/#breadcrumb","itemListElement":[{"@type":"ListItem","position":1,"name":"Accueil","item":"https:\/\/www.epsilon-pc.fr\/"},{"@type":"ListItem","position":2,"name":"Boutique","item":"https:\/\/www.epsilon-pc.fr\/index.php\/boutique\/"},{"@type":"ListItem","position":3,"name":"IIYAMA GB2766HSU-B1 \/ 27 Pouces"}]},{"@type":"WebSite","@id":"https:\/\/www.epsilon-pc.fr\/#website","url":"https:\/\/www.epsilon-pc.fr\/","name":"Epsilon PC","description":"","publisher":{"@id":"https:\/\/www.epsilon-pc.fr\/#organization"},"potentialAction":[{"@type":"SearchAction","target":{"@type":"EntryPoint","urlTemplate":"https:\/\/www.epsilon-pc.fr\/?s={search_term_string}"},"query-input":{"@type":"PropertyValueSpecification","valueRequired":true,"valueName":"search_term_string"}}],"inLanguage":"fr-FR"},{"@type":"Organization","@id":"https:\/\/www.epsilon-pc.fr\/#organization","name":"Epsilon PC","url":"https:\/\/www.epsilon-pc.fr\/","logo":{"@type":"ImageObject","inLanguage":"fr-FR","@id":"https:\/\/www.epsilon-pc.fr\/#\/schema\/logo\/image\/","url":"https:\/\/www.epsilon-pc.fr\/wp-content\/uploads\/2026\/02\/cropped-LogoEpsi-1.bmp","contentUrl":"https:\/\/www.epsilon-pc.fr\/wp-content\/uploads\/2026\/02\/cropped-LogoEpsi-1.bmp","width":191,"height":59,"caption":"Epsilon PC"},"image":{"@id":"https:\/\/www.epsilon-pc.fr\/#\/schema\/logo\/image\/"}}]}},"_links":{"self":[{"href":"https:\/\/www.epsilon-pc.fr\/index.php\/wp-json\/wp\/v2\/product\/11349","targetHints":{"allow":["GET"]}}],"collection":[{"href":"https:\/\/www.epsilon-pc.fr\/index.php\/wp-json\/wp\/v2\/product"}],"about":[{"href":"https:\/\/www.epsilon-pc.fr\/index.php\/wp-json\/wp\/v2\/types\/product"}],"wp:featuredmedia":[{"embeddable":true,"href":"https:\/\/www.epsilon-pc.fr\/index.php\/wp-json\/wp\/v2\/media\/11348"}],"wp:attachment":[{"href":"https:\/\/www.epsilon-pc.fr\/index.php\/wp-json\/wp\/v2\/media?parent=11349"}],"wp:term":[{"taxonomy":"product_brand","embeddable":true,"href":"https:\/\/www.epsilon-pc.fr\/index.php\/wp-json\/wp\/v2\/product_brand?post=11349"},{"taxonomy":"product_cat","embeddable":true,"href":"https:\/\/www.epsilon-pc.fr\/index.php\/wp-json\/wp\/v2\/product_cat?post=11349"},{"taxonomy":"product_tag","embeddable":true,"href":"https:\/\/www.epsilon-pc.fr\/index.php\/wp-json\/wp\/v2\/product_tag?post=11349"}],"curies":[{"name":"wp","href":"https:\/\/api.w.org\/{rel}","templated":true}]}}