{"id":11320,"date":"2026-04-30T11:01:45","date_gmt":"2026-04-30T09:01:45","guid":{"rendered":"https:\/\/www.epsilon-pc.fr\/index.php\/produit\/crucial-pro-16g-1x16g-ddr5-6000\/"},"modified":"2026-04-30T11:04:41","modified_gmt":"2026-04-30T09:04:41","slug":"crucial-pro-16g-1x16g-ddr5-6000","status":"publish","type":"product","link":"https:\/\/www.epsilon-pc.fr\/index.php\/produit\/crucial-pro-16g-1x16g-ddr5-6000\/","title":{"rendered":"CRUCIAL PRO 16G (1X16G) DDR5 6000Mhz"},"content":{"rendered":"<p>Le CRUCIAL PRO 16G (1x16G) DDR5-6000 est une barrette de m\u00e9moire vive de haute performance con\u00e7ue pour r\u00e9pondre aux besoins des utilisateurs les plus exigeants. Avec sa capacit\u00e9 de 16 Go et sa fr\u00e9quence de 6000 MHz, cette barrette garantit des performances fluides et rapides pour toutes vos t\u00e2ches informatiques.<\/p>\n<p>Que vous soyez un gamer passionn\u00e9, un cr\u00e9ateur de contenu ou un professionnel du montage vid\u00e9o, le CRUCIAL PRO 16G DDR5-6000 vous offre la puissance n\u00e9cessaire pour ex\u00e9cuter vos applications les plus gourmandes en ressources. Son format compact et sa compatibilit\u00e9 avec de nombreuses configurations en font un choix polyvalent pour une mise \u00e0 niveau de votre syst\u00e8me.<\/p>\n<p>Cette barrette de m\u00e9moire vive est dot\u00e9e d&rsquo;une conception de haute qualit\u00e9 qui garantit une dissipation thermique optimale, contribuant ainsi \u00e0 la stabilit\u00e9 et \u00e0 la durabilit\u00e9 de votre syst\u00e8me. Installez simplement le CRUCIAL PRO 16G DDR5-6000 dans votre ordinateur pour profiter d&rsquo;une augmentation significative de ses performances globales.<\/p>\n<p>Ne laissez plus la lenteur de votre syst\u00e8me vous ralentir. Optez pour le CRUCIAL PRO 16G (1x16G) DDR5-6000 et lib\u00e9rez tout le potentiel de votre machine.<\/p>\n<dl class=\"data-sheet\">\n<dt class=\"name\">M\u00e9moire interne<\/dt>\n<dd class=\"value\">16 Go<\/dd>\n<dt class=\"name\">Type de m\u00e9moire interne<\/dt>\n<dd class=\"value\">DDR5<\/dd>\n<dt class=\"name\">Fr\u00e9quence de la m\u00e9moire<\/dt>\n<dd class=\"value\">6000 MHz<\/dd>\n<\/dl>\n","protected":false},"excerpt":{"rendered":"<p><strong>\ud83d\udee1\ufe0f Crucial : La fiabilit\u00e9 \u00e0 toute \u00e9preuve par Micron<\/strong><\/p>\n<p>En tant que marque de Micron, l&rsquo;un des plus grands fabricants de m\u00e9moire au monde, Crucial vous garantit une qualit\u00e9 de fabrication irr\u00e9prochable directement \u00e0 la source. Que ce soit pour redonner vie \u00e0 un ancien PC ou monter une station de travail robuste, c&rsquo;est le choix de la tranquillit\u00e9 d&rsquo;esprit.<\/p>\n<ul>\n<li><strong>\ud83d\udcbc Crucial Pro :<\/strong> Con\u00e7ue pour les professionnels, les cr\u00e9ateurs et les joueurs, alliant un dissipateur thermique \u00e9l\u00e9gant et des performances plug-and-play redoutables.<\/li>\n<li><strong>\u2705 Gamme Standard :<\/strong> La solution parfaite et \u00e9conomique pour augmenter la r\u00e9activit\u00e9 de votre syst\u00e8me au quotidien avec une compatibilit\u00e9 universelle.<\/li>\n<\/ul>\n","protected":false},"featured_media":11319,"template":"","meta":{"ocean_post_layout":"","ocean_both_sidebars_style":"","ocean_both_sidebars_content_width":0,"ocean_both_sidebars_sidebars_width":0,"ocean_sidebar":"0","ocean_second_sidebar":"0","ocean_disable_margins":"enable","ocean_add_body_class":"","ocean_shortcode_before_top_bar":"","ocean_shortcode_after_top_bar":"","ocean_shortcode_before_header":"","ocean_shortcode_after_header":"","ocean_has_shortcode":"","ocean_shortcode_after_title":"","ocean_shortcode_before_footer_widgets":"","ocean_shortcode_after_footer_widgets":"","ocean_shortcode_before_footer_bottom":"","ocean_shortcode_after_footer_bottom":"","ocean_display_top_bar":"default","ocean_display_header":"default","ocean_header_style":"","ocean_center_header_left_menu":"0","ocean_custom_header_template":"0","ocean_custom_logo":0,"ocean_custom_retina_logo":0,"ocean_custom_logo_max_width":0,"ocean_custom_logo_tablet_max_width":0,"ocean_custom_logo_mobile_max_width":0,"ocean_custom_logo_max_height":0,"ocean_custom_logo_tablet_max_height":0,"ocean_custom_logo_mobile_max_height":0,"ocean_header_custom_menu":"0","ocean_menu_typo_font_family":"0","ocean_menu_typo_font_subset":"","ocean_menu_typo_font_size":0,"ocean_menu_typo_font_size_tablet":0,"ocean_menu_typo_font_size_mobile":0,"ocean_menu_typo_font_size_unit":"px","ocean_menu_typo_font_weight":"","ocean_menu_typo_font_weight_tablet":"","ocean_menu_typo_font_weight_mobile":"","ocean_menu_typo_transform":"","ocean_menu_typo_transform_tablet":"","ocean_menu_typo_transform_mobile":"","ocean_menu_typo_line_height":0,"ocean_menu_typo_line_height_tablet":0,"ocean_menu_typo_line_height_mobile":0,"ocean_menu_typo_line_height_unit":"","ocean_menu_typo_spacing":0,"ocean_menu_typo_spacing_tablet":0,"ocean_menu_typo_spacing_mobile":0,"ocean_menu_typo_spacing_unit":"","ocean_menu_link_color":"","ocean_menu_link_color_hover":"","ocean_menu_link_color_active":"","ocean_menu_link_background":"","ocean_menu_link_hover_background":"","ocean_menu_link_active_background":"","ocean_menu_social_links_bg":"","ocean_menu_social_hover_links_bg":"","ocean_menu_social_links_color":"","ocean_menu_social_hover_links_color":"","ocean_disable_title":"default","ocean_disable_heading":"default","ocean_post_title":"","ocean_post_subheading":"","ocean_post_title_style":"","ocean_post_title_background_color":"","ocean_post_title_background":0,"ocean_post_title_bg_image_position":"","ocean_post_title_bg_image_attachment":"","ocean_post_title_bg_image_repeat":"","ocean_post_title_bg_image_size":"","ocean_post_title_height":0,"ocean_post_title_bg_overlay":0.5,"ocean_post_title_bg_overlay_color":"","ocean_disable_breadcrumbs":"default","ocean_breadcrumbs_color":"","ocean_breadcrumbs_separator_color":"","ocean_breadcrumbs_links_color":"","ocean_breadcrumbs_links_hover_color":"","ocean_display_footer_widgets":"default","ocean_display_footer_bottom":"default","ocean_custom_footer_template":"0"},"product_brand":[53],"product_cat":[38],"product_tag":[],"class_list":{"0":"post-11320","1":"product","2":"type-product","3":"status-publish","4":"has-post-thumbnail","6":"product_brand-crucial","7":"product_cat-ddr5","9":"entry","10":"has-media","12":"first","13":"instock","14":"taxable","15":"shipping-taxable","16":"purchasable","17":"product-type-simple","18":"has-product-nav","19":"col","20":"span_1_of_4","21":"owp-content-center","22":"owp-thumbs-layout-horizontal","23":"owp-btn-big","24":"owp-tabs-layout-horizontal","25":"has-no-thumbnails"},"yoast_head":"<!-- This site is optimized with the Yoast SEO plugin v27.3 - https:\/\/yoast.com\/product\/yoast-seo-wordpress\/ -->\n<title>CRUCIAL PRO 16G (1X16G) DDR5 6000Mhz - Epsilon PC<\/title>\n<meta name=\"robots\" content=\"index, follow, max-snippet:-1, max-image-preview:large, max-video-preview:-1\" \/>\n<link rel=\"canonical\" href=\"https:\/\/www.epsilon-pc.fr\/index.php\/produit\/crucial-pro-16g-1x16g-ddr5-6000\/\" \/>\n<meta property=\"og:locale\" content=\"fr_FR\" \/>\n<meta property=\"og:type\" content=\"article\" \/>\n<meta property=\"og:title\" content=\"CRUCIAL PRO 16G (1X16G) DDR5 6000Mhz - Epsilon PC\" \/>\n<meta property=\"og:description\" content=\"\ud83d\udee1\ufe0f Crucial : La fiabilit\u00e9 \u00e0 toute \u00e9preuve par Micron  En tant que marque de Micron, l&#039;un des plus grands fabricants de m\u00e9moire au monde, Crucial vous garantit une qualit\u00e9 de fabrication irr\u00e9prochable directement \u00e0 la source. Que ce soit pour redonner vie \u00e0 un ancien PC ou monter une station de travail robuste, c&#039;est le choix de la tranquillit\u00e9 d&#039;esprit.   \ud83d\udcbc Crucial Pro : Con\u00e7ue pour les professionnels, les cr\u00e9ateurs et les joueurs, alliant un dissipateur thermique \u00e9l\u00e9gant et des performances plug-and-play redoutables.  \u2705 Gamme Standard : La solution parfaite et \u00e9conomique pour augmenter la r\u00e9activit\u00e9 de votre syst\u00e8me au quotidien avec une compatibilit\u00e9 universelle.\" \/>\n<meta property=\"og:url\" content=\"https:\/\/www.epsilon-pc.fr\/index.php\/produit\/crucial-pro-16g-1x16g-ddr5-6000\/\" \/>\n<meta property=\"og:site_name\" content=\"Epsilon PC\" \/>\n<meta property=\"article:modified_time\" content=\"2026-04-30T09:04:41+00:00\" \/>\n<meta property=\"og:image\" content=\"http:\/\/www.epsilon-pc.fr\/wp-content\/uploads\/2026\/04\/crucial-pro-16g-1x16g-ddr5-6000-cp16g60c48u5t.png\" \/>\n\t<meta property=\"og:image:width\" content=\"800\" \/>\n\t<meta property=\"og:image:height\" content=\"800\" \/>\n\t<meta property=\"og:image:type\" content=\"image\/png\" \/>\n<meta name=\"twitter:card\" content=\"summary_large_image\" \/>\n<meta name=\"twitter:label1\" content=\"Dur\u00e9e de lecture estim\u00e9e\" \/>\n\t<meta name=\"twitter:data1\" content=\"2 minutes\" \/>\n<script type=\"application\/ld+json\" class=\"yoast-schema-graph\">{\"@context\":\"https:\\\/\\\/schema.org\",\"@graph\":[{\"@type\":\"WebPage\",\"@id\":\"https:\\\/\\\/www.epsilon-pc.fr\\\/index.php\\\/produit\\\/crucial-pro-16g-1x16g-ddr5-6000\\\/\",\"url\":\"https:\\\/\\\/www.epsilon-pc.fr\\\/index.php\\\/produit\\\/crucial-pro-16g-1x16g-ddr5-6000\\\/\",\"name\":\"CRUCIAL PRO 16G (1X16G) DDR5 6000Mhz - Epsilon PC\",\"isPartOf\":{\"@id\":\"https:\\\/\\\/www.epsilon-pc.fr\\\/#website\"},\"primaryImageOfPage\":{\"@id\":\"https:\\\/\\\/www.epsilon-pc.fr\\\/index.php\\\/produit\\\/crucial-pro-16g-1x16g-ddr5-6000\\\/#primaryimage\"},\"image\":{\"@id\":\"https:\\\/\\\/www.epsilon-pc.fr\\\/index.php\\\/produit\\\/crucial-pro-16g-1x16g-ddr5-6000\\\/#primaryimage\"},\"thumbnailUrl\":\"https:\\\/\\\/www.epsilon-pc.fr\\\/wp-content\\\/uploads\\\/2026\\\/04\\\/crucial-pro-16g-1x16g-ddr5-6000-cp16g60c48u5t.png\",\"datePublished\":\"2026-04-30T09:01:45+00:00\",\"dateModified\":\"2026-04-30T09:04:41+00:00\",\"breadcrumb\":{\"@id\":\"https:\\\/\\\/www.epsilon-pc.fr\\\/index.php\\\/produit\\\/crucial-pro-16g-1x16g-ddr5-6000\\\/#breadcrumb\"},\"inLanguage\":\"fr-FR\",\"potentialAction\":[{\"@type\":\"ReadAction\",\"target\":[\"https:\\\/\\\/www.epsilon-pc.fr\\\/index.php\\\/produit\\\/crucial-pro-16g-1x16g-ddr5-6000\\\/\"]}]},{\"@type\":\"ImageObject\",\"inLanguage\":\"fr-FR\",\"@id\":\"https:\\\/\\\/www.epsilon-pc.fr\\\/index.php\\\/produit\\\/crucial-pro-16g-1x16g-ddr5-6000\\\/#primaryimage\",\"url\":\"https:\\\/\\\/www.epsilon-pc.fr\\\/wp-content\\\/uploads\\\/2026\\\/04\\\/crucial-pro-16g-1x16g-ddr5-6000-cp16g60c48u5t.png\",\"contentUrl\":\"https:\\\/\\\/www.epsilon-pc.fr\\\/wp-content\\\/uploads\\\/2026\\\/04\\\/crucial-pro-16g-1x16g-ddr5-6000-cp16g60c48u5t.png\",\"width\":800,\"height\":800},{\"@type\":\"BreadcrumbList\",\"@id\":\"https:\\\/\\\/www.epsilon-pc.fr\\\/index.php\\\/produit\\\/crucial-pro-16g-1x16g-ddr5-6000\\\/#breadcrumb\",\"itemListElement\":[{\"@type\":\"ListItem\",\"position\":1,\"name\":\"Accueil\",\"item\":\"https:\\\/\\\/www.epsilon-pc.fr\\\/\"},{\"@type\":\"ListItem\",\"position\":2,\"name\":\"Boutique\",\"item\":\"https:\\\/\\\/www.epsilon-pc.fr\\\/index.php\\\/boutique\\\/\"},{\"@type\":\"ListItem\",\"position\":3,\"name\":\"CRUCIAL PRO 16G (1X16G) DDR5 6000Mhz\"}]},{\"@type\":\"WebSite\",\"@id\":\"https:\\\/\\\/www.epsilon-pc.fr\\\/#website\",\"url\":\"https:\\\/\\\/www.epsilon-pc.fr\\\/\",\"name\":\"Epsilon PC\",\"description\":\"\",\"publisher\":{\"@id\":\"https:\\\/\\\/www.epsilon-pc.fr\\\/#organization\"},\"potentialAction\":[{\"@type\":\"SearchAction\",\"target\":{\"@type\":\"EntryPoint\",\"urlTemplate\":\"https:\\\/\\\/www.epsilon-pc.fr\\\/?s={search_term_string}\"},\"query-input\":{\"@type\":\"PropertyValueSpecification\",\"valueRequired\":true,\"valueName\":\"search_term_string\"}}],\"inLanguage\":\"fr-FR\"},{\"@type\":\"Organization\",\"@id\":\"https:\\\/\\\/www.epsilon-pc.fr\\\/#organization\",\"name\":\"Epsilon PC\",\"url\":\"https:\\\/\\\/www.epsilon-pc.fr\\\/\",\"logo\":{\"@type\":\"ImageObject\",\"inLanguage\":\"fr-FR\",\"@id\":\"https:\\\/\\\/www.epsilon-pc.fr\\\/#\\\/schema\\\/logo\\\/image\\\/\",\"url\":\"https:\\\/\\\/www.epsilon-pc.fr\\\/wp-content\\\/uploads\\\/2026\\\/02\\\/cropped-LogoEpsi-1.bmp\",\"contentUrl\":\"https:\\\/\\\/www.epsilon-pc.fr\\\/wp-content\\\/uploads\\\/2026\\\/02\\\/cropped-LogoEpsi-1.bmp\",\"width\":191,\"height\":59,\"caption\":\"Epsilon PC\"},\"image\":{\"@id\":\"https:\\\/\\\/www.epsilon-pc.fr\\\/#\\\/schema\\\/logo\\\/image\\\/\"}}]}<\/script>\n<!-- \/ Yoast SEO plugin. -->","yoast_head_json":{"title":"CRUCIAL PRO 16G (1X16G) DDR5 6000Mhz - Epsilon PC","robots":{"index":"index","follow":"follow","max-snippet":"max-snippet:-1","max-image-preview":"max-image-preview:large","max-video-preview":"max-video-preview:-1"},"canonical":"https:\/\/www.epsilon-pc.fr\/index.php\/produit\/crucial-pro-16g-1x16g-ddr5-6000\/","og_locale":"fr_FR","og_type":"article","og_title":"CRUCIAL PRO 16G (1X16G) DDR5 6000Mhz - Epsilon PC","og_description":"\ud83d\udee1\ufe0f Crucial : La fiabilit\u00e9 \u00e0 toute \u00e9preuve par Micron  En tant que marque de Micron, l'un des plus grands fabricants de m\u00e9moire au monde, Crucial vous garantit une qualit\u00e9 de fabrication irr\u00e9prochable directement \u00e0 la source. Que ce soit pour redonner vie \u00e0 un ancien PC ou monter une station de travail robuste, c'est le choix de la tranquillit\u00e9 d'esprit.   \ud83d\udcbc Crucial Pro : Con\u00e7ue pour les professionnels, les cr\u00e9ateurs et les joueurs, alliant un dissipateur thermique \u00e9l\u00e9gant et des performances plug-and-play redoutables.  \u2705 Gamme Standard : La solution parfaite et \u00e9conomique pour augmenter la r\u00e9activit\u00e9 de votre syst\u00e8me au quotidien avec une compatibilit\u00e9 universelle.","og_url":"https:\/\/www.epsilon-pc.fr\/index.php\/produit\/crucial-pro-16g-1x16g-ddr5-6000\/","og_site_name":"Epsilon PC","article_modified_time":"2026-04-30T09:04:41+00:00","og_image":[{"width":800,"height":800,"url":"http:\/\/www.epsilon-pc.fr\/wp-content\/uploads\/2026\/04\/crucial-pro-16g-1x16g-ddr5-6000-cp16g60c48u5t.png","type":"image\/png"}],"twitter_card":"summary_large_image","twitter_misc":{"Dur\u00e9e de lecture estim\u00e9e":"2 minutes"},"schema":{"@context":"https:\/\/schema.org","@graph":[{"@type":"WebPage","@id":"https:\/\/www.epsilon-pc.fr\/index.php\/produit\/crucial-pro-16g-1x16g-ddr5-6000\/","url":"https:\/\/www.epsilon-pc.fr\/index.php\/produit\/crucial-pro-16g-1x16g-ddr5-6000\/","name":"CRUCIAL PRO 16G (1X16G) DDR5 6000Mhz - Epsilon PC","isPartOf":{"@id":"https:\/\/www.epsilon-pc.fr\/#website"},"primaryImageOfPage":{"@id":"https:\/\/www.epsilon-pc.fr\/index.php\/produit\/crucial-pro-16g-1x16g-ddr5-6000\/#primaryimage"},"image":{"@id":"https:\/\/www.epsilon-pc.fr\/index.php\/produit\/crucial-pro-16g-1x16g-ddr5-6000\/#primaryimage"},"thumbnailUrl":"https:\/\/www.epsilon-pc.fr\/wp-content\/uploads\/2026\/04\/crucial-pro-16g-1x16g-ddr5-6000-cp16g60c48u5t.png","datePublished":"2026-04-30T09:01:45+00:00","dateModified":"2026-04-30T09:04:41+00:00","breadcrumb":{"@id":"https:\/\/www.epsilon-pc.fr\/index.php\/produit\/crucial-pro-16g-1x16g-ddr5-6000\/#breadcrumb"},"inLanguage":"fr-FR","potentialAction":[{"@type":"ReadAction","target":["https:\/\/www.epsilon-pc.fr\/index.php\/produit\/crucial-pro-16g-1x16g-ddr5-6000\/"]}]},{"@type":"ImageObject","inLanguage":"fr-FR","@id":"https:\/\/www.epsilon-pc.fr\/index.php\/produit\/crucial-pro-16g-1x16g-ddr5-6000\/#primaryimage","url":"https:\/\/www.epsilon-pc.fr\/wp-content\/uploads\/2026\/04\/crucial-pro-16g-1x16g-ddr5-6000-cp16g60c48u5t.png","contentUrl":"https:\/\/www.epsilon-pc.fr\/wp-content\/uploads\/2026\/04\/crucial-pro-16g-1x16g-ddr5-6000-cp16g60c48u5t.png","width":800,"height":800},{"@type":"BreadcrumbList","@id":"https:\/\/www.epsilon-pc.fr\/index.php\/produit\/crucial-pro-16g-1x16g-ddr5-6000\/#breadcrumb","itemListElement":[{"@type":"ListItem","position":1,"name":"Accueil","item":"https:\/\/www.epsilon-pc.fr\/"},{"@type":"ListItem","position":2,"name":"Boutique","item":"https:\/\/www.epsilon-pc.fr\/index.php\/boutique\/"},{"@type":"ListItem","position":3,"name":"CRUCIAL PRO 16G (1X16G) DDR5 6000Mhz"}]},{"@type":"WebSite","@id":"https:\/\/www.epsilon-pc.fr\/#website","url":"https:\/\/www.epsilon-pc.fr\/","name":"Epsilon PC","description":"","publisher":{"@id":"https:\/\/www.epsilon-pc.fr\/#organization"},"potentialAction":[{"@type":"SearchAction","target":{"@type":"EntryPoint","urlTemplate":"https:\/\/www.epsilon-pc.fr\/?s={search_term_string}"},"query-input":{"@type":"PropertyValueSpecification","valueRequired":true,"valueName":"search_term_string"}}],"inLanguage":"fr-FR"},{"@type":"Organization","@id":"https:\/\/www.epsilon-pc.fr\/#organization","name":"Epsilon PC","url":"https:\/\/www.epsilon-pc.fr\/","logo":{"@type":"ImageObject","inLanguage":"fr-FR","@id":"https:\/\/www.epsilon-pc.fr\/#\/schema\/logo\/image\/","url":"https:\/\/www.epsilon-pc.fr\/wp-content\/uploads\/2026\/02\/cropped-LogoEpsi-1.bmp","contentUrl":"https:\/\/www.epsilon-pc.fr\/wp-content\/uploads\/2026\/02\/cropped-LogoEpsi-1.bmp","width":191,"height":59,"caption":"Epsilon PC"},"image":{"@id":"https:\/\/www.epsilon-pc.fr\/#\/schema\/logo\/image\/"}}]}},"_links":{"self":[{"href":"https:\/\/www.epsilon-pc.fr\/index.php\/wp-json\/wp\/v2\/product\/11320","targetHints":{"allow":["GET"]}}],"collection":[{"href":"https:\/\/www.epsilon-pc.fr\/index.php\/wp-json\/wp\/v2\/product"}],"about":[{"href":"https:\/\/www.epsilon-pc.fr\/index.php\/wp-json\/wp\/v2\/types\/product"}],"wp:featuredmedia":[{"embeddable":true,"href":"https:\/\/www.epsilon-pc.fr\/index.php\/wp-json\/wp\/v2\/media\/11319"}],"wp:attachment":[{"href":"https:\/\/www.epsilon-pc.fr\/index.php\/wp-json\/wp\/v2\/media?parent=11320"}],"wp:term":[{"taxonomy":"product_brand","embeddable":true,"href":"https:\/\/www.epsilon-pc.fr\/index.php\/wp-json\/wp\/v2\/product_brand?post=11320"},{"taxonomy":"product_cat","embeddable":true,"href":"https:\/\/www.epsilon-pc.fr\/index.php\/wp-json\/wp\/v2\/product_cat?post=11320"},{"taxonomy":"product_tag","embeddable":true,"href":"https:\/\/www.epsilon-pc.fr\/index.php\/wp-json\/wp\/v2\/product_tag?post=11320"}],"curies":[{"name":"wp","href":"https:\/\/api.w.org\/{rel}","templated":true}]}}