{"id":11239,"date":"2026-04-28T10:47:36","date_gmt":"2026-04-28T08:47:36","guid":{"rendered":"https:\/\/www.epsilon-pc.fr\/index.php\/produit\/be-quiet-system-power-11-550w\/"},"modified":"2026-04-28T11:09:30","modified_gmt":"2026-04-28T09:09:30","slug":"be-quiet-system-power-11-550w","status":"publish","type":"product","link":"https:\/\/www.epsilon-pc.fr\/index.php\/produit\/be-quiet-system-power-11-550w\/","title":{"rendered":"BE QUIET! SYSTEM POWER 11 \/ 550 Watts"},"content":{"rendered":"<dl class=\"data-sheet\">\n<dt class=\"name\">Couleur du produit<\/dt>\n<dd class=\"value\">Noir<\/dd>\n<dt class=\"name\">Hauteur<\/dt>\n<dd class=\"value\">140 mm<\/dd>\n<dt class=\"name\">Hauteur du colis<\/dt>\n<dd class=\"value\">97 mm<\/dd>\n<dt class=\"name\">Largeur<\/dt>\n<dd class=\"value\">150 mm<\/dd>\n<dt class=\"name\">Largeur du colis<\/dt>\n<dd class=\"value\">195 mm<\/dd>\n<dt class=\"name\">Poids<\/dt>\n<dd class=\"value\">1,92 kg<\/dd>\n<dt class=\"name\">Poids du paquet<\/dt>\n<dd class=\"value\">2,3 kg<\/dd>\n<dt class=\"name\">Profondeur<\/dt>\n<dd class=\"value\">86 mm<\/dd>\n<dt class=\"name\">Profondeur du colis<\/dt>\n<dd class=\"value\">268 mm<\/dd>\n<dt class=\"name\">Type d&#8217;emballage<\/dt>\n<dd class=\"value\">Bo\u00eete<\/dd>\n<dt class=\"name\">Utilit\u00e9<\/dt>\n<dd class=\"value\">PC<\/dd>\n<dt class=\"name\">Bouton marche\/arr\u00eat int\u00e9gr\u00e9<\/dt>\n<dd class=\"value\">Oui<\/dd>\n<dt class=\"name\">Certification 80 PLUS<\/dt>\n<dd class=\"value\">80 PLUS Bronze<\/dd>\n<dt class=\"name\">Certificats de durabilit\u00e9<\/dt>\n<dd class=\"value\">ENERGY STAR, ErP<\/dd>\n<dt class=\"name\">Connecteur CPU power (4+4 pin)<\/dt>\n<dd class=\"value\">Oui<\/dd>\n<dt class=\"name\">Connecteur Molex de p\u00e9riph\u00e9rique (4-broches)<\/dt>\n<dd class=\"value\">1<\/dd>\n<dt class=\"name\">Connecteur de la carte m\u00e8re<\/dt>\n<dd class=\"value\">20+4 pin ATX<\/dd>\n<dt class=\"name\">Courant de sortie max (+3.3V)<\/dt>\n<dd class=\"value\">20 A<\/dd>\n<dt class=\"name\">Courant de sortie max (+5V)<\/dt>\n<dd class=\"value\">20 A<\/dd>\n<dt class=\"name\">Courant de sortie max (+5Vsb)<\/dt>\n<dd class=\"value\">3 A<\/dd>\n<dt class=\"name\">Courant de sortie max (-12V)<\/dt>\n<dd class=\"value\">0,3 A<\/dd>\n<dt class=\"name\">Diam\u00e8tre du ventilateur<\/dt>\n<dd class=\"value\">12 cm<\/dd>\n<dt class=\"name\">Dispositifs de protection \u00e9lectrique<\/dt>\n<dd class=\"value\">Sur-courant, Sur-alimentation, Surtension, Surchauffe, Court-circuit, Surge &amp; inrush, Sous-tension<\/dd>\n<dt class=\"name\">Efficacit\u00e9<\/dt>\n<dd class=\"value\">89,7%<\/dd>\n<dt class=\"name\">Facteur de forme de l&rsquo;unit\u00e9 d&rsquo;alimentation<\/dt>\n<dd class=\"value\">ATX<\/dd>\n<dt class=\"name\">Nombre de c\u00e2bles d&rsquo;alimentation SATA<\/dt>\n<dd class=\"value\">5<\/dd>\n<dt class=\"name\">Nombre de ventilateurs<\/dt>\n<dd class=\"value\">1 ventilateur(s)<\/dd>\n<dt class=\"name\">Puissance combin\u00e9e (+12 V)<\/dt>\n<dd class=\"value\">550 W<\/dd>\n<dt class=\"name\">Puissance combin\u00e9e (+3,3 V)<\/dt>\n<dd class=\"value\">120 W<\/dd>\n<dt class=\"name\">Puissance combin\u00e9e (+5V)<\/dt>\n<dd class=\"value\">120 W<\/dd>\n<dt class=\"name\">Puissance combin\u00e9e (+5Vsb)<\/dt>\n<dd class=\"value\">15 W<\/dd>\n<dt class=\"name\">Puissance combin\u00e9e (-12V)<\/dt>\n<dd class=\"value\">3,6 W<\/dd>\n<dt class=\"name\">Puissance totale<\/dt>\n<dd class=\"value\">550 W<\/dd>\n<dt class=\"name\">Serre-c\u00e2bles inclus<\/dt>\n<dd class=\"value\">Oui<\/dd>\n<dt class=\"name\">Tension d&rsquo;entr\u00e9e AC<\/dt>\n<dd class=\"value\">200 &#8211; 240 V<\/dd>\n<dt class=\"name\">Type de c\u00e2blage<\/dt>\n<dd class=\"value\">Non-modulaire<\/dd>\n<dt class=\"name\">Type de refroidissement<\/dt>\n<dd class=\"value\">Actif<\/dd>\n<dt class=\"name\">Version ATX<\/dt>\n<dd class=\"value\">3.1<\/dd>\n<dt class=\"name\">Temps moyen entre pannes<\/dt>\n<dd class=\"value\">100000 h<\/dd>\n<dt class=\"name\">Courant d&rsquo;entr\u00e9e<\/dt>\n<dd class=\"value\">4 A<\/dd>\n<dt class=\"name\">Fr\u00e9quence d&rsquo;entr\u00e9e AC<\/dt>\n<dd class=\"value\">50 Hz<\/dd>\n<dt class=\"name\">Vis incluses<\/dt>\n<dd class=\"value\">Oui<\/dd>\n<dt class=\"name\">Niveau sonore<\/dt>\n<dd class=\"value\">24,2 dB<\/dd>\n<dt class=\"name\">Connecteurs d&rsquo;alimentation PCI Express (6 +2 pin)<\/dt>\n<dd class=\"value\">2<\/dd>\n<dt class=\"name\">Produit par casier d\u2019exp\u00e9dition (interne)<\/dt>\n<dd class=\"value\">6 pi\u00e8ce(s)<\/dd>\n<dt class=\"name\">Connecteur CPU P4 (4-pin)<\/dt>\n<dd class=\"value\">1<\/dd>\n<dt class=\"name\">Technologie de roulement<\/dt>\n<dd class=\"value\">Rifle<\/dd>\n<dt class=\"name\">Facteur de puissance<\/dt>\n<dd class=\"value\">0,98<\/dd>\n<dt class=\"name\">Temps de maintien<\/dt>\n<dd class=\"value\">16,86 ms<\/dd>\n<dt class=\"name\">Version EPS<\/dt>\n<dd class=\"value\">2.92<\/dd>\n<dt class=\"name\">Vitesse du ventilateur<\/dt>\n<dd class=\"value\">0 &#8211; 1800 tr\/min<\/dd>\n<dt class=\"name\">Hauteur du carton d&rsquo;exp\u00e9dition<\/dt>\n<dd class=\"value\">21,8 cm<\/dd>\n<dt class=\"name\">Largeur du carton d&rsquo;exp\u00e9dition<\/dt>\n<dd class=\"value\">31,1 cm<\/dd>\n<dt class=\"name\">Longueur du carton d&rsquo;exp\u00e9dition<\/dt>\n<dd class=\"value\">55,6 cm<\/dd>\n<dt class=\"name\">Certificats de conformit\u00e9<\/dt>\n<dd class=\"value\">CB, CE, RoHS, T\u00dcV mark, UKCA, WEEE<\/dd>\n<dt class=\"name\">Poids brut du casier d\u2019exp\u00e9dition (interne)<\/dt>\n<dd class=\"value\">14,9 kg<\/dd>\n<dt class=\"name\">Conforme \u00e0 la norme (WEEE, Waste Electrical and Electronic Equipment)<\/dt>\n<dd class=\"value\">Oui<\/dd>\n<dt class=\"name\">Courant de sortie max (+12 V1)<\/dt>\n<dd class=\"value\">45,83 A<\/dd>\n<dt class=\"name\">Nombre de rail(s) +12V<\/dt>\n<dd class=\"value\">1<\/dd>\n<dt class=\"name\">Connecteurs d&rsquo;alimentation PCI Express (12 broches)<\/dt>\n<dd class=\"value\">1<\/dd>\n<\/dl>\n","protected":false},"excerpt":{"rendered":"<p><strong>\ud83e\udd2b be quiet! : Une \u00e9nergie ma\u00eetris\u00e9e dans un silence de mort<\/strong><\/p>\n<p>Fid\u00e8le \u00e0 son nom, la marque allemande int\u00e8gre ses c\u00e9l\u00e8bres ventilateurs Silent Wings pour offrir des alimentations virtuellement inaudibles, m\u00eame lors de vos sessions de jeu intenses.<\/p>\n<ul>\n<li><strong>\ud83d\udda4 Dark Power :<\/strong> Le nec plus ultra technologique, offrant des rendements Titanium et des fonctionnalit\u00e9s d&rsquo;overclocking avanc\u00e9es.<\/li>\n<li><strong>\u26a1 Pure Power &amp; Straight Power :<\/strong> D&rsquo;excellentes performances acoustiques et \u00e9lectriques pour les configurations gaming et bureautiques silencieuses.<\/li>\n<\/ul>\n","protected":false},"featured_media":11238,"template":"","meta":{"ocean_post_layout":"","ocean_both_sidebars_style":"","ocean_both_sidebars_content_width":0,"ocean_both_sidebars_sidebars_width":0,"ocean_sidebar":"0","ocean_second_sidebar":"0","ocean_disable_margins":"enable","ocean_add_body_class":"","ocean_shortcode_before_top_bar":"","ocean_shortcode_after_top_bar":"","ocean_shortcode_before_header":"","ocean_shortcode_after_header":"","ocean_has_shortcode":"","ocean_shortcode_after_title":"","ocean_shortcode_before_footer_widgets":"","ocean_shortcode_after_footer_widgets":"","ocean_shortcode_before_footer_bottom":"","ocean_shortcode_after_footer_bottom":"","ocean_display_top_bar":"default","ocean_display_header":"default","ocean_header_style":"","ocean_center_header_left_menu":"0","ocean_custom_header_template":"0","ocean_custom_logo":0,"ocean_custom_retina_logo":0,"ocean_custom_logo_max_width":0,"ocean_custom_logo_tablet_max_width":0,"ocean_custom_logo_mobile_max_width":0,"ocean_custom_logo_max_height":0,"ocean_custom_logo_tablet_max_height":0,"ocean_custom_logo_mobile_max_height":0,"ocean_header_custom_menu":"0","ocean_menu_typo_font_family":"0","ocean_menu_typo_font_subset":"","ocean_menu_typo_font_size":0,"ocean_menu_typo_font_size_tablet":0,"ocean_menu_typo_font_size_mobile":0,"ocean_menu_typo_font_size_unit":"px","ocean_menu_typo_font_weight":"","ocean_menu_typo_font_weight_tablet":"","ocean_menu_typo_font_weight_mobile":"","ocean_menu_typo_transform":"","ocean_menu_typo_transform_tablet":"","ocean_menu_typo_transform_mobile":"","ocean_menu_typo_line_height":0,"ocean_menu_typo_line_height_tablet":0,"ocean_menu_typo_line_height_mobile":0,"ocean_menu_typo_line_height_unit":"","ocean_menu_typo_spacing":0,"ocean_menu_typo_spacing_tablet":0,"ocean_menu_typo_spacing_mobile":0,"ocean_menu_typo_spacing_unit":"","ocean_menu_link_color":"","ocean_menu_link_color_hover":"","ocean_menu_link_color_active":"","ocean_menu_link_background":"","ocean_menu_link_hover_background":"","ocean_menu_link_active_background":"","ocean_menu_social_links_bg":"","ocean_menu_social_hover_links_bg":"","ocean_menu_social_links_color":"","ocean_menu_social_hover_links_color":"","ocean_disable_title":"default","ocean_disable_heading":"default","ocean_post_title":"","ocean_post_subheading":"","ocean_post_title_style":"","ocean_post_title_background_color":"","ocean_post_title_background":0,"ocean_post_title_bg_image_position":"","ocean_post_title_bg_image_attachment":"","ocean_post_title_bg_image_repeat":"","ocean_post_title_bg_image_size":"","ocean_post_title_height":0,"ocean_post_title_bg_overlay":0.5,"ocean_post_title_bg_overlay_color":"","ocean_disable_breadcrumbs":"default","ocean_breadcrumbs_color":"","ocean_breadcrumbs_separator_color":"","ocean_breadcrumbs_links_color":"","ocean_breadcrumbs_links_hover_color":"","ocean_display_footer_widgets":"default","ocean_display_footer_bottom":"default","ocean_custom_footer_template":"0"},"product_brand":[26],"product_cat":[35],"product_tag":[],"class_list":{"0":"post-11239","1":"product","2":"type-product","3":"status-publish","4":"has-post-thumbnail","6":"product_brand-be-quiet","7":"product_cat-alimentation","9":"entry","10":"has-media","12":"first","13":"instock","14":"taxable","15":"shipping-taxable","16":"purchasable","17":"product-type-simple","18":"has-product-nav","19":"col","20":"span_1_of_4","21":"owp-content-center","22":"owp-thumbs-layout-horizontal","23":"owp-btn-big","24":"owp-tabs-layout-horizontal","25":"has-no-thumbnails"},"yoast_head":"<!-- This site is optimized with the Yoast SEO plugin v27.3 - https:\/\/yoast.com\/product\/yoast-seo-wordpress\/ -->\n<title>BE QUIET! SYSTEM POWER 11 \/ 550 Watts - Epsilon PC<\/title>\n<meta name=\"robots\" content=\"index, follow, max-snippet:-1, max-image-preview:large, max-video-preview:-1\" \/>\n<link rel=\"canonical\" href=\"https:\/\/www.epsilon-pc.fr\/index.php\/produit\/be-quiet-system-power-11-550w\/\" \/>\n<meta property=\"og:locale\" content=\"fr_FR\" \/>\n<meta property=\"og:type\" content=\"article\" \/>\n<meta property=\"og:title\" content=\"BE QUIET! SYSTEM POWER 11 \/ 550 Watts - Epsilon PC\" \/>\n<meta property=\"og:description\" content=\"\ud83e\udd2b be quiet! : Une \u00e9nergie ma\u00eetris\u00e9e dans un silence de mort  Fid\u00e8le \u00e0 son nom, la marque allemande int\u00e8gre ses c\u00e9l\u00e8bres ventilateurs Silent Wings pour offrir des alimentations virtuellement inaudibles, m\u00eame lors de vos sessions de jeu intenses.   \ud83d\udda4 Dark Power : Le nec plus ultra technologique, offrant des rendements Titanium et des fonctionnalit\u00e9s d&#039;overclocking avanc\u00e9es.  \u26a1 Pure Power &amp; Straight Power : D&#039;excellentes performances acoustiques et \u00e9lectriques pour les configurations gaming et bureautiques silencieuses.\" \/>\n<meta property=\"og:url\" content=\"https:\/\/www.epsilon-pc.fr\/index.php\/produit\/be-quiet-system-power-11-550w\/\" \/>\n<meta property=\"og:site_name\" content=\"Epsilon PC\" \/>\n<meta property=\"article:modified_time\" content=\"2026-04-28T09:09:30+00:00\" \/>\n<meta property=\"og:image\" content=\"http:\/\/www.epsilon-pc.fr\/wp-content\/uploads\/2026\/04\/be-quiet-system-power-11-550w.jpg\" \/>\n\t<meta property=\"og:image:width\" content=\"800\" \/>\n\t<meta property=\"og:image:height\" content=\"800\" \/>\n\t<meta property=\"og:image:type\" content=\"image\/jpeg\" \/>\n<meta name=\"twitter:card\" content=\"summary_large_image\" \/>\n<meta name=\"twitter:label1\" content=\"Dur\u00e9e de lecture estim\u00e9e\" \/>\n\t<meta name=\"twitter:data1\" content=\"2 minutes\" \/>\n<script type=\"application\/ld+json\" class=\"yoast-schema-graph\">{\"@context\":\"https:\\\/\\\/schema.org\",\"@graph\":[{\"@type\":\"WebPage\",\"@id\":\"https:\\\/\\\/www.epsilon-pc.fr\\\/index.php\\\/produit\\\/be-quiet-system-power-11-550w\\\/\",\"url\":\"https:\\\/\\\/www.epsilon-pc.fr\\\/index.php\\\/produit\\\/be-quiet-system-power-11-550w\\\/\",\"name\":\"BE QUIET! SYSTEM POWER 11 \\\/ 550 Watts - Epsilon PC\",\"isPartOf\":{\"@id\":\"https:\\\/\\\/www.epsilon-pc.fr\\\/#website\"},\"primaryImageOfPage\":{\"@id\":\"https:\\\/\\\/www.epsilon-pc.fr\\\/index.php\\\/produit\\\/be-quiet-system-power-11-550w\\\/#primaryimage\"},\"image\":{\"@id\":\"https:\\\/\\\/www.epsilon-pc.fr\\\/index.php\\\/produit\\\/be-quiet-system-power-11-550w\\\/#primaryimage\"},\"thumbnailUrl\":\"https:\\\/\\\/www.epsilon-pc.fr\\\/wp-content\\\/uploads\\\/2026\\\/04\\\/be-quiet-system-power-11-550w.jpg\",\"datePublished\":\"2026-04-28T08:47:36+00:00\",\"dateModified\":\"2026-04-28T09:09:30+00:00\",\"breadcrumb\":{\"@id\":\"https:\\\/\\\/www.epsilon-pc.fr\\\/index.php\\\/produit\\\/be-quiet-system-power-11-550w\\\/#breadcrumb\"},\"inLanguage\":\"fr-FR\",\"potentialAction\":[{\"@type\":\"ReadAction\",\"target\":[\"https:\\\/\\\/www.epsilon-pc.fr\\\/index.php\\\/produit\\\/be-quiet-system-power-11-550w\\\/\"]}]},{\"@type\":\"ImageObject\",\"inLanguage\":\"fr-FR\",\"@id\":\"https:\\\/\\\/www.epsilon-pc.fr\\\/index.php\\\/produit\\\/be-quiet-system-power-11-550w\\\/#primaryimage\",\"url\":\"https:\\\/\\\/www.epsilon-pc.fr\\\/wp-content\\\/uploads\\\/2026\\\/04\\\/be-quiet-system-power-11-550w.jpg\",\"contentUrl\":\"https:\\\/\\\/www.epsilon-pc.fr\\\/wp-content\\\/uploads\\\/2026\\\/04\\\/be-quiet-system-power-11-550w.jpg\",\"width\":800,\"height\":800},{\"@type\":\"BreadcrumbList\",\"@id\":\"https:\\\/\\\/www.epsilon-pc.fr\\\/index.php\\\/produit\\\/be-quiet-system-power-11-550w\\\/#breadcrumb\",\"itemListElement\":[{\"@type\":\"ListItem\",\"position\":1,\"name\":\"Accueil\",\"item\":\"https:\\\/\\\/www.epsilon-pc.fr\\\/\"},{\"@type\":\"ListItem\",\"position\":2,\"name\":\"Boutique\",\"item\":\"https:\\\/\\\/www.epsilon-pc.fr\\\/index.php\\\/boutique\\\/\"},{\"@type\":\"ListItem\",\"position\":3,\"name\":\"BE QUIET! SYSTEM POWER 11 \\\/ 550 Watts\"}]},{\"@type\":\"WebSite\",\"@id\":\"https:\\\/\\\/www.epsilon-pc.fr\\\/#website\",\"url\":\"https:\\\/\\\/www.epsilon-pc.fr\\\/\",\"name\":\"Epsilon PC\",\"description\":\"\",\"publisher\":{\"@id\":\"https:\\\/\\\/www.epsilon-pc.fr\\\/#organization\"},\"potentialAction\":[{\"@type\":\"SearchAction\",\"target\":{\"@type\":\"EntryPoint\",\"urlTemplate\":\"https:\\\/\\\/www.epsilon-pc.fr\\\/?s={search_term_string}\"},\"query-input\":{\"@type\":\"PropertyValueSpecification\",\"valueRequired\":true,\"valueName\":\"search_term_string\"}}],\"inLanguage\":\"fr-FR\"},{\"@type\":\"Organization\",\"@id\":\"https:\\\/\\\/www.epsilon-pc.fr\\\/#organization\",\"name\":\"Epsilon PC\",\"url\":\"https:\\\/\\\/www.epsilon-pc.fr\\\/\",\"logo\":{\"@type\":\"ImageObject\",\"inLanguage\":\"fr-FR\",\"@id\":\"https:\\\/\\\/www.epsilon-pc.fr\\\/#\\\/schema\\\/logo\\\/image\\\/\",\"url\":\"https:\\\/\\\/www.epsilon-pc.fr\\\/wp-content\\\/uploads\\\/2026\\\/02\\\/cropped-LogoEpsi-1.bmp\",\"contentUrl\":\"https:\\\/\\\/www.epsilon-pc.fr\\\/wp-content\\\/uploads\\\/2026\\\/02\\\/cropped-LogoEpsi-1.bmp\",\"width\":191,\"height\":59,\"caption\":\"Epsilon PC\"},\"image\":{\"@id\":\"https:\\\/\\\/www.epsilon-pc.fr\\\/#\\\/schema\\\/logo\\\/image\\\/\"}}]}<\/script>\n<!-- \/ Yoast SEO plugin. -->","yoast_head_json":{"title":"BE QUIET! SYSTEM POWER 11 \/ 550 Watts - Epsilon PC","robots":{"index":"index","follow":"follow","max-snippet":"max-snippet:-1","max-image-preview":"max-image-preview:large","max-video-preview":"max-video-preview:-1"},"canonical":"https:\/\/www.epsilon-pc.fr\/index.php\/produit\/be-quiet-system-power-11-550w\/","og_locale":"fr_FR","og_type":"article","og_title":"BE QUIET! SYSTEM POWER 11 \/ 550 Watts - Epsilon PC","og_description":"\ud83e\udd2b be quiet! : Une \u00e9nergie ma\u00eetris\u00e9e dans un silence de mort  Fid\u00e8le \u00e0 son nom, la marque allemande int\u00e8gre ses c\u00e9l\u00e8bres ventilateurs Silent Wings pour offrir des alimentations virtuellement inaudibles, m\u00eame lors de vos sessions de jeu intenses.   \ud83d\udda4 Dark Power : Le nec plus ultra technologique, offrant des rendements Titanium et des fonctionnalit\u00e9s d'overclocking avanc\u00e9es.  \u26a1 Pure Power &amp; Straight Power : D'excellentes performances acoustiques et \u00e9lectriques pour les configurations gaming et bureautiques silencieuses.","og_url":"https:\/\/www.epsilon-pc.fr\/index.php\/produit\/be-quiet-system-power-11-550w\/","og_site_name":"Epsilon PC","article_modified_time":"2026-04-28T09:09:30+00:00","og_image":[{"width":800,"height":800,"url":"http:\/\/www.epsilon-pc.fr\/wp-content\/uploads\/2026\/04\/be-quiet-system-power-11-550w.jpg","type":"image\/jpeg"}],"twitter_card":"summary_large_image","twitter_misc":{"Dur\u00e9e de lecture estim\u00e9e":"2 minutes"},"schema":{"@context":"https:\/\/schema.org","@graph":[{"@type":"WebPage","@id":"https:\/\/www.epsilon-pc.fr\/index.php\/produit\/be-quiet-system-power-11-550w\/","url":"https:\/\/www.epsilon-pc.fr\/index.php\/produit\/be-quiet-system-power-11-550w\/","name":"BE QUIET! SYSTEM POWER 11 \/ 550 Watts - Epsilon PC","isPartOf":{"@id":"https:\/\/www.epsilon-pc.fr\/#website"},"primaryImageOfPage":{"@id":"https:\/\/www.epsilon-pc.fr\/index.php\/produit\/be-quiet-system-power-11-550w\/#primaryimage"},"image":{"@id":"https:\/\/www.epsilon-pc.fr\/index.php\/produit\/be-quiet-system-power-11-550w\/#primaryimage"},"thumbnailUrl":"https:\/\/www.epsilon-pc.fr\/wp-content\/uploads\/2026\/04\/be-quiet-system-power-11-550w.jpg","datePublished":"2026-04-28T08:47:36+00:00","dateModified":"2026-04-28T09:09:30+00:00","breadcrumb":{"@id":"https:\/\/www.epsilon-pc.fr\/index.php\/produit\/be-quiet-system-power-11-550w\/#breadcrumb"},"inLanguage":"fr-FR","potentialAction":[{"@type":"ReadAction","target":["https:\/\/www.epsilon-pc.fr\/index.php\/produit\/be-quiet-system-power-11-550w\/"]}]},{"@type":"ImageObject","inLanguage":"fr-FR","@id":"https:\/\/www.epsilon-pc.fr\/index.php\/produit\/be-quiet-system-power-11-550w\/#primaryimage","url":"https:\/\/www.epsilon-pc.fr\/wp-content\/uploads\/2026\/04\/be-quiet-system-power-11-550w.jpg","contentUrl":"https:\/\/www.epsilon-pc.fr\/wp-content\/uploads\/2026\/04\/be-quiet-system-power-11-550w.jpg","width":800,"height":800},{"@type":"BreadcrumbList","@id":"https:\/\/www.epsilon-pc.fr\/index.php\/produit\/be-quiet-system-power-11-550w\/#breadcrumb","itemListElement":[{"@type":"ListItem","position":1,"name":"Accueil","item":"https:\/\/www.epsilon-pc.fr\/"},{"@type":"ListItem","position":2,"name":"Boutique","item":"https:\/\/www.epsilon-pc.fr\/index.php\/boutique\/"},{"@type":"ListItem","position":3,"name":"BE QUIET! SYSTEM POWER 11 \/ 550 Watts"}]},{"@type":"WebSite","@id":"https:\/\/www.epsilon-pc.fr\/#website","url":"https:\/\/www.epsilon-pc.fr\/","name":"Epsilon PC","description":"","publisher":{"@id":"https:\/\/www.epsilon-pc.fr\/#organization"},"potentialAction":[{"@type":"SearchAction","target":{"@type":"EntryPoint","urlTemplate":"https:\/\/www.epsilon-pc.fr\/?s={search_term_string}"},"query-input":{"@type":"PropertyValueSpecification","valueRequired":true,"valueName":"search_term_string"}}],"inLanguage":"fr-FR"},{"@type":"Organization","@id":"https:\/\/www.epsilon-pc.fr\/#organization","name":"Epsilon PC","url":"https:\/\/www.epsilon-pc.fr\/","logo":{"@type":"ImageObject","inLanguage":"fr-FR","@id":"https:\/\/www.epsilon-pc.fr\/#\/schema\/logo\/image\/","url":"https:\/\/www.epsilon-pc.fr\/wp-content\/uploads\/2026\/02\/cropped-LogoEpsi-1.bmp","contentUrl":"https:\/\/www.epsilon-pc.fr\/wp-content\/uploads\/2026\/02\/cropped-LogoEpsi-1.bmp","width":191,"height":59,"caption":"Epsilon PC"},"image":{"@id":"https:\/\/www.epsilon-pc.fr\/#\/schema\/logo\/image\/"}}]}},"_links":{"self":[{"href":"https:\/\/www.epsilon-pc.fr\/index.php\/wp-json\/wp\/v2\/product\/11239","targetHints":{"allow":["GET"]}}],"collection":[{"href":"https:\/\/www.epsilon-pc.fr\/index.php\/wp-json\/wp\/v2\/product"}],"about":[{"href":"https:\/\/www.epsilon-pc.fr\/index.php\/wp-json\/wp\/v2\/types\/product"}],"wp:featuredmedia":[{"embeddable":true,"href":"https:\/\/www.epsilon-pc.fr\/index.php\/wp-json\/wp\/v2\/media\/11238"}],"wp:attachment":[{"href":"https:\/\/www.epsilon-pc.fr\/index.php\/wp-json\/wp\/v2\/media?parent=11239"}],"wp:term":[{"taxonomy":"product_brand","embeddable":true,"href":"https:\/\/www.epsilon-pc.fr\/index.php\/wp-json\/wp\/v2\/product_brand?post=11239"},{"taxonomy":"product_cat","embeddable":true,"href":"https:\/\/www.epsilon-pc.fr\/index.php\/wp-json\/wp\/v2\/product_cat?post=11239"},{"taxonomy":"product_tag","embeddable":true,"href":"https:\/\/www.epsilon-pc.fr\/index.php\/wp-json\/wp\/v2\/product_tag?post=11239"}],"curies":[{"name":"wp","href":"https:\/\/api.w.org\/{rel}","templated":true}]}}