{"id":11091,"date":"2026-04-21T15:40:39","date_gmt":"2026-04-21T13:40:39","guid":{"rendered":"https:\/\/www.epsilon-pc.fr\/index.php\/produit\/philips-1000-series-27e1n1100a-00-ecran\/"},"modified":"2026-05-02T11:16:03","modified_gmt":"2026-05-02T09:16:03","slug":"philips-1000-series-27e1n1100a-00-ecran","status":"publish","type":"product","link":"https:\/\/www.epsilon-pc.fr\/index.php\/produit\/philips-1000-series-27e1n1100a-00-ecran\/","title":{"rendered":"PHILIPS 1000 SERIES 27E1N1100A\/00 \/27 Pouces"},"content":{"rendered":"<dl class=\"data-sheet\">\n<dt class=\"name\">Couleur du produit<\/dt>\n<dd class=\"value\">Noir<\/dd>\n<dt class=\"name\">Hauteur du colis<\/dt>\n<dd class=\"value\">455 mm<\/dd>\n<dt class=\"name\">Largeur du colis<\/dt>\n<dd class=\"value\">690 mm<\/dd>\n<dt class=\"name\">Plug and Play<\/dt>\n<dd class=\"value\">Oui<\/dd>\n<dt class=\"name\">Poids du paquet<\/dt>\n<dd class=\"value\">6,62 kg<\/dd>\n<dt class=\"name\">Profondeur du colis<\/dt>\n<dd class=\"value\">141 mm<\/dd>\n<dt class=\"name\">Entr\u00e9e audio<\/dt>\n<dd class=\"value\">Oui<\/dd>\n<dt class=\"name\">Sortie audio<\/dt>\n<dd class=\"value\">Oui<\/dd>\n<dt class=\"name\">Diagonale d&rsquo;\u00e9cran (cm)<\/dt>\n<dd class=\"value\">68,6 cm<\/dd>\n<dt class=\"name\">Quantit\u00e9 de ports HDMI<\/dt>\n<dd class=\"value\">1<\/dd>\n<dt class=\"name\">R\u00e9solution de l&rsquo;\u00e9cran<\/dt>\n<dd class=\"value\">1920 x 1080 pixels<\/dd>\n<dt class=\"name\">R\u00e9tro\u00e9clairage \u00e0 LED<\/dt>\n<dd class=\"value\">Oui<\/dd>\n<dt class=\"name\">Taille de l&rsquo;\u00e9cran<\/dt>\n<dd class=\"value\">27&Prime;<\/dd>\n<dt class=\"name\">Taux de rafraichissement<\/dt>\n<dd class=\"value\">100 Hz<\/dd>\n<dt class=\"name\">Type HD<\/dt>\n<dd class=\"value\">Full HD<\/dd>\n<dt class=\"name\">Type de panneau<\/dt>\n<dd class=\"value\">IPS<\/dd>\n<dt class=\"name\">\u00c9cran tactile<\/dt>\n<dd class=\"value\">Non<\/dd>\n<dt class=\"name\">Consommation d&rsquo;\u00e9nergie (mode veille)<\/dt>\n<dd class=\"value\">0,5 W<\/dd>\n<dt class=\"name\">Consommation \u00e9lectrique (arr\u00eat)<\/dt>\n<dd class=\"value\">0,3 W<\/dd>\n<dt class=\"name\">Consommation \u00e9lectrique typique<\/dt>\n<dd class=\"value\">18,8 W<\/dd>\n<dt class=\"name\">C\u00e2bles inclus<\/dt>\n<dd class=\"value\">Secteur, HDMI<\/dd>\n<dt class=\"name\">Humidit\u00e9 relative de fonctionnement (H-H)<\/dt>\n<dd class=\"value\">20 &#8211; 80%<\/dd>\n<dt class=\"name\">Temp\u00e9rature d&rsquo;op\u00e9ration<\/dt>\n<dd class=\"value\">0 &#8211; 40 \u00b0C<\/dd>\n<dt class=\"name\">Type d&rsquo;alimentation d&rsquo;\u00e9nergie<\/dt>\n<dd class=\"value\">Interne<\/dd>\n<dt class=\"name\">Certificats de durabilit\u00e9<\/dt>\n<dd class=\"value\">BSMI, CB, EAC, Federal Communications Commission (FCC), ICES, RoHS, TUV, VCCI<\/dd>\n<dt class=\"name\">Conformit\u00e9 \u00e0 la durabilit\u00e9<\/dt>\n<dd class=\"value\">Oui<\/dd>\n<dt class=\"name\">Tension d&rsquo;entr\u00e9e AC<\/dt>\n<dd class=\"value\">100 &#8211; 240 V<\/dd>\n<dt class=\"name\">Version HDMI<\/dt>\n<dd class=\"value\">1.4<\/dd>\n<dt class=\"name\">Temps moyen entre pannes<\/dt>\n<dd class=\"value\">50000 h<\/dd>\n<dt class=\"name\">Temp\u00e9rature hors fonctionnement<\/dt>\n<dd class=\"value\">-20 &#8211; 60 \u00b0C<\/dd>\n<dt class=\"name\">Positionnement de march\u00e9<\/dt>\n<dd class=\"value\">Professionnel<\/dd>\n<dt class=\"name\">Format d&rsquo;image<\/dt>\n<dd class=\"value\">16:9<\/dd>\n<dt class=\"name\">Port de c\u00e2ble antivol<\/dt>\n<dd class=\"value\">Oui<\/dd>\n<dt class=\"name\">Type d&#8217;emplacement de verrouillage de c\u00e2ble<\/dt>\n<dd class=\"value\">Kensington<\/dd>\n<dt class=\"name\">\u00c9cran antireflet<\/dt>\n<dd class=\"value\">Oui<\/dd>\n<dt class=\"name\">AMD FreeSync<\/dt>\n<dd class=\"value\">Oui<\/dd>\n<dt class=\"name\">Angle d&rsquo;inclinaison<\/dt>\n<dd class=\"value\">-5 &#8211; 20\u00b0<\/dd>\n<dt class=\"name\">Angle de vision horizontal<\/dt>\n<dd class=\"value\">178\u00b0<\/dd>\n<dt class=\"name\">Angle de vision vertical<\/dt>\n<dd class=\"value\">178\u00b0<\/dd>\n<dt class=\"name\">Appareil photo int\u00e9gr\u00e9<\/dt>\n<dd class=\"value\">Non<\/dd>\n<dt class=\"name\">Concentrateur USB int\u00e9gr\u00e9<\/dt>\n<dd class=\"value\">Non<\/dd>\n<dt class=\"name\">Duret\u00e9 de la surface<\/dt>\n<dd class=\"value\">3H<\/dd>\n<dt class=\"name\">Forme d&rsquo;\u00e9cran<\/dt>\n<dd class=\"value\">Plat<\/dd>\n<dt class=\"name\">Fr\u00e9quence d&rsquo;entr\u00e9e AC<\/dt>\n<dd class=\"value\">50\/60 Hz<\/dd>\n<dt class=\"name\">HDCP<\/dt>\n<dd class=\"value\">Oui<\/dd>\n<dt class=\"name\">HDMI<\/dt>\n<dd class=\"value\">Oui<\/dd>\n<dt class=\"name\">Haut-parleurs int\u00e9gr\u00e9s<\/dt>\n<dd class=\"value\">Oui<\/dd>\n<dt class=\"name\">Hauteur (sans support)<\/dt>\n<dd class=\"value\">357 mm<\/dd>\n<dt class=\"name\">Hauteur (support inclus)<\/dt>\n<dd class=\"value\">457 mm<\/dd>\n<dt class=\"name\">Largeur (sans support)<\/dt>\n<dd class=\"value\">617 mm<\/dd>\n<dt class=\"name\">Largeur appareil (support inclus)<\/dt>\n<dd class=\"value\">617 mm<\/dd>\n<dt class=\"name\">Luminosit\u00e9 de l&rsquo;\u00e9cran (typique)<\/dt>\n<dd class=\"value\">250 cd\/m\u00b2<\/dd>\n<dt class=\"name\">Montage VESA<\/dt>\n<dd class=\"value\">Oui<\/dd>\n<dt class=\"name\">Nombre de couleurs affich\u00e9es<\/dt>\n<dd class=\"value\">16,7 millions de couleurs<\/dd>\n<dt class=\"name\">Nombre de haut-parleurs<\/dt>\n<dd class=\"value\">2<\/dd>\n<dt class=\"name\">Norme VESA<\/dt>\n<dd class=\"value\">100 x 100 mm<\/dd>\n<dt class=\"name\">Pas de pixel<\/dt>\n<dd class=\"value\">0,3114 x 0,3114 mm<\/dd>\n<dt class=\"name\">Poids (avec support)<\/dt>\n<dd class=\"value\">4 kg<\/dd>\n<dt class=\"name\">Poids (sans support)<\/dt>\n<dd class=\"value\">3,58 kg<\/dd>\n<dt class=\"name\">Profondeur (sans support)<\/dt>\n<dd class=\"value\">46 mm<\/dd>\n<dt class=\"name\">Profondeur (support inclus)<\/dt>\n<dd class=\"value\">211 mm<\/dd>\n<dt class=\"name\">Puissance \u00e9valu\u00e9e de RMS<\/dt>\n<dd class=\"value\">4 W<\/dd>\n<dt class=\"name\">Support inclus<\/dt>\n<dd class=\"value\">Oui<\/dd>\n<dt class=\"name\">Taille visualisable horizontale<\/dt>\n<dd class=\"value\">59,8 cm<\/dd>\n<dt class=\"name\">Taille visualisable verticale<\/dt>\n<dd class=\"value\">33,6 cm<\/dd>\n<dt class=\"name\">Taux de contraste<\/dt>\n<dd class=\"value\">1300:1<\/dd>\n<dt class=\"name\">Technologie Low-Blue-Light<\/dt>\n<dd class=\"value\">Oui<\/dd>\n<dt class=\"name\">Technologie d&rsquo;affichage<\/dt>\n<dd class=\"value\">LCD<\/dd>\n<dt class=\"name\">Technologie sans scintillement<\/dt>\n<dd class=\"value\">Oui<\/dd>\n<dt class=\"name\">Temps de r\u00e9ponse<\/dt>\n<dd class=\"value\">4 ms<\/dd>\n<dt class=\"name\">Type AMD FreeSync<\/dt>\n<dd class=\"value\">FreeSync<\/dd>\n<dt class=\"name\">Type de r\u00e9tro<\/dt>\n<dd class=\"value\">W-LED<\/dd>\n<dt class=\"name\">Version HDCP<\/dt>\n<dd class=\"value\">1.4<\/dd>\n<dt class=\"name\">Densit\u00e9 en pixels<\/dt>\n<dd class=\"value\">81,59 pixels par pouce<\/dd>\n<dt class=\"name\">Voyants<\/dt>\n<dd class=\"value\">Fonctionnement, Veille<\/dd>\n<dt class=\"name\">Affichage multilingue \u00e0 l&rsquo;\u00e9cran<\/dt>\n<dd class=\"value\">Chinois simplifi\u00e9, Chinois traditionnel, Tch\u00e8que, Allemand, N\u00e9erlandais, Anglais, Espagnol, Finlandais, Fran\u00e7ais, Grec, Hongrois, Italien, Japonais, Cor\u00e9en, Polonais, Portugais, Russe,<\/dd>\n<dt class=\"name\">Affichage \u00e0 l&rsquo;\u00e9cran (OSD)<\/dt>\n<dd class=\"value\">Oui<\/dd>\n<dt class=\"name\">Nombre de langues OSD<\/dt>\n<dd class=\"value\">21<\/dd>\n<dt class=\"name\">NVIDIA G-SYNC<\/dt>\n<dd class=\"value\">Non<\/dd>\n<dt class=\"name\">Domaine de num\u00e9risation horizontale<\/dt>\n<dd class=\"value\">30 &#8211; 85 kHz<\/dd>\n<dt class=\"name\">Fr\u00e9quence de balayage vertical<\/dt>\n<dd class=\"value\">48 &#8211; 60 Hz<br \/>\n48 &#8211; 100 Hz<\/dd>\n<dt class=\"name\">Altitude de fonctionnement<\/dt>\n<dd class=\"value\">0 &#8211; 3658 m<\/dd>\n<dt class=\"name\">Altitude de non fonctionnement<\/dt>\n<dd class=\"value\">3658 &#8211; 12192 m<\/dd>\n<dt class=\"name\">Am\u00e9lioration de l&rsquo;image<\/dt>\n<dd class=\"value\">SmartImage game<\/dd>\n<dt class=\"name\">Classe d&rsquo;efficacit\u00e9 \u00e9nerg\u00e9tique (SDR)<\/dt>\n<dd class=\"value\">D<\/dd>\n<dt class=\"name\">Composant synchronisation vid\u00e9o<\/dt>\n<dd class=\"value\">Separate sync<\/dd>\n<dt class=\"name\">DDC\/CI<\/dt>\n<dd class=\"value\">Oui<\/dd>\n<dt class=\"name\">Fr\u00e9quence num\u00e9rique horizontale<\/dt>\n<dd class=\"value\">30 &#8211; 115 kHz<\/dd>\n<dt class=\"name\">Manuel d&rsquo;utilisation<\/dt>\n<dd class=\"value\">Oui<\/dd>\n<dt class=\"name\">Mat\u00e9riaux d&#8217;emballage recyclable<\/dt>\n<dd class=\"value\">100%<\/dd>\n<dt class=\"name\">Mode LowBlue<\/dt>\n<dd class=\"value\">Oui<\/dd>\n<dt class=\"name\">Nom marketing du ratio de contraste dynamique<\/dt>\n<dd class=\"value\">Mega Infinity DCR<\/dd>\n<dt class=\"name\">Nombre de ports VGA (D-Sub)<\/dt>\n<dd class=\"value\">1<\/dd>\n<dt class=\"name\">Sans m\u00e9taux lourds<\/dt>\n<dd class=\"value\">Hg (mercure)<\/dd>\n<dt class=\"name\">sRGB<\/dt>\n<dd class=\"value\">Oui<\/dd>\n<dt class=\"name\">Classe d&rsquo;efficacit\u00e9 \u00e9nerg\u00e9tique (HDR)<\/dt>\n<dd class=\"value\">Indisponible<\/dd>\n<dt class=\"name\">Ne contient pas<\/dt>\n<dd class=\"value\">Mercure, PVC\/BFR<\/dd>\n<dt class=\"name\">Temps de r\u00e9action (vite)<\/dt>\n<dd class=\"value\">1 ms<\/dd>\n<dt class=\"name\">Mode EasyRead<\/dt>\n<dd class=\"value\">Oui<\/dd>\n<dt class=\"name\">Taux de diffusion<\/dt>\n<dd class=\"value\">25%<\/dd>\n<dt class=\"name\">Syst\u00e8mes d&rsquo;exploitation compatibles<\/dt>\n<dd class=\"value\">Mac OS X<br \/>\nWindows 11 \/ 10<\/dd>\n<dt class=\"name\">Norme de gamme de couleurs<\/dt>\n<dd class=\"value\">sRGB<\/dd>\n<dt class=\"name\">Certificats de conformit\u00e9<\/dt>\n<dd class=\"value\">BSMI, CB, EAC, Federal Communications Commission (FCC), ICES, RoHS, cTUVus, VCCI<\/dd>\n<\/dl>\n","protected":false},"excerpt":{"rendered":"<p><strong>\ud83d\udca1 Philips : L&rsquo;innovation au service de l&rsquo;ergonomie et de l&rsquo;image<\/strong><\/p>\n<p>R\u00e9put\u00e9 pour ses dalles de haute qualit\u00e9 et son confort visuel, Philips propose des moniteurs pens\u00e9s pour la productivit\u00e9, les cr\u00e9ateurs et m\u00eame les joueurs exigeants.<\/p>\n<ul>\n<li><strong>\ud83c\udfae Gamme Evnia \/ Momentum :<\/strong> L&rsquo;immersion totale pour les gamers, int\u00e9grant parfois la technologie exclusive Ambiglow pour \u00e9tendre l&rsquo;image au-del\u00e0 de l&rsquo;\u00e9cran.<\/li>\n<li><strong>\ud83d\udcbc Gammes B-Line &amp; E-Line :<\/strong> L&rsquo;excellence bureautique avec une ergonomie parfaite, une connectique USB-C avanc\u00e9e et des technologies de r\u00e9duction de la fatigue oculaire.<\/li>\n<\/ul>\n","protected":false},"featured_media":11090,"template":"","meta":{"ocean_post_layout":"","ocean_both_sidebars_style":"","ocean_both_sidebars_content_width":0,"ocean_both_sidebars_sidebars_width":0,"ocean_sidebar":"0","ocean_second_sidebar":"0","ocean_disable_margins":"enable","ocean_add_body_class":"","ocean_shortcode_before_top_bar":"","ocean_shortcode_after_top_bar":"","ocean_shortcode_before_header":"","ocean_shortcode_after_header":"","ocean_has_shortcode":"","ocean_shortcode_after_title":"","ocean_shortcode_before_footer_widgets":"","ocean_shortcode_after_footer_widgets":"","ocean_shortcode_before_footer_bottom":"","ocean_shortcode_after_footer_bottom":"","ocean_display_top_bar":"default","ocean_display_header":"default","ocean_header_style":"","ocean_center_header_left_menu":"0","ocean_custom_header_template":"0","ocean_custom_logo":0,"ocean_custom_retina_logo":0,"ocean_custom_logo_max_width":0,"ocean_custom_logo_tablet_max_width":0,"ocean_custom_logo_mobile_max_width":0,"ocean_custom_logo_max_height":0,"ocean_custom_logo_tablet_max_height":0,"ocean_custom_logo_mobile_max_height":0,"ocean_header_custom_menu":"0","ocean_menu_typo_font_family":"0","ocean_menu_typo_font_subset":"","ocean_menu_typo_font_size":0,"ocean_menu_typo_font_size_tablet":0,"ocean_menu_typo_font_size_mobile":0,"ocean_menu_typo_font_size_unit":"px","ocean_menu_typo_font_weight":"","ocean_menu_typo_font_weight_tablet":"","ocean_menu_typo_font_weight_mobile":"","ocean_menu_typo_transform":"","ocean_menu_typo_transform_tablet":"","ocean_menu_typo_transform_mobile":"","ocean_menu_typo_line_height":0,"ocean_menu_typo_line_height_tablet":0,"ocean_menu_typo_line_height_mobile":0,"ocean_menu_typo_line_height_unit":"","ocean_menu_typo_spacing":0,"ocean_menu_typo_spacing_tablet":0,"ocean_menu_typo_spacing_mobile":0,"ocean_menu_typo_spacing_unit":"","ocean_menu_link_color":"","ocean_menu_link_color_hover":"","ocean_menu_link_color_active":"","ocean_menu_link_background":"","ocean_menu_link_hover_background":"","ocean_menu_link_active_background":"","ocean_menu_social_links_bg":"","ocean_menu_social_hover_links_bg":"","ocean_menu_social_links_color":"","ocean_menu_social_hover_links_color":"","ocean_disable_title":"default","ocean_disable_heading":"default","ocean_post_title":"","ocean_post_subheading":"","ocean_post_title_style":"","ocean_post_title_background_color":"","ocean_post_title_background":0,"ocean_post_title_bg_image_position":"","ocean_post_title_bg_image_attachment":"","ocean_post_title_bg_image_repeat":"","ocean_post_title_bg_image_size":"","ocean_post_title_height":0,"ocean_post_title_bg_overlay":0.5,"ocean_post_title_bg_overlay_color":"","ocean_disable_breadcrumbs":"default","ocean_breadcrumbs_color":"","ocean_breadcrumbs_separator_color":"","ocean_breadcrumbs_links_color":"","ocean_breadcrumbs_links_hover_color":"","ocean_display_footer_widgets":"default","ocean_display_footer_bottom":"default","ocean_custom_footer_template":"0"},"product_brand":[69],"product_cat":[88],"product_tag":[],"class_list":{"0":"post-11091","1":"product","2":"type-product","3":"status-publish","4":"has-post-thumbnail","6":"product_brand-philips","7":"product_cat-moniteur-27","8":"product_shipping_class-non-expediable","10":"entry","11":"has-media","13":"first","14":"outofstock","15":"taxable","16":"shipping-taxable","17":"purchasable","18":"product-type-simple","19":"has-product-nav","20":"col","21":"span_1_of_4","22":"owp-content-center","23":"owp-thumbs-layout-horizontal","24":"owp-btn-big","25":"owp-tabs-layout-horizontal","26":"has-no-thumbnails"},"yoast_head":"<!-- This site is optimized with the Yoast SEO plugin v27.3 - https:\/\/yoast.com\/product\/yoast-seo-wordpress\/ -->\n<title>PHILIPS 1000 SERIES 27E1N1100A\/00 \/27 Pouces - Epsilon PC<\/title>\n<meta name=\"robots\" content=\"index, follow, max-snippet:-1, max-image-preview:large, max-video-preview:-1\" \/>\n<link rel=\"canonical\" href=\"https:\/\/www.epsilon-pc.fr\/index.php\/produit\/philips-1000-series-27e1n1100a-00-ecran\/\" \/>\n<meta property=\"og:locale\" content=\"fr_FR\" \/>\n<meta property=\"og:type\" content=\"article\" \/>\n<meta property=\"og:title\" content=\"PHILIPS 1000 SERIES 27E1N1100A\/00 \/27 Pouces - Epsilon PC\" \/>\n<meta property=\"og:description\" content=\"\ud83d\udca1 Philips : L&#039;innovation au service de l&#039;ergonomie et de l&#039;image  R\u00e9put\u00e9 pour ses dalles de haute qualit\u00e9 et son confort visuel, Philips propose des moniteurs pens\u00e9s pour la productivit\u00e9, les cr\u00e9ateurs et m\u00eame les joueurs exigeants.   \ud83c\udfae Gamme Evnia \/ Momentum : L&#039;immersion totale pour les gamers, int\u00e9grant parfois la technologie exclusive Ambiglow pour \u00e9tendre l&#039;image au-del\u00e0 de l&#039;\u00e9cran.  \ud83d\udcbc Gammes B-Line &amp; E-Line : L&#039;excellence bureautique avec une ergonomie parfaite, une connectique USB-C avanc\u00e9e et des technologies de r\u00e9duction de la fatigue oculaire.\" \/>\n<meta property=\"og:url\" content=\"https:\/\/www.epsilon-pc.fr\/index.php\/produit\/philips-1000-series-27e1n1100a-00-ecran\/\" \/>\n<meta property=\"og:site_name\" content=\"Epsilon PC\" \/>\n<meta property=\"article:modified_time\" content=\"2026-05-02T09:16:03+00:00\" \/>\n<meta property=\"og:image\" content=\"http:\/\/www.epsilon-pc.fr\/wp-content\/uploads\/2026\/04\/philips-27e1n1100a-00.jpg\" \/>\n\t<meta property=\"og:image:width\" content=\"800\" \/>\n\t<meta property=\"og:image:height\" content=\"800\" \/>\n\t<meta property=\"og:image:type\" content=\"image\/jpeg\" \/>\n<meta name=\"twitter:card\" content=\"summary_large_image\" \/>\n<meta name=\"twitter:label1\" content=\"Dur\u00e9e de lecture estim\u00e9e\" \/>\n\t<meta name=\"twitter:data1\" content=\"3 minutes\" \/>\n<script type=\"application\/ld+json\" class=\"yoast-schema-graph\">{\"@context\":\"https:\\\/\\\/schema.org\",\"@graph\":[{\"@type\":\"WebPage\",\"@id\":\"https:\\\/\\\/www.epsilon-pc.fr\\\/index.php\\\/produit\\\/philips-1000-series-27e1n1100a-00-ecran\\\/\",\"url\":\"https:\\\/\\\/www.epsilon-pc.fr\\\/index.php\\\/produit\\\/philips-1000-series-27e1n1100a-00-ecran\\\/\",\"name\":\"PHILIPS 1000 SERIES 27E1N1100A\\\/00 \\\/27 Pouces - Epsilon PC\",\"isPartOf\":{\"@id\":\"https:\\\/\\\/www.epsilon-pc.fr\\\/#website\"},\"primaryImageOfPage\":{\"@id\":\"https:\\\/\\\/www.epsilon-pc.fr\\\/index.php\\\/produit\\\/philips-1000-series-27e1n1100a-00-ecran\\\/#primaryimage\"},\"image\":{\"@id\":\"https:\\\/\\\/www.epsilon-pc.fr\\\/index.php\\\/produit\\\/philips-1000-series-27e1n1100a-00-ecran\\\/#primaryimage\"},\"thumbnailUrl\":\"https:\\\/\\\/www.epsilon-pc.fr\\\/wp-content\\\/uploads\\\/2026\\\/04\\\/philips-27e1n1100a-00.jpg\",\"datePublished\":\"2026-04-21T13:40:39+00:00\",\"dateModified\":\"2026-05-02T09:16:03+00:00\",\"breadcrumb\":{\"@id\":\"https:\\\/\\\/www.epsilon-pc.fr\\\/index.php\\\/produit\\\/philips-1000-series-27e1n1100a-00-ecran\\\/#breadcrumb\"},\"inLanguage\":\"fr-FR\",\"potentialAction\":[{\"@type\":\"ReadAction\",\"target\":[\"https:\\\/\\\/www.epsilon-pc.fr\\\/index.php\\\/produit\\\/philips-1000-series-27e1n1100a-00-ecran\\\/\"]}]},{\"@type\":\"ImageObject\",\"inLanguage\":\"fr-FR\",\"@id\":\"https:\\\/\\\/www.epsilon-pc.fr\\\/index.php\\\/produit\\\/philips-1000-series-27e1n1100a-00-ecran\\\/#primaryimage\",\"url\":\"https:\\\/\\\/www.epsilon-pc.fr\\\/wp-content\\\/uploads\\\/2026\\\/04\\\/philips-27e1n1100a-00.jpg\",\"contentUrl\":\"https:\\\/\\\/www.epsilon-pc.fr\\\/wp-content\\\/uploads\\\/2026\\\/04\\\/philips-27e1n1100a-00.jpg\",\"width\":800,\"height\":800},{\"@type\":\"BreadcrumbList\",\"@id\":\"https:\\\/\\\/www.epsilon-pc.fr\\\/index.php\\\/produit\\\/philips-1000-series-27e1n1100a-00-ecran\\\/#breadcrumb\",\"itemListElement\":[{\"@type\":\"ListItem\",\"position\":1,\"name\":\"Accueil\",\"item\":\"https:\\\/\\\/www.epsilon-pc.fr\\\/\"},{\"@type\":\"ListItem\",\"position\":2,\"name\":\"Boutique\",\"item\":\"https:\\\/\\\/www.epsilon-pc.fr\\\/index.php\\\/boutique\\\/\"},{\"@type\":\"ListItem\",\"position\":3,\"name\":\"PHILIPS 1000 SERIES 27E1N1100A\\\/00 \\\/27 Pouces\"}]},{\"@type\":\"WebSite\",\"@id\":\"https:\\\/\\\/www.epsilon-pc.fr\\\/#website\",\"url\":\"https:\\\/\\\/www.epsilon-pc.fr\\\/\",\"name\":\"Epsilon PC\",\"description\":\"\",\"publisher\":{\"@id\":\"https:\\\/\\\/www.epsilon-pc.fr\\\/#organization\"},\"potentialAction\":[{\"@type\":\"SearchAction\",\"target\":{\"@type\":\"EntryPoint\",\"urlTemplate\":\"https:\\\/\\\/www.epsilon-pc.fr\\\/?s={search_term_string}\"},\"query-input\":{\"@type\":\"PropertyValueSpecification\",\"valueRequired\":true,\"valueName\":\"search_term_string\"}}],\"inLanguage\":\"fr-FR\"},{\"@type\":\"Organization\",\"@id\":\"https:\\\/\\\/www.epsilon-pc.fr\\\/#organization\",\"name\":\"Epsilon PC\",\"url\":\"https:\\\/\\\/www.epsilon-pc.fr\\\/\",\"logo\":{\"@type\":\"ImageObject\",\"inLanguage\":\"fr-FR\",\"@id\":\"https:\\\/\\\/www.epsilon-pc.fr\\\/#\\\/schema\\\/logo\\\/image\\\/\",\"url\":\"https:\\\/\\\/www.epsilon-pc.fr\\\/wp-content\\\/uploads\\\/2026\\\/02\\\/cropped-LogoEpsi-1.bmp\",\"contentUrl\":\"https:\\\/\\\/www.epsilon-pc.fr\\\/wp-content\\\/uploads\\\/2026\\\/02\\\/cropped-LogoEpsi-1.bmp\",\"width\":191,\"height\":59,\"caption\":\"Epsilon PC\"},\"image\":{\"@id\":\"https:\\\/\\\/www.epsilon-pc.fr\\\/#\\\/schema\\\/logo\\\/image\\\/\"}}]}<\/script>\n<!-- \/ Yoast SEO plugin. -->","yoast_head_json":{"title":"PHILIPS 1000 SERIES 27E1N1100A\/00 \/27 Pouces - Epsilon PC","robots":{"index":"index","follow":"follow","max-snippet":"max-snippet:-1","max-image-preview":"max-image-preview:large","max-video-preview":"max-video-preview:-1"},"canonical":"https:\/\/www.epsilon-pc.fr\/index.php\/produit\/philips-1000-series-27e1n1100a-00-ecran\/","og_locale":"fr_FR","og_type":"article","og_title":"PHILIPS 1000 SERIES 27E1N1100A\/00 \/27 Pouces - Epsilon PC","og_description":"\ud83d\udca1 Philips : L'innovation au service de l'ergonomie et de l'image  R\u00e9put\u00e9 pour ses dalles de haute qualit\u00e9 et son confort visuel, Philips propose des moniteurs pens\u00e9s pour la productivit\u00e9, les cr\u00e9ateurs et m\u00eame les joueurs exigeants.   \ud83c\udfae Gamme Evnia \/ Momentum : L'immersion totale pour les gamers, int\u00e9grant parfois la technologie exclusive Ambiglow pour \u00e9tendre l'image au-del\u00e0 de l'\u00e9cran.  \ud83d\udcbc Gammes B-Line &amp; E-Line : L'excellence bureautique avec une ergonomie parfaite, une connectique USB-C avanc\u00e9e et des technologies de r\u00e9duction de la fatigue oculaire.","og_url":"https:\/\/www.epsilon-pc.fr\/index.php\/produit\/philips-1000-series-27e1n1100a-00-ecran\/","og_site_name":"Epsilon PC","article_modified_time":"2026-05-02T09:16:03+00:00","og_image":[{"width":800,"height":800,"url":"http:\/\/www.epsilon-pc.fr\/wp-content\/uploads\/2026\/04\/philips-27e1n1100a-00.jpg","type":"image\/jpeg"}],"twitter_card":"summary_large_image","twitter_misc":{"Dur\u00e9e de lecture estim\u00e9e":"3 minutes"},"schema":{"@context":"https:\/\/schema.org","@graph":[{"@type":"WebPage","@id":"https:\/\/www.epsilon-pc.fr\/index.php\/produit\/philips-1000-series-27e1n1100a-00-ecran\/","url":"https:\/\/www.epsilon-pc.fr\/index.php\/produit\/philips-1000-series-27e1n1100a-00-ecran\/","name":"PHILIPS 1000 SERIES 27E1N1100A\/00 \/27 Pouces - Epsilon PC","isPartOf":{"@id":"https:\/\/www.epsilon-pc.fr\/#website"},"primaryImageOfPage":{"@id":"https:\/\/www.epsilon-pc.fr\/index.php\/produit\/philips-1000-series-27e1n1100a-00-ecran\/#primaryimage"},"image":{"@id":"https:\/\/www.epsilon-pc.fr\/index.php\/produit\/philips-1000-series-27e1n1100a-00-ecran\/#primaryimage"},"thumbnailUrl":"https:\/\/www.epsilon-pc.fr\/wp-content\/uploads\/2026\/04\/philips-27e1n1100a-00.jpg","datePublished":"2026-04-21T13:40:39+00:00","dateModified":"2026-05-02T09:16:03+00:00","breadcrumb":{"@id":"https:\/\/www.epsilon-pc.fr\/index.php\/produit\/philips-1000-series-27e1n1100a-00-ecran\/#breadcrumb"},"inLanguage":"fr-FR","potentialAction":[{"@type":"ReadAction","target":["https:\/\/www.epsilon-pc.fr\/index.php\/produit\/philips-1000-series-27e1n1100a-00-ecran\/"]}]},{"@type":"ImageObject","inLanguage":"fr-FR","@id":"https:\/\/www.epsilon-pc.fr\/index.php\/produit\/philips-1000-series-27e1n1100a-00-ecran\/#primaryimage","url":"https:\/\/www.epsilon-pc.fr\/wp-content\/uploads\/2026\/04\/philips-27e1n1100a-00.jpg","contentUrl":"https:\/\/www.epsilon-pc.fr\/wp-content\/uploads\/2026\/04\/philips-27e1n1100a-00.jpg","width":800,"height":800},{"@type":"BreadcrumbList","@id":"https:\/\/www.epsilon-pc.fr\/index.php\/produit\/philips-1000-series-27e1n1100a-00-ecran\/#breadcrumb","itemListElement":[{"@type":"ListItem","position":1,"name":"Accueil","item":"https:\/\/www.epsilon-pc.fr\/"},{"@type":"ListItem","position":2,"name":"Boutique","item":"https:\/\/www.epsilon-pc.fr\/index.php\/boutique\/"},{"@type":"ListItem","position":3,"name":"PHILIPS 1000 SERIES 27E1N1100A\/00 \/27 Pouces"}]},{"@type":"WebSite","@id":"https:\/\/www.epsilon-pc.fr\/#website","url":"https:\/\/www.epsilon-pc.fr\/","name":"Epsilon PC","description":"","publisher":{"@id":"https:\/\/www.epsilon-pc.fr\/#organization"},"potentialAction":[{"@type":"SearchAction","target":{"@type":"EntryPoint","urlTemplate":"https:\/\/www.epsilon-pc.fr\/?s={search_term_string}"},"query-input":{"@type":"PropertyValueSpecification","valueRequired":true,"valueName":"search_term_string"}}],"inLanguage":"fr-FR"},{"@type":"Organization","@id":"https:\/\/www.epsilon-pc.fr\/#organization","name":"Epsilon PC","url":"https:\/\/www.epsilon-pc.fr\/","logo":{"@type":"ImageObject","inLanguage":"fr-FR","@id":"https:\/\/www.epsilon-pc.fr\/#\/schema\/logo\/image\/","url":"https:\/\/www.epsilon-pc.fr\/wp-content\/uploads\/2026\/02\/cropped-LogoEpsi-1.bmp","contentUrl":"https:\/\/www.epsilon-pc.fr\/wp-content\/uploads\/2026\/02\/cropped-LogoEpsi-1.bmp","width":191,"height":59,"caption":"Epsilon PC"},"image":{"@id":"https:\/\/www.epsilon-pc.fr\/#\/schema\/logo\/image\/"}}]}},"_links":{"self":[{"href":"https:\/\/www.epsilon-pc.fr\/index.php\/wp-json\/wp\/v2\/product\/11091","targetHints":{"allow":["GET"]}}],"collection":[{"href":"https:\/\/www.epsilon-pc.fr\/index.php\/wp-json\/wp\/v2\/product"}],"about":[{"href":"https:\/\/www.epsilon-pc.fr\/index.php\/wp-json\/wp\/v2\/types\/product"}],"wp:featuredmedia":[{"embeddable":true,"href":"https:\/\/www.epsilon-pc.fr\/index.php\/wp-json\/wp\/v2\/media\/11090"}],"wp:attachment":[{"href":"https:\/\/www.epsilon-pc.fr\/index.php\/wp-json\/wp\/v2\/media?parent=11091"}],"wp:term":[{"taxonomy":"product_brand","embeddable":true,"href":"https:\/\/www.epsilon-pc.fr\/index.php\/wp-json\/wp\/v2\/product_brand?post=11091"},{"taxonomy":"product_cat","embeddable":true,"href":"https:\/\/www.epsilon-pc.fr\/index.php\/wp-json\/wp\/v2\/product_cat?post=11091"},{"taxonomy":"product_tag","embeddable":true,"href":"https:\/\/www.epsilon-pc.fr\/index.php\/wp-json\/wp\/v2\/product_tag?post=11091"}],"curies":[{"name":"wp","href":"https:\/\/api.w.org\/{rel}","templated":true}]}}