{"id":11067,"date":"2026-04-21T15:39:41","date_gmt":"2026-04-21T13:39:41","guid":{"rendered":"https:\/\/www.epsilon-pc.fr\/index.php\/produit\/logitech-marathon-m705-sans-fil-souris\/"},"modified":"2026-04-24T10:07:51","modified_gmt":"2026-04-24T08:07:51","slug":"logitech-marathon-m705-sans-fil-souris","status":"publish","type":"product","link":"https:\/\/www.epsilon-pc.fr\/index.php\/produit\/logitech-marathon-m705-sans-fil-souris\/","title":{"rendered":"LOGITECH MARATHON M705S"},"content":{"rendered":"<p>La souris sans fil M705 Marathon offre jusqu&rsquo;\u00e0 trois ans d&rsquo;autonomie, un d\u00e9filement double mode, une connexion sans fil s\u00e9curis\u00e9e, et une forme confortable et profil\u00e9e.<\/p>\n<p><b>D\u00c9COUVREZ LA SOURIS MARATHON<\/b><br \/>\nLa souris de pr\u00e9cision con\u00e7ue pour le long terme, avec une forme profil\u00e9e, un d\u00e9filement double mode et plus de contr\u00f4le pour que vous puissiez vous attaquer \u00e0 toutes les t\u00e2ches. L&rsquo;impressionnante autonomie des piles, pouvant aller jusqu&rsquo;\u00e0 3 ans 4La long\u00e9vit\u00e9 de la pile est susceptible de varier en fonction de l&rsquo;environnement et du mode d&rsquo;utilisation. et la connexion sans fil s\u00e9curis\u00e9e vous permettent de poursuivre vos activit\u00e9s et de r\u00e9aliser un travail pr\u00e9cis et haute performance.<\/p>\n<p><b>D\u00c9FILEMENT ULTRA-RAPIDE<\/b><br \/>\nD\u00e9filement et suivi de pointe pour une productivit\u00e9 accrue. Le d\u00e9filement double mode vous permet de passer de la vitesse \u00e0 la pr\u00e9cision, de sorte que vous pouvez parcourir de longues pages Web ou les parcourir ligne par ligne. Jonglez entre les modes d\u2019un seul clic. La pr\u00e9cision du suivi vous offre un contr\u00f4le sup\u00e9rieur du curseur \u00e0 1000 ppp. Faites d\u00e9filer les pages horizontalement \u00e0 l&rsquo;aide de la roulette multidirectionnelle. Parfait pour les feuilles de calcul volumineuses, les images de grande taille et les pages Web. Personnalisez votre exp\u00e9rience avec Logitech Options.<\/p>\n<p><b>LONG\u00c9VIT\u00c9 DE PILE POUVANT ATTEINDRE 3 ANS<\/b><br \/>\nLa conception ultra efficace associ\u00e9e \u00e0 un mode d&rsquo;\u00e9conomie d&rsquo;\u00e9nergie en veille automatique et \u00e0 un interrupteur marche\/arr\u00eat, vous offre jusqu&rsquo;\u00e0 36 mois d&rsquo;autonomie des piles5La long\u00e9vit\u00e9 des piles est susceptible de varier en fonction de l&rsquo;environnement et du mode d&rsquo;utilisation. Travaillez sereinement, avec une autonomie allant jusqu&rsquo;\u00e0 3 ans avant de devoir changer les piles.<\/p>\n<p><b>PROFIL\u00c9E POUR VOTRE CONFORT<\/b><br \/>\nLa forme profil\u00e9e de taille standard \u00e9pouse la courbe naturelle de votre main, et vous permet de rester productif plus longtemps. La conception pour droitiers comporte \u00e9galement un rev\u00eatement en caoutchouc pour un confort accru, afin que vous puissiez travailler confortablement, m\u00eame pendant de longues heures.<\/p>\n<p><b>LIBERT\u00c9 DU SANS FIL<\/b><br \/>\n6Une connexion solide et fiable vous offre jusqu\u2019\u00e0 10 m\u00e8tresLa port\u00e9e sans fil peut varier en fonction de l&rsquo;utilisateur, de l&rsquo;environnement et de l\u2019utilisation de libert\u00e9 sans fil avec un r\u00e9cepteur USB Unifying\u2122 solide et fiable. Connectez jusqu&rsquo;\u00e0 six appareils compatibles \u00e0 ce r\u00e9cepteur unique sans vous soucier du d\u00e9calage ou des interf\u00e9rences. La souris M705 est compatible avec macOS et Windows\u00ae. De plus, elle est certifi\u00e9e Works With Chromebook\u2122produit7Ce produit a \u00e9t\u00e9 certifi\u00e9 conforme aux normes de compatibilit\u00e9 de Google. Google n&rsquo;est pas responsable du fonctionnement de ce produit ni de sa conformit\u00e9 aux exigences de s\u00e9curit\u00e9. Chromebook et le badge \u00ab\u00a0Works With Chromebook\u00a0\u00bb sont des marques d\u00e9pos\u00e9es de Google LLC., pour rester productif en toute occasion.<\/p>\n<p><b>PLUS DE CONTR\u00d4LE, PLUS D\u2019OPTIONS<\/b><br \/>\nUtilisez Logitech Options pour personnaliser les cinq boutons de la souris M705, y compris les commandes pour le pouce judicieusement situ\u00e9es. Cr\u00e9ez des raccourcis pour ouvrir des fen\u00eatres de navigateur, passer en plein \u00e9cran, ouvrir des applications, etc. Parcourez rapidement les pages Web, les feuilles de calcul et les images, et augmentez votre productivit\u00e9. Le logiciel intuitif facilite la personnalisation.<\/p>\n<dl class=\"data-sheet\">\n<dt class=\"name\">Bande de fr\u00e9quence<\/dt>\n<dd class=\"value\">2.4 GHz<\/dd>\n<dt class=\"name\">Code du syst\u00e8me harmonis\u00e9<\/dt>\n<dd class=\"value\">84716070<\/dd>\n<dt class=\"name\">Coloration de surface<\/dt>\n<dd class=\"value\">Monochromatique<\/dd>\n<dt class=\"name\">Couleur du produit<\/dt>\n<dd class=\"value\">Charbon de bois<\/dd>\n<dt class=\"name\">D\u00e9filement des directions<\/dt>\n<dd class=\"value\">Verticale\/Horizontale<\/dd>\n<dt class=\"name\">Format<\/dt>\n<dd class=\"value\">Droitier<\/dd>\n<dt class=\"name\">GTIN du carton principal (EAN\/UPC)<\/dt>\n<dd class=\"value\">50992060239016<\/dd>\n<dt class=\"name\">Guide d&rsquo;utilisation<\/dt>\n<dd class=\"value\">Oui<\/dd>\n<dt class=\"name\">Hauteur<\/dt>\n<dd class=\"value\">42 mm<\/dd>\n<dt class=\"name\">Hauteur du casier principal (externe)<\/dt>\n<dd class=\"value\">258 mm<\/dd>\n<dt class=\"name\">Hauteur du colis<\/dt>\n<dd class=\"value\">139 mm<\/dd>\n<dt class=\"name\">Hauteur du r\u00e9cepteur<\/dt>\n<dd class=\"value\">1,44 cm<\/dd>\n<dt class=\"name\">Interface de l&rsquo;appareil<\/dt>\n<dd class=\"value\">RF sans fil<\/dd>\n<dt class=\"name\">Interface de r\u00e9ception sans fil<\/dt>\n<dd class=\"value\">USB Type-A<\/dd>\n<dt class=\"name\">Largeur<\/dt>\n<dd class=\"value\">71 mm<\/dd>\n<dt class=\"name\">Largeur du casier principal (externe)<\/dt>\n<dd class=\"value\">101 mm<\/dd>\n<dt class=\"name\">Largeur du colis<\/dt>\n<dd class=\"value\">50 mm<\/dd>\n<dt class=\"name\">Largeur du r\u00e9cepteur<\/dt>\n<dd class=\"value\">1,87 cm<\/dd>\n<dt class=\"name\">Longueur du casier principal (externe)<\/dt>\n<dd class=\"value\">407 mm<\/dd>\n<dt class=\"name\">Nombre de batteries prises en charge<\/dt>\n<dd class=\"value\">2<\/dd>\n<dt class=\"name\">Nombre de roulettes de d\u00e9filement<\/dt>\n<dd class=\"value\">1<\/dd>\n<dt class=\"name\">Piles fournies<\/dt>\n<dd class=\"value\">Oui<\/dd>\n<dt class=\"name\">Poids<\/dt>\n<dd class=\"value\">135 g<\/dd>\n<dt class=\"name\">Poids brut du casier principal (externe)<\/dt>\n<dd class=\"value\">2 kg<\/dd>\n<dt class=\"name\">Poids du paquet<\/dt>\n<dd class=\"value\">192,9 g<\/dd>\n<dt class=\"name\">Poids du r\u00e9cepteur<\/dt>\n<dd class=\"value\">1,8 g<\/dd>\n<dt class=\"name\">Port\u00e9e du routeur sans fil<\/dt>\n<dd class=\"value\">10 m<\/dd>\n<dt class=\"name\">Prise en charge d&rsquo;autres syst\u00e8mes d&rsquo;exploitation<\/dt>\n<dd class=\"value\">ChromeOS<\/dd>\n<dt class=\"name\">Prise en charge du syst\u00e8me d&rsquo;exploitation Linux<\/dt>\n<dd class=\"value\">Oui<\/dd>\n<dt class=\"name\">Prise en charge du syst\u00e8me d&rsquo;exploitation Mac<\/dt>\n<dd class=\"value\">Oui, MacOS<\/dd>\n<dt class=\"name\">Prise en charge du syst\u00e8me d&rsquo;exploitation Windows<\/dt>\n<dd class=\"value\">Oui<\/dd>\n<dt class=\"name\">Produits par conteneur multimodal (20ft)<\/dt>\n<dd class=\"value\">28170 pi\u00e8ce(s)<\/dd>\n<dt class=\"name\">Produits par conteneur multimodal (40ft)<\/dt>\n<dd class=\"value\">57870 pi\u00e8ce(s)<\/dd>\n<dt class=\"name\">Produits par palette<\/dt>\n<dd class=\"value\">1520 pi\u00e8ce(s)<\/dd>\n<dt class=\"name\">Profondeur<\/dt>\n<dd class=\"value\">109 mm<\/dd>\n<dt class=\"name\">Profondeur du colis<\/dt>\n<dd class=\"value\">91 mm<\/dd>\n<dt class=\"name\">Profondeur du r\u00e9cepteur<\/dt>\n<dd class=\"value\">6,1 mm<\/dd>\n<dt class=\"name\">Quantit\u00e9<\/dt>\n<dd class=\"value\">1 pi\u00e8ce(s)<\/dd>\n<dt class=\"name\">Quantit\u00e9 de boutons programmables<\/dt>\n<dd class=\"value\">7<\/dd>\n<dt class=\"name\">R\u00e9cepteur inclus<\/dt>\n<dd class=\"value\">Oui<\/dd>\n<dt class=\"name\">R\u00e9solution en mouvement<\/dt>\n<dd class=\"value\">1000 DPI<\/dd>\n<dt class=\"name\">Source d&rsquo;alimentation<\/dt>\n<dd class=\"value\">Piles<\/dd>\n<dt class=\"name\">Technologie batterie<\/dt>\n<dd class=\"value\">Alcaline<\/dd>\n<dt class=\"name\">Technologie de d\u00e9tecteur de mouvement<\/dt>\n<dd class=\"value\">Optique<\/dd>\n<dt class=\"name\">Type Scroll<\/dt>\n<dd class=\"value\">Roue<\/dd>\n<dt class=\"name\">Type de batterie<\/dt>\n<dd class=\"value\">AA<\/dd>\n<dt class=\"name\">Type de boutons<\/dt>\n<dd class=\"value\">Boutons poussoirs<\/dd>\n<dt class=\"name\">Type de r\u00e9cepteur<\/dt>\n<dd class=\"value\">R\u00e9cepteur nano<\/dd>\n<dt class=\"name\">Utilisation recommand\u00e9e<\/dt>\n<dd class=\"value\">Universel<\/dd>\n<dt class=\"name\">Utilit\u00e9<\/dt>\n<dd class=\"value\">Bureau<\/dd>\n<dt class=\"name\">Capacit\u00e9 de la batterie<\/dt>\n<dd class=\"value\">2000 mAh<\/dd>\n<dt class=\"name\">Certificats de durabilit\u00e9<\/dt>\n<dd class=\"value\">RoHS<\/dd>\n<dt class=\"name\">Capacit\u00e9 de puissance USB<\/dt>\n<dd class=\"value\">Non<\/dd>\n<dt class=\"name\">Guide de d\u00e9marrage rapide<\/dt>\n<dd class=\"value\">Oui<\/dd>\n<dt class=\"name\">Adaptateur secteur fourni<\/dt>\n<dd class=\"value\">Non<\/dd>\n<dt class=\"name\">Logiciel CD<\/dt>\n<dd class=\"value\">Oui<\/dd>\n<dt class=\"name\">Pays d&rsquo;origine<\/dt>\n<dd class=\"value\">Chine<\/dd>\n<dt class=\"name\">Boutons de souris programmables<\/dt>\n<dd class=\"value\">Oui<\/dd>\n<dt class=\"name\">Dur\u00e9e de vie de la batterie<\/dt>\n<dd class=\"value\">36 mois<\/dd>\n<dt class=\"name\">R\u00e9cepteur unificateur<\/dt>\n<dd class=\"value\">Oui<\/dd>\n<dt class=\"name\">Certificats de conformit\u00e9<\/dt>\n<dd class=\"value\">RoHS<\/dd>\n<dt class=\"name\">Port de charge USB de type C<\/dt>\n<dd class=\"value\">Non<\/dd>\n<\/dl>\n","protected":false},"excerpt":{"rendered":"<p><strong>\u2699\ufe0f Logitech : Le ma\u00eetre incontest\u00e9 des p\u00e9riph\u00e9riques<\/strong><\/p>\n<p>De la bureautique avanc\u00e9e \u00e0 l&rsquo;esport de haut niveau, Logitech propose des claviers, souris et casques d&rsquo;une pr\u00e9cision et d&rsquo;une fiabilit\u00e9 redoutables.<\/p>\n<ul>\n<li><strong>\ud83c\udfae Gamme G &amp; PRO :<\/strong> D\u00e9velopp\u00e9e avec les joueurs professionnels pour une latence z\u00e9ro (technologie Lightspeed) et des capteurs HERO in\u00e9gal\u00e9s.<\/li>\n<li><strong>\ud83d\udcbc Gamme MX :<\/strong> Le summum du confort, de l&rsquo;ergonomie et de la productivit\u00e9 pour les cr\u00e9ateurs et le t\u00e9l\u00e9travail.<\/li>\n<\/ul>\n","protected":false},"featured_media":11066,"template":"","meta":{"ocean_post_layout":"","ocean_both_sidebars_style":"","ocean_both_sidebars_content_width":0,"ocean_both_sidebars_sidebars_width":0,"ocean_sidebar":"0","ocean_second_sidebar":"0","ocean_disable_margins":"enable","ocean_add_body_class":"","ocean_shortcode_before_top_bar":"","ocean_shortcode_after_top_bar":"","ocean_shortcode_before_header":"","ocean_shortcode_after_header":"","ocean_has_shortcode":"","ocean_shortcode_after_title":"","ocean_shortcode_before_footer_widgets":"","ocean_shortcode_after_footer_widgets":"","ocean_shortcode_before_footer_bottom":"","ocean_shortcode_after_footer_bottom":"","ocean_display_top_bar":"default","ocean_display_header":"default","ocean_header_style":"","ocean_center_header_left_menu":"0","ocean_custom_header_template":"0","ocean_custom_logo":0,"ocean_custom_retina_logo":0,"ocean_custom_logo_max_width":0,"ocean_custom_logo_tablet_max_width":0,"ocean_custom_logo_mobile_max_width":0,"ocean_custom_logo_max_height":0,"ocean_custom_logo_tablet_max_height":0,"ocean_custom_logo_mobile_max_height":0,"ocean_header_custom_menu":"0","ocean_menu_typo_font_family":"0","ocean_menu_typo_font_subset":"","ocean_menu_typo_font_size":0,"ocean_menu_typo_font_size_tablet":0,"ocean_menu_typo_font_size_mobile":0,"ocean_menu_typo_font_size_unit":"px","ocean_menu_typo_font_weight":"","ocean_menu_typo_font_weight_tablet":"","ocean_menu_typo_font_weight_mobile":"","ocean_menu_typo_transform":"","ocean_menu_typo_transform_tablet":"","ocean_menu_typo_transform_mobile":"","ocean_menu_typo_line_height":0,"ocean_menu_typo_line_height_tablet":0,"ocean_menu_typo_line_height_mobile":0,"ocean_menu_typo_line_height_unit":"","ocean_menu_typo_spacing":0,"ocean_menu_typo_spacing_tablet":0,"ocean_menu_typo_spacing_mobile":0,"ocean_menu_typo_spacing_unit":"","ocean_menu_link_color":"","ocean_menu_link_color_hover":"","ocean_menu_link_color_active":"","ocean_menu_link_background":"","ocean_menu_link_hover_background":"","ocean_menu_link_active_background":"","ocean_menu_social_links_bg":"","ocean_menu_social_hover_links_bg":"","ocean_menu_social_links_color":"","ocean_menu_social_hover_links_color":"","ocean_disable_title":"default","ocean_disable_heading":"default","ocean_post_title":"","ocean_post_subheading":"","ocean_post_title_style":"","ocean_post_title_background_color":"","ocean_post_title_background":0,"ocean_post_title_bg_image_position":"","ocean_post_title_bg_image_attachment":"","ocean_post_title_bg_image_repeat":"","ocean_post_title_bg_image_size":"","ocean_post_title_height":0,"ocean_post_title_bg_overlay":0.5,"ocean_post_title_bg_overlay_color":"","ocean_disable_breadcrumbs":"default","ocean_breadcrumbs_color":"","ocean_breadcrumbs_separator_color":"","ocean_breadcrumbs_links_color":"","ocean_breadcrumbs_links_hover_color":"","ocean_display_footer_widgets":"default","ocean_display_footer_bottom":"default","ocean_custom_footer_template":"0"},"product_brand":[72],"product_cat":[50],"product_tag":[],"class_list":{"0":"post-11067","1":"product","2":"type-product","3":"status-publish","4":"has-post-thumbnail","6":"product_brand-logitech","7":"product_cat-souris","9":"entry","10":"has-media","12":"first","13":"instock","14":"taxable","15":"shipping-taxable","16":"purchasable","17":"product-type-simple","18":"has-product-nav","19":"col","20":"span_1_of_4","21":"owp-content-center","22":"owp-thumbs-layout-horizontal","23":"owp-btn-big","24":"owp-tabs-layout-horizontal","25":"has-no-thumbnails"},"yoast_head":"<!-- This site is optimized with the Yoast SEO plugin v27.3 - https:\/\/yoast.com\/product\/yoast-seo-wordpress\/ -->\n<title>LOGITECH MARATHON M705S - Epsilon PC<\/title>\n<meta name=\"robots\" content=\"index, follow, max-snippet:-1, max-image-preview:large, max-video-preview:-1\" \/>\n<link rel=\"canonical\" href=\"https:\/\/www.epsilon-pc.fr\/index.php\/produit\/logitech-marathon-m705-sans-fil-souris\/\" \/>\n<meta property=\"og:locale\" content=\"fr_FR\" \/>\n<meta property=\"og:type\" content=\"article\" \/>\n<meta property=\"og:title\" content=\"LOGITECH MARATHON M705S - Epsilon PC\" \/>\n<meta property=\"og:description\" content=\"\u2699\ufe0f Logitech : Le ma\u00eetre incontest\u00e9 des p\u00e9riph\u00e9riques  De la bureautique avanc\u00e9e \u00e0 l&#039;esport de haut niveau, Logitech propose des claviers, souris et casques d&#039;une pr\u00e9cision et d&#039;une fiabilit\u00e9 redoutables.   \ud83c\udfae Gamme G &amp; PRO : D\u00e9velopp\u00e9e avec les joueurs professionnels pour une latence z\u00e9ro (technologie Lightspeed) et des capteurs HERO in\u00e9gal\u00e9s.  \ud83d\udcbc Gamme MX : Le summum du confort, de l&#039;ergonomie et de la productivit\u00e9 pour les cr\u00e9ateurs et le t\u00e9l\u00e9travail.\" \/>\n<meta property=\"og:url\" content=\"https:\/\/www.epsilon-pc.fr\/index.php\/produit\/logitech-marathon-m705-sans-fil-souris\/\" \/>\n<meta property=\"og:site_name\" content=\"Epsilon PC\" \/>\n<meta property=\"article:modified_time\" content=\"2026-04-24T08:07:51+00:00\" \/>\n<meta property=\"og:image\" content=\"http:\/\/www.epsilon-pc.fr\/wp-content\/uploads\/2026\/04\/logitech-marathon-m705-sans-fil-souris-910-001949.jpg\" \/>\n\t<meta property=\"og:image:width\" content=\"800\" \/>\n\t<meta property=\"og:image:height\" content=\"800\" \/>\n\t<meta property=\"og:image:type\" content=\"image\/jpeg\" \/>\n<meta name=\"twitter:card\" content=\"summary_large_image\" \/>\n<meta name=\"twitter:label1\" content=\"Dur\u00e9e de lecture estim\u00e9e\" \/>\n\t<meta name=\"twitter:data1\" content=\"3 minutes\" \/>\n<script type=\"application\/ld+json\" class=\"yoast-schema-graph\">{\"@context\":\"https:\\\/\\\/schema.org\",\"@graph\":[{\"@type\":\"WebPage\",\"@id\":\"https:\\\/\\\/www.epsilon-pc.fr\\\/index.php\\\/produit\\\/logitech-marathon-m705-sans-fil-souris\\\/\",\"url\":\"https:\\\/\\\/www.epsilon-pc.fr\\\/index.php\\\/produit\\\/logitech-marathon-m705-sans-fil-souris\\\/\",\"name\":\"LOGITECH MARATHON M705S - Epsilon PC\",\"isPartOf\":{\"@id\":\"https:\\\/\\\/www.epsilon-pc.fr\\\/#website\"},\"primaryImageOfPage\":{\"@id\":\"https:\\\/\\\/www.epsilon-pc.fr\\\/index.php\\\/produit\\\/logitech-marathon-m705-sans-fil-souris\\\/#primaryimage\"},\"image\":{\"@id\":\"https:\\\/\\\/www.epsilon-pc.fr\\\/index.php\\\/produit\\\/logitech-marathon-m705-sans-fil-souris\\\/#primaryimage\"},\"thumbnailUrl\":\"https:\\\/\\\/www.epsilon-pc.fr\\\/wp-content\\\/uploads\\\/2026\\\/04\\\/logitech-marathon-m705-sans-fil-souris-910-001949.jpg\",\"datePublished\":\"2026-04-21T13:39:41+00:00\",\"dateModified\":\"2026-04-24T08:07:51+00:00\",\"breadcrumb\":{\"@id\":\"https:\\\/\\\/www.epsilon-pc.fr\\\/index.php\\\/produit\\\/logitech-marathon-m705-sans-fil-souris\\\/#breadcrumb\"},\"inLanguage\":\"fr-FR\",\"potentialAction\":[{\"@type\":\"ReadAction\",\"target\":[\"https:\\\/\\\/www.epsilon-pc.fr\\\/index.php\\\/produit\\\/logitech-marathon-m705-sans-fil-souris\\\/\"]}]},{\"@type\":\"ImageObject\",\"inLanguage\":\"fr-FR\",\"@id\":\"https:\\\/\\\/www.epsilon-pc.fr\\\/index.php\\\/produit\\\/logitech-marathon-m705-sans-fil-souris\\\/#primaryimage\",\"url\":\"https:\\\/\\\/www.epsilon-pc.fr\\\/wp-content\\\/uploads\\\/2026\\\/04\\\/logitech-marathon-m705-sans-fil-souris-910-001949.jpg\",\"contentUrl\":\"https:\\\/\\\/www.epsilon-pc.fr\\\/wp-content\\\/uploads\\\/2026\\\/04\\\/logitech-marathon-m705-sans-fil-souris-910-001949.jpg\",\"width\":800,\"height\":800},{\"@type\":\"BreadcrumbList\",\"@id\":\"https:\\\/\\\/www.epsilon-pc.fr\\\/index.php\\\/produit\\\/logitech-marathon-m705-sans-fil-souris\\\/#breadcrumb\",\"itemListElement\":[{\"@type\":\"ListItem\",\"position\":1,\"name\":\"Accueil\",\"item\":\"https:\\\/\\\/www.epsilon-pc.fr\\\/\"},{\"@type\":\"ListItem\",\"position\":2,\"name\":\"Boutique\",\"item\":\"https:\\\/\\\/www.epsilon-pc.fr\\\/index.php\\\/boutique\\\/\"},{\"@type\":\"ListItem\",\"position\":3,\"name\":\"LOGITECH MARATHON M705S\"}]},{\"@type\":\"WebSite\",\"@id\":\"https:\\\/\\\/www.epsilon-pc.fr\\\/#website\",\"url\":\"https:\\\/\\\/www.epsilon-pc.fr\\\/\",\"name\":\"Epsilon PC\",\"description\":\"\",\"publisher\":{\"@id\":\"https:\\\/\\\/www.epsilon-pc.fr\\\/#organization\"},\"potentialAction\":[{\"@type\":\"SearchAction\",\"target\":{\"@type\":\"EntryPoint\",\"urlTemplate\":\"https:\\\/\\\/www.epsilon-pc.fr\\\/?s={search_term_string}\"},\"query-input\":{\"@type\":\"PropertyValueSpecification\",\"valueRequired\":true,\"valueName\":\"search_term_string\"}}],\"inLanguage\":\"fr-FR\"},{\"@type\":\"Organization\",\"@id\":\"https:\\\/\\\/www.epsilon-pc.fr\\\/#organization\",\"name\":\"Epsilon PC\",\"url\":\"https:\\\/\\\/www.epsilon-pc.fr\\\/\",\"logo\":{\"@type\":\"ImageObject\",\"inLanguage\":\"fr-FR\",\"@id\":\"https:\\\/\\\/www.epsilon-pc.fr\\\/#\\\/schema\\\/logo\\\/image\\\/\",\"url\":\"https:\\\/\\\/www.epsilon-pc.fr\\\/wp-content\\\/uploads\\\/2026\\\/02\\\/cropped-LogoEpsi-1.bmp\",\"contentUrl\":\"https:\\\/\\\/www.epsilon-pc.fr\\\/wp-content\\\/uploads\\\/2026\\\/02\\\/cropped-LogoEpsi-1.bmp\",\"width\":191,\"height\":59,\"caption\":\"Epsilon PC\"},\"image\":{\"@id\":\"https:\\\/\\\/www.epsilon-pc.fr\\\/#\\\/schema\\\/logo\\\/image\\\/\"}}]}<\/script>\n<!-- \/ Yoast SEO plugin. -->","yoast_head_json":{"title":"LOGITECH MARATHON M705S - Epsilon PC","robots":{"index":"index","follow":"follow","max-snippet":"max-snippet:-1","max-image-preview":"max-image-preview:large","max-video-preview":"max-video-preview:-1"},"canonical":"https:\/\/www.epsilon-pc.fr\/index.php\/produit\/logitech-marathon-m705-sans-fil-souris\/","og_locale":"fr_FR","og_type":"article","og_title":"LOGITECH MARATHON M705S - Epsilon PC","og_description":"\u2699\ufe0f Logitech : Le ma\u00eetre incontest\u00e9 des p\u00e9riph\u00e9riques  De la bureautique avanc\u00e9e \u00e0 l'esport de haut niveau, Logitech propose des claviers, souris et casques d'une pr\u00e9cision et d'une fiabilit\u00e9 redoutables.   \ud83c\udfae Gamme G &amp; PRO : D\u00e9velopp\u00e9e avec les joueurs professionnels pour une latence z\u00e9ro (technologie Lightspeed) et des capteurs HERO in\u00e9gal\u00e9s.  \ud83d\udcbc Gamme MX : Le summum du confort, de l'ergonomie et de la productivit\u00e9 pour les cr\u00e9ateurs et le t\u00e9l\u00e9travail.","og_url":"https:\/\/www.epsilon-pc.fr\/index.php\/produit\/logitech-marathon-m705-sans-fil-souris\/","og_site_name":"Epsilon PC","article_modified_time":"2026-04-24T08:07:51+00:00","og_image":[{"width":800,"height":800,"url":"http:\/\/www.epsilon-pc.fr\/wp-content\/uploads\/2026\/04\/logitech-marathon-m705-sans-fil-souris-910-001949.jpg","type":"image\/jpeg"}],"twitter_card":"summary_large_image","twitter_misc":{"Dur\u00e9e de lecture estim\u00e9e":"3 minutes"},"schema":{"@context":"https:\/\/schema.org","@graph":[{"@type":"WebPage","@id":"https:\/\/www.epsilon-pc.fr\/index.php\/produit\/logitech-marathon-m705-sans-fil-souris\/","url":"https:\/\/www.epsilon-pc.fr\/index.php\/produit\/logitech-marathon-m705-sans-fil-souris\/","name":"LOGITECH MARATHON M705S - Epsilon PC","isPartOf":{"@id":"https:\/\/www.epsilon-pc.fr\/#website"},"primaryImageOfPage":{"@id":"https:\/\/www.epsilon-pc.fr\/index.php\/produit\/logitech-marathon-m705-sans-fil-souris\/#primaryimage"},"image":{"@id":"https:\/\/www.epsilon-pc.fr\/index.php\/produit\/logitech-marathon-m705-sans-fil-souris\/#primaryimage"},"thumbnailUrl":"https:\/\/www.epsilon-pc.fr\/wp-content\/uploads\/2026\/04\/logitech-marathon-m705-sans-fil-souris-910-001949.jpg","datePublished":"2026-04-21T13:39:41+00:00","dateModified":"2026-04-24T08:07:51+00:00","breadcrumb":{"@id":"https:\/\/www.epsilon-pc.fr\/index.php\/produit\/logitech-marathon-m705-sans-fil-souris\/#breadcrumb"},"inLanguage":"fr-FR","potentialAction":[{"@type":"ReadAction","target":["https:\/\/www.epsilon-pc.fr\/index.php\/produit\/logitech-marathon-m705-sans-fil-souris\/"]}]},{"@type":"ImageObject","inLanguage":"fr-FR","@id":"https:\/\/www.epsilon-pc.fr\/index.php\/produit\/logitech-marathon-m705-sans-fil-souris\/#primaryimage","url":"https:\/\/www.epsilon-pc.fr\/wp-content\/uploads\/2026\/04\/logitech-marathon-m705-sans-fil-souris-910-001949.jpg","contentUrl":"https:\/\/www.epsilon-pc.fr\/wp-content\/uploads\/2026\/04\/logitech-marathon-m705-sans-fil-souris-910-001949.jpg","width":800,"height":800},{"@type":"BreadcrumbList","@id":"https:\/\/www.epsilon-pc.fr\/index.php\/produit\/logitech-marathon-m705-sans-fil-souris\/#breadcrumb","itemListElement":[{"@type":"ListItem","position":1,"name":"Accueil","item":"https:\/\/www.epsilon-pc.fr\/"},{"@type":"ListItem","position":2,"name":"Boutique","item":"https:\/\/www.epsilon-pc.fr\/index.php\/boutique\/"},{"@type":"ListItem","position":3,"name":"LOGITECH MARATHON M705S"}]},{"@type":"WebSite","@id":"https:\/\/www.epsilon-pc.fr\/#website","url":"https:\/\/www.epsilon-pc.fr\/","name":"Epsilon PC","description":"","publisher":{"@id":"https:\/\/www.epsilon-pc.fr\/#organization"},"potentialAction":[{"@type":"SearchAction","target":{"@type":"EntryPoint","urlTemplate":"https:\/\/www.epsilon-pc.fr\/?s={search_term_string}"},"query-input":{"@type":"PropertyValueSpecification","valueRequired":true,"valueName":"search_term_string"}}],"inLanguage":"fr-FR"},{"@type":"Organization","@id":"https:\/\/www.epsilon-pc.fr\/#organization","name":"Epsilon PC","url":"https:\/\/www.epsilon-pc.fr\/","logo":{"@type":"ImageObject","inLanguage":"fr-FR","@id":"https:\/\/www.epsilon-pc.fr\/#\/schema\/logo\/image\/","url":"https:\/\/www.epsilon-pc.fr\/wp-content\/uploads\/2026\/02\/cropped-LogoEpsi-1.bmp","contentUrl":"https:\/\/www.epsilon-pc.fr\/wp-content\/uploads\/2026\/02\/cropped-LogoEpsi-1.bmp","width":191,"height":59,"caption":"Epsilon PC"},"image":{"@id":"https:\/\/www.epsilon-pc.fr\/#\/schema\/logo\/image\/"}}]}},"_links":{"self":[{"href":"https:\/\/www.epsilon-pc.fr\/index.php\/wp-json\/wp\/v2\/product\/11067","targetHints":{"allow":["GET"]}}],"collection":[{"href":"https:\/\/www.epsilon-pc.fr\/index.php\/wp-json\/wp\/v2\/product"}],"about":[{"href":"https:\/\/www.epsilon-pc.fr\/index.php\/wp-json\/wp\/v2\/types\/product"}],"wp:featuredmedia":[{"embeddable":true,"href":"https:\/\/www.epsilon-pc.fr\/index.php\/wp-json\/wp\/v2\/media\/11066"}],"wp:attachment":[{"href":"https:\/\/www.epsilon-pc.fr\/index.php\/wp-json\/wp\/v2\/media?parent=11067"}],"wp:term":[{"taxonomy":"product_brand","embeddable":true,"href":"https:\/\/www.epsilon-pc.fr\/index.php\/wp-json\/wp\/v2\/product_brand?post=11067"},{"taxonomy":"product_cat","embeddable":true,"href":"https:\/\/www.epsilon-pc.fr\/index.php\/wp-json\/wp\/v2\/product_cat?post=11067"},{"taxonomy":"product_tag","embeddable":true,"href":"https:\/\/www.epsilon-pc.fr\/index.php\/wp-json\/wp\/v2\/product_tag?post=11067"}],"curies":[{"name":"wp","href":"https:\/\/api.w.org\/{rel}","templated":true}]}}