{"id":10992,"date":"2026-04-15T10:43:02","date_gmt":"2026-04-15T08:43:02","guid":{"rendered":"https:\/\/www.epsilon-pc.fr\/index.php\/produit\/kingston-technology-fury-beast-16-go-5600-2\/"},"modified":"2026-04-15T10:45:15","modified_gmt":"2026-04-15T08:45:15","slug":"kingston-technology-fury-beast-16-go-5600-2","status":"publish","type":"product","link":"https:\/\/www.epsilon-pc.fr\/index.php\/produit\/kingston-technology-fury-beast-16-go-5600-2\/","title":{"rendered":"KINGSTON TECHNOLOGY FURY BEAST 16G (1X16G) DDR5 5600Mhz"},"content":{"rendered":"<p><b>Jusqu\u2019\u00e0 6\u00a0800\u00a0MT\/s<\/b><br \/>\nLa m\u00e9moire Kingston FURY\u2122 Beast DDR5 offre une vitesse, une capacit\u00e9 et une fiabilit\u00e9 exceptionnelles pour les plateformes gaming de nouvelle g\u00e9n\u00e9ration. Ses fonctionnalit\u00e9s am\u00e9lior\u00e9es telles que l\u2019ECC sur puce pour une meilleure stabilit\u00e9 et des doubles sous-canaux 32\u00a0bits pour plus d\u2019efficacit\u00e9 permettront d\u2019am\u00e9liorer les performances de ta machine. La Kingston FURY Beast DDR5 offre des sp\u00e9cifications d\u2019overclocking pour Intel\u00ae XMP 3.0 et AMD EXPO\u2122 avec des profils personnalisables pour les vitesses et les timings pour t\u2019aider \u00e0 tirer le meilleur parti de ton exp\u00e9rience de jeu, du livestream en 4K+, ou de tes projets d\u2019animation et de rendu 3D.<\/p>\n<p>La m\u00e9moire Kingston FURY\u2122 Beast DDR5 int\u00e8gre la toute derni\u00e8re technologie de pointe aux plateformes de jeu de nouvelle g\u00e9n\u00e9ration. Poussant la vitesse, la capacit\u00e9 et la fiabilit\u00e9 encore plus loin, la DDR5 arrive avec un arsenal de fonctionnalit\u00e9s am\u00e9lior\u00e9es, comme l\u2019ECC sur puce (ODECC) pour une meilleure stabilit\u00e9 \u00e0 des vitesses extr\u00eames, des sous-canaux 32\u00a0bits doubles pour une efficacit\u00e9 accrue, et un circuit int\u00e9gr\u00e9 de gestion de l\u2019\u00e9nergie sur le module (PMIC) pour fournir de l\u2019\u00e9nergie l\u00e0 o\u00f9 elle est le plus n\u00e9cessaire.<\/p>\n<p>Les progr\u00e8s en termes de vitesse, avec le doublement des banques de 16 \u00e0 32 et le doublement de la longueur des rafales de 8 \u00e0 16 permettent \u00e0 la m\u00e9moire DDR5 d\u2019atteindre un niveau de performance sup\u00e9rieur qui profite aux jeux et \u00e0 l\u2019ensemble des applications syst\u00e8me.<br \/>\nQu\u2019il s\u2019agisse de repousser les limites des jeux avec les param\u00e8tres les plus extr\u00eames, de faire du streaming en direct en 4K+ ou de diffuser de grandes animations et des rendus 3D, la m\u00e9moire Kingston FURY Beast DDR5 est l\u2019option id\u00e9ale qui combine style et performances.<\/p>\n<p>Avec des options Intel XMP 3.0 ou AMD EXPO, deux nouvelles sp\u00e9cifications d\u2019overclocking DDR5 qui comprennent des profils personnalisables pour les vitesses et les timings, la Kingston FURY Beast DDR5 g\u00e8re toutes les solutions d\u2019overclocking compatibles.<\/p>\n<p><b>Stabilit\u00e9 accrue pour l\u2019overclocking<\/b><br \/>\nL\u2019ECC sur puce (ODECC) permet de maintenir l\u2019int\u00e9grit\u00e9 des donn\u00e9es afin d\u2019obtenir des performances optimales tout en repoussant les limites\u00a0!<\/p>\n<p><b>Efficacit\u00e9 accrue<\/b><br \/>\nGr\u00e2ce au doublement des banques et de la longueur des rafales ainsi qu\u2019\u00e0 deux sous-canaux 32\u00a0bits ind\u00e9pendants, la gestion exceptionnelle des donn\u00e9es de la DDR5 excelle dans les jeux, programmes et applications les plus r\u00e9cents et les plus exigeants.<\/p>\n<p><b>Certifi\u00e9e Intel\u00ae XMP 3.0<\/b><br \/>\nTimings, vitesse et tension pr\u00e9-optimis\u00e9s avanc\u00e9s pour des performances overclocking, et sauvegarde de nouveaux profils personnalisables par l\u2019utilisateur gr\u00e2ce \u00e0 un PMIC programmable.<\/p>\n<p><b>Certification AMD EXPO<\/b><br \/>\nAMD EXPO (Extended Profiles for Overclocking) Les modules certifi\u00e9s incluent les profils Intel XMP\u00a03.0, ce qui permet une compatibilit\u00e9 avec la plateforme de votre choix.<\/p>\n<p><b>Qualifi\u00e9e par les plus grands fabricants de cartes m\u00e8res*<\/b><br \/>\nTest\u00e9e et approuv\u00e9e pour que tu puisses construire et mettre \u00e0 niveau en toute confiance en te reposant sur ta carte m\u00e8re pr\u00e9f\u00e9r\u00e9e.<\/p>\n<p><b>Dissipateur de chaleur compact<\/b><br \/>\nLes dissipateurs thermiques au nouveau design en noir ou blanc combinent un style audacieux et une fonctionnalit\u00e9 de refroidissement prodigieuse.<\/p>\n<dl class=\"data-sheet\">\n<dt class=\"name\">Hauteur<\/dt>\n<dd class=\"value\">34,9 mm<\/dd>\n<dt class=\"name\">Largeur<\/dt>\n<dd class=\"value\">6,62 mm<\/dd>\n<dt class=\"name\">Poids<\/dt>\n<dd class=\"value\">33,74 g<\/dd>\n<dt class=\"name\">Profondeur<\/dt>\n<dd class=\"value\">133,3 mm<\/dd>\n<dt class=\"name\">M\u00e9moire interne<\/dt>\n<dd class=\"value\">16 Go<\/dd>\n<dt class=\"name\">Type de m\u00e9moire interne<\/dt>\n<dd class=\"value\">DDR5<\/dd>\n<dt class=\"name\">Temp\u00e9rature d&rsquo;op\u00e9ration<\/dt>\n<dd class=\"value\">0 &#8211; 85 \u00b0C<\/dd>\n<dt class=\"name\">Type de refroidissement<\/dt>\n<dd class=\"value\">Radiateur<\/dd>\n<dt class=\"name\">ECC<\/dt>\n<dd class=\"value\">Non<\/dd>\n<dt class=\"name\">composant pour<\/dt>\n<dd class=\"value\">PC<\/dd>\n<dt class=\"name\">Temp\u00e9rature hors fonctionnement<\/dt>\n<dd class=\"value\">-55 &#8211; 100 \u00b0C<\/dd>\n<dt class=\"name\">Support de m\u00e9moire<\/dt>\n<dd class=\"value\">288-pin DIMM<\/dd>\n<dt class=\"name\">R\u00e9tro\u00e9clairage<\/dt>\n<dd class=\"value\">Non<\/dd>\n<dt class=\"name\">Pays d&rsquo;origine<\/dt>\n<dd class=\"value\">Chine, Ta\u00efwan<\/dd>\n<dt class=\"name\">Disposition de la m\u00e9moire (modules x dimensions)<\/dt>\n<dd class=\"value\">1 x 16 Go<\/dd>\n<dt class=\"name\">M\u00e9moire de tension<\/dt>\n<dd class=\"value\">1.25 V<\/dd>\n<dt class=\"name\">Type de m\u00e9moire mise en cache<\/dt>\n<dd class=\"value\">Unregistered (unbuffered)<\/dd>\n<dt class=\"name\">Produit par casier principal (externe)<\/dt>\n<dd class=\"value\">25 pi\u00e8ce(s)<\/dd>\n<dt class=\"name\">Latence CAS<\/dt>\n<dd class=\"value\">36<\/dd>\n<dt class=\"name\">On-Die ECC<\/dt>\n<dd class=\"value\">Oui<\/dd>\n<dt class=\"name\">Niveau de m\u00e9moire<\/dt>\n<dd class=\"value\">1<\/dd>\n<dt class=\"name\">Configuration de module<\/dt>\n<dd class=\"value\">2048M x 64<\/dd>\n<dt class=\"name\">Norme JEDEC<\/dt>\n<dd class=\"value\">Oui<\/dd>\n<dt class=\"name\">Placage en plomb<\/dt>\n<dd class=\"value\">Or<\/dd>\n<dt class=\"name\">Profil SPD<\/dt>\n<dd class=\"value\">Oui<\/dd>\n<dt class=\"name\">Profils \u00e9tendus d&rsquo;AMD pour l&rsquo;overclocking (EXPO)<\/dt>\n<dd class=\"value\">Oui<\/dd>\n<dt class=\"name\">Rayon de temps actif<\/dt>\n<dd class=\"value\">32 ns<\/dd>\n<dt class=\"name\">Refresh row cycle time (TRFC)<\/dt>\n<dd class=\"value\">295 ns<\/dd>\n<dt class=\"name\">Temps du cycle de la ligne (TRC)<\/dt>\n<dd class=\"value\">48 ns<\/dd>\n<dt class=\"name\">Tension de programmation (VPP)<\/dt>\n<dd class=\"value\">1,8 V<\/dd>\n<dt class=\"name\">Version des profils \u00e9tendus d&rsquo;AMD pour l&rsquo;overclocking (EXPO)<\/dt>\n<dd class=\"value\">1.0<\/dd>\n<dt class=\"name\">D\u00e9bit de transfert des donn\u00e9es de m\u00e9moire<\/dt>\n<dd class=\"value\">5600 MT\/s<\/dd>\n<\/dl>\n","protected":false},"excerpt":{"rendered":"<p><strong>\ud83d\ude80 Kingston : La performance m\u00e9moire sans compromis<\/strong><\/p>\n<p>Leader mondial incontest\u00e9, Kingston est la r\u00e9f\u00e9rence absolue pour booster la r\u00e9activit\u00e9 de votre syst\u00e8me. Reconnue pour sa fiabilit\u00e9 l\u00e9gendaire et ses tests de qualit\u00e9 rigoureux, la marque propose des solutions adapt\u00e9es \u00e0 chaque profil :<\/p>\n<ul>\n<li><strong>\u26a1 Kingston FURY (Renegade, Beast, Impact) :<\/strong> La puissance pure pour le gaming et l&rsquo;overclocking, avec un design agressif et des fr\u00e9quences de pointe.<\/li>\n<li><strong>\ud83d\udee1\ufe0f Gamme Standard (ValueRAM) :<\/strong> La stabilit\u00e9 et la compatibilit\u00e9 garanties pour la bureautique et les mises \u00e0 jour syst\u00e8me au meilleur prix.<\/li>\n<\/ul>\n","protected":false},"featured_media":10991,"template":"","meta":{"ocean_post_layout":"","ocean_both_sidebars_style":"","ocean_both_sidebars_content_width":0,"ocean_both_sidebars_sidebars_width":0,"ocean_sidebar":"0","ocean_second_sidebar":"0","ocean_disable_margins":"enable","ocean_add_body_class":"","ocean_shortcode_before_top_bar":"","ocean_shortcode_after_top_bar":"","ocean_shortcode_before_header":"","ocean_shortcode_after_header":"","ocean_has_shortcode":"","ocean_shortcode_after_title":"","ocean_shortcode_before_footer_widgets":"","ocean_shortcode_after_footer_widgets":"","ocean_shortcode_before_footer_bottom":"","ocean_shortcode_after_footer_bottom":"","ocean_display_top_bar":"default","ocean_display_header":"default","ocean_header_style":"","ocean_center_header_left_menu":"0","ocean_custom_header_template":"0","ocean_custom_logo":0,"ocean_custom_retina_logo":0,"ocean_custom_logo_max_width":0,"ocean_custom_logo_tablet_max_width":0,"ocean_custom_logo_mobile_max_width":0,"ocean_custom_logo_max_height":0,"ocean_custom_logo_tablet_max_height":0,"ocean_custom_logo_mobile_max_height":0,"ocean_header_custom_menu":"0","ocean_menu_typo_font_family":"0","ocean_menu_typo_font_subset":"","ocean_menu_typo_font_size":0,"ocean_menu_typo_font_size_tablet":0,"ocean_menu_typo_font_size_mobile":0,"ocean_menu_typo_font_size_unit":"px","ocean_menu_typo_font_weight":"","ocean_menu_typo_font_weight_tablet":"","ocean_menu_typo_font_weight_mobile":"","ocean_menu_typo_transform":"","ocean_menu_typo_transform_tablet":"","ocean_menu_typo_transform_mobile":"","ocean_menu_typo_line_height":0,"ocean_menu_typo_line_height_tablet":0,"ocean_menu_typo_line_height_mobile":0,"ocean_menu_typo_line_height_unit":"","ocean_menu_typo_spacing":0,"ocean_menu_typo_spacing_tablet":0,"ocean_menu_typo_spacing_mobile":0,"ocean_menu_typo_spacing_unit":"","ocean_menu_link_color":"","ocean_menu_link_color_hover":"","ocean_menu_link_color_active":"","ocean_menu_link_background":"","ocean_menu_link_hover_background":"","ocean_menu_link_active_background":"","ocean_menu_social_links_bg":"","ocean_menu_social_hover_links_bg":"","ocean_menu_social_links_color":"","ocean_menu_social_hover_links_color":"","ocean_disable_title":"default","ocean_disable_heading":"default","ocean_post_title":"","ocean_post_subheading":"","ocean_post_title_style":"","ocean_post_title_background_color":"","ocean_post_title_background":0,"ocean_post_title_bg_image_position":"","ocean_post_title_bg_image_attachment":"","ocean_post_title_bg_image_repeat":"","ocean_post_title_bg_image_size":"","ocean_post_title_height":0,"ocean_post_title_bg_overlay":0.5,"ocean_post_title_bg_overlay_color":"","ocean_disable_breadcrumbs":"default","ocean_breadcrumbs_color":"","ocean_breadcrumbs_separator_color":"","ocean_breadcrumbs_links_color":"","ocean_breadcrumbs_links_hover_color":"","ocean_display_footer_widgets":"default","ocean_display_footer_bottom":"default","ocean_custom_footer_template":"0"},"product_brand":[54],"product_cat":[38],"product_tag":[],"class_list":{"0":"post-10992","1":"product","2":"type-product","3":"status-publish","4":"has-post-thumbnail","6":"product_brand-kingston","7":"product_cat-ddr5","9":"entry","10":"has-media","12":"first","13":"instock","14":"taxable","15":"shipping-taxable","16":"purchasable","17":"product-type-simple","18":"has-product-nav","19":"col","20":"span_1_of_4","21":"owp-content-center","22":"owp-thumbs-layout-horizontal","23":"owp-btn-big","24":"owp-tabs-layout-horizontal","25":"has-no-thumbnails"},"yoast_head":"<!-- This site is optimized with the Yoast SEO plugin v27.3 - https:\/\/yoast.com\/product\/yoast-seo-wordpress\/ -->\n<title>KINGSTON TECHNOLOGY FURY BEAST 16G (1X16G) DDR5 5600Mhz - Epsilon PC<\/title>\n<meta name=\"robots\" content=\"index, follow, max-snippet:-1, max-image-preview:large, max-video-preview:-1\" \/>\n<link rel=\"canonical\" href=\"https:\/\/www.epsilon-pc.fr\/index.php\/produit\/kingston-technology-fury-beast-16-go-5600-2\/\" \/>\n<meta property=\"og:locale\" content=\"fr_FR\" \/>\n<meta property=\"og:type\" content=\"article\" \/>\n<meta property=\"og:title\" content=\"KINGSTON TECHNOLOGY FURY BEAST 16G (1X16G) DDR5 5600Mhz - Epsilon PC\" \/>\n<meta property=\"og:description\" content=\"\ud83d\ude80 Kingston : La performance m\u00e9moire sans compromis  Leader mondial incontest\u00e9, Kingston est la r\u00e9f\u00e9rence absolue pour booster la r\u00e9activit\u00e9 de votre syst\u00e8me. Reconnue pour sa fiabilit\u00e9 l\u00e9gendaire et ses tests de qualit\u00e9 rigoureux, la marque propose des solutions adapt\u00e9es \u00e0 chaque profil :   \u26a1 Kingston FURY (Renegade, Beast, Impact) : La puissance pure pour le gaming et l&#039;overclocking, avec un design agressif et des fr\u00e9quences de pointe.  \ud83d\udee1\ufe0f Gamme Standard (ValueRAM) : La stabilit\u00e9 et la compatibilit\u00e9 garanties pour la bureautique et les mises \u00e0 jour syst\u00e8me au meilleur prix.\" \/>\n<meta property=\"og:url\" content=\"https:\/\/www.epsilon-pc.fr\/index.php\/produit\/kingston-technology-fury-beast-16-go-5600-2\/\" \/>\n<meta property=\"og:site_name\" content=\"Epsilon PC\" \/>\n<meta property=\"article:modified_time\" content=\"2026-04-15T08:45:15+00:00\" \/>\n<meta property=\"og:image\" content=\"http:\/\/www.epsilon-pc.fr\/wp-content\/uploads\/2026\/04\/kingston-16g-1x16g-d5-5600mhz-fury-beast-black-expokf556c36bbe-16.jpg\" \/>\n\t<meta property=\"og:image:width\" content=\"800\" \/>\n\t<meta property=\"og:image:height\" content=\"800\" \/>\n\t<meta property=\"og:image:type\" content=\"image\/jpeg\" \/>\n<meta name=\"twitter:card\" content=\"summary_large_image\" \/>\n<meta name=\"twitter:label1\" content=\"Dur\u00e9e de lecture estim\u00e9e\" \/>\n\t<meta name=\"twitter:data1\" content=\"4 minutes\" \/>\n<script type=\"application\/ld+json\" class=\"yoast-schema-graph\">{\"@context\":\"https:\\\/\\\/schema.org\",\"@graph\":[{\"@type\":\"WebPage\",\"@id\":\"https:\\\/\\\/www.epsilon-pc.fr\\\/index.php\\\/produit\\\/kingston-technology-fury-beast-16-go-5600-2\\\/\",\"url\":\"https:\\\/\\\/www.epsilon-pc.fr\\\/index.php\\\/produit\\\/kingston-technology-fury-beast-16-go-5600-2\\\/\",\"name\":\"KINGSTON TECHNOLOGY FURY BEAST 16G (1X16G) DDR5 5600Mhz - Epsilon PC\",\"isPartOf\":{\"@id\":\"https:\\\/\\\/www.epsilon-pc.fr\\\/#website\"},\"primaryImageOfPage\":{\"@id\":\"https:\\\/\\\/www.epsilon-pc.fr\\\/index.php\\\/produit\\\/kingston-technology-fury-beast-16-go-5600-2\\\/#primaryimage\"},\"image\":{\"@id\":\"https:\\\/\\\/www.epsilon-pc.fr\\\/index.php\\\/produit\\\/kingston-technology-fury-beast-16-go-5600-2\\\/#primaryimage\"},\"thumbnailUrl\":\"https:\\\/\\\/www.epsilon-pc.fr\\\/wp-content\\\/uploads\\\/2026\\\/04\\\/kingston-16g-1x16g-d5-5600mhz-fury-beast-black-expokf556c36bbe-16.jpg\",\"datePublished\":\"2026-04-15T08:43:02+00:00\",\"dateModified\":\"2026-04-15T08:45:15+00:00\",\"breadcrumb\":{\"@id\":\"https:\\\/\\\/www.epsilon-pc.fr\\\/index.php\\\/produit\\\/kingston-technology-fury-beast-16-go-5600-2\\\/#breadcrumb\"},\"inLanguage\":\"fr-FR\",\"potentialAction\":[{\"@type\":\"ReadAction\",\"target\":[\"https:\\\/\\\/www.epsilon-pc.fr\\\/index.php\\\/produit\\\/kingston-technology-fury-beast-16-go-5600-2\\\/\"]}]},{\"@type\":\"ImageObject\",\"inLanguage\":\"fr-FR\",\"@id\":\"https:\\\/\\\/www.epsilon-pc.fr\\\/index.php\\\/produit\\\/kingston-technology-fury-beast-16-go-5600-2\\\/#primaryimage\",\"url\":\"https:\\\/\\\/www.epsilon-pc.fr\\\/wp-content\\\/uploads\\\/2026\\\/04\\\/kingston-16g-1x16g-d5-5600mhz-fury-beast-black-expokf556c36bbe-16.jpg\",\"contentUrl\":\"https:\\\/\\\/www.epsilon-pc.fr\\\/wp-content\\\/uploads\\\/2026\\\/04\\\/kingston-16g-1x16g-d5-5600mhz-fury-beast-black-expokf556c36bbe-16.jpg\",\"width\":800,\"height\":800},{\"@type\":\"BreadcrumbList\",\"@id\":\"https:\\\/\\\/www.epsilon-pc.fr\\\/index.php\\\/produit\\\/kingston-technology-fury-beast-16-go-5600-2\\\/#breadcrumb\",\"itemListElement\":[{\"@type\":\"ListItem\",\"position\":1,\"name\":\"Accueil\",\"item\":\"https:\\\/\\\/www.epsilon-pc.fr\\\/\"},{\"@type\":\"ListItem\",\"position\":2,\"name\":\"Boutique\",\"item\":\"https:\\\/\\\/www.epsilon-pc.fr\\\/index.php\\\/boutique\\\/\"},{\"@type\":\"ListItem\",\"position\":3,\"name\":\"KINGSTON TECHNOLOGY FURY BEAST 16G (1X16G) DDR5 5600Mhz\"}]},{\"@type\":\"WebSite\",\"@id\":\"https:\\\/\\\/www.epsilon-pc.fr\\\/#website\",\"url\":\"https:\\\/\\\/www.epsilon-pc.fr\\\/\",\"name\":\"Epsilon PC\",\"description\":\"\",\"publisher\":{\"@id\":\"https:\\\/\\\/www.epsilon-pc.fr\\\/#organization\"},\"potentialAction\":[{\"@type\":\"SearchAction\",\"target\":{\"@type\":\"EntryPoint\",\"urlTemplate\":\"https:\\\/\\\/www.epsilon-pc.fr\\\/?s={search_term_string}\"},\"query-input\":{\"@type\":\"PropertyValueSpecification\",\"valueRequired\":true,\"valueName\":\"search_term_string\"}}],\"inLanguage\":\"fr-FR\"},{\"@type\":\"Organization\",\"@id\":\"https:\\\/\\\/www.epsilon-pc.fr\\\/#organization\",\"name\":\"Epsilon PC\",\"url\":\"https:\\\/\\\/www.epsilon-pc.fr\\\/\",\"logo\":{\"@type\":\"ImageObject\",\"inLanguage\":\"fr-FR\",\"@id\":\"https:\\\/\\\/www.epsilon-pc.fr\\\/#\\\/schema\\\/logo\\\/image\\\/\",\"url\":\"https:\\\/\\\/www.epsilon-pc.fr\\\/wp-content\\\/uploads\\\/2026\\\/02\\\/cropped-LogoEpsi-1.bmp\",\"contentUrl\":\"https:\\\/\\\/www.epsilon-pc.fr\\\/wp-content\\\/uploads\\\/2026\\\/02\\\/cropped-LogoEpsi-1.bmp\",\"width\":191,\"height\":59,\"caption\":\"Epsilon PC\"},\"image\":{\"@id\":\"https:\\\/\\\/www.epsilon-pc.fr\\\/#\\\/schema\\\/logo\\\/image\\\/\"}}]}<\/script>\n<!-- \/ Yoast SEO plugin. -->","yoast_head_json":{"title":"KINGSTON TECHNOLOGY FURY BEAST 16G (1X16G) DDR5 5600Mhz - Epsilon PC","robots":{"index":"index","follow":"follow","max-snippet":"max-snippet:-1","max-image-preview":"max-image-preview:large","max-video-preview":"max-video-preview:-1"},"canonical":"https:\/\/www.epsilon-pc.fr\/index.php\/produit\/kingston-technology-fury-beast-16-go-5600-2\/","og_locale":"fr_FR","og_type":"article","og_title":"KINGSTON TECHNOLOGY FURY BEAST 16G (1X16G) DDR5 5600Mhz - Epsilon PC","og_description":"\ud83d\ude80 Kingston : La performance m\u00e9moire sans compromis  Leader mondial incontest\u00e9, Kingston est la r\u00e9f\u00e9rence absolue pour booster la r\u00e9activit\u00e9 de votre syst\u00e8me. Reconnue pour sa fiabilit\u00e9 l\u00e9gendaire et ses tests de qualit\u00e9 rigoureux, la marque propose des solutions adapt\u00e9es \u00e0 chaque profil :   \u26a1 Kingston FURY (Renegade, Beast, Impact) : La puissance pure pour le gaming et l'overclocking, avec un design agressif et des fr\u00e9quences de pointe.  \ud83d\udee1\ufe0f Gamme Standard (ValueRAM) : La stabilit\u00e9 et la compatibilit\u00e9 garanties pour la bureautique et les mises \u00e0 jour syst\u00e8me au meilleur prix.","og_url":"https:\/\/www.epsilon-pc.fr\/index.php\/produit\/kingston-technology-fury-beast-16-go-5600-2\/","og_site_name":"Epsilon PC","article_modified_time":"2026-04-15T08:45:15+00:00","og_image":[{"width":800,"height":800,"url":"http:\/\/www.epsilon-pc.fr\/wp-content\/uploads\/2026\/04\/kingston-16g-1x16g-d5-5600mhz-fury-beast-black-expokf556c36bbe-16.jpg","type":"image\/jpeg"}],"twitter_card":"summary_large_image","twitter_misc":{"Dur\u00e9e de lecture estim\u00e9e":"4 minutes"},"schema":{"@context":"https:\/\/schema.org","@graph":[{"@type":"WebPage","@id":"https:\/\/www.epsilon-pc.fr\/index.php\/produit\/kingston-technology-fury-beast-16-go-5600-2\/","url":"https:\/\/www.epsilon-pc.fr\/index.php\/produit\/kingston-technology-fury-beast-16-go-5600-2\/","name":"KINGSTON TECHNOLOGY FURY BEAST 16G (1X16G) DDR5 5600Mhz - Epsilon PC","isPartOf":{"@id":"https:\/\/www.epsilon-pc.fr\/#website"},"primaryImageOfPage":{"@id":"https:\/\/www.epsilon-pc.fr\/index.php\/produit\/kingston-technology-fury-beast-16-go-5600-2\/#primaryimage"},"image":{"@id":"https:\/\/www.epsilon-pc.fr\/index.php\/produit\/kingston-technology-fury-beast-16-go-5600-2\/#primaryimage"},"thumbnailUrl":"https:\/\/www.epsilon-pc.fr\/wp-content\/uploads\/2026\/04\/kingston-16g-1x16g-d5-5600mhz-fury-beast-black-expokf556c36bbe-16.jpg","datePublished":"2026-04-15T08:43:02+00:00","dateModified":"2026-04-15T08:45:15+00:00","breadcrumb":{"@id":"https:\/\/www.epsilon-pc.fr\/index.php\/produit\/kingston-technology-fury-beast-16-go-5600-2\/#breadcrumb"},"inLanguage":"fr-FR","potentialAction":[{"@type":"ReadAction","target":["https:\/\/www.epsilon-pc.fr\/index.php\/produit\/kingston-technology-fury-beast-16-go-5600-2\/"]}]},{"@type":"ImageObject","inLanguage":"fr-FR","@id":"https:\/\/www.epsilon-pc.fr\/index.php\/produit\/kingston-technology-fury-beast-16-go-5600-2\/#primaryimage","url":"https:\/\/www.epsilon-pc.fr\/wp-content\/uploads\/2026\/04\/kingston-16g-1x16g-d5-5600mhz-fury-beast-black-expokf556c36bbe-16.jpg","contentUrl":"https:\/\/www.epsilon-pc.fr\/wp-content\/uploads\/2026\/04\/kingston-16g-1x16g-d5-5600mhz-fury-beast-black-expokf556c36bbe-16.jpg","width":800,"height":800},{"@type":"BreadcrumbList","@id":"https:\/\/www.epsilon-pc.fr\/index.php\/produit\/kingston-technology-fury-beast-16-go-5600-2\/#breadcrumb","itemListElement":[{"@type":"ListItem","position":1,"name":"Accueil","item":"https:\/\/www.epsilon-pc.fr\/"},{"@type":"ListItem","position":2,"name":"Boutique","item":"https:\/\/www.epsilon-pc.fr\/index.php\/boutique\/"},{"@type":"ListItem","position":3,"name":"KINGSTON TECHNOLOGY FURY BEAST 16G (1X16G) DDR5 5600Mhz"}]},{"@type":"WebSite","@id":"https:\/\/www.epsilon-pc.fr\/#website","url":"https:\/\/www.epsilon-pc.fr\/","name":"Epsilon PC","description":"","publisher":{"@id":"https:\/\/www.epsilon-pc.fr\/#organization"},"potentialAction":[{"@type":"SearchAction","target":{"@type":"EntryPoint","urlTemplate":"https:\/\/www.epsilon-pc.fr\/?s={search_term_string}"},"query-input":{"@type":"PropertyValueSpecification","valueRequired":true,"valueName":"search_term_string"}}],"inLanguage":"fr-FR"},{"@type":"Organization","@id":"https:\/\/www.epsilon-pc.fr\/#organization","name":"Epsilon PC","url":"https:\/\/www.epsilon-pc.fr\/","logo":{"@type":"ImageObject","inLanguage":"fr-FR","@id":"https:\/\/www.epsilon-pc.fr\/#\/schema\/logo\/image\/","url":"https:\/\/www.epsilon-pc.fr\/wp-content\/uploads\/2026\/02\/cropped-LogoEpsi-1.bmp","contentUrl":"https:\/\/www.epsilon-pc.fr\/wp-content\/uploads\/2026\/02\/cropped-LogoEpsi-1.bmp","width":191,"height":59,"caption":"Epsilon PC"},"image":{"@id":"https:\/\/www.epsilon-pc.fr\/#\/schema\/logo\/image\/"}}]}},"_links":{"self":[{"href":"https:\/\/www.epsilon-pc.fr\/index.php\/wp-json\/wp\/v2\/product\/10992","targetHints":{"allow":["GET"]}}],"collection":[{"href":"https:\/\/www.epsilon-pc.fr\/index.php\/wp-json\/wp\/v2\/product"}],"about":[{"href":"https:\/\/www.epsilon-pc.fr\/index.php\/wp-json\/wp\/v2\/types\/product"}],"wp:featuredmedia":[{"embeddable":true,"href":"https:\/\/www.epsilon-pc.fr\/index.php\/wp-json\/wp\/v2\/media\/10991"}],"wp:attachment":[{"href":"https:\/\/www.epsilon-pc.fr\/index.php\/wp-json\/wp\/v2\/media?parent=10992"}],"wp:term":[{"taxonomy":"product_brand","embeddable":true,"href":"https:\/\/www.epsilon-pc.fr\/index.php\/wp-json\/wp\/v2\/product_brand?post=10992"},{"taxonomy":"product_cat","embeddable":true,"href":"https:\/\/www.epsilon-pc.fr\/index.php\/wp-json\/wp\/v2\/product_cat?post=10992"},{"taxonomy":"product_tag","embeddable":true,"href":"https:\/\/www.epsilon-pc.fr\/index.php\/wp-json\/wp\/v2\/product_tag?post=10992"}],"curies":[{"name":"wp","href":"https:\/\/api.w.org\/{rel}","templated":true}]}}