{"id":10977,"date":"2026-04-14T14:29:37","date_gmt":"2026-04-14T12:29:37","guid":{"rendered":"https:\/\/www.epsilon-pc.fr\/index.php\/produit\/synology-diskstation-ds124-serveur-de\/"},"modified":"2026-04-24T10:08:02","modified_gmt":"2026-04-24T08:08:02","slug":"synology-diskstation-ds124-serveur-de","status":"publish","type":"product","link":"https:\/\/www.epsilon-pc.fr\/index.php\/produit\/synology-diskstation-ds124-serveur-de\/","title":{"rendered":"SYNOLOGY DISKSTATION DS124"},"content":{"rendered":"<dl class=\"data-sheet\">\n<dt class=\"name\">Couleur du produit<\/dt>\n<dd class=\"value\">Noir<\/dd>\n<dt class=\"name\">Hauteur<\/dt>\n<dd class=\"value\">166 mm<\/dd>\n<dt class=\"name\">Largeur<\/dt>\n<dd class=\"value\">71 mm<\/dd>\n<dt class=\"name\">Poids<\/dt>\n<dd class=\"value\">700 g<\/dd>\n<dt class=\"name\">Profondeur<\/dt>\n<dd class=\"value\">224 mm<\/dd>\n<dt class=\"name\">Quantit\u00e9 de ports de type A USB 3.2 Gen 1 (3.1 Gen 1)<\/dt>\n<dd class=\"value\">2<\/dd>\n<dt class=\"name\">Type<\/dt>\n<dd class=\"value\">NAS<\/dd>\n<dt class=\"name\">Ethernet\/LAN<\/dt>\n<dd class=\"value\">Oui<\/dd>\n<dt class=\"name\">Fabricant de processeur<\/dt>\n<dd class=\"value\">Realtek<\/dd>\n<dt class=\"name\">Famille de processeur<\/dt>\n<dd class=\"value\">Realtek<\/dd>\n<dt class=\"name\">LAN Ethernet : taux de transfert des donn\u00e9es<\/dt>\n<dd class=\"value\">1000 Mbit\/s<\/dd>\n<dt class=\"name\">Mod\u00e8le de processeur<\/dt>\n<dd class=\"value\">RTD1619B<\/dd>\n<dt class=\"name\">M\u00e9moire interne<\/dt>\n<dd class=\"value\">1 Go<\/dd>\n<dt class=\"name\">Nombre de port ethernet LAN (RJ-45)<\/dt>\n<dd class=\"value\">1<\/dd>\n<dt class=\"name\">Syst\u00e8me d&rsquo;exploitation install\u00e9<\/dt>\n<dd class=\"value\">DiskStation Manager<\/dd>\n<dt class=\"name\">Type de m\u00e9moire interne<\/dt>\n<dd class=\"value\">DDR4<\/dd>\n<dt class=\"name\">Humidit\u00e9 relative de fonctionnement (H-H)<\/dt>\n<dd class=\"value\">9 &#8211; 80%<\/dd>\n<dt class=\"name\">Port USB<\/dt>\n<dd class=\"value\">Oui<\/dd>\n<dt class=\"name\">Temp\u00e9rature d&rsquo;op\u00e9ration<\/dt>\n<dd class=\"value\">0 &#8211; 40 \u00b0C<\/dd>\n<dt class=\"name\">Bouton marche\/arr\u00eat int\u00e9gr\u00e9<\/dt>\n<dd class=\"value\">Oui<\/dd>\n<dt class=\"name\">Diam\u00e8tre du ventilateur<\/dt>\n<dd class=\"value\">6 cm<\/dd>\n<dt class=\"name\">Nombre de ventilateurs<\/dt>\n<dd class=\"value\">1 ventilateur(s)<\/dd>\n<dt class=\"name\">Tension d&rsquo;entr\u00e9e AC<\/dt>\n<dd class=\"value\">100 &#8211; 240 V<\/dd>\n<dt class=\"name\">Type de refroidissement<\/dt>\n<dd class=\"value\">Actif<\/dd>\n<dt class=\"name\">Types de lecteurs de stockage pris en charge<\/dt>\n<dd class=\"value\">HDD &amp; SSD<\/dd>\n<dt class=\"name\">Temp\u00e9rature hors fonctionnement<\/dt>\n<dd class=\"value\">-20 &#8211; 60 \u00b0C<\/dd>\n<dt class=\"name\">Fr\u00e9quence d&rsquo;entr\u00e9e AC<\/dt>\n<dd class=\"value\">50 &#8211; 60 Hz<\/dd>\n<dt class=\"name\">Voyants<\/dt>\n<dd class=\"value\">Oui<\/dd>\n<dt class=\"name\">Fr\u00e9quence du processeur<\/dt>\n<dd class=\"value\">1,7 GHz<\/dd>\n<dt class=\"name\">Altitude de fonctionnement<\/dt>\n<dd class=\"value\">0 &#8211; 5000 m<\/dd>\n<dt class=\"name\">Taux d&rsquo;humidit\u00e9 relative (stockage)<\/dt>\n<dd class=\"value\">5 &#8211; 95%<\/dd>\n<dt class=\"name\">Type de ch\u00e2ssis<\/dt>\n<dd class=\"value\">Bureau<\/dd>\n<dt class=\"name\">Bouton de r\u00e9initialisation<\/dt>\n<dd class=\"value\">Oui<\/dd>\n<dt class=\"name\">Gestion bas\u00e9e sur le web<\/dt>\n<dd class=\"value\">Oui<\/dd>\n<dt class=\"name\">Nombre d&rsquo;unit\u00e9s de stockage pris en charge<\/dt>\n<dd class=\"value\">1<\/dd>\n<dt class=\"name\">Taille de l&rsquo;unit\u00e9 de stockage<\/dt>\n<dd class=\"value\">2.5\/3.5&Prime;<\/dd>\n<dt class=\"name\">Protocoles r\u00e9seau pris en charge<\/dt>\n<dd class=\"value\">SMB, AFP, NFS, FTP, WebDAV, CalDAV, iSCSI, Telnet, SSH, SNMP, and VPN (PPTP, OpenVPN\u2122, L2TP)<\/dd>\n<dt class=\"name\">Classe de dispositif<\/dt>\n<dd class=\"value\">PME<\/dd>\n<dt class=\"name\">Emplacement d&rsquo;alimentation<\/dt>\n<dd class=\"value\">Externe<\/dd>\n<dt class=\"name\">Fonction de sauvegarde<\/dt>\n<dd class=\"value\">Oui<\/dd>\n<dt class=\"name\">Fonctions de sauvegarde<\/dt>\n<dd class=\"value\">iSCSI LUN<\/dd>\n<dt class=\"name\">Lecteurs de stockage install\u00e9s<\/dt>\n<dd class=\"value\">Non<\/dd>\n<dt class=\"name\">Liste de contr\u00f4le d&rsquo;acc\u00e8s (ACL)<\/dt>\n<dd class=\"value\">Oui<\/dd>\n<dt class=\"name\">Navigateurs support\u00e9s<\/dt>\n<dd class=\"value\">Google Chrome, Firefox, Microsoft Edge, Safari 14 and later, and Safari (iOS 14.0 and later) on iPad, Chrome<\/dd>\n<dt class=\"name\">Support iSCSI<\/dt>\n<dd class=\"value\">Oui<\/dd>\n<dt class=\"name\">Support multilingue<\/dt>\n<dd class=\"value\">Oui<\/dd>\n<dt class=\"name\">Syst\u00e8mes de fichiers pris en charge<\/dt>\n<dd class=\"value\">BTRFS, FAT32, HFS+, NTFS, exFAT, ext3, ext4<\/dd>\n<dt class=\"name\">Type de lecteur de stockage install\u00e9<\/dt>\n<dd class=\"value\">Non<\/dd>\n<dt class=\"name\">Wake-on-LAN pr\u00eat<\/dt>\n<dd class=\"value\">Oui<\/dd>\n<dt class=\"name\">D&rsquo;interface pour unit\u00e9 de stockage<\/dt>\n<dd class=\"value\">SATA<\/dd>\n<dt class=\"name\">Capacit\u00e9 totale du stockage install\u00e9<\/dt>\n<dd class=\"value\">0 To<\/dd>\n<dt class=\"name\">Capacit\u00e9 de stockage maximum prise en charge<\/dt>\n<dd class=\"value\">108 To<\/dd>\n<\/dl>\n","protected":false},"excerpt":{"rendered":"<p><strong>\ud83c\udfe2 Synology : L&rsquo;\u00e9cosyst\u00e8me NAS par excellence<\/strong><\/p>\n<p>R\u00e9f\u00e9rence mondiale des serveurs NAS, Synology propose \u00e9galement ses propres disques durs et SSD d&rsquo;entreprise, con\u00e7us pour une int\u00e9gration et une fiabilit\u00e9 parfaites au sein de ses propres syst\u00e8mes.<\/p>\n<ul>\n<li><strong>\ud83d\udcbe Disques HAT &amp; SAT :<\/strong> L&rsquo;endurance absolue et une validation rigoureuse pour fonctionner 24\/7 dans votre serveur de stockage.<\/li>\n<\/ul>\n","protected":false},"featured_media":10976,"template":"","meta":{"ocean_post_layout":"","ocean_both_sidebars_style":"","ocean_both_sidebars_content_width":0,"ocean_both_sidebars_sidebars_width":0,"ocean_sidebar":"0","ocean_second_sidebar":"0","ocean_disable_margins":"enable","ocean_add_body_class":"","ocean_shortcode_before_top_bar":"","ocean_shortcode_after_top_bar":"","ocean_shortcode_before_header":"","ocean_shortcode_after_header":"","ocean_has_shortcode":"","ocean_shortcode_after_title":"","ocean_shortcode_before_footer_widgets":"","ocean_shortcode_after_footer_widgets":"","ocean_shortcode_before_footer_bottom":"","ocean_shortcode_after_footer_bottom":"","ocean_display_top_bar":"default","ocean_display_header":"default","ocean_header_style":"","ocean_center_header_left_menu":"0","ocean_custom_header_template":"0","ocean_custom_logo":0,"ocean_custom_retina_logo":0,"ocean_custom_logo_max_width":0,"ocean_custom_logo_tablet_max_width":0,"ocean_custom_logo_mobile_max_width":0,"ocean_custom_logo_max_height":0,"ocean_custom_logo_tablet_max_height":0,"ocean_custom_logo_mobile_max_height":0,"ocean_header_custom_menu":"0","ocean_menu_typo_font_family":"0","ocean_menu_typo_font_subset":"","ocean_menu_typo_font_size":0,"ocean_menu_typo_font_size_tablet":0,"ocean_menu_typo_font_size_mobile":0,"ocean_menu_typo_font_size_unit":"px","ocean_menu_typo_font_weight":"","ocean_menu_typo_font_weight_tablet":"","ocean_menu_typo_font_weight_mobile":"","ocean_menu_typo_transform":"","ocean_menu_typo_transform_tablet":"","ocean_menu_typo_transform_mobile":"","ocean_menu_typo_line_height":0,"ocean_menu_typo_line_height_tablet":0,"ocean_menu_typo_line_height_mobile":0,"ocean_menu_typo_line_height_unit":"","ocean_menu_typo_spacing":0,"ocean_menu_typo_spacing_tablet":0,"ocean_menu_typo_spacing_mobile":0,"ocean_menu_typo_spacing_unit":"","ocean_menu_link_color":"","ocean_menu_link_color_hover":"","ocean_menu_link_color_active":"","ocean_menu_link_background":"","ocean_menu_link_hover_background":"","ocean_menu_link_active_background":"","ocean_menu_social_links_bg":"","ocean_menu_social_hover_links_bg":"","ocean_menu_social_links_color":"","ocean_menu_social_hover_links_color":"","ocean_disable_title":"default","ocean_disable_heading":"default","ocean_post_title":"","ocean_post_subheading":"","ocean_post_title_style":"","ocean_post_title_background_color":"","ocean_post_title_background":0,"ocean_post_title_bg_image_position":"","ocean_post_title_bg_image_attachment":"","ocean_post_title_bg_image_repeat":"","ocean_post_title_bg_image_size":"","ocean_post_title_height":0,"ocean_post_title_bg_overlay":0.5,"ocean_post_title_bg_overlay_color":"","ocean_disable_breadcrumbs":"default","ocean_breadcrumbs_color":"","ocean_breadcrumbs_separator_color":"","ocean_breadcrumbs_links_color":"","ocean_breadcrumbs_links_hover_color":"","ocean_display_footer_widgets":"default","ocean_display_footer_bottom":"default","ocean_custom_footer_template":"0"},"product_brand":[63],"product_cat":[37],"product_tag":[],"class_list":{"0":"post-10977","1":"product","2":"type-product","3":"status-publish","4":"has-post-thumbnail","6":"product_brand-synology","7":"product_cat-stockage","9":"entry","10":"has-media","12":"first","13":"outofstock","14":"taxable","15":"shipping-taxable","16":"purchasable","17":"product-type-simple","18":"has-product-nav","19":"col","20":"span_1_of_4","21":"owp-content-center","22":"owp-thumbs-layout-horizontal","23":"owp-btn-big","24":"owp-tabs-layout-horizontal","25":"has-no-thumbnails"},"yoast_head":"<!-- This site is optimized with the Yoast SEO plugin v27.3 - https:\/\/yoast.com\/product\/yoast-seo-wordpress\/ -->\n<title>SYNOLOGY DISKSTATION DS124 - Epsilon PC<\/title>\n<meta name=\"robots\" content=\"index, follow, max-snippet:-1, max-image-preview:large, max-video-preview:-1\" \/>\n<link rel=\"canonical\" href=\"https:\/\/www.epsilon-pc.fr\/index.php\/produit\/synology-diskstation-ds124-serveur-de\/\" \/>\n<meta property=\"og:locale\" content=\"fr_FR\" \/>\n<meta property=\"og:type\" content=\"article\" \/>\n<meta property=\"og:title\" content=\"SYNOLOGY DISKSTATION DS124 - Epsilon PC\" \/>\n<meta property=\"og:description\" content=\"\ud83c\udfe2 Synology : L&#039;\u00e9cosyst\u00e8me NAS par excellence  R\u00e9f\u00e9rence mondiale des serveurs NAS, Synology propose \u00e9galement ses propres disques durs et SSD d&#039;entreprise, con\u00e7us pour une int\u00e9gration et une fiabilit\u00e9 parfaites au sein de ses propres syst\u00e8mes.   \ud83d\udcbe Disques HAT &amp; SAT : L&#039;endurance absolue et une validation rigoureuse pour fonctionner 24\/7 dans votre serveur de stockage.\" \/>\n<meta property=\"og:url\" content=\"https:\/\/www.epsilon-pc.fr\/index.php\/produit\/synology-diskstation-ds124-serveur-de\/\" \/>\n<meta property=\"og:site_name\" content=\"Epsilon PC\" \/>\n<meta property=\"article:modified_time\" content=\"2026-04-24T08:08:02+00:00\" \/>\n<meta property=\"og:image\" content=\"http:\/\/www.epsilon-pc.fr\/wp-content\/uploads\/2026\/04\/synology-ds124-nas-1-baie.jpg\" \/>\n\t<meta property=\"og:image:width\" content=\"800\" \/>\n\t<meta property=\"og:image:height\" content=\"800\" \/>\n\t<meta property=\"og:image:type\" content=\"image\/jpeg\" \/>\n<meta name=\"twitter:card\" content=\"summary_large_image\" \/>\n<meta name=\"twitter:label1\" content=\"Dur\u00e9e de lecture estim\u00e9e\" \/>\n\t<meta name=\"twitter:data1\" content=\"2 minutes\" \/>\n<script type=\"application\/ld+json\" class=\"yoast-schema-graph\">{\"@context\":\"https:\\\/\\\/schema.org\",\"@graph\":[{\"@type\":\"WebPage\",\"@id\":\"https:\\\/\\\/www.epsilon-pc.fr\\\/index.php\\\/produit\\\/synology-diskstation-ds124-serveur-de\\\/\",\"url\":\"https:\\\/\\\/www.epsilon-pc.fr\\\/index.php\\\/produit\\\/synology-diskstation-ds124-serveur-de\\\/\",\"name\":\"SYNOLOGY DISKSTATION DS124 - Epsilon PC\",\"isPartOf\":{\"@id\":\"https:\\\/\\\/www.epsilon-pc.fr\\\/#website\"},\"primaryImageOfPage\":{\"@id\":\"https:\\\/\\\/www.epsilon-pc.fr\\\/index.php\\\/produit\\\/synology-diskstation-ds124-serveur-de\\\/#primaryimage\"},\"image\":{\"@id\":\"https:\\\/\\\/www.epsilon-pc.fr\\\/index.php\\\/produit\\\/synology-diskstation-ds124-serveur-de\\\/#primaryimage\"},\"thumbnailUrl\":\"https:\\\/\\\/www.epsilon-pc.fr\\\/wp-content\\\/uploads\\\/2026\\\/04\\\/synology-ds124-nas-1-baie.jpg\",\"datePublished\":\"2026-04-14T12:29:37+00:00\",\"dateModified\":\"2026-04-24T08:08:02+00:00\",\"breadcrumb\":{\"@id\":\"https:\\\/\\\/www.epsilon-pc.fr\\\/index.php\\\/produit\\\/synology-diskstation-ds124-serveur-de\\\/#breadcrumb\"},\"inLanguage\":\"fr-FR\",\"potentialAction\":[{\"@type\":\"ReadAction\",\"target\":[\"https:\\\/\\\/www.epsilon-pc.fr\\\/index.php\\\/produit\\\/synology-diskstation-ds124-serveur-de\\\/\"]}]},{\"@type\":\"ImageObject\",\"inLanguage\":\"fr-FR\",\"@id\":\"https:\\\/\\\/www.epsilon-pc.fr\\\/index.php\\\/produit\\\/synology-diskstation-ds124-serveur-de\\\/#primaryimage\",\"url\":\"https:\\\/\\\/www.epsilon-pc.fr\\\/wp-content\\\/uploads\\\/2026\\\/04\\\/synology-ds124-nas-1-baie.jpg\",\"contentUrl\":\"https:\\\/\\\/www.epsilon-pc.fr\\\/wp-content\\\/uploads\\\/2026\\\/04\\\/synology-ds124-nas-1-baie.jpg\",\"width\":800,\"height\":800},{\"@type\":\"BreadcrumbList\",\"@id\":\"https:\\\/\\\/www.epsilon-pc.fr\\\/index.php\\\/produit\\\/synology-diskstation-ds124-serveur-de\\\/#breadcrumb\",\"itemListElement\":[{\"@type\":\"ListItem\",\"position\":1,\"name\":\"Accueil\",\"item\":\"https:\\\/\\\/www.epsilon-pc.fr\\\/\"},{\"@type\":\"ListItem\",\"position\":2,\"name\":\"Boutique\",\"item\":\"https:\\\/\\\/www.epsilon-pc.fr\\\/index.php\\\/boutique\\\/\"},{\"@type\":\"ListItem\",\"position\":3,\"name\":\"SYNOLOGY DISKSTATION DS124\"}]},{\"@type\":\"WebSite\",\"@id\":\"https:\\\/\\\/www.epsilon-pc.fr\\\/#website\",\"url\":\"https:\\\/\\\/www.epsilon-pc.fr\\\/\",\"name\":\"Epsilon PC\",\"description\":\"\",\"publisher\":{\"@id\":\"https:\\\/\\\/www.epsilon-pc.fr\\\/#organization\"},\"potentialAction\":[{\"@type\":\"SearchAction\",\"target\":{\"@type\":\"EntryPoint\",\"urlTemplate\":\"https:\\\/\\\/www.epsilon-pc.fr\\\/?s={search_term_string}\"},\"query-input\":{\"@type\":\"PropertyValueSpecification\",\"valueRequired\":true,\"valueName\":\"search_term_string\"}}],\"inLanguage\":\"fr-FR\"},{\"@type\":\"Organization\",\"@id\":\"https:\\\/\\\/www.epsilon-pc.fr\\\/#organization\",\"name\":\"Epsilon PC\",\"url\":\"https:\\\/\\\/www.epsilon-pc.fr\\\/\",\"logo\":{\"@type\":\"ImageObject\",\"inLanguage\":\"fr-FR\",\"@id\":\"https:\\\/\\\/www.epsilon-pc.fr\\\/#\\\/schema\\\/logo\\\/image\\\/\",\"url\":\"https:\\\/\\\/www.epsilon-pc.fr\\\/wp-content\\\/uploads\\\/2026\\\/02\\\/cropped-LogoEpsi-1.bmp\",\"contentUrl\":\"https:\\\/\\\/www.epsilon-pc.fr\\\/wp-content\\\/uploads\\\/2026\\\/02\\\/cropped-LogoEpsi-1.bmp\",\"width\":191,\"height\":59,\"caption\":\"Epsilon PC\"},\"image\":{\"@id\":\"https:\\\/\\\/www.epsilon-pc.fr\\\/#\\\/schema\\\/logo\\\/image\\\/\"}}]}<\/script>\n<!-- \/ Yoast SEO plugin. -->","yoast_head_json":{"title":"SYNOLOGY DISKSTATION DS124 - Epsilon PC","robots":{"index":"index","follow":"follow","max-snippet":"max-snippet:-1","max-image-preview":"max-image-preview:large","max-video-preview":"max-video-preview:-1"},"canonical":"https:\/\/www.epsilon-pc.fr\/index.php\/produit\/synology-diskstation-ds124-serveur-de\/","og_locale":"fr_FR","og_type":"article","og_title":"SYNOLOGY DISKSTATION DS124 - Epsilon PC","og_description":"\ud83c\udfe2 Synology : L'\u00e9cosyst\u00e8me NAS par excellence  R\u00e9f\u00e9rence mondiale des serveurs NAS, Synology propose \u00e9galement ses propres disques durs et SSD d'entreprise, con\u00e7us pour une int\u00e9gration et une fiabilit\u00e9 parfaites au sein de ses propres syst\u00e8mes.   \ud83d\udcbe Disques HAT &amp; SAT : L'endurance absolue et une validation rigoureuse pour fonctionner 24\/7 dans votre serveur de stockage.","og_url":"https:\/\/www.epsilon-pc.fr\/index.php\/produit\/synology-diskstation-ds124-serveur-de\/","og_site_name":"Epsilon PC","article_modified_time":"2026-04-24T08:08:02+00:00","og_image":[{"width":800,"height":800,"url":"http:\/\/www.epsilon-pc.fr\/wp-content\/uploads\/2026\/04\/synology-ds124-nas-1-baie.jpg","type":"image\/jpeg"}],"twitter_card":"summary_large_image","twitter_misc":{"Dur\u00e9e de lecture estim\u00e9e":"2 minutes"},"schema":{"@context":"https:\/\/schema.org","@graph":[{"@type":"WebPage","@id":"https:\/\/www.epsilon-pc.fr\/index.php\/produit\/synology-diskstation-ds124-serveur-de\/","url":"https:\/\/www.epsilon-pc.fr\/index.php\/produit\/synology-diskstation-ds124-serveur-de\/","name":"SYNOLOGY DISKSTATION DS124 - Epsilon PC","isPartOf":{"@id":"https:\/\/www.epsilon-pc.fr\/#website"},"primaryImageOfPage":{"@id":"https:\/\/www.epsilon-pc.fr\/index.php\/produit\/synology-diskstation-ds124-serveur-de\/#primaryimage"},"image":{"@id":"https:\/\/www.epsilon-pc.fr\/index.php\/produit\/synology-diskstation-ds124-serveur-de\/#primaryimage"},"thumbnailUrl":"https:\/\/www.epsilon-pc.fr\/wp-content\/uploads\/2026\/04\/synology-ds124-nas-1-baie.jpg","datePublished":"2026-04-14T12:29:37+00:00","dateModified":"2026-04-24T08:08:02+00:00","breadcrumb":{"@id":"https:\/\/www.epsilon-pc.fr\/index.php\/produit\/synology-diskstation-ds124-serveur-de\/#breadcrumb"},"inLanguage":"fr-FR","potentialAction":[{"@type":"ReadAction","target":["https:\/\/www.epsilon-pc.fr\/index.php\/produit\/synology-diskstation-ds124-serveur-de\/"]}]},{"@type":"ImageObject","inLanguage":"fr-FR","@id":"https:\/\/www.epsilon-pc.fr\/index.php\/produit\/synology-diskstation-ds124-serveur-de\/#primaryimage","url":"https:\/\/www.epsilon-pc.fr\/wp-content\/uploads\/2026\/04\/synology-ds124-nas-1-baie.jpg","contentUrl":"https:\/\/www.epsilon-pc.fr\/wp-content\/uploads\/2026\/04\/synology-ds124-nas-1-baie.jpg","width":800,"height":800},{"@type":"BreadcrumbList","@id":"https:\/\/www.epsilon-pc.fr\/index.php\/produit\/synology-diskstation-ds124-serveur-de\/#breadcrumb","itemListElement":[{"@type":"ListItem","position":1,"name":"Accueil","item":"https:\/\/www.epsilon-pc.fr\/"},{"@type":"ListItem","position":2,"name":"Boutique","item":"https:\/\/www.epsilon-pc.fr\/index.php\/boutique\/"},{"@type":"ListItem","position":3,"name":"SYNOLOGY DISKSTATION DS124"}]},{"@type":"WebSite","@id":"https:\/\/www.epsilon-pc.fr\/#website","url":"https:\/\/www.epsilon-pc.fr\/","name":"Epsilon PC","description":"","publisher":{"@id":"https:\/\/www.epsilon-pc.fr\/#organization"},"potentialAction":[{"@type":"SearchAction","target":{"@type":"EntryPoint","urlTemplate":"https:\/\/www.epsilon-pc.fr\/?s={search_term_string}"},"query-input":{"@type":"PropertyValueSpecification","valueRequired":true,"valueName":"search_term_string"}}],"inLanguage":"fr-FR"},{"@type":"Organization","@id":"https:\/\/www.epsilon-pc.fr\/#organization","name":"Epsilon PC","url":"https:\/\/www.epsilon-pc.fr\/","logo":{"@type":"ImageObject","inLanguage":"fr-FR","@id":"https:\/\/www.epsilon-pc.fr\/#\/schema\/logo\/image\/","url":"https:\/\/www.epsilon-pc.fr\/wp-content\/uploads\/2026\/02\/cropped-LogoEpsi-1.bmp","contentUrl":"https:\/\/www.epsilon-pc.fr\/wp-content\/uploads\/2026\/02\/cropped-LogoEpsi-1.bmp","width":191,"height":59,"caption":"Epsilon PC"},"image":{"@id":"https:\/\/www.epsilon-pc.fr\/#\/schema\/logo\/image\/"}}]}},"_links":{"self":[{"href":"https:\/\/www.epsilon-pc.fr\/index.php\/wp-json\/wp\/v2\/product\/10977","targetHints":{"allow":["GET"]}}],"collection":[{"href":"https:\/\/www.epsilon-pc.fr\/index.php\/wp-json\/wp\/v2\/product"}],"about":[{"href":"https:\/\/www.epsilon-pc.fr\/index.php\/wp-json\/wp\/v2\/types\/product"}],"wp:featuredmedia":[{"embeddable":true,"href":"https:\/\/www.epsilon-pc.fr\/index.php\/wp-json\/wp\/v2\/media\/10976"}],"wp:attachment":[{"href":"https:\/\/www.epsilon-pc.fr\/index.php\/wp-json\/wp\/v2\/media?parent=10977"}],"wp:term":[{"taxonomy":"product_brand","embeddable":true,"href":"https:\/\/www.epsilon-pc.fr\/index.php\/wp-json\/wp\/v2\/product_brand?post=10977"},{"taxonomy":"product_cat","embeddable":true,"href":"https:\/\/www.epsilon-pc.fr\/index.php\/wp-json\/wp\/v2\/product_cat?post=10977"},{"taxonomy":"product_tag","embeddable":true,"href":"https:\/\/www.epsilon-pc.fr\/index.php\/wp-json\/wp\/v2\/product_tag?post=10977"}],"curies":[{"name":"wp","href":"https:\/\/api.w.org\/{rel}","templated":true}]}}