{"id":10962,"date":"2026-04-11T09:48:15","date_gmt":"2026-04-11T07:48:15","guid":{"rendered":"https:\/\/www.epsilon-pc.fr\/index.php\/produit\/crucial-ct32g64c52cu5-module-de-memoire-32\/"},"modified":"2026-04-11T10:04:56","modified_gmt":"2026-04-11T08:04:56","slug":"crucial-ct32g64c52cu5-module-de-memoire-32","status":"publish","type":"product","link":"https:\/\/www.epsilon-pc.fr\/index.php\/produit\/crucial-ct32g64c52cu5-module-de-memoire-32\/","title":{"rendered":"CRUCIAL CT32G64C52CU5 32G (1X32G) DDR5 6400Mhz"},"content":{"rendered":"<p><b>CUDIMM et CSODIMM Crucial<br \/>\nM\u00e9moire DDR5 nouvelle g\u00e9n\u00e9ration<br \/>\nplus rapide<br \/>\nPrise en charge nouvelle g\u00e9n\u00e9ration des PC IA avec la m\u00e9moire DDR5 Crucial CUDIMM et CSODIMM<\/b><br \/>\nD\u00e9couvrez la m\u00e9moire DDR5 Crucial CUDIMM et CSODIMM1, con\u00e7ue pour am\u00e9liorer votre exp\u00e9rience informatique avec des vitesses JEDEC allant jusqu\u2019\u00e0 6 400 MT\/s, soit deux fois plus que la DDR42. Ce nouveau format est dot\u00e9 d\u2019un pilote d\u2019horloge directement sur le module pour une vitesse stable, des t\u00e9l\u00e9chargements plus rapides et des fr\u00e9quences de rafra\u00eechissement plus \u00e9lev\u00e9es.<\/p>\n<p><b>Prise en charge DDR5<br \/>\nnouvelle g\u00e9n\u00e9ration<br \/>\npour les PC IA<\/b><\/p>\n<p><b>B\u00e9n\u00e9ficiez imm\u00e9diatement d\u2019une vitesse de 6 400 MT\/s<\/b><br \/>\n6 400 MHz : jusqu\u2019\u00e0 2 fois plus rapide que la DDR4<br \/>\nT\u00e9l\u00e9chargements et fr\u00e9quences de rafra\u00eechissement plus rapides<\/p>\n<p><b>Con\u00e7ue pour les processeurs de nouvelle g\u00e9n\u00e9ration<\/b><br \/>\nCompatible avec les processeurs Intel\u00ae Core\u2122 Ultra (s\u00e9rie 2)<br \/>\nDes performances boost\u00e9es sur-le-champ<\/p>\n<p><b>Mettez vos performances \u00e0 niveau pour une exp\u00e9rience plus fluide<\/b><br \/>\nDonnez \u00e0 votre PC IA de quoi lib\u00e9rer sa puissance<br \/>\nAugmentez la productivit\u00e9 et les performances<\/p>\n<p><b>L\u2019innovation Micron prend une longueur d\u2019avance<\/b><br \/>\nIng\u00e9nierie de pointe et tests rigoureux<br \/>\nMicron, c\u2019est 45 ans d\u2019expertise en mati\u00e8re de m\u00e9moire<\/p>\n<dl class=\"data-sheet\">\n<dt class=\"name\">Couleur du produit<\/dt>\n<dd class=\"value\">Noir<\/dd>\n<dt class=\"name\">M\u00e9moire interne<\/dt>\n<dd class=\"value\">32 Go<\/dd>\n<dt class=\"name\">Type de m\u00e9moire interne<\/dt>\n<dd class=\"value\">DDR5<\/dd>\n<dt class=\"name\">ECC<\/dt>\n<dd class=\"value\">Non<\/dd>\n<dt class=\"name\">composant pour<\/dt>\n<dd class=\"value\">PC<\/dd>\n<dt class=\"name\">Support de m\u00e9moire<\/dt>\n<dd class=\"value\">288-pin DIMM<\/dd>\n<dt class=\"name\">Ne contient pas<\/dt>\n<dd class=\"value\">Cadmium, Plomb, Mercure<\/dd>\n<dt class=\"name\">R\u00e9tro\u00e9clairage<\/dt>\n<dd class=\"value\">Non<\/dd>\n<dt class=\"name\">Disposition de la m\u00e9moire (modules x dimensions)<\/dt>\n<dd class=\"value\">1 x 32 Go<\/dd>\n<dt class=\"name\">M\u00e9moire de tension<\/dt>\n<dd class=\"value\">1.1 V<\/dd>\n<dt class=\"name\">Type de m\u00e9moire mise en cache<\/dt>\n<dd class=\"value\">Unregistered (unbuffered)<\/dd>\n<dt class=\"name\">Latence CAS<\/dt>\n<dd class=\"value\">52<\/dd>\n<dt class=\"name\">On-Die ECC<\/dt>\n<dd class=\"value\">Oui<\/dd>\n<dt class=\"name\">Norme JEDEC<\/dt>\n<dd class=\"value\">Oui<\/dd>\n<dt class=\"name\">D\u00e9bit de transfert des donn\u00e9es de m\u00e9moire<\/dt>\n<dd class=\"value\">6400 MT\/s<\/dd>\n<dt class=\"name\">Certificats de conformit\u00e9<\/dt>\n<dd class=\"value\">CE, RoHS Chine, REACH, RoHS, UKCA<\/dd>\n<\/dl>\n","protected":false},"excerpt":{"rendered":"<p><strong>\ud83d\udee1\ufe0f Crucial : La fiabilit\u00e9 \u00e0 toute \u00e9preuve par Micron<\/strong><\/p>\n<p>En tant que marque de Micron, l&rsquo;un des plus grands fabricants de m\u00e9moire au monde, Crucial vous garantit une qualit\u00e9 de fabrication irr\u00e9prochable directement \u00e0 la source. Que ce soit pour redonner vie \u00e0 un ancien PC ou monter une station de travail robuste, c&rsquo;est le choix de la tranquillit\u00e9 d&rsquo;esprit.<\/p>\n<ul>\n<li><strong>\ud83d\udcbc Crucial Pro :<\/strong> Con\u00e7ue pour les professionnels, les cr\u00e9ateurs et les joueurs, alliant un dissipateur thermique \u00e9l\u00e9gant et des performances plug-and-play redoutables.<\/li>\n<li><strong>\u2705 Gamme Standard :<\/strong> La solution parfaite et \u00e9conomique pour augmenter la r\u00e9activit\u00e9 de votre syst\u00e8me au quotidien avec une compatibilit\u00e9 universelle.<\/li>\n<\/ul>\n","protected":false},"featured_media":10961,"template":"","meta":{"ocean_post_layout":"","ocean_both_sidebars_style":"","ocean_both_sidebars_content_width":0,"ocean_both_sidebars_sidebars_width":0,"ocean_sidebar":"0","ocean_second_sidebar":"0","ocean_disable_margins":"enable","ocean_add_body_class":"","ocean_shortcode_before_top_bar":"","ocean_shortcode_after_top_bar":"","ocean_shortcode_before_header":"","ocean_shortcode_after_header":"","ocean_has_shortcode":"","ocean_shortcode_after_title":"","ocean_shortcode_before_footer_widgets":"","ocean_shortcode_after_footer_widgets":"","ocean_shortcode_before_footer_bottom":"","ocean_shortcode_after_footer_bottom":"","ocean_display_top_bar":"default","ocean_display_header":"default","ocean_header_style":"","ocean_center_header_left_menu":"0","ocean_custom_header_template":"0","ocean_custom_logo":0,"ocean_custom_retina_logo":0,"ocean_custom_logo_max_width":0,"ocean_custom_logo_tablet_max_width":0,"ocean_custom_logo_mobile_max_width":0,"ocean_custom_logo_max_height":0,"ocean_custom_logo_tablet_max_height":0,"ocean_custom_logo_mobile_max_height":0,"ocean_header_custom_menu":"0","ocean_menu_typo_font_family":"0","ocean_menu_typo_font_subset":"","ocean_menu_typo_font_size":0,"ocean_menu_typo_font_size_tablet":0,"ocean_menu_typo_font_size_mobile":0,"ocean_menu_typo_font_size_unit":"px","ocean_menu_typo_font_weight":"","ocean_menu_typo_font_weight_tablet":"","ocean_menu_typo_font_weight_mobile":"","ocean_menu_typo_transform":"","ocean_menu_typo_transform_tablet":"","ocean_menu_typo_transform_mobile":"","ocean_menu_typo_line_height":0,"ocean_menu_typo_line_height_tablet":0,"ocean_menu_typo_line_height_mobile":0,"ocean_menu_typo_line_height_unit":"","ocean_menu_typo_spacing":0,"ocean_menu_typo_spacing_tablet":0,"ocean_menu_typo_spacing_mobile":0,"ocean_menu_typo_spacing_unit":"","ocean_menu_link_color":"","ocean_menu_link_color_hover":"","ocean_menu_link_color_active":"","ocean_menu_link_background":"","ocean_menu_link_hover_background":"","ocean_menu_link_active_background":"","ocean_menu_social_links_bg":"","ocean_menu_social_hover_links_bg":"","ocean_menu_social_links_color":"","ocean_menu_social_hover_links_color":"","ocean_disable_title":"default","ocean_disable_heading":"default","ocean_post_title":"","ocean_post_subheading":"","ocean_post_title_style":"","ocean_post_title_background_color":"","ocean_post_title_background":0,"ocean_post_title_bg_image_position":"","ocean_post_title_bg_image_attachment":"","ocean_post_title_bg_image_repeat":"","ocean_post_title_bg_image_size":"","ocean_post_title_height":0,"ocean_post_title_bg_overlay":0.5,"ocean_post_title_bg_overlay_color":"","ocean_disable_breadcrumbs":"default","ocean_breadcrumbs_color":"","ocean_breadcrumbs_separator_color":"","ocean_breadcrumbs_links_color":"","ocean_breadcrumbs_links_hover_color":"","ocean_display_footer_widgets":"default","ocean_display_footer_bottom":"default","ocean_custom_footer_template":"0"},"product_brand":[53],"product_cat":[38],"product_tag":[],"class_list":{"0":"post-10962","1":"product","2":"type-product","3":"status-publish","4":"has-post-thumbnail","6":"product_brand-crucial","7":"product_cat-ddr5","9":"entry","10":"has-media","12":"first","13":"instock","14":"taxable","15":"shipping-taxable","16":"purchasable","17":"product-type-simple","18":"has-product-nav","19":"col","20":"span_1_of_4","21":"owp-content-center","22":"owp-thumbs-layout-horizontal","23":"owp-btn-big","24":"owp-tabs-layout-horizontal","25":"has-no-thumbnails"},"yoast_head":"<!-- This site is optimized with the Yoast SEO plugin v27.3 - https:\/\/yoast.com\/product\/yoast-seo-wordpress\/ -->\n<title>CRUCIAL CT32G64C52CU5 32G (1X32G) DDR5 6400Mhz - Epsilon PC<\/title>\n<meta name=\"robots\" content=\"index, follow, max-snippet:-1, max-image-preview:large, max-video-preview:-1\" \/>\n<link rel=\"canonical\" href=\"https:\/\/www.epsilon-pc.fr\/index.php\/produit\/crucial-ct32g64c52cu5-module-de-memoire-32\/\" \/>\n<meta property=\"og:locale\" content=\"fr_FR\" \/>\n<meta property=\"og:type\" content=\"article\" \/>\n<meta property=\"og:title\" content=\"CRUCIAL CT32G64C52CU5 32G (1X32G) DDR5 6400Mhz - Epsilon PC\" \/>\n<meta property=\"og:description\" content=\"\ud83d\udee1\ufe0f Crucial : La fiabilit\u00e9 \u00e0 toute \u00e9preuve par Micron  En tant que marque de Micron, l&#039;un des plus grands fabricants de m\u00e9moire au monde, Crucial vous garantit une qualit\u00e9 de fabrication irr\u00e9prochable directement \u00e0 la source. Que ce soit pour redonner vie \u00e0 un ancien PC ou monter une station de travail robuste, c&#039;est le choix de la tranquillit\u00e9 d&#039;esprit.   \ud83d\udcbc Crucial Pro : Con\u00e7ue pour les professionnels, les cr\u00e9ateurs et les joueurs, alliant un dissipateur thermique \u00e9l\u00e9gant et des performances plug-and-play redoutables.  \u2705 Gamme Standard : La solution parfaite et \u00e9conomique pour augmenter la r\u00e9activit\u00e9 de votre syst\u00e8me au quotidien avec une compatibilit\u00e9 universelle.\" \/>\n<meta property=\"og:url\" content=\"https:\/\/www.epsilon-pc.fr\/index.php\/produit\/crucial-ct32g64c52cu5-module-de-memoire-32\/\" \/>\n<meta property=\"og:site_name\" content=\"Epsilon PC\" \/>\n<meta property=\"article:modified_time\" content=\"2026-04-11T08:04:56+00:00\" \/>\n<meta property=\"og:image\" content=\"http:\/\/www.epsilon-pc.fr\/wp-content\/uploads\/2026\/04\/crucial-32g-1x32g-ddr5-6400-cl52.jpg\" \/>\n\t<meta property=\"og:image:width\" content=\"800\" \/>\n\t<meta property=\"og:image:height\" content=\"800\" \/>\n\t<meta property=\"og:image:type\" content=\"image\/jpeg\" \/>\n<meta name=\"twitter:card\" content=\"summary_large_image\" \/>\n<meta name=\"twitter:label1\" content=\"Dur\u00e9e de lecture estim\u00e9e\" \/>\n\t<meta name=\"twitter:data1\" content=\"2 minutes\" \/>\n<script type=\"application\/ld+json\" class=\"yoast-schema-graph\">{\"@context\":\"https:\\\/\\\/schema.org\",\"@graph\":[{\"@type\":\"WebPage\",\"@id\":\"https:\\\/\\\/www.epsilon-pc.fr\\\/index.php\\\/produit\\\/crucial-ct32g64c52cu5-module-de-memoire-32\\\/\",\"url\":\"https:\\\/\\\/www.epsilon-pc.fr\\\/index.php\\\/produit\\\/crucial-ct32g64c52cu5-module-de-memoire-32\\\/\",\"name\":\"CRUCIAL CT32G64C52CU5 32G (1X32G) DDR5 6400Mhz - Epsilon PC\",\"isPartOf\":{\"@id\":\"https:\\\/\\\/www.epsilon-pc.fr\\\/#website\"},\"primaryImageOfPage\":{\"@id\":\"https:\\\/\\\/www.epsilon-pc.fr\\\/index.php\\\/produit\\\/crucial-ct32g64c52cu5-module-de-memoire-32\\\/#primaryimage\"},\"image\":{\"@id\":\"https:\\\/\\\/www.epsilon-pc.fr\\\/index.php\\\/produit\\\/crucial-ct32g64c52cu5-module-de-memoire-32\\\/#primaryimage\"},\"thumbnailUrl\":\"https:\\\/\\\/www.epsilon-pc.fr\\\/wp-content\\\/uploads\\\/2026\\\/04\\\/crucial-32g-1x32g-ddr5-6400-cl52.jpg\",\"datePublished\":\"2026-04-11T07:48:15+00:00\",\"dateModified\":\"2026-04-11T08:04:56+00:00\",\"breadcrumb\":{\"@id\":\"https:\\\/\\\/www.epsilon-pc.fr\\\/index.php\\\/produit\\\/crucial-ct32g64c52cu5-module-de-memoire-32\\\/#breadcrumb\"},\"inLanguage\":\"fr-FR\",\"potentialAction\":[{\"@type\":\"ReadAction\",\"target\":[\"https:\\\/\\\/www.epsilon-pc.fr\\\/index.php\\\/produit\\\/crucial-ct32g64c52cu5-module-de-memoire-32\\\/\"]}]},{\"@type\":\"ImageObject\",\"inLanguage\":\"fr-FR\",\"@id\":\"https:\\\/\\\/www.epsilon-pc.fr\\\/index.php\\\/produit\\\/crucial-ct32g64c52cu5-module-de-memoire-32\\\/#primaryimage\",\"url\":\"https:\\\/\\\/www.epsilon-pc.fr\\\/wp-content\\\/uploads\\\/2026\\\/04\\\/crucial-32g-1x32g-ddr5-6400-cl52.jpg\",\"contentUrl\":\"https:\\\/\\\/www.epsilon-pc.fr\\\/wp-content\\\/uploads\\\/2026\\\/04\\\/crucial-32g-1x32g-ddr5-6400-cl52.jpg\",\"width\":800,\"height\":800},{\"@type\":\"BreadcrumbList\",\"@id\":\"https:\\\/\\\/www.epsilon-pc.fr\\\/index.php\\\/produit\\\/crucial-ct32g64c52cu5-module-de-memoire-32\\\/#breadcrumb\",\"itemListElement\":[{\"@type\":\"ListItem\",\"position\":1,\"name\":\"Accueil\",\"item\":\"https:\\\/\\\/www.epsilon-pc.fr\\\/\"},{\"@type\":\"ListItem\",\"position\":2,\"name\":\"Boutique\",\"item\":\"https:\\\/\\\/www.epsilon-pc.fr\\\/index.php\\\/boutique\\\/\"},{\"@type\":\"ListItem\",\"position\":3,\"name\":\"CRUCIAL CT32G64C52CU5 32G (1X32G) DDR5 6400Mhz\"}]},{\"@type\":\"WebSite\",\"@id\":\"https:\\\/\\\/www.epsilon-pc.fr\\\/#website\",\"url\":\"https:\\\/\\\/www.epsilon-pc.fr\\\/\",\"name\":\"Epsilon PC\",\"description\":\"\",\"publisher\":{\"@id\":\"https:\\\/\\\/www.epsilon-pc.fr\\\/#organization\"},\"potentialAction\":[{\"@type\":\"SearchAction\",\"target\":{\"@type\":\"EntryPoint\",\"urlTemplate\":\"https:\\\/\\\/www.epsilon-pc.fr\\\/?s={search_term_string}\"},\"query-input\":{\"@type\":\"PropertyValueSpecification\",\"valueRequired\":true,\"valueName\":\"search_term_string\"}}],\"inLanguage\":\"fr-FR\"},{\"@type\":\"Organization\",\"@id\":\"https:\\\/\\\/www.epsilon-pc.fr\\\/#organization\",\"name\":\"Epsilon PC\",\"url\":\"https:\\\/\\\/www.epsilon-pc.fr\\\/\",\"logo\":{\"@type\":\"ImageObject\",\"inLanguage\":\"fr-FR\",\"@id\":\"https:\\\/\\\/www.epsilon-pc.fr\\\/#\\\/schema\\\/logo\\\/image\\\/\",\"url\":\"https:\\\/\\\/www.epsilon-pc.fr\\\/wp-content\\\/uploads\\\/2026\\\/02\\\/cropped-LogoEpsi-1.bmp\",\"contentUrl\":\"https:\\\/\\\/www.epsilon-pc.fr\\\/wp-content\\\/uploads\\\/2026\\\/02\\\/cropped-LogoEpsi-1.bmp\",\"width\":191,\"height\":59,\"caption\":\"Epsilon PC\"},\"image\":{\"@id\":\"https:\\\/\\\/www.epsilon-pc.fr\\\/#\\\/schema\\\/logo\\\/image\\\/\"}}]}<\/script>\n<!-- \/ Yoast SEO plugin. -->","yoast_head_json":{"title":"CRUCIAL CT32G64C52CU5 32G (1X32G) DDR5 6400Mhz - Epsilon PC","robots":{"index":"index","follow":"follow","max-snippet":"max-snippet:-1","max-image-preview":"max-image-preview:large","max-video-preview":"max-video-preview:-1"},"canonical":"https:\/\/www.epsilon-pc.fr\/index.php\/produit\/crucial-ct32g64c52cu5-module-de-memoire-32\/","og_locale":"fr_FR","og_type":"article","og_title":"CRUCIAL CT32G64C52CU5 32G (1X32G) DDR5 6400Mhz - Epsilon PC","og_description":"\ud83d\udee1\ufe0f Crucial : La fiabilit\u00e9 \u00e0 toute \u00e9preuve par Micron  En tant que marque de Micron, l'un des plus grands fabricants de m\u00e9moire au monde, Crucial vous garantit une qualit\u00e9 de fabrication irr\u00e9prochable directement \u00e0 la source. Que ce soit pour redonner vie \u00e0 un ancien PC ou monter une station de travail robuste, c'est le choix de la tranquillit\u00e9 d'esprit.   \ud83d\udcbc Crucial Pro : Con\u00e7ue pour les professionnels, les cr\u00e9ateurs et les joueurs, alliant un dissipateur thermique \u00e9l\u00e9gant et des performances plug-and-play redoutables.  \u2705 Gamme Standard : La solution parfaite et \u00e9conomique pour augmenter la r\u00e9activit\u00e9 de votre syst\u00e8me au quotidien avec une compatibilit\u00e9 universelle.","og_url":"https:\/\/www.epsilon-pc.fr\/index.php\/produit\/crucial-ct32g64c52cu5-module-de-memoire-32\/","og_site_name":"Epsilon PC","article_modified_time":"2026-04-11T08:04:56+00:00","og_image":[{"width":800,"height":800,"url":"http:\/\/www.epsilon-pc.fr\/wp-content\/uploads\/2026\/04\/crucial-32g-1x32g-ddr5-6400-cl52.jpg","type":"image\/jpeg"}],"twitter_card":"summary_large_image","twitter_misc":{"Dur\u00e9e de lecture estim\u00e9e":"2 minutes"},"schema":{"@context":"https:\/\/schema.org","@graph":[{"@type":"WebPage","@id":"https:\/\/www.epsilon-pc.fr\/index.php\/produit\/crucial-ct32g64c52cu5-module-de-memoire-32\/","url":"https:\/\/www.epsilon-pc.fr\/index.php\/produit\/crucial-ct32g64c52cu5-module-de-memoire-32\/","name":"CRUCIAL CT32G64C52CU5 32G (1X32G) DDR5 6400Mhz - Epsilon PC","isPartOf":{"@id":"https:\/\/www.epsilon-pc.fr\/#website"},"primaryImageOfPage":{"@id":"https:\/\/www.epsilon-pc.fr\/index.php\/produit\/crucial-ct32g64c52cu5-module-de-memoire-32\/#primaryimage"},"image":{"@id":"https:\/\/www.epsilon-pc.fr\/index.php\/produit\/crucial-ct32g64c52cu5-module-de-memoire-32\/#primaryimage"},"thumbnailUrl":"https:\/\/www.epsilon-pc.fr\/wp-content\/uploads\/2026\/04\/crucial-32g-1x32g-ddr5-6400-cl52.jpg","datePublished":"2026-04-11T07:48:15+00:00","dateModified":"2026-04-11T08:04:56+00:00","breadcrumb":{"@id":"https:\/\/www.epsilon-pc.fr\/index.php\/produit\/crucial-ct32g64c52cu5-module-de-memoire-32\/#breadcrumb"},"inLanguage":"fr-FR","potentialAction":[{"@type":"ReadAction","target":["https:\/\/www.epsilon-pc.fr\/index.php\/produit\/crucial-ct32g64c52cu5-module-de-memoire-32\/"]}]},{"@type":"ImageObject","inLanguage":"fr-FR","@id":"https:\/\/www.epsilon-pc.fr\/index.php\/produit\/crucial-ct32g64c52cu5-module-de-memoire-32\/#primaryimage","url":"https:\/\/www.epsilon-pc.fr\/wp-content\/uploads\/2026\/04\/crucial-32g-1x32g-ddr5-6400-cl52.jpg","contentUrl":"https:\/\/www.epsilon-pc.fr\/wp-content\/uploads\/2026\/04\/crucial-32g-1x32g-ddr5-6400-cl52.jpg","width":800,"height":800},{"@type":"BreadcrumbList","@id":"https:\/\/www.epsilon-pc.fr\/index.php\/produit\/crucial-ct32g64c52cu5-module-de-memoire-32\/#breadcrumb","itemListElement":[{"@type":"ListItem","position":1,"name":"Accueil","item":"https:\/\/www.epsilon-pc.fr\/"},{"@type":"ListItem","position":2,"name":"Boutique","item":"https:\/\/www.epsilon-pc.fr\/index.php\/boutique\/"},{"@type":"ListItem","position":3,"name":"CRUCIAL CT32G64C52CU5 32G (1X32G) DDR5 6400Mhz"}]},{"@type":"WebSite","@id":"https:\/\/www.epsilon-pc.fr\/#website","url":"https:\/\/www.epsilon-pc.fr\/","name":"Epsilon PC","description":"","publisher":{"@id":"https:\/\/www.epsilon-pc.fr\/#organization"},"potentialAction":[{"@type":"SearchAction","target":{"@type":"EntryPoint","urlTemplate":"https:\/\/www.epsilon-pc.fr\/?s={search_term_string}"},"query-input":{"@type":"PropertyValueSpecification","valueRequired":true,"valueName":"search_term_string"}}],"inLanguage":"fr-FR"},{"@type":"Organization","@id":"https:\/\/www.epsilon-pc.fr\/#organization","name":"Epsilon PC","url":"https:\/\/www.epsilon-pc.fr\/","logo":{"@type":"ImageObject","inLanguage":"fr-FR","@id":"https:\/\/www.epsilon-pc.fr\/#\/schema\/logo\/image\/","url":"https:\/\/www.epsilon-pc.fr\/wp-content\/uploads\/2026\/02\/cropped-LogoEpsi-1.bmp","contentUrl":"https:\/\/www.epsilon-pc.fr\/wp-content\/uploads\/2026\/02\/cropped-LogoEpsi-1.bmp","width":191,"height":59,"caption":"Epsilon PC"},"image":{"@id":"https:\/\/www.epsilon-pc.fr\/#\/schema\/logo\/image\/"}}]}},"_links":{"self":[{"href":"https:\/\/www.epsilon-pc.fr\/index.php\/wp-json\/wp\/v2\/product\/10962","targetHints":{"allow":["GET"]}}],"collection":[{"href":"https:\/\/www.epsilon-pc.fr\/index.php\/wp-json\/wp\/v2\/product"}],"about":[{"href":"https:\/\/www.epsilon-pc.fr\/index.php\/wp-json\/wp\/v2\/types\/product"}],"wp:featuredmedia":[{"embeddable":true,"href":"https:\/\/www.epsilon-pc.fr\/index.php\/wp-json\/wp\/v2\/media\/10961"}],"wp:attachment":[{"href":"https:\/\/www.epsilon-pc.fr\/index.php\/wp-json\/wp\/v2\/media?parent=10962"}],"wp:term":[{"taxonomy":"product_brand","embeddable":true,"href":"https:\/\/www.epsilon-pc.fr\/index.php\/wp-json\/wp\/v2\/product_brand?post=10962"},{"taxonomy":"product_cat","embeddable":true,"href":"https:\/\/www.epsilon-pc.fr\/index.php\/wp-json\/wp\/v2\/product_cat?post=10962"},{"taxonomy":"product_tag","embeddable":true,"href":"https:\/\/www.epsilon-pc.fr\/index.php\/wp-json\/wp\/v2\/product_tag?post=10962"}],"curies":[{"name":"wp","href":"https:\/\/api.w.org\/{rel}","templated":true}]}}