{"id":10944,"date":"2026-04-10T09:44:28","date_gmt":"2026-04-10T07:44:28","guid":{"rendered":"https:\/\/www.epsilon-pc.fr\/index.php\/produit\/canon-pixma-ts7750i-jet-dencre-a4-1200-x\/"},"modified":"2026-04-21T15:38:49","modified_gmt":"2026-04-21T13:38:49","slug":"canon-pixma-ts7750i-jet-dencre-a4-1200-x","status":"publish","type":"product","link":"https:\/\/www.epsilon-pc.fr\/index.php\/produit\/canon-pixma-ts7750i-jet-dencre-a4-1200-x\/","title":{"rendered":"CANON PIXMA TS7750I Blanc"},"content":{"rendered":"<dl class=\"data-sheet\">\n<dt class=\"name\">Couleur du produit<\/dt>\n<dd class=\"value\">Blanc<\/dd>\n<dt class=\"name\">Hauteur<\/dt>\n<dd class=\"value\">283 mm<\/dd>\n<dt class=\"name\">Largeur<\/dt>\n<dd class=\"value\">374 mm<\/dd>\n<dt class=\"name\">Poids<\/dt>\n<dd class=\"value\">7,3 kg<\/dd>\n<dt class=\"name\">Prise en charge d&rsquo;autres syst\u00e8mes d&rsquo;exploitation<\/dt>\n<dd class=\"value\">ChromeOS<\/dd>\n<dt class=\"name\">Prise en charge du syst\u00e8me d&rsquo;exploitation Mac<\/dt>\n<dd class=\"value\">Mac OS X 10.2 Jaguar, Mac OS X 10.3 Panther, Mac OS X 10.4 Tiger, Mac OS X 10.5 Leopard, Mac OS X 10.6 Snow Leopard, Mac OS X 10.7 Lion, Mac OS X 10.7.5 Lion, Mac OS X 10.8 Mountain Lion, Mac OS X 10.9 Mavericks, Mac OS X 11.0 Big Sur, Mac OS X<\/dd>\n<dt class=\"name\">Prise en charge du syst\u00e8me d&rsquo;exploitation Windows<\/dt>\n<dd class=\"value\">Windows 10, Windows 8, Windows 8.1<\/dd>\n<dt class=\"name\">Profondeur<\/dt>\n<dd class=\"value\">605 mm<\/dd>\n<dt class=\"name\">Ethernet\/LAN<\/dt>\n<dd class=\"value\">Non<\/dd>\n<dt class=\"name\">Taille de l&rsquo;\u00e9cran<\/dt>\n<dd class=\"value\">2.7&Prime;<\/dd>\n<dt class=\"name\">Algorithme de s\u00e9curit\u00e9 soutenu<\/dt>\n<dd class=\"value\">WEP, WPA-PSK, WPA2-PSK<\/dd>\n<dt class=\"name\">Consommation \u00e9lectrique (arr\u00eat)<\/dt>\n<dd class=\"value\">0,1 W<\/dd>\n<dt class=\"name\">Humidit\u00e9 relative de fonctionnement (H-H)<\/dt>\n<dd class=\"value\">10 &#8211; 80%<\/dd>\n<dt class=\"name\">Port USB<\/dt>\n<dd class=\"value\">Oui<\/dd>\n<dt class=\"name\">R\u00e9solution de num\u00e9risation optique<\/dt>\n<dd class=\"value\">1200 x 2400 DPI<\/dd>\n<dt class=\"name\">Taille de papier de s\u00e9rie A ISO maximum<\/dt>\n<dd class=\"value\">A4<\/dd>\n<dt class=\"name\">Temp\u00e9rature d&rsquo;op\u00e9ration<\/dt>\n<dd class=\"value\">15 &#8211; 30 \u00b0C<\/dd>\n<dt class=\"name\">Type de commande<\/dt>\n<dd class=\"value\">Tactile<\/dd>\n<dt class=\"name\">Type de scanner<\/dt>\n<dd class=\"value\">Scanner \u00e0 plat et chargeur automatique<\/dd>\n<dt class=\"name\">\u00c9cran integr\u00e9<\/dt>\n<dd class=\"value\">Oui<\/dd>\n<dt class=\"name\">Tension d&rsquo;entr\u00e9e AC<\/dt>\n<dd class=\"value\">100 &#8211; 240 V<\/dd>\n<dt class=\"name\">R\u00e9solution maximale<\/dt>\n<dd class=\"value\">1200 x 1200 DPI<\/dd>\n<dt class=\"name\">Wifi<\/dt>\n<dd class=\"value\">Oui<\/dd>\n<dt class=\"name\">Capacit\u00e9 d\u2019alimentation totale<\/dt>\n<dd class=\"value\">100 feuilles<\/dd>\n<dt class=\"name\">Copie duplex<\/dt>\n<dd class=\"value\">Oui<\/dd>\n<dt class=\"name\">Copier<\/dt>\n<dd class=\"value\">Copie couleur<\/dd>\n<dt class=\"name\">Couleurs d&rsquo;impression<\/dt>\n<dd class=\"value\">Noir, Cyan, Magenta, Jaune<\/dd>\n<dt class=\"name\">Fonction Copie N en 1<\/dt>\n<dd class=\"value\">Oui<\/dd>\n<dt class=\"name\">Fonctions recto verso<\/dt>\n<dd class=\"value\">Copie, Impression<\/dd>\n<dt class=\"name\">ISO, Format Series A (A0&#8230;A9)<\/dt>\n<dd class=\"value\">A4, A5<\/dd>\n<dt class=\"name\">Impression<\/dt>\n<dd class=\"value\">Impression couleur<\/dd>\n<dt class=\"name\">Impression recto-verso<\/dt>\n<dd class=\"value\">Oui<\/dd>\n<dt class=\"name\">Mode d&rsquo;impression recto verso<\/dt>\n<dd class=\"value\">Auto<\/dd>\n<dt class=\"name\">Mode de copie duplex<\/dt>\n<dd class=\"value\">Manuel<\/dd>\n<dt class=\"name\">Niveau de pression sonore (impression)<\/dt>\n<dd class=\"value\">48 dB<\/dd>\n<dt class=\"name\">Nombre de cartouches d&rsquo;impression<\/dt>\n<dd class=\"value\">2<\/dd>\n<dt class=\"name\">Nombre maximum de copies<\/dt>\n<dd class=\"value\">99 copies<\/dd>\n<dt class=\"name\">Nombre total de bacs d\u2019alimentation<\/dt>\n<dd class=\"value\">1<\/dd>\n<dt class=\"name\">Num\u00e9risation<\/dt>\n<dd class=\"value\">Num\u00e9risation couleur<\/dd>\n<dt class=\"name\">Profondeur d&rsquo;affichage d&rsquo;entr\u00e9e de couleur<\/dt>\n<dd class=\"value\">16 bit<\/dd>\n<dt class=\"name\">Profondeur d&rsquo;affichage de sortie de couleur<\/dt>\n<dd class=\"value\">8 bit<\/dd>\n<dt class=\"name\">Redimentionnement copie<\/dt>\n<dd class=\"value\">25 &#8211; 400%<\/dd>\n<dt class=\"name\">Standards wifi<\/dt>\n<dd class=\"value\">802.11b, 802.11g, Wi-Fi 4 (802.11n)<\/dd>\n<dt class=\"name\">Tailles enveloppes<\/dt>\n<dd class=\"value\">10, DL<\/dd>\n<dt class=\"name\">Technologie d&rsquo;impression<\/dt>\n<dd class=\"value\">Jet d&rsquo;encre<\/dd>\n<dt class=\"name\">Technologie de num\u00e9risation<\/dt>\n<dd class=\"value\">CIS<\/dd>\n<dt class=\"name\">Technologies d&rsquo;impression mobile<\/dt>\n<dd class=\"value\">Apple AirPrint, Mopria Print Service, PIXMA Cloud Link<\/dd>\n<dt class=\"name\">Type de support du bac papier<\/dt>\n<dd class=\"value\">papier d&rsquo;art, Enveloppes, Papier photo, Papier ordinaire<\/dd>\n<dt class=\"name\">T\u00e9l\u00e9copier<\/dt>\n<dd class=\"value\">Non<\/dd>\n<dt class=\"name\">Zone de scan maximale<\/dt>\n<dd class=\"value\">216 x 297 mm<\/dd>\n<dt class=\"name\">Positionnement de march\u00e9<\/dt>\n<dd class=\"value\">Domestique et professionnel<\/dd>\n<dt class=\"name\">\u00c9cran<\/dt>\n<dd class=\"value\">LCD<\/dd>\n<dt class=\"name\">Fr\u00e9quence d&rsquo;entr\u00e9e AC<\/dt>\n<dd class=\"value\">50\/60 Hz<\/dd>\n<dt class=\"name\">Connecteur USB<\/dt>\n<dd class=\"value\">USB Type-B<\/dd>\n<dt class=\"name\">ISO, Formats Series-B (B0&#8230;B9)<\/dt>\n<dd class=\"value\">B5<\/dd>\n<dt class=\"name\">Tailles du support d&rsquo;impression non-ISO<\/dt>\n<dd class=\"value\">Legal, Letter<\/dd>\n<dt class=\"name\">Affichage couleur<\/dt>\n<dd class=\"value\">Oui<\/dd>\n<dt class=\"name\">Syst\u00e8me mobile support\u00e9<\/dt>\n<dd class=\"value\">Android, iOS<\/dd>\n<dt class=\"name\">Profondeur d&rsquo;\u00e9chelle de gris d\u2019entr\u00e9e<\/dt>\n<dd class=\"value\">16 bit<\/dd>\n<dt class=\"name\">R\u00e9solution des niveaux de gris de sortie<\/dt>\n<dd class=\"value\">8 bit<\/dd>\n<dt class=\"name\">Consommation \u00e9lectrique moyenne en mode Copie<\/dt>\n<dd class=\"value\">22 W<\/dd>\n<dt class=\"name\">Vitesse d&rsquo;impression (ISO \/ IEC 24734) couleur<\/dt>\n<dd class=\"value\">10 ipm<\/dd>\n<dt class=\"name\">Vitesse d&rsquo;impression (ISO \/ IEC 24734) monochrome<\/dt>\n<dd class=\"value\">15 ipm<\/dd>\n<dt class=\"name\">Fonction ID-Card Copy<\/dt>\n<dd class=\"value\">Oui<\/dd>\n<dt class=\"name\">Taille d&rsquo;impression sans bordures<\/dt>\n<dd class=\"value\">10&#215;15, 13&#215;18, 20&#215;25, A4, B5<\/dd>\n<dt class=\"name\">Impression sans marge<\/dt>\n<dd class=\"value\">Oui<\/dd>\n<\/dl>\n","protected":false},"excerpt":{"rendered":"<p><strong>\ud83d\udcf8 Canon : L&rsquo;excellence photographique et bureautique<\/strong><\/p>\n<p>Fort de son expertise dans l&rsquo;image, Canon propose des imprimantes capables de restituer des couleurs \u00e9clatantes pour vos photos, tout en assurant une bureautique irr\u00e9prochable.<\/p>\n<ul>\n<li><strong>\ud83c\udfa8 PIXMA :<\/strong> L&rsquo;incontournable pour la maison, alliant design compact et impressions photo de qualit\u00e9 labo.<\/li>\n<li><strong>\ud83c\udfe2 MAXIFY &amp; MegaTank :<\/strong> L&rsquo;efficacit\u00e9 professionnelle avec des r\u00e9servoirs d&rsquo;encre rechargeables pour un co\u00fbt d&rsquo;impression d\u00e9risoire.<\/li>\n<\/ul>\n","protected":false},"featured_media":10943,"template":"","meta":{"ocean_post_layout":"","ocean_both_sidebars_style":"","ocean_both_sidebars_content_width":0,"ocean_both_sidebars_sidebars_width":0,"ocean_sidebar":"0","ocean_second_sidebar":"0","ocean_disable_margins":"enable","ocean_add_body_class":"","ocean_shortcode_before_top_bar":"","ocean_shortcode_after_top_bar":"","ocean_shortcode_before_header":"","ocean_shortcode_after_header":"","ocean_has_shortcode":"","ocean_shortcode_after_title":"","ocean_shortcode_before_footer_widgets":"","ocean_shortcode_after_footer_widgets":"","ocean_shortcode_before_footer_bottom":"","ocean_shortcode_after_footer_bottom":"","ocean_display_top_bar":"default","ocean_display_header":"default","ocean_header_style":"","ocean_center_header_left_menu":"0","ocean_custom_header_template":"0","ocean_custom_logo":0,"ocean_custom_retina_logo":0,"ocean_custom_logo_max_width":0,"ocean_custom_logo_tablet_max_width":0,"ocean_custom_logo_mobile_max_width":0,"ocean_custom_logo_max_height":0,"ocean_custom_logo_tablet_max_height":0,"ocean_custom_logo_mobile_max_height":0,"ocean_header_custom_menu":"0","ocean_menu_typo_font_family":"0","ocean_menu_typo_font_subset":"","ocean_menu_typo_font_size":0,"ocean_menu_typo_font_size_tablet":0,"ocean_menu_typo_font_size_mobile":0,"ocean_menu_typo_font_size_unit":"px","ocean_menu_typo_font_weight":"","ocean_menu_typo_font_weight_tablet":"","ocean_menu_typo_font_weight_mobile":"","ocean_menu_typo_transform":"","ocean_menu_typo_transform_tablet":"","ocean_menu_typo_transform_mobile":"","ocean_menu_typo_line_height":0,"ocean_menu_typo_line_height_tablet":0,"ocean_menu_typo_line_height_mobile":0,"ocean_menu_typo_line_height_unit":"","ocean_menu_typo_spacing":0,"ocean_menu_typo_spacing_tablet":0,"ocean_menu_typo_spacing_mobile":0,"ocean_menu_typo_spacing_unit":"","ocean_menu_link_color":"","ocean_menu_link_color_hover":"","ocean_menu_link_color_active":"","ocean_menu_link_background":"","ocean_menu_link_hover_background":"","ocean_menu_link_active_background":"","ocean_menu_social_links_bg":"","ocean_menu_social_hover_links_bg":"","ocean_menu_social_links_color":"","ocean_menu_social_hover_links_color":"","ocean_disable_title":"default","ocean_disable_heading":"default","ocean_post_title":"","ocean_post_subheading":"","ocean_post_title_style":"","ocean_post_title_background_color":"","ocean_post_title_background":0,"ocean_post_title_bg_image_position":"","ocean_post_title_bg_image_attachment":"","ocean_post_title_bg_image_repeat":"","ocean_post_title_bg_image_size":"","ocean_post_title_height":0,"ocean_post_title_bg_overlay":0.5,"ocean_post_title_bg_overlay_color":"","ocean_disable_breadcrumbs":"default","ocean_breadcrumbs_color":"","ocean_breadcrumbs_separator_color":"","ocean_breadcrumbs_links_color":"","ocean_breadcrumbs_links_hover_color":"","ocean_display_footer_widgets":"default","ocean_display_footer_bottom":"default","ocean_custom_footer_template":"0"},"product_brand":[75],"product_cat":[71],"product_tag":[],"class_list":{"0":"post-10944","1":"product","2":"type-product","3":"status-publish","4":"has-post-thumbnail","6":"product_brand-canon","7":"product_cat-imprimante","8":"product_shipping_class-non-expediable","10":"entry","11":"has-media","13":"first","14":"instock","15":"taxable","16":"shipping-taxable","17":"purchasable","18":"product-type-simple","19":"has-product-nav","20":"col","21":"span_1_of_4","22":"owp-content-center","23":"owp-thumbs-layout-horizontal","24":"owp-btn-big","25":"owp-tabs-layout-horizontal","26":"has-no-thumbnails"},"yoast_head":"<!-- This site is optimized with the Yoast SEO plugin v27.3 - https:\/\/yoast.com\/product\/yoast-seo-wordpress\/ -->\n<title>CANON PIXMA TS7750I Blanc - Epsilon PC<\/title>\n<meta name=\"robots\" content=\"index, follow, max-snippet:-1, max-image-preview:large, max-video-preview:-1\" \/>\n<link rel=\"canonical\" href=\"https:\/\/www.epsilon-pc.fr\/index.php\/produit\/canon-pixma-ts7750i-jet-dencre-a4-1200-x\/\" \/>\n<meta property=\"og:locale\" content=\"fr_FR\" \/>\n<meta property=\"og:type\" content=\"article\" \/>\n<meta property=\"og:title\" content=\"CANON PIXMA TS7750I Blanc - Epsilon PC\" \/>\n<meta property=\"og:description\" content=\"\ud83d\udcf8 Canon : L&#039;excellence photographique et bureautique  Fort de son expertise dans l&#039;image, Canon propose des imprimantes capables de restituer des couleurs \u00e9clatantes pour vos photos, tout en assurant une bureautique irr\u00e9prochable.   \ud83c\udfa8 PIXMA : L&#039;incontournable pour la maison, alliant design compact et impressions photo de qualit\u00e9 labo.  \ud83c\udfe2 MAXIFY &amp; MegaTank : L&#039;efficacit\u00e9 professionnelle avec des r\u00e9servoirs d&#039;encre rechargeables pour un co\u00fbt d&#039;impression d\u00e9risoire.\" \/>\n<meta property=\"og:url\" content=\"https:\/\/www.epsilon-pc.fr\/index.php\/produit\/canon-pixma-ts7750i-jet-dencre-a4-1200-x\/\" \/>\n<meta property=\"og:site_name\" content=\"Epsilon PC\" \/>\n<meta property=\"article:modified_time\" content=\"2026-04-21T13:38:49+00:00\" \/>\n<meta property=\"og:image\" content=\"http:\/\/www.epsilon-pc.fr\/wp-content\/uploads\/2026\/04\/canon-pixma-ts7750i-white.jpg\" \/>\n\t<meta property=\"og:image:width\" content=\"800\" \/>\n\t<meta property=\"og:image:height\" content=\"800\" \/>\n\t<meta property=\"og:image:type\" content=\"image\/jpeg\" \/>\n<meta name=\"twitter:card\" content=\"summary_large_image\" \/>\n<meta name=\"twitter:label1\" content=\"Dur\u00e9e de lecture estim\u00e9e\" \/>\n\t<meta name=\"twitter:data1\" content=\"3 minutes\" \/>\n<script type=\"application\/ld+json\" class=\"yoast-schema-graph\">{\"@context\":\"https:\\\/\\\/schema.org\",\"@graph\":[{\"@type\":\"WebPage\",\"@id\":\"https:\\\/\\\/www.epsilon-pc.fr\\\/index.php\\\/produit\\\/canon-pixma-ts7750i-jet-dencre-a4-1200-x\\\/\",\"url\":\"https:\\\/\\\/www.epsilon-pc.fr\\\/index.php\\\/produit\\\/canon-pixma-ts7750i-jet-dencre-a4-1200-x\\\/\",\"name\":\"CANON PIXMA TS7750I Blanc - Epsilon PC\",\"isPartOf\":{\"@id\":\"https:\\\/\\\/www.epsilon-pc.fr\\\/#website\"},\"primaryImageOfPage\":{\"@id\":\"https:\\\/\\\/www.epsilon-pc.fr\\\/index.php\\\/produit\\\/canon-pixma-ts7750i-jet-dencre-a4-1200-x\\\/#primaryimage\"},\"image\":{\"@id\":\"https:\\\/\\\/www.epsilon-pc.fr\\\/index.php\\\/produit\\\/canon-pixma-ts7750i-jet-dencre-a4-1200-x\\\/#primaryimage\"},\"thumbnailUrl\":\"https:\\\/\\\/www.epsilon-pc.fr\\\/wp-content\\\/uploads\\\/2026\\\/04\\\/canon-pixma-ts7750i-white.jpg\",\"datePublished\":\"2026-04-10T07:44:28+00:00\",\"dateModified\":\"2026-04-21T13:38:49+00:00\",\"breadcrumb\":{\"@id\":\"https:\\\/\\\/www.epsilon-pc.fr\\\/index.php\\\/produit\\\/canon-pixma-ts7750i-jet-dencre-a4-1200-x\\\/#breadcrumb\"},\"inLanguage\":\"fr-FR\",\"potentialAction\":[{\"@type\":\"ReadAction\",\"target\":[\"https:\\\/\\\/www.epsilon-pc.fr\\\/index.php\\\/produit\\\/canon-pixma-ts7750i-jet-dencre-a4-1200-x\\\/\"]}]},{\"@type\":\"ImageObject\",\"inLanguage\":\"fr-FR\",\"@id\":\"https:\\\/\\\/www.epsilon-pc.fr\\\/index.php\\\/produit\\\/canon-pixma-ts7750i-jet-dencre-a4-1200-x\\\/#primaryimage\",\"url\":\"https:\\\/\\\/www.epsilon-pc.fr\\\/wp-content\\\/uploads\\\/2026\\\/04\\\/canon-pixma-ts7750i-white.jpg\",\"contentUrl\":\"https:\\\/\\\/www.epsilon-pc.fr\\\/wp-content\\\/uploads\\\/2026\\\/04\\\/canon-pixma-ts7750i-white.jpg\",\"width\":800,\"height\":800},{\"@type\":\"BreadcrumbList\",\"@id\":\"https:\\\/\\\/www.epsilon-pc.fr\\\/index.php\\\/produit\\\/canon-pixma-ts7750i-jet-dencre-a4-1200-x\\\/#breadcrumb\",\"itemListElement\":[{\"@type\":\"ListItem\",\"position\":1,\"name\":\"Accueil\",\"item\":\"https:\\\/\\\/www.epsilon-pc.fr\\\/\"},{\"@type\":\"ListItem\",\"position\":2,\"name\":\"Boutique\",\"item\":\"https:\\\/\\\/www.epsilon-pc.fr\\\/index.php\\\/boutique\\\/\"},{\"@type\":\"ListItem\",\"position\":3,\"name\":\"CANON PIXMA TS7750I Blanc\"}]},{\"@type\":\"WebSite\",\"@id\":\"https:\\\/\\\/www.epsilon-pc.fr\\\/#website\",\"url\":\"https:\\\/\\\/www.epsilon-pc.fr\\\/\",\"name\":\"Epsilon PC\",\"description\":\"\",\"publisher\":{\"@id\":\"https:\\\/\\\/www.epsilon-pc.fr\\\/#organization\"},\"potentialAction\":[{\"@type\":\"SearchAction\",\"target\":{\"@type\":\"EntryPoint\",\"urlTemplate\":\"https:\\\/\\\/www.epsilon-pc.fr\\\/?s={search_term_string}\"},\"query-input\":{\"@type\":\"PropertyValueSpecification\",\"valueRequired\":true,\"valueName\":\"search_term_string\"}}],\"inLanguage\":\"fr-FR\"},{\"@type\":\"Organization\",\"@id\":\"https:\\\/\\\/www.epsilon-pc.fr\\\/#organization\",\"name\":\"Epsilon PC\",\"url\":\"https:\\\/\\\/www.epsilon-pc.fr\\\/\",\"logo\":{\"@type\":\"ImageObject\",\"inLanguage\":\"fr-FR\",\"@id\":\"https:\\\/\\\/www.epsilon-pc.fr\\\/#\\\/schema\\\/logo\\\/image\\\/\",\"url\":\"https:\\\/\\\/www.epsilon-pc.fr\\\/wp-content\\\/uploads\\\/2026\\\/02\\\/cropped-LogoEpsi-1.bmp\",\"contentUrl\":\"https:\\\/\\\/www.epsilon-pc.fr\\\/wp-content\\\/uploads\\\/2026\\\/02\\\/cropped-LogoEpsi-1.bmp\",\"width\":191,\"height\":59,\"caption\":\"Epsilon PC\"},\"image\":{\"@id\":\"https:\\\/\\\/www.epsilon-pc.fr\\\/#\\\/schema\\\/logo\\\/image\\\/\"}}]}<\/script>\n<!-- \/ Yoast SEO plugin. -->","yoast_head_json":{"title":"CANON PIXMA TS7750I Blanc - Epsilon PC","robots":{"index":"index","follow":"follow","max-snippet":"max-snippet:-1","max-image-preview":"max-image-preview:large","max-video-preview":"max-video-preview:-1"},"canonical":"https:\/\/www.epsilon-pc.fr\/index.php\/produit\/canon-pixma-ts7750i-jet-dencre-a4-1200-x\/","og_locale":"fr_FR","og_type":"article","og_title":"CANON PIXMA TS7750I Blanc - Epsilon PC","og_description":"\ud83d\udcf8 Canon : L'excellence photographique et bureautique  Fort de son expertise dans l'image, Canon propose des imprimantes capables de restituer des couleurs \u00e9clatantes pour vos photos, tout en assurant une bureautique irr\u00e9prochable.   \ud83c\udfa8 PIXMA : L'incontournable pour la maison, alliant design compact et impressions photo de qualit\u00e9 labo.  \ud83c\udfe2 MAXIFY &amp; MegaTank : L'efficacit\u00e9 professionnelle avec des r\u00e9servoirs d'encre rechargeables pour un co\u00fbt d'impression d\u00e9risoire.","og_url":"https:\/\/www.epsilon-pc.fr\/index.php\/produit\/canon-pixma-ts7750i-jet-dencre-a4-1200-x\/","og_site_name":"Epsilon PC","article_modified_time":"2026-04-21T13:38:49+00:00","og_image":[{"width":800,"height":800,"url":"http:\/\/www.epsilon-pc.fr\/wp-content\/uploads\/2026\/04\/canon-pixma-ts7750i-white.jpg","type":"image\/jpeg"}],"twitter_card":"summary_large_image","twitter_misc":{"Dur\u00e9e de lecture estim\u00e9e":"3 minutes"},"schema":{"@context":"https:\/\/schema.org","@graph":[{"@type":"WebPage","@id":"https:\/\/www.epsilon-pc.fr\/index.php\/produit\/canon-pixma-ts7750i-jet-dencre-a4-1200-x\/","url":"https:\/\/www.epsilon-pc.fr\/index.php\/produit\/canon-pixma-ts7750i-jet-dencre-a4-1200-x\/","name":"CANON PIXMA TS7750I Blanc - Epsilon PC","isPartOf":{"@id":"https:\/\/www.epsilon-pc.fr\/#website"},"primaryImageOfPage":{"@id":"https:\/\/www.epsilon-pc.fr\/index.php\/produit\/canon-pixma-ts7750i-jet-dencre-a4-1200-x\/#primaryimage"},"image":{"@id":"https:\/\/www.epsilon-pc.fr\/index.php\/produit\/canon-pixma-ts7750i-jet-dencre-a4-1200-x\/#primaryimage"},"thumbnailUrl":"https:\/\/www.epsilon-pc.fr\/wp-content\/uploads\/2026\/04\/canon-pixma-ts7750i-white.jpg","datePublished":"2026-04-10T07:44:28+00:00","dateModified":"2026-04-21T13:38:49+00:00","breadcrumb":{"@id":"https:\/\/www.epsilon-pc.fr\/index.php\/produit\/canon-pixma-ts7750i-jet-dencre-a4-1200-x\/#breadcrumb"},"inLanguage":"fr-FR","potentialAction":[{"@type":"ReadAction","target":["https:\/\/www.epsilon-pc.fr\/index.php\/produit\/canon-pixma-ts7750i-jet-dencre-a4-1200-x\/"]}]},{"@type":"ImageObject","inLanguage":"fr-FR","@id":"https:\/\/www.epsilon-pc.fr\/index.php\/produit\/canon-pixma-ts7750i-jet-dencre-a4-1200-x\/#primaryimage","url":"https:\/\/www.epsilon-pc.fr\/wp-content\/uploads\/2026\/04\/canon-pixma-ts7750i-white.jpg","contentUrl":"https:\/\/www.epsilon-pc.fr\/wp-content\/uploads\/2026\/04\/canon-pixma-ts7750i-white.jpg","width":800,"height":800},{"@type":"BreadcrumbList","@id":"https:\/\/www.epsilon-pc.fr\/index.php\/produit\/canon-pixma-ts7750i-jet-dencre-a4-1200-x\/#breadcrumb","itemListElement":[{"@type":"ListItem","position":1,"name":"Accueil","item":"https:\/\/www.epsilon-pc.fr\/"},{"@type":"ListItem","position":2,"name":"Boutique","item":"https:\/\/www.epsilon-pc.fr\/index.php\/boutique\/"},{"@type":"ListItem","position":3,"name":"CANON PIXMA TS7750I Blanc"}]},{"@type":"WebSite","@id":"https:\/\/www.epsilon-pc.fr\/#website","url":"https:\/\/www.epsilon-pc.fr\/","name":"Epsilon PC","description":"","publisher":{"@id":"https:\/\/www.epsilon-pc.fr\/#organization"},"potentialAction":[{"@type":"SearchAction","target":{"@type":"EntryPoint","urlTemplate":"https:\/\/www.epsilon-pc.fr\/?s={search_term_string}"},"query-input":{"@type":"PropertyValueSpecification","valueRequired":true,"valueName":"search_term_string"}}],"inLanguage":"fr-FR"},{"@type":"Organization","@id":"https:\/\/www.epsilon-pc.fr\/#organization","name":"Epsilon PC","url":"https:\/\/www.epsilon-pc.fr\/","logo":{"@type":"ImageObject","inLanguage":"fr-FR","@id":"https:\/\/www.epsilon-pc.fr\/#\/schema\/logo\/image\/","url":"https:\/\/www.epsilon-pc.fr\/wp-content\/uploads\/2026\/02\/cropped-LogoEpsi-1.bmp","contentUrl":"https:\/\/www.epsilon-pc.fr\/wp-content\/uploads\/2026\/02\/cropped-LogoEpsi-1.bmp","width":191,"height":59,"caption":"Epsilon PC"},"image":{"@id":"https:\/\/www.epsilon-pc.fr\/#\/schema\/logo\/image\/"}}]}},"_links":{"self":[{"href":"https:\/\/www.epsilon-pc.fr\/index.php\/wp-json\/wp\/v2\/product\/10944","targetHints":{"allow":["GET"]}}],"collection":[{"href":"https:\/\/www.epsilon-pc.fr\/index.php\/wp-json\/wp\/v2\/product"}],"about":[{"href":"https:\/\/www.epsilon-pc.fr\/index.php\/wp-json\/wp\/v2\/types\/product"}],"wp:featuredmedia":[{"embeddable":true,"href":"https:\/\/www.epsilon-pc.fr\/index.php\/wp-json\/wp\/v2\/media\/10943"}],"wp:attachment":[{"href":"https:\/\/www.epsilon-pc.fr\/index.php\/wp-json\/wp\/v2\/media?parent=10944"}],"wp:term":[{"taxonomy":"product_brand","embeddable":true,"href":"https:\/\/www.epsilon-pc.fr\/index.php\/wp-json\/wp\/v2\/product_brand?post=10944"},{"taxonomy":"product_cat","embeddable":true,"href":"https:\/\/www.epsilon-pc.fr\/index.php\/wp-json\/wp\/v2\/product_cat?post=10944"},{"taxonomy":"product_tag","embeddable":true,"href":"https:\/\/www.epsilon-pc.fr\/index.php\/wp-json\/wp\/v2\/product_tag?post=10944"}],"curies":[{"name":"wp","href":"https:\/\/api.w.org\/{rel}","templated":true}]}}