{"id":10910,"date":"2026-04-08T09:34:42","date_gmt":"2026-04-08T07:34:42","guid":{"rendered":"https:\/\/www.epsilon-pc.fr\/index.php\/produit\/asus-tuf-k3-gen-ii\/"},"modified":"2026-04-08T09:40:40","modified_gmt":"2026-04-08T07:40:40","slug":"asus-tuf-k3-gen-ii","status":"publish","type":"product","link":"https:\/\/www.epsilon-pc.fr\/index.php\/produit\/asus-tuf-k3-gen-ii\/","title":{"rendered":"ASUS TUF K3 GEN II"},"content":{"rendered":"<p><b>Armez-vous pour la bataille<\/b><br \/>\nLe TUF Gaming K3 Gen II d&rsquo;ASUS est un clavier de jeu portable qui offre des fonctionnalit\u00e9s compl\u00e8tes dans un design compact. Il est r\u00e9sistant \u00e0 l&rsquo;eau et \u00e0 la poussi\u00e8re selon la norme IP57, ce qui garantit une bonne protection contre les \u00e9claboussures et la salet\u00e9 sur le bureau. Le TUF Gaming K3 Gen II est dot\u00e9 de switches RGB optiques-m\u00e9caniques d&rsquo;une dur\u00e9e de vie de 100 millions de pressions, ainsi que d&rsquo;un design de montage \u00e0 joint avanc\u00e9 et d&rsquo;une mousse amortissante pour une exp\u00e9rience de frappe sup\u00e9rieure. Le couvercle amovible permet une personnalisation ais\u00e9e et facilite l&rsquo;entretien de routine.<\/p>\n<p><b>Compact et Portable<\/b><br \/>\nLe TUF Gaming K3 Gen II d&rsquo;ASUS pr\u00e9sente une disposition de 97 touches avec des touches fl\u00e9ch\u00e9es et de navigation d\u00e9di\u00e9es, offrant aux joueurs un clavier gaming portable et compact qui ne sacrifie pas les fonctionnalit\u00e9s.<\/p>\n<p><b>Protection int\u00e9grale<\/b><br \/>\nL&rsquo;indice de protection IP57 garantit que le clavier est enti\u00e8rement prot\u00e9g\u00e9 contre la salet\u00e9 et les \u00e9claboussures. Il peut m\u00eame r\u00e9sister \u00e0 une immersion dans l&rsquo;eau jusqu&rsquo;\u00e0 un m\u00e8tre de profondeur pendant 30 minutes.<\/p>\n<p>*L&rsquo;indice IP57 ne concerne que l&rsquo;eau pure. Toute utilisation incorrecte ou abusive du clavier annule la garantie. Veillez \u00e0 ce que le port USB soit compl\u00e8tement sec avant de le charger.<\/p>\n<p><b>Switches opto-m\u00e9caniques<\/b><br \/>\nLes switches optiques-m\u00e9caniques RGB utilis\u00e9s dans le TUF Gaming K3 Gen II sont dot\u00e9s de n-key rollover et sont 100% anti-ghosting pour que chaque frappe soit enregistr\u00e9e correctement, et offrent une dur\u00e9e de vie de 100 millions de frappes pour une plus grande long\u00e9vit\u00e9. De plus, les switches int\u00e8grent des LED RGB pour un \u00e9clairage complet de chaque touche.<\/p>\n<p><b>Conception du montage par joint silicone et Amortissement sonore<\/b><br \/>\nLe TUF Gaming K3 Gen II d&rsquo;ASUS est dot\u00e9 d&rsquo;un design r\u00e9fl\u00e9chi qui utilise un joint en silicone pour minimiser les vibrations et fournir une sensation de frappe plus amortie et plus agr\u00e9able. La mousse amortissante int\u00e9gr\u00e9e absorbe davantage les bruits et les \u00e9chos pour une frappe plus silencieuse.<\/p>\n<p><b>Couvercle d\u00e9tachable<\/b><br \/>\nLa personnalisation et le nettoyage sont faciles gr\u00e2ce \u00e0 un couvercle amovible.<\/p>\n<p><b>\u00c9clairage RGB sur toutes les touches et AURA SYNC<\/b><br \/>\nLe TUF Gaming K3 Gen II d&rsquo;ASUS offre des options de personnalisation illimit\u00e9es gr\u00e2ce \u00e0 son \u00e9clairage RGB de 16,8 millions de couleurs par touche. Utilisez l&rsquo;interface intuitive d&rsquo;ASUS Armoury Crate pour ajuster les couleurs et les modes d&rsquo;\u00e9clairage, ou pour vous synchroniser avec d&rsquo;autres produits et accessoires ASUS Aura afin de cr\u00e9er une configuration gaming unifi\u00e9e.<\/p>\n<dl class=\"data-sheet\">\n<dt class=\"name\">Couleur du produit<\/dt>\n<dd class=\"value\">Noir<\/dd>\n<dt class=\"name\">Interface de l&rsquo;appareil<\/dt>\n<dd class=\"value\">USB<\/dd>\n<dt class=\"name\">Prise en charge du syst\u00e8me d&rsquo;exploitation Windows<\/dt>\n<dd class=\"value\">Windows 11<\/dd>\n<dt class=\"name\">Utilisation recommand\u00e9e<\/dt>\n<dd class=\"value\">Gaming<\/dd>\n<dt class=\"name\">Dispositif de pointage<\/dt>\n<dd class=\"value\">Non<\/dd>\n<dt class=\"name\">Pav\u00e9 num\u00e9rique<\/dt>\n<dd class=\"value\">Oui<\/dd>\n<dt class=\"name\">Carte de garantie<\/dt>\n<dd class=\"value\">Oui<\/dd>\n<dt class=\"name\">Type de r\u00e9tro<\/dt>\n<dd class=\"value\">LED RGB<\/dd>\n<dt class=\"name\">Connecteur USB<\/dt>\n<dd class=\"value\">USB Type-A<\/dd>\n<dt class=\"name\">Technologie de connectivit\u00e9<\/dt>\n<dd class=\"value\">Avec fil<\/dd>\n<dt class=\"name\">Type de source d&rsquo;alimentation<\/dt>\n<dd class=\"value\">USB<\/dd>\n<dt class=\"name\">Couleur de Backlight<\/dt>\n<dd class=\"value\">Multicolore<\/dd>\n<dt class=\"name\">R\u00e9tro\u00e9clairage<\/dt>\n<dd class=\"value\">Oui<\/dd>\n<dt class=\"name\">Longueur de c\u00e2ble<\/dt>\n<dd class=\"value\">2 m<\/dd>\n<dt class=\"name\">Language du clavier<\/dt>\n<dd class=\"value\">Fran\u00e7ais<\/dd>\n<dt class=\"name\">Souris incluse<\/dt>\n<dd class=\"value\">Non<\/dd>\n<dt class=\"name\">Disposition des touches du clavier<\/dt>\n<dd class=\"value\">QWERTY<\/dd>\n<dt class=\"name\">Nombre de produits inclus<\/dt>\n<dd class=\"value\">1 pi\u00e8ce(s)<\/dd>\n<dt class=\"name\">Taux d&rsquo;interrogation<\/dt>\n<dd class=\"value\">1000 Hz<\/dd>\n<dt class=\"name\">Anti-ghosting<\/dt>\n<dd class=\"value\">Oui<\/dd>\n<dt class=\"name\">Dimensions du clavier (LxPxH)<\/dt>\n<dd class=\"value\">385 x 153 x 38 mm<\/dd>\n<dt class=\"name\">Facteur de forme du clavier<\/dt>\n<dd class=\"value\">96%<\/dd>\n<dt class=\"name\">Interrupteur \u00e0 cl\u00e9 de clavier<\/dt>\n<dd class=\"value\">Contacteur de touche opto-m\u00e9canique<\/dd>\n<dt class=\"name\">Poids du clavier<\/dt>\n<dd class=\"value\">1,01 kg<\/dd>\n<dt class=\"name\">Retournement<\/dt>\n<dd class=\"value\">Roulement de la touche N<\/dd>\n<dt class=\"name\">R\u00e9tro\u00e9clairage ajustable<\/dt>\n<dd class=\"value\">Oui<\/dd>\n<dt class=\"name\">Style de clavier<\/dt>\n<dd class=\"value\">Droit<\/dd>\n<dt class=\"name\">Touches Windows<\/dt>\n<dd class=\"value\">Oui<\/dd>\n<dt class=\"name\">Hauteur ajustable du clavier<\/dt>\n<dd class=\"value\">Oui<\/dd>\n<dt class=\"name\">Mat\u00e9riau des touches<\/dt>\n<dd class=\"value\">Acrylonitrile-Butadi\u00e8ne-Styr\u00e8ne (ABS)<\/dd>\n<dt class=\"name\">Touches<\/dt>\n<dd class=\"value\">Coup double<\/dd>\n<\/dl>\n","protected":false},"excerpt":{"rendered":"<p><strong>\ud83e\udd85 ASUS ROG &amp; TUF : Armez-vous pour la victoire<\/strong><\/p>\n<p>L&rsquo;\u00e9cosyst\u00e8me ASUS s&rsquo;\u00e9tend jusqu&rsquo;au bout de vos doigts avec des p\u00e9riph\u00e9riques ROG ultra-personnalisables et des mod\u00e8les TUF con\u00e7us pour r\u00e9sister \u00e0 la rage de vaincre des joueurs les plus acharn\u00e9s.<\/p>\n","protected":false},"featured_media":10909,"template":"","meta":{"ocean_post_layout":"","ocean_both_sidebars_style":"","ocean_both_sidebars_content_width":0,"ocean_both_sidebars_sidebars_width":0,"ocean_sidebar":"0","ocean_second_sidebar":"0","ocean_disable_margins":"enable","ocean_add_body_class":"","ocean_shortcode_before_top_bar":"","ocean_shortcode_after_top_bar":"","ocean_shortcode_before_header":"","ocean_shortcode_after_header":"","ocean_has_shortcode":"","ocean_shortcode_after_title":"","ocean_shortcode_before_footer_widgets":"","ocean_shortcode_after_footer_widgets":"","ocean_shortcode_before_footer_bottom":"","ocean_shortcode_after_footer_bottom":"","ocean_display_top_bar":"default","ocean_display_header":"default","ocean_header_style":"","ocean_center_header_left_menu":"0","ocean_custom_header_template":"0","ocean_custom_logo":0,"ocean_custom_retina_logo":0,"ocean_custom_logo_max_width":0,"ocean_custom_logo_tablet_max_width":0,"ocean_custom_logo_mobile_max_width":0,"ocean_custom_logo_max_height":0,"ocean_custom_logo_tablet_max_height":0,"ocean_custom_logo_mobile_max_height":0,"ocean_header_custom_menu":"0","ocean_menu_typo_font_family":"0","ocean_menu_typo_font_subset":"","ocean_menu_typo_font_size":0,"ocean_menu_typo_font_size_tablet":0,"ocean_menu_typo_font_size_mobile":0,"ocean_menu_typo_font_size_unit":"px","ocean_menu_typo_font_weight":"","ocean_menu_typo_font_weight_tablet":"","ocean_menu_typo_font_weight_mobile":"","ocean_menu_typo_transform":"","ocean_menu_typo_transform_tablet":"","ocean_menu_typo_transform_mobile":"","ocean_menu_typo_line_height":0,"ocean_menu_typo_line_height_tablet":0,"ocean_menu_typo_line_height_mobile":0,"ocean_menu_typo_line_height_unit":"","ocean_menu_typo_spacing":0,"ocean_menu_typo_spacing_tablet":0,"ocean_menu_typo_spacing_mobile":0,"ocean_menu_typo_spacing_unit":"","ocean_menu_link_color":"","ocean_menu_link_color_hover":"","ocean_menu_link_color_active":"","ocean_menu_link_background":"","ocean_menu_link_hover_background":"","ocean_menu_link_active_background":"","ocean_menu_social_links_bg":"","ocean_menu_social_hover_links_bg":"","ocean_menu_social_links_color":"","ocean_menu_social_hover_links_color":"","ocean_disable_title":"default","ocean_disable_heading":"default","ocean_post_title":"","ocean_post_subheading":"","ocean_post_title_style":"","ocean_post_title_background_color":"","ocean_post_title_background":0,"ocean_post_title_bg_image_position":"","ocean_post_title_bg_image_attachment":"","ocean_post_title_bg_image_repeat":"","ocean_post_title_bg_image_size":"","ocean_post_title_height":0,"ocean_post_title_bg_overlay":0.5,"ocean_post_title_bg_overlay_color":"","ocean_disable_breadcrumbs":"default","ocean_breadcrumbs_color":"","ocean_breadcrumbs_separator_color":"","ocean_breadcrumbs_links_color":"","ocean_breadcrumbs_links_hover_color":"","ocean_display_footer_widgets":"default","ocean_display_footer_bottom":"default","ocean_custom_footer_template":"0"},"product_brand":[27],"product_cat":[49],"product_tag":[],"class_list":{"0":"post-10910","1":"product","2":"type-product","3":"status-publish","4":"has-post-thumbnail","6":"product_brand-asus","7":"product_cat-clavier","9":"entry","10":"has-media","12":"first","13":"instock","14":"taxable","15":"shipping-taxable","16":"purchasable","17":"product-type-simple","18":"has-product-nav","19":"col","20":"span_1_of_4","21":"owp-content-center","22":"owp-thumbs-layout-horizontal","23":"owp-btn-big","24":"owp-tabs-layout-horizontal","25":"has-no-thumbnails"},"yoast_head":"<!-- This site is optimized with the Yoast SEO plugin v27.3 - https:\/\/yoast.com\/product\/yoast-seo-wordpress\/ -->\n<title>ASUS TUF K3 GEN II - Epsilon PC<\/title>\n<meta name=\"robots\" content=\"index, follow, max-snippet:-1, max-image-preview:large, max-video-preview:-1\" \/>\n<link rel=\"canonical\" href=\"https:\/\/www.epsilon-pc.fr\/index.php\/produit\/asus-tuf-k3-gen-ii\/\" \/>\n<meta property=\"og:locale\" content=\"fr_FR\" \/>\n<meta property=\"og:type\" content=\"article\" \/>\n<meta property=\"og:title\" content=\"ASUS TUF K3 GEN II - Epsilon PC\" \/>\n<meta property=\"og:description\" content=\"\ud83e\udd85 ASUS ROG &amp; TUF : Armez-vous pour la victoire  L&#039;\u00e9cosyst\u00e8me ASUS s&#039;\u00e9tend jusqu&#039;au bout de vos doigts avec des p\u00e9riph\u00e9riques ROG ultra-personnalisables et des mod\u00e8les TUF con\u00e7us pour r\u00e9sister \u00e0 la rage de vaincre des joueurs les plus acharn\u00e9s.\" \/>\n<meta property=\"og:url\" content=\"https:\/\/www.epsilon-pc.fr\/index.php\/produit\/asus-tuf-k3-gen-ii\/\" \/>\n<meta property=\"og:site_name\" content=\"Epsilon PC\" \/>\n<meta property=\"article:modified_time\" content=\"2026-04-08T07:40:40+00:00\" \/>\n<meta property=\"og:image\" content=\"http:\/\/www.epsilon-pc.fr\/wp-content\/uploads\/2026\/04\/asus-tuf-k3-gen-ii.jpg\" \/>\n\t<meta property=\"og:image:width\" content=\"800\" \/>\n\t<meta property=\"og:image:height\" content=\"800\" \/>\n\t<meta property=\"og:image:type\" content=\"image\/jpeg\" \/>\n<meta name=\"twitter:card\" content=\"summary_large_image\" \/>\n<meta name=\"twitter:label1\" content=\"Dur\u00e9e de lecture estim\u00e9e\" \/>\n\t<meta name=\"twitter:data1\" content=\"4 minutes\" \/>\n<script type=\"application\/ld+json\" class=\"yoast-schema-graph\">{\"@context\":\"https:\\\/\\\/schema.org\",\"@graph\":[{\"@type\":\"WebPage\",\"@id\":\"https:\\\/\\\/www.epsilon-pc.fr\\\/index.php\\\/produit\\\/asus-tuf-k3-gen-ii\\\/\",\"url\":\"https:\\\/\\\/www.epsilon-pc.fr\\\/index.php\\\/produit\\\/asus-tuf-k3-gen-ii\\\/\",\"name\":\"ASUS TUF K3 GEN II - Epsilon PC\",\"isPartOf\":{\"@id\":\"https:\\\/\\\/www.epsilon-pc.fr\\\/#website\"},\"primaryImageOfPage\":{\"@id\":\"https:\\\/\\\/www.epsilon-pc.fr\\\/index.php\\\/produit\\\/asus-tuf-k3-gen-ii\\\/#primaryimage\"},\"image\":{\"@id\":\"https:\\\/\\\/www.epsilon-pc.fr\\\/index.php\\\/produit\\\/asus-tuf-k3-gen-ii\\\/#primaryimage\"},\"thumbnailUrl\":\"https:\\\/\\\/www.epsilon-pc.fr\\\/wp-content\\\/uploads\\\/2026\\\/04\\\/asus-tuf-k3-gen-ii.jpg\",\"datePublished\":\"2026-04-08T07:34:42+00:00\",\"dateModified\":\"2026-04-08T07:40:40+00:00\",\"breadcrumb\":{\"@id\":\"https:\\\/\\\/www.epsilon-pc.fr\\\/index.php\\\/produit\\\/asus-tuf-k3-gen-ii\\\/#breadcrumb\"},\"inLanguage\":\"fr-FR\",\"potentialAction\":[{\"@type\":\"ReadAction\",\"target\":[\"https:\\\/\\\/www.epsilon-pc.fr\\\/index.php\\\/produit\\\/asus-tuf-k3-gen-ii\\\/\"]}]},{\"@type\":\"ImageObject\",\"inLanguage\":\"fr-FR\",\"@id\":\"https:\\\/\\\/www.epsilon-pc.fr\\\/index.php\\\/produit\\\/asus-tuf-k3-gen-ii\\\/#primaryimage\",\"url\":\"https:\\\/\\\/www.epsilon-pc.fr\\\/wp-content\\\/uploads\\\/2026\\\/04\\\/asus-tuf-k3-gen-ii.jpg\",\"contentUrl\":\"https:\\\/\\\/www.epsilon-pc.fr\\\/wp-content\\\/uploads\\\/2026\\\/04\\\/asus-tuf-k3-gen-ii.jpg\",\"width\":800,\"height\":800},{\"@type\":\"BreadcrumbList\",\"@id\":\"https:\\\/\\\/www.epsilon-pc.fr\\\/index.php\\\/produit\\\/asus-tuf-k3-gen-ii\\\/#breadcrumb\",\"itemListElement\":[{\"@type\":\"ListItem\",\"position\":1,\"name\":\"Accueil\",\"item\":\"https:\\\/\\\/www.epsilon-pc.fr\\\/\"},{\"@type\":\"ListItem\",\"position\":2,\"name\":\"Boutique\",\"item\":\"https:\\\/\\\/www.epsilon-pc.fr\\\/index.php\\\/boutique\\\/\"},{\"@type\":\"ListItem\",\"position\":3,\"name\":\"ASUS TUF K3 GEN II\"}]},{\"@type\":\"WebSite\",\"@id\":\"https:\\\/\\\/www.epsilon-pc.fr\\\/#website\",\"url\":\"https:\\\/\\\/www.epsilon-pc.fr\\\/\",\"name\":\"Epsilon PC\",\"description\":\"\",\"publisher\":{\"@id\":\"https:\\\/\\\/www.epsilon-pc.fr\\\/#organization\"},\"potentialAction\":[{\"@type\":\"SearchAction\",\"target\":{\"@type\":\"EntryPoint\",\"urlTemplate\":\"https:\\\/\\\/www.epsilon-pc.fr\\\/?s={search_term_string}\"},\"query-input\":{\"@type\":\"PropertyValueSpecification\",\"valueRequired\":true,\"valueName\":\"search_term_string\"}}],\"inLanguage\":\"fr-FR\"},{\"@type\":\"Organization\",\"@id\":\"https:\\\/\\\/www.epsilon-pc.fr\\\/#organization\",\"name\":\"Epsilon PC\",\"url\":\"https:\\\/\\\/www.epsilon-pc.fr\\\/\",\"logo\":{\"@type\":\"ImageObject\",\"inLanguage\":\"fr-FR\",\"@id\":\"https:\\\/\\\/www.epsilon-pc.fr\\\/#\\\/schema\\\/logo\\\/image\\\/\",\"url\":\"https:\\\/\\\/www.epsilon-pc.fr\\\/wp-content\\\/uploads\\\/2026\\\/02\\\/cropped-LogoEpsi-1.bmp\",\"contentUrl\":\"https:\\\/\\\/www.epsilon-pc.fr\\\/wp-content\\\/uploads\\\/2026\\\/02\\\/cropped-LogoEpsi-1.bmp\",\"width\":191,\"height\":59,\"caption\":\"Epsilon PC\"},\"image\":{\"@id\":\"https:\\\/\\\/www.epsilon-pc.fr\\\/#\\\/schema\\\/logo\\\/image\\\/\"}}]}<\/script>\n<!-- \/ Yoast SEO plugin. -->","yoast_head_json":{"title":"ASUS TUF K3 GEN II - Epsilon PC","robots":{"index":"index","follow":"follow","max-snippet":"max-snippet:-1","max-image-preview":"max-image-preview:large","max-video-preview":"max-video-preview:-1"},"canonical":"https:\/\/www.epsilon-pc.fr\/index.php\/produit\/asus-tuf-k3-gen-ii\/","og_locale":"fr_FR","og_type":"article","og_title":"ASUS TUF K3 GEN II - Epsilon PC","og_description":"\ud83e\udd85 ASUS ROG &amp; TUF : Armez-vous pour la victoire  L'\u00e9cosyst\u00e8me ASUS s'\u00e9tend jusqu'au bout de vos doigts avec des p\u00e9riph\u00e9riques ROG ultra-personnalisables et des mod\u00e8les TUF con\u00e7us pour r\u00e9sister \u00e0 la rage de vaincre des joueurs les plus acharn\u00e9s.","og_url":"https:\/\/www.epsilon-pc.fr\/index.php\/produit\/asus-tuf-k3-gen-ii\/","og_site_name":"Epsilon PC","article_modified_time":"2026-04-08T07:40:40+00:00","og_image":[{"width":800,"height":800,"url":"http:\/\/www.epsilon-pc.fr\/wp-content\/uploads\/2026\/04\/asus-tuf-k3-gen-ii.jpg","type":"image\/jpeg"}],"twitter_card":"summary_large_image","twitter_misc":{"Dur\u00e9e de lecture estim\u00e9e":"4 minutes"},"schema":{"@context":"https:\/\/schema.org","@graph":[{"@type":"WebPage","@id":"https:\/\/www.epsilon-pc.fr\/index.php\/produit\/asus-tuf-k3-gen-ii\/","url":"https:\/\/www.epsilon-pc.fr\/index.php\/produit\/asus-tuf-k3-gen-ii\/","name":"ASUS TUF K3 GEN II - Epsilon PC","isPartOf":{"@id":"https:\/\/www.epsilon-pc.fr\/#website"},"primaryImageOfPage":{"@id":"https:\/\/www.epsilon-pc.fr\/index.php\/produit\/asus-tuf-k3-gen-ii\/#primaryimage"},"image":{"@id":"https:\/\/www.epsilon-pc.fr\/index.php\/produit\/asus-tuf-k3-gen-ii\/#primaryimage"},"thumbnailUrl":"https:\/\/www.epsilon-pc.fr\/wp-content\/uploads\/2026\/04\/asus-tuf-k3-gen-ii.jpg","datePublished":"2026-04-08T07:34:42+00:00","dateModified":"2026-04-08T07:40:40+00:00","breadcrumb":{"@id":"https:\/\/www.epsilon-pc.fr\/index.php\/produit\/asus-tuf-k3-gen-ii\/#breadcrumb"},"inLanguage":"fr-FR","potentialAction":[{"@type":"ReadAction","target":["https:\/\/www.epsilon-pc.fr\/index.php\/produit\/asus-tuf-k3-gen-ii\/"]}]},{"@type":"ImageObject","inLanguage":"fr-FR","@id":"https:\/\/www.epsilon-pc.fr\/index.php\/produit\/asus-tuf-k3-gen-ii\/#primaryimage","url":"https:\/\/www.epsilon-pc.fr\/wp-content\/uploads\/2026\/04\/asus-tuf-k3-gen-ii.jpg","contentUrl":"https:\/\/www.epsilon-pc.fr\/wp-content\/uploads\/2026\/04\/asus-tuf-k3-gen-ii.jpg","width":800,"height":800},{"@type":"BreadcrumbList","@id":"https:\/\/www.epsilon-pc.fr\/index.php\/produit\/asus-tuf-k3-gen-ii\/#breadcrumb","itemListElement":[{"@type":"ListItem","position":1,"name":"Accueil","item":"https:\/\/www.epsilon-pc.fr\/"},{"@type":"ListItem","position":2,"name":"Boutique","item":"https:\/\/www.epsilon-pc.fr\/index.php\/boutique\/"},{"@type":"ListItem","position":3,"name":"ASUS TUF K3 GEN II"}]},{"@type":"WebSite","@id":"https:\/\/www.epsilon-pc.fr\/#website","url":"https:\/\/www.epsilon-pc.fr\/","name":"Epsilon PC","description":"","publisher":{"@id":"https:\/\/www.epsilon-pc.fr\/#organization"},"potentialAction":[{"@type":"SearchAction","target":{"@type":"EntryPoint","urlTemplate":"https:\/\/www.epsilon-pc.fr\/?s={search_term_string}"},"query-input":{"@type":"PropertyValueSpecification","valueRequired":true,"valueName":"search_term_string"}}],"inLanguage":"fr-FR"},{"@type":"Organization","@id":"https:\/\/www.epsilon-pc.fr\/#organization","name":"Epsilon PC","url":"https:\/\/www.epsilon-pc.fr\/","logo":{"@type":"ImageObject","inLanguage":"fr-FR","@id":"https:\/\/www.epsilon-pc.fr\/#\/schema\/logo\/image\/","url":"https:\/\/www.epsilon-pc.fr\/wp-content\/uploads\/2026\/02\/cropped-LogoEpsi-1.bmp","contentUrl":"https:\/\/www.epsilon-pc.fr\/wp-content\/uploads\/2026\/02\/cropped-LogoEpsi-1.bmp","width":191,"height":59,"caption":"Epsilon PC"},"image":{"@id":"https:\/\/www.epsilon-pc.fr\/#\/schema\/logo\/image\/"}}]}},"_links":{"self":[{"href":"https:\/\/www.epsilon-pc.fr\/index.php\/wp-json\/wp\/v2\/product\/10910","targetHints":{"allow":["GET"]}}],"collection":[{"href":"https:\/\/www.epsilon-pc.fr\/index.php\/wp-json\/wp\/v2\/product"}],"about":[{"href":"https:\/\/www.epsilon-pc.fr\/index.php\/wp-json\/wp\/v2\/types\/product"}],"wp:featuredmedia":[{"embeddable":true,"href":"https:\/\/www.epsilon-pc.fr\/index.php\/wp-json\/wp\/v2\/media\/10909"}],"wp:attachment":[{"href":"https:\/\/www.epsilon-pc.fr\/index.php\/wp-json\/wp\/v2\/media?parent=10910"}],"wp:term":[{"taxonomy":"product_brand","embeddable":true,"href":"https:\/\/www.epsilon-pc.fr\/index.php\/wp-json\/wp\/v2\/product_brand?post=10910"},{"taxonomy":"product_cat","embeddable":true,"href":"https:\/\/www.epsilon-pc.fr\/index.php\/wp-json\/wp\/v2\/product_cat?post=10910"},{"taxonomy":"product_tag","embeddable":true,"href":"https:\/\/www.epsilon-pc.fr\/index.php\/wp-json\/wp\/v2\/product_tag?post=10910"}],"curies":[{"name":"wp","href":"https:\/\/api.w.org\/{rel}","templated":true}]}}