{"id":10831,"date":"2026-04-02T10:11:08","date_gmt":"2026-04-02T08:11:08","guid":{"rendered":"https:\/\/www.epsilon-pc.fr\/index.php\/produit\/samsung-mz-v9p1t0-1-to-m-2-pci-express-4-0\/"},"modified":"2026-04-02T10:13:46","modified_gmt":"2026-04-02T08:13:46","slug":"samsung-mz-v9p1t0-1-to-m-2-pci-express-4-0","status":"publish","type":"product","link":"https:\/\/www.epsilon-pc.fr\/index.php\/produit\/samsung-mz-v9p1t0-1-to-m-2-pci-express-4-0\/","title":{"rendered":"SAMSUNG MZ-V9P1T0 1TO"},"content":{"rendered":"<p>Le SSD Ultime<br \/>\nAtteignez les limites du PCIe\u00ae 4.0<sup>[1]<\/sup><br \/>\nUn maintien des performances sur le long terme vous permettant de dominer vos adversaires.<br \/>\nLe contr\u00f4leur made-in Samsung de gestion intelligente de la chaleur propose une optimisation de la puissance tout en maintenant des vitesses et des performances f\u00e9roces, pour toujours vous garder au top de votre jeu.<\/p>\n<p>Vitesse maximale du PCIe 4.0<br \/>\nGain de vitesse gigantesque. Vitesses de lecture\/ecriture al\u00e9atoire sont 40% et 50% plus rapides que le 980 PRO &#8211; Jusqu&rsquo;\u00e0 1400K\/1650K IOPS, pendant que la vitesse s\u00e9quentielle de lecture\/\u00e9criture est de 7450\/6900 Mo\/s atteignant presque les performances maximales du PCIe\u00ae 4.0. Soyez au top que ce soit pour le gaming, le montage vid\u00e9o et 3D, l&rsquo;analyse de donn\u00e9es et bien plus encore.<\/p>\n<p>Gestion de l&rsquo;\u00e9nergie r\u00e9volutionnaire<br \/>\nMeilleure performance de gestion d&rsquo;\u00e9nergie. L&rsquo;augmentation des performances consomme en g\u00e9n\u00e9ral plus d&rsquo;\u00e9nergie. Mais, le 990 PRO utilise moins d&rsquo;\u00e9nergie avec plus de 50% de ses performances am\u00e9lior\u00e9es par Watt par rapport au 980 PRO. Ce design tr\u00e8s peu gourmand en \u00e9nergie rend les performances maximales du PCIe\u00ae 4.0 atteignables avec une gestion \u00e9nerg\u00e9tique optimale.<\/p>\n<p>Solution thermique intelligente<br \/>\n\u00c9vacuez la chaleur. Le fin dissipateur \u00e9vite la surchauffe ainsi que les baisses de performance. Obtenez un contr\u00f4le de la chaleur stable et un bruit de ventilateur minime pour jouer \u00e0 vos jeux les plus lourds. Le bo\u00eetier fin est compatible avec la Playstation\u00ae 5 et PC r\u00e9pondant \u00e0 la norme PCI-SIG\u00ae D8.<\/p>\n<p>Cr\u00e9ateur de champion<br \/>\nLa meilleure exp\u00e9rience de jeu. Avec une am\u00e9lioration de plus de 55% des performances al\u00e9atoires permettant des chargements plus rapides pour un r\u00e9alisme gaming ultime sur la PS5 et les jeux PC profitant du DirectStorage. Le design futuriste du dissipateur thermique avec ses lumi\u00e8res RVB ajoute un style incomparable au contr\u00f4le de la chaleur.<\/p>\n<p>Logiciel Samsung Magician<br \/>\nLib\u00e9rer toute la puissance du 990 PRO. La simplicit\u00e9 d&rsquo;utilisation du logiciel Samsung Magician et de ses outils d&rsquo;optimisation vous permet de toujours tirer profit des meilleurs performances de votre SSD. Prot\u00e9ger vos donn\u00e9es importantes, surveiller l&rsquo;\u00e9tat du disque et configurer des combinaisons de couleurs LED. Votre boite \u00e0 outils pour votre SSD.<\/p>\n<p>Le n\u00b01 mondial de la m\u00e9moire Flash<br \/>\nProfiter dune dur\u00e9e de vie et de performances sup\u00e9rieures que seule la premi\u00e8re marque de m\u00e9moire flash au monde depuis 2003 peut vous offrir. Tous les firmwares et composants, dont les m\u00e9moires Samsung DRAM et NAND mondialement connues, sont fabriqu\u00e9s dans nos usines et nous permet donc de vous assurer une qualit\u00e9 impeccable.<\/p>\n<dl class=\"data-sheet\">\n<dt class=\"name\">Hauteur<\/dt>\n<dd class=\"value\">24,3 mm<\/dd>\n<dt class=\"name\">Largeur<\/dt>\n<dd class=\"value\">80 mm<\/dd>\n<dt class=\"name\">Poids<\/dt>\n<dd class=\"value\">28 g<\/dd>\n<dt class=\"name\">Profondeur<\/dt>\n<dd class=\"value\">8,2 mm<\/dd>\n<dt class=\"name\">Capacit\u00e9 du Solid State Drive (SSD)<\/dt>\n<dd class=\"value\">1 To<\/dd>\n<dt class=\"name\">NVMe<\/dt>\n<dd class=\"value\">Oui<\/dd>\n<dt class=\"name\">Algorithme de s\u00e9curit\u00e9 soutenu<\/dt>\n<dd class=\"value\">256-bit AES<\/dd>\n<dt class=\"name\">Temp\u00e9rature d&rsquo;op\u00e9ration<\/dt>\n<dd class=\"value\">0 &#8211; 70 \u00b0C<\/dd>\n<dt class=\"name\">composant pour<\/dt>\n<dd class=\"value\">PC<\/dd>\n<dt class=\"name\">Consommation (max)<\/dt>\n<dd class=\"value\">7,8 W<\/dd>\n<dt class=\"name\">Facteur de forme SSD<\/dt>\n<dd class=\"value\">M.2<\/dd>\n<dt class=\"name\">Interface<\/dt>\n<dd class=\"value\">PCI Express 4.0<\/dd>\n<dt class=\"name\">Lecture al\u00e9atoire (4KB)<\/dt>\n<dd class=\"value\">1200000 IOPS<\/dd>\n<dt class=\"name\">Support S.M.A.R.T.<\/dt>\n<dd class=\"value\">Oui<\/dd>\n<dt class=\"name\">Support TRIM<\/dt>\n<dd class=\"value\">Oui<\/dd>\n<dt class=\"name\">Temps moyen entre pannes<\/dt>\n<dd class=\"value\">1500000 h<\/dd>\n<dt class=\"name\">Type de m\u00e9moire<\/dt>\n<dd class=\"value\">V-NAND MLC<\/dd>\n<dt class=\"name\">Vitesse d&rsquo;\u00e9criture<\/dt>\n<dd class=\"value\">6900 Mo\/s<\/dd>\n<dt class=\"name\">\u00c9criture al\u00e9atoire (4KB)<\/dt>\n<dd class=\"value\">1550000 IOPS<\/dd>\n<dt class=\"name\">Consommation d&rsquo;\u00e9nergie (moyenne)<\/dt>\n<dd class=\"value\">5,4 W<\/dd>\n<dt class=\"name\">Le chiffrement mat\u00e9riel<\/dt>\n<dd class=\"value\">Oui<\/dd>\n<dt class=\"name\">Vitesse de lecture<\/dt>\n<dd class=\"value\">7450 Mo\/s<\/dd>\n<dt class=\"name\">Taille du SSD M.2<\/dt>\n<dd class=\"value\">2280 (22 x 80 mm)<\/dd>\n<dt class=\"name\">Version NVMe<\/dt>\n<dd class=\"value\">2.0<\/dd>\n<dt class=\"name\">Tension de fonctionnement<\/dt>\n<dd class=\"value\">3,3 V<\/dd>\n<dt class=\"name\">Choc durant le fonctionnement<\/dt>\n<dd class=\"value\">1500 G<\/dd>\n<dt class=\"name\">Prise en charge de DevSlp (veille du dispositif)<\/dt>\n<dd class=\"value\">Oui<\/dd>\n<\/dl>\n","protected":false},"excerpt":{"rendered":"<p><strong>\ud83d\ude80 Samsung : Le leader incontest\u00e9 du SSD<\/strong><\/p>\n<p>Que ce soit pour le gaming extr\u00eame ou les stations de travail professionnelles, les SSD Samsung offrent des vitesses de lecture\/\u00e9criture vertigineuses et une endurance exceptionnelle.<\/p>\n<ul>\n<li><strong>\ud83d\udc51 S\u00e9ries PRO :<\/strong> L&rsquo;\u00e9lite de la performance et de la long\u00e9vit\u00e9, con\u00e7ue pour les cr\u00e9ateurs et les charges de travail intenses.<\/li>\n<li><strong>\u26a1 S\u00e9ries EVO &amp; QVO :<\/strong> L&rsquo;\u00e9quilibre parfait pour booster n&rsquo;importe quel PC avec des capacit\u00e9s massives.<\/li>\n<\/ul>\n","protected":false},"featured_media":10830,"template":"","meta":{"ocean_post_layout":"","ocean_both_sidebars_style":"","ocean_both_sidebars_content_width":0,"ocean_both_sidebars_sidebars_width":0,"ocean_sidebar":"0","ocean_second_sidebar":"0","ocean_disable_margins":"enable","ocean_add_body_class":"","ocean_shortcode_before_top_bar":"","ocean_shortcode_after_top_bar":"","ocean_shortcode_before_header":"","ocean_shortcode_after_header":"","ocean_has_shortcode":"","ocean_shortcode_after_title":"","ocean_shortcode_before_footer_widgets":"","ocean_shortcode_after_footer_widgets":"","ocean_shortcode_before_footer_bottom":"","ocean_shortcode_after_footer_bottom":"","ocean_display_top_bar":"default","ocean_display_header":"default","ocean_header_style":"","ocean_center_header_left_menu":"0","ocean_custom_header_template":"0","ocean_custom_logo":0,"ocean_custom_retina_logo":0,"ocean_custom_logo_max_width":0,"ocean_custom_logo_tablet_max_width":0,"ocean_custom_logo_mobile_max_width":0,"ocean_custom_logo_max_height":0,"ocean_custom_logo_tablet_max_height":0,"ocean_custom_logo_mobile_max_height":0,"ocean_header_custom_menu":"0","ocean_menu_typo_font_family":"0","ocean_menu_typo_font_subset":"","ocean_menu_typo_font_size":0,"ocean_menu_typo_font_size_tablet":0,"ocean_menu_typo_font_size_mobile":0,"ocean_menu_typo_font_size_unit":"px","ocean_menu_typo_font_weight":"","ocean_menu_typo_font_weight_tablet":"","ocean_menu_typo_font_weight_mobile":"","ocean_menu_typo_transform":"","ocean_menu_typo_transform_tablet":"","ocean_menu_typo_transform_mobile":"","ocean_menu_typo_line_height":0,"ocean_menu_typo_line_height_tablet":0,"ocean_menu_typo_line_height_mobile":0,"ocean_menu_typo_line_height_unit":"","ocean_menu_typo_spacing":0,"ocean_menu_typo_spacing_tablet":0,"ocean_menu_typo_spacing_mobile":0,"ocean_menu_typo_spacing_unit":"","ocean_menu_link_color":"","ocean_menu_link_color_hover":"","ocean_menu_link_color_active":"","ocean_menu_link_background":"","ocean_menu_link_hover_background":"","ocean_menu_link_active_background":"","ocean_menu_social_links_bg":"","ocean_menu_social_hover_links_bg":"","ocean_menu_social_links_color":"","ocean_menu_social_hover_links_color":"","ocean_disable_title":"default","ocean_disable_heading":"default","ocean_post_title":"","ocean_post_subheading":"","ocean_post_title_style":"","ocean_post_title_background_color":"","ocean_post_title_background":0,"ocean_post_title_bg_image_position":"","ocean_post_title_bg_image_attachment":"","ocean_post_title_bg_image_repeat":"","ocean_post_title_bg_image_size":"","ocean_post_title_height":0,"ocean_post_title_bg_overlay":0.5,"ocean_post_title_bg_overlay_color":"","ocean_disable_breadcrumbs":"default","ocean_breadcrumbs_color":"","ocean_breadcrumbs_separator_color":"","ocean_breadcrumbs_links_color":"","ocean_breadcrumbs_links_hover_color":"","ocean_display_footer_widgets":"default","ocean_display_footer_bottom":"default","ocean_custom_footer_template":"0"},"product_brand":[62],"product_cat":[58],"product_tag":[],"class_list":{"0":"post-10831","1":"product","2":"type-product","3":"status-publish","4":"has-post-thumbnail","6":"product_brand-samsung","7":"product_cat-nvme","9":"entry","10":"has-media","12":"first","13":"instock","14":"taxable","15":"shipping-taxable","16":"purchasable","17":"product-type-simple","18":"has-product-nav","19":"col","20":"span_1_of_4","21":"owp-content-center","22":"owp-thumbs-layout-horizontal","23":"owp-btn-big","24":"owp-tabs-layout-horizontal","25":"has-no-thumbnails"},"yoast_head":"<!-- This site is optimized with the Yoast SEO plugin v27.3 - https:\/\/yoast.com\/product\/yoast-seo-wordpress\/ -->\n<title>SAMSUNG MZ-V9P1T0 1TO - Epsilon PC<\/title>\n<meta name=\"robots\" content=\"index, follow, max-snippet:-1, max-image-preview:large, max-video-preview:-1\" \/>\n<link rel=\"canonical\" href=\"https:\/\/www.epsilon-pc.fr\/index.php\/produit\/samsung-mz-v9p1t0-1-to-m-2-pci-express-4-0\/\" \/>\n<meta property=\"og:locale\" content=\"fr_FR\" \/>\n<meta property=\"og:type\" content=\"article\" \/>\n<meta property=\"og:title\" content=\"SAMSUNG MZ-V9P1T0 1TO - Epsilon PC\" \/>\n<meta property=\"og:description\" content=\"\ud83d\ude80 Samsung : Le leader incontest\u00e9 du SSD  Que ce soit pour le gaming extr\u00eame ou les stations de travail professionnelles, les SSD Samsung offrent des vitesses de lecture\/\u00e9criture vertigineuses et une endurance exceptionnelle.   \ud83d\udc51 S\u00e9ries PRO : L&#039;\u00e9lite de la performance et de la long\u00e9vit\u00e9, con\u00e7ue pour les cr\u00e9ateurs et les charges de travail intenses.  \u26a1 S\u00e9ries EVO &amp; QVO : L&#039;\u00e9quilibre parfait pour booster n&#039;importe quel PC avec des capacit\u00e9s massives.\" \/>\n<meta property=\"og:url\" content=\"https:\/\/www.epsilon-pc.fr\/index.php\/produit\/samsung-mz-v9p1t0-1-to-m-2-pci-express-4-0\/\" \/>\n<meta property=\"og:site_name\" content=\"Epsilon PC\" \/>\n<meta property=\"article:modified_time\" content=\"2026-04-02T08:13:46+00:00\" \/>\n<meta property=\"og:image\" content=\"http:\/\/www.epsilon-pc.fr\/wp-content\/uploads\/2026\/04\/samsung-ssd-990-pro-1t-m2-dissipateur-mz-v9p1t0gw.jpg\" \/>\n\t<meta property=\"og:image:width\" content=\"800\" \/>\n\t<meta property=\"og:image:height\" content=\"800\" \/>\n\t<meta property=\"og:image:type\" content=\"image\/jpeg\" \/>\n<meta name=\"twitter:card\" content=\"summary_large_image\" \/>\n<meta name=\"twitter:label1\" content=\"Dur\u00e9e de lecture estim\u00e9e\" \/>\n\t<meta name=\"twitter:data1\" content=\"3 minutes\" \/>\n<script type=\"application\/ld+json\" class=\"yoast-schema-graph\">{\"@context\":\"https:\\\/\\\/schema.org\",\"@graph\":[{\"@type\":\"WebPage\",\"@id\":\"https:\\\/\\\/www.epsilon-pc.fr\\\/index.php\\\/produit\\\/samsung-mz-v9p1t0-1-to-m-2-pci-express-4-0\\\/\",\"url\":\"https:\\\/\\\/www.epsilon-pc.fr\\\/index.php\\\/produit\\\/samsung-mz-v9p1t0-1-to-m-2-pci-express-4-0\\\/\",\"name\":\"SAMSUNG MZ-V9P1T0 1TO - Epsilon PC\",\"isPartOf\":{\"@id\":\"https:\\\/\\\/www.epsilon-pc.fr\\\/#website\"},\"primaryImageOfPage\":{\"@id\":\"https:\\\/\\\/www.epsilon-pc.fr\\\/index.php\\\/produit\\\/samsung-mz-v9p1t0-1-to-m-2-pci-express-4-0\\\/#primaryimage\"},\"image\":{\"@id\":\"https:\\\/\\\/www.epsilon-pc.fr\\\/index.php\\\/produit\\\/samsung-mz-v9p1t0-1-to-m-2-pci-express-4-0\\\/#primaryimage\"},\"thumbnailUrl\":\"https:\\\/\\\/www.epsilon-pc.fr\\\/wp-content\\\/uploads\\\/2026\\\/04\\\/samsung-ssd-990-pro-1t-m2-dissipateur-mz-v9p1t0gw.jpg\",\"datePublished\":\"2026-04-02T08:11:08+00:00\",\"dateModified\":\"2026-04-02T08:13:46+00:00\",\"breadcrumb\":{\"@id\":\"https:\\\/\\\/www.epsilon-pc.fr\\\/index.php\\\/produit\\\/samsung-mz-v9p1t0-1-to-m-2-pci-express-4-0\\\/#breadcrumb\"},\"inLanguage\":\"fr-FR\",\"potentialAction\":[{\"@type\":\"ReadAction\",\"target\":[\"https:\\\/\\\/www.epsilon-pc.fr\\\/index.php\\\/produit\\\/samsung-mz-v9p1t0-1-to-m-2-pci-express-4-0\\\/\"]}]},{\"@type\":\"ImageObject\",\"inLanguage\":\"fr-FR\",\"@id\":\"https:\\\/\\\/www.epsilon-pc.fr\\\/index.php\\\/produit\\\/samsung-mz-v9p1t0-1-to-m-2-pci-express-4-0\\\/#primaryimage\",\"url\":\"https:\\\/\\\/www.epsilon-pc.fr\\\/wp-content\\\/uploads\\\/2026\\\/04\\\/samsung-ssd-990-pro-1t-m2-dissipateur-mz-v9p1t0gw.jpg\",\"contentUrl\":\"https:\\\/\\\/www.epsilon-pc.fr\\\/wp-content\\\/uploads\\\/2026\\\/04\\\/samsung-ssd-990-pro-1t-m2-dissipateur-mz-v9p1t0gw.jpg\",\"width\":800,\"height\":800},{\"@type\":\"BreadcrumbList\",\"@id\":\"https:\\\/\\\/www.epsilon-pc.fr\\\/index.php\\\/produit\\\/samsung-mz-v9p1t0-1-to-m-2-pci-express-4-0\\\/#breadcrumb\",\"itemListElement\":[{\"@type\":\"ListItem\",\"position\":1,\"name\":\"Accueil\",\"item\":\"https:\\\/\\\/www.epsilon-pc.fr\\\/\"},{\"@type\":\"ListItem\",\"position\":2,\"name\":\"Boutique\",\"item\":\"https:\\\/\\\/www.epsilon-pc.fr\\\/index.php\\\/boutique\\\/\"},{\"@type\":\"ListItem\",\"position\":3,\"name\":\"SAMSUNG MZ-V9P1T0 1TO\"}]},{\"@type\":\"WebSite\",\"@id\":\"https:\\\/\\\/www.epsilon-pc.fr\\\/#website\",\"url\":\"https:\\\/\\\/www.epsilon-pc.fr\\\/\",\"name\":\"Epsilon PC\",\"description\":\"\",\"publisher\":{\"@id\":\"https:\\\/\\\/www.epsilon-pc.fr\\\/#organization\"},\"potentialAction\":[{\"@type\":\"SearchAction\",\"target\":{\"@type\":\"EntryPoint\",\"urlTemplate\":\"https:\\\/\\\/www.epsilon-pc.fr\\\/?s={search_term_string}\"},\"query-input\":{\"@type\":\"PropertyValueSpecification\",\"valueRequired\":true,\"valueName\":\"search_term_string\"}}],\"inLanguage\":\"fr-FR\"},{\"@type\":\"Organization\",\"@id\":\"https:\\\/\\\/www.epsilon-pc.fr\\\/#organization\",\"name\":\"Epsilon PC\",\"url\":\"https:\\\/\\\/www.epsilon-pc.fr\\\/\",\"logo\":{\"@type\":\"ImageObject\",\"inLanguage\":\"fr-FR\",\"@id\":\"https:\\\/\\\/www.epsilon-pc.fr\\\/#\\\/schema\\\/logo\\\/image\\\/\",\"url\":\"https:\\\/\\\/www.epsilon-pc.fr\\\/wp-content\\\/uploads\\\/2026\\\/02\\\/cropped-LogoEpsi-1.bmp\",\"contentUrl\":\"https:\\\/\\\/www.epsilon-pc.fr\\\/wp-content\\\/uploads\\\/2026\\\/02\\\/cropped-LogoEpsi-1.bmp\",\"width\":191,\"height\":59,\"caption\":\"Epsilon PC\"},\"image\":{\"@id\":\"https:\\\/\\\/www.epsilon-pc.fr\\\/#\\\/schema\\\/logo\\\/image\\\/\"}}]}<\/script>\n<!-- \/ Yoast SEO plugin. -->","yoast_head_json":{"title":"SAMSUNG MZ-V9P1T0 1TO - Epsilon PC","robots":{"index":"index","follow":"follow","max-snippet":"max-snippet:-1","max-image-preview":"max-image-preview:large","max-video-preview":"max-video-preview:-1"},"canonical":"https:\/\/www.epsilon-pc.fr\/index.php\/produit\/samsung-mz-v9p1t0-1-to-m-2-pci-express-4-0\/","og_locale":"fr_FR","og_type":"article","og_title":"SAMSUNG MZ-V9P1T0 1TO - Epsilon PC","og_description":"\ud83d\ude80 Samsung : Le leader incontest\u00e9 du SSD  Que ce soit pour le gaming extr\u00eame ou les stations de travail professionnelles, les SSD Samsung offrent des vitesses de lecture\/\u00e9criture vertigineuses et une endurance exceptionnelle.   \ud83d\udc51 S\u00e9ries PRO : L'\u00e9lite de la performance et de la long\u00e9vit\u00e9, con\u00e7ue pour les cr\u00e9ateurs et les charges de travail intenses.  \u26a1 S\u00e9ries EVO &amp; QVO : L'\u00e9quilibre parfait pour booster n'importe quel PC avec des capacit\u00e9s massives.","og_url":"https:\/\/www.epsilon-pc.fr\/index.php\/produit\/samsung-mz-v9p1t0-1-to-m-2-pci-express-4-0\/","og_site_name":"Epsilon PC","article_modified_time":"2026-04-02T08:13:46+00:00","og_image":[{"width":800,"height":800,"url":"http:\/\/www.epsilon-pc.fr\/wp-content\/uploads\/2026\/04\/samsung-ssd-990-pro-1t-m2-dissipateur-mz-v9p1t0gw.jpg","type":"image\/jpeg"}],"twitter_card":"summary_large_image","twitter_misc":{"Dur\u00e9e de lecture estim\u00e9e":"3 minutes"},"schema":{"@context":"https:\/\/schema.org","@graph":[{"@type":"WebPage","@id":"https:\/\/www.epsilon-pc.fr\/index.php\/produit\/samsung-mz-v9p1t0-1-to-m-2-pci-express-4-0\/","url":"https:\/\/www.epsilon-pc.fr\/index.php\/produit\/samsung-mz-v9p1t0-1-to-m-2-pci-express-4-0\/","name":"SAMSUNG MZ-V9P1T0 1TO - Epsilon PC","isPartOf":{"@id":"https:\/\/www.epsilon-pc.fr\/#website"},"primaryImageOfPage":{"@id":"https:\/\/www.epsilon-pc.fr\/index.php\/produit\/samsung-mz-v9p1t0-1-to-m-2-pci-express-4-0\/#primaryimage"},"image":{"@id":"https:\/\/www.epsilon-pc.fr\/index.php\/produit\/samsung-mz-v9p1t0-1-to-m-2-pci-express-4-0\/#primaryimage"},"thumbnailUrl":"https:\/\/www.epsilon-pc.fr\/wp-content\/uploads\/2026\/04\/samsung-ssd-990-pro-1t-m2-dissipateur-mz-v9p1t0gw.jpg","datePublished":"2026-04-02T08:11:08+00:00","dateModified":"2026-04-02T08:13:46+00:00","breadcrumb":{"@id":"https:\/\/www.epsilon-pc.fr\/index.php\/produit\/samsung-mz-v9p1t0-1-to-m-2-pci-express-4-0\/#breadcrumb"},"inLanguage":"fr-FR","potentialAction":[{"@type":"ReadAction","target":["https:\/\/www.epsilon-pc.fr\/index.php\/produit\/samsung-mz-v9p1t0-1-to-m-2-pci-express-4-0\/"]}]},{"@type":"ImageObject","inLanguage":"fr-FR","@id":"https:\/\/www.epsilon-pc.fr\/index.php\/produit\/samsung-mz-v9p1t0-1-to-m-2-pci-express-4-0\/#primaryimage","url":"https:\/\/www.epsilon-pc.fr\/wp-content\/uploads\/2026\/04\/samsung-ssd-990-pro-1t-m2-dissipateur-mz-v9p1t0gw.jpg","contentUrl":"https:\/\/www.epsilon-pc.fr\/wp-content\/uploads\/2026\/04\/samsung-ssd-990-pro-1t-m2-dissipateur-mz-v9p1t0gw.jpg","width":800,"height":800},{"@type":"BreadcrumbList","@id":"https:\/\/www.epsilon-pc.fr\/index.php\/produit\/samsung-mz-v9p1t0-1-to-m-2-pci-express-4-0\/#breadcrumb","itemListElement":[{"@type":"ListItem","position":1,"name":"Accueil","item":"https:\/\/www.epsilon-pc.fr\/"},{"@type":"ListItem","position":2,"name":"Boutique","item":"https:\/\/www.epsilon-pc.fr\/index.php\/boutique\/"},{"@type":"ListItem","position":3,"name":"SAMSUNG MZ-V9P1T0 1TO"}]},{"@type":"WebSite","@id":"https:\/\/www.epsilon-pc.fr\/#website","url":"https:\/\/www.epsilon-pc.fr\/","name":"Epsilon PC","description":"","publisher":{"@id":"https:\/\/www.epsilon-pc.fr\/#organization"},"potentialAction":[{"@type":"SearchAction","target":{"@type":"EntryPoint","urlTemplate":"https:\/\/www.epsilon-pc.fr\/?s={search_term_string}"},"query-input":{"@type":"PropertyValueSpecification","valueRequired":true,"valueName":"search_term_string"}}],"inLanguage":"fr-FR"},{"@type":"Organization","@id":"https:\/\/www.epsilon-pc.fr\/#organization","name":"Epsilon PC","url":"https:\/\/www.epsilon-pc.fr\/","logo":{"@type":"ImageObject","inLanguage":"fr-FR","@id":"https:\/\/www.epsilon-pc.fr\/#\/schema\/logo\/image\/","url":"https:\/\/www.epsilon-pc.fr\/wp-content\/uploads\/2026\/02\/cropped-LogoEpsi-1.bmp","contentUrl":"https:\/\/www.epsilon-pc.fr\/wp-content\/uploads\/2026\/02\/cropped-LogoEpsi-1.bmp","width":191,"height":59,"caption":"Epsilon PC"},"image":{"@id":"https:\/\/www.epsilon-pc.fr\/#\/schema\/logo\/image\/"}}]}},"_links":{"self":[{"href":"https:\/\/www.epsilon-pc.fr\/index.php\/wp-json\/wp\/v2\/product\/10831","targetHints":{"allow":["GET"]}}],"collection":[{"href":"https:\/\/www.epsilon-pc.fr\/index.php\/wp-json\/wp\/v2\/product"}],"about":[{"href":"https:\/\/www.epsilon-pc.fr\/index.php\/wp-json\/wp\/v2\/types\/product"}],"wp:featuredmedia":[{"embeddable":true,"href":"https:\/\/www.epsilon-pc.fr\/index.php\/wp-json\/wp\/v2\/media\/10830"}],"wp:attachment":[{"href":"https:\/\/www.epsilon-pc.fr\/index.php\/wp-json\/wp\/v2\/media?parent=10831"}],"wp:term":[{"taxonomy":"product_brand","embeddable":true,"href":"https:\/\/www.epsilon-pc.fr\/index.php\/wp-json\/wp\/v2\/product_brand?post=10831"},{"taxonomy":"product_cat","embeddable":true,"href":"https:\/\/www.epsilon-pc.fr\/index.php\/wp-json\/wp\/v2\/product_cat?post=10831"},{"taxonomy":"product_tag","embeddable":true,"href":"https:\/\/www.epsilon-pc.fr\/index.php\/wp-json\/wp\/v2\/product_tag?post=10831"}],"curies":[{"name":"wp","href":"https:\/\/api.w.org\/{rel}","templated":true}]}}