{"id":10829,"date":"2026-04-02T10:11:06","date_gmt":"2026-04-02T08:11:06","guid":{"rendered":"https:\/\/www.epsilon-pc.fr\/index.php\/produit\/kingston-8g-1x8g-d4-3200mhz-fury-beast-2\/"},"modified":"2026-04-17T17:18:24","modified_gmt":"2026-04-17T15:18:24","slug":"kingston-8g-1x8g-d4-3200mhz-fury-beast-2","status":"publish","type":"product","link":"https:\/\/www.epsilon-pc.fr\/index.php\/produit\/kingston-8g-1x8g-d4-3200mhz-fury-beast-2\/","title":{"rendered":"KINGSTON FURY BEAST 8G (1X8G) DDR4 3200Mmhz"},"content":{"rendered":"<p><b>M\u00e9moire Kingston FURY\u2122 Beast DDR4<\/b><br \/>\nLa m\u00e9moire Kingston FURY\u2122 Beast DDR4 apporte une augmentation consid\u00e9rable des performances pour les jeux, l&rsquo;\u00e9dition vid\u00e9o et le rendu avec des vitesses allant jusqu&rsquo;\u00e0 3\u00a0600\u00a0MT\/s. \u00c9conomique, cette mise \u00e0 niveau est disponible \u00e0 des vitesses de 3\u00a0200\u00a0MT\/s \u00e0 3\u00a0600\u00a0MT\/s, des latences CL16\u201318, des capacit\u00e9s de 8 \u00e0 32\u00a0Go en modules simples et de 16 \u00e0 128\u00a0Go en kit. Elle est compatible Intel\u00ae XMP, certifi\u00e9e XMP et compatible AMD Ryzen\u2122. La FURY Beast DDR4 est refroidie par un dissipateur thermique \u00e9l\u00e9gant et mince. Test\u00e9e \u00e0 100 % et garantie \u00e0 vie, c&rsquo;est une mise \u00e0 niveau facile et sans souci pour les syst\u00e8mes bas\u00e9s sur Intel ou AMD.<\/p>\n<p><b>Mise \u00e0 niveau rentable offrant des performances sup\u00e9rieures<\/b><br \/>\nLa m\u00e9moire Kingston FURY Beast DDR4 est le choix id\u00e9al pour les d\u00e9veloppeurs de syst\u00e8mes et les utilisateurs qui recherchent une mise \u00e0 niveau pour r\u00e9g\u00e9n\u00e9rer un syst\u00e8me en perte de vitesse.<\/p>\n<p><b>Compatible Intel\u00ae XMP et certifi\u00e9e XMP<\/b><br \/>\nDans le but de maximiser la performance des modules, nos ing\u00e9nieurs ont pr\u00e9d\u00e9finis les profils Intel Extreme Memory pour qu\u2019ils atteignent une vitesse maximale de 3\u00a0600\u00a0MT\/s.<\/p>\n<p><b>Compatible AMD Ryzen\u2122<\/b><br \/>\nChoisis une m\u00e9moire compatible Ryzen qui s\u2019int\u00e9grera parfaitement dans ton syst\u00e8me AMD. Une am\u00e9lioration fiable et compatible des performances de ton installation.<\/p>\n<p><b>Dissipateur de chaleur compact<\/b><br \/>\nAvec son nouveau design, le dissipateur thermique est une superbe mise \u00e0 jour pour tout poste de combat.<\/p>\n<dl class=\"data-sheet\">\n<dt class=\"name\">Hauteur<\/dt>\n<dd class=\"value\">34,1 mm<\/dd>\n<dt class=\"name\">Hauteur du casier principal (externe)<\/dt>\n<dd class=\"value\">61 mm<\/dd>\n<dt class=\"name\">Hauteur du colis<\/dt>\n<dd class=\"value\">171,4 mm<\/dd>\n<dt class=\"name\">Largeur<\/dt>\n<dd class=\"value\">7,2 mm<\/dd>\n<dt class=\"name\">Largeur du casier principal (externe)<\/dt>\n<dd class=\"value\">196,8 mm<\/dd>\n<dt class=\"name\">Largeur du colis<\/dt>\n<dd class=\"value\">57,1 mm<\/dd>\n<dt class=\"name\">Longueur du casier principal (externe)<\/dt>\n<dd class=\"value\">311,1 mm<\/dd>\n<dt class=\"name\">Poids<\/dt>\n<dd class=\"value\">34,17 g<\/dd>\n<dt class=\"name\">Poids brut du casier principal (externe)<\/dt>\n<dd class=\"value\">1,43 kg<\/dd>\n<dt class=\"name\">Poids du paquet<\/dt>\n<dd class=\"value\">51,58 g<\/dd>\n<dt class=\"name\">Profondeur<\/dt>\n<dd class=\"value\">133,3 mm<\/dd>\n<dt class=\"name\">Profondeur du colis<\/dt>\n<dd class=\"value\">14 mm<\/dd>\n<dt class=\"name\">M\u00e9moire interne<\/dt>\n<dd class=\"value\">8 Go<\/dd>\n<dt class=\"name\">Type de m\u00e9moire interne<\/dt>\n<dd class=\"value\">DDR4<\/dd>\n<dt class=\"name\">Temp\u00e9rature d&rsquo;op\u00e9ration<\/dt>\n<dd class=\"value\">0 &#8211; 85 \u00b0C<\/dd>\n<dt class=\"name\">Type de refroidissement<\/dt>\n<dd class=\"value\">Radiateur<\/dd>\n<dt class=\"name\">ECC<\/dt>\n<dd class=\"value\">Non<\/dd>\n<dt class=\"name\">composant pour<\/dt>\n<dd class=\"value\">PC<\/dd>\n<dt class=\"name\">Temp\u00e9rature hors fonctionnement<\/dt>\n<dd class=\"value\">-55 &#8211; 100 \u00b0C<\/dd>\n<dt class=\"name\">Fr\u00e9quence de la m\u00e9moire<\/dt>\n<dd class=\"value\">3200 MHz<\/dd>\n<dt class=\"name\">Support de m\u00e9moire<\/dt>\n<dd class=\"value\">288-pin DIMM<\/dd>\n<dt class=\"name\">Pays d&rsquo;origine<\/dt>\n<dd class=\"value\">Chine, Ta\u00efwan<\/dd>\n<dt class=\"name\">Disposition de la m\u00e9moire (modules x dimensions)<\/dt>\n<dd class=\"value\">1 x 8 Go<\/dd>\n<dt class=\"name\">M\u00e9moire de tension<\/dt>\n<dd class=\"value\">1.35 V<\/dd>\n<dt class=\"name\">Type de m\u00e9moire mise en cache<\/dt>\n<dd class=\"value\">Unregistered (unbuffered)<\/dd>\n<dt class=\"name\">Produit par casier principal (externe)<\/dt>\n<dd class=\"value\">25 pi\u00e8ce(s)<\/dd>\n<dt class=\"name\">Latence CAS<\/dt>\n<dd class=\"value\">16<\/dd>\n<dt class=\"name\">Module XMP d&rsquo;Intel\u00ae<\/dt>\n<dd class=\"value\">Oui<\/dd>\n<dt class=\"name\">Version d&rsquo;Intel XMP (Extreme Memory Profile)<\/dt>\n<dd class=\"value\">2.0<\/dd>\n<dt class=\"name\">Produit par casier d\u2019exp\u00e9dition (interne)<\/dt>\n<dd class=\"value\">25 pi\u00e8ce(s)<\/dd>\n<dt class=\"name\">Niveau de m\u00e9moire<\/dt>\n<dd class=\"value\">1<\/dd>\n<dt class=\"name\">Configuration de module<\/dt>\n<dd class=\"value\">1024M x 64<\/dd>\n<dt class=\"name\">Placage en plomb<\/dt>\n<dd class=\"value\">Or<\/dd>\n<dt class=\"name\">D\u00e9bit de transfert des donn\u00e9es de m\u00e9moire<\/dt>\n<dd class=\"value\">3200 MT\/s<\/dd>\n<dt class=\"name\">Hauteur du carton d&rsquo;exp\u00e9dition<\/dt>\n<dd class=\"value\">6,1 cm<\/dd>\n<dt class=\"name\">Largeur du carton d&rsquo;exp\u00e9dition<\/dt>\n<dd class=\"value\">19,7 cm<\/dd>\n<dt class=\"name\">Longueur du carton d&rsquo;exp\u00e9dition<\/dt>\n<dd class=\"value\">31,1 cm<\/dd>\n<\/dl>\n","protected":false},"excerpt":{"rendered":"<p><strong>\ud83d\ude80 Kingston : La performance m\u00e9moire sans compromis<\/strong><\/p>\n<p>Leader mondial incontest\u00e9, Kingston est la r\u00e9f\u00e9rence absolue pour booster la r\u00e9activit\u00e9 de votre syst\u00e8me. Reconnue pour sa fiabilit\u00e9 l\u00e9gendaire et ses tests de qualit\u00e9 rigoureux, la marque propose des solutions adapt\u00e9es \u00e0 chaque profil :<\/p>\n<ul>\n<li><strong>\u26a1 Kingston FURY (Renegade, Beast, Impact) :<\/strong> La puissance pure pour le gaming et l&rsquo;overclocking, avec un design agressif et des fr\u00e9quences de pointe.<\/li>\n<li><strong>\ud83d\udee1\ufe0f Gamme Standard (ValueRAM) :<\/strong> La stabilit\u00e9 et la compatibilit\u00e9 garanties pour la bureautique et les mises \u00e0 jour syst\u00e8me au meilleur prix.<\/li>\n<\/ul>\n","protected":false},"featured_media":10828,"template":"","meta":{"ocean_post_layout":"","ocean_both_sidebars_style":"","ocean_both_sidebars_content_width":0,"ocean_both_sidebars_sidebars_width":0,"ocean_sidebar":"0","ocean_second_sidebar":"0","ocean_disable_margins":"enable","ocean_add_body_class":"","ocean_shortcode_before_top_bar":"","ocean_shortcode_after_top_bar":"","ocean_shortcode_before_header":"","ocean_shortcode_after_header":"","ocean_has_shortcode":"","ocean_shortcode_after_title":"","ocean_shortcode_before_footer_widgets":"","ocean_shortcode_after_footer_widgets":"","ocean_shortcode_before_footer_bottom":"","ocean_shortcode_after_footer_bottom":"","ocean_display_top_bar":"default","ocean_display_header":"default","ocean_header_style":"","ocean_center_header_left_menu":"0","ocean_custom_header_template":"0","ocean_custom_logo":0,"ocean_custom_retina_logo":0,"ocean_custom_logo_max_width":0,"ocean_custom_logo_tablet_max_width":0,"ocean_custom_logo_mobile_max_width":0,"ocean_custom_logo_max_height":0,"ocean_custom_logo_tablet_max_height":0,"ocean_custom_logo_mobile_max_height":0,"ocean_header_custom_menu":"0","ocean_menu_typo_font_family":"0","ocean_menu_typo_font_subset":"","ocean_menu_typo_font_size":0,"ocean_menu_typo_font_size_tablet":0,"ocean_menu_typo_font_size_mobile":0,"ocean_menu_typo_font_size_unit":"px","ocean_menu_typo_font_weight":"","ocean_menu_typo_font_weight_tablet":"","ocean_menu_typo_font_weight_mobile":"","ocean_menu_typo_transform":"","ocean_menu_typo_transform_tablet":"","ocean_menu_typo_transform_mobile":"","ocean_menu_typo_line_height":0,"ocean_menu_typo_line_height_tablet":0,"ocean_menu_typo_line_height_mobile":0,"ocean_menu_typo_line_height_unit":"","ocean_menu_typo_spacing":0,"ocean_menu_typo_spacing_tablet":0,"ocean_menu_typo_spacing_mobile":0,"ocean_menu_typo_spacing_unit":"","ocean_menu_link_color":"","ocean_menu_link_color_hover":"","ocean_menu_link_color_active":"","ocean_menu_link_background":"","ocean_menu_link_hover_background":"","ocean_menu_link_active_background":"","ocean_menu_social_links_bg":"","ocean_menu_social_hover_links_bg":"","ocean_menu_social_links_color":"","ocean_menu_social_hover_links_color":"","ocean_disable_title":"default","ocean_disable_heading":"default","ocean_post_title":"","ocean_post_subheading":"","ocean_post_title_style":"","ocean_post_title_background_color":"","ocean_post_title_background":0,"ocean_post_title_bg_image_position":"","ocean_post_title_bg_image_attachment":"","ocean_post_title_bg_image_repeat":"","ocean_post_title_bg_image_size":"","ocean_post_title_height":0,"ocean_post_title_bg_overlay":0.5,"ocean_post_title_bg_overlay_color":"","ocean_disable_breadcrumbs":"default","ocean_breadcrumbs_color":"","ocean_breadcrumbs_separator_color":"","ocean_breadcrumbs_links_color":"","ocean_breadcrumbs_links_hover_color":"","ocean_display_footer_widgets":"default","ocean_display_footer_bottom":"default","ocean_custom_footer_template":"0"},"product_brand":[54],"product_cat":[17],"product_tag":[],"class_list":{"0":"post-10829","1":"product","2":"type-product","3":"status-publish","4":"has-post-thumbnail","6":"product_brand-kingston","7":"product_cat-ddr4","9":"entry","10":"has-media","12":"first","13":"instock","14":"taxable","15":"shipping-taxable","16":"purchasable","17":"product-type-simple","18":"has-product-nav","19":"col","20":"span_1_of_4","21":"owp-content-center","22":"owp-thumbs-layout-horizontal","23":"owp-btn-big","24":"owp-tabs-layout-horizontal","25":"has-no-thumbnails"},"yoast_head":"<!-- This site is optimized with the Yoast SEO plugin v27.3 - https:\/\/yoast.com\/product\/yoast-seo-wordpress\/ -->\n<title>KINGSTON FURY BEAST 8G (1X8G) DDR4 3200Mmhz - Epsilon PC<\/title>\n<meta name=\"robots\" content=\"index, follow, max-snippet:-1, max-image-preview:large, max-video-preview:-1\" \/>\n<link rel=\"canonical\" href=\"https:\/\/www.epsilon-pc.fr\/index.php\/produit\/kingston-8g-1x8g-d4-3200mhz-fury-beast-2\/\" \/>\n<meta property=\"og:locale\" content=\"fr_FR\" \/>\n<meta property=\"og:type\" content=\"article\" \/>\n<meta property=\"og:title\" content=\"KINGSTON FURY BEAST 8G (1X8G) DDR4 3200Mmhz - Epsilon PC\" \/>\n<meta property=\"og:description\" content=\"\ud83d\ude80 Kingston : La performance m\u00e9moire sans compromis  Leader mondial incontest\u00e9, Kingston est la r\u00e9f\u00e9rence absolue pour booster la r\u00e9activit\u00e9 de votre syst\u00e8me. Reconnue pour sa fiabilit\u00e9 l\u00e9gendaire et ses tests de qualit\u00e9 rigoureux, la marque propose des solutions adapt\u00e9es \u00e0 chaque profil :   \u26a1 Kingston FURY (Renegade, Beast, Impact) : La puissance pure pour le gaming et l&#039;overclocking, avec un design agressif et des fr\u00e9quences de pointe.  \ud83d\udee1\ufe0f Gamme Standard (ValueRAM) : La stabilit\u00e9 et la compatibilit\u00e9 garanties pour la bureautique et les mises \u00e0 jour syst\u00e8me au meilleur prix.\" \/>\n<meta property=\"og:url\" content=\"https:\/\/www.epsilon-pc.fr\/index.php\/produit\/kingston-8g-1x8g-d4-3200mhz-fury-beast-2\/\" \/>\n<meta property=\"og:site_name\" content=\"Epsilon PC\" \/>\n<meta property=\"article:modified_time\" content=\"2026-04-17T15:18:24+00:00\" \/>\n<meta property=\"og:image\" content=\"http:\/\/www.epsilon-pc.fr\/wp-content\/uploads\/2026\/04\/kingston-technology-fury-8go-3200mt-s-ddr4-cl16-dimm-beast-black.jpg\" \/>\n\t<meta property=\"og:image:width\" content=\"800\" \/>\n\t<meta property=\"og:image:height\" content=\"800\" \/>\n\t<meta property=\"og:image:type\" content=\"image\/jpeg\" \/>\n<meta name=\"twitter:card\" content=\"summary_large_image\" \/>\n<meta name=\"twitter:label1\" content=\"Dur\u00e9e de lecture estim\u00e9e\" \/>\n\t<meta name=\"twitter:data1\" content=\"2 minutes\" \/>\n<script type=\"application\/ld+json\" class=\"yoast-schema-graph\">{\"@context\":\"https:\\\/\\\/schema.org\",\"@graph\":[{\"@type\":\"WebPage\",\"@id\":\"https:\\\/\\\/www.epsilon-pc.fr\\\/index.php\\\/produit\\\/kingston-8g-1x8g-d4-3200mhz-fury-beast-2\\\/\",\"url\":\"https:\\\/\\\/www.epsilon-pc.fr\\\/index.php\\\/produit\\\/kingston-8g-1x8g-d4-3200mhz-fury-beast-2\\\/\",\"name\":\"KINGSTON FURY BEAST 8G (1X8G) DDR4 3200Mmhz - Epsilon PC\",\"isPartOf\":{\"@id\":\"https:\\\/\\\/www.epsilon-pc.fr\\\/#website\"},\"primaryImageOfPage\":{\"@id\":\"https:\\\/\\\/www.epsilon-pc.fr\\\/index.php\\\/produit\\\/kingston-8g-1x8g-d4-3200mhz-fury-beast-2\\\/#primaryimage\"},\"image\":{\"@id\":\"https:\\\/\\\/www.epsilon-pc.fr\\\/index.php\\\/produit\\\/kingston-8g-1x8g-d4-3200mhz-fury-beast-2\\\/#primaryimage\"},\"thumbnailUrl\":\"https:\\\/\\\/www.epsilon-pc.fr\\\/wp-content\\\/uploads\\\/2026\\\/04\\\/kingston-technology-fury-8go-3200mt-s-ddr4-cl16-dimm-beast-black.jpg\",\"datePublished\":\"2026-04-02T08:11:06+00:00\",\"dateModified\":\"2026-04-17T15:18:24+00:00\",\"breadcrumb\":{\"@id\":\"https:\\\/\\\/www.epsilon-pc.fr\\\/index.php\\\/produit\\\/kingston-8g-1x8g-d4-3200mhz-fury-beast-2\\\/#breadcrumb\"},\"inLanguage\":\"fr-FR\",\"potentialAction\":[{\"@type\":\"ReadAction\",\"target\":[\"https:\\\/\\\/www.epsilon-pc.fr\\\/index.php\\\/produit\\\/kingston-8g-1x8g-d4-3200mhz-fury-beast-2\\\/\"]}]},{\"@type\":\"ImageObject\",\"inLanguage\":\"fr-FR\",\"@id\":\"https:\\\/\\\/www.epsilon-pc.fr\\\/index.php\\\/produit\\\/kingston-8g-1x8g-d4-3200mhz-fury-beast-2\\\/#primaryimage\",\"url\":\"https:\\\/\\\/www.epsilon-pc.fr\\\/wp-content\\\/uploads\\\/2026\\\/04\\\/kingston-technology-fury-8go-3200mt-s-ddr4-cl16-dimm-beast-black.jpg\",\"contentUrl\":\"https:\\\/\\\/www.epsilon-pc.fr\\\/wp-content\\\/uploads\\\/2026\\\/04\\\/kingston-technology-fury-8go-3200mt-s-ddr4-cl16-dimm-beast-black.jpg\",\"width\":800,\"height\":800},{\"@type\":\"BreadcrumbList\",\"@id\":\"https:\\\/\\\/www.epsilon-pc.fr\\\/index.php\\\/produit\\\/kingston-8g-1x8g-d4-3200mhz-fury-beast-2\\\/#breadcrumb\",\"itemListElement\":[{\"@type\":\"ListItem\",\"position\":1,\"name\":\"Accueil\",\"item\":\"https:\\\/\\\/www.epsilon-pc.fr\\\/\"},{\"@type\":\"ListItem\",\"position\":2,\"name\":\"Boutique\",\"item\":\"https:\\\/\\\/www.epsilon-pc.fr\\\/index.php\\\/boutique\\\/\"},{\"@type\":\"ListItem\",\"position\":3,\"name\":\"KINGSTON FURY BEAST 8G (1X8G) DDR4 3200Mmhz\"}]},{\"@type\":\"WebSite\",\"@id\":\"https:\\\/\\\/www.epsilon-pc.fr\\\/#website\",\"url\":\"https:\\\/\\\/www.epsilon-pc.fr\\\/\",\"name\":\"Epsilon PC\",\"description\":\"\",\"publisher\":{\"@id\":\"https:\\\/\\\/www.epsilon-pc.fr\\\/#organization\"},\"potentialAction\":[{\"@type\":\"SearchAction\",\"target\":{\"@type\":\"EntryPoint\",\"urlTemplate\":\"https:\\\/\\\/www.epsilon-pc.fr\\\/?s={search_term_string}\"},\"query-input\":{\"@type\":\"PropertyValueSpecification\",\"valueRequired\":true,\"valueName\":\"search_term_string\"}}],\"inLanguage\":\"fr-FR\"},{\"@type\":\"Organization\",\"@id\":\"https:\\\/\\\/www.epsilon-pc.fr\\\/#organization\",\"name\":\"Epsilon PC\",\"url\":\"https:\\\/\\\/www.epsilon-pc.fr\\\/\",\"logo\":{\"@type\":\"ImageObject\",\"inLanguage\":\"fr-FR\",\"@id\":\"https:\\\/\\\/www.epsilon-pc.fr\\\/#\\\/schema\\\/logo\\\/image\\\/\",\"url\":\"https:\\\/\\\/www.epsilon-pc.fr\\\/wp-content\\\/uploads\\\/2026\\\/02\\\/cropped-LogoEpsi-1.bmp\",\"contentUrl\":\"https:\\\/\\\/www.epsilon-pc.fr\\\/wp-content\\\/uploads\\\/2026\\\/02\\\/cropped-LogoEpsi-1.bmp\",\"width\":191,\"height\":59,\"caption\":\"Epsilon PC\"},\"image\":{\"@id\":\"https:\\\/\\\/www.epsilon-pc.fr\\\/#\\\/schema\\\/logo\\\/image\\\/\"}}]}<\/script>\n<!-- \/ Yoast SEO plugin. -->","yoast_head_json":{"title":"KINGSTON FURY BEAST 8G (1X8G) DDR4 3200Mmhz - Epsilon PC","robots":{"index":"index","follow":"follow","max-snippet":"max-snippet:-1","max-image-preview":"max-image-preview:large","max-video-preview":"max-video-preview:-1"},"canonical":"https:\/\/www.epsilon-pc.fr\/index.php\/produit\/kingston-8g-1x8g-d4-3200mhz-fury-beast-2\/","og_locale":"fr_FR","og_type":"article","og_title":"KINGSTON FURY BEAST 8G (1X8G) DDR4 3200Mmhz - Epsilon PC","og_description":"\ud83d\ude80 Kingston : La performance m\u00e9moire sans compromis  Leader mondial incontest\u00e9, Kingston est la r\u00e9f\u00e9rence absolue pour booster la r\u00e9activit\u00e9 de votre syst\u00e8me. Reconnue pour sa fiabilit\u00e9 l\u00e9gendaire et ses tests de qualit\u00e9 rigoureux, la marque propose des solutions adapt\u00e9es \u00e0 chaque profil :   \u26a1 Kingston FURY (Renegade, Beast, Impact) : La puissance pure pour le gaming et l'overclocking, avec un design agressif et des fr\u00e9quences de pointe.  \ud83d\udee1\ufe0f Gamme Standard (ValueRAM) : La stabilit\u00e9 et la compatibilit\u00e9 garanties pour la bureautique et les mises \u00e0 jour syst\u00e8me au meilleur prix.","og_url":"https:\/\/www.epsilon-pc.fr\/index.php\/produit\/kingston-8g-1x8g-d4-3200mhz-fury-beast-2\/","og_site_name":"Epsilon PC","article_modified_time":"2026-04-17T15:18:24+00:00","og_image":[{"width":800,"height":800,"url":"http:\/\/www.epsilon-pc.fr\/wp-content\/uploads\/2026\/04\/kingston-technology-fury-8go-3200mt-s-ddr4-cl16-dimm-beast-black.jpg","type":"image\/jpeg"}],"twitter_card":"summary_large_image","twitter_misc":{"Dur\u00e9e de lecture estim\u00e9e":"2 minutes"},"schema":{"@context":"https:\/\/schema.org","@graph":[{"@type":"WebPage","@id":"https:\/\/www.epsilon-pc.fr\/index.php\/produit\/kingston-8g-1x8g-d4-3200mhz-fury-beast-2\/","url":"https:\/\/www.epsilon-pc.fr\/index.php\/produit\/kingston-8g-1x8g-d4-3200mhz-fury-beast-2\/","name":"KINGSTON FURY BEAST 8G (1X8G) DDR4 3200Mmhz - Epsilon PC","isPartOf":{"@id":"https:\/\/www.epsilon-pc.fr\/#website"},"primaryImageOfPage":{"@id":"https:\/\/www.epsilon-pc.fr\/index.php\/produit\/kingston-8g-1x8g-d4-3200mhz-fury-beast-2\/#primaryimage"},"image":{"@id":"https:\/\/www.epsilon-pc.fr\/index.php\/produit\/kingston-8g-1x8g-d4-3200mhz-fury-beast-2\/#primaryimage"},"thumbnailUrl":"https:\/\/www.epsilon-pc.fr\/wp-content\/uploads\/2026\/04\/kingston-technology-fury-8go-3200mt-s-ddr4-cl16-dimm-beast-black.jpg","datePublished":"2026-04-02T08:11:06+00:00","dateModified":"2026-04-17T15:18:24+00:00","breadcrumb":{"@id":"https:\/\/www.epsilon-pc.fr\/index.php\/produit\/kingston-8g-1x8g-d4-3200mhz-fury-beast-2\/#breadcrumb"},"inLanguage":"fr-FR","potentialAction":[{"@type":"ReadAction","target":["https:\/\/www.epsilon-pc.fr\/index.php\/produit\/kingston-8g-1x8g-d4-3200mhz-fury-beast-2\/"]}]},{"@type":"ImageObject","inLanguage":"fr-FR","@id":"https:\/\/www.epsilon-pc.fr\/index.php\/produit\/kingston-8g-1x8g-d4-3200mhz-fury-beast-2\/#primaryimage","url":"https:\/\/www.epsilon-pc.fr\/wp-content\/uploads\/2026\/04\/kingston-technology-fury-8go-3200mt-s-ddr4-cl16-dimm-beast-black.jpg","contentUrl":"https:\/\/www.epsilon-pc.fr\/wp-content\/uploads\/2026\/04\/kingston-technology-fury-8go-3200mt-s-ddr4-cl16-dimm-beast-black.jpg","width":800,"height":800},{"@type":"BreadcrumbList","@id":"https:\/\/www.epsilon-pc.fr\/index.php\/produit\/kingston-8g-1x8g-d4-3200mhz-fury-beast-2\/#breadcrumb","itemListElement":[{"@type":"ListItem","position":1,"name":"Accueil","item":"https:\/\/www.epsilon-pc.fr\/"},{"@type":"ListItem","position":2,"name":"Boutique","item":"https:\/\/www.epsilon-pc.fr\/index.php\/boutique\/"},{"@type":"ListItem","position":3,"name":"KINGSTON FURY BEAST 8G (1X8G) DDR4 3200Mmhz"}]},{"@type":"WebSite","@id":"https:\/\/www.epsilon-pc.fr\/#website","url":"https:\/\/www.epsilon-pc.fr\/","name":"Epsilon PC","description":"","publisher":{"@id":"https:\/\/www.epsilon-pc.fr\/#organization"},"potentialAction":[{"@type":"SearchAction","target":{"@type":"EntryPoint","urlTemplate":"https:\/\/www.epsilon-pc.fr\/?s={search_term_string}"},"query-input":{"@type":"PropertyValueSpecification","valueRequired":true,"valueName":"search_term_string"}}],"inLanguage":"fr-FR"},{"@type":"Organization","@id":"https:\/\/www.epsilon-pc.fr\/#organization","name":"Epsilon PC","url":"https:\/\/www.epsilon-pc.fr\/","logo":{"@type":"ImageObject","inLanguage":"fr-FR","@id":"https:\/\/www.epsilon-pc.fr\/#\/schema\/logo\/image\/","url":"https:\/\/www.epsilon-pc.fr\/wp-content\/uploads\/2026\/02\/cropped-LogoEpsi-1.bmp","contentUrl":"https:\/\/www.epsilon-pc.fr\/wp-content\/uploads\/2026\/02\/cropped-LogoEpsi-1.bmp","width":191,"height":59,"caption":"Epsilon PC"},"image":{"@id":"https:\/\/www.epsilon-pc.fr\/#\/schema\/logo\/image\/"}}]}},"_links":{"self":[{"href":"https:\/\/www.epsilon-pc.fr\/index.php\/wp-json\/wp\/v2\/product\/10829","targetHints":{"allow":["GET"]}}],"collection":[{"href":"https:\/\/www.epsilon-pc.fr\/index.php\/wp-json\/wp\/v2\/product"}],"about":[{"href":"https:\/\/www.epsilon-pc.fr\/index.php\/wp-json\/wp\/v2\/types\/product"}],"wp:featuredmedia":[{"embeddable":true,"href":"https:\/\/www.epsilon-pc.fr\/index.php\/wp-json\/wp\/v2\/media\/10828"}],"wp:attachment":[{"href":"https:\/\/www.epsilon-pc.fr\/index.php\/wp-json\/wp\/v2\/media?parent=10829"}],"wp:term":[{"taxonomy":"product_brand","embeddable":true,"href":"https:\/\/www.epsilon-pc.fr\/index.php\/wp-json\/wp\/v2\/product_brand?post=10829"},{"taxonomy":"product_cat","embeddable":true,"href":"https:\/\/www.epsilon-pc.fr\/index.php\/wp-json\/wp\/v2\/product_cat?post=10829"},{"taxonomy":"product_tag","embeddable":true,"href":"https:\/\/www.epsilon-pc.fr\/index.php\/wp-json\/wp\/v2\/product_tag?post=10829"}],"curies":[{"name":"wp","href":"https:\/\/api.w.org\/{rel}","templated":true}]}}