{"id":10807,"date":"2026-04-02T10:10:36","date_gmt":"2026-04-02T08:10:36","guid":{"rendered":"https:\/\/www.epsilon-pc.fr\/index.php\/produit\/msi-mag-274f-ecran-plat-de-pc-686-cm\/"},"modified":"2026-04-02T10:23:25","modified_gmt":"2026-04-02T08:23:25","slug":"msi-mag-274f-ecran-plat-de-pc-686-cm","status":"publish","type":"product","link":"https:\/\/www.epsilon-pc.fr\/index.php\/produit\/msi-mag-274f-ecran-plat-de-pc-686-cm\/","title":{"rendered":"MSI MAG 274F \/ 27 Pouces"},"content":{"rendered":"<dl class=\"data-sheet\">\n<dt class=\"name\">Couleur du produit<\/dt>\n<dd class=\"value\">Noir<\/dd>\n<dt class=\"name\">Hauteur du colis<\/dt>\n<dd class=\"value\">448 mm<\/dd>\n<dt class=\"name\">Largeur du colis<\/dt>\n<dd class=\"value\">683 mm<\/dd>\n<dt class=\"name\">Poids du paquet<\/dt>\n<dd class=\"value\">6,25 kg<\/dd>\n<dt class=\"name\">Profondeur du colis<\/dt>\n<dd class=\"value\">127 mm<\/dd>\n<dt class=\"name\">Type d&#8217;emballage<\/dt>\n<dd class=\"value\">Bo\u00eete<\/dd>\n<dt class=\"name\">Entr\u00e9e audio<\/dt>\n<dd class=\"value\">Non<\/dd>\n<dt class=\"name\">Quantit\u00e9 de ports HDMI<\/dt>\n<dd class=\"value\">1<\/dd>\n<dt class=\"name\">R\u00e9solution de l&rsquo;\u00e9cran<\/dt>\n<dd class=\"value\">1920 x 1080 pixels<\/dd>\n<dt class=\"name\">Sortie de casque<\/dt>\n<dd class=\"value\">1<\/dd>\n<dt class=\"name\">Taille de l&rsquo;\u00e9cran<\/dt>\n<dd class=\"value\">27&Prime;<\/dd>\n<dt class=\"name\">Taux de rafraichissement<\/dt>\n<dd class=\"value\">200 Hz<\/dd>\n<dt class=\"name\">Type HD<\/dt>\n<dd class=\"value\">Full HD<\/dd>\n<dt class=\"name\">Type de panneau<\/dt>\n<dd class=\"value\">Rapid IPS<\/dd>\n<dt class=\"name\">\u00c9cran tactile<\/dt>\n<dd class=\"value\">Non<\/dd>\n<dt class=\"name\">Consommation d&rsquo;\u00e9nergie (mode veille)<\/dt>\n<dd class=\"value\">0,5 W<\/dd>\n<dt class=\"name\">Consommation \u00e9lectrique (arr\u00eat)<\/dt>\n<dd class=\"value\">0,3 W<\/dd>\n<dt class=\"name\">C\u00e2bles inclus<\/dt>\n<dd class=\"value\">HDMI, \u00c9nergie<\/dd>\n<dt class=\"name\">Type d&rsquo;alimentation d&rsquo;\u00e9nergie<\/dt>\n<dd class=\"value\">Externe<\/dd>\n<dt class=\"name\">P\u00e9riode de garantie<\/dt>\n<dd class=\"value\">3 ann\u00e9e(s)<\/dd>\n<dt class=\"name\">Tension d&rsquo;entr\u00e9e AC<\/dt>\n<dd class=\"value\">100 &#8211; 240 V<\/dd>\n<dt class=\"name\">Quantit\u00e9 d&rsquo;interface DisplayPorts<\/dt>\n<dd class=\"value\">1<\/dd>\n<dt class=\"name\">Version HDMI<\/dt>\n<dd class=\"value\">2.0b<\/dd>\n<dt class=\"name\">Version de DisplayPort<\/dt>\n<dd class=\"value\">1.2a<\/dd>\n<dt class=\"name\">Positionnement de march\u00e9<\/dt>\n<dd class=\"value\">Gaming<\/dd>\n<dt class=\"name\">Format d&rsquo;image<\/dt>\n<dd class=\"value\">16:9<\/dd>\n<dt class=\"name\">Palette de couleurs<\/dt>\n<dd class=\"value\">81%<\/dd>\n<dt class=\"name\">Port de c\u00e2ble antivol<\/dt>\n<dd class=\"value\">Oui<\/dd>\n<dt class=\"name\">Prise en charge HDR<\/dt>\n<dd class=\"value\">Oui<\/dd>\n<dt class=\"name\">Tension sortie de l&rsquo;adaptateur secteur<\/dt>\n<dd class=\"value\">12 V<\/dd>\n<dt class=\"name\">Type d&#8217;emplacement de verrouillage de c\u00e2ble<\/dt>\n<dd class=\"value\">Kensington<\/dd>\n<dt class=\"name\">\u00c9cran antireflet<\/dt>\n<dd class=\"value\">Oui<\/dd>\n<dt class=\"name\">AMD FreeSync<\/dt>\n<dd class=\"value\">Non<\/dd>\n<dt class=\"name\">Ajustement de l&rsquo;inclinaison<\/dt>\n<dd class=\"value\">Oui<\/dd>\n<dt class=\"name\">Angle d&rsquo;inclinaison<\/dt>\n<dd class=\"value\">-5 &#8211; 20\u00b0<\/dd>\n<dt class=\"name\">Angle de vision horizontal<\/dt>\n<dd class=\"value\">178\u00b0<\/dd>\n<dt class=\"name\">Angle de vision vertical<\/dt>\n<dd class=\"value\">178\u00b0<\/dd>\n<dt class=\"name\">Appareil photo int\u00e9gr\u00e9<\/dt>\n<dd class=\"value\">Non<\/dd>\n<dt class=\"name\">Concentrateur USB int\u00e9gr\u00e9<\/dt>\n<dd class=\"value\">Non<\/dd>\n<dt class=\"name\">Conception sans ch\u00e2ssis<\/dt>\n<dd class=\"value\">Oui<\/dd>\n<dt class=\"name\">Courant d&rsquo;entr\u00e9e<\/dt>\n<dd class=\"value\">3 A<\/dd>\n<dt class=\"name\">Couverture sRGB (max)<\/dt>\n<dd class=\"value\">101%<\/dd>\n<dt class=\"name\">Forme d&rsquo;\u00e9cran<\/dt>\n<dd class=\"value\">Plat<\/dd>\n<dt class=\"name\">Fr\u00e9quence d&rsquo;entr\u00e9e AC<\/dt>\n<dd class=\"value\">50\/60 Hz<\/dd>\n<dt class=\"name\">HDMI<\/dt>\n<dd class=\"value\">Oui<\/dd>\n<dt class=\"name\">Haut-parleurs int\u00e9gr\u00e9s<\/dt>\n<dd class=\"value\">Non<\/dd>\n<dt class=\"name\">Hauteur (sans support)<\/dt>\n<dd class=\"value\">362,5 mm<\/dd>\n<dt class=\"name\">Hauteur (support inclus)<\/dt>\n<dd class=\"value\">438,5 mm<\/dd>\n<dt class=\"name\">Largeur (sans support)<\/dt>\n<dd class=\"value\">613,5 mm<\/dd>\n<dt class=\"name\">Largeur appareil (support inclus)<\/dt>\n<dd class=\"value\">613,5 mm<\/dd>\n<dt class=\"name\">Luminosit\u00e9 de l&rsquo;\u00e9cran (typique)<\/dt>\n<dd class=\"value\">300 cd\/m\u00b2<\/dd>\n<dt class=\"name\">Montage VESA<\/dt>\n<dd class=\"value\">Oui<\/dd>\n<dt class=\"name\">Nombre de couleurs affich\u00e9es<\/dt>\n<dd class=\"value\">1.07 milliards de couleurs<\/dd>\n<dt class=\"name\">Norme VESA<\/dt>\n<dd class=\"value\">100 x 100 mm<\/dd>\n<dt class=\"name\">Pas de pixel<\/dt>\n<dd class=\"value\">0,3114 x 0,3114 mm<\/dd>\n<dt class=\"name\">Poids (avec support)<\/dt>\n<dd class=\"value\">4,2 kg<\/dd>\n<dt class=\"name\">Profondeur (sans support)<\/dt>\n<dd class=\"value\">62,1 mm<\/dd>\n<dt class=\"name\">Profondeur (support inclus)<\/dt>\n<dd class=\"value\">249,7 mm<\/dd>\n<dt class=\"name\">Rapport de contraste (dynamique)<\/dt>\n<dd class=\"value\">100000000:1<\/dd>\n<dt class=\"name\">R\u00e9glage de la hauteur<\/dt>\n<dd class=\"value\">Non<\/dd>\n<dt class=\"name\">Sortie casque audio<\/dt>\n<dd class=\"value\">Oui<\/dd>\n<dt class=\"name\">Taille visualisable horizontale<\/dt>\n<dd class=\"value\">59,8 cm<\/dd>\n<dt class=\"name\">Taille visualisable verticale<\/dt>\n<dd class=\"value\">33,6 cm<\/dd>\n<dt class=\"name\">Taux de contraste<\/dt>\n<dd class=\"value\">1000:1<\/dd>\n<dt class=\"name\">Technologie d&rsquo;affichage<\/dt>\n<dd class=\"value\">LCD<\/dd>\n<dt class=\"name\">Temps de r\u00e9ponse<\/dt>\n<dd class=\"value\">0,5 ms<\/dd>\n<dt class=\"name\">Couverture Adobe RGB<\/dt>\n<dd class=\"value\">86%<\/dd>\n<dt class=\"name\">Palette de couleurs DCI-P3<\/dt>\n<dd class=\"value\">101%<\/dd>\n<dt class=\"name\">Port DVI<\/dt>\n<dd class=\"value\">Non<\/dd>\n<dt class=\"name\">NVIDIA G-SYNC<\/dt>\n<dd class=\"value\">Non<\/dd>\n<dt class=\"name\">Domaine de num\u00e9risation horizontale<\/dt>\n<dd class=\"value\">55,68 &#8211; 218,16 kHz<\/dd>\n<dt class=\"name\">Fr\u00e9quence de balayage vertical<\/dt>\n<dd class=\"value\">48 &#8211; 200 Hz<\/dd>\n<dt class=\"name\">Classe d&rsquo;efficacit\u00e9 \u00e9nerg\u00e9tique (SDR)<\/dt>\n<dd class=\"value\">E<\/dd>\n<dt class=\"name\">Consommation d&rsquo;\u00e9nergie (SDR) pour 1000 heures<\/dt>\n<dd class=\"value\">21 kWh<\/dd>\n<dt class=\"name\">Plage d\u2019efficacit\u00e9 \u00e9nerg\u00e9tique<\/dt>\n<dd class=\"value\">A \u00e0 G<\/dd>\n<dt class=\"name\">Classe d&rsquo;efficacit\u00e9 \u00e9nerg\u00e9tique (HDR)<\/dt>\n<dd class=\"value\">G<\/dd>\n<dt class=\"name\">Consommation d&rsquo;\u00e9nergie (HDR) pour 1000 heures<\/dt>\n<dd class=\"value\">38 kWh<\/dd>\n<dt class=\"name\">Guide de d\u00e9marrage rapide<\/dt>\n<dd class=\"value\">Oui<\/dd>\n<dt class=\"name\">Profondeur de couleurs<\/dt>\n<dd class=\"value\">8 bit<\/dd>\n<dt class=\"name\">Norme de gamme de couleurs<\/dt>\n<dd class=\"value\">DCI-P3<\/dd>\n<dt class=\"name\">Type de mesure du temps de r\u00e9ponse<\/dt>\n<dd class=\"value\">GTG (Gray to Gray)<\/dd>\n<\/dl>\n","protected":false},"excerpt":{"rendered":"<p><strong>\ud83d\udc09 MSI : L&rsquo;immersion gaming \u00e0 l&rsquo;\u00e9tat pur<\/strong><\/p>\n<p>Avec ses gammes Optix, MAG et MPG, MSI se concentre sur l&rsquo;exp\u00e9rience du joueur. Leurs dalles (souvent incurv\u00e9es) vous plongent au c\u0153ur de l&rsquo;action avec des contrastes saisissants.<\/p>\n<ul>\n<li><strong>\ud83c\udfae S\u00e9rie Gaming :<\/strong> Des taux de rafra\u00eechissement \u00e9lev\u00e9s et des fonctionnalit\u00e9s logicielles intelligentes (Gaming OSD) pour prendre l&rsquo;avantage sur vos adversaires.<\/li>\n<\/ul>\n","protected":false},"featured_media":10806,"template":"","meta":{"ocean_post_layout":"","ocean_both_sidebars_style":"","ocean_both_sidebars_content_width":0,"ocean_both_sidebars_sidebars_width":0,"ocean_sidebar":"0","ocean_second_sidebar":"0","ocean_disable_margins":"enable","ocean_add_body_class":"","ocean_shortcode_before_top_bar":"","ocean_shortcode_after_top_bar":"","ocean_shortcode_before_header":"","ocean_shortcode_after_header":"","ocean_has_shortcode":"","ocean_shortcode_after_title":"","ocean_shortcode_before_footer_widgets":"","ocean_shortcode_after_footer_widgets":"","ocean_shortcode_before_footer_bottom":"","ocean_shortcode_after_footer_bottom":"","ocean_display_top_bar":"default","ocean_display_header":"default","ocean_header_style":"","ocean_center_header_left_menu":"0","ocean_custom_header_template":"0","ocean_custom_logo":0,"ocean_custom_retina_logo":0,"ocean_custom_logo_max_width":0,"ocean_custom_logo_tablet_max_width":0,"ocean_custom_logo_mobile_max_width":0,"ocean_custom_logo_max_height":0,"ocean_custom_logo_tablet_max_height":0,"ocean_custom_logo_mobile_max_height":0,"ocean_header_custom_menu":"0","ocean_menu_typo_font_family":"0","ocean_menu_typo_font_subset":"","ocean_menu_typo_font_size":0,"ocean_menu_typo_font_size_tablet":0,"ocean_menu_typo_font_size_mobile":0,"ocean_menu_typo_font_size_unit":"px","ocean_menu_typo_font_weight":"","ocean_menu_typo_font_weight_tablet":"","ocean_menu_typo_font_weight_mobile":"","ocean_menu_typo_transform":"","ocean_menu_typo_transform_tablet":"","ocean_menu_typo_transform_mobile":"","ocean_menu_typo_line_height":0,"ocean_menu_typo_line_height_tablet":0,"ocean_menu_typo_line_height_mobile":0,"ocean_menu_typo_line_height_unit":"","ocean_menu_typo_spacing":0,"ocean_menu_typo_spacing_tablet":0,"ocean_menu_typo_spacing_mobile":0,"ocean_menu_typo_spacing_unit":"","ocean_menu_link_color":"","ocean_menu_link_color_hover":"","ocean_menu_link_color_active":"","ocean_menu_link_background":"","ocean_menu_link_hover_background":"","ocean_menu_link_active_background":"","ocean_menu_social_links_bg":"","ocean_menu_social_hover_links_bg":"","ocean_menu_social_links_color":"","ocean_menu_social_hover_links_color":"","ocean_disable_title":"default","ocean_disable_heading":"default","ocean_post_title":"","ocean_post_subheading":"","ocean_post_title_style":"","ocean_post_title_background_color":"","ocean_post_title_background":0,"ocean_post_title_bg_image_position":"","ocean_post_title_bg_image_attachment":"","ocean_post_title_bg_image_repeat":"","ocean_post_title_bg_image_size":"","ocean_post_title_height":0,"ocean_post_title_bg_overlay":0.5,"ocean_post_title_bg_overlay_color":"","ocean_disable_breadcrumbs":"default","ocean_breadcrumbs_color":"","ocean_breadcrumbs_separator_color":"","ocean_breadcrumbs_links_color":"","ocean_breadcrumbs_links_hover_color":"","ocean_display_footer_widgets":"default","ocean_display_footer_bottom":"default","ocean_custom_footer_template":"0"},"product_brand":[25],"product_cat":[88],"product_tag":[],"class_list":{"0":"post-10807","1":"product","2":"type-product","3":"status-publish","4":"has-post-thumbnail","6":"product_brand-msi","7":"product_cat-moniteur-27","8":"product_shipping_class-non-expediable","10":"entry","11":"has-media","13":"first","14":"instock","15":"taxable","16":"shipping-taxable","17":"purchasable","18":"product-type-simple","19":"has-product-nav","20":"col","21":"span_1_of_4","22":"owp-content-center","23":"owp-thumbs-layout-horizontal","24":"owp-btn-big","25":"owp-tabs-layout-horizontal","26":"has-no-thumbnails"},"yoast_head":"<!-- This site is optimized with the Yoast SEO plugin v27.3 - https:\/\/yoast.com\/product\/yoast-seo-wordpress\/ -->\n<title>MSI MAG 274F \/ 27 Pouces - Epsilon PC<\/title>\n<meta name=\"robots\" content=\"index, follow, max-snippet:-1, max-image-preview:large, max-video-preview:-1\" \/>\n<link rel=\"canonical\" href=\"https:\/\/www.epsilon-pc.fr\/index.php\/produit\/msi-mag-274f-ecran-plat-de-pc-686-cm\/\" \/>\n<meta property=\"og:locale\" content=\"fr_FR\" \/>\n<meta property=\"og:type\" content=\"article\" \/>\n<meta property=\"og:title\" content=\"MSI MAG 274F \/ 27 Pouces - Epsilon PC\" \/>\n<meta property=\"og:description\" content=\"\ud83d\udc09 MSI : L&#039;immersion gaming \u00e0 l&#039;\u00e9tat pur  Avec ses gammes Optix, MAG et MPG, MSI se concentre sur l&#039;exp\u00e9rience du joueur. Leurs dalles (souvent incurv\u00e9es) vous plongent au c\u0153ur de l&#039;action avec des contrastes saisissants.   \ud83c\udfae S\u00e9rie Gaming : Des taux de rafra\u00eechissement \u00e9lev\u00e9s et des fonctionnalit\u00e9s logicielles intelligentes (Gaming OSD) pour prendre l&#039;avantage sur vos adversaires.\" \/>\n<meta property=\"og:url\" content=\"https:\/\/www.epsilon-pc.fr\/index.php\/produit\/msi-mag-274f-ecran-plat-de-pc-686-cm\/\" \/>\n<meta property=\"og:site_name\" content=\"Epsilon PC\" \/>\n<meta property=\"article:modified_time\" content=\"2026-04-02T08:23:25+00:00\" \/>\n<meta property=\"og:image\" content=\"http:\/\/www.epsilon-pc.fr\/wp-content\/uploads\/2026\/04\/msi-mag-274f.jpg\" \/>\n\t<meta property=\"og:image:width\" content=\"800\" \/>\n\t<meta property=\"og:image:height\" content=\"800\" \/>\n\t<meta property=\"og:image:type\" content=\"image\/jpeg\" \/>\n<meta name=\"twitter:card\" content=\"summary_large_image\" \/>\n<meta name=\"twitter:label1\" content=\"Dur\u00e9e de lecture estim\u00e9e\" \/>\n\t<meta name=\"twitter:data1\" content=\"3 minutes\" \/>\n<script type=\"application\/ld+json\" class=\"yoast-schema-graph\">{\"@context\":\"https:\\\/\\\/schema.org\",\"@graph\":[{\"@type\":\"WebPage\",\"@id\":\"https:\\\/\\\/www.epsilon-pc.fr\\\/index.php\\\/produit\\\/msi-mag-274f-ecran-plat-de-pc-686-cm\\\/\",\"url\":\"https:\\\/\\\/www.epsilon-pc.fr\\\/index.php\\\/produit\\\/msi-mag-274f-ecran-plat-de-pc-686-cm\\\/\",\"name\":\"MSI MAG 274F \\\/ 27 Pouces - Epsilon PC\",\"isPartOf\":{\"@id\":\"https:\\\/\\\/www.epsilon-pc.fr\\\/#website\"},\"primaryImageOfPage\":{\"@id\":\"https:\\\/\\\/www.epsilon-pc.fr\\\/index.php\\\/produit\\\/msi-mag-274f-ecran-plat-de-pc-686-cm\\\/#primaryimage\"},\"image\":{\"@id\":\"https:\\\/\\\/www.epsilon-pc.fr\\\/index.php\\\/produit\\\/msi-mag-274f-ecran-plat-de-pc-686-cm\\\/#primaryimage\"},\"thumbnailUrl\":\"https:\\\/\\\/www.epsilon-pc.fr\\\/wp-content\\\/uploads\\\/2026\\\/04\\\/msi-mag-274f.jpg\",\"datePublished\":\"2026-04-02T08:10:36+00:00\",\"dateModified\":\"2026-04-02T08:23:25+00:00\",\"breadcrumb\":{\"@id\":\"https:\\\/\\\/www.epsilon-pc.fr\\\/index.php\\\/produit\\\/msi-mag-274f-ecran-plat-de-pc-686-cm\\\/#breadcrumb\"},\"inLanguage\":\"fr-FR\",\"potentialAction\":[{\"@type\":\"ReadAction\",\"target\":[\"https:\\\/\\\/www.epsilon-pc.fr\\\/index.php\\\/produit\\\/msi-mag-274f-ecran-plat-de-pc-686-cm\\\/\"]}]},{\"@type\":\"ImageObject\",\"inLanguage\":\"fr-FR\",\"@id\":\"https:\\\/\\\/www.epsilon-pc.fr\\\/index.php\\\/produit\\\/msi-mag-274f-ecran-plat-de-pc-686-cm\\\/#primaryimage\",\"url\":\"https:\\\/\\\/www.epsilon-pc.fr\\\/wp-content\\\/uploads\\\/2026\\\/04\\\/msi-mag-274f.jpg\",\"contentUrl\":\"https:\\\/\\\/www.epsilon-pc.fr\\\/wp-content\\\/uploads\\\/2026\\\/04\\\/msi-mag-274f.jpg\",\"width\":800,\"height\":800},{\"@type\":\"BreadcrumbList\",\"@id\":\"https:\\\/\\\/www.epsilon-pc.fr\\\/index.php\\\/produit\\\/msi-mag-274f-ecran-plat-de-pc-686-cm\\\/#breadcrumb\",\"itemListElement\":[{\"@type\":\"ListItem\",\"position\":1,\"name\":\"Accueil\",\"item\":\"https:\\\/\\\/www.epsilon-pc.fr\\\/\"},{\"@type\":\"ListItem\",\"position\":2,\"name\":\"Boutique\",\"item\":\"https:\\\/\\\/www.epsilon-pc.fr\\\/index.php\\\/boutique\\\/\"},{\"@type\":\"ListItem\",\"position\":3,\"name\":\"MSI MAG 274F \\\/ 27 Pouces\"}]},{\"@type\":\"WebSite\",\"@id\":\"https:\\\/\\\/www.epsilon-pc.fr\\\/#website\",\"url\":\"https:\\\/\\\/www.epsilon-pc.fr\\\/\",\"name\":\"Epsilon PC\",\"description\":\"\",\"publisher\":{\"@id\":\"https:\\\/\\\/www.epsilon-pc.fr\\\/#organization\"},\"potentialAction\":[{\"@type\":\"SearchAction\",\"target\":{\"@type\":\"EntryPoint\",\"urlTemplate\":\"https:\\\/\\\/www.epsilon-pc.fr\\\/?s={search_term_string}\"},\"query-input\":{\"@type\":\"PropertyValueSpecification\",\"valueRequired\":true,\"valueName\":\"search_term_string\"}}],\"inLanguage\":\"fr-FR\"},{\"@type\":\"Organization\",\"@id\":\"https:\\\/\\\/www.epsilon-pc.fr\\\/#organization\",\"name\":\"Epsilon PC\",\"url\":\"https:\\\/\\\/www.epsilon-pc.fr\\\/\",\"logo\":{\"@type\":\"ImageObject\",\"inLanguage\":\"fr-FR\",\"@id\":\"https:\\\/\\\/www.epsilon-pc.fr\\\/#\\\/schema\\\/logo\\\/image\\\/\",\"url\":\"https:\\\/\\\/www.epsilon-pc.fr\\\/wp-content\\\/uploads\\\/2026\\\/02\\\/cropped-LogoEpsi-1.bmp\",\"contentUrl\":\"https:\\\/\\\/www.epsilon-pc.fr\\\/wp-content\\\/uploads\\\/2026\\\/02\\\/cropped-LogoEpsi-1.bmp\",\"width\":191,\"height\":59,\"caption\":\"Epsilon PC\"},\"image\":{\"@id\":\"https:\\\/\\\/www.epsilon-pc.fr\\\/#\\\/schema\\\/logo\\\/image\\\/\"}}]}<\/script>\n<!-- \/ Yoast SEO plugin. -->","yoast_head_json":{"title":"MSI MAG 274F \/ 27 Pouces - Epsilon PC","robots":{"index":"index","follow":"follow","max-snippet":"max-snippet:-1","max-image-preview":"max-image-preview:large","max-video-preview":"max-video-preview:-1"},"canonical":"https:\/\/www.epsilon-pc.fr\/index.php\/produit\/msi-mag-274f-ecran-plat-de-pc-686-cm\/","og_locale":"fr_FR","og_type":"article","og_title":"MSI MAG 274F \/ 27 Pouces - Epsilon PC","og_description":"\ud83d\udc09 MSI : L'immersion gaming \u00e0 l'\u00e9tat pur  Avec ses gammes Optix, MAG et MPG, MSI se concentre sur l'exp\u00e9rience du joueur. Leurs dalles (souvent incurv\u00e9es) vous plongent au c\u0153ur de l'action avec des contrastes saisissants.   \ud83c\udfae S\u00e9rie Gaming : Des taux de rafra\u00eechissement \u00e9lev\u00e9s et des fonctionnalit\u00e9s logicielles intelligentes (Gaming OSD) pour prendre l'avantage sur vos adversaires.","og_url":"https:\/\/www.epsilon-pc.fr\/index.php\/produit\/msi-mag-274f-ecran-plat-de-pc-686-cm\/","og_site_name":"Epsilon PC","article_modified_time":"2026-04-02T08:23:25+00:00","og_image":[{"width":800,"height":800,"url":"http:\/\/www.epsilon-pc.fr\/wp-content\/uploads\/2026\/04\/msi-mag-274f.jpg","type":"image\/jpeg"}],"twitter_card":"summary_large_image","twitter_misc":{"Dur\u00e9e de lecture estim\u00e9e":"3 minutes"},"schema":{"@context":"https:\/\/schema.org","@graph":[{"@type":"WebPage","@id":"https:\/\/www.epsilon-pc.fr\/index.php\/produit\/msi-mag-274f-ecran-plat-de-pc-686-cm\/","url":"https:\/\/www.epsilon-pc.fr\/index.php\/produit\/msi-mag-274f-ecran-plat-de-pc-686-cm\/","name":"MSI MAG 274F \/ 27 Pouces - Epsilon PC","isPartOf":{"@id":"https:\/\/www.epsilon-pc.fr\/#website"},"primaryImageOfPage":{"@id":"https:\/\/www.epsilon-pc.fr\/index.php\/produit\/msi-mag-274f-ecran-plat-de-pc-686-cm\/#primaryimage"},"image":{"@id":"https:\/\/www.epsilon-pc.fr\/index.php\/produit\/msi-mag-274f-ecran-plat-de-pc-686-cm\/#primaryimage"},"thumbnailUrl":"https:\/\/www.epsilon-pc.fr\/wp-content\/uploads\/2026\/04\/msi-mag-274f.jpg","datePublished":"2026-04-02T08:10:36+00:00","dateModified":"2026-04-02T08:23:25+00:00","breadcrumb":{"@id":"https:\/\/www.epsilon-pc.fr\/index.php\/produit\/msi-mag-274f-ecran-plat-de-pc-686-cm\/#breadcrumb"},"inLanguage":"fr-FR","potentialAction":[{"@type":"ReadAction","target":["https:\/\/www.epsilon-pc.fr\/index.php\/produit\/msi-mag-274f-ecran-plat-de-pc-686-cm\/"]}]},{"@type":"ImageObject","inLanguage":"fr-FR","@id":"https:\/\/www.epsilon-pc.fr\/index.php\/produit\/msi-mag-274f-ecran-plat-de-pc-686-cm\/#primaryimage","url":"https:\/\/www.epsilon-pc.fr\/wp-content\/uploads\/2026\/04\/msi-mag-274f.jpg","contentUrl":"https:\/\/www.epsilon-pc.fr\/wp-content\/uploads\/2026\/04\/msi-mag-274f.jpg","width":800,"height":800},{"@type":"BreadcrumbList","@id":"https:\/\/www.epsilon-pc.fr\/index.php\/produit\/msi-mag-274f-ecran-plat-de-pc-686-cm\/#breadcrumb","itemListElement":[{"@type":"ListItem","position":1,"name":"Accueil","item":"https:\/\/www.epsilon-pc.fr\/"},{"@type":"ListItem","position":2,"name":"Boutique","item":"https:\/\/www.epsilon-pc.fr\/index.php\/boutique\/"},{"@type":"ListItem","position":3,"name":"MSI MAG 274F \/ 27 Pouces"}]},{"@type":"WebSite","@id":"https:\/\/www.epsilon-pc.fr\/#website","url":"https:\/\/www.epsilon-pc.fr\/","name":"Epsilon PC","description":"","publisher":{"@id":"https:\/\/www.epsilon-pc.fr\/#organization"},"potentialAction":[{"@type":"SearchAction","target":{"@type":"EntryPoint","urlTemplate":"https:\/\/www.epsilon-pc.fr\/?s={search_term_string}"},"query-input":{"@type":"PropertyValueSpecification","valueRequired":true,"valueName":"search_term_string"}}],"inLanguage":"fr-FR"},{"@type":"Organization","@id":"https:\/\/www.epsilon-pc.fr\/#organization","name":"Epsilon PC","url":"https:\/\/www.epsilon-pc.fr\/","logo":{"@type":"ImageObject","inLanguage":"fr-FR","@id":"https:\/\/www.epsilon-pc.fr\/#\/schema\/logo\/image\/","url":"https:\/\/www.epsilon-pc.fr\/wp-content\/uploads\/2026\/02\/cropped-LogoEpsi-1.bmp","contentUrl":"https:\/\/www.epsilon-pc.fr\/wp-content\/uploads\/2026\/02\/cropped-LogoEpsi-1.bmp","width":191,"height":59,"caption":"Epsilon PC"},"image":{"@id":"https:\/\/www.epsilon-pc.fr\/#\/schema\/logo\/image\/"}}]}},"_links":{"self":[{"href":"https:\/\/www.epsilon-pc.fr\/index.php\/wp-json\/wp\/v2\/product\/10807","targetHints":{"allow":["GET"]}}],"collection":[{"href":"https:\/\/www.epsilon-pc.fr\/index.php\/wp-json\/wp\/v2\/product"}],"about":[{"href":"https:\/\/www.epsilon-pc.fr\/index.php\/wp-json\/wp\/v2\/types\/product"}],"wp:featuredmedia":[{"embeddable":true,"href":"https:\/\/www.epsilon-pc.fr\/index.php\/wp-json\/wp\/v2\/media\/10806"}],"wp:attachment":[{"href":"https:\/\/www.epsilon-pc.fr\/index.php\/wp-json\/wp\/v2\/media?parent=10807"}],"wp:term":[{"taxonomy":"product_brand","embeddable":true,"href":"https:\/\/www.epsilon-pc.fr\/index.php\/wp-json\/wp\/v2\/product_brand?post=10807"},{"taxonomy":"product_cat","embeddable":true,"href":"https:\/\/www.epsilon-pc.fr\/index.php\/wp-json\/wp\/v2\/product_cat?post=10807"},{"taxonomy":"product_tag","embeddable":true,"href":"https:\/\/www.epsilon-pc.fr\/index.php\/wp-json\/wp\/v2\/product_tag?post=10807"}],"curies":[{"name":"wp","href":"https:\/\/api.w.org\/{rel}","templated":true}]}}