{"id":10797,"date":"2026-04-02T10:10:23","date_gmt":"2026-04-02T08:10:23","guid":{"rendered":"https:\/\/www.epsilon-pc.fr\/index.php\/produit\/be-quiet-pure-rock-lp-ventirad-mono\/"},"modified":"2026-04-02T10:26:08","modified_gmt":"2026-04-02T08:26:08","slug":"be-quiet-pure-rock-lp-ventirad-mono","status":"publish","type":"product","link":"https:\/\/www.epsilon-pc.fr\/index.php\/produit\/be-quiet-pure-rock-lp-ventirad-mono\/","title":{"rendered":"BE QUIET! PURE ROCK LP"},"content":{"rendered":"<dl class=\"data-sheet\">\n<dt class=\"name\">Couleur du produit<\/dt>\n<dd class=\"value\">Noir<\/dd>\n<dt class=\"name\">Hauteur<\/dt>\n<dd class=\"value\">45 mm<\/dd>\n<dt class=\"name\">Hauteur du colis<\/dt>\n<dd class=\"value\">87 mm<\/dd>\n<dt class=\"name\">Largeur<\/dt>\n<dd class=\"value\">92 mm<\/dd>\n<dt class=\"name\">Largeur du colis<\/dt>\n<dd class=\"value\">131 mm<\/dd>\n<dt class=\"name\">Poids<\/dt>\n<dd class=\"value\">358 g<\/dd>\n<dt class=\"name\">Poids du paquet<\/dt>\n<dd class=\"value\">520 g<\/dd>\n<dt class=\"name\">Profondeur<\/dt>\n<dd class=\"value\">92 mm<\/dd>\n<dt class=\"name\">Profondeur du colis<\/dt>\n<dd class=\"value\">127 mm<\/dd>\n<dt class=\"name\">Quantit\u00e9<\/dt>\n<dd class=\"value\">1 pi\u00e8ce(s)<\/dd>\n<dt class=\"name\">Type d&#8217;emballage<\/dt>\n<dd class=\"value\">Bo\u00eete<\/dd>\n<dt class=\"name\">Type<\/dt>\n<dd class=\"value\">Refroidisseur d&rsquo;air<\/dd>\n<dt class=\"name\">C\u00e2bles inclus<\/dt>\n<dd class=\"value\">4 broches<\/dd>\n<dt class=\"name\">Diam\u00e8tre du ventilateur<\/dt>\n<dd class=\"value\">9,2 cm<\/dd>\n<dt class=\"name\">P\u00e9riode de garantie<\/dt>\n<dd class=\"value\">3 ann\u00e9e(s)<\/dd>\n<dt class=\"name\">Prise en charge des douilles du processeur<\/dt>\n<dd class=\"value\">LGA 1150 (Emplacement H3), LGA 1151 (Emplacement H4), LGA 1155 (Socket H2), LGA 1200 (Socket H5), LGA 1700, Emplacement AM4, Emplacement AM5<\/dd>\n<dt class=\"name\">Enveloppe thermique (TDP, Thermal Design Power)<\/dt>\n<dd class=\"value\">100 W<\/dd>\n<dt class=\"name\">Alimentation d&rsquo;\u00e9nergie<\/dt>\n<dd class=\"value\">4,2 W<\/dd>\n<dt class=\"name\">Vis incluses<\/dt>\n<dd class=\"value\">Oui<\/dd>\n<dt class=\"name\">Dimensions de ventilateur (l x p x h)<\/dt>\n<dd class=\"value\">92 x 92 x 15 mm<\/dd>\n<dt class=\"name\">Emplacement appropri\u00e9<\/dt>\n<dd class=\"value\">Carte-m\u00e8re<\/dd>\n<dt class=\"name\">Kit de montage<\/dt>\n<dd class=\"value\">Oui<\/dd>\n<dt class=\"name\">Mat\u00e9riau plat de base<\/dt>\n<dd class=\"value\">Cuivre<\/dd>\n<dt class=\"name\">Niveau de bruit de ventilateur (max)<\/dt>\n<dd class=\"value\">30,6 dB<\/dd>\n<dt class=\"name\">Prise en charge de la modulation par largeur d&rsquo;impulsion<\/dt>\n<dd class=\"value\">Oui<\/dd>\n<dt class=\"name\">Longueur de c\u00e2ble<\/dt>\n<dd class=\"value\">0,26 m<\/dd>\n<dt class=\"name\">Connecteur du ventilateur<\/dt>\n<dd class=\"value\">4 broches<\/dd>\n<dt class=\"name\">Connecteur pompe<\/dt>\n<dd class=\"value\">4 broches<\/dd>\n<dt class=\"name\">Niveau de son (vitesse rapide)<\/dt>\n<dd class=\"value\">30,6 dB<\/dd>\n<dt class=\"name\">Vitesse de rotation (max)<\/dt>\n<dd class=\"value\">2500 tr\/min<\/dd>\n<dt class=\"name\">Courant nominal<\/dt>\n<dd class=\"value\">0,35 A<\/dd>\n<dt class=\"name\">Niveau de bruit de ventilateur (min)<\/dt>\n<dd class=\"value\">13,3 dB<\/dd>\n<dt class=\"name\">Niveau de son (vitesse lente)<\/dt>\n<dd class=\"value\">13,3 dB<\/dd>\n<dt class=\"name\">Technologie de roulement de ventilateur<\/dt>\n<dd class=\"value\">Palier lisse<\/dd>\n<dt class=\"name\">Type de roulement<\/dt>\n<dd class=\"value\">Palier lisse<\/dd>\n<dt class=\"name\">Mat\u00e9riau des ailettes<\/dt>\n<dd class=\"value\">Aluminium<\/dd>\n<dt class=\"name\">Tension nominale<\/dt>\n<dd class=\"value\">12 V<\/dd>\n<\/dl>\n","protected":false},"excerpt":{"rendered":"<p><strong>\ud83e\udd2b be quiet! : Le silence absolu pour votre processeur<\/strong><\/p>\n<p>Que ce soit en air ou en liquide, la marque allemande ne fait aucun compromis sur l&rsquo;acoustique. Parfait pour les cr\u00e9ateurs et les joueurs qui exigent une concentration totale.<\/p>\n<ul>\n<li><strong>\ud83d\udda4 Dark Rock :<\/strong> Des ventirads massifs, noirs et \u00e9l\u00e9gants, capables de dissiper des chaleurs extr\u00eames dans un silence quasi total.<\/li>\n<li><strong>\ud83d\udca7 Silent Loop &amp; Pure Loop :<\/strong> Des watercooling \u00e9quip\u00e9s de pompes d\u00e9coupl\u00e9es pour \u00e9liminer la moindre vibration.<\/li>\n<\/ul>\n","protected":false},"featured_media":10796,"template":"","meta":{"ocean_post_layout":"","ocean_both_sidebars_style":"","ocean_both_sidebars_content_width":0,"ocean_both_sidebars_sidebars_width":0,"ocean_sidebar":"0","ocean_second_sidebar":"0","ocean_disable_margins":"enable","ocean_add_body_class":"","ocean_shortcode_before_top_bar":"","ocean_shortcode_after_top_bar":"","ocean_shortcode_before_header":"","ocean_shortcode_after_header":"","ocean_has_shortcode":"","ocean_shortcode_after_title":"","ocean_shortcode_before_footer_widgets":"","ocean_shortcode_after_footer_widgets":"","ocean_shortcode_before_footer_bottom":"","ocean_shortcode_after_footer_bottom":"","ocean_display_top_bar":"default","ocean_display_header":"default","ocean_header_style":"","ocean_center_header_left_menu":"0","ocean_custom_header_template":"0","ocean_custom_logo":0,"ocean_custom_retina_logo":0,"ocean_custom_logo_max_width":0,"ocean_custom_logo_tablet_max_width":0,"ocean_custom_logo_mobile_max_width":0,"ocean_custom_logo_max_height":0,"ocean_custom_logo_tablet_max_height":0,"ocean_custom_logo_mobile_max_height":0,"ocean_header_custom_menu":"0","ocean_menu_typo_font_family":"0","ocean_menu_typo_font_subset":"","ocean_menu_typo_font_size":0,"ocean_menu_typo_font_size_tablet":0,"ocean_menu_typo_font_size_mobile":0,"ocean_menu_typo_font_size_unit":"px","ocean_menu_typo_font_weight":"","ocean_menu_typo_font_weight_tablet":"","ocean_menu_typo_font_weight_mobile":"","ocean_menu_typo_transform":"","ocean_menu_typo_transform_tablet":"","ocean_menu_typo_transform_mobile":"","ocean_menu_typo_line_height":0,"ocean_menu_typo_line_height_tablet":0,"ocean_menu_typo_line_height_mobile":0,"ocean_menu_typo_line_height_unit":"","ocean_menu_typo_spacing":0,"ocean_menu_typo_spacing_tablet":0,"ocean_menu_typo_spacing_mobile":0,"ocean_menu_typo_spacing_unit":"","ocean_menu_link_color":"","ocean_menu_link_color_hover":"","ocean_menu_link_color_active":"","ocean_menu_link_background":"","ocean_menu_link_hover_background":"","ocean_menu_link_active_background":"","ocean_menu_social_links_bg":"","ocean_menu_social_hover_links_bg":"","ocean_menu_social_links_color":"","ocean_menu_social_hover_links_color":"","ocean_disable_title":"default","ocean_disable_heading":"default","ocean_post_title":"","ocean_post_subheading":"","ocean_post_title_style":"","ocean_post_title_background_color":"","ocean_post_title_background":0,"ocean_post_title_bg_image_position":"","ocean_post_title_bg_image_attachment":"","ocean_post_title_bg_image_repeat":"","ocean_post_title_bg_image_size":"","ocean_post_title_height":0,"ocean_post_title_bg_overlay":0.5,"ocean_post_title_bg_overlay_color":"","ocean_disable_breadcrumbs":"default","ocean_breadcrumbs_color":"","ocean_breadcrumbs_separator_color":"","ocean_breadcrumbs_links_color":"","ocean_breadcrumbs_links_hover_color":"","ocean_display_footer_widgets":"default","ocean_display_footer_bottom":"default","ocean_custom_footer_template":"0"},"product_brand":[26],"product_cat":[21],"product_tag":[],"class_list":{"0":"post-10797","1":"product","2":"type-product","3":"status-publish","4":"has-post-thumbnail","6":"product_brand-be-quiet","7":"product_cat-aircooling","9":"entry","10":"has-media","12":"first","13":"instock","14":"taxable","15":"shipping-taxable","16":"purchasable","17":"product-type-simple","18":"has-product-nav","19":"col","20":"span_1_of_4","21":"owp-content-center","22":"owp-thumbs-layout-horizontal","23":"owp-btn-big","24":"owp-tabs-layout-horizontal","25":"has-no-thumbnails"},"yoast_head":"<!-- This site is optimized with the Yoast SEO plugin v27.3 - https:\/\/yoast.com\/product\/yoast-seo-wordpress\/ -->\n<title>BE QUIET! PURE ROCK LP - Epsilon PC<\/title>\n<meta name=\"robots\" content=\"index, follow, max-snippet:-1, max-image-preview:large, max-video-preview:-1\" \/>\n<link rel=\"canonical\" href=\"https:\/\/www.epsilon-pc.fr\/index.php\/produit\/be-quiet-pure-rock-lp-ventirad-mono\/\" \/>\n<meta property=\"og:locale\" content=\"fr_FR\" \/>\n<meta property=\"og:type\" content=\"article\" \/>\n<meta property=\"og:title\" content=\"BE QUIET! PURE ROCK LP - Epsilon PC\" \/>\n<meta property=\"og:description\" content=\"\ud83e\udd2b be quiet! : Le silence absolu pour votre processeur  Que ce soit en air ou en liquide, la marque allemande ne fait aucun compromis sur l&#039;acoustique. Parfait pour les cr\u00e9ateurs et les joueurs qui exigent une concentration totale.   \ud83d\udda4 Dark Rock : Des ventirads massifs, noirs et \u00e9l\u00e9gants, capables de dissiper des chaleurs extr\u00eames dans un silence quasi total.  \ud83d\udca7 Silent Loop &amp; Pure Loop : Des watercooling \u00e9quip\u00e9s de pompes d\u00e9coupl\u00e9es pour \u00e9liminer la moindre vibration.\" \/>\n<meta property=\"og:url\" content=\"https:\/\/www.epsilon-pc.fr\/index.php\/produit\/be-quiet-pure-rock-lp-ventirad-mono\/\" \/>\n<meta property=\"og:site_name\" content=\"Epsilon PC\" \/>\n<meta property=\"article:modified_time\" content=\"2026-04-02T08:26:08+00:00\" \/>\n<meta property=\"og:image\" content=\"http:\/\/www.epsilon-pc.fr\/wp-content\/uploads\/2026\/04\/be-quiet-pure-rock-lp.jpg\" \/>\n\t<meta property=\"og:image:width\" content=\"800\" \/>\n\t<meta property=\"og:image:height\" content=\"800\" \/>\n\t<meta property=\"og:image:type\" content=\"image\/jpeg\" \/>\n<meta name=\"twitter:card\" content=\"summary_large_image\" \/>\n<meta name=\"twitter:label1\" content=\"Dur\u00e9e de lecture estim\u00e9e\" \/>\n\t<meta name=\"twitter:data1\" content=\"1 minute\" \/>\n<script type=\"application\/ld+json\" class=\"yoast-schema-graph\">{\"@context\":\"https:\\\/\\\/schema.org\",\"@graph\":[{\"@type\":\"WebPage\",\"@id\":\"https:\\\/\\\/www.epsilon-pc.fr\\\/index.php\\\/produit\\\/be-quiet-pure-rock-lp-ventirad-mono\\\/\",\"url\":\"https:\\\/\\\/www.epsilon-pc.fr\\\/index.php\\\/produit\\\/be-quiet-pure-rock-lp-ventirad-mono\\\/\",\"name\":\"BE QUIET! PURE ROCK LP - Epsilon PC\",\"isPartOf\":{\"@id\":\"https:\\\/\\\/www.epsilon-pc.fr\\\/#website\"},\"primaryImageOfPage\":{\"@id\":\"https:\\\/\\\/www.epsilon-pc.fr\\\/index.php\\\/produit\\\/be-quiet-pure-rock-lp-ventirad-mono\\\/#primaryimage\"},\"image\":{\"@id\":\"https:\\\/\\\/www.epsilon-pc.fr\\\/index.php\\\/produit\\\/be-quiet-pure-rock-lp-ventirad-mono\\\/#primaryimage\"},\"thumbnailUrl\":\"https:\\\/\\\/www.epsilon-pc.fr\\\/wp-content\\\/uploads\\\/2026\\\/04\\\/be-quiet-pure-rock-lp.jpg\",\"datePublished\":\"2026-04-02T08:10:23+00:00\",\"dateModified\":\"2026-04-02T08:26:08+00:00\",\"breadcrumb\":{\"@id\":\"https:\\\/\\\/www.epsilon-pc.fr\\\/index.php\\\/produit\\\/be-quiet-pure-rock-lp-ventirad-mono\\\/#breadcrumb\"},\"inLanguage\":\"fr-FR\",\"potentialAction\":[{\"@type\":\"ReadAction\",\"target\":[\"https:\\\/\\\/www.epsilon-pc.fr\\\/index.php\\\/produit\\\/be-quiet-pure-rock-lp-ventirad-mono\\\/\"]}]},{\"@type\":\"ImageObject\",\"inLanguage\":\"fr-FR\",\"@id\":\"https:\\\/\\\/www.epsilon-pc.fr\\\/index.php\\\/produit\\\/be-quiet-pure-rock-lp-ventirad-mono\\\/#primaryimage\",\"url\":\"https:\\\/\\\/www.epsilon-pc.fr\\\/wp-content\\\/uploads\\\/2026\\\/04\\\/be-quiet-pure-rock-lp.jpg\",\"contentUrl\":\"https:\\\/\\\/www.epsilon-pc.fr\\\/wp-content\\\/uploads\\\/2026\\\/04\\\/be-quiet-pure-rock-lp.jpg\",\"width\":800,\"height\":800},{\"@type\":\"BreadcrumbList\",\"@id\":\"https:\\\/\\\/www.epsilon-pc.fr\\\/index.php\\\/produit\\\/be-quiet-pure-rock-lp-ventirad-mono\\\/#breadcrumb\",\"itemListElement\":[{\"@type\":\"ListItem\",\"position\":1,\"name\":\"Accueil\",\"item\":\"https:\\\/\\\/www.epsilon-pc.fr\\\/\"},{\"@type\":\"ListItem\",\"position\":2,\"name\":\"Boutique\",\"item\":\"https:\\\/\\\/www.epsilon-pc.fr\\\/index.php\\\/boutique\\\/\"},{\"@type\":\"ListItem\",\"position\":3,\"name\":\"BE QUIET! PURE ROCK LP\"}]},{\"@type\":\"WebSite\",\"@id\":\"https:\\\/\\\/www.epsilon-pc.fr\\\/#website\",\"url\":\"https:\\\/\\\/www.epsilon-pc.fr\\\/\",\"name\":\"Epsilon PC\",\"description\":\"\",\"publisher\":{\"@id\":\"https:\\\/\\\/www.epsilon-pc.fr\\\/#organization\"},\"potentialAction\":[{\"@type\":\"SearchAction\",\"target\":{\"@type\":\"EntryPoint\",\"urlTemplate\":\"https:\\\/\\\/www.epsilon-pc.fr\\\/?s={search_term_string}\"},\"query-input\":{\"@type\":\"PropertyValueSpecification\",\"valueRequired\":true,\"valueName\":\"search_term_string\"}}],\"inLanguage\":\"fr-FR\"},{\"@type\":\"Organization\",\"@id\":\"https:\\\/\\\/www.epsilon-pc.fr\\\/#organization\",\"name\":\"Epsilon PC\",\"url\":\"https:\\\/\\\/www.epsilon-pc.fr\\\/\",\"logo\":{\"@type\":\"ImageObject\",\"inLanguage\":\"fr-FR\",\"@id\":\"https:\\\/\\\/www.epsilon-pc.fr\\\/#\\\/schema\\\/logo\\\/image\\\/\",\"url\":\"https:\\\/\\\/www.epsilon-pc.fr\\\/wp-content\\\/uploads\\\/2026\\\/02\\\/cropped-LogoEpsi-1.bmp\",\"contentUrl\":\"https:\\\/\\\/www.epsilon-pc.fr\\\/wp-content\\\/uploads\\\/2026\\\/02\\\/cropped-LogoEpsi-1.bmp\",\"width\":191,\"height\":59,\"caption\":\"Epsilon PC\"},\"image\":{\"@id\":\"https:\\\/\\\/www.epsilon-pc.fr\\\/#\\\/schema\\\/logo\\\/image\\\/\"}}]}<\/script>\n<!-- \/ Yoast SEO plugin. -->","yoast_head_json":{"title":"BE QUIET! PURE ROCK LP - Epsilon PC","robots":{"index":"index","follow":"follow","max-snippet":"max-snippet:-1","max-image-preview":"max-image-preview:large","max-video-preview":"max-video-preview:-1"},"canonical":"https:\/\/www.epsilon-pc.fr\/index.php\/produit\/be-quiet-pure-rock-lp-ventirad-mono\/","og_locale":"fr_FR","og_type":"article","og_title":"BE QUIET! PURE ROCK LP - Epsilon PC","og_description":"\ud83e\udd2b be quiet! : Le silence absolu pour votre processeur  Que ce soit en air ou en liquide, la marque allemande ne fait aucun compromis sur l'acoustique. Parfait pour les cr\u00e9ateurs et les joueurs qui exigent une concentration totale.   \ud83d\udda4 Dark Rock : Des ventirads massifs, noirs et \u00e9l\u00e9gants, capables de dissiper des chaleurs extr\u00eames dans un silence quasi total.  \ud83d\udca7 Silent Loop &amp; Pure Loop : Des watercooling \u00e9quip\u00e9s de pompes d\u00e9coupl\u00e9es pour \u00e9liminer la moindre vibration.","og_url":"https:\/\/www.epsilon-pc.fr\/index.php\/produit\/be-quiet-pure-rock-lp-ventirad-mono\/","og_site_name":"Epsilon PC","article_modified_time":"2026-04-02T08:26:08+00:00","og_image":[{"width":800,"height":800,"url":"http:\/\/www.epsilon-pc.fr\/wp-content\/uploads\/2026\/04\/be-quiet-pure-rock-lp.jpg","type":"image\/jpeg"}],"twitter_card":"summary_large_image","twitter_misc":{"Dur\u00e9e de lecture estim\u00e9e":"1 minute"},"schema":{"@context":"https:\/\/schema.org","@graph":[{"@type":"WebPage","@id":"https:\/\/www.epsilon-pc.fr\/index.php\/produit\/be-quiet-pure-rock-lp-ventirad-mono\/","url":"https:\/\/www.epsilon-pc.fr\/index.php\/produit\/be-quiet-pure-rock-lp-ventirad-mono\/","name":"BE QUIET! PURE ROCK LP - Epsilon PC","isPartOf":{"@id":"https:\/\/www.epsilon-pc.fr\/#website"},"primaryImageOfPage":{"@id":"https:\/\/www.epsilon-pc.fr\/index.php\/produit\/be-quiet-pure-rock-lp-ventirad-mono\/#primaryimage"},"image":{"@id":"https:\/\/www.epsilon-pc.fr\/index.php\/produit\/be-quiet-pure-rock-lp-ventirad-mono\/#primaryimage"},"thumbnailUrl":"https:\/\/www.epsilon-pc.fr\/wp-content\/uploads\/2026\/04\/be-quiet-pure-rock-lp.jpg","datePublished":"2026-04-02T08:10:23+00:00","dateModified":"2026-04-02T08:26:08+00:00","breadcrumb":{"@id":"https:\/\/www.epsilon-pc.fr\/index.php\/produit\/be-quiet-pure-rock-lp-ventirad-mono\/#breadcrumb"},"inLanguage":"fr-FR","potentialAction":[{"@type":"ReadAction","target":["https:\/\/www.epsilon-pc.fr\/index.php\/produit\/be-quiet-pure-rock-lp-ventirad-mono\/"]}]},{"@type":"ImageObject","inLanguage":"fr-FR","@id":"https:\/\/www.epsilon-pc.fr\/index.php\/produit\/be-quiet-pure-rock-lp-ventirad-mono\/#primaryimage","url":"https:\/\/www.epsilon-pc.fr\/wp-content\/uploads\/2026\/04\/be-quiet-pure-rock-lp.jpg","contentUrl":"https:\/\/www.epsilon-pc.fr\/wp-content\/uploads\/2026\/04\/be-quiet-pure-rock-lp.jpg","width":800,"height":800},{"@type":"BreadcrumbList","@id":"https:\/\/www.epsilon-pc.fr\/index.php\/produit\/be-quiet-pure-rock-lp-ventirad-mono\/#breadcrumb","itemListElement":[{"@type":"ListItem","position":1,"name":"Accueil","item":"https:\/\/www.epsilon-pc.fr\/"},{"@type":"ListItem","position":2,"name":"Boutique","item":"https:\/\/www.epsilon-pc.fr\/index.php\/boutique\/"},{"@type":"ListItem","position":3,"name":"BE QUIET! PURE ROCK LP"}]},{"@type":"WebSite","@id":"https:\/\/www.epsilon-pc.fr\/#website","url":"https:\/\/www.epsilon-pc.fr\/","name":"Epsilon PC","description":"","publisher":{"@id":"https:\/\/www.epsilon-pc.fr\/#organization"},"potentialAction":[{"@type":"SearchAction","target":{"@type":"EntryPoint","urlTemplate":"https:\/\/www.epsilon-pc.fr\/?s={search_term_string}"},"query-input":{"@type":"PropertyValueSpecification","valueRequired":true,"valueName":"search_term_string"}}],"inLanguage":"fr-FR"},{"@type":"Organization","@id":"https:\/\/www.epsilon-pc.fr\/#organization","name":"Epsilon PC","url":"https:\/\/www.epsilon-pc.fr\/","logo":{"@type":"ImageObject","inLanguage":"fr-FR","@id":"https:\/\/www.epsilon-pc.fr\/#\/schema\/logo\/image\/","url":"https:\/\/www.epsilon-pc.fr\/wp-content\/uploads\/2026\/02\/cropped-LogoEpsi-1.bmp","contentUrl":"https:\/\/www.epsilon-pc.fr\/wp-content\/uploads\/2026\/02\/cropped-LogoEpsi-1.bmp","width":191,"height":59,"caption":"Epsilon PC"},"image":{"@id":"https:\/\/www.epsilon-pc.fr\/#\/schema\/logo\/image\/"}}]}},"_links":{"self":[{"href":"https:\/\/www.epsilon-pc.fr\/index.php\/wp-json\/wp\/v2\/product\/10797","targetHints":{"allow":["GET"]}}],"collection":[{"href":"https:\/\/www.epsilon-pc.fr\/index.php\/wp-json\/wp\/v2\/product"}],"about":[{"href":"https:\/\/www.epsilon-pc.fr\/index.php\/wp-json\/wp\/v2\/types\/product"}],"wp:featuredmedia":[{"embeddable":true,"href":"https:\/\/www.epsilon-pc.fr\/index.php\/wp-json\/wp\/v2\/media\/10796"}],"wp:attachment":[{"href":"https:\/\/www.epsilon-pc.fr\/index.php\/wp-json\/wp\/v2\/media?parent=10797"}],"wp:term":[{"taxonomy":"product_brand","embeddable":true,"href":"https:\/\/www.epsilon-pc.fr\/index.php\/wp-json\/wp\/v2\/product_brand?post=10797"},{"taxonomy":"product_cat","embeddable":true,"href":"https:\/\/www.epsilon-pc.fr\/index.php\/wp-json\/wp\/v2\/product_cat?post=10797"},{"taxonomy":"product_tag","embeddable":true,"href":"https:\/\/www.epsilon-pc.fr\/index.php\/wp-json\/wp\/v2\/product_tag?post=10797"}],"curies":[{"name":"wp","href":"https:\/\/api.w.org\/{rel}","templated":true}]}}