{"id":10592,"date":"2026-03-26T12:18:30","date_gmt":"2026-03-26T11:18:30","guid":{"rendered":"https:\/\/www.epsilon-pc.fr\/index.php\/produit\/corsair-vengeance-d5-6000-16gb-2-x-8gb\/"},"modified":"2026-03-26T12:21:35","modified_gmt":"2026-03-26T11:21:35","slug":"corsair-vengeance-d5-6000-16gb-2-x-8gb","status":"publish","type":"product","link":"https:\/\/www.epsilon-pc.fr\/index.php\/produit\/corsair-vengeance-d5-6000-16gb-2-x-8gb\/","title":{"rendered":"CORSAIR VENGEANCE 16G (2X8G) DDR5 6000Mhz"},"content":{"rendered":"","protected":false},"excerpt":{"rendered":"<p><strong>\ud83d\ude80 Corsair : La m\u00e9moire haute performance au design iconique<\/strong><\/p>\n<p>R\u00e9f\u00e9rence absolue des passionn\u00e9s de PC et des gamers, Corsair transforme la m\u00e9moire vive en v\u00e9ritable pi\u00e8ce ma\u00eetresse de votre configuration. Alliant esth\u00e9tique premium et dissipation thermique de pointe, la marque repousse les limites de l&rsquo;overclocking.<\/p>\n<ul>\n<li><strong>\ud83d\udc8e Dominator Titanium\/Platinum :<\/strong> Le sommet du luxe et de la performance, avec une gestion thermique brevet\u00e9e et un \u00e9clairage LED personnalisable.<\/li>\n<li><strong>\u2728 Vengeance RGB :<\/strong> L&rsquo;\u00e9quilibre parfait entre vitesse extr\u00eame et effets lumineux spectaculaires via le logiciel iCUE.<\/li>\n<li><strong>\u2699\ufe0f Vengeance LPX :<\/strong> Une conception compacte (Low Profile) pour une performance brute et une stabilit\u00e9 maximale dans tous les bo\u00eetiers.<\/li>\n<\/ul>\n","protected":false},"featured_media":10591,"template":"","meta":{"ocean_post_layout":"","ocean_both_sidebars_style":"","ocean_both_sidebars_content_width":0,"ocean_both_sidebars_sidebars_width":0,"ocean_sidebar":"0","ocean_second_sidebar":"0","ocean_disable_margins":"enable","ocean_add_body_class":"","ocean_shortcode_before_top_bar":"","ocean_shortcode_after_top_bar":"","ocean_shortcode_before_header":"","ocean_shortcode_after_header":"","ocean_has_shortcode":"","ocean_shortcode_after_title":"","ocean_shortcode_before_footer_widgets":"","ocean_shortcode_after_footer_widgets":"","ocean_shortcode_before_footer_bottom":"","ocean_shortcode_after_footer_bottom":"","ocean_display_top_bar":"default","ocean_display_header":"default","ocean_header_style":"","ocean_center_header_left_menu":"0","ocean_custom_header_template":"0","ocean_custom_logo":0,"ocean_custom_retina_logo":0,"ocean_custom_logo_max_width":0,"ocean_custom_logo_tablet_max_width":0,"ocean_custom_logo_mobile_max_width":0,"ocean_custom_logo_max_height":0,"ocean_custom_logo_tablet_max_height":0,"ocean_custom_logo_mobile_max_height":0,"ocean_header_custom_menu":"0","ocean_menu_typo_font_family":"0","ocean_menu_typo_font_subset":"","ocean_menu_typo_font_size":0,"ocean_menu_typo_font_size_tablet":0,"ocean_menu_typo_font_size_mobile":0,"ocean_menu_typo_font_size_unit":"px","ocean_menu_typo_font_weight":"","ocean_menu_typo_font_weight_tablet":"","ocean_menu_typo_font_weight_mobile":"","ocean_menu_typo_transform":"","ocean_menu_typo_transform_tablet":"","ocean_menu_typo_transform_mobile":"","ocean_menu_typo_line_height":0,"ocean_menu_typo_line_height_tablet":0,"ocean_menu_typo_line_height_mobile":0,"ocean_menu_typo_line_height_unit":"","ocean_menu_typo_spacing":0,"ocean_menu_typo_spacing_tablet":0,"ocean_menu_typo_spacing_mobile":0,"ocean_menu_typo_spacing_unit":"","ocean_menu_link_color":"","ocean_menu_link_color_hover":"","ocean_menu_link_color_active":"","ocean_menu_link_background":"","ocean_menu_link_hover_background":"","ocean_menu_link_active_background":"","ocean_menu_social_links_bg":"","ocean_menu_social_hover_links_bg":"","ocean_menu_social_links_color":"","ocean_menu_social_hover_links_color":"","ocean_disable_title":"default","ocean_disable_heading":"default","ocean_post_title":"","ocean_post_subheading":"","ocean_post_title_style":"","ocean_post_title_background_color":"","ocean_post_title_background":0,"ocean_post_title_bg_image_position":"","ocean_post_title_bg_image_attachment":"","ocean_post_title_bg_image_repeat":"","ocean_post_title_bg_image_size":"","ocean_post_title_height":0,"ocean_post_title_bg_overlay":0.5,"ocean_post_title_bg_overlay_color":"","ocean_disable_breadcrumbs":"default","ocean_breadcrumbs_color":"","ocean_breadcrumbs_separator_color":"","ocean_breadcrumbs_links_color":"","ocean_breadcrumbs_links_hover_color":"","ocean_display_footer_widgets":"default","ocean_display_footer_bottom":"default","ocean_custom_footer_template":"0"},"product_brand":[29],"product_cat":[38],"product_tag":[],"class_list":{"0":"post-10592","1":"product","2":"type-product","3":"status-publish","4":"has-post-thumbnail","6":"product_brand-corsair","7":"product_cat-ddr5","9":"entry","10":"has-media","12":"first","13":"instock","14":"taxable","15":"shipping-taxable","16":"purchasable","17":"product-type-simple","18":"has-product-nav","19":"col","20":"span_1_of_4","21":"owp-content-center","22":"owp-thumbs-layout-horizontal","23":"owp-btn-big","24":"owp-tabs-layout-horizontal","25":"has-no-thumbnails"},"yoast_head":"<!-- This site is optimized with the Yoast SEO plugin v27.3 - https:\/\/yoast.com\/product\/yoast-seo-wordpress\/ -->\n<title>CORSAIR VENGEANCE 16G (2X8G) DDR5 6000Mhz - Epsilon PC<\/title>\n<meta name=\"robots\" content=\"index, follow, max-snippet:-1, max-image-preview:large, max-video-preview:-1\" \/>\n<link rel=\"canonical\" href=\"https:\/\/www.epsilon-pc.fr\/index.php\/produit\/corsair-vengeance-d5-6000-16gb-2-x-8gb\/\" \/>\n<meta property=\"og:locale\" content=\"fr_FR\" \/>\n<meta property=\"og:type\" content=\"article\" \/>\n<meta property=\"og:title\" content=\"CORSAIR VENGEANCE 16G (2X8G) DDR5 6000Mhz - Epsilon PC\" \/>\n<meta property=\"og:description\" content=\"\ud83d\ude80 Corsair : La m\u00e9moire haute performance au design iconique  R\u00e9f\u00e9rence absolue des passionn\u00e9s de PC et des gamers, Corsair transforme la m\u00e9moire vive en v\u00e9ritable pi\u00e8ce ma\u00eetresse de votre configuration. Alliant esth\u00e9tique premium et dissipation thermique de pointe, la marque repousse les limites de l&#039;overclocking.   \ud83d\udc8e Dominator Titanium\/Platinum : Le sommet du luxe et de la performance, avec une gestion thermique brevet\u00e9e et un \u00e9clairage LED personnalisable.  \u2728 Vengeance RGB : L&#039;\u00e9quilibre parfait entre vitesse extr\u00eame et effets lumineux spectaculaires via le logiciel iCUE.  \u2699\ufe0f Vengeance LPX : Une conception compacte (Low Profile) pour une performance brute et une stabilit\u00e9 maximale dans tous les bo\u00eetiers.\" \/>\n<meta property=\"og:url\" content=\"https:\/\/www.epsilon-pc.fr\/index.php\/produit\/corsair-vengeance-d5-6000-16gb-2-x-8gb\/\" \/>\n<meta property=\"og:site_name\" content=\"Epsilon PC\" \/>\n<meta property=\"article:modified_time\" content=\"2026-03-26T11:21:35+00:00\" \/>\n<meta property=\"og:image\" content=\"http:\/\/www.epsilon-pc.fr\/wp-content\/uploads\/2026\/03\/corsair-vengeance-d5-6000-16gb-2-x-8gb-cl36-intel-xmp-amd-expo.jpg\" \/>\n\t<meta property=\"og:image:width\" content=\"800\" \/>\n\t<meta property=\"og:image:height\" content=\"800\" \/>\n\t<meta property=\"og:image:type\" content=\"image\/jpeg\" \/>\n<meta name=\"twitter:card\" content=\"summary_large_image\" \/>\n<meta name=\"twitter:label1\" content=\"Dur\u00e9e de lecture estim\u00e9e\" \/>\n\t<meta name=\"twitter:data1\" content=\"1 minute\" \/>\n<script type=\"application\/ld+json\" class=\"yoast-schema-graph\">{\"@context\":\"https:\\\/\\\/schema.org\",\"@graph\":[{\"@type\":\"WebPage\",\"@id\":\"https:\\\/\\\/www.epsilon-pc.fr\\\/index.php\\\/produit\\\/corsair-vengeance-d5-6000-16gb-2-x-8gb\\\/\",\"url\":\"https:\\\/\\\/www.epsilon-pc.fr\\\/index.php\\\/produit\\\/corsair-vengeance-d5-6000-16gb-2-x-8gb\\\/\",\"name\":\"CORSAIR VENGEANCE 16G (2X8G) DDR5 6000Mhz - Epsilon PC\",\"isPartOf\":{\"@id\":\"https:\\\/\\\/www.epsilon-pc.fr\\\/#website\"},\"primaryImageOfPage\":{\"@id\":\"https:\\\/\\\/www.epsilon-pc.fr\\\/index.php\\\/produit\\\/corsair-vengeance-d5-6000-16gb-2-x-8gb\\\/#primaryimage\"},\"image\":{\"@id\":\"https:\\\/\\\/www.epsilon-pc.fr\\\/index.php\\\/produit\\\/corsair-vengeance-d5-6000-16gb-2-x-8gb\\\/#primaryimage\"},\"thumbnailUrl\":\"https:\\\/\\\/www.epsilon-pc.fr\\\/wp-content\\\/uploads\\\/2026\\\/03\\\/corsair-vengeance-d5-6000-16gb-2-x-8gb-cl36-intel-xmp-amd-expo.jpg\",\"datePublished\":\"2026-03-26T11:18:30+00:00\",\"dateModified\":\"2026-03-26T11:21:35+00:00\",\"breadcrumb\":{\"@id\":\"https:\\\/\\\/www.epsilon-pc.fr\\\/index.php\\\/produit\\\/corsair-vengeance-d5-6000-16gb-2-x-8gb\\\/#breadcrumb\"},\"inLanguage\":\"fr-FR\",\"potentialAction\":[{\"@type\":\"ReadAction\",\"target\":[\"https:\\\/\\\/www.epsilon-pc.fr\\\/index.php\\\/produit\\\/corsair-vengeance-d5-6000-16gb-2-x-8gb\\\/\"]}]},{\"@type\":\"ImageObject\",\"inLanguage\":\"fr-FR\",\"@id\":\"https:\\\/\\\/www.epsilon-pc.fr\\\/index.php\\\/produit\\\/corsair-vengeance-d5-6000-16gb-2-x-8gb\\\/#primaryimage\",\"url\":\"https:\\\/\\\/www.epsilon-pc.fr\\\/wp-content\\\/uploads\\\/2026\\\/03\\\/corsair-vengeance-d5-6000-16gb-2-x-8gb-cl36-intel-xmp-amd-expo.jpg\",\"contentUrl\":\"https:\\\/\\\/www.epsilon-pc.fr\\\/wp-content\\\/uploads\\\/2026\\\/03\\\/corsair-vengeance-d5-6000-16gb-2-x-8gb-cl36-intel-xmp-amd-expo.jpg\",\"width\":800,\"height\":800},{\"@type\":\"BreadcrumbList\",\"@id\":\"https:\\\/\\\/www.epsilon-pc.fr\\\/index.php\\\/produit\\\/corsair-vengeance-d5-6000-16gb-2-x-8gb\\\/#breadcrumb\",\"itemListElement\":[{\"@type\":\"ListItem\",\"position\":1,\"name\":\"Accueil\",\"item\":\"https:\\\/\\\/www.epsilon-pc.fr\\\/\"},{\"@type\":\"ListItem\",\"position\":2,\"name\":\"Boutique\",\"item\":\"https:\\\/\\\/www.epsilon-pc.fr\\\/index.php\\\/boutique\\\/\"},{\"@type\":\"ListItem\",\"position\":3,\"name\":\"CORSAIR VENGEANCE 16G (2X8G) DDR5 6000Mhz\"}]},{\"@type\":\"WebSite\",\"@id\":\"https:\\\/\\\/www.epsilon-pc.fr\\\/#website\",\"url\":\"https:\\\/\\\/www.epsilon-pc.fr\\\/\",\"name\":\"Epsilon PC\",\"description\":\"\",\"publisher\":{\"@id\":\"https:\\\/\\\/www.epsilon-pc.fr\\\/#organization\"},\"potentialAction\":[{\"@type\":\"SearchAction\",\"target\":{\"@type\":\"EntryPoint\",\"urlTemplate\":\"https:\\\/\\\/www.epsilon-pc.fr\\\/?s={search_term_string}\"},\"query-input\":{\"@type\":\"PropertyValueSpecification\",\"valueRequired\":true,\"valueName\":\"search_term_string\"}}],\"inLanguage\":\"fr-FR\"},{\"@type\":\"Organization\",\"@id\":\"https:\\\/\\\/www.epsilon-pc.fr\\\/#organization\",\"name\":\"Epsilon PC\",\"url\":\"https:\\\/\\\/www.epsilon-pc.fr\\\/\",\"logo\":{\"@type\":\"ImageObject\",\"inLanguage\":\"fr-FR\",\"@id\":\"https:\\\/\\\/www.epsilon-pc.fr\\\/#\\\/schema\\\/logo\\\/image\\\/\",\"url\":\"https:\\\/\\\/www.epsilon-pc.fr\\\/wp-content\\\/uploads\\\/2026\\\/02\\\/cropped-LogoEpsi-1.bmp\",\"contentUrl\":\"https:\\\/\\\/www.epsilon-pc.fr\\\/wp-content\\\/uploads\\\/2026\\\/02\\\/cropped-LogoEpsi-1.bmp\",\"width\":191,\"height\":59,\"caption\":\"Epsilon PC\"},\"image\":{\"@id\":\"https:\\\/\\\/www.epsilon-pc.fr\\\/#\\\/schema\\\/logo\\\/image\\\/\"}}]}<\/script>\n<!-- \/ Yoast SEO plugin. -->","yoast_head_json":{"title":"CORSAIR VENGEANCE 16G (2X8G) DDR5 6000Mhz - Epsilon PC","robots":{"index":"index","follow":"follow","max-snippet":"max-snippet:-1","max-image-preview":"max-image-preview:large","max-video-preview":"max-video-preview:-1"},"canonical":"https:\/\/www.epsilon-pc.fr\/index.php\/produit\/corsair-vengeance-d5-6000-16gb-2-x-8gb\/","og_locale":"fr_FR","og_type":"article","og_title":"CORSAIR VENGEANCE 16G (2X8G) DDR5 6000Mhz - Epsilon PC","og_description":"\ud83d\ude80 Corsair : La m\u00e9moire haute performance au design iconique  R\u00e9f\u00e9rence absolue des passionn\u00e9s de PC et des gamers, Corsair transforme la m\u00e9moire vive en v\u00e9ritable pi\u00e8ce ma\u00eetresse de votre configuration. Alliant esth\u00e9tique premium et dissipation thermique de pointe, la marque repousse les limites de l'overclocking.   \ud83d\udc8e Dominator Titanium\/Platinum : Le sommet du luxe et de la performance, avec une gestion thermique brevet\u00e9e et un \u00e9clairage LED personnalisable.  \u2728 Vengeance RGB : L'\u00e9quilibre parfait entre vitesse extr\u00eame et effets lumineux spectaculaires via le logiciel iCUE.  \u2699\ufe0f Vengeance LPX : Une conception compacte (Low Profile) pour une performance brute et une stabilit\u00e9 maximale dans tous les bo\u00eetiers.","og_url":"https:\/\/www.epsilon-pc.fr\/index.php\/produit\/corsair-vengeance-d5-6000-16gb-2-x-8gb\/","og_site_name":"Epsilon PC","article_modified_time":"2026-03-26T11:21:35+00:00","og_image":[{"width":800,"height":800,"url":"http:\/\/www.epsilon-pc.fr\/wp-content\/uploads\/2026\/03\/corsair-vengeance-d5-6000-16gb-2-x-8gb-cl36-intel-xmp-amd-expo.jpg","type":"image\/jpeg"}],"twitter_card":"summary_large_image","twitter_misc":{"Dur\u00e9e de lecture estim\u00e9e":"1 minute"},"schema":{"@context":"https:\/\/schema.org","@graph":[{"@type":"WebPage","@id":"https:\/\/www.epsilon-pc.fr\/index.php\/produit\/corsair-vengeance-d5-6000-16gb-2-x-8gb\/","url":"https:\/\/www.epsilon-pc.fr\/index.php\/produit\/corsair-vengeance-d5-6000-16gb-2-x-8gb\/","name":"CORSAIR VENGEANCE 16G (2X8G) DDR5 6000Mhz - Epsilon PC","isPartOf":{"@id":"https:\/\/www.epsilon-pc.fr\/#website"},"primaryImageOfPage":{"@id":"https:\/\/www.epsilon-pc.fr\/index.php\/produit\/corsair-vengeance-d5-6000-16gb-2-x-8gb\/#primaryimage"},"image":{"@id":"https:\/\/www.epsilon-pc.fr\/index.php\/produit\/corsair-vengeance-d5-6000-16gb-2-x-8gb\/#primaryimage"},"thumbnailUrl":"https:\/\/www.epsilon-pc.fr\/wp-content\/uploads\/2026\/03\/corsair-vengeance-d5-6000-16gb-2-x-8gb-cl36-intel-xmp-amd-expo.jpg","datePublished":"2026-03-26T11:18:30+00:00","dateModified":"2026-03-26T11:21:35+00:00","breadcrumb":{"@id":"https:\/\/www.epsilon-pc.fr\/index.php\/produit\/corsair-vengeance-d5-6000-16gb-2-x-8gb\/#breadcrumb"},"inLanguage":"fr-FR","potentialAction":[{"@type":"ReadAction","target":["https:\/\/www.epsilon-pc.fr\/index.php\/produit\/corsair-vengeance-d5-6000-16gb-2-x-8gb\/"]}]},{"@type":"ImageObject","inLanguage":"fr-FR","@id":"https:\/\/www.epsilon-pc.fr\/index.php\/produit\/corsair-vengeance-d5-6000-16gb-2-x-8gb\/#primaryimage","url":"https:\/\/www.epsilon-pc.fr\/wp-content\/uploads\/2026\/03\/corsair-vengeance-d5-6000-16gb-2-x-8gb-cl36-intel-xmp-amd-expo.jpg","contentUrl":"https:\/\/www.epsilon-pc.fr\/wp-content\/uploads\/2026\/03\/corsair-vengeance-d5-6000-16gb-2-x-8gb-cl36-intel-xmp-amd-expo.jpg","width":800,"height":800},{"@type":"BreadcrumbList","@id":"https:\/\/www.epsilon-pc.fr\/index.php\/produit\/corsair-vengeance-d5-6000-16gb-2-x-8gb\/#breadcrumb","itemListElement":[{"@type":"ListItem","position":1,"name":"Accueil","item":"https:\/\/www.epsilon-pc.fr\/"},{"@type":"ListItem","position":2,"name":"Boutique","item":"https:\/\/www.epsilon-pc.fr\/index.php\/boutique\/"},{"@type":"ListItem","position":3,"name":"CORSAIR VENGEANCE 16G (2X8G) DDR5 6000Mhz"}]},{"@type":"WebSite","@id":"https:\/\/www.epsilon-pc.fr\/#website","url":"https:\/\/www.epsilon-pc.fr\/","name":"Epsilon PC","description":"","publisher":{"@id":"https:\/\/www.epsilon-pc.fr\/#organization"},"potentialAction":[{"@type":"SearchAction","target":{"@type":"EntryPoint","urlTemplate":"https:\/\/www.epsilon-pc.fr\/?s={search_term_string}"},"query-input":{"@type":"PropertyValueSpecification","valueRequired":true,"valueName":"search_term_string"}}],"inLanguage":"fr-FR"},{"@type":"Organization","@id":"https:\/\/www.epsilon-pc.fr\/#organization","name":"Epsilon PC","url":"https:\/\/www.epsilon-pc.fr\/","logo":{"@type":"ImageObject","inLanguage":"fr-FR","@id":"https:\/\/www.epsilon-pc.fr\/#\/schema\/logo\/image\/","url":"https:\/\/www.epsilon-pc.fr\/wp-content\/uploads\/2026\/02\/cropped-LogoEpsi-1.bmp","contentUrl":"https:\/\/www.epsilon-pc.fr\/wp-content\/uploads\/2026\/02\/cropped-LogoEpsi-1.bmp","width":191,"height":59,"caption":"Epsilon PC"},"image":{"@id":"https:\/\/www.epsilon-pc.fr\/#\/schema\/logo\/image\/"}}]}},"_links":{"self":[{"href":"https:\/\/www.epsilon-pc.fr\/index.php\/wp-json\/wp\/v2\/product\/10592","targetHints":{"allow":["GET"]}}],"collection":[{"href":"https:\/\/www.epsilon-pc.fr\/index.php\/wp-json\/wp\/v2\/product"}],"about":[{"href":"https:\/\/www.epsilon-pc.fr\/index.php\/wp-json\/wp\/v2\/types\/product"}],"wp:featuredmedia":[{"embeddable":true,"href":"https:\/\/www.epsilon-pc.fr\/index.php\/wp-json\/wp\/v2\/media\/10591"}],"wp:attachment":[{"href":"https:\/\/www.epsilon-pc.fr\/index.php\/wp-json\/wp\/v2\/media?parent=10592"}],"wp:term":[{"taxonomy":"product_brand","embeddable":true,"href":"https:\/\/www.epsilon-pc.fr\/index.php\/wp-json\/wp\/v2\/product_brand?post=10592"},{"taxonomy":"product_cat","embeddable":true,"href":"https:\/\/www.epsilon-pc.fr\/index.php\/wp-json\/wp\/v2\/product_cat?post=10592"},{"taxonomy":"product_tag","embeddable":true,"href":"https:\/\/www.epsilon-pc.fr\/index.php\/wp-json\/wp\/v2\/product_tag?post=10592"}],"curies":[{"name":"wp","href":"https:\/\/api.w.org\/{rel}","templated":true}]}}