{"id":10587,"date":"2026-03-26T12:18:24","date_gmt":"2026-03-26T11:18:24","guid":{"rendered":"https:\/\/www.epsilon-pc.fr\/index.php\/produit\/kingston-carte-memoire-64gb-sdxc-canvas\/"},"modified":"2026-04-28T10:47:29","modified_gmt":"2026-04-28T08:47:29","slug":"kingston-carte-memoire-64gb-sdxc-canvas","status":"publish","type":"product","link":"https:\/\/www.epsilon-pc.fr\/index.php\/produit\/kingston-carte-memoire-64gb-sdxc-canvas\/","title":{"rendered":"KINGSTON CARTE MEMOIRE 64GB SDXC CANVAS"},"content":{"rendered":"","protected":false},"excerpt":{"rendered":"<p><strong>\ud83d\ude80 Kingston : La performance m\u00e9moire sans compromis<\/strong><\/p>\n<p>Leader mondial incontest\u00e9, Kingston est la r\u00e9f\u00e9rence absolue pour booster la r\u00e9activit\u00e9 de votre syst\u00e8me. Reconnue pour sa fiabilit\u00e9 l\u00e9gendaire et ses tests de qualit\u00e9 rigoureux, la marque propose des solutions adapt\u00e9es \u00e0 chaque profil :<\/p>\n<ul>\n<li><strong>\u26a1 Kingston FURY (Renegade, Beast, Impact) :<\/strong> La puissance pure pour le gaming et l&rsquo;overclocking, avec un design agressif et des fr\u00e9quences de pointe.<\/li>\n<li><strong>\ud83d\udee1\ufe0f Gamme Standard (ValueRAM) :<\/strong> La stabilit\u00e9 et la compatibilit\u00e9 garanties pour la bureautique et les mises \u00e0 jour syst\u00e8me au meilleur prix.<\/li>\n<\/ul>\n","protected":false},"featured_media":0,"template":"","meta":{"ocean_post_layout":"","ocean_both_sidebars_style":"","ocean_both_sidebars_content_width":0,"ocean_both_sidebars_sidebars_width":0,"ocean_sidebar":"","ocean_second_sidebar":"","ocean_disable_margins":"enable","ocean_add_body_class":"","ocean_shortcode_before_top_bar":"","ocean_shortcode_after_top_bar":"","ocean_shortcode_before_header":"","ocean_shortcode_after_header":"","ocean_has_shortcode":"","ocean_shortcode_after_title":"","ocean_shortcode_before_footer_widgets":"","ocean_shortcode_after_footer_widgets":"","ocean_shortcode_before_footer_bottom":"","ocean_shortcode_after_footer_bottom":"","ocean_display_top_bar":"default","ocean_display_header":"default","ocean_header_style":"","ocean_center_header_left_menu":"","ocean_custom_header_template":"","ocean_custom_logo":0,"ocean_custom_retina_logo":0,"ocean_custom_logo_max_width":0,"ocean_custom_logo_tablet_max_width":0,"ocean_custom_logo_mobile_max_width":0,"ocean_custom_logo_max_height":0,"ocean_custom_logo_tablet_max_height":0,"ocean_custom_logo_mobile_max_height":0,"ocean_header_custom_menu":"","ocean_menu_typo_font_family":"","ocean_menu_typo_font_subset":"","ocean_menu_typo_font_size":0,"ocean_menu_typo_font_size_tablet":0,"ocean_menu_typo_font_size_mobile":0,"ocean_menu_typo_font_size_unit":"px","ocean_menu_typo_font_weight":"","ocean_menu_typo_font_weight_tablet":"","ocean_menu_typo_font_weight_mobile":"","ocean_menu_typo_transform":"","ocean_menu_typo_transform_tablet":"","ocean_menu_typo_transform_mobile":"","ocean_menu_typo_line_height":0,"ocean_menu_typo_line_height_tablet":0,"ocean_menu_typo_line_height_mobile":0,"ocean_menu_typo_line_height_unit":"","ocean_menu_typo_spacing":0,"ocean_menu_typo_spacing_tablet":0,"ocean_menu_typo_spacing_mobile":0,"ocean_menu_typo_spacing_unit":"","ocean_menu_link_color":"","ocean_menu_link_color_hover":"","ocean_menu_link_color_active":"","ocean_menu_link_background":"","ocean_menu_link_hover_background":"","ocean_menu_link_active_background":"","ocean_menu_social_links_bg":"","ocean_menu_social_hover_links_bg":"","ocean_menu_social_links_color":"","ocean_menu_social_hover_links_color":"","ocean_disable_title":"default","ocean_disable_heading":"default","ocean_post_title":"","ocean_post_subheading":"","ocean_post_title_style":"","ocean_post_title_background_color":"","ocean_post_title_background":0,"ocean_post_title_bg_image_position":"","ocean_post_title_bg_image_attachment":"","ocean_post_title_bg_image_repeat":"","ocean_post_title_bg_image_size":"","ocean_post_title_height":0,"ocean_post_title_bg_overlay":0.5,"ocean_post_title_bg_overlay_color":"","ocean_disable_breadcrumbs":"default","ocean_breadcrumbs_color":"","ocean_breadcrumbs_separator_color":"","ocean_breadcrumbs_links_color":"","ocean_breadcrumbs_links_hover_color":"","ocean_display_footer_widgets":"default","ocean_display_footer_bottom":"default","ocean_custom_footer_template":""},"product_brand":[54],"product_cat":[16],"product_tag":[],"class_list":{"0":"post-10587","1":"product","2":"type-product","3":"status-publish","5":"product_brand-kingston","6":"product_cat-memoire","8":"entry","10":"first","11":"instock","12":"taxable","13":"shipping-taxable","14":"purchasable","15":"product-type-simple","16":"has-product-nav","17":"col","18":"span_1_of_4","19":"owp-content-center","20":"owp-thumbs-layout-horizontal","21":"owp-btn-big","22":"owp-tabs-layout-horizontal","23":"has-no-thumbnails"},"yoast_head":"<!-- This site is optimized with the Yoast SEO plugin v27.3 - https:\/\/yoast.com\/product\/yoast-seo-wordpress\/ -->\n<title>KINGSTON CARTE MEMOIRE 64GB SDXC CANVAS - Epsilon PC<\/title>\n<meta name=\"robots\" content=\"index, follow, max-snippet:-1, max-image-preview:large, max-video-preview:-1\" \/>\n<link rel=\"canonical\" href=\"https:\/\/www.epsilon-pc.fr\/index.php\/produit\/kingston-carte-memoire-64gb-sdxc-canvas\/\" \/>\n<meta property=\"og:locale\" content=\"fr_FR\" \/>\n<meta property=\"og:type\" content=\"article\" \/>\n<meta property=\"og:title\" content=\"KINGSTON CARTE MEMOIRE 64GB SDXC CANVAS - Epsilon PC\" \/>\n<meta property=\"og:description\" content=\"\ud83d\ude80 Kingston : La performance m\u00e9moire sans compromisLeader mondial incontest\u00e9, Kingston est la r\u00e9f\u00e9rence absolue pour booster la r\u00e9activit\u00e9 de votre syst\u00e8me. Reconnue pour sa fiabilit\u00e9 l\u00e9gendaire et ses tests de qualit\u00e9 rigoureux, la marque propose des solutions adapt\u00e9es \u00e0 chaque profil :\u26a1 Kingston FURY (Renegade, Beast, Impact) : La puissance pure pour le gaming et l&#039;overclocking, avec un design agressif et des fr\u00e9quences de pointe.\ud83d\udee1\ufe0f Gamme Standard (ValueRAM) : La stabilit\u00e9 et la compatibilit\u00e9 garanties pour la bureautique et les mises \u00e0 jour syst\u00e8me au meilleur prix.\" \/>\n<meta property=\"og:url\" content=\"https:\/\/www.epsilon-pc.fr\/index.php\/produit\/kingston-carte-memoire-64gb-sdxc-canvas\/\" \/>\n<meta property=\"og:site_name\" content=\"Epsilon PC\" \/>\n<meta property=\"article:modified_time\" content=\"2026-04-28T08:47:29+00:00\" \/>\n<meta property=\"og:image\" content=\"http:\/\/www.epsilon-pc.fr\/wp-content\/uploads\/2026\/03\/kingston-carte-memoire-64gb-sdxc-canvas-select-plus-sds3-64gb.jpg\" \/>\n\t<meta property=\"og:image:width\" content=\"800\" \/>\n\t<meta property=\"og:image:height\" content=\"800\" \/>\n\t<meta property=\"og:image:type\" content=\"image\/jpeg\" \/>\n<meta name=\"twitter:card\" content=\"summary_large_image\" \/>\n<script type=\"application\/ld+json\" class=\"yoast-schema-graph\">{\"@context\":\"https:\\\/\\\/schema.org\",\"@graph\":[{\"@type\":\"WebPage\",\"@id\":\"https:\\\/\\\/www.epsilon-pc.fr\\\/index.php\\\/produit\\\/kingston-carte-memoire-64gb-sdxc-canvas\\\/\",\"url\":\"https:\\\/\\\/www.epsilon-pc.fr\\\/index.php\\\/produit\\\/kingston-carte-memoire-64gb-sdxc-canvas\\\/\",\"name\":\"KINGSTON CARTE MEMOIRE 64GB SDXC CANVAS - Epsilon PC\",\"isPartOf\":{\"@id\":\"https:\\\/\\\/www.epsilon-pc.fr\\\/#website\"},\"datePublished\":\"2026-03-26T11:18:24+00:00\",\"dateModified\":\"2026-04-28T08:47:29+00:00\",\"breadcrumb\":{\"@id\":\"https:\\\/\\\/www.epsilon-pc.fr\\\/index.php\\\/produit\\\/kingston-carte-memoire-64gb-sdxc-canvas\\\/#breadcrumb\"},\"inLanguage\":\"fr-FR\",\"potentialAction\":[{\"@type\":\"ReadAction\",\"target\":[\"https:\\\/\\\/www.epsilon-pc.fr\\\/index.php\\\/produit\\\/kingston-carte-memoire-64gb-sdxc-canvas\\\/\"]}]},{\"@type\":\"BreadcrumbList\",\"@id\":\"https:\\\/\\\/www.epsilon-pc.fr\\\/index.php\\\/produit\\\/kingston-carte-memoire-64gb-sdxc-canvas\\\/#breadcrumb\",\"itemListElement\":[{\"@type\":\"ListItem\",\"position\":1,\"name\":\"Accueil\",\"item\":\"https:\\\/\\\/www.epsilon-pc.fr\\\/\"},{\"@type\":\"ListItem\",\"position\":2,\"name\":\"Boutique\",\"item\":\"https:\\\/\\\/www.epsilon-pc.fr\\\/index.php\\\/boutique\\\/\"},{\"@type\":\"ListItem\",\"position\":3,\"name\":\"KINGSTON CARTE MEMOIRE 64GB SDXC CANVAS\"}]},{\"@type\":\"WebSite\",\"@id\":\"https:\\\/\\\/www.epsilon-pc.fr\\\/#website\",\"url\":\"https:\\\/\\\/www.epsilon-pc.fr\\\/\",\"name\":\"Epsilon PC\",\"description\":\"\",\"publisher\":{\"@id\":\"https:\\\/\\\/www.epsilon-pc.fr\\\/#organization\"},\"potentialAction\":[{\"@type\":\"SearchAction\",\"target\":{\"@type\":\"EntryPoint\",\"urlTemplate\":\"https:\\\/\\\/www.epsilon-pc.fr\\\/?s={search_term_string}\"},\"query-input\":{\"@type\":\"PropertyValueSpecification\",\"valueRequired\":true,\"valueName\":\"search_term_string\"}}],\"inLanguage\":\"fr-FR\"},{\"@type\":\"Organization\",\"@id\":\"https:\\\/\\\/www.epsilon-pc.fr\\\/#organization\",\"name\":\"Epsilon PC\",\"url\":\"https:\\\/\\\/www.epsilon-pc.fr\\\/\",\"logo\":{\"@type\":\"ImageObject\",\"inLanguage\":\"fr-FR\",\"@id\":\"https:\\\/\\\/www.epsilon-pc.fr\\\/#\\\/schema\\\/logo\\\/image\\\/\",\"url\":\"https:\\\/\\\/www.epsilon-pc.fr\\\/wp-content\\\/uploads\\\/2026\\\/02\\\/cropped-LogoEpsi-1.bmp\",\"contentUrl\":\"https:\\\/\\\/www.epsilon-pc.fr\\\/wp-content\\\/uploads\\\/2026\\\/02\\\/cropped-LogoEpsi-1.bmp\",\"width\":191,\"height\":59,\"caption\":\"Epsilon PC\"},\"image\":{\"@id\":\"https:\\\/\\\/www.epsilon-pc.fr\\\/#\\\/schema\\\/logo\\\/image\\\/\"}}]}<\/script>\n<!-- \/ Yoast SEO plugin. -->","yoast_head_json":{"title":"KINGSTON CARTE MEMOIRE 64GB SDXC CANVAS - Epsilon PC","robots":{"index":"index","follow":"follow","max-snippet":"max-snippet:-1","max-image-preview":"max-image-preview:large","max-video-preview":"max-video-preview:-1"},"canonical":"https:\/\/www.epsilon-pc.fr\/index.php\/produit\/kingston-carte-memoire-64gb-sdxc-canvas\/","og_locale":"fr_FR","og_type":"article","og_title":"KINGSTON CARTE MEMOIRE 64GB SDXC CANVAS - Epsilon PC","og_description":"\ud83d\ude80 Kingston : La performance m\u00e9moire sans compromisLeader mondial incontest\u00e9, Kingston est la r\u00e9f\u00e9rence absolue pour booster la r\u00e9activit\u00e9 de votre syst\u00e8me. Reconnue pour sa fiabilit\u00e9 l\u00e9gendaire et ses tests de qualit\u00e9 rigoureux, la marque propose des solutions adapt\u00e9es \u00e0 chaque profil :\u26a1 Kingston FURY (Renegade, Beast, Impact) : La puissance pure pour le gaming et l'overclocking, avec un design agressif et des fr\u00e9quences de pointe.\ud83d\udee1\ufe0f Gamme Standard (ValueRAM) : La stabilit\u00e9 et la compatibilit\u00e9 garanties pour la bureautique et les mises \u00e0 jour syst\u00e8me au meilleur prix.","og_url":"https:\/\/www.epsilon-pc.fr\/index.php\/produit\/kingston-carte-memoire-64gb-sdxc-canvas\/","og_site_name":"Epsilon PC","article_modified_time":"2026-04-28T08:47:29+00:00","og_image":[{"width":800,"height":800,"url":"http:\/\/www.epsilon-pc.fr\/wp-content\/uploads\/2026\/03\/kingston-carte-memoire-64gb-sdxc-canvas-select-plus-sds3-64gb.jpg","type":"image\/jpeg"}],"twitter_card":"summary_large_image","schema":{"@context":"https:\/\/schema.org","@graph":[{"@type":"WebPage","@id":"https:\/\/www.epsilon-pc.fr\/index.php\/produit\/kingston-carte-memoire-64gb-sdxc-canvas\/","url":"https:\/\/www.epsilon-pc.fr\/index.php\/produit\/kingston-carte-memoire-64gb-sdxc-canvas\/","name":"KINGSTON CARTE MEMOIRE 64GB SDXC CANVAS - Epsilon PC","isPartOf":{"@id":"https:\/\/www.epsilon-pc.fr\/#website"},"datePublished":"2026-03-26T11:18:24+00:00","dateModified":"2026-04-28T08:47:29+00:00","breadcrumb":{"@id":"https:\/\/www.epsilon-pc.fr\/index.php\/produit\/kingston-carte-memoire-64gb-sdxc-canvas\/#breadcrumb"},"inLanguage":"fr-FR","potentialAction":[{"@type":"ReadAction","target":["https:\/\/www.epsilon-pc.fr\/index.php\/produit\/kingston-carte-memoire-64gb-sdxc-canvas\/"]}]},{"@type":"BreadcrumbList","@id":"https:\/\/www.epsilon-pc.fr\/index.php\/produit\/kingston-carte-memoire-64gb-sdxc-canvas\/#breadcrumb","itemListElement":[{"@type":"ListItem","position":1,"name":"Accueil","item":"https:\/\/www.epsilon-pc.fr\/"},{"@type":"ListItem","position":2,"name":"Boutique","item":"https:\/\/www.epsilon-pc.fr\/index.php\/boutique\/"},{"@type":"ListItem","position":3,"name":"KINGSTON CARTE MEMOIRE 64GB SDXC CANVAS"}]},{"@type":"WebSite","@id":"https:\/\/www.epsilon-pc.fr\/#website","url":"https:\/\/www.epsilon-pc.fr\/","name":"Epsilon PC","description":"","publisher":{"@id":"https:\/\/www.epsilon-pc.fr\/#organization"},"potentialAction":[{"@type":"SearchAction","target":{"@type":"EntryPoint","urlTemplate":"https:\/\/www.epsilon-pc.fr\/?s={search_term_string}"},"query-input":{"@type":"PropertyValueSpecification","valueRequired":true,"valueName":"search_term_string"}}],"inLanguage":"fr-FR"},{"@type":"Organization","@id":"https:\/\/www.epsilon-pc.fr\/#organization","name":"Epsilon PC","url":"https:\/\/www.epsilon-pc.fr\/","logo":{"@type":"ImageObject","inLanguage":"fr-FR","@id":"https:\/\/www.epsilon-pc.fr\/#\/schema\/logo\/image\/","url":"https:\/\/www.epsilon-pc.fr\/wp-content\/uploads\/2026\/02\/cropped-LogoEpsi-1.bmp","contentUrl":"https:\/\/www.epsilon-pc.fr\/wp-content\/uploads\/2026\/02\/cropped-LogoEpsi-1.bmp","width":191,"height":59,"caption":"Epsilon PC"},"image":{"@id":"https:\/\/www.epsilon-pc.fr\/#\/schema\/logo\/image\/"}}]}},"_links":{"self":[{"href":"https:\/\/www.epsilon-pc.fr\/index.php\/wp-json\/wp\/v2\/product\/10587","targetHints":{"allow":["GET"]}}],"collection":[{"href":"https:\/\/www.epsilon-pc.fr\/index.php\/wp-json\/wp\/v2\/product"}],"about":[{"href":"https:\/\/www.epsilon-pc.fr\/index.php\/wp-json\/wp\/v2\/types\/product"}],"wp:attachment":[{"href":"https:\/\/www.epsilon-pc.fr\/index.php\/wp-json\/wp\/v2\/media?parent=10587"}],"wp:term":[{"taxonomy":"product_brand","embeddable":true,"href":"https:\/\/www.epsilon-pc.fr\/index.php\/wp-json\/wp\/v2\/product_brand?post=10587"},{"taxonomy":"product_cat","embeddable":true,"href":"https:\/\/www.epsilon-pc.fr\/index.php\/wp-json\/wp\/v2\/product_cat?post=10587"},{"taxonomy":"product_tag","embeddable":true,"href":"https:\/\/www.epsilon-pc.fr\/index.php\/wp-json\/wp\/v2\/product_tag?post=10587"}],"curies":[{"name":"wp","href":"https:\/\/api.w.org\/{rel}","templated":true}]}}