{"id":10378,"date":"2026-03-21T09:33:52","date_gmt":"2026-03-21T08:33:52","guid":{"rendered":"https:\/\/www.epsilon-pc.fr\/index.php\/produit\/logitech-b110-silent-usb-noir\/"},"modified":"2026-03-24T11:26:31","modified_gmt":"2026-03-24T10:26:31","slug":"logitech-b110-silent-usb-noir","status":"publish","type":"product","link":"https:\/\/www.epsilon-pc.fr\/index.php\/produit\/logitech-b110-silent-usb-noir\/","title":{"rendered":"LOGITECH B110 SILENT"},"content":{"rendered":"<p>Savourez le son du silence. La souris Logitech B110 Silent pr\u00eate \u00e0 l&#8217;emploi vous offre un confort, une fiabilit\u00e9 et un contr\u00f4le silencieux de votre ordinateur. Votre entourage et vous-m\u00eame b\u00e9n\u00e9ficiez d&rsquo;une exp\u00e9rience silencieuse gr\u00e2ce \u00e0 une r\u00e9duction des bruits de 90 % avec un m\u00eame confort de clic. Le contr\u00f4le du curseur fluide et r\u00e9actif offre un suivi de pr\u00e9cision et une s\u00e9lection de texte tout en simplicit\u00e9, tandis que la conception ambidextre de taille standard \u00e9pouse la paume de votre main gauche comme celle de votre main droite. Cette souris simple de configuration et d&rsquo;utilisation ne requiert l&rsquo;installation d&rsquo;aucun logiciel. Branchez le c\u00e2ble \u00e0 un port USB et le tour est jou\u00e9.<\/p>\n<dl class=\"data-sheet\">\n<dt class=\"name\">Couleur du produit<\/dt>\n<dd class=\"value\">Noir<\/dd>\n<dt class=\"name\">D\u00e9filement des directions<\/dt>\n<dd class=\"value\">verticale<\/dd>\n<dt class=\"name\">Format<\/dt>\n<dd class=\"value\">Ambidextre<\/dd>\n<dt class=\"name\">Guide d&rsquo;utilisation<\/dt>\n<dd class=\"value\">Oui<\/dd>\n<dt class=\"name\">Hauteur<\/dt>\n<dd class=\"value\">113 mm<\/dd>\n<dt class=\"name\">Interface de l&rsquo;appareil<\/dt>\n<dd class=\"value\">USB Type-A<\/dd>\n<dt class=\"name\">Largeur<\/dt>\n<dd class=\"value\">61,7 mm<\/dd>\n<dt class=\"name\">Nombre de roulettes de d\u00e9filement<\/dt>\n<dd class=\"value\">1<\/dd>\n<dt class=\"name\">Plug and Play<\/dt>\n<dd class=\"value\">Oui<\/dd>\n<dt class=\"name\">Poids<\/dt>\n<dd class=\"value\">85 g<\/dd>\n<dt class=\"name\">Poids du paquet<\/dt>\n<dd class=\"value\">116 g<\/dd>\n<dt class=\"name\">Prise en charge d&rsquo;autres syst\u00e8mes d&rsquo;exploitation<\/dt>\n<dd class=\"value\">ChromeOS<\/dd>\n<dt class=\"name\">Prise en charge du syst\u00e8me d&rsquo;exploitation Linux<\/dt>\n<dd class=\"value\">Oui<\/dd>\n<dt class=\"name\">Prise en charge du syst\u00e8me d&rsquo;exploitation Mac<\/dt>\n<dd class=\"value\">Mac OS X 10.5 Leopard<\/dd>\n<dt class=\"name\">Prise en charge du syst\u00e8me d&rsquo;exploitation Windows<\/dt>\n<dd class=\"value\">Windows 10, Windows 11, Windows 7, Windows 8<\/dd>\n<dt class=\"name\">Profondeur<\/dt>\n<dd class=\"value\">38,4 mm<\/dd>\n<dt class=\"name\">Quantit\u00e9<\/dt>\n<dd class=\"value\">1 pi\u00e8ce(s)<\/dd>\n<dt class=\"name\">Quantit\u00e9 de boutons programmables<\/dt>\n<dd class=\"value\">3<\/dd>\n<dt class=\"name\">R\u00e9solution en mouvement<\/dt>\n<dd class=\"value\">1000 DPI<\/dd>\n<dt class=\"name\">Source d&rsquo;alimentation<\/dt>\n<dd class=\"value\">Cable<\/dd>\n<dt class=\"name\">Technologie de d\u00e9tecteur de mouvement<\/dt>\n<dd class=\"value\">Optique<\/dd>\n<dt class=\"name\">Type Scroll<\/dt>\n<dd class=\"value\">Roue<\/dd>\n<dt class=\"name\">Type d&#8217;emballage<\/dt>\n<dd class=\"value\">Bo\u00eete<\/dd>\n<dt class=\"name\">Type de boutons<\/dt>\n<dd class=\"value\">Boutons poussoirs<\/dd>\n<dt class=\"name\">Utilisation recommand\u00e9e<\/dt>\n<dd class=\"value\">Universel<\/dd>\n<dt class=\"name\">Utilit\u00e9<\/dt>\n<dd class=\"value\">Bureau<\/dd>\n<dt class=\"name\">Longueur de c\u00e2ble<\/dt>\n<dd class=\"value\">1,8 m<\/dd>\n<\/dl>\n","protected":false},"excerpt":{"rendered":"<p><strong>\u2699\ufe0f Logitech : Le ma\u00eetre incontest\u00e9 des p\u00e9riph\u00e9riques<\/strong><\/p>\n<p>De la bureautique avanc\u00e9e \u00e0 l&rsquo;esport de haut niveau, Logitech propose des claviers, souris et casques d&rsquo;une pr\u00e9cision et d&rsquo;une fiabilit\u00e9 redoutables.<\/p>\n<ul>\n<li><strong>\ud83c\udfae Gamme G &amp; PRO :<\/strong> D\u00e9velopp\u00e9e avec les joueurs professionnels pour une latence z\u00e9ro (technologie Lightspeed) et des capteurs HERO in\u00e9gal\u00e9s.<\/li>\n<li><strong>\ud83d\udcbc Gamme MX :<\/strong> Le summum du confort, de l&rsquo;ergonomie et de la productivit\u00e9 pour les cr\u00e9ateurs et le t\u00e9l\u00e9travail.<\/li>\n<\/ul>\n","protected":false},"featured_media":10377,"template":"","meta":{"ocean_post_layout":"","ocean_both_sidebars_style":"","ocean_both_sidebars_content_width":0,"ocean_both_sidebars_sidebars_width":0,"ocean_sidebar":"0","ocean_second_sidebar":"0","ocean_disable_margins":"enable","ocean_add_body_class":"","ocean_shortcode_before_top_bar":"","ocean_shortcode_after_top_bar":"","ocean_shortcode_before_header":"","ocean_shortcode_after_header":"","ocean_has_shortcode":"","ocean_shortcode_after_title":"","ocean_shortcode_before_footer_widgets":"","ocean_shortcode_after_footer_widgets":"","ocean_shortcode_before_footer_bottom":"","ocean_shortcode_after_footer_bottom":"","ocean_display_top_bar":"default","ocean_display_header":"default","ocean_header_style":"","ocean_center_header_left_menu":"0","ocean_custom_header_template":"0","ocean_custom_logo":0,"ocean_custom_retina_logo":0,"ocean_custom_logo_max_width":0,"ocean_custom_logo_tablet_max_width":0,"ocean_custom_logo_mobile_max_width":0,"ocean_custom_logo_max_height":0,"ocean_custom_logo_tablet_max_height":0,"ocean_custom_logo_mobile_max_height":0,"ocean_header_custom_menu":"0","ocean_menu_typo_font_family":"0","ocean_menu_typo_font_subset":"","ocean_menu_typo_font_size":0,"ocean_menu_typo_font_size_tablet":0,"ocean_menu_typo_font_size_mobile":0,"ocean_menu_typo_font_size_unit":"px","ocean_menu_typo_font_weight":"","ocean_menu_typo_font_weight_tablet":"","ocean_menu_typo_font_weight_mobile":"","ocean_menu_typo_transform":"","ocean_menu_typo_transform_tablet":"","ocean_menu_typo_transform_mobile":"","ocean_menu_typo_line_height":0,"ocean_menu_typo_line_height_tablet":0,"ocean_menu_typo_line_height_mobile":0,"ocean_menu_typo_line_height_unit":"","ocean_menu_typo_spacing":0,"ocean_menu_typo_spacing_tablet":0,"ocean_menu_typo_spacing_mobile":0,"ocean_menu_typo_spacing_unit":"","ocean_menu_link_color":"","ocean_menu_link_color_hover":"","ocean_menu_link_color_active":"","ocean_menu_link_background":"","ocean_menu_link_hover_background":"","ocean_menu_link_active_background":"","ocean_menu_social_links_bg":"","ocean_menu_social_hover_links_bg":"","ocean_menu_social_links_color":"","ocean_menu_social_hover_links_color":"","ocean_disable_title":"default","ocean_disable_heading":"default","ocean_post_title":"","ocean_post_subheading":"","ocean_post_title_style":"","ocean_post_title_background_color":"","ocean_post_title_background":0,"ocean_post_title_bg_image_position":"","ocean_post_title_bg_image_attachment":"","ocean_post_title_bg_image_repeat":"","ocean_post_title_bg_image_size":"","ocean_post_title_height":0,"ocean_post_title_bg_overlay":0.5,"ocean_post_title_bg_overlay_color":"","ocean_disable_breadcrumbs":"default","ocean_breadcrumbs_color":"","ocean_breadcrumbs_separator_color":"","ocean_breadcrumbs_links_color":"","ocean_breadcrumbs_links_hover_color":"","ocean_display_footer_widgets":"default","ocean_display_footer_bottom":"default","ocean_custom_footer_template":"0"},"product_brand":[72],"product_cat":[50],"product_tag":[],"class_list":{"0":"post-10378","1":"product","2":"type-product","3":"status-publish","4":"has-post-thumbnail","6":"product_brand-logitech","7":"product_cat-souris","9":"entry","10":"has-media","12":"first","13":"instock","14":"taxable","15":"shipping-taxable","16":"purchasable","17":"product-type-simple","18":"has-product-nav","19":"col","20":"span_1_of_4","21":"owp-content-center","22":"owp-thumbs-layout-horizontal","23":"owp-btn-big","24":"owp-tabs-layout-horizontal","25":"has-no-thumbnails"},"yoast_head":"<!-- This site is optimized with the Yoast SEO plugin v27.3 - https:\/\/yoast.com\/product\/yoast-seo-wordpress\/ -->\n<title>LOGITECH B110 SILENT - Epsilon PC<\/title>\n<meta name=\"robots\" content=\"index, follow, max-snippet:-1, max-image-preview:large, max-video-preview:-1\" \/>\n<link rel=\"canonical\" href=\"https:\/\/www.epsilon-pc.fr\/index.php\/produit\/logitech-b110-silent-usb-noir\/\" \/>\n<meta property=\"og:locale\" content=\"fr_FR\" \/>\n<meta property=\"og:type\" content=\"article\" \/>\n<meta property=\"og:title\" content=\"LOGITECH B110 SILENT - Epsilon PC\" \/>\n<meta property=\"og:description\" content=\"\u2699\ufe0f Logitech : Le ma\u00eetre incontest\u00e9 des p\u00e9riph\u00e9riques  De la bureautique avanc\u00e9e \u00e0 l&#039;esport de haut niveau, Logitech propose des claviers, souris et casques d&#039;une pr\u00e9cision et d&#039;une fiabilit\u00e9 redoutables.   \ud83c\udfae Gamme G &amp; PRO : D\u00e9velopp\u00e9e avec les joueurs professionnels pour une latence z\u00e9ro (technologie Lightspeed) et des capteurs HERO in\u00e9gal\u00e9s.  \ud83d\udcbc Gamme MX : Le summum du confort, de l&#039;ergonomie et de la productivit\u00e9 pour les cr\u00e9ateurs et le t\u00e9l\u00e9travail.\" \/>\n<meta property=\"og:url\" content=\"https:\/\/www.epsilon-pc.fr\/index.php\/produit\/logitech-b110-silent-usb-noir\/\" \/>\n<meta property=\"og:site_name\" content=\"Epsilon PC\" \/>\n<meta property=\"article:modified_time\" content=\"2026-03-24T10:26:31+00:00\" \/>\n<meta property=\"og:image\" content=\"http:\/\/www.epsilon-pc.fr\/wp-content\/uploads\/2026\/03\/logitech-b110-silent-usb-noir.jpg\" \/>\n\t<meta property=\"og:image:width\" content=\"800\" \/>\n\t<meta property=\"og:image:height\" content=\"800\" \/>\n\t<meta property=\"og:image:type\" content=\"image\/jpeg\" \/>\n<meta name=\"twitter:card\" content=\"summary_large_image\" \/>\n<meta name=\"twitter:label1\" content=\"Dur\u00e9e de lecture estim\u00e9e\" \/>\n\t<meta name=\"twitter:data1\" content=\"2 minutes\" \/>\n<script type=\"application\/ld+json\" class=\"yoast-schema-graph\">{\"@context\":\"https:\\\/\\\/schema.org\",\"@graph\":[{\"@type\":\"WebPage\",\"@id\":\"https:\\\/\\\/www.epsilon-pc.fr\\\/index.php\\\/produit\\\/logitech-b110-silent-usb-noir\\\/\",\"url\":\"https:\\\/\\\/www.epsilon-pc.fr\\\/index.php\\\/produit\\\/logitech-b110-silent-usb-noir\\\/\",\"name\":\"LOGITECH B110 SILENT - Epsilon PC\",\"isPartOf\":{\"@id\":\"https:\\\/\\\/www.epsilon-pc.fr\\\/#website\"},\"primaryImageOfPage\":{\"@id\":\"https:\\\/\\\/www.epsilon-pc.fr\\\/index.php\\\/produit\\\/logitech-b110-silent-usb-noir\\\/#primaryimage\"},\"image\":{\"@id\":\"https:\\\/\\\/www.epsilon-pc.fr\\\/index.php\\\/produit\\\/logitech-b110-silent-usb-noir\\\/#primaryimage\"},\"thumbnailUrl\":\"https:\\\/\\\/www.epsilon-pc.fr\\\/wp-content\\\/uploads\\\/2026\\\/03\\\/logitech-b110-silent-usb-noir.jpg\",\"datePublished\":\"2026-03-21T08:33:52+00:00\",\"dateModified\":\"2026-03-24T10:26:31+00:00\",\"breadcrumb\":{\"@id\":\"https:\\\/\\\/www.epsilon-pc.fr\\\/index.php\\\/produit\\\/logitech-b110-silent-usb-noir\\\/#breadcrumb\"},\"inLanguage\":\"fr-FR\",\"potentialAction\":[{\"@type\":\"ReadAction\",\"target\":[\"https:\\\/\\\/www.epsilon-pc.fr\\\/index.php\\\/produit\\\/logitech-b110-silent-usb-noir\\\/\"]}]},{\"@type\":\"ImageObject\",\"inLanguage\":\"fr-FR\",\"@id\":\"https:\\\/\\\/www.epsilon-pc.fr\\\/index.php\\\/produit\\\/logitech-b110-silent-usb-noir\\\/#primaryimage\",\"url\":\"https:\\\/\\\/www.epsilon-pc.fr\\\/wp-content\\\/uploads\\\/2026\\\/03\\\/logitech-b110-silent-usb-noir.jpg\",\"contentUrl\":\"https:\\\/\\\/www.epsilon-pc.fr\\\/wp-content\\\/uploads\\\/2026\\\/03\\\/logitech-b110-silent-usb-noir.jpg\",\"width\":800,\"height\":800},{\"@type\":\"BreadcrumbList\",\"@id\":\"https:\\\/\\\/www.epsilon-pc.fr\\\/index.php\\\/produit\\\/logitech-b110-silent-usb-noir\\\/#breadcrumb\",\"itemListElement\":[{\"@type\":\"ListItem\",\"position\":1,\"name\":\"Accueil\",\"item\":\"https:\\\/\\\/www.epsilon-pc.fr\\\/\"},{\"@type\":\"ListItem\",\"position\":2,\"name\":\"Boutique\",\"item\":\"https:\\\/\\\/www.epsilon-pc.fr\\\/index.php\\\/boutique\\\/\"},{\"@type\":\"ListItem\",\"position\":3,\"name\":\"LOGITECH B110 SILENT\"}]},{\"@type\":\"WebSite\",\"@id\":\"https:\\\/\\\/www.epsilon-pc.fr\\\/#website\",\"url\":\"https:\\\/\\\/www.epsilon-pc.fr\\\/\",\"name\":\"Epsilon PC\",\"description\":\"\",\"publisher\":{\"@id\":\"https:\\\/\\\/www.epsilon-pc.fr\\\/#organization\"},\"potentialAction\":[{\"@type\":\"SearchAction\",\"target\":{\"@type\":\"EntryPoint\",\"urlTemplate\":\"https:\\\/\\\/www.epsilon-pc.fr\\\/?s={search_term_string}\"},\"query-input\":{\"@type\":\"PropertyValueSpecification\",\"valueRequired\":true,\"valueName\":\"search_term_string\"}}],\"inLanguage\":\"fr-FR\"},{\"@type\":\"Organization\",\"@id\":\"https:\\\/\\\/www.epsilon-pc.fr\\\/#organization\",\"name\":\"Epsilon PC\",\"url\":\"https:\\\/\\\/www.epsilon-pc.fr\\\/\",\"logo\":{\"@type\":\"ImageObject\",\"inLanguage\":\"fr-FR\",\"@id\":\"https:\\\/\\\/www.epsilon-pc.fr\\\/#\\\/schema\\\/logo\\\/image\\\/\",\"url\":\"https:\\\/\\\/www.epsilon-pc.fr\\\/wp-content\\\/uploads\\\/2026\\\/02\\\/cropped-LogoEpsi-1.bmp\",\"contentUrl\":\"https:\\\/\\\/www.epsilon-pc.fr\\\/wp-content\\\/uploads\\\/2026\\\/02\\\/cropped-LogoEpsi-1.bmp\",\"width\":191,\"height\":59,\"caption\":\"Epsilon PC\"},\"image\":{\"@id\":\"https:\\\/\\\/www.epsilon-pc.fr\\\/#\\\/schema\\\/logo\\\/image\\\/\"}}]}<\/script>\n<!-- \/ Yoast SEO plugin. -->","yoast_head_json":{"title":"LOGITECH B110 SILENT - Epsilon PC","robots":{"index":"index","follow":"follow","max-snippet":"max-snippet:-1","max-image-preview":"max-image-preview:large","max-video-preview":"max-video-preview:-1"},"canonical":"https:\/\/www.epsilon-pc.fr\/index.php\/produit\/logitech-b110-silent-usb-noir\/","og_locale":"fr_FR","og_type":"article","og_title":"LOGITECH B110 SILENT - Epsilon PC","og_description":"\u2699\ufe0f Logitech : Le ma\u00eetre incontest\u00e9 des p\u00e9riph\u00e9riques  De la bureautique avanc\u00e9e \u00e0 l'esport de haut niveau, Logitech propose des claviers, souris et casques d'une pr\u00e9cision et d'une fiabilit\u00e9 redoutables.   \ud83c\udfae Gamme G &amp; PRO : D\u00e9velopp\u00e9e avec les joueurs professionnels pour une latence z\u00e9ro (technologie Lightspeed) et des capteurs HERO in\u00e9gal\u00e9s.  \ud83d\udcbc Gamme MX : Le summum du confort, de l'ergonomie et de la productivit\u00e9 pour les cr\u00e9ateurs et le t\u00e9l\u00e9travail.","og_url":"https:\/\/www.epsilon-pc.fr\/index.php\/produit\/logitech-b110-silent-usb-noir\/","og_site_name":"Epsilon PC","article_modified_time":"2026-03-24T10:26:31+00:00","og_image":[{"width":800,"height":800,"url":"http:\/\/www.epsilon-pc.fr\/wp-content\/uploads\/2026\/03\/logitech-b110-silent-usb-noir.jpg","type":"image\/jpeg"}],"twitter_card":"summary_large_image","twitter_misc":{"Dur\u00e9e de lecture estim\u00e9e":"2 minutes"},"schema":{"@context":"https:\/\/schema.org","@graph":[{"@type":"WebPage","@id":"https:\/\/www.epsilon-pc.fr\/index.php\/produit\/logitech-b110-silent-usb-noir\/","url":"https:\/\/www.epsilon-pc.fr\/index.php\/produit\/logitech-b110-silent-usb-noir\/","name":"LOGITECH B110 SILENT - Epsilon PC","isPartOf":{"@id":"https:\/\/www.epsilon-pc.fr\/#website"},"primaryImageOfPage":{"@id":"https:\/\/www.epsilon-pc.fr\/index.php\/produit\/logitech-b110-silent-usb-noir\/#primaryimage"},"image":{"@id":"https:\/\/www.epsilon-pc.fr\/index.php\/produit\/logitech-b110-silent-usb-noir\/#primaryimage"},"thumbnailUrl":"https:\/\/www.epsilon-pc.fr\/wp-content\/uploads\/2026\/03\/logitech-b110-silent-usb-noir.jpg","datePublished":"2026-03-21T08:33:52+00:00","dateModified":"2026-03-24T10:26:31+00:00","breadcrumb":{"@id":"https:\/\/www.epsilon-pc.fr\/index.php\/produit\/logitech-b110-silent-usb-noir\/#breadcrumb"},"inLanguage":"fr-FR","potentialAction":[{"@type":"ReadAction","target":["https:\/\/www.epsilon-pc.fr\/index.php\/produit\/logitech-b110-silent-usb-noir\/"]}]},{"@type":"ImageObject","inLanguage":"fr-FR","@id":"https:\/\/www.epsilon-pc.fr\/index.php\/produit\/logitech-b110-silent-usb-noir\/#primaryimage","url":"https:\/\/www.epsilon-pc.fr\/wp-content\/uploads\/2026\/03\/logitech-b110-silent-usb-noir.jpg","contentUrl":"https:\/\/www.epsilon-pc.fr\/wp-content\/uploads\/2026\/03\/logitech-b110-silent-usb-noir.jpg","width":800,"height":800},{"@type":"BreadcrumbList","@id":"https:\/\/www.epsilon-pc.fr\/index.php\/produit\/logitech-b110-silent-usb-noir\/#breadcrumb","itemListElement":[{"@type":"ListItem","position":1,"name":"Accueil","item":"https:\/\/www.epsilon-pc.fr\/"},{"@type":"ListItem","position":2,"name":"Boutique","item":"https:\/\/www.epsilon-pc.fr\/index.php\/boutique\/"},{"@type":"ListItem","position":3,"name":"LOGITECH B110 SILENT"}]},{"@type":"WebSite","@id":"https:\/\/www.epsilon-pc.fr\/#website","url":"https:\/\/www.epsilon-pc.fr\/","name":"Epsilon PC","description":"","publisher":{"@id":"https:\/\/www.epsilon-pc.fr\/#organization"},"potentialAction":[{"@type":"SearchAction","target":{"@type":"EntryPoint","urlTemplate":"https:\/\/www.epsilon-pc.fr\/?s={search_term_string}"},"query-input":{"@type":"PropertyValueSpecification","valueRequired":true,"valueName":"search_term_string"}}],"inLanguage":"fr-FR"},{"@type":"Organization","@id":"https:\/\/www.epsilon-pc.fr\/#organization","name":"Epsilon PC","url":"https:\/\/www.epsilon-pc.fr\/","logo":{"@type":"ImageObject","inLanguage":"fr-FR","@id":"https:\/\/www.epsilon-pc.fr\/#\/schema\/logo\/image\/","url":"https:\/\/www.epsilon-pc.fr\/wp-content\/uploads\/2026\/02\/cropped-LogoEpsi-1.bmp","contentUrl":"https:\/\/www.epsilon-pc.fr\/wp-content\/uploads\/2026\/02\/cropped-LogoEpsi-1.bmp","width":191,"height":59,"caption":"Epsilon PC"},"image":{"@id":"https:\/\/www.epsilon-pc.fr\/#\/schema\/logo\/image\/"}}]}},"_links":{"self":[{"href":"https:\/\/www.epsilon-pc.fr\/index.php\/wp-json\/wp\/v2\/product\/10378","targetHints":{"allow":["GET"]}}],"collection":[{"href":"https:\/\/www.epsilon-pc.fr\/index.php\/wp-json\/wp\/v2\/product"}],"about":[{"href":"https:\/\/www.epsilon-pc.fr\/index.php\/wp-json\/wp\/v2\/types\/product"}],"wp:featuredmedia":[{"embeddable":true,"href":"https:\/\/www.epsilon-pc.fr\/index.php\/wp-json\/wp\/v2\/media\/10377"}],"wp:attachment":[{"href":"https:\/\/www.epsilon-pc.fr\/index.php\/wp-json\/wp\/v2\/media?parent=10378"}],"wp:term":[{"taxonomy":"product_brand","embeddable":true,"href":"https:\/\/www.epsilon-pc.fr\/index.php\/wp-json\/wp\/v2\/product_brand?post=10378"},{"taxonomy":"product_cat","embeddable":true,"href":"https:\/\/www.epsilon-pc.fr\/index.php\/wp-json\/wp\/v2\/product_cat?post=10378"},{"taxonomy":"product_tag","embeddable":true,"href":"https:\/\/www.epsilon-pc.fr\/index.php\/wp-json\/wp\/v2\/product_tag?post=10378"}],"curies":[{"name":"wp","href":"https:\/\/api.w.org\/{rel}","templated":true}]}}