{"id":10354,"date":"2026-03-21T09:33:21","date_gmt":"2026-03-21T08:33:21","guid":{"rendered":"https:\/\/www.epsilon-pc.fr\/index.php\/produit\/logitech-mx-vertical-graphite-910-005448\/"},"modified":"2026-03-27T16:08:17","modified_gmt":"2026-03-27T15:08:17","slug":"logitech-mx-vertical-graphite-910-005448","status":"publish","type":"product","link":"https:\/\/www.epsilon-pc.fr\/index.php\/produit\/logitech-mx-vertical-graphite-910-005448\/","title":{"rendered":"LOGITECH MX VERTICAL GRAPHITE"},"content":{"rendered":"<p><b>Logitech Mx vertical cordless mice<\/b><br \/>\nLa souris verticale MX est une souris ergonomique avanc\u00e9e qui combine un design n\u00e9 de la science et les performances \u00e9lev\u00e9es de la s\u00e9rie MX de Logitech. La position naturelle de la main r\u00e9duit la pression exerc\u00e9e sur le poignet et l&rsquo;avant-bras. L&rsquo;angle vertical unique \u00e0 57\u00b0 a \u00e9t\u00e9 optimis\u00e9 pour offrir une posture ergonomique sans compromettre les performances. Le capteur haute pr\u00e9cision 4 000 PPP n\u00e9cessite 4 fois moins de mouvements de la main et r\u00e9duit ainsi la fatigue engendr\u00e9e. Le commutateur de vitesse du curseur ajuste instantan\u00e9ment la vitesse PPP et la pr\u00e9cision d&rsquo;une simple pression sur un bouton. La souris verticale MX a une autonomie maximale de quatre mois \u00e0 pleine charge et peut fonctionner pendant trois heures apr\u00e8s seulement une minute de recharge.<\/p>\n<p><b>POSITION NATURELLE DE LA MAIN<\/b><br \/>\nla position naturelle de la main offerte par la souris MX r\u00e9duit les contraintes musculaires de 10 % par rapport \u00e0 une souris standard sans engendrer de pertes de performances.<\/p>\n<p><b>MEILLEURE POSITION DU POIGNET<\/b><br \/>\nl&rsquo;angle vertical unique \u00e0 57\u00b0 de cette souris r\u00e9duit la pression exerc\u00e9e sur votre poignet, tandis que votre pouce repose confortablement sur l&#8217;emplacement pr\u00e9vu \u00e0 cet effet.<\/p>\n<p><b>TEST\u00c9E PAR LES UTILISATEURS. APPROUV\u00c9E PAR LES ERGONOMES.<\/b><br \/>\nLa souris verticale MX a \u00e9t\u00e9 con\u00e7ue et test\u00e9e sur la base de crit\u00e8res \u00e9labor\u00e9s par les meilleurs ergonomes afin d&rsquo;am\u00e9liorer la posture, de r\u00e9duire les contraintes musculaires et la pression exerc\u00e9e sur le poignet.<\/p>\n<p><b>SUIVI OPTIQUE AVANC\u00c9<\/b><br \/>\nLe capteur haute pr\u00e9cision 4 000 PPP n\u00e9cessite 4 fois moins de mouvements de la main et r\u00e9duit ainsi la fatigue engendr\u00e9e. Le commutateur de vitesse du curseur ajuste instantan\u00e9ment la vitesse PPP et la pr\u00e9cision d&rsquo;une simple pression sur un bouton.<br \/>\nPar rapport \u00e0 une souris traditionnelle dot\u00e9e d&rsquo;un capteur 1 000 PPP.<\/p>\n<p><b>FORME CONFORTABLE AVEC SURFACE TEXTUR\u00c9E<\/b><br \/>\ndouce au toucher, la souris verticale MX est con\u00e7ue pour s&rsquo;adapter \u00e0 la main. Sa forme unique s&rsquo;adapte parfaitement \u00e0 de nombreuses formes et tailles de mains et la surface textur\u00e9e en caoutchouc assure une prise en main naturelle.<\/p>\n<p><b>BATTERIE RECHARGEABLE AVEC CHARGEMENT RAPIDE<\/b><br \/>\nla souris verticale MX a une autonomie maximale de quatre mois \u00e0 pleine charge et peut fonctionner pendant trois heures apr\u00e8s seulement une minute de rechargement.<br \/>\nLa long\u00e9vit\u00e9 de la batterie est susceptible de varier en fonction de l&rsquo;environnement et du mode d&rsquo;utilisation.<\/p>\n<p><b>FONCTION EASY-SWITCH\u2122 ET COMPATIBLE FLOW<\/b><br \/>\nconnectez jusqu&rsquo;\u00e0 trois dispositifs et basculez entre eux d&rsquo;une simple pression sur un bouton ou en d\u00e9pla\u00e7ant le curseur d&rsquo;un \u00e9cran \u00e0 l&rsquo;autre avec Logitech FLOW.<\/p>\n<dl class=\"data-sheet\">\n<dt class=\"name\">Bande de fr\u00e9quence<\/dt>\n<dd class=\"value\">2.4 GHz<\/dd>\n<dt class=\"name\">Coloration de surface<\/dt>\n<dd class=\"value\">Monochromatique<\/dd>\n<dt class=\"name\">Couleur du produit<\/dt>\n<dd class=\"value\">Graphite<\/dd>\n<dt class=\"name\">D\u00e9filement des directions<\/dt>\n<dd class=\"value\">verticale<\/dd>\n<dt class=\"name\">Format<\/dt>\n<dd class=\"value\">Droitier<\/dd>\n<dt class=\"name\">Guide d&rsquo;utilisation<\/dt>\n<dd class=\"value\">Oui<\/dd>\n<dt class=\"name\">Hauteur<\/dt>\n<dd class=\"value\">78,5 mm<\/dd>\n<dt class=\"name\">Hauteur du r\u00e9cepteur<\/dt>\n<dd class=\"value\">1,84 cm<\/dd>\n<dt class=\"name\">Interface de l&rsquo;appareil<\/dt>\n<dd class=\"value\">RF sans fil + Bluetooth<\/dd>\n<dt class=\"name\">Interface de r\u00e9ception sans fil<\/dt>\n<dd class=\"value\">USB Type-A<\/dd>\n<dt class=\"name\">Largeur<\/dt>\n<dd class=\"value\">79 mm<\/dd>\n<dt class=\"name\">Largeur du r\u00e9cepteur<\/dt>\n<dd class=\"value\">1,44 cm<\/dd>\n<dt class=\"name\">Longueur du casier principal (externe)<\/dt>\n<dd class=\"value\">232 mm<\/dd>\n<dt class=\"name\">Nombre de batteries prises en charge<\/dt>\n<dd class=\"value\">1<\/dd>\n<dt class=\"name\">Nombre de roulettes de d\u00e9filement<\/dt>\n<dd class=\"value\">1<\/dd>\n<dt class=\"name\">Piles fournies<\/dt>\n<dd class=\"value\">Oui<\/dd>\n<dt class=\"name\">Poids<\/dt>\n<dd class=\"value\">135 g<\/dd>\n<dt class=\"name\">Poids du r\u00e9cepteur<\/dt>\n<dd class=\"value\">2 g<\/dd>\n<dt class=\"name\">Port\u00e9e du routeur sans fil<\/dt>\n<dd class=\"value\">10 m<\/dd>\n<dt class=\"name\">Prise en charge d&rsquo;autres syst\u00e8mes d&rsquo;exploitation<\/dt>\n<dd class=\"value\">ChromeOS<\/dd>\n<dt class=\"name\">Prise en charge du syst\u00e8me d&rsquo;exploitation Linux<\/dt>\n<dd class=\"value\">Oui<\/dd>\n<dt class=\"name\">Prise en charge du syst\u00e8me d&rsquo;exploitation Mac<\/dt>\n<dd class=\"value\">MacOS<\/dd>\n<dt class=\"name\">Prise en charge du syst\u00e8me d&rsquo;exploitation Windows<\/dt>\n<dd class=\"value\">Oui<\/dd>\n<dt class=\"name\">Profondeur<\/dt>\n<dd class=\"value\">120 mm<\/dd>\n<dt class=\"name\">Profondeur du colis<\/dt>\n<dd class=\"value\">155 mm<\/dd>\n<dt class=\"name\">Profondeur du r\u00e9cepteur<\/dt>\n<dd class=\"value\">6,6 mm<\/dd>\n<dt class=\"name\">Quantit\u00e9<\/dt>\n<dd class=\"value\">1 pi\u00e8ce(s)<\/dd>\n<dt class=\"name\">R\u00e9cepteur inclus<\/dt>\n<dd class=\"value\">Oui<\/dd>\n<dt class=\"name\">R\u00e9solution en mouvement<\/dt>\n<dd class=\"value\">4000 DPI<\/dd>\n<dt class=\"name\">Source d&rsquo;alimentation<\/dt>\n<dd class=\"value\">Piles<\/dd>\n<dt class=\"name\">Technologie batterie<\/dt>\n<dd class=\"value\">Lithium Polym\u00e8re (LiPo)<\/dd>\n<dt class=\"name\">Technologie de d\u00e9tecteur de mouvement<\/dt>\n<dd class=\"value\">Optique<\/dd>\n<dt class=\"name\">Type Scroll<\/dt>\n<dd class=\"value\">Roue<\/dd>\n<dt class=\"name\">Type d&#8217;emballage<\/dt>\n<dd class=\"value\">Bo\u00eete<\/dd>\n<dt class=\"name\">Type de batterie<\/dt>\n<dd class=\"value\">Batterie int\u00e9gr\u00e9<\/dd>\n<dt class=\"name\">Type de boutons<\/dt>\n<dd class=\"value\">Boutons poussoirs<\/dd>\n<dt class=\"name\">Type de r\u00e9cepteur<\/dt>\n<dd class=\"value\">Unifying receiver<\/dd>\n<dt class=\"name\">Utilit\u00e9<\/dt>\n<dd class=\"value\">Bureau<\/dd>\n<dt class=\"name\">Bluetooth<\/dt>\n<dd class=\"value\">Oui<\/dd>\n<dt class=\"name\">Capacit\u00e9 de la batterie<\/dt>\n<dd class=\"value\">240 mAh<\/dd>\n<dt class=\"name\">C\u00e2bles inclus<\/dt>\n<dd class=\"value\">USB Type-A vers USB Type-C<\/dd>\n<dt class=\"name\">Capacit\u00e9 de puissance USB<\/dt>\n<dd class=\"value\">Non<\/dd>\n<dt class=\"name\">Adaptateur secteur fourni<\/dt>\n<dd class=\"value\">Non<\/dd>\n<dt class=\"name\">Type de port de chargement<\/dt>\n<dd class=\"value\">USB Type-C<\/dd>\n<dt class=\"name\">Syst\u00e8me mobile support\u00e9<\/dt>\n<dd class=\"value\">iPadOS<\/dd>\n<dt class=\"name\">Longueur de c\u00e2ble<\/dt>\n<dd class=\"value\">1,3 m<\/dd>\n<dt class=\"name\">Bluetooth Low Energy (BLE)<\/dt>\n<dd class=\"value\">Oui<\/dd>\n<dt class=\"name\">Boutons de souris programmables<\/dt>\n<dd class=\"value\">Oui<\/dd>\n<dt class=\"name\">Design ergonomique<\/dt>\n<dd class=\"value\">Oui<\/dd>\n<dt class=\"name\">Nombre de touches programmables<\/dt>\n<dd class=\"value\">4<\/dd>\n<dt class=\"name\">Rechargeable<\/dt>\n<dd class=\"value\">Oui<\/dd>\n<dt class=\"name\">R\u00e9solution de mouvement personnalisable<\/dt>\n<dd class=\"value\">Oui<\/dd>\n<dt class=\"name\">R\u00e9cepteur unificateur<\/dt>\n<dd class=\"value\">Oui<\/dd>\n<dt class=\"name\">Port de charge USB de type C<\/dt>\n<dd class=\"value\">Oui<\/dd>\n<dt class=\"name\">Puissance de charge requise (min)<\/dt>\n<dd class=\"value\">2,5 W<\/dd>\n<dt class=\"name\">Puissance de charge requise (max)<\/dt>\n<dd class=\"value\">2,5 W<\/dd>\n<\/dl>\n","protected":false},"excerpt":{"rendered":"<p><strong>\u2699\ufe0f Logitech : Le ma\u00eetre incontest\u00e9 des p\u00e9riph\u00e9riques<\/strong><\/p>\n<p>De la bureautique avanc\u00e9e \u00e0 l&rsquo;esport de haut niveau, Logitech propose des claviers, souris et casques d&rsquo;une pr\u00e9cision et d&rsquo;une fiabilit\u00e9 redoutables.<\/p>\n<ul>\n<li><strong>\ud83c\udfae Gamme G &amp; PRO :<\/strong> D\u00e9velopp\u00e9e avec les joueurs professionnels pour une latence z\u00e9ro (technologie Lightspeed) et des capteurs HERO in\u00e9gal\u00e9s.<\/li>\n<li><strong>\ud83d\udcbc Gamme MX :<\/strong> Le summum du confort, de l&rsquo;ergonomie et de la productivit\u00e9 pour les cr\u00e9ateurs et le t\u00e9l\u00e9travail.<\/li>\n<\/ul>\n","protected":false},"featured_media":10353,"template":"","meta":{"ocean_post_layout":"","ocean_both_sidebars_style":"","ocean_both_sidebars_content_width":0,"ocean_both_sidebars_sidebars_width":0,"ocean_sidebar":"0","ocean_second_sidebar":"0","ocean_disable_margins":"enable","ocean_add_body_class":"","ocean_shortcode_before_top_bar":"","ocean_shortcode_after_top_bar":"","ocean_shortcode_before_header":"","ocean_shortcode_after_header":"","ocean_has_shortcode":"","ocean_shortcode_after_title":"","ocean_shortcode_before_footer_widgets":"","ocean_shortcode_after_footer_widgets":"","ocean_shortcode_before_footer_bottom":"","ocean_shortcode_after_footer_bottom":"","ocean_display_top_bar":"default","ocean_display_header":"default","ocean_header_style":"","ocean_center_header_left_menu":"0","ocean_custom_header_template":"0","ocean_custom_logo":0,"ocean_custom_retina_logo":0,"ocean_custom_logo_max_width":0,"ocean_custom_logo_tablet_max_width":0,"ocean_custom_logo_mobile_max_width":0,"ocean_custom_logo_max_height":0,"ocean_custom_logo_tablet_max_height":0,"ocean_custom_logo_mobile_max_height":0,"ocean_header_custom_menu":"0","ocean_menu_typo_font_family":"0","ocean_menu_typo_font_subset":"","ocean_menu_typo_font_size":0,"ocean_menu_typo_font_size_tablet":0,"ocean_menu_typo_font_size_mobile":0,"ocean_menu_typo_font_size_unit":"px","ocean_menu_typo_font_weight":"","ocean_menu_typo_font_weight_tablet":"","ocean_menu_typo_font_weight_mobile":"","ocean_menu_typo_transform":"","ocean_menu_typo_transform_tablet":"","ocean_menu_typo_transform_mobile":"","ocean_menu_typo_line_height":0,"ocean_menu_typo_line_height_tablet":0,"ocean_menu_typo_line_height_mobile":0,"ocean_menu_typo_line_height_unit":"","ocean_menu_typo_spacing":0,"ocean_menu_typo_spacing_tablet":0,"ocean_menu_typo_spacing_mobile":0,"ocean_menu_typo_spacing_unit":"","ocean_menu_link_color":"","ocean_menu_link_color_hover":"","ocean_menu_link_color_active":"","ocean_menu_link_background":"","ocean_menu_link_hover_background":"","ocean_menu_link_active_background":"","ocean_menu_social_links_bg":"","ocean_menu_social_hover_links_bg":"","ocean_menu_social_links_color":"","ocean_menu_social_hover_links_color":"","ocean_disable_title":"default","ocean_disable_heading":"default","ocean_post_title":"","ocean_post_subheading":"","ocean_post_title_style":"","ocean_post_title_background_color":"","ocean_post_title_background":0,"ocean_post_title_bg_image_position":"","ocean_post_title_bg_image_attachment":"","ocean_post_title_bg_image_repeat":"","ocean_post_title_bg_image_size":"","ocean_post_title_height":0,"ocean_post_title_bg_overlay":0.5,"ocean_post_title_bg_overlay_color":"","ocean_disable_breadcrumbs":"default","ocean_breadcrumbs_color":"","ocean_breadcrumbs_separator_color":"","ocean_breadcrumbs_links_color":"","ocean_breadcrumbs_links_hover_color":"","ocean_display_footer_widgets":"default","ocean_display_footer_bottom":"default","ocean_custom_footer_template":"0"},"product_brand":[72],"product_cat":[50],"product_tag":[],"class_list":{"0":"post-10354","1":"product","2":"type-product","3":"status-publish","4":"has-post-thumbnail","6":"product_brand-logitech","7":"product_cat-souris","9":"entry","10":"has-media","12":"first","13":"instock","14":"taxable","15":"shipping-taxable","16":"purchasable","17":"product-type-simple","18":"has-product-nav","19":"col","20":"span_1_of_4","21":"owp-content-center","22":"owp-thumbs-layout-horizontal","23":"owp-btn-big","24":"owp-tabs-layout-horizontal","25":"has-no-thumbnails"},"yoast_head":"<!-- This site is optimized with the Yoast SEO plugin v27.3 - https:\/\/yoast.com\/product\/yoast-seo-wordpress\/ -->\n<title>LOGITECH MX VERTICAL GRAPHITE - Epsilon PC<\/title>\n<meta name=\"robots\" content=\"index, follow, max-snippet:-1, max-image-preview:large, max-video-preview:-1\" \/>\n<link rel=\"canonical\" href=\"https:\/\/www.epsilon-pc.fr\/index.php\/produit\/logitech-mx-vertical-graphite-910-005448\/\" \/>\n<meta property=\"og:locale\" content=\"fr_FR\" \/>\n<meta property=\"og:type\" content=\"article\" \/>\n<meta property=\"og:title\" content=\"LOGITECH MX VERTICAL GRAPHITE - Epsilon PC\" \/>\n<meta property=\"og:description\" content=\"\u2699\ufe0f Logitech : Le ma\u00eetre incontest\u00e9 des p\u00e9riph\u00e9riques  De la bureautique avanc\u00e9e \u00e0 l&#039;esport de haut niveau, Logitech propose des claviers, souris et casques d&#039;une pr\u00e9cision et d&#039;une fiabilit\u00e9 redoutables.   \ud83c\udfae Gamme G &amp; PRO : D\u00e9velopp\u00e9e avec les joueurs professionnels pour une latence z\u00e9ro (technologie Lightspeed) et des capteurs HERO in\u00e9gal\u00e9s.  \ud83d\udcbc Gamme MX : Le summum du confort, de l&#039;ergonomie et de la productivit\u00e9 pour les cr\u00e9ateurs et le t\u00e9l\u00e9travail.\" \/>\n<meta property=\"og:url\" content=\"https:\/\/www.epsilon-pc.fr\/index.php\/produit\/logitech-mx-vertical-graphite-910-005448\/\" \/>\n<meta property=\"og:site_name\" content=\"Epsilon PC\" \/>\n<meta property=\"article:modified_time\" content=\"2026-03-27T15:08:17+00:00\" \/>\n<meta property=\"og:image\" content=\"http:\/\/www.epsilon-pc.fr\/wp-content\/uploads\/2026\/03\/logitech-mx-vertical-graphite-910-005448.jpg\" \/>\n\t<meta property=\"og:image:width\" content=\"800\" \/>\n\t<meta property=\"og:image:height\" content=\"800\" \/>\n\t<meta property=\"og:image:type\" content=\"image\/jpeg\" \/>\n<meta name=\"twitter:card\" content=\"summary_large_image\" \/>\n<meta name=\"twitter:label1\" content=\"Dur\u00e9e de lecture estim\u00e9e\" \/>\n\t<meta name=\"twitter:data1\" content=\"4 minutes\" \/>\n<script type=\"application\/ld+json\" class=\"yoast-schema-graph\">{\"@context\":\"https:\\\/\\\/schema.org\",\"@graph\":[{\"@type\":\"WebPage\",\"@id\":\"https:\\\/\\\/www.epsilon-pc.fr\\\/index.php\\\/produit\\\/logitech-mx-vertical-graphite-910-005448\\\/\",\"url\":\"https:\\\/\\\/www.epsilon-pc.fr\\\/index.php\\\/produit\\\/logitech-mx-vertical-graphite-910-005448\\\/\",\"name\":\"LOGITECH MX VERTICAL GRAPHITE - Epsilon PC\",\"isPartOf\":{\"@id\":\"https:\\\/\\\/www.epsilon-pc.fr\\\/#website\"},\"primaryImageOfPage\":{\"@id\":\"https:\\\/\\\/www.epsilon-pc.fr\\\/index.php\\\/produit\\\/logitech-mx-vertical-graphite-910-005448\\\/#primaryimage\"},\"image\":{\"@id\":\"https:\\\/\\\/www.epsilon-pc.fr\\\/index.php\\\/produit\\\/logitech-mx-vertical-graphite-910-005448\\\/#primaryimage\"},\"thumbnailUrl\":\"https:\\\/\\\/www.epsilon-pc.fr\\\/wp-content\\\/uploads\\\/2026\\\/03\\\/logitech-mx-vertical-graphite-910-005448.jpg\",\"datePublished\":\"2026-03-21T08:33:21+00:00\",\"dateModified\":\"2026-03-27T15:08:17+00:00\",\"breadcrumb\":{\"@id\":\"https:\\\/\\\/www.epsilon-pc.fr\\\/index.php\\\/produit\\\/logitech-mx-vertical-graphite-910-005448\\\/#breadcrumb\"},\"inLanguage\":\"fr-FR\",\"potentialAction\":[{\"@type\":\"ReadAction\",\"target\":[\"https:\\\/\\\/www.epsilon-pc.fr\\\/index.php\\\/produit\\\/logitech-mx-vertical-graphite-910-005448\\\/\"]}]},{\"@type\":\"ImageObject\",\"inLanguage\":\"fr-FR\",\"@id\":\"https:\\\/\\\/www.epsilon-pc.fr\\\/index.php\\\/produit\\\/logitech-mx-vertical-graphite-910-005448\\\/#primaryimage\",\"url\":\"https:\\\/\\\/www.epsilon-pc.fr\\\/wp-content\\\/uploads\\\/2026\\\/03\\\/logitech-mx-vertical-graphite-910-005448.jpg\",\"contentUrl\":\"https:\\\/\\\/www.epsilon-pc.fr\\\/wp-content\\\/uploads\\\/2026\\\/03\\\/logitech-mx-vertical-graphite-910-005448.jpg\",\"width\":800,\"height\":800},{\"@type\":\"BreadcrumbList\",\"@id\":\"https:\\\/\\\/www.epsilon-pc.fr\\\/index.php\\\/produit\\\/logitech-mx-vertical-graphite-910-005448\\\/#breadcrumb\",\"itemListElement\":[{\"@type\":\"ListItem\",\"position\":1,\"name\":\"Accueil\",\"item\":\"https:\\\/\\\/www.epsilon-pc.fr\\\/\"},{\"@type\":\"ListItem\",\"position\":2,\"name\":\"Boutique\",\"item\":\"https:\\\/\\\/www.epsilon-pc.fr\\\/index.php\\\/boutique\\\/\"},{\"@type\":\"ListItem\",\"position\":3,\"name\":\"LOGITECH MX VERTICAL GRAPHITE\"}]},{\"@type\":\"WebSite\",\"@id\":\"https:\\\/\\\/www.epsilon-pc.fr\\\/#website\",\"url\":\"https:\\\/\\\/www.epsilon-pc.fr\\\/\",\"name\":\"Epsilon PC\",\"description\":\"\",\"publisher\":{\"@id\":\"https:\\\/\\\/www.epsilon-pc.fr\\\/#organization\"},\"potentialAction\":[{\"@type\":\"SearchAction\",\"target\":{\"@type\":\"EntryPoint\",\"urlTemplate\":\"https:\\\/\\\/www.epsilon-pc.fr\\\/?s={search_term_string}\"},\"query-input\":{\"@type\":\"PropertyValueSpecification\",\"valueRequired\":true,\"valueName\":\"search_term_string\"}}],\"inLanguage\":\"fr-FR\"},{\"@type\":\"Organization\",\"@id\":\"https:\\\/\\\/www.epsilon-pc.fr\\\/#organization\",\"name\":\"Epsilon PC\",\"url\":\"https:\\\/\\\/www.epsilon-pc.fr\\\/\",\"logo\":{\"@type\":\"ImageObject\",\"inLanguage\":\"fr-FR\",\"@id\":\"https:\\\/\\\/www.epsilon-pc.fr\\\/#\\\/schema\\\/logo\\\/image\\\/\",\"url\":\"https:\\\/\\\/www.epsilon-pc.fr\\\/wp-content\\\/uploads\\\/2026\\\/02\\\/cropped-LogoEpsi-1.bmp\",\"contentUrl\":\"https:\\\/\\\/www.epsilon-pc.fr\\\/wp-content\\\/uploads\\\/2026\\\/02\\\/cropped-LogoEpsi-1.bmp\",\"width\":191,\"height\":59,\"caption\":\"Epsilon PC\"},\"image\":{\"@id\":\"https:\\\/\\\/www.epsilon-pc.fr\\\/#\\\/schema\\\/logo\\\/image\\\/\"}}]}<\/script>\n<!-- \/ Yoast SEO plugin. -->","yoast_head_json":{"title":"LOGITECH MX VERTICAL GRAPHITE - Epsilon PC","robots":{"index":"index","follow":"follow","max-snippet":"max-snippet:-1","max-image-preview":"max-image-preview:large","max-video-preview":"max-video-preview:-1"},"canonical":"https:\/\/www.epsilon-pc.fr\/index.php\/produit\/logitech-mx-vertical-graphite-910-005448\/","og_locale":"fr_FR","og_type":"article","og_title":"LOGITECH MX VERTICAL GRAPHITE - Epsilon PC","og_description":"\u2699\ufe0f Logitech : Le ma\u00eetre incontest\u00e9 des p\u00e9riph\u00e9riques  De la bureautique avanc\u00e9e \u00e0 l'esport de haut niveau, Logitech propose des claviers, souris et casques d'une pr\u00e9cision et d'une fiabilit\u00e9 redoutables.   \ud83c\udfae Gamme G &amp; PRO : D\u00e9velopp\u00e9e avec les joueurs professionnels pour une latence z\u00e9ro (technologie Lightspeed) et des capteurs HERO in\u00e9gal\u00e9s.  \ud83d\udcbc Gamme MX : Le summum du confort, de l'ergonomie et de la productivit\u00e9 pour les cr\u00e9ateurs et le t\u00e9l\u00e9travail.","og_url":"https:\/\/www.epsilon-pc.fr\/index.php\/produit\/logitech-mx-vertical-graphite-910-005448\/","og_site_name":"Epsilon PC","article_modified_time":"2026-03-27T15:08:17+00:00","og_image":[{"width":800,"height":800,"url":"http:\/\/www.epsilon-pc.fr\/wp-content\/uploads\/2026\/03\/logitech-mx-vertical-graphite-910-005448.jpg","type":"image\/jpeg"}],"twitter_card":"summary_large_image","twitter_misc":{"Dur\u00e9e de lecture estim\u00e9e":"4 minutes"},"schema":{"@context":"https:\/\/schema.org","@graph":[{"@type":"WebPage","@id":"https:\/\/www.epsilon-pc.fr\/index.php\/produit\/logitech-mx-vertical-graphite-910-005448\/","url":"https:\/\/www.epsilon-pc.fr\/index.php\/produit\/logitech-mx-vertical-graphite-910-005448\/","name":"LOGITECH MX VERTICAL GRAPHITE - Epsilon PC","isPartOf":{"@id":"https:\/\/www.epsilon-pc.fr\/#website"},"primaryImageOfPage":{"@id":"https:\/\/www.epsilon-pc.fr\/index.php\/produit\/logitech-mx-vertical-graphite-910-005448\/#primaryimage"},"image":{"@id":"https:\/\/www.epsilon-pc.fr\/index.php\/produit\/logitech-mx-vertical-graphite-910-005448\/#primaryimage"},"thumbnailUrl":"https:\/\/www.epsilon-pc.fr\/wp-content\/uploads\/2026\/03\/logitech-mx-vertical-graphite-910-005448.jpg","datePublished":"2026-03-21T08:33:21+00:00","dateModified":"2026-03-27T15:08:17+00:00","breadcrumb":{"@id":"https:\/\/www.epsilon-pc.fr\/index.php\/produit\/logitech-mx-vertical-graphite-910-005448\/#breadcrumb"},"inLanguage":"fr-FR","potentialAction":[{"@type":"ReadAction","target":["https:\/\/www.epsilon-pc.fr\/index.php\/produit\/logitech-mx-vertical-graphite-910-005448\/"]}]},{"@type":"ImageObject","inLanguage":"fr-FR","@id":"https:\/\/www.epsilon-pc.fr\/index.php\/produit\/logitech-mx-vertical-graphite-910-005448\/#primaryimage","url":"https:\/\/www.epsilon-pc.fr\/wp-content\/uploads\/2026\/03\/logitech-mx-vertical-graphite-910-005448.jpg","contentUrl":"https:\/\/www.epsilon-pc.fr\/wp-content\/uploads\/2026\/03\/logitech-mx-vertical-graphite-910-005448.jpg","width":800,"height":800},{"@type":"BreadcrumbList","@id":"https:\/\/www.epsilon-pc.fr\/index.php\/produit\/logitech-mx-vertical-graphite-910-005448\/#breadcrumb","itemListElement":[{"@type":"ListItem","position":1,"name":"Accueil","item":"https:\/\/www.epsilon-pc.fr\/"},{"@type":"ListItem","position":2,"name":"Boutique","item":"https:\/\/www.epsilon-pc.fr\/index.php\/boutique\/"},{"@type":"ListItem","position":3,"name":"LOGITECH MX VERTICAL GRAPHITE"}]},{"@type":"WebSite","@id":"https:\/\/www.epsilon-pc.fr\/#website","url":"https:\/\/www.epsilon-pc.fr\/","name":"Epsilon PC","description":"","publisher":{"@id":"https:\/\/www.epsilon-pc.fr\/#organization"},"potentialAction":[{"@type":"SearchAction","target":{"@type":"EntryPoint","urlTemplate":"https:\/\/www.epsilon-pc.fr\/?s={search_term_string}"},"query-input":{"@type":"PropertyValueSpecification","valueRequired":true,"valueName":"search_term_string"}}],"inLanguage":"fr-FR"},{"@type":"Organization","@id":"https:\/\/www.epsilon-pc.fr\/#organization","name":"Epsilon PC","url":"https:\/\/www.epsilon-pc.fr\/","logo":{"@type":"ImageObject","inLanguage":"fr-FR","@id":"https:\/\/www.epsilon-pc.fr\/#\/schema\/logo\/image\/","url":"https:\/\/www.epsilon-pc.fr\/wp-content\/uploads\/2026\/02\/cropped-LogoEpsi-1.bmp","contentUrl":"https:\/\/www.epsilon-pc.fr\/wp-content\/uploads\/2026\/02\/cropped-LogoEpsi-1.bmp","width":191,"height":59,"caption":"Epsilon PC"},"image":{"@id":"https:\/\/www.epsilon-pc.fr\/#\/schema\/logo\/image\/"}}]}},"_links":{"self":[{"href":"https:\/\/www.epsilon-pc.fr\/index.php\/wp-json\/wp\/v2\/product\/10354","targetHints":{"allow":["GET"]}}],"collection":[{"href":"https:\/\/www.epsilon-pc.fr\/index.php\/wp-json\/wp\/v2\/product"}],"about":[{"href":"https:\/\/www.epsilon-pc.fr\/index.php\/wp-json\/wp\/v2\/types\/product"}],"wp:featuredmedia":[{"embeddable":true,"href":"https:\/\/www.epsilon-pc.fr\/index.php\/wp-json\/wp\/v2\/media\/10353"}],"wp:attachment":[{"href":"https:\/\/www.epsilon-pc.fr\/index.php\/wp-json\/wp\/v2\/media?parent=10354"}],"wp:term":[{"taxonomy":"product_brand","embeddable":true,"href":"https:\/\/www.epsilon-pc.fr\/index.php\/wp-json\/wp\/v2\/product_brand?post=10354"},{"taxonomy":"product_cat","embeddable":true,"href":"https:\/\/www.epsilon-pc.fr\/index.php\/wp-json\/wp\/v2\/product_cat?post=10354"},{"taxonomy":"product_tag","embeddable":true,"href":"https:\/\/www.epsilon-pc.fr\/index.php\/wp-json\/wp\/v2\/product_tag?post=10354"}],"curies":[{"name":"wp","href":"https:\/\/api.w.org\/{rel}","templated":true}]}}