{"id":10344,"date":"2026-03-21T09:33:06","date_gmt":"2026-03-21T08:33:06","guid":{"rendered":"https:\/\/www.epsilon-pc.fr\/index.php\/produit\/cooler-master-mk770-space-grey-kailh-box\/"},"modified":"2026-03-24T10:57:32","modified_gmt":"2026-03-24T09:57:32","slug":"cooler-master-mk770-space-grey-kailh-box","status":"publish","type":"product","link":"https:\/\/www.epsilon-pc.fr\/index.php\/produit\/cooler-master-mk770-space-grey-kailh-box\/","title":{"rendered":"COOLER MASTER MK770 SPACE GREY KAILH"},"content":{"rendered":"<dl class=\"data-sheet\">\n<dt class=\"name\">Bande de fr\u00e9quence<\/dt>\n<dd class=\"value\">2.4 GHz<\/dd>\n<dt class=\"name\">Couleur du produit<\/dt>\n<dd class=\"value\">Gris fonc\u00e9, Gris<\/dd>\n<dt class=\"name\">Hauteur du casier principal (externe)<\/dt>\n<dd class=\"value\">206 mm<\/dd>\n<dt class=\"name\">Hauteur du colis<\/dt>\n<dd class=\"value\">51 mm<\/dd>\n<dt class=\"name\">Interface de l&rsquo;appareil<\/dt>\n<dd class=\"value\">USB + RF Wireless + Bluetooth<\/dd>\n<dt class=\"name\">Largeur du casier principal (externe)<\/dt>\n<dd class=\"value\">414 mm<\/dd>\n<dt class=\"name\">Largeur du colis<\/dt>\n<dd class=\"value\">184 mm<\/dd>\n<dt class=\"name\">Longueur du casier principal (externe)<\/dt>\n<dd class=\"value\">555 mm<\/dd>\n<dt class=\"name\">Prise en charge du syst\u00e8me d&rsquo;exploitation Mac<\/dt>\n<dd class=\"value\">Mac OS X 10.10 Yosemite, Mac OS X 10.11 El Capitan, Mac OS X 10.12 Sierra, Mac OS X 10.13 High Sierra, Mac OS X 10.14 Mojave, Mac OS X 10.15 Catalina, Mac OS X 10.15.3 Catalina, Mac OS X 11.0 Big Sur, Mac OS X 12.0 Monterey, Mac OS X 13.0 Ventur<\/dd>\n<dt class=\"name\">Prise en charge du syst\u00e8me d&rsquo;exploitation Windows<\/dt>\n<dd class=\"value\">Windows 10, Windows 10 Education, Windows 10 Education x64, Windows 10 Enterprise, Windows 10 Enterprise x64, Windows 10 Home, Windows 10 Home x64, Windows 10 IOT Core, Windows 10 IoT Enterprise, Windows 10 Pro, Windows 10 Pro x64, Windows 10 x6<\/dd>\n<dt class=\"name\">Profondeur du colis<\/dt>\n<dd class=\"value\">396 mm<\/dd>\n<dt class=\"name\">Utilisation recommand\u00e9e<\/dt>\n<dd class=\"value\">Universel<\/dd>\n<dt class=\"name\">Capacit\u00e9 de la batterie<\/dt>\n<dd class=\"value\">4000 mAh<\/dd>\n<dt class=\"name\">Dispositif de pointage<\/dt>\n<dd class=\"value\">Non<\/dd>\n<dt class=\"name\">Mod\u00e8le du Bluetooth<\/dt>\n<dd class=\"value\">5.1<\/dd>\n<dt class=\"name\">Pav\u00e9 num\u00e9rique<\/dt>\n<dd class=\"value\">Oui<\/dd>\n<dt class=\"name\">Capacit\u00e9 de puissance USB<\/dt>\n<dd class=\"value\">Non<\/dd>\n<dt class=\"name\">Type de r\u00e9tro<\/dt>\n<dd class=\"value\">LED RGB<\/dd>\n<dt class=\"name\">Connecteur USB<\/dt>\n<dd class=\"value\">USB Type-A<\/dd>\n<dt class=\"name\">Technologie de connectivit\u00e9<\/dt>\n<dd class=\"value\">Avec fil &amp;sans fil<\/dd>\n<dt class=\"name\">Type de source d&rsquo;alimentation<\/dt>\n<dd class=\"value\">Batterie, USB<\/dd>\n<dt class=\"name\">Adaptateur secteur fourni<\/dt>\n<dd class=\"value\">Non<\/dd>\n<dt class=\"name\">Couleur de Backlight<\/dt>\n<dd class=\"value\">Multicolore<\/dd>\n<dt class=\"name\">Mat\u00e9riel<\/dt>\n<dd class=\"value\">Acrylonitrile-Butadi\u00e8ne-Styr\u00e8ne (ABS)<\/dd>\n<dt class=\"name\">R\u00e9tro\u00e9clairage<\/dt>\n<dd class=\"value\">Oui<\/dd>\n<dt class=\"name\">Syst\u00e8me mobile support\u00e9<\/dt>\n<dd class=\"value\">Android, iOS<\/dd>\n<dt class=\"name\">Longueur de c\u00e2ble<\/dt>\n<dd class=\"value\">1,8 m<\/dd>\n<dt class=\"name\">Language du clavier<\/dt>\n<dd class=\"value\">Fran\u00e7ais<\/dd>\n<dt class=\"name\">Souris incluse<\/dt>\n<dd class=\"value\">Non<\/dd>\n<dt class=\"name\">Disposition des touches du clavier<\/dt>\n<dd class=\"value\">QWERTY<\/dd>\n<dt class=\"name\">Nombre de produits inclus<\/dt>\n<dd class=\"value\">1 pi\u00e8ce(s)<\/dd>\n<dt class=\"name\">Repose-poignets<\/dt>\n<dd class=\"value\">Non<\/dd>\n<dt class=\"name\">Rechargeable<\/dt>\n<dd class=\"value\">Oui<\/dd>\n<dt class=\"name\">Taux d&rsquo;interrogation<\/dt>\n<dd class=\"value\">125,1000 Hz<\/dd>\n<dt class=\"name\">Dimensions du clavier (LxPxH)<\/dt>\n<dd class=\"value\">140,42 x 380,89 x 38,74 mm<\/dd>\n<dt class=\"name\">Interrupteur \u00e0 cl\u00e9 de clavier<\/dt>\n<dd class=\"value\">Clavier m\u00e9canique<\/dd>\n<dt class=\"name\">Poids du clavier<\/dt>\n<dd class=\"value\">1,05 kg<\/dd>\n<dt class=\"name\">Style de clavier<\/dt>\n<dd class=\"value\">Droit<\/dd>\n<dt class=\"name\">Touches Windows<\/dt>\n<dd class=\"value\">Oui<\/dd>\n<dt class=\"name\">Produit par casier principal (externe)<\/dt>\n<dd class=\"value\">10 pi\u00e8ce(s)<\/dd>\n<dt class=\"name\">C\u00e2ble amovible<\/dt>\n<dd class=\"value\">Oui<\/dd>\n<dt class=\"name\">Nombre de touches du clavier<\/dt>\n<dd class=\"value\">99<\/dd>\n<dt class=\"name\">Type de batterie clavier<\/dt>\n<dd class=\"value\">Batterie int\u00e9gr\u00e9<\/dd>\n<dt class=\"name\">M\u00e9moire int\u00e9gr\u00e9<\/dt>\n<dd class=\"value\">Oui<\/dd>\n<dt class=\"name\">Technologie de touches de clavier \u00e0 interrupteurs<\/dt>\n<dd class=\"value\">Kailh Box V2 Red<\/dd>\n<dt class=\"name\">Touches multim\u00e9dias<\/dt>\n<dd class=\"value\">Oui<\/dd>\n<dt class=\"name\">Profil de touches de clavier<\/dt>\n<dd class=\"value\">Profil haut<\/dd>\n<dt class=\"name\">Mat\u00e9riau des touches<\/dt>\n<dd class=\"value\">Acrylonitrile-Butadi\u00e8ne-Styr\u00e8ne (ABS)<\/dd>\n<dt class=\"name\">Capacit\u00e9 de la m\u00e9moire<\/dt>\n<dd class=\"value\">128 Ko<\/dd>\n<dt class=\"name\">Temps de r\u00e9ponse cl\u00e9 (max)<\/dt>\n<dd class=\"value\">1 ms<\/dd>\n<dt class=\"name\">Port de charge USB de type C<\/dt>\n<dd class=\"value\">Oui<\/dd>\n<dt class=\"name\">Disposition physique<\/dt>\n<dd class=\"value\">ISO<\/dd>\n<\/dl>\n","protected":false},"excerpt":{"rendered":"<p><strong>\ud83d\udee0\ufe0f Cooler Master : L&rsquo;efficacit\u00e9 et la l\u00e9g\u00e8ret\u00e9<\/strong><\/p>\n<p>Cooler Master propose d&rsquo;excellents p\u00e9riph\u00e9riques gaming, notamment r\u00e9put\u00e9s pour leurs souris ultra-l\u00e9g\u00e8res (s\u00e9rie MM) \u00e0 coque perfor\u00e9e, id\u00e9ales pour les mouvements rapides en jeu.<\/p>\n","protected":false},"featured_media":10343,"template":"","meta":{"ocean_post_layout":"","ocean_both_sidebars_style":"","ocean_both_sidebars_content_width":0,"ocean_both_sidebars_sidebars_width":0,"ocean_sidebar":"0","ocean_second_sidebar":"0","ocean_disable_margins":"enable","ocean_add_body_class":"","ocean_shortcode_before_top_bar":"","ocean_shortcode_after_top_bar":"","ocean_shortcode_before_header":"","ocean_shortcode_after_header":"","ocean_has_shortcode":"","ocean_shortcode_after_title":"","ocean_shortcode_before_footer_widgets":"","ocean_shortcode_after_footer_widgets":"","ocean_shortcode_before_footer_bottom":"","ocean_shortcode_after_footer_bottom":"","ocean_display_top_bar":"default","ocean_display_header":"default","ocean_header_style":"","ocean_center_header_left_menu":"0","ocean_custom_header_template":"0","ocean_custom_logo":0,"ocean_custom_retina_logo":0,"ocean_custom_logo_max_width":0,"ocean_custom_logo_tablet_max_width":0,"ocean_custom_logo_mobile_max_width":0,"ocean_custom_logo_max_height":0,"ocean_custom_logo_tablet_max_height":0,"ocean_custom_logo_mobile_max_height":0,"ocean_header_custom_menu":"0","ocean_menu_typo_font_family":"0","ocean_menu_typo_font_subset":"","ocean_menu_typo_font_size":0,"ocean_menu_typo_font_size_tablet":0,"ocean_menu_typo_font_size_mobile":0,"ocean_menu_typo_font_size_unit":"px","ocean_menu_typo_font_weight":"","ocean_menu_typo_font_weight_tablet":"","ocean_menu_typo_font_weight_mobile":"","ocean_menu_typo_transform":"","ocean_menu_typo_transform_tablet":"","ocean_menu_typo_transform_mobile":"","ocean_menu_typo_line_height":0,"ocean_menu_typo_line_height_tablet":0,"ocean_menu_typo_line_height_mobile":0,"ocean_menu_typo_line_height_unit":"","ocean_menu_typo_spacing":0,"ocean_menu_typo_spacing_tablet":0,"ocean_menu_typo_spacing_mobile":0,"ocean_menu_typo_spacing_unit":"","ocean_menu_link_color":"","ocean_menu_link_color_hover":"","ocean_menu_link_color_active":"","ocean_menu_link_background":"","ocean_menu_link_hover_background":"","ocean_menu_link_active_background":"","ocean_menu_social_links_bg":"","ocean_menu_social_hover_links_bg":"","ocean_menu_social_links_color":"","ocean_menu_social_hover_links_color":"","ocean_disable_title":"default","ocean_disable_heading":"default","ocean_post_title":"","ocean_post_subheading":"","ocean_post_title_style":"","ocean_post_title_background_color":"","ocean_post_title_background":0,"ocean_post_title_bg_image_position":"","ocean_post_title_bg_image_attachment":"","ocean_post_title_bg_image_repeat":"","ocean_post_title_bg_image_size":"","ocean_post_title_height":0,"ocean_post_title_bg_overlay":0.5,"ocean_post_title_bg_overlay_color":"","ocean_disable_breadcrumbs":"default","ocean_breadcrumbs_color":"","ocean_breadcrumbs_separator_color":"","ocean_breadcrumbs_links_color":"","ocean_breadcrumbs_links_hover_color":"","ocean_display_footer_widgets":"default","ocean_display_footer_bottom":"default","ocean_custom_footer_template":"0"},"product_brand":[22],"product_cat":[49],"product_tag":[],"class_list":{"0":"post-10344","1":"product","2":"type-product","3":"status-publish","4":"has-post-thumbnail","6":"product_brand-cooler-master","7":"product_cat-clavier","9":"entry","10":"has-media","12":"first","13":"instock","14":"taxable","15":"shipping-taxable","16":"purchasable","17":"product-type-simple","18":"has-product-nav","19":"col","20":"span_1_of_4","21":"owp-content-center","22":"owp-thumbs-layout-horizontal","23":"owp-btn-big","24":"owp-tabs-layout-horizontal","25":"has-no-thumbnails"},"yoast_head":"<!-- This site is optimized with the Yoast SEO plugin v27.3 - https:\/\/yoast.com\/product\/yoast-seo-wordpress\/ -->\n<title>COOLER MASTER MK770 SPACE GREY KAILH - Epsilon PC<\/title>\n<meta name=\"robots\" content=\"index, follow, max-snippet:-1, max-image-preview:large, max-video-preview:-1\" \/>\n<link rel=\"canonical\" href=\"https:\/\/www.epsilon-pc.fr\/index.php\/produit\/cooler-master-mk770-space-grey-kailh-box\/\" \/>\n<meta property=\"og:locale\" content=\"fr_FR\" \/>\n<meta property=\"og:type\" content=\"article\" \/>\n<meta property=\"og:title\" content=\"COOLER MASTER MK770 SPACE GREY KAILH - Epsilon PC\" \/>\n<meta property=\"og:description\" content=\"\ud83d\udee0\ufe0f Cooler Master : L&#039;efficacit\u00e9 et la l\u00e9g\u00e8ret\u00e9  Cooler Master propose d&#039;excellents p\u00e9riph\u00e9riques gaming, notamment r\u00e9put\u00e9s pour leurs souris ultra-l\u00e9g\u00e8res (s\u00e9rie MM) \u00e0 coque perfor\u00e9e, id\u00e9ales pour les mouvements rapides en jeu.\" \/>\n<meta property=\"og:url\" content=\"https:\/\/www.epsilon-pc.fr\/index.php\/produit\/cooler-master-mk770-space-grey-kailh-box\/\" \/>\n<meta property=\"og:site_name\" content=\"Epsilon PC\" \/>\n<meta property=\"article:modified_time\" content=\"2026-03-24T09:57:32+00:00\" \/>\n<meta property=\"og:image\" content=\"http:\/\/www.epsilon-pc.fr\/wp-content\/uploads\/2026\/03\/cooler-master-mk770-space-grey-kailh-box-v2-red.jpg\" \/>\n\t<meta property=\"og:image:width\" content=\"800\" \/>\n\t<meta property=\"og:image:height\" content=\"800\" \/>\n\t<meta property=\"og:image:type\" content=\"image\/jpeg\" \/>\n<meta name=\"twitter:card\" content=\"summary_large_image\" \/>\n<meta name=\"twitter:label1\" content=\"Dur\u00e9e de lecture estim\u00e9e\" \/>\n\t<meta name=\"twitter:data1\" content=\"1 minute\" \/>\n<script type=\"application\/ld+json\" class=\"yoast-schema-graph\">{\"@context\":\"https:\\\/\\\/schema.org\",\"@graph\":[{\"@type\":\"WebPage\",\"@id\":\"https:\\\/\\\/www.epsilon-pc.fr\\\/index.php\\\/produit\\\/cooler-master-mk770-space-grey-kailh-box\\\/\",\"url\":\"https:\\\/\\\/www.epsilon-pc.fr\\\/index.php\\\/produit\\\/cooler-master-mk770-space-grey-kailh-box\\\/\",\"name\":\"COOLER MASTER MK770 SPACE GREY KAILH - Epsilon PC\",\"isPartOf\":{\"@id\":\"https:\\\/\\\/www.epsilon-pc.fr\\\/#website\"},\"primaryImageOfPage\":{\"@id\":\"https:\\\/\\\/www.epsilon-pc.fr\\\/index.php\\\/produit\\\/cooler-master-mk770-space-grey-kailh-box\\\/#primaryimage\"},\"image\":{\"@id\":\"https:\\\/\\\/www.epsilon-pc.fr\\\/index.php\\\/produit\\\/cooler-master-mk770-space-grey-kailh-box\\\/#primaryimage\"},\"thumbnailUrl\":\"https:\\\/\\\/www.epsilon-pc.fr\\\/wp-content\\\/uploads\\\/2026\\\/03\\\/cooler-master-mk770-space-grey-kailh-box-v2-red.jpg\",\"datePublished\":\"2026-03-21T08:33:06+00:00\",\"dateModified\":\"2026-03-24T09:57:32+00:00\",\"breadcrumb\":{\"@id\":\"https:\\\/\\\/www.epsilon-pc.fr\\\/index.php\\\/produit\\\/cooler-master-mk770-space-grey-kailh-box\\\/#breadcrumb\"},\"inLanguage\":\"fr-FR\",\"potentialAction\":[{\"@type\":\"ReadAction\",\"target\":[\"https:\\\/\\\/www.epsilon-pc.fr\\\/index.php\\\/produit\\\/cooler-master-mk770-space-grey-kailh-box\\\/\"]}]},{\"@type\":\"ImageObject\",\"inLanguage\":\"fr-FR\",\"@id\":\"https:\\\/\\\/www.epsilon-pc.fr\\\/index.php\\\/produit\\\/cooler-master-mk770-space-grey-kailh-box\\\/#primaryimage\",\"url\":\"https:\\\/\\\/www.epsilon-pc.fr\\\/wp-content\\\/uploads\\\/2026\\\/03\\\/cooler-master-mk770-space-grey-kailh-box-v2-red.jpg\",\"contentUrl\":\"https:\\\/\\\/www.epsilon-pc.fr\\\/wp-content\\\/uploads\\\/2026\\\/03\\\/cooler-master-mk770-space-grey-kailh-box-v2-red.jpg\",\"width\":800,\"height\":800},{\"@type\":\"BreadcrumbList\",\"@id\":\"https:\\\/\\\/www.epsilon-pc.fr\\\/index.php\\\/produit\\\/cooler-master-mk770-space-grey-kailh-box\\\/#breadcrumb\",\"itemListElement\":[{\"@type\":\"ListItem\",\"position\":1,\"name\":\"Accueil\",\"item\":\"https:\\\/\\\/www.epsilon-pc.fr\\\/\"},{\"@type\":\"ListItem\",\"position\":2,\"name\":\"Boutique\",\"item\":\"https:\\\/\\\/www.epsilon-pc.fr\\\/index.php\\\/boutique\\\/\"},{\"@type\":\"ListItem\",\"position\":3,\"name\":\"COOLER MASTER MK770 SPACE GREY KAILH\"}]},{\"@type\":\"WebSite\",\"@id\":\"https:\\\/\\\/www.epsilon-pc.fr\\\/#website\",\"url\":\"https:\\\/\\\/www.epsilon-pc.fr\\\/\",\"name\":\"Epsilon PC\",\"description\":\"\",\"publisher\":{\"@id\":\"https:\\\/\\\/www.epsilon-pc.fr\\\/#organization\"},\"potentialAction\":[{\"@type\":\"SearchAction\",\"target\":{\"@type\":\"EntryPoint\",\"urlTemplate\":\"https:\\\/\\\/www.epsilon-pc.fr\\\/?s={search_term_string}\"},\"query-input\":{\"@type\":\"PropertyValueSpecification\",\"valueRequired\":true,\"valueName\":\"search_term_string\"}}],\"inLanguage\":\"fr-FR\"},{\"@type\":\"Organization\",\"@id\":\"https:\\\/\\\/www.epsilon-pc.fr\\\/#organization\",\"name\":\"Epsilon PC\",\"url\":\"https:\\\/\\\/www.epsilon-pc.fr\\\/\",\"logo\":{\"@type\":\"ImageObject\",\"inLanguage\":\"fr-FR\",\"@id\":\"https:\\\/\\\/www.epsilon-pc.fr\\\/#\\\/schema\\\/logo\\\/image\\\/\",\"url\":\"https:\\\/\\\/www.epsilon-pc.fr\\\/wp-content\\\/uploads\\\/2026\\\/02\\\/cropped-LogoEpsi-1.bmp\",\"contentUrl\":\"https:\\\/\\\/www.epsilon-pc.fr\\\/wp-content\\\/uploads\\\/2026\\\/02\\\/cropped-LogoEpsi-1.bmp\",\"width\":191,\"height\":59,\"caption\":\"Epsilon PC\"},\"image\":{\"@id\":\"https:\\\/\\\/www.epsilon-pc.fr\\\/#\\\/schema\\\/logo\\\/image\\\/\"}}]}<\/script>\n<!-- \/ Yoast SEO plugin. -->","yoast_head_json":{"title":"COOLER MASTER MK770 SPACE GREY KAILH - Epsilon PC","robots":{"index":"index","follow":"follow","max-snippet":"max-snippet:-1","max-image-preview":"max-image-preview:large","max-video-preview":"max-video-preview:-1"},"canonical":"https:\/\/www.epsilon-pc.fr\/index.php\/produit\/cooler-master-mk770-space-grey-kailh-box\/","og_locale":"fr_FR","og_type":"article","og_title":"COOLER MASTER MK770 SPACE GREY KAILH - Epsilon PC","og_description":"\ud83d\udee0\ufe0f Cooler Master : L'efficacit\u00e9 et la l\u00e9g\u00e8ret\u00e9  Cooler Master propose d'excellents p\u00e9riph\u00e9riques gaming, notamment r\u00e9put\u00e9s pour leurs souris ultra-l\u00e9g\u00e8res (s\u00e9rie MM) \u00e0 coque perfor\u00e9e, id\u00e9ales pour les mouvements rapides en jeu.","og_url":"https:\/\/www.epsilon-pc.fr\/index.php\/produit\/cooler-master-mk770-space-grey-kailh-box\/","og_site_name":"Epsilon PC","article_modified_time":"2026-03-24T09:57:32+00:00","og_image":[{"width":800,"height":800,"url":"http:\/\/www.epsilon-pc.fr\/wp-content\/uploads\/2026\/03\/cooler-master-mk770-space-grey-kailh-box-v2-red.jpg","type":"image\/jpeg"}],"twitter_card":"summary_large_image","twitter_misc":{"Dur\u00e9e de lecture estim\u00e9e":"1 minute"},"schema":{"@context":"https:\/\/schema.org","@graph":[{"@type":"WebPage","@id":"https:\/\/www.epsilon-pc.fr\/index.php\/produit\/cooler-master-mk770-space-grey-kailh-box\/","url":"https:\/\/www.epsilon-pc.fr\/index.php\/produit\/cooler-master-mk770-space-grey-kailh-box\/","name":"COOLER MASTER MK770 SPACE GREY KAILH - Epsilon PC","isPartOf":{"@id":"https:\/\/www.epsilon-pc.fr\/#website"},"primaryImageOfPage":{"@id":"https:\/\/www.epsilon-pc.fr\/index.php\/produit\/cooler-master-mk770-space-grey-kailh-box\/#primaryimage"},"image":{"@id":"https:\/\/www.epsilon-pc.fr\/index.php\/produit\/cooler-master-mk770-space-grey-kailh-box\/#primaryimage"},"thumbnailUrl":"https:\/\/www.epsilon-pc.fr\/wp-content\/uploads\/2026\/03\/cooler-master-mk770-space-grey-kailh-box-v2-red.jpg","datePublished":"2026-03-21T08:33:06+00:00","dateModified":"2026-03-24T09:57:32+00:00","breadcrumb":{"@id":"https:\/\/www.epsilon-pc.fr\/index.php\/produit\/cooler-master-mk770-space-grey-kailh-box\/#breadcrumb"},"inLanguage":"fr-FR","potentialAction":[{"@type":"ReadAction","target":["https:\/\/www.epsilon-pc.fr\/index.php\/produit\/cooler-master-mk770-space-grey-kailh-box\/"]}]},{"@type":"ImageObject","inLanguage":"fr-FR","@id":"https:\/\/www.epsilon-pc.fr\/index.php\/produit\/cooler-master-mk770-space-grey-kailh-box\/#primaryimage","url":"https:\/\/www.epsilon-pc.fr\/wp-content\/uploads\/2026\/03\/cooler-master-mk770-space-grey-kailh-box-v2-red.jpg","contentUrl":"https:\/\/www.epsilon-pc.fr\/wp-content\/uploads\/2026\/03\/cooler-master-mk770-space-grey-kailh-box-v2-red.jpg","width":800,"height":800},{"@type":"BreadcrumbList","@id":"https:\/\/www.epsilon-pc.fr\/index.php\/produit\/cooler-master-mk770-space-grey-kailh-box\/#breadcrumb","itemListElement":[{"@type":"ListItem","position":1,"name":"Accueil","item":"https:\/\/www.epsilon-pc.fr\/"},{"@type":"ListItem","position":2,"name":"Boutique","item":"https:\/\/www.epsilon-pc.fr\/index.php\/boutique\/"},{"@type":"ListItem","position":3,"name":"COOLER MASTER MK770 SPACE GREY KAILH"}]},{"@type":"WebSite","@id":"https:\/\/www.epsilon-pc.fr\/#website","url":"https:\/\/www.epsilon-pc.fr\/","name":"Epsilon PC","description":"","publisher":{"@id":"https:\/\/www.epsilon-pc.fr\/#organization"},"potentialAction":[{"@type":"SearchAction","target":{"@type":"EntryPoint","urlTemplate":"https:\/\/www.epsilon-pc.fr\/?s={search_term_string}"},"query-input":{"@type":"PropertyValueSpecification","valueRequired":true,"valueName":"search_term_string"}}],"inLanguage":"fr-FR"},{"@type":"Organization","@id":"https:\/\/www.epsilon-pc.fr\/#organization","name":"Epsilon PC","url":"https:\/\/www.epsilon-pc.fr\/","logo":{"@type":"ImageObject","inLanguage":"fr-FR","@id":"https:\/\/www.epsilon-pc.fr\/#\/schema\/logo\/image\/","url":"https:\/\/www.epsilon-pc.fr\/wp-content\/uploads\/2026\/02\/cropped-LogoEpsi-1.bmp","contentUrl":"https:\/\/www.epsilon-pc.fr\/wp-content\/uploads\/2026\/02\/cropped-LogoEpsi-1.bmp","width":191,"height":59,"caption":"Epsilon PC"},"image":{"@id":"https:\/\/www.epsilon-pc.fr\/#\/schema\/logo\/image\/"}}]}},"_links":{"self":[{"href":"https:\/\/www.epsilon-pc.fr\/index.php\/wp-json\/wp\/v2\/product\/10344","targetHints":{"allow":["GET"]}}],"collection":[{"href":"https:\/\/www.epsilon-pc.fr\/index.php\/wp-json\/wp\/v2\/product"}],"about":[{"href":"https:\/\/www.epsilon-pc.fr\/index.php\/wp-json\/wp\/v2\/types\/product"}],"wp:featuredmedia":[{"embeddable":true,"href":"https:\/\/www.epsilon-pc.fr\/index.php\/wp-json\/wp\/v2\/media\/10343"}],"wp:attachment":[{"href":"https:\/\/www.epsilon-pc.fr\/index.php\/wp-json\/wp\/v2\/media?parent=10344"}],"wp:term":[{"taxonomy":"product_brand","embeddable":true,"href":"https:\/\/www.epsilon-pc.fr\/index.php\/wp-json\/wp\/v2\/product_brand?post=10344"},{"taxonomy":"product_cat","embeddable":true,"href":"https:\/\/www.epsilon-pc.fr\/index.php\/wp-json\/wp\/v2\/product_cat?post=10344"},{"taxonomy":"product_tag","embeddable":true,"href":"https:\/\/www.epsilon-pc.fr\/index.php\/wp-json\/wp\/v2\/product_tag?post=10344"}],"curies":[{"name":"wp","href":"https:\/\/api.w.org\/{rel}","templated":true}]}}