{"id":10340,"date":"2026-03-21T09:33:01","date_gmt":"2026-03-21T08:33:01","guid":{"rendered":"https:\/\/www.epsilon-pc.fr\/index.php\/produit\/logitech-m190-noir-sans-fil-910-005905\/"},"modified":"2026-04-10T09:43:58","modified_gmt":"2026-04-10T07:43:58","slug":"logitech-m190-noir-sans-fil-910-005905","status":"publish","type":"product","link":"https:\/\/www.epsilon-pc.fr\/index.php\/produit\/logitech-m190-noir-sans-fil-910-005905\/","title":{"rendered":"LOGITECH M190"},"content":{"rendered":"<p><b>Souris sans fil de taille standard Logitech M190<\/b><br \/>\nLa souris Logitech M190 est une souris sans fil de taille standard avec un design profil\u00e9 confortable qui suit les courbes naturelles des mains de moyenne et grande taille. Un confort continu tout au long de la journ\u00e9e gr\u00e2ce au support de paume arrondi, et des boutons moul\u00e9s pour un placement id\u00e9al des doigts. Vous allez travailler sans fil, et vous d\u00e9placer librement (dans un rayon de 10 m\u00e8tres) sans d\u00e9lai ni interf\u00e9rences. L&rsquo;absence de c\u00e2ble vous garantit un bureau net, et la long\u00e9vit\u00e9 de la pile de 18 mois vous permet de travailler sans souci gr\u00e2ce au mode \u00e9conomie d&rsquo;\u00e9nergie qui se lance automatiquement lorsque vous n&rsquo;utilisez pas la souris. B\u00e9n\u00e9ficiez d&rsquo;une navigation de grande qualit\u00e9 avec un suivi de pr\u00e9cision et un d\u00e9filement par paliers \u00e0 un prix abordable<br \/>\nLa port\u00e9e sans fil de la souris et l&rsquo;autonomie des piles sont susceptibles de varier en fonction de l&rsquo;environnement et du mode d&rsquo;utilisation.<\/p>\n<p><b>CONFORT SANS FIL<\/b><br \/>\nForme profil\u00e9e et ergonomique suivant les courbes naturelles des grandes mains. Placez vos doigts dans la position id\u00e9ale gr\u00e2ce aux boutons creus\u00e9s pour un confort du matin au soir<\/p>\n<p><b>CONNEXION SANS FIL SANS D\u00c9CALAGE<\/b><br \/>\nUne libert\u00e9 absolue avec la connexion sans fil jusqu\u2019\u00e0 10 m\u00e8tres et un bureau d\u00e9gag\u00e9.<\/p>\n<p><b>PR\u00c9CISION HAUTE QUALIT\u00c9<\/b><br \/>\nNe sacrifiez pas la qualit\u00e9 au bureau. Suivi de pr\u00e9cision, d\u00e9filement ligne par ligne et navigation simple transforment les clics rat\u00e9s en mauvais souvenir<\/p>\n<p><b>FAITE POUR DURER<\/b><br \/>\nCon\u00e7ue par le leader mondial du mat\u00e9riel nformatique, la M190 est la souris pour PC et ordinateur de bureau sur laquelle vous pouvez compter. Elle est fiable et faite pour durer<\/p>\n<p><b>PILE LONGUE DUR\u00c9E<\/b><br \/>\nUne utilisation sans souci jusqu\u2019\u00e0 18 mois. La souris qui passe en mode \u00e9conomie d\u2019\u00e9nergie lorsqu\u2019elle n\u2019est pas utilis\u00e9e. Une pile AA est incluse<\/p>\n<p><b>SUIVI HAUTE PR\u00c9CISION<\/b><br \/>\nR\u00e9sultats pr\u00e9cis partout o\u00f9 vous \u00eates. Contr\u00f4le pr\u00e9cis et fluide du curseur, elle s&rsquo;utilise sur presque toutes les surfaces. D\u00e9filement ligne par ligne pour navigation facile<\/p>\n<p><b>CONCEPTION PLUG &amp; PLAY<\/b><br \/>\nLogitech M190 fonctionne tout de suite avec votre ordinateur de bureau ou votre PC. Connectez votre r\u00e9cepteur USB et c\u2019est parti, chez vous, au bureau ou en d\u00e9placement<\/p>\n<dl class=\"data-sheet\">\n<dt class=\"name\">Bande de fr\u00e9quence<\/dt>\n<dd class=\"value\">2.4 GHz<\/dd>\n<dt class=\"name\">Coloration de surface<\/dt>\n<dd class=\"value\">Monochromatique<\/dd>\n<dt class=\"name\">Couleur du produit<\/dt>\n<dd class=\"value\">Charbon de bois<\/dd>\n<dt class=\"name\">D\u00e9filement des directions<\/dt>\n<dd class=\"value\">verticale<\/dd>\n<dt class=\"name\">Format<\/dt>\n<dd class=\"value\">Ambidextre<\/dd>\n<dt class=\"name\">Hauteur<\/dt>\n<dd class=\"value\">40,3 mm<\/dd>\n<dt class=\"name\">Hauteur du r\u00e9cepteur<\/dt>\n<dd class=\"value\">1,87 cm<\/dd>\n<dt class=\"name\">Interface de l&rsquo;appareil<\/dt>\n<dd class=\"value\">RF sans fil<\/dd>\n<dt class=\"name\">Interface de r\u00e9ception sans fil<\/dt>\n<dd class=\"value\">USB Type-A<\/dd>\n<dt class=\"name\">Largeur<\/dt>\n<dd class=\"value\">66,1 mm<\/dd>\n<dt class=\"name\">Largeur du r\u00e9cepteur<\/dt>\n<dd class=\"value\">1,44 cm<\/dd>\n<dt class=\"name\">Nombre de batteries prises en charge<\/dt>\n<dd class=\"value\">1<\/dd>\n<dt class=\"name\">Nombre de roulettes de d\u00e9filement<\/dt>\n<dd class=\"value\">1<\/dd>\n<dt class=\"name\">Piles fournies<\/dt>\n<dd class=\"value\">Oui<\/dd>\n<dt class=\"name\">Poids<\/dt>\n<dd class=\"value\">89,9 g<\/dd>\n<dt class=\"name\">Poids du r\u00e9cepteur<\/dt>\n<dd class=\"value\">2 g<\/dd>\n<dt class=\"name\">Prise en charge d&rsquo;autres syst\u00e8mes d&rsquo;exploitation<\/dt>\n<dd class=\"value\">ChromeOS<\/dd>\n<dt class=\"name\">Prise en charge du syst\u00e8me d&rsquo;exploitation Linux<\/dt>\n<dd class=\"value\">Oui<\/dd>\n<dt class=\"name\">Prise en charge du syst\u00e8me d&rsquo;exploitation Mac<\/dt>\n<dd class=\"value\">Oui, MacOS<\/dd>\n<dt class=\"name\">Prise en charge du syst\u00e8me d&rsquo;exploitation Windows<\/dt>\n<dd class=\"value\">Oui<\/dd>\n<dt class=\"name\">Profondeur<\/dt>\n<dd class=\"value\">115,4 mm<\/dd>\n<dt class=\"name\">Profondeur du colis<\/dt>\n<dd class=\"value\">76 mm<\/dd>\n<dt class=\"name\">Profondeur du r\u00e9cepteur<\/dt>\n<dd class=\"value\">6,1 mm<\/dd>\n<dt class=\"name\">Quantit\u00e9 de boutons programmables<\/dt>\n<dd class=\"value\">3<\/dd>\n<dt class=\"name\">R\u00e9cepteur inclus<\/dt>\n<dd class=\"value\">Oui<\/dd>\n<dt class=\"name\">R\u00e9solution en mouvement<\/dt>\n<dd class=\"value\">1000 DPI<\/dd>\n<dt class=\"name\">Source d&rsquo;alimentation<\/dt>\n<dd class=\"value\">Piles<\/dd>\n<dt class=\"name\">Technologie batterie<\/dt>\n<dd class=\"value\">Alcaline<\/dd>\n<dt class=\"name\">Technologie de d\u00e9tecteur de mouvement<\/dt>\n<dd class=\"value\">Optique<\/dd>\n<dt class=\"name\">Type Scroll<\/dt>\n<dd class=\"value\">Roue<\/dd>\n<dt class=\"name\">Type de batterie<\/dt>\n<dd class=\"value\">AA<\/dd>\n<dt class=\"name\">Type de boutons<\/dt>\n<dd class=\"value\">Boutons poussoirs<\/dd>\n<dt class=\"name\">Type de r\u00e9cepteur<\/dt>\n<dd class=\"value\">R\u00e9cepteur nano<\/dd>\n<dt class=\"name\">Utilit\u00e9<\/dt>\n<dd class=\"value\">Bureau<\/dd>\n<dt class=\"name\">Capacit\u00e9 de la batterie<\/dt>\n<dd class=\"value\">2000 mAh<\/dd>\n<dt class=\"name\">Capacit\u00e9 de puissance USB<\/dt>\n<dd class=\"value\">Non<\/dd>\n<dt class=\"name\">Adaptateur secteur fourni<\/dt>\n<dd class=\"value\">Non<\/dd>\n<dt class=\"name\">Dur\u00e9e de vie de la batterie<\/dt>\n<dd class=\"value\">18 mois<\/dd>\n<dt class=\"name\">Port de charge USB de type C<\/dt>\n<dd class=\"value\">Non<\/dd>\n<\/dl>\n","protected":false},"excerpt":{"rendered":"<p><strong>\u2699\ufe0f Logitech : Le ma\u00eetre incontest\u00e9 des p\u00e9riph\u00e9riques<\/strong><\/p>\n<p>De la bureautique avanc\u00e9e \u00e0 l&rsquo;esport de haut niveau, Logitech propose des claviers, souris et casques d&rsquo;une pr\u00e9cision et d&rsquo;une fiabilit\u00e9 redoutables.<\/p>\n<ul>\n<li><strong>\ud83c\udfae Gamme G &amp; PRO :<\/strong> D\u00e9velopp\u00e9e avec les joueurs professionnels pour une latence z\u00e9ro (technologie Lightspeed) et des capteurs HERO in\u00e9gal\u00e9s.<\/li>\n<li><strong>\ud83d\udcbc Gamme MX :<\/strong> Le summum du confort, de l&rsquo;ergonomie et de la productivit\u00e9 pour les cr\u00e9ateurs et le t\u00e9l\u00e9travail.<\/li>\n<\/ul>\n","protected":false},"featured_media":10339,"template":"","meta":{"ocean_post_layout":"","ocean_both_sidebars_style":"","ocean_both_sidebars_content_width":0,"ocean_both_sidebars_sidebars_width":0,"ocean_sidebar":"0","ocean_second_sidebar":"0","ocean_disable_margins":"enable","ocean_add_body_class":"","ocean_shortcode_before_top_bar":"","ocean_shortcode_after_top_bar":"","ocean_shortcode_before_header":"","ocean_shortcode_after_header":"","ocean_has_shortcode":"","ocean_shortcode_after_title":"","ocean_shortcode_before_footer_widgets":"","ocean_shortcode_after_footer_widgets":"","ocean_shortcode_before_footer_bottom":"","ocean_shortcode_after_footer_bottom":"","ocean_display_top_bar":"default","ocean_display_header":"default","ocean_header_style":"","ocean_center_header_left_menu":"0","ocean_custom_header_template":"0","ocean_custom_logo":0,"ocean_custom_retina_logo":0,"ocean_custom_logo_max_width":0,"ocean_custom_logo_tablet_max_width":0,"ocean_custom_logo_mobile_max_width":0,"ocean_custom_logo_max_height":0,"ocean_custom_logo_tablet_max_height":0,"ocean_custom_logo_mobile_max_height":0,"ocean_header_custom_menu":"0","ocean_menu_typo_font_family":"0","ocean_menu_typo_font_subset":"","ocean_menu_typo_font_size":0,"ocean_menu_typo_font_size_tablet":0,"ocean_menu_typo_font_size_mobile":0,"ocean_menu_typo_font_size_unit":"px","ocean_menu_typo_font_weight":"","ocean_menu_typo_font_weight_tablet":"","ocean_menu_typo_font_weight_mobile":"","ocean_menu_typo_transform":"","ocean_menu_typo_transform_tablet":"","ocean_menu_typo_transform_mobile":"","ocean_menu_typo_line_height":0,"ocean_menu_typo_line_height_tablet":0,"ocean_menu_typo_line_height_mobile":0,"ocean_menu_typo_line_height_unit":"","ocean_menu_typo_spacing":0,"ocean_menu_typo_spacing_tablet":0,"ocean_menu_typo_spacing_mobile":0,"ocean_menu_typo_spacing_unit":"","ocean_menu_link_color":"","ocean_menu_link_color_hover":"","ocean_menu_link_color_active":"","ocean_menu_link_background":"","ocean_menu_link_hover_background":"","ocean_menu_link_active_background":"","ocean_menu_social_links_bg":"","ocean_menu_social_hover_links_bg":"","ocean_menu_social_links_color":"","ocean_menu_social_hover_links_color":"","ocean_disable_title":"default","ocean_disable_heading":"default","ocean_post_title":"","ocean_post_subheading":"","ocean_post_title_style":"","ocean_post_title_background_color":"","ocean_post_title_background":0,"ocean_post_title_bg_image_position":"","ocean_post_title_bg_image_attachment":"","ocean_post_title_bg_image_repeat":"","ocean_post_title_bg_image_size":"","ocean_post_title_height":0,"ocean_post_title_bg_overlay":0.5,"ocean_post_title_bg_overlay_color":"","ocean_disable_breadcrumbs":"default","ocean_breadcrumbs_color":"","ocean_breadcrumbs_separator_color":"","ocean_breadcrumbs_links_color":"","ocean_breadcrumbs_links_hover_color":"","ocean_display_footer_widgets":"default","ocean_display_footer_bottom":"default","ocean_custom_footer_template":"0"},"product_brand":[72],"product_cat":[50],"product_tag":[],"class_list":{"0":"post-10340","1":"product","2":"type-product","3":"status-publish","4":"has-post-thumbnail","6":"product_brand-logitech","7":"product_cat-souris","9":"entry","10":"has-media","12":"first","13":"instock","14":"taxable","15":"shipping-taxable","16":"purchasable","17":"product-type-simple","18":"has-product-nav","19":"col","20":"span_1_of_4","21":"owp-content-center","22":"owp-thumbs-layout-horizontal","23":"owp-btn-big","24":"owp-tabs-layout-horizontal","25":"has-no-thumbnails"},"yoast_head":"<!-- This site is optimized with the Yoast SEO plugin v27.3 - https:\/\/yoast.com\/product\/yoast-seo-wordpress\/ -->\n<title>LOGITECH M190 - Epsilon PC<\/title>\n<meta name=\"robots\" content=\"index, follow, max-snippet:-1, max-image-preview:large, max-video-preview:-1\" \/>\n<link rel=\"canonical\" href=\"https:\/\/www.epsilon-pc.fr\/index.php\/produit\/logitech-m190-noir-sans-fil-910-005905\/\" \/>\n<meta property=\"og:locale\" content=\"fr_FR\" \/>\n<meta property=\"og:type\" content=\"article\" \/>\n<meta property=\"og:title\" content=\"LOGITECH M190 - Epsilon PC\" \/>\n<meta property=\"og:description\" content=\"\u2699\ufe0f Logitech : Le ma\u00eetre incontest\u00e9 des p\u00e9riph\u00e9riques  De la bureautique avanc\u00e9e \u00e0 l&#039;esport de haut niveau, Logitech propose des claviers, souris et casques d&#039;une pr\u00e9cision et d&#039;une fiabilit\u00e9 redoutables.   \ud83c\udfae Gamme G &amp; PRO : D\u00e9velopp\u00e9e avec les joueurs professionnels pour une latence z\u00e9ro (technologie Lightspeed) et des capteurs HERO in\u00e9gal\u00e9s.  \ud83d\udcbc Gamme MX : Le summum du confort, de l&#039;ergonomie et de la productivit\u00e9 pour les cr\u00e9ateurs et le t\u00e9l\u00e9travail.\" \/>\n<meta property=\"og:url\" content=\"https:\/\/www.epsilon-pc.fr\/index.php\/produit\/logitech-m190-noir-sans-fil-910-005905\/\" \/>\n<meta property=\"og:site_name\" content=\"Epsilon PC\" \/>\n<meta property=\"article:modified_time\" content=\"2026-04-10T07:43:58+00:00\" \/>\n<meta property=\"og:image\" content=\"http:\/\/www.epsilon-pc.fr\/wp-content\/uploads\/2026\/03\/logitech-m190-noir-sans-fil-910-005905.jpg\" \/>\n\t<meta property=\"og:image:width\" content=\"800\" \/>\n\t<meta property=\"og:image:height\" content=\"800\" \/>\n\t<meta property=\"og:image:type\" content=\"image\/jpeg\" \/>\n<meta name=\"twitter:card\" content=\"summary_large_image\" \/>\n<meta name=\"twitter:label1\" content=\"Dur\u00e9e de lecture estim\u00e9e\" \/>\n\t<meta name=\"twitter:data1\" content=\"4 minutes\" \/>\n<script type=\"application\/ld+json\" class=\"yoast-schema-graph\">{\"@context\":\"https:\\\/\\\/schema.org\",\"@graph\":[{\"@type\":\"WebPage\",\"@id\":\"https:\\\/\\\/www.epsilon-pc.fr\\\/index.php\\\/produit\\\/logitech-m190-noir-sans-fil-910-005905\\\/\",\"url\":\"https:\\\/\\\/www.epsilon-pc.fr\\\/index.php\\\/produit\\\/logitech-m190-noir-sans-fil-910-005905\\\/\",\"name\":\"LOGITECH M190 - Epsilon PC\",\"isPartOf\":{\"@id\":\"https:\\\/\\\/www.epsilon-pc.fr\\\/#website\"},\"primaryImageOfPage\":{\"@id\":\"https:\\\/\\\/www.epsilon-pc.fr\\\/index.php\\\/produit\\\/logitech-m190-noir-sans-fil-910-005905\\\/#primaryimage\"},\"image\":{\"@id\":\"https:\\\/\\\/www.epsilon-pc.fr\\\/index.php\\\/produit\\\/logitech-m190-noir-sans-fil-910-005905\\\/#primaryimage\"},\"thumbnailUrl\":\"https:\\\/\\\/www.epsilon-pc.fr\\\/wp-content\\\/uploads\\\/2026\\\/03\\\/logitech-m190-noir-sans-fil-910-005905.jpg\",\"datePublished\":\"2026-03-21T08:33:01+00:00\",\"dateModified\":\"2026-04-10T07:43:58+00:00\",\"breadcrumb\":{\"@id\":\"https:\\\/\\\/www.epsilon-pc.fr\\\/index.php\\\/produit\\\/logitech-m190-noir-sans-fil-910-005905\\\/#breadcrumb\"},\"inLanguage\":\"fr-FR\",\"potentialAction\":[{\"@type\":\"ReadAction\",\"target\":[\"https:\\\/\\\/www.epsilon-pc.fr\\\/index.php\\\/produit\\\/logitech-m190-noir-sans-fil-910-005905\\\/\"]}]},{\"@type\":\"ImageObject\",\"inLanguage\":\"fr-FR\",\"@id\":\"https:\\\/\\\/www.epsilon-pc.fr\\\/index.php\\\/produit\\\/logitech-m190-noir-sans-fil-910-005905\\\/#primaryimage\",\"url\":\"https:\\\/\\\/www.epsilon-pc.fr\\\/wp-content\\\/uploads\\\/2026\\\/03\\\/logitech-m190-noir-sans-fil-910-005905.jpg\",\"contentUrl\":\"https:\\\/\\\/www.epsilon-pc.fr\\\/wp-content\\\/uploads\\\/2026\\\/03\\\/logitech-m190-noir-sans-fil-910-005905.jpg\",\"width\":800,\"height\":800},{\"@type\":\"BreadcrumbList\",\"@id\":\"https:\\\/\\\/www.epsilon-pc.fr\\\/index.php\\\/produit\\\/logitech-m190-noir-sans-fil-910-005905\\\/#breadcrumb\",\"itemListElement\":[{\"@type\":\"ListItem\",\"position\":1,\"name\":\"Accueil\",\"item\":\"https:\\\/\\\/www.epsilon-pc.fr\\\/\"},{\"@type\":\"ListItem\",\"position\":2,\"name\":\"Boutique\",\"item\":\"https:\\\/\\\/www.epsilon-pc.fr\\\/index.php\\\/boutique\\\/\"},{\"@type\":\"ListItem\",\"position\":3,\"name\":\"LOGITECH M190\"}]},{\"@type\":\"WebSite\",\"@id\":\"https:\\\/\\\/www.epsilon-pc.fr\\\/#website\",\"url\":\"https:\\\/\\\/www.epsilon-pc.fr\\\/\",\"name\":\"Epsilon PC\",\"description\":\"\",\"publisher\":{\"@id\":\"https:\\\/\\\/www.epsilon-pc.fr\\\/#organization\"},\"potentialAction\":[{\"@type\":\"SearchAction\",\"target\":{\"@type\":\"EntryPoint\",\"urlTemplate\":\"https:\\\/\\\/www.epsilon-pc.fr\\\/?s={search_term_string}\"},\"query-input\":{\"@type\":\"PropertyValueSpecification\",\"valueRequired\":true,\"valueName\":\"search_term_string\"}}],\"inLanguage\":\"fr-FR\"},{\"@type\":\"Organization\",\"@id\":\"https:\\\/\\\/www.epsilon-pc.fr\\\/#organization\",\"name\":\"Epsilon PC\",\"url\":\"https:\\\/\\\/www.epsilon-pc.fr\\\/\",\"logo\":{\"@type\":\"ImageObject\",\"inLanguage\":\"fr-FR\",\"@id\":\"https:\\\/\\\/www.epsilon-pc.fr\\\/#\\\/schema\\\/logo\\\/image\\\/\",\"url\":\"https:\\\/\\\/www.epsilon-pc.fr\\\/wp-content\\\/uploads\\\/2026\\\/02\\\/cropped-LogoEpsi-1.bmp\",\"contentUrl\":\"https:\\\/\\\/www.epsilon-pc.fr\\\/wp-content\\\/uploads\\\/2026\\\/02\\\/cropped-LogoEpsi-1.bmp\",\"width\":191,\"height\":59,\"caption\":\"Epsilon PC\"},\"image\":{\"@id\":\"https:\\\/\\\/www.epsilon-pc.fr\\\/#\\\/schema\\\/logo\\\/image\\\/\"}}]}<\/script>\n<!-- \/ Yoast SEO plugin. -->","yoast_head_json":{"title":"LOGITECH M190 - Epsilon PC","robots":{"index":"index","follow":"follow","max-snippet":"max-snippet:-1","max-image-preview":"max-image-preview:large","max-video-preview":"max-video-preview:-1"},"canonical":"https:\/\/www.epsilon-pc.fr\/index.php\/produit\/logitech-m190-noir-sans-fil-910-005905\/","og_locale":"fr_FR","og_type":"article","og_title":"LOGITECH M190 - Epsilon PC","og_description":"\u2699\ufe0f Logitech : Le ma\u00eetre incontest\u00e9 des p\u00e9riph\u00e9riques  De la bureautique avanc\u00e9e \u00e0 l'esport de haut niveau, Logitech propose des claviers, souris et casques d'une pr\u00e9cision et d'une fiabilit\u00e9 redoutables.   \ud83c\udfae Gamme G &amp; PRO : D\u00e9velopp\u00e9e avec les joueurs professionnels pour une latence z\u00e9ro (technologie Lightspeed) et des capteurs HERO in\u00e9gal\u00e9s.  \ud83d\udcbc Gamme MX : Le summum du confort, de l'ergonomie et de la productivit\u00e9 pour les cr\u00e9ateurs et le t\u00e9l\u00e9travail.","og_url":"https:\/\/www.epsilon-pc.fr\/index.php\/produit\/logitech-m190-noir-sans-fil-910-005905\/","og_site_name":"Epsilon PC","article_modified_time":"2026-04-10T07:43:58+00:00","og_image":[{"width":800,"height":800,"url":"http:\/\/www.epsilon-pc.fr\/wp-content\/uploads\/2026\/03\/logitech-m190-noir-sans-fil-910-005905.jpg","type":"image\/jpeg"}],"twitter_card":"summary_large_image","twitter_misc":{"Dur\u00e9e de lecture estim\u00e9e":"4 minutes"},"schema":{"@context":"https:\/\/schema.org","@graph":[{"@type":"WebPage","@id":"https:\/\/www.epsilon-pc.fr\/index.php\/produit\/logitech-m190-noir-sans-fil-910-005905\/","url":"https:\/\/www.epsilon-pc.fr\/index.php\/produit\/logitech-m190-noir-sans-fil-910-005905\/","name":"LOGITECH M190 - Epsilon PC","isPartOf":{"@id":"https:\/\/www.epsilon-pc.fr\/#website"},"primaryImageOfPage":{"@id":"https:\/\/www.epsilon-pc.fr\/index.php\/produit\/logitech-m190-noir-sans-fil-910-005905\/#primaryimage"},"image":{"@id":"https:\/\/www.epsilon-pc.fr\/index.php\/produit\/logitech-m190-noir-sans-fil-910-005905\/#primaryimage"},"thumbnailUrl":"https:\/\/www.epsilon-pc.fr\/wp-content\/uploads\/2026\/03\/logitech-m190-noir-sans-fil-910-005905.jpg","datePublished":"2026-03-21T08:33:01+00:00","dateModified":"2026-04-10T07:43:58+00:00","breadcrumb":{"@id":"https:\/\/www.epsilon-pc.fr\/index.php\/produit\/logitech-m190-noir-sans-fil-910-005905\/#breadcrumb"},"inLanguage":"fr-FR","potentialAction":[{"@type":"ReadAction","target":["https:\/\/www.epsilon-pc.fr\/index.php\/produit\/logitech-m190-noir-sans-fil-910-005905\/"]}]},{"@type":"ImageObject","inLanguage":"fr-FR","@id":"https:\/\/www.epsilon-pc.fr\/index.php\/produit\/logitech-m190-noir-sans-fil-910-005905\/#primaryimage","url":"https:\/\/www.epsilon-pc.fr\/wp-content\/uploads\/2026\/03\/logitech-m190-noir-sans-fil-910-005905.jpg","contentUrl":"https:\/\/www.epsilon-pc.fr\/wp-content\/uploads\/2026\/03\/logitech-m190-noir-sans-fil-910-005905.jpg","width":800,"height":800},{"@type":"BreadcrumbList","@id":"https:\/\/www.epsilon-pc.fr\/index.php\/produit\/logitech-m190-noir-sans-fil-910-005905\/#breadcrumb","itemListElement":[{"@type":"ListItem","position":1,"name":"Accueil","item":"https:\/\/www.epsilon-pc.fr\/"},{"@type":"ListItem","position":2,"name":"Boutique","item":"https:\/\/www.epsilon-pc.fr\/index.php\/boutique\/"},{"@type":"ListItem","position":3,"name":"LOGITECH M190"}]},{"@type":"WebSite","@id":"https:\/\/www.epsilon-pc.fr\/#website","url":"https:\/\/www.epsilon-pc.fr\/","name":"Epsilon PC","description":"","publisher":{"@id":"https:\/\/www.epsilon-pc.fr\/#organization"},"potentialAction":[{"@type":"SearchAction","target":{"@type":"EntryPoint","urlTemplate":"https:\/\/www.epsilon-pc.fr\/?s={search_term_string}"},"query-input":{"@type":"PropertyValueSpecification","valueRequired":true,"valueName":"search_term_string"}}],"inLanguage":"fr-FR"},{"@type":"Organization","@id":"https:\/\/www.epsilon-pc.fr\/#organization","name":"Epsilon PC","url":"https:\/\/www.epsilon-pc.fr\/","logo":{"@type":"ImageObject","inLanguage":"fr-FR","@id":"https:\/\/www.epsilon-pc.fr\/#\/schema\/logo\/image\/","url":"https:\/\/www.epsilon-pc.fr\/wp-content\/uploads\/2026\/02\/cropped-LogoEpsi-1.bmp","contentUrl":"https:\/\/www.epsilon-pc.fr\/wp-content\/uploads\/2026\/02\/cropped-LogoEpsi-1.bmp","width":191,"height":59,"caption":"Epsilon PC"},"image":{"@id":"https:\/\/www.epsilon-pc.fr\/#\/schema\/logo\/image\/"}}]}},"_links":{"self":[{"href":"https:\/\/www.epsilon-pc.fr\/index.php\/wp-json\/wp\/v2\/product\/10340","targetHints":{"allow":["GET"]}}],"collection":[{"href":"https:\/\/www.epsilon-pc.fr\/index.php\/wp-json\/wp\/v2\/product"}],"about":[{"href":"https:\/\/www.epsilon-pc.fr\/index.php\/wp-json\/wp\/v2\/types\/product"}],"wp:featuredmedia":[{"embeddable":true,"href":"https:\/\/www.epsilon-pc.fr\/index.php\/wp-json\/wp\/v2\/media\/10339"}],"wp:attachment":[{"href":"https:\/\/www.epsilon-pc.fr\/index.php\/wp-json\/wp\/v2\/media?parent=10340"}],"wp:term":[{"taxonomy":"product_brand","embeddable":true,"href":"https:\/\/www.epsilon-pc.fr\/index.php\/wp-json\/wp\/v2\/product_brand?post=10340"},{"taxonomy":"product_cat","embeddable":true,"href":"https:\/\/www.epsilon-pc.fr\/index.php\/wp-json\/wp\/v2\/product_cat?post=10340"},{"taxonomy":"product_tag","embeddable":true,"href":"https:\/\/www.epsilon-pc.fr\/index.php\/wp-json\/wp\/v2\/product_tag?post=10340"}],"curies":[{"name":"wp","href":"https:\/\/api.w.org\/{rel}","templated":true}]}}