{"id":10314,"date":"2026-03-21T09:32:29","date_gmt":"2026-03-21T08:32:29","guid":{"rendered":"https:\/\/www.epsilon-pc.fr\/index.php\/produit\/logitech-m185-sans-fil-usb-noir-gris\/"},"modified":"2026-03-24T11:02:33","modified_gmt":"2026-03-24T10:02:33","slug":"logitech-m185-sans-fil-usb-noir-gris","status":"publish","type":"product","link":"https:\/\/www.epsilon-pc.fr\/index.php\/produit\/logitech-m185-sans-fil-usb-noir-gris\/","title":{"rendered":"LOGITECH M185 SANS FIL USB NOIR \/GRIS"},"content":{"rendered":"<p>La souris sans fil Logitech M185 est pr\u00eate \u00e0 vous suivre partout. Une souris simple et pratique avec une connexion sans fil pr\u00eate \u00e0 l&#8217;emploi.<br \/>\nVous b\u00e9n\u00e9ficiez de la fiabilit\u00e9 d\u2019un c\u00e2ble sans renoncer \u00e0 la libert\u00e9 du sans fil. Avec une transmission rapide des donn\u00e9es et pratiquement aucun retard ni interruption.<br \/>\nLa souris M185 n\u2019a pas besoin de logiciel pour fonctionner et le nano-r\u00e9cepteur USB est suffisamment petit pour le laisser dans un port USB et ainsi vous \u00e9viter de l\u2019\u00e9garer.<br \/>\nL&rsquo;autonomie de la batterie d&rsquo;un an signifie \u00e9galement moins de tracas. Restez productif plus longtemps gr\u00e2ce \u00e0 sa forme profil\u00e9e confortable qui \u00e9pouse la courbe naturelle de votre main et convient aussi bien aux gauchers qu\u2019aux droitiers. Cette souris compacte sans fil rentre facilement avec votre ordinateur portable dans un sac, pour les transporter n\u2019importe o\u00f9.<\/p>\n<dl class=\"data-sheet\">\n<dt class=\"name\">Bande de fr\u00e9quence<\/dt>\n<dd class=\"value\">2.4 GHz<\/dd>\n<dt class=\"name\">Coloration de surface<\/dt>\n<dd class=\"value\">Monochromatique<\/dd>\n<dt class=\"name\">Couleur du produit<\/dt>\n<dd class=\"value\">Gris<\/dd>\n<dt class=\"name\">D\u00e9filement des directions<\/dt>\n<dd class=\"value\">verticale<\/dd>\n<dt class=\"name\">Format<\/dt>\n<dd class=\"value\">Ambidextre<\/dd>\n<dt class=\"name\">Interface de l&rsquo;appareil<\/dt>\n<dd class=\"value\">RF sans fil<\/dd>\n<dt class=\"name\">Interface de r\u00e9ception sans fil<\/dt>\n<dd class=\"value\">USB Type-A<\/dd>\n<dt class=\"name\">Nombre de batteries prises en charge<\/dt>\n<dd class=\"value\">1<\/dd>\n<dt class=\"name\">Nombre de roulettes de d\u00e9filement<\/dt>\n<dd class=\"value\">1<\/dd>\n<dt class=\"name\">Piles fournies<\/dt>\n<dd class=\"value\">Oui<\/dd>\n<dt class=\"name\">Plug and Play<\/dt>\n<dd class=\"value\">Oui<\/dd>\n<dt class=\"name\">Poids<\/dt>\n<dd class=\"value\">75,2 g<\/dd>\n<dd class=\"value\"><\/dd>\n<dt class=\"name\">Quantit\u00e9 de boutons programmables<\/dt>\n<dd class=\"value\">3<\/dd>\n<dt class=\"name\">R\u00e9cepteur inclus<\/dt>\n<dd class=\"value\">Oui<\/dd>\n<dt class=\"name\">R\u00e9solution en mouvement<\/dt>\n<dd class=\"value\">1000 DPI<\/dd>\n<dt class=\"name\">Source d&rsquo;alimentation<\/dt>\n<dd class=\"value\">Piles<\/dd>\n<dt class=\"name\">Technologie batterie<\/dt>\n<dd class=\"value\">Alcaline<\/dd>\n<dt class=\"name\">Technologie de d\u00e9tecteur de mouvement<\/dt>\n<dd class=\"value\">Optique<\/dd>\n<dt class=\"name\">Type Scroll<\/dt>\n<dd class=\"value\">Roue<\/dd>\n<dt class=\"name\">Type de batterie<\/dt>\n<dd class=\"value\">AA<\/dd>\n<dt class=\"name\">Type de boutons<\/dt>\n<dd class=\"value\">Boutons poussoirs<\/dd>\n<dt class=\"name\">Type de r\u00e9cepteur<\/dt>\n<dd class=\"value\">R\u00e9cepteur nano<\/dd>\n<dt class=\"name\">Utilit\u00e9<\/dt>\n<dd class=\"value\">Bureau<\/dd>\n<dt class=\"name\">Capacit\u00e9 de la batterie<\/dt>\n<dd class=\"value\">2000 mAh<\/dd>\n<dt class=\"name\">Capacit\u00e9 de puissance USB<\/dt>\n<dd class=\"value\">Non<\/dd>\n<dt class=\"name\">Dur\u00e9e de vie de la batterie<\/dt>\n<dd class=\"value\">12 mois<\/dd>\n<dt class=\"name\">Port de charge USB de type C<\/dt>\n<dd class=\"value\">Non<\/dd>\n<\/dl>\n<div class=\"container reasonstobuy\"><\/div>\n<div class=\"container reasonstobuy\">\n<div class=\"row\">\n<div class=\"col-md-12\">\n<p class=\"col-md-6\">\n<\/div>\n<\/div>\n<\/div>\n","protected":false},"excerpt":{"rendered":"<p><strong>\u2699\ufe0f Logitech : Le ma\u00eetre incontest\u00e9 des p\u00e9riph\u00e9riques<\/strong><\/p>\n<p>De la bureautique avanc\u00e9e \u00e0 l&rsquo;esport de haut niveau, Logitech propose des claviers, souris et casques d&rsquo;une pr\u00e9cision et d&rsquo;une fiabilit\u00e9 redoutables.<\/p>\n<ul>\n<li><strong>\ud83c\udfae Gamme G &amp; PRO :<\/strong> D\u00e9velopp\u00e9e avec les joueurs professionnels pour une latence z\u00e9ro (technologie Lightspeed) et des capteurs HERO in\u00e9gal\u00e9s.<\/li>\n<li><strong>\ud83d\udcbc Gamme MX :<\/strong> Le summum du confort, de l&rsquo;ergonomie et de la productivit\u00e9 pour les cr\u00e9ateurs et le t\u00e9l\u00e9travail.<\/li>\n<\/ul>\n","protected":false},"featured_media":10313,"template":"","meta":{"ocean_post_layout":"","ocean_both_sidebars_style":"","ocean_both_sidebars_content_width":0,"ocean_both_sidebars_sidebars_width":0,"ocean_sidebar":"0","ocean_second_sidebar":"0","ocean_disable_margins":"enable","ocean_add_body_class":"","ocean_shortcode_before_top_bar":"","ocean_shortcode_after_top_bar":"","ocean_shortcode_before_header":"","ocean_shortcode_after_header":"","ocean_has_shortcode":"","ocean_shortcode_after_title":"","ocean_shortcode_before_footer_widgets":"","ocean_shortcode_after_footer_widgets":"","ocean_shortcode_before_footer_bottom":"","ocean_shortcode_after_footer_bottom":"","ocean_display_top_bar":"default","ocean_display_header":"default","ocean_header_style":"","ocean_center_header_left_menu":"0","ocean_custom_header_template":"0","ocean_custom_logo":0,"ocean_custom_retina_logo":0,"ocean_custom_logo_max_width":0,"ocean_custom_logo_tablet_max_width":0,"ocean_custom_logo_mobile_max_width":0,"ocean_custom_logo_max_height":0,"ocean_custom_logo_tablet_max_height":0,"ocean_custom_logo_mobile_max_height":0,"ocean_header_custom_menu":"0","ocean_menu_typo_font_family":"0","ocean_menu_typo_font_subset":"","ocean_menu_typo_font_size":0,"ocean_menu_typo_font_size_tablet":0,"ocean_menu_typo_font_size_mobile":0,"ocean_menu_typo_font_size_unit":"px","ocean_menu_typo_font_weight":"","ocean_menu_typo_font_weight_tablet":"","ocean_menu_typo_font_weight_mobile":"","ocean_menu_typo_transform":"","ocean_menu_typo_transform_tablet":"","ocean_menu_typo_transform_mobile":"","ocean_menu_typo_line_height":0,"ocean_menu_typo_line_height_tablet":0,"ocean_menu_typo_line_height_mobile":0,"ocean_menu_typo_line_height_unit":"","ocean_menu_typo_spacing":0,"ocean_menu_typo_spacing_tablet":0,"ocean_menu_typo_spacing_mobile":0,"ocean_menu_typo_spacing_unit":"","ocean_menu_link_color":"","ocean_menu_link_color_hover":"","ocean_menu_link_color_active":"","ocean_menu_link_background":"","ocean_menu_link_hover_background":"","ocean_menu_link_active_background":"","ocean_menu_social_links_bg":"","ocean_menu_social_hover_links_bg":"","ocean_menu_social_links_color":"","ocean_menu_social_hover_links_color":"","ocean_disable_title":"default","ocean_disable_heading":"default","ocean_post_title":"","ocean_post_subheading":"","ocean_post_title_style":"","ocean_post_title_background_color":"","ocean_post_title_background":0,"ocean_post_title_bg_image_position":"","ocean_post_title_bg_image_attachment":"","ocean_post_title_bg_image_repeat":"","ocean_post_title_bg_image_size":"","ocean_post_title_height":0,"ocean_post_title_bg_overlay":0.5,"ocean_post_title_bg_overlay_color":"","ocean_disable_breadcrumbs":"default","ocean_breadcrumbs_color":"","ocean_breadcrumbs_separator_color":"","ocean_breadcrumbs_links_color":"","ocean_breadcrumbs_links_hover_color":"","ocean_display_footer_widgets":"default","ocean_display_footer_bottom":"default","ocean_custom_footer_template":"0"},"product_brand":[72],"product_cat":[50],"product_tag":[],"class_list":{"0":"post-10314","1":"product","2":"type-product","3":"status-publish","4":"has-post-thumbnail","6":"product_brand-logitech","7":"product_cat-souris","9":"entry","10":"has-media","12":"first","13":"instock","14":"taxable","15":"shipping-taxable","16":"purchasable","17":"product-type-simple","18":"has-product-nav","19":"col","20":"span_1_of_4","21":"owp-content-center","22":"owp-thumbs-layout-horizontal","23":"owp-btn-big","24":"owp-tabs-layout-horizontal","25":"has-no-thumbnails"},"yoast_head":"<!-- This site is optimized with the Yoast SEO plugin v27.3 - https:\/\/yoast.com\/product\/yoast-seo-wordpress\/ -->\n<title>LOGITECH M185 SANS FIL USB NOIR \/GRIS - Epsilon PC<\/title>\n<meta name=\"robots\" content=\"index, follow, max-snippet:-1, max-image-preview:large, max-video-preview:-1\" \/>\n<link rel=\"canonical\" href=\"https:\/\/www.epsilon-pc.fr\/index.php\/produit\/logitech-m185-sans-fil-usb-noir-gris\/\" \/>\n<meta property=\"og:locale\" content=\"fr_FR\" \/>\n<meta property=\"og:type\" content=\"article\" \/>\n<meta property=\"og:title\" content=\"LOGITECH M185 SANS FIL USB NOIR \/GRIS - Epsilon PC\" \/>\n<meta property=\"og:description\" content=\"\u2699\ufe0f Logitech : Le ma\u00eetre incontest\u00e9 des p\u00e9riph\u00e9riques  De la bureautique avanc\u00e9e \u00e0 l&#039;esport de haut niveau, Logitech propose des claviers, souris et casques d&#039;une pr\u00e9cision et d&#039;une fiabilit\u00e9 redoutables.   \ud83c\udfae Gamme G &amp; PRO : D\u00e9velopp\u00e9e avec les joueurs professionnels pour une latence z\u00e9ro (technologie Lightspeed) et des capteurs HERO in\u00e9gal\u00e9s.  \ud83d\udcbc Gamme MX : Le summum du confort, de l&#039;ergonomie et de la productivit\u00e9 pour les cr\u00e9ateurs et le t\u00e9l\u00e9travail.\" \/>\n<meta property=\"og:url\" content=\"https:\/\/www.epsilon-pc.fr\/index.php\/produit\/logitech-m185-sans-fil-usb-noir-gris\/\" \/>\n<meta property=\"og:site_name\" content=\"Epsilon PC\" \/>\n<meta property=\"article:modified_time\" content=\"2026-03-24T10:02:33+00:00\" \/>\n<meta property=\"og:image\" content=\"http:\/\/www.epsilon-pc.fr\/wp-content\/uploads\/2026\/03\/logitech-m185-sans-fil-usb-noir-gris-retail.jpg\" \/>\n\t<meta property=\"og:image:width\" content=\"800\" \/>\n\t<meta property=\"og:image:height\" content=\"800\" \/>\n\t<meta property=\"og:image:type\" content=\"image\/jpeg\" \/>\n<meta name=\"twitter:card\" content=\"summary_large_image\" \/>\n<meta name=\"twitter:label1\" content=\"Dur\u00e9e de lecture estim\u00e9e\" \/>\n\t<meta name=\"twitter:data1\" content=\"2 minutes\" \/>\n<script type=\"application\/ld+json\" class=\"yoast-schema-graph\">{\"@context\":\"https:\\\/\\\/schema.org\",\"@graph\":[{\"@type\":\"WebPage\",\"@id\":\"https:\\\/\\\/www.epsilon-pc.fr\\\/index.php\\\/produit\\\/logitech-m185-sans-fil-usb-noir-gris\\\/\",\"url\":\"https:\\\/\\\/www.epsilon-pc.fr\\\/index.php\\\/produit\\\/logitech-m185-sans-fil-usb-noir-gris\\\/\",\"name\":\"LOGITECH M185 SANS FIL USB NOIR \\\/GRIS - Epsilon PC\",\"isPartOf\":{\"@id\":\"https:\\\/\\\/www.epsilon-pc.fr\\\/#website\"},\"primaryImageOfPage\":{\"@id\":\"https:\\\/\\\/www.epsilon-pc.fr\\\/index.php\\\/produit\\\/logitech-m185-sans-fil-usb-noir-gris\\\/#primaryimage\"},\"image\":{\"@id\":\"https:\\\/\\\/www.epsilon-pc.fr\\\/index.php\\\/produit\\\/logitech-m185-sans-fil-usb-noir-gris\\\/#primaryimage\"},\"thumbnailUrl\":\"https:\\\/\\\/www.epsilon-pc.fr\\\/wp-content\\\/uploads\\\/2026\\\/03\\\/logitech-m185-sans-fil-usb-noir-gris-retail.jpg\",\"datePublished\":\"2026-03-21T08:32:29+00:00\",\"dateModified\":\"2026-03-24T10:02:33+00:00\",\"breadcrumb\":{\"@id\":\"https:\\\/\\\/www.epsilon-pc.fr\\\/index.php\\\/produit\\\/logitech-m185-sans-fil-usb-noir-gris\\\/#breadcrumb\"},\"inLanguage\":\"fr-FR\",\"potentialAction\":[{\"@type\":\"ReadAction\",\"target\":[\"https:\\\/\\\/www.epsilon-pc.fr\\\/index.php\\\/produit\\\/logitech-m185-sans-fil-usb-noir-gris\\\/\"]}]},{\"@type\":\"ImageObject\",\"inLanguage\":\"fr-FR\",\"@id\":\"https:\\\/\\\/www.epsilon-pc.fr\\\/index.php\\\/produit\\\/logitech-m185-sans-fil-usb-noir-gris\\\/#primaryimage\",\"url\":\"https:\\\/\\\/www.epsilon-pc.fr\\\/wp-content\\\/uploads\\\/2026\\\/03\\\/logitech-m185-sans-fil-usb-noir-gris-retail.jpg\",\"contentUrl\":\"https:\\\/\\\/www.epsilon-pc.fr\\\/wp-content\\\/uploads\\\/2026\\\/03\\\/logitech-m185-sans-fil-usb-noir-gris-retail.jpg\",\"width\":800,\"height\":800},{\"@type\":\"BreadcrumbList\",\"@id\":\"https:\\\/\\\/www.epsilon-pc.fr\\\/index.php\\\/produit\\\/logitech-m185-sans-fil-usb-noir-gris\\\/#breadcrumb\",\"itemListElement\":[{\"@type\":\"ListItem\",\"position\":1,\"name\":\"Accueil\",\"item\":\"https:\\\/\\\/www.epsilon-pc.fr\\\/\"},{\"@type\":\"ListItem\",\"position\":2,\"name\":\"Boutique\",\"item\":\"https:\\\/\\\/www.epsilon-pc.fr\\\/index.php\\\/boutique\\\/\"},{\"@type\":\"ListItem\",\"position\":3,\"name\":\"LOGITECH M185 SANS FIL USB NOIR \\\/GRIS\"}]},{\"@type\":\"WebSite\",\"@id\":\"https:\\\/\\\/www.epsilon-pc.fr\\\/#website\",\"url\":\"https:\\\/\\\/www.epsilon-pc.fr\\\/\",\"name\":\"Epsilon PC\",\"description\":\"\",\"publisher\":{\"@id\":\"https:\\\/\\\/www.epsilon-pc.fr\\\/#organization\"},\"potentialAction\":[{\"@type\":\"SearchAction\",\"target\":{\"@type\":\"EntryPoint\",\"urlTemplate\":\"https:\\\/\\\/www.epsilon-pc.fr\\\/?s={search_term_string}\"},\"query-input\":{\"@type\":\"PropertyValueSpecification\",\"valueRequired\":true,\"valueName\":\"search_term_string\"}}],\"inLanguage\":\"fr-FR\"},{\"@type\":\"Organization\",\"@id\":\"https:\\\/\\\/www.epsilon-pc.fr\\\/#organization\",\"name\":\"Epsilon PC\",\"url\":\"https:\\\/\\\/www.epsilon-pc.fr\\\/\",\"logo\":{\"@type\":\"ImageObject\",\"inLanguage\":\"fr-FR\",\"@id\":\"https:\\\/\\\/www.epsilon-pc.fr\\\/#\\\/schema\\\/logo\\\/image\\\/\",\"url\":\"https:\\\/\\\/www.epsilon-pc.fr\\\/wp-content\\\/uploads\\\/2026\\\/02\\\/cropped-LogoEpsi-1.bmp\",\"contentUrl\":\"https:\\\/\\\/www.epsilon-pc.fr\\\/wp-content\\\/uploads\\\/2026\\\/02\\\/cropped-LogoEpsi-1.bmp\",\"width\":191,\"height\":59,\"caption\":\"Epsilon PC\"},\"image\":{\"@id\":\"https:\\\/\\\/www.epsilon-pc.fr\\\/#\\\/schema\\\/logo\\\/image\\\/\"}}]}<\/script>\n<!-- \/ Yoast SEO plugin. -->","yoast_head_json":{"title":"LOGITECH M185 SANS FIL USB NOIR \/GRIS - Epsilon PC","robots":{"index":"index","follow":"follow","max-snippet":"max-snippet:-1","max-image-preview":"max-image-preview:large","max-video-preview":"max-video-preview:-1"},"canonical":"https:\/\/www.epsilon-pc.fr\/index.php\/produit\/logitech-m185-sans-fil-usb-noir-gris\/","og_locale":"fr_FR","og_type":"article","og_title":"LOGITECH M185 SANS FIL USB NOIR \/GRIS - Epsilon PC","og_description":"\u2699\ufe0f Logitech : Le ma\u00eetre incontest\u00e9 des p\u00e9riph\u00e9riques  De la bureautique avanc\u00e9e \u00e0 l'esport de haut niveau, Logitech propose des claviers, souris et casques d'une pr\u00e9cision et d'une fiabilit\u00e9 redoutables.   \ud83c\udfae Gamme G &amp; PRO : D\u00e9velopp\u00e9e avec les joueurs professionnels pour une latence z\u00e9ro (technologie Lightspeed) et des capteurs HERO in\u00e9gal\u00e9s.  \ud83d\udcbc Gamme MX : Le summum du confort, de l'ergonomie et de la productivit\u00e9 pour les cr\u00e9ateurs et le t\u00e9l\u00e9travail.","og_url":"https:\/\/www.epsilon-pc.fr\/index.php\/produit\/logitech-m185-sans-fil-usb-noir-gris\/","og_site_name":"Epsilon PC","article_modified_time":"2026-03-24T10:02:33+00:00","og_image":[{"width":800,"height":800,"url":"http:\/\/www.epsilon-pc.fr\/wp-content\/uploads\/2026\/03\/logitech-m185-sans-fil-usb-noir-gris-retail.jpg","type":"image\/jpeg"}],"twitter_card":"summary_large_image","twitter_misc":{"Dur\u00e9e de lecture estim\u00e9e":"2 minutes"},"schema":{"@context":"https:\/\/schema.org","@graph":[{"@type":"WebPage","@id":"https:\/\/www.epsilon-pc.fr\/index.php\/produit\/logitech-m185-sans-fil-usb-noir-gris\/","url":"https:\/\/www.epsilon-pc.fr\/index.php\/produit\/logitech-m185-sans-fil-usb-noir-gris\/","name":"LOGITECH M185 SANS FIL USB NOIR \/GRIS - Epsilon PC","isPartOf":{"@id":"https:\/\/www.epsilon-pc.fr\/#website"},"primaryImageOfPage":{"@id":"https:\/\/www.epsilon-pc.fr\/index.php\/produit\/logitech-m185-sans-fil-usb-noir-gris\/#primaryimage"},"image":{"@id":"https:\/\/www.epsilon-pc.fr\/index.php\/produit\/logitech-m185-sans-fil-usb-noir-gris\/#primaryimage"},"thumbnailUrl":"https:\/\/www.epsilon-pc.fr\/wp-content\/uploads\/2026\/03\/logitech-m185-sans-fil-usb-noir-gris-retail.jpg","datePublished":"2026-03-21T08:32:29+00:00","dateModified":"2026-03-24T10:02:33+00:00","breadcrumb":{"@id":"https:\/\/www.epsilon-pc.fr\/index.php\/produit\/logitech-m185-sans-fil-usb-noir-gris\/#breadcrumb"},"inLanguage":"fr-FR","potentialAction":[{"@type":"ReadAction","target":["https:\/\/www.epsilon-pc.fr\/index.php\/produit\/logitech-m185-sans-fil-usb-noir-gris\/"]}]},{"@type":"ImageObject","inLanguage":"fr-FR","@id":"https:\/\/www.epsilon-pc.fr\/index.php\/produit\/logitech-m185-sans-fil-usb-noir-gris\/#primaryimage","url":"https:\/\/www.epsilon-pc.fr\/wp-content\/uploads\/2026\/03\/logitech-m185-sans-fil-usb-noir-gris-retail.jpg","contentUrl":"https:\/\/www.epsilon-pc.fr\/wp-content\/uploads\/2026\/03\/logitech-m185-sans-fil-usb-noir-gris-retail.jpg","width":800,"height":800},{"@type":"BreadcrumbList","@id":"https:\/\/www.epsilon-pc.fr\/index.php\/produit\/logitech-m185-sans-fil-usb-noir-gris\/#breadcrumb","itemListElement":[{"@type":"ListItem","position":1,"name":"Accueil","item":"https:\/\/www.epsilon-pc.fr\/"},{"@type":"ListItem","position":2,"name":"Boutique","item":"https:\/\/www.epsilon-pc.fr\/index.php\/boutique\/"},{"@type":"ListItem","position":3,"name":"LOGITECH M185 SANS FIL USB NOIR \/GRIS"}]},{"@type":"WebSite","@id":"https:\/\/www.epsilon-pc.fr\/#website","url":"https:\/\/www.epsilon-pc.fr\/","name":"Epsilon PC","description":"","publisher":{"@id":"https:\/\/www.epsilon-pc.fr\/#organization"},"potentialAction":[{"@type":"SearchAction","target":{"@type":"EntryPoint","urlTemplate":"https:\/\/www.epsilon-pc.fr\/?s={search_term_string}"},"query-input":{"@type":"PropertyValueSpecification","valueRequired":true,"valueName":"search_term_string"}}],"inLanguage":"fr-FR"},{"@type":"Organization","@id":"https:\/\/www.epsilon-pc.fr\/#organization","name":"Epsilon PC","url":"https:\/\/www.epsilon-pc.fr\/","logo":{"@type":"ImageObject","inLanguage":"fr-FR","@id":"https:\/\/www.epsilon-pc.fr\/#\/schema\/logo\/image\/","url":"https:\/\/www.epsilon-pc.fr\/wp-content\/uploads\/2026\/02\/cropped-LogoEpsi-1.bmp","contentUrl":"https:\/\/www.epsilon-pc.fr\/wp-content\/uploads\/2026\/02\/cropped-LogoEpsi-1.bmp","width":191,"height":59,"caption":"Epsilon PC"},"image":{"@id":"https:\/\/www.epsilon-pc.fr\/#\/schema\/logo\/image\/"}}]}},"_links":{"self":[{"href":"https:\/\/www.epsilon-pc.fr\/index.php\/wp-json\/wp\/v2\/product\/10314","targetHints":{"allow":["GET"]}}],"collection":[{"href":"https:\/\/www.epsilon-pc.fr\/index.php\/wp-json\/wp\/v2\/product"}],"about":[{"href":"https:\/\/www.epsilon-pc.fr\/index.php\/wp-json\/wp\/v2\/types\/product"}],"wp:featuredmedia":[{"embeddable":true,"href":"https:\/\/www.epsilon-pc.fr\/index.php\/wp-json\/wp\/v2\/media\/10313"}],"wp:attachment":[{"href":"https:\/\/www.epsilon-pc.fr\/index.php\/wp-json\/wp\/v2\/media?parent=10314"}],"wp:term":[{"taxonomy":"product_brand","embeddable":true,"href":"https:\/\/www.epsilon-pc.fr\/index.php\/wp-json\/wp\/v2\/product_brand?post=10314"},{"taxonomy":"product_cat","embeddable":true,"href":"https:\/\/www.epsilon-pc.fr\/index.php\/wp-json\/wp\/v2\/product_cat?post=10314"},{"taxonomy":"product_tag","embeddable":true,"href":"https:\/\/www.epsilon-pc.fr\/index.php\/wp-json\/wp\/v2\/product_tag?post=10314"}],"curies":[{"name":"wp","href":"https:\/\/api.w.org\/{rel}","templated":true}]}}