{"id":10300,"date":"2026-03-21T09:32:09","date_gmt":"2026-03-21T08:32:09","guid":{"rendered":"https:\/\/www.epsilon-pc.fr\/index.php\/produit\/asus-rog-strix-carry-o\/"},"modified":"2026-04-02T10:09:02","modified_gmt":"2026-04-02T08:09:02","slug":"asus-rog-strix-carry-o","status":"publish","type":"product","link":"https:\/\/www.epsilon-pc.fr\/index.php\/produit\/asus-rog-strix-carry-o\/","title":{"rendered":"ASUS ROG STRIX CARRY"},"content":{"rendered":"<dl class=\"data-sheet\">\n<dt class=\"name\">Bande de fr\u00e9quence<\/dt>\n<dd class=\"value\">2.4 GHz<\/dd>\n<dt class=\"name\">Code du syst\u00e8me harmonis\u00e9<\/dt>\n<dd class=\"value\">84716070<\/dd>\n<dt class=\"name\">Coloration de surface<\/dt>\n<dd class=\"value\">Monochromatique<\/dd>\n<dt class=\"name\">Couleur du produit<\/dt>\n<dd class=\"value\">Noir<\/dd>\n<dt class=\"name\">D\u00e9filement des directions<\/dt>\n<dd class=\"value\">verticale<\/dd>\n<dt class=\"name\">Format<\/dt>\n<dd class=\"value\">Droitier<\/dd>\n<dt class=\"name\">Hauteur<\/dt>\n<dd class=\"value\">36 mm<\/dd>\n<dt class=\"name\">Interface de l&rsquo;appareil<\/dt>\n<dd class=\"value\">RF sans fil + Bluetooth<\/dd>\n<dt class=\"name\">Interface de r\u00e9ception sans fil<\/dt>\n<dd class=\"value\">USB Type-A<\/dd>\n<dt class=\"name\">Largeur<\/dt>\n<dd class=\"value\">62 mm<\/dd>\n<dt class=\"name\">Nombre de batteries prises en charge<\/dt>\n<dd class=\"value\">2<\/dd>\n<dt class=\"name\">Nombre de roulettes de d\u00e9filement<\/dt>\n<dd class=\"value\">1<\/dd>\n<dt class=\"name\">Piles fournies<\/dt>\n<dd class=\"value\">Oui<\/dd>\n<dt class=\"name\">Poids<\/dt>\n<dd class=\"value\">72,9 g<\/dd>\n<dt class=\"name\">Prise en charge du syst\u00e8me d&rsquo;exploitation Windows<\/dt>\n<dd class=\"value\">Windows 10, Windows 10 Education, Windows 10 Education x64, Windows 10 Enterprise, Windows 10 Enterprise x64, Windows 10 Home, Windows 10 Home x64, Windows 10 IOT Core, Windows 10 Pro, Windows 10 Pro x64, Windows 10 x64<\/dd>\n<dt class=\"name\">Profondeur<\/dt>\n<dd class=\"value\">101 mm<\/dd>\n<dt class=\"name\">Quantit\u00e9<\/dt>\n<dd class=\"value\">1 pi\u00e8ce(s)<\/dd>\n<dt class=\"name\">Quantit\u00e9 de boutons programmables<\/dt>\n<dd class=\"value\">5<\/dd>\n<dt class=\"name\">R\u00e9cepteur inclus<\/dt>\n<dd class=\"value\">Oui<\/dd>\n<dt class=\"name\">R\u00e9solution en mouvement<\/dt>\n<dd class=\"value\">7200 DPI<\/dd>\n<dt class=\"name\">Source d&rsquo;alimentation<\/dt>\n<dd class=\"value\">Piles<\/dd>\n<dt class=\"name\">Technologie batterie<\/dt>\n<dd class=\"value\">Alcaline<\/dd>\n<dt class=\"name\">Technologie de d\u00e9tecteur de mouvement<\/dt>\n<dd class=\"value\">Optique<\/dd>\n<dt class=\"name\">Type Scroll<\/dt>\n<dd class=\"value\">Boutons<\/dd>\n<dt class=\"name\">Type de batterie<\/dt>\n<dd class=\"value\">AA<\/dd>\n<dt class=\"name\">Type de boutons<\/dt>\n<dd class=\"value\">Boutons poussoirs<\/dd>\n<dt class=\"name\">Utilit\u00e9<\/dt>\n<dd class=\"value\">Gaming<\/dd>\n<dt class=\"name\">Mod\u00e8le du Bluetooth<\/dt>\n<dd class=\"value\">5.0<\/dd>\n<dt class=\"name\">Capacit\u00e9 de puissance USB<\/dt>\n<dd class=\"value\">Non<\/dd>\n<dt class=\"name\">Adaptateur secteur fourni<\/dt>\n<dd class=\"value\">Non<\/dd>\n<dt class=\"name\">Bluetooth Low Energy (BLE)<\/dt>\n<dd class=\"value\">Oui<\/dd>\n<dt class=\"name\">Rechargeable<\/dt>\n<dd class=\"value\">Non<\/dd>\n<dt class=\"name\">R\u00e9solution de mouvement personnalisable<\/dt>\n<dd class=\"value\">Oui<\/dd>\n<dt class=\"name\">\u00c9tui<\/dt>\n<dd class=\"value\">Oui<\/dd>\n<dt class=\"name\">Taux de transfert ajustable<\/dt>\n<dd class=\"value\">Oui<\/dd>\n<dt class=\"name\">Port de charge USB de type C<\/dt>\n<dd class=\"value\">Non<\/dd>\n<\/dl>\n","protected":false},"excerpt":{"rendered":"<p><strong>\ud83e\udd85 ASUS ROG &amp; TUF : Armez-vous pour la victoire<\/strong><\/p>\n<p>L&rsquo;\u00e9cosyst\u00e8me ASUS s&rsquo;\u00e9tend jusqu&rsquo;au bout de vos doigts avec des p\u00e9riph\u00e9riques ROG ultra-personnalisables et des mod\u00e8les TUF con\u00e7us pour r\u00e9sister \u00e0 la rage de vaincre des joueurs les plus acharn\u00e9s.<\/p>\n","protected":false},"featured_media":10299,"template":"","meta":{"ocean_post_layout":"","ocean_both_sidebars_style":"","ocean_both_sidebars_content_width":0,"ocean_both_sidebars_sidebars_width":0,"ocean_sidebar":"0","ocean_second_sidebar":"0","ocean_disable_margins":"enable","ocean_add_body_class":"","ocean_shortcode_before_top_bar":"","ocean_shortcode_after_top_bar":"","ocean_shortcode_before_header":"","ocean_shortcode_after_header":"","ocean_has_shortcode":"","ocean_shortcode_after_title":"","ocean_shortcode_before_footer_widgets":"","ocean_shortcode_after_footer_widgets":"","ocean_shortcode_before_footer_bottom":"","ocean_shortcode_after_footer_bottom":"","ocean_display_top_bar":"default","ocean_display_header":"default","ocean_header_style":"","ocean_center_header_left_menu":"0","ocean_custom_header_template":"0","ocean_custom_logo":0,"ocean_custom_retina_logo":0,"ocean_custom_logo_max_width":0,"ocean_custom_logo_tablet_max_width":0,"ocean_custom_logo_mobile_max_width":0,"ocean_custom_logo_max_height":0,"ocean_custom_logo_tablet_max_height":0,"ocean_custom_logo_mobile_max_height":0,"ocean_header_custom_menu":"0","ocean_menu_typo_font_family":"0","ocean_menu_typo_font_subset":"","ocean_menu_typo_font_size":0,"ocean_menu_typo_font_size_tablet":0,"ocean_menu_typo_font_size_mobile":0,"ocean_menu_typo_font_size_unit":"px","ocean_menu_typo_font_weight":"","ocean_menu_typo_font_weight_tablet":"","ocean_menu_typo_font_weight_mobile":"","ocean_menu_typo_transform":"","ocean_menu_typo_transform_tablet":"","ocean_menu_typo_transform_mobile":"","ocean_menu_typo_line_height":0,"ocean_menu_typo_line_height_tablet":0,"ocean_menu_typo_line_height_mobile":0,"ocean_menu_typo_line_height_unit":"","ocean_menu_typo_spacing":0,"ocean_menu_typo_spacing_tablet":0,"ocean_menu_typo_spacing_mobile":0,"ocean_menu_typo_spacing_unit":"","ocean_menu_link_color":"","ocean_menu_link_color_hover":"","ocean_menu_link_color_active":"","ocean_menu_link_background":"","ocean_menu_link_hover_background":"","ocean_menu_link_active_background":"","ocean_menu_social_links_bg":"","ocean_menu_social_hover_links_bg":"","ocean_menu_social_links_color":"","ocean_menu_social_hover_links_color":"","ocean_disable_title":"default","ocean_disable_heading":"default","ocean_post_title":"","ocean_post_subheading":"","ocean_post_title_style":"","ocean_post_title_background_color":"","ocean_post_title_background":0,"ocean_post_title_bg_image_position":"","ocean_post_title_bg_image_attachment":"","ocean_post_title_bg_image_repeat":"","ocean_post_title_bg_image_size":"","ocean_post_title_height":0,"ocean_post_title_bg_overlay":0.5,"ocean_post_title_bg_overlay_color":"","ocean_disable_breadcrumbs":"default","ocean_breadcrumbs_color":"","ocean_breadcrumbs_separator_color":"","ocean_breadcrumbs_links_color":"","ocean_breadcrumbs_links_hover_color":"","ocean_display_footer_widgets":"default","ocean_display_footer_bottom":"default","ocean_custom_footer_template":"0"},"product_brand":[27],"product_cat":[50],"product_tag":[],"class_list":{"0":"post-10300","1":"product","2":"type-product","3":"status-publish","4":"has-post-thumbnail","6":"product_brand-asus","7":"product_cat-souris","9":"entry","10":"has-media","12":"first","13":"instock","14":"taxable","15":"shipping-taxable","16":"purchasable","17":"product-type-simple","18":"has-product-nav","19":"col","20":"span_1_of_4","21":"owp-content-center","22":"owp-thumbs-layout-horizontal","23":"owp-btn-big","24":"owp-tabs-layout-horizontal","25":"has-no-thumbnails"},"yoast_head":"<!-- This site is optimized with the Yoast SEO plugin v27.3 - https:\/\/yoast.com\/product\/yoast-seo-wordpress\/ -->\n<title>ASUS ROG STRIX CARRY - Epsilon PC<\/title>\n<meta name=\"robots\" content=\"index, follow, max-snippet:-1, max-image-preview:large, max-video-preview:-1\" \/>\n<link rel=\"canonical\" href=\"https:\/\/www.epsilon-pc.fr\/index.php\/produit\/asus-rog-strix-carry-o\/\" \/>\n<meta property=\"og:locale\" content=\"fr_FR\" \/>\n<meta property=\"og:type\" content=\"article\" \/>\n<meta property=\"og:title\" content=\"ASUS ROG STRIX CARRY - Epsilon PC\" \/>\n<meta property=\"og:description\" content=\"\ud83e\udd85 ASUS ROG &amp; TUF : Armez-vous pour la victoire  L&#039;\u00e9cosyst\u00e8me ASUS s&#039;\u00e9tend jusqu&#039;au bout de vos doigts avec des p\u00e9riph\u00e9riques ROG ultra-personnalisables et des mod\u00e8les TUF con\u00e7us pour r\u00e9sister \u00e0 la rage de vaincre des joueurs les plus acharn\u00e9s.\" \/>\n<meta property=\"og:url\" content=\"https:\/\/www.epsilon-pc.fr\/index.php\/produit\/asus-rog-strix-carry-o\/\" \/>\n<meta property=\"og:site_name\" content=\"Epsilon PC\" \/>\n<meta property=\"article:modified_time\" content=\"2026-04-02T08:09:02+00:00\" \/>\n<meta property=\"og:image\" content=\"http:\/\/www.epsilon-pc.fr\/wp-content\/uploads\/2026\/03\/mou-asu-r-str-carr.jpg\" \/>\n\t<meta property=\"og:image:width\" content=\"800\" \/>\n\t<meta property=\"og:image:height\" content=\"800\" \/>\n\t<meta property=\"og:image:type\" content=\"image\/jpeg\" \/>\n<meta name=\"twitter:card\" content=\"summary_large_image\" \/>\n<meta name=\"twitter:label1\" content=\"Dur\u00e9e de lecture estim\u00e9e\" \/>\n\t<meta name=\"twitter:data1\" content=\"2 minutes\" \/>\n<script type=\"application\/ld+json\" class=\"yoast-schema-graph\">{\"@context\":\"https:\\\/\\\/schema.org\",\"@graph\":[{\"@type\":\"WebPage\",\"@id\":\"https:\\\/\\\/www.epsilon-pc.fr\\\/index.php\\\/produit\\\/asus-rog-strix-carry-o\\\/\",\"url\":\"https:\\\/\\\/www.epsilon-pc.fr\\\/index.php\\\/produit\\\/asus-rog-strix-carry-o\\\/\",\"name\":\"ASUS ROG STRIX CARRY - Epsilon PC\",\"isPartOf\":{\"@id\":\"https:\\\/\\\/www.epsilon-pc.fr\\\/#website\"},\"primaryImageOfPage\":{\"@id\":\"https:\\\/\\\/www.epsilon-pc.fr\\\/index.php\\\/produit\\\/asus-rog-strix-carry-o\\\/#primaryimage\"},\"image\":{\"@id\":\"https:\\\/\\\/www.epsilon-pc.fr\\\/index.php\\\/produit\\\/asus-rog-strix-carry-o\\\/#primaryimage\"},\"thumbnailUrl\":\"https:\\\/\\\/www.epsilon-pc.fr\\\/wp-content\\\/uploads\\\/2026\\\/03\\\/mou-asu-r-str-carr.jpg\",\"datePublished\":\"2026-03-21T08:32:09+00:00\",\"dateModified\":\"2026-04-02T08:09:02+00:00\",\"breadcrumb\":{\"@id\":\"https:\\\/\\\/www.epsilon-pc.fr\\\/index.php\\\/produit\\\/asus-rog-strix-carry-o\\\/#breadcrumb\"},\"inLanguage\":\"fr-FR\",\"potentialAction\":[{\"@type\":\"ReadAction\",\"target\":[\"https:\\\/\\\/www.epsilon-pc.fr\\\/index.php\\\/produit\\\/asus-rog-strix-carry-o\\\/\"]}]},{\"@type\":\"ImageObject\",\"inLanguage\":\"fr-FR\",\"@id\":\"https:\\\/\\\/www.epsilon-pc.fr\\\/index.php\\\/produit\\\/asus-rog-strix-carry-o\\\/#primaryimage\",\"url\":\"https:\\\/\\\/www.epsilon-pc.fr\\\/wp-content\\\/uploads\\\/2026\\\/03\\\/mou-asu-r-str-carr.jpg\",\"contentUrl\":\"https:\\\/\\\/www.epsilon-pc.fr\\\/wp-content\\\/uploads\\\/2026\\\/03\\\/mou-asu-r-str-carr.jpg\",\"width\":800,\"height\":800},{\"@type\":\"BreadcrumbList\",\"@id\":\"https:\\\/\\\/www.epsilon-pc.fr\\\/index.php\\\/produit\\\/asus-rog-strix-carry-o\\\/#breadcrumb\",\"itemListElement\":[{\"@type\":\"ListItem\",\"position\":1,\"name\":\"Accueil\",\"item\":\"https:\\\/\\\/www.epsilon-pc.fr\\\/\"},{\"@type\":\"ListItem\",\"position\":2,\"name\":\"Boutique\",\"item\":\"https:\\\/\\\/www.epsilon-pc.fr\\\/index.php\\\/boutique\\\/\"},{\"@type\":\"ListItem\",\"position\":3,\"name\":\"ASUS ROG STRIX CARRY\"}]},{\"@type\":\"WebSite\",\"@id\":\"https:\\\/\\\/www.epsilon-pc.fr\\\/#website\",\"url\":\"https:\\\/\\\/www.epsilon-pc.fr\\\/\",\"name\":\"Epsilon PC\",\"description\":\"\",\"publisher\":{\"@id\":\"https:\\\/\\\/www.epsilon-pc.fr\\\/#organization\"},\"potentialAction\":[{\"@type\":\"SearchAction\",\"target\":{\"@type\":\"EntryPoint\",\"urlTemplate\":\"https:\\\/\\\/www.epsilon-pc.fr\\\/?s={search_term_string}\"},\"query-input\":{\"@type\":\"PropertyValueSpecification\",\"valueRequired\":true,\"valueName\":\"search_term_string\"}}],\"inLanguage\":\"fr-FR\"},{\"@type\":\"Organization\",\"@id\":\"https:\\\/\\\/www.epsilon-pc.fr\\\/#organization\",\"name\":\"Epsilon PC\",\"url\":\"https:\\\/\\\/www.epsilon-pc.fr\\\/\",\"logo\":{\"@type\":\"ImageObject\",\"inLanguage\":\"fr-FR\",\"@id\":\"https:\\\/\\\/www.epsilon-pc.fr\\\/#\\\/schema\\\/logo\\\/image\\\/\",\"url\":\"https:\\\/\\\/www.epsilon-pc.fr\\\/wp-content\\\/uploads\\\/2026\\\/02\\\/cropped-LogoEpsi-1.bmp\",\"contentUrl\":\"https:\\\/\\\/www.epsilon-pc.fr\\\/wp-content\\\/uploads\\\/2026\\\/02\\\/cropped-LogoEpsi-1.bmp\",\"width\":191,\"height\":59,\"caption\":\"Epsilon PC\"},\"image\":{\"@id\":\"https:\\\/\\\/www.epsilon-pc.fr\\\/#\\\/schema\\\/logo\\\/image\\\/\"}}]}<\/script>\n<!-- \/ Yoast SEO plugin. -->","yoast_head_json":{"title":"ASUS ROG STRIX CARRY - Epsilon PC","robots":{"index":"index","follow":"follow","max-snippet":"max-snippet:-1","max-image-preview":"max-image-preview:large","max-video-preview":"max-video-preview:-1"},"canonical":"https:\/\/www.epsilon-pc.fr\/index.php\/produit\/asus-rog-strix-carry-o\/","og_locale":"fr_FR","og_type":"article","og_title":"ASUS ROG STRIX CARRY - Epsilon PC","og_description":"\ud83e\udd85 ASUS ROG &amp; TUF : Armez-vous pour la victoire  L'\u00e9cosyst\u00e8me ASUS s'\u00e9tend jusqu'au bout de vos doigts avec des p\u00e9riph\u00e9riques ROG ultra-personnalisables et des mod\u00e8les TUF con\u00e7us pour r\u00e9sister \u00e0 la rage de vaincre des joueurs les plus acharn\u00e9s.","og_url":"https:\/\/www.epsilon-pc.fr\/index.php\/produit\/asus-rog-strix-carry-o\/","og_site_name":"Epsilon PC","article_modified_time":"2026-04-02T08:09:02+00:00","og_image":[{"width":800,"height":800,"url":"http:\/\/www.epsilon-pc.fr\/wp-content\/uploads\/2026\/03\/mou-asu-r-str-carr.jpg","type":"image\/jpeg"}],"twitter_card":"summary_large_image","twitter_misc":{"Dur\u00e9e de lecture estim\u00e9e":"2 minutes"},"schema":{"@context":"https:\/\/schema.org","@graph":[{"@type":"WebPage","@id":"https:\/\/www.epsilon-pc.fr\/index.php\/produit\/asus-rog-strix-carry-o\/","url":"https:\/\/www.epsilon-pc.fr\/index.php\/produit\/asus-rog-strix-carry-o\/","name":"ASUS ROG STRIX CARRY - Epsilon PC","isPartOf":{"@id":"https:\/\/www.epsilon-pc.fr\/#website"},"primaryImageOfPage":{"@id":"https:\/\/www.epsilon-pc.fr\/index.php\/produit\/asus-rog-strix-carry-o\/#primaryimage"},"image":{"@id":"https:\/\/www.epsilon-pc.fr\/index.php\/produit\/asus-rog-strix-carry-o\/#primaryimage"},"thumbnailUrl":"https:\/\/www.epsilon-pc.fr\/wp-content\/uploads\/2026\/03\/mou-asu-r-str-carr.jpg","datePublished":"2026-03-21T08:32:09+00:00","dateModified":"2026-04-02T08:09:02+00:00","breadcrumb":{"@id":"https:\/\/www.epsilon-pc.fr\/index.php\/produit\/asus-rog-strix-carry-o\/#breadcrumb"},"inLanguage":"fr-FR","potentialAction":[{"@type":"ReadAction","target":["https:\/\/www.epsilon-pc.fr\/index.php\/produit\/asus-rog-strix-carry-o\/"]}]},{"@type":"ImageObject","inLanguage":"fr-FR","@id":"https:\/\/www.epsilon-pc.fr\/index.php\/produit\/asus-rog-strix-carry-o\/#primaryimage","url":"https:\/\/www.epsilon-pc.fr\/wp-content\/uploads\/2026\/03\/mou-asu-r-str-carr.jpg","contentUrl":"https:\/\/www.epsilon-pc.fr\/wp-content\/uploads\/2026\/03\/mou-asu-r-str-carr.jpg","width":800,"height":800},{"@type":"BreadcrumbList","@id":"https:\/\/www.epsilon-pc.fr\/index.php\/produit\/asus-rog-strix-carry-o\/#breadcrumb","itemListElement":[{"@type":"ListItem","position":1,"name":"Accueil","item":"https:\/\/www.epsilon-pc.fr\/"},{"@type":"ListItem","position":2,"name":"Boutique","item":"https:\/\/www.epsilon-pc.fr\/index.php\/boutique\/"},{"@type":"ListItem","position":3,"name":"ASUS ROG STRIX CARRY"}]},{"@type":"WebSite","@id":"https:\/\/www.epsilon-pc.fr\/#website","url":"https:\/\/www.epsilon-pc.fr\/","name":"Epsilon PC","description":"","publisher":{"@id":"https:\/\/www.epsilon-pc.fr\/#organization"},"potentialAction":[{"@type":"SearchAction","target":{"@type":"EntryPoint","urlTemplate":"https:\/\/www.epsilon-pc.fr\/?s={search_term_string}"},"query-input":{"@type":"PropertyValueSpecification","valueRequired":true,"valueName":"search_term_string"}}],"inLanguage":"fr-FR"},{"@type":"Organization","@id":"https:\/\/www.epsilon-pc.fr\/#organization","name":"Epsilon PC","url":"https:\/\/www.epsilon-pc.fr\/","logo":{"@type":"ImageObject","inLanguage":"fr-FR","@id":"https:\/\/www.epsilon-pc.fr\/#\/schema\/logo\/image\/","url":"https:\/\/www.epsilon-pc.fr\/wp-content\/uploads\/2026\/02\/cropped-LogoEpsi-1.bmp","contentUrl":"https:\/\/www.epsilon-pc.fr\/wp-content\/uploads\/2026\/02\/cropped-LogoEpsi-1.bmp","width":191,"height":59,"caption":"Epsilon PC"},"image":{"@id":"https:\/\/www.epsilon-pc.fr\/#\/schema\/logo\/image\/"}}]}},"_links":{"self":[{"href":"https:\/\/www.epsilon-pc.fr\/index.php\/wp-json\/wp\/v2\/product\/10300","targetHints":{"allow":["GET"]}}],"collection":[{"href":"https:\/\/www.epsilon-pc.fr\/index.php\/wp-json\/wp\/v2\/product"}],"about":[{"href":"https:\/\/www.epsilon-pc.fr\/index.php\/wp-json\/wp\/v2\/types\/product"}],"wp:featuredmedia":[{"embeddable":true,"href":"https:\/\/www.epsilon-pc.fr\/index.php\/wp-json\/wp\/v2\/media\/10299"}],"wp:attachment":[{"href":"https:\/\/www.epsilon-pc.fr\/index.php\/wp-json\/wp\/v2\/media?parent=10300"}],"wp:term":[{"taxonomy":"product_brand","embeddable":true,"href":"https:\/\/www.epsilon-pc.fr\/index.php\/wp-json\/wp\/v2\/product_brand?post=10300"},{"taxonomy":"product_cat","embeddable":true,"href":"https:\/\/www.epsilon-pc.fr\/index.php\/wp-json\/wp\/v2\/product_cat?post=10300"},{"taxonomy":"product_tag","embeddable":true,"href":"https:\/\/www.epsilon-pc.fr\/index.php\/wp-json\/wp\/v2\/product_tag?post=10300"}],"curies":[{"name":"wp","href":"https:\/\/api.w.org\/{rel}","templated":true}]}}