{"id":10267,"date":"2026-03-20T16:37:00","date_gmt":"2026-03-20T15:37:00","guid":{"rendered":"https:\/\/www.epsilon-pc.fr\/index.php\/produit\/brother-dcp-l2660dw-imprimante\/"},"modified":"2026-04-30T11:01:54","modified_gmt":"2026-04-30T09:01:54","slug":"brother-dcp-l2660dw-imprimante","status":"publish","type":"product","link":"https:\/\/www.epsilon-pc.fr\/index.php\/produit\/brother-dcp-l2660dw-imprimante\/","title":{"rendered":"BROTHER DCP-L2660DW LASER"},"content":{"rendered":"<dl class=\"data-sheet\">\n<dt class=\"name\">Couleur du produit<\/dt>\n<dd class=\"value\">Noir<\/dd>\n<dt class=\"name\">Hauteur<\/dt>\n<dd class=\"value\">580 mm<\/dd>\n<dt class=\"name\">Hauteur du colis<\/dt>\n<dd class=\"value\">434 mm<\/dd>\n<dt class=\"name\">Largeur<\/dt>\n<dd class=\"value\">517 mm<\/dd>\n<dt class=\"name\">Largeur du colis<\/dt>\n<dd class=\"value\">580 mm<\/dd>\n<dt class=\"name\">Poids<\/dt>\n<dd class=\"value\">11,6 kg<\/dd>\n<dt class=\"name\">Poids du paquet<\/dt>\n<dd class=\"value\">13,9 kg<\/dd>\n<dt class=\"name\">Produits par palette<\/dt>\n<dd class=\"value\">16 pi\u00e8ce(s)<\/dd>\n<dt class=\"name\">Profondeur<\/dt>\n<dd class=\"value\">434 mm<\/dd>\n<dt class=\"name\">Profondeur du colis<\/dt>\n<dd class=\"value\">517 mm<\/dd>\n<dt class=\"name\">Ethernet\/LAN<\/dt>\n<dd class=\"value\">Oui<\/dd>\n<dt class=\"name\">LAN Ethernet : taux de transfert des donn\u00e9es<\/dt>\n<dd class=\"value\">10,100 Mbit\/s<\/dd>\n<dt class=\"name\">M\u00e9moire interne<\/dt>\n<dd class=\"value\">256 Mo<\/dd>\n<dt class=\"name\">Taille de l&rsquo;\u00e9cran<\/dt>\n<dd class=\"value\">2.67&Prime;<\/dd>\n<dt class=\"name\">Algorithme de s\u00e9curit\u00e9 soutenu<\/dt>\n<dd class=\"value\">WPA2-AES, 64-bit WEP, WPA2-PSK, 128-bit WEP, WPA3-SAE, WPA-AES, WPA-PSK, WPA-TKIP<\/dd>\n<dt class=\"name\">Capacit\u00e9 du chargeur automatique de documents<\/dt>\n<dd class=\"value\">50 feuilles<\/dd>\n<dt class=\"name\">Consommation d &lsquo;\u00e9nergie (en mode veille)<\/dt>\n<dd class=\"value\">4,1 W<\/dd>\n<dt class=\"name\">Consommation \u00e9lectrique (arr\u00eat)<\/dt>\n<dd class=\"value\">0,08 W<\/dd>\n<dt class=\"name\">Num\u00e9risation recto verso<\/dt>\n<dd class=\"value\">Non<\/dd>\n<dt class=\"name\">Num\u00e9riser vers<\/dt>\n<dd class=\"value\">E-mail, FTP, Fichier, HTTP, Image, OCR<\/dd>\n<dt class=\"name\">Port USB<\/dt>\n<dd class=\"value\">Oui<\/dd>\n<dt class=\"name\">R\u00e9solution de num\u00e9risation optique<\/dt>\n<dd class=\"value\">1200 x 1200 DPI<\/dd>\n<dt class=\"name\">Taille de papier de s\u00e9rie A ISO maximum<\/dt>\n<dd class=\"value\">A4<\/dd>\n<dt class=\"name\">Type de commande<\/dt>\n<dd class=\"value\">Tactile<\/dd>\n<dt class=\"name\">Type de scanner<\/dt>\n<dd class=\"value\">Scanner \u00e0 plat et chargeur automatique<\/dd>\n<dt class=\"name\">\u00c9cran integr\u00e9<\/dt>\n<dd class=\"value\">Oui<\/dd>\n<dt class=\"name\">Tension d&rsquo;entr\u00e9e AC<\/dt>\n<dd class=\"value\">220 &#8211; 240 V<\/dd>\n<dt class=\"name\">R\u00e9solution maximale<\/dt>\n<dd class=\"value\">1200 x 1200 DPI<\/dd>\n<dt class=\"name\">Wifi<\/dt>\n<dd class=\"value\">Oui<\/dd>\n<dt class=\"name\">Alimentation automatique de document (ADF)<\/dt>\n<dd class=\"value\">Oui<\/dd>\n<dt class=\"name\">Capacit\u00e9 de sortie totale<\/dt>\n<dd class=\"value\">120 feuilles<\/dd>\n<dt class=\"name\">Capacit\u00e9 d\u2019alimentation totale<\/dt>\n<dd class=\"value\">250 feuilles<\/dd>\n<dt class=\"name\">Consommation d&rsquo;\u00e9nergie (pr\u00eat)<\/dt>\n<dd class=\"value\">43 W<\/dd>\n<dt class=\"name\">Copie duplex<\/dt>\n<dd class=\"value\">Non<\/dd>\n<dt class=\"name\">Copier<\/dt>\n<dd class=\"value\">Copie simple<\/dd>\n<dt class=\"name\">Couleurs d&rsquo;impression<\/dt>\n<dd class=\"value\">Noir<\/dd>\n<dt class=\"name\">Cycle de service (Maximum)<\/dt>\n<dd class=\"value\">2500 pages par mois<\/dd>\n<dt class=\"name\">D\u00e9lai de copie de la premi\u00e8re page (Noir, normal)<\/dt>\n<dd class=\"value\">8,5 s<\/dd>\n<dt class=\"name\">Fonctions recto verso<\/dt>\n<dd class=\"value\">Impression<\/dd>\n<dt class=\"name\">ISO, Format Series A (A0&#8230;A9)<\/dt>\n<dd class=\"value\">A4, A5, A6<\/dd>\n<dt class=\"name\">Impression<\/dt>\n<dd class=\"value\">Impression mono<\/dd>\n<dt class=\"name\">Impression directe<\/dt>\n<dd class=\"value\">Oui<\/dd>\n<dt class=\"name\">Impression recto-verso<\/dt>\n<dd class=\"value\">Oui<\/dd>\n<dt class=\"name\">Mode d&rsquo;impression recto verso<\/dt>\n<dd class=\"value\">Auto<\/dd>\n<dt class=\"name\">Nombre de cartouches d&rsquo;impression<\/dt>\n<dd class=\"value\">1<\/dd>\n<dt class=\"name\">Nombre total de bacs d\u2019alimentation<\/dt>\n<dd class=\"value\">1<\/dd>\n<dt class=\"name\">Num\u00e9risation<\/dt>\n<dd class=\"value\">Num\u00e9risation couleur<\/dd>\n<dt class=\"name\">R\u00e9solution d&rsquo;analyse optique (ADF)<\/dt>\n<dd class=\"value\">600 x 600 DPI<\/dd>\n<dt class=\"name\">R\u00e9solution max. des copies<\/dt>\n<dd class=\"value\">600 x 600 DPI<\/dd>\n<dt class=\"name\">Standards wifi<\/dt>\n<dd class=\"value\">802.11a, 802.11b, 802.11g, Wi-Fi 4 (802.11n), Wi-Fi 5 (802.11ac)<\/dd>\n<dt class=\"name\">Tailles enveloppes<\/dt>\n<dd class=\"value\">DL, Com-10, Monarch, C5<\/dd>\n<dt class=\"name\">Technologie d&rsquo;impression<\/dt>\n<dd class=\"value\">Laser<\/dd>\n<dt class=\"name\">Technologie de num\u00e9risation<\/dt>\n<dd class=\"value\">CIS<\/dd>\n<dt class=\"name\">Technologies d&rsquo;impression mobile<\/dt>\n<dd class=\"value\">Apple AirPrint, Mopria Print Service<\/dd>\n<dt class=\"name\">Type de support du bac papier<\/dt>\n<dd class=\"value\">Papier recycl\u00e9, Papier \u00e9pais, Papier fin, Papier ordinaire, Enveloppes, \u00c9tiquettes, Papier \u00e9pais<\/dd>\n<dt class=\"name\">T\u00e9l\u00e9copier<\/dt>\n<dd class=\"value\">Non<\/dd>\n<dt class=\"name\">Positionnement de march\u00e9<\/dt>\n<dd class=\"value\">Domestique et professionnel<\/dd>\n<dt class=\"name\">\u00c9cran<\/dt>\n<dd class=\"value\">LCD<\/dd>\n<dt class=\"name\">Fr\u00e9quence d&rsquo;entr\u00e9e AC<\/dt>\n<dd class=\"value\">50\/60 Hz<\/dd>\n<dt class=\"name\">Energy Star, consommation \u00e9lectrique typique (TEC)<\/dt>\n<dd class=\"value\">0,39 kWh\/semaine<\/dd>\n<dt class=\"name\">ISO, Formats Series-B (B0&#8230;B9)<\/dt>\n<dd class=\"value\">B5<\/dd>\n<dt class=\"name\">Langues de la description de page<\/dt>\n<dd class=\"value\">BR-Script 3, PCL 6, PDF 1.7<\/dd>\n<dt class=\"name\">Vitesse d&rsquo;impression (noir, qualit\u00e9 normale, A4\/US Letter)<\/dt>\n<dd class=\"value\">34 ppm<\/dd>\n<dt class=\"name\">Consommation \u00e9lectrique moyenne en mode Impression<\/dt>\n<dd class=\"value\">470 W<\/dd>\n<dt class=\"name\">Affichage couleur<\/dt>\n<dd class=\"value\">Oui<\/dd>\n<dt class=\"name\">Consommation \u00e9lectrique moyenne en mode Copie<\/dt>\n<dd class=\"value\">490 W<\/dd>\n<dt class=\"name\">Format JIS series B (B0&#8230;B9)<\/dt>\n<dd class=\"value\">B5, B6<\/dd>\n<dt class=\"name\">Vitesse de num\u00e9risation (couleur)<\/dt>\n<dd class=\"value\">7,5 ppm<\/dd>\n<dt class=\"name\">Wi-Fi Direct<\/dt>\n<dd class=\"value\">Oui<\/dd>\n<dt class=\"name\">Poids brut de la palette<\/dt>\n<dd class=\"value\">240,7 kg<\/dd>\n<dt class=\"name\">Pays d&rsquo;origine<\/dt>\n<dd class=\"value\">Vi\u00eat Nam<\/dd>\n<dt class=\"name\">Hauteur brute de la palette<\/dt>\n<dd class=\"value\">19,1 cm<\/dd>\n<dt class=\"name\">Casier principal (externe) par palette<\/dt>\n<dd class=\"value\">16 pi\u00e8ce(s)<\/dd>\n<dt class=\"name\">Casiers principaux (externes) par palette<\/dt>\n<dd class=\"value\">4 pi\u00e8ce(s)<\/dd>\n<dt class=\"name\">Couches par palette<\/dt>\n<dd class=\"value\">4 pi\u00e8ce(s)<\/dd>\n<dt class=\"name\">Type de palette<\/dt>\n<dd class=\"value\">1200 x 1000 mm<\/dd>\n<dt class=\"name\">Conservation des pi\u00e8ces de rechange<\/dt>\n<dd class=\"value\">5 ann\u00e9e(s)<\/dd>\n<\/dl>\n","protected":false},"excerpt":{"rendered":"<p>Couleur du produit Noir Hauteur 580 mm Hauteur du colis 434 mm Largeur 517 mm Largeur du colis 580 mm Poids 11,6 kg Poids du paquet 13,9 kg Produits par palette 16 pi\u00e8ce(s) Profondeur 434 mm Profondeur du colis 517 mm Ethernet\/LAN Oui LAN Ethernet : taux de transfert des donn\u00e9es 10,100 Mbit\/s M\u00e9moire interne [&hellip;]<\/p>\n","protected":false},"featured_media":10266,"template":"","meta":{"ocean_post_layout":"","ocean_both_sidebars_style":"","ocean_both_sidebars_content_width":0,"ocean_both_sidebars_sidebars_width":0,"ocean_sidebar":"0","ocean_second_sidebar":"0","ocean_disable_margins":"enable","ocean_add_body_class":"","ocean_shortcode_before_top_bar":"","ocean_shortcode_after_top_bar":"","ocean_shortcode_before_header":"","ocean_shortcode_after_header":"","ocean_has_shortcode":"","ocean_shortcode_after_title":"","ocean_shortcode_before_footer_widgets":"","ocean_shortcode_after_footer_widgets":"","ocean_shortcode_before_footer_bottom":"","ocean_shortcode_after_footer_bottom":"","ocean_display_top_bar":"default","ocean_display_header":"default","ocean_header_style":"","ocean_center_header_left_menu":"0","ocean_custom_header_template":"0","ocean_custom_logo":0,"ocean_custom_retina_logo":0,"ocean_custom_logo_max_width":0,"ocean_custom_logo_tablet_max_width":0,"ocean_custom_logo_mobile_max_width":0,"ocean_custom_logo_max_height":0,"ocean_custom_logo_tablet_max_height":0,"ocean_custom_logo_mobile_max_height":0,"ocean_header_custom_menu":"0","ocean_menu_typo_font_family":"0","ocean_menu_typo_font_subset":"","ocean_menu_typo_font_size":0,"ocean_menu_typo_font_size_tablet":0,"ocean_menu_typo_font_size_mobile":0,"ocean_menu_typo_font_size_unit":"px","ocean_menu_typo_font_weight":"","ocean_menu_typo_font_weight_tablet":"","ocean_menu_typo_font_weight_mobile":"","ocean_menu_typo_transform":"","ocean_menu_typo_transform_tablet":"","ocean_menu_typo_transform_mobile":"","ocean_menu_typo_line_height":0,"ocean_menu_typo_line_height_tablet":0,"ocean_menu_typo_line_height_mobile":0,"ocean_menu_typo_line_height_unit":"","ocean_menu_typo_spacing":0,"ocean_menu_typo_spacing_tablet":0,"ocean_menu_typo_spacing_mobile":0,"ocean_menu_typo_spacing_unit":"","ocean_menu_link_color":"","ocean_menu_link_color_hover":"","ocean_menu_link_color_active":"","ocean_menu_link_background":"","ocean_menu_link_hover_background":"","ocean_menu_link_active_background":"","ocean_menu_social_links_bg":"","ocean_menu_social_hover_links_bg":"","ocean_menu_social_links_color":"","ocean_menu_social_hover_links_color":"","ocean_disable_title":"default","ocean_disable_heading":"default","ocean_post_title":"","ocean_post_subheading":"","ocean_post_title_style":"","ocean_post_title_background_color":"","ocean_post_title_background":0,"ocean_post_title_bg_image_position":"","ocean_post_title_bg_image_attachment":"","ocean_post_title_bg_image_repeat":"","ocean_post_title_bg_image_size":"","ocean_post_title_height":0,"ocean_post_title_bg_overlay":0.5,"ocean_post_title_bg_overlay_color":"","ocean_disable_breadcrumbs":"default","ocean_breadcrumbs_color":"","ocean_breadcrumbs_separator_color":"","ocean_breadcrumbs_links_color":"","ocean_breadcrumbs_links_hover_color":"","ocean_display_footer_widgets":"default","ocean_display_footer_bottom":"default","ocean_custom_footer_template":"0"},"product_brand":[84],"product_cat":[71],"product_tag":[],"class_list":{"0":"post-10267","1":"product","2":"type-product","3":"status-publish","4":"has-post-thumbnail","6":"product_brand-brother","7":"product_cat-imprimante","8":"product_shipping_class-non-expediable","10":"entry","11":"has-media","13":"first","14":"outofstock","15":"taxable","16":"shipping-taxable","17":"purchasable","18":"product-type-simple","19":"has-product-nav","20":"col","21":"span_1_of_4","22":"owp-content-center","23":"owp-thumbs-layout-horizontal","24":"owp-btn-big","25":"owp-tabs-layout-horizontal","26":"has-no-thumbnails"},"yoast_head":"<!-- This site is optimized with the Yoast SEO plugin v27.3 - https:\/\/yoast.com\/product\/yoast-seo-wordpress\/ -->\n<title>BROTHER DCP-L2660DW LASER - Epsilon PC<\/title>\n<meta name=\"robots\" content=\"index, follow, max-snippet:-1, max-image-preview:large, max-video-preview:-1\" \/>\n<link rel=\"canonical\" href=\"https:\/\/www.epsilon-pc.fr\/index.php\/produit\/brother-dcp-l2660dw-imprimante\/\" \/>\n<meta property=\"og:locale\" content=\"fr_FR\" \/>\n<meta property=\"og:type\" content=\"article\" \/>\n<meta property=\"og:title\" content=\"BROTHER DCP-L2660DW LASER - Epsilon PC\" \/>\n<meta property=\"og:description\" content=\"Couleur du produit Noir Hauteur 580 mm Hauteur du colis 434 mm Largeur 517 mm Largeur du colis 580 mm Poids 11,6 kg Poids du paquet 13,9 kg Produits par palette 16 pi\u00e8ce(s) Profondeur 434 mm Profondeur du colis 517 mm Ethernet\/LAN Oui LAN Ethernet : taux de transfert des donn\u00e9es 10,100 Mbit\/s M\u00e9moire interne [&hellip;]\" \/>\n<meta property=\"og:url\" content=\"https:\/\/www.epsilon-pc.fr\/index.php\/produit\/brother-dcp-l2660dw-imprimante\/\" \/>\n<meta property=\"og:site_name\" content=\"Epsilon PC\" \/>\n<meta property=\"article:modified_time\" content=\"2026-04-30T09:01:54+00:00\" \/>\n<meta property=\"og:image\" content=\"http:\/\/www.epsilon-pc.fr\/wp-content\/uploads\/2026\/03\/brother-laser-n-b-multifonction-3-en-1-dcp-l2660dw.jpg\" \/>\n\t<meta property=\"og:image:width\" content=\"800\" \/>\n\t<meta property=\"og:image:height\" content=\"800\" \/>\n\t<meta property=\"og:image:type\" content=\"image\/jpeg\" \/>\n<meta name=\"twitter:card\" content=\"summary_large_image\" \/>\n<meta name=\"twitter:label1\" content=\"Dur\u00e9e de lecture estim\u00e9e\" \/>\n\t<meta name=\"twitter:data1\" content=\"3 minutes\" \/>\n<script type=\"application\/ld+json\" class=\"yoast-schema-graph\">{\"@context\":\"https:\\\/\\\/schema.org\",\"@graph\":[{\"@type\":\"WebPage\",\"@id\":\"https:\\\/\\\/www.epsilon-pc.fr\\\/index.php\\\/produit\\\/brother-dcp-l2660dw-imprimante\\\/\",\"url\":\"https:\\\/\\\/www.epsilon-pc.fr\\\/index.php\\\/produit\\\/brother-dcp-l2660dw-imprimante\\\/\",\"name\":\"BROTHER DCP-L2660DW LASER - Epsilon PC\",\"isPartOf\":{\"@id\":\"https:\\\/\\\/www.epsilon-pc.fr\\\/#website\"},\"primaryImageOfPage\":{\"@id\":\"https:\\\/\\\/www.epsilon-pc.fr\\\/index.php\\\/produit\\\/brother-dcp-l2660dw-imprimante\\\/#primaryimage\"},\"image\":{\"@id\":\"https:\\\/\\\/www.epsilon-pc.fr\\\/index.php\\\/produit\\\/brother-dcp-l2660dw-imprimante\\\/#primaryimage\"},\"thumbnailUrl\":\"https:\\\/\\\/www.epsilon-pc.fr\\\/wp-content\\\/uploads\\\/2026\\\/03\\\/brother-laser-n-b-multifonction-3-en-1-dcp-l2660dw.jpg\",\"datePublished\":\"2026-03-20T15:37:00+00:00\",\"dateModified\":\"2026-04-30T09:01:54+00:00\",\"breadcrumb\":{\"@id\":\"https:\\\/\\\/www.epsilon-pc.fr\\\/index.php\\\/produit\\\/brother-dcp-l2660dw-imprimante\\\/#breadcrumb\"},\"inLanguage\":\"fr-FR\",\"potentialAction\":[{\"@type\":\"ReadAction\",\"target\":[\"https:\\\/\\\/www.epsilon-pc.fr\\\/index.php\\\/produit\\\/brother-dcp-l2660dw-imprimante\\\/\"]}]},{\"@type\":\"ImageObject\",\"inLanguage\":\"fr-FR\",\"@id\":\"https:\\\/\\\/www.epsilon-pc.fr\\\/index.php\\\/produit\\\/brother-dcp-l2660dw-imprimante\\\/#primaryimage\",\"url\":\"https:\\\/\\\/www.epsilon-pc.fr\\\/wp-content\\\/uploads\\\/2026\\\/03\\\/brother-laser-n-b-multifonction-3-en-1-dcp-l2660dw.jpg\",\"contentUrl\":\"https:\\\/\\\/www.epsilon-pc.fr\\\/wp-content\\\/uploads\\\/2026\\\/03\\\/brother-laser-n-b-multifonction-3-en-1-dcp-l2660dw.jpg\",\"width\":800,\"height\":800},{\"@type\":\"BreadcrumbList\",\"@id\":\"https:\\\/\\\/www.epsilon-pc.fr\\\/index.php\\\/produit\\\/brother-dcp-l2660dw-imprimante\\\/#breadcrumb\",\"itemListElement\":[{\"@type\":\"ListItem\",\"position\":1,\"name\":\"Accueil\",\"item\":\"https:\\\/\\\/www.epsilon-pc.fr\\\/\"},{\"@type\":\"ListItem\",\"position\":2,\"name\":\"Boutique\",\"item\":\"https:\\\/\\\/www.epsilon-pc.fr\\\/index.php\\\/boutique\\\/\"},{\"@type\":\"ListItem\",\"position\":3,\"name\":\"BROTHER DCP-L2660DW LASER\"}]},{\"@type\":\"WebSite\",\"@id\":\"https:\\\/\\\/www.epsilon-pc.fr\\\/#website\",\"url\":\"https:\\\/\\\/www.epsilon-pc.fr\\\/\",\"name\":\"Epsilon PC\",\"description\":\"\",\"publisher\":{\"@id\":\"https:\\\/\\\/www.epsilon-pc.fr\\\/#organization\"},\"potentialAction\":[{\"@type\":\"SearchAction\",\"target\":{\"@type\":\"EntryPoint\",\"urlTemplate\":\"https:\\\/\\\/www.epsilon-pc.fr\\\/?s={search_term_string}\"},\"query-input\":{\"@type\":\"PropertyValueSpecification\",\"valueRequired\":true,\"valueName\":\"search_term_string\"}}],\"inLanguage\":\"fr-FR\"},{\"@type\":\"Organization\",\"@id\":\"https:\\\/\\\/www.epsilon-pc.fr\\\/#organization\",\"name\":\"Epsilon PC\",\"url\":\"https:\\\/\\\/www.epsilon-pc.fr\\\/\",\"logo\":{\"@type\":\"ImageObject\",\"inLanguage\":\"fr-FR\",\"@id\":\"https:\\\/\\\/www.epsilon-pc.fr\\\/#\\\/schema\\\/logo\\\/image\\\/\",\"url\":\"https:\\\/\\\/www.epsilon-pc.fr\\\/wp-content\\\/uploads\\\/2026\\\/02\\\/cropped-LogoEpsi-1.bmp\",\"contentUrl\":\"https:\\\/\\\/www.epsilon-pc.fr\\\/wp-content\\\/uploads\\\/2026\\\/02\\\/cropped-LogoEpsi-1.bmp\",\"width\":191,\"height\":59,\"caption\":\"Epsilon PC\"},\"image\":{\"@id\":\"https:\\\/\\\/www.epsilon-pc.fr\\\/#\\\/schema\\\/logo\\\/image\\\/\"}}]}<\/script>\n<!-- \/ Yoast SEO plugin. -->","yoast_head_json":{"title":"BROTHER DCP-L2660DW LASER - Epsilon PC","robots":{"index":"index","follow":"follow","max-snippet":"max-snippet:-1","max-image-preview":"max-image-preview:large","max-video-preview":"max-video-preview:-1"},"canonical":"https:\/\/www.epsilon-pc.fr\/index.php\/produit\/brother-dcp-l2660dw-imprimante\/","og_locale":"fr_FR","og_type":"article","og_title":"BROTHER DCP-L2660DW LASER - Epsilon PC","og_description":"Couleur du produit Noir Hauteur 580 mm Hauteur du colis 434 mm Largeur 517 mm Largeur du colis 580 mm Poids 11,6 kg Poids du paquet 13,9 kg Produits par palette 16 pi\u00e8ce(s) Profondeur 434 mm Profondeur du colis 517 mm Ethernet\/LAN Oui LAN Ethernet : taux de transfert des donn\u00e9es 10,100 Mbit\/s M\u00e9moire interne [&hellip;]","og_url":"https:\/\/www.epsilon-pc.fr\/index.php\/produit\/brother-dcp-l2660dw-imprimante\/","og_site_name":"Epsilon PC","article_modified_time":"2026-04-30T09:01:54+00:00","og_image":[{"width":800,"height":800,"url":"http:\/\/www.epsilon-pc.fr\/wp-content\/uploads\/2026\/03\/brother-laser-n-b-multifonction-3-en-1-dcp-l2660dw.jpg","type":"image\/jpeg"}],"twitter_card":"summary_large_image","twitter_misc":{"Dur\u00e9e de lecture estim\u00e9e":"3 minutes"},"schema":{"@context":"https:\/\/schema.org","@graph":[{"@type":"WebPage","@id":"https:\/\/www.epsilon-pc.fr\/index.php\/produit\/brother-dcp-l2660dw-imprimante\/","url":"https:\/\/www.epsilon-pc.fr\/index.php\/produit\/brother-dcp-l2660dw-imprimante\/","name":"BROTHER DCP-L2660DW LASER - Epsilon PC","isPartOf":{"@id":"https:\/\/www.epsilon-pc.fr\/#website"},"primaryImageOfPage":{"@id":"https:\/\/www.epsilon-pc.fr\/index.php\/produit\/brother-dcp-l2660dw-imprimante\/#primaryimage"},"image":{"@id":"https:\/\/www.epsilon-pc.fr\/index.php\/produit\/brother-dcp-l2660dw-imprimante\/#primaryimage"},"thumbnailUrl":"https:\/\/www.epsilon-pc.fr\/wp-content\/uploads\/2026\/03\/brother-laser-n-b-multifonction-3-en-1-dcp-l2660dw.jpg","datePublished":"2026-03-20T15:37:00+00:00","dateModified":"2026-04-30T09:01:54+00:00","breadcrumb":{"@id":"https:\/\/www.epsilon-pc.fr\/index.php\/produit\/brother-dcp-l2660dw-imprimante\/#breadcrumb"},"inLanguage":"fr-FR","potentialAction":[{"@type":"ReadAction","target":["https:\/\/www.epsilon-pc.fr\/index.php\/produit\/brother-dcp-l2660dw-imprimante\/"]}]},{"@type":"ImageObject","inLanguage":"fr-FR","@id":"https:\/\/www.epsilon-pc.fr\/index.php\/produit\/brother-dcp-l2660dw-imprimante\/#primaryimage","url":"https:\/\/www.epsilon-pc.fr\/wp-content\/uploads\/2026\/03\/brother-laser-n-b-multifonction-3-en-1-dcp-l2660dw.jpg","contentUrl":"https:\/\/www.epsilon-pc.fr\/wp-content\/uploads\/2026\/03\/brother-laser-n-b-multifonction-3-en-1-dcp-l2660dw.jpg","width":800,"height":800},{"@type":"BreadcrumbList","@id":"https:\/\/www.epsilon-pc.fr\/index.php\/produit\/brother-dcp-l2660dw-imprimante\/#breadcrumb","itemListElement":[{"@type":"ListItem","position":1,"name":"Accueil","item":"https:\/\/www.epsilon-pc.fr\/"},{"@type":"ListItem","position":2,"name":"Boutique","item":"https:\/\/www.epsilon-pc.fr\/index.php\/boutique\/"},{"@type":"ListItem","position":3,"name":"BROTHER DCP-L2660DW LASER"}]},{"@type":"WebSite","@id":"https:\/\/www.epsilon-pc.fr\/#website","url":"https:\/\/www.epsilon-pc.fr\/","name":"Epsilon PC","description":"","publisher":{"@id":"https:\/\/www.epsilon-pc.fr\/#organization"},"potentialAction":[{"@type":"SearchAction","target":{"@type":"EntryPoint","urlTemplate":"https:\/\/www.epsilon-pc.fr\/?s={search_term_string}"},"query-input":{"@type":"PropertyValueSpecification","valueRequired":true,"valueName":"search_term_string"}}],"inLanguage":"fr-FR"},{"@type":"Organization","@id":"https:\/\/www.epsilon-pc.fr\/#organization","name":"Epsilon PC","url":"https:\/\/www.epsilon-pc.fr\/","logo":{"@type":"ImageObject","inLanguage":"fr-FR","@id":"https:\/\/www.epsilon-pc.fr\/#\/schema\/logo\/image\/","url":"https:\/\/www.epsilon-pc.fr\/wp-content\/uploads\/2026\/02\/cropped-LogoEpsi-1.bmp","contentUrl":"https:\/\/www.epsilon-pc.fr\/wp-content\/uploads\/2026\/02\/cropped-LogoEpsi-1.bmp","width":191,"height":59,"caption":"Epsilon PC"},"image":{"@id":"https:\/\/www.epsilon-pc.fr\/#\/schema\/logo\/image\/"}}]}},"_links":{"self":[{"href":"https:\/\/www.epsilon-pc.fr\/index.php\/wp-json\/wp\/v2\/product\/10267","targetHints":{"allow":["GET"]}}],"collection":[{"href":"https:\/\/www.epsilon-pc.fr\/index.php\/wp-json\/wp\/v2\/product"}],"about":[{"href":"https:\/\/www.epsilon-pc.fr\/index.php\/wp-json\/wp\/v2\/types\/product"}],"wp:featuredmedia":[{"embeddable":true,"href":"https:\/\/www.epsilon-pc.fr\/index.php\/wp-json\/wp\/v2\/media\/10266"}],"wp:attachment":[{"href":"https:\/\/www.epsilon-pc.fr\/index.php\/wp-json\/wp\/v2\/media?parent=10267"}],"wp:term":[{"taxonomy":"product_brand","embeddable":true,"href":"https:\/\/www.epsilon-pc.fr\/index.php\/wp-json\/wp\/v2\/product_brand?post=10267"},{"taxonomy":"product_cat","embeddable":true,"href":"https:\/\/www.epsilon-pc.fr\/index.php\/wp-json\/wp\/v2\/product_cat?post=10267"},{"taxonomy":"product_tag","embeddable":true,"href":"https:\/\/www.epsilon-pc.fr\/index.php\/wp-json\/wp\/v2\/product_tag?post=10267"}],"curies":[{"name":"wp","href":"https:\/\/api.w.org\/{rel}","templated":true}]}}