{"id":10208,"date":"2026-03-20T11:30:26","date_gmt":"2026-03-20T10:30:26","guid":{"rendered":"https:\/\/www.epsilon-pc.fr\/index.php\/produit\/asus-tuf-gaming-vg279q5a-ecran-plat-de-pc\/"},"modified":"2026-04-01T13:43:09","modified_gmt":"2026-04-01T11:43:09","slug":"asus-tuf-gaming-vg279q5a-ecran-plat-de-pc","status":"publish","type":"product","link":"https:\/\/www.epsilon-pc.fr\/index.php\/produit\/asus-tuf-gaming-vg279q5a-ecran-plat-de-pc\/","title":{"rendered":"ASUS TUF GAMING VG279Q5A \/ 27 Pouces"},"content":{"rendered":"<dl class=\"data-sheet\">\n<dt class=\"name\">Couleur du produit<\/dt>\n<dd class=\"value\">Noir<\/dd>\n<dt class=\"name\">Hauteur du colis<\/dt>\n<dd class=\"value\">450 mm<\/dd>\n<dt class=\"name\">Largeur du colis<\/dt>\n<dd class=\"value\">680 mm<\/dd>\n<dt class=\"name\">Poids du paquet<\/dt>\n<dd class=\"value\">6,3 kg<\/dd>\n<dt class=\"name\">Profondeur du colis<\/dt>\n<dd class=\"value\">717 mm<\/dd>\n<dt class=\"name\">Type d&#8217;emballage<\/dt>\n<dd class=\"value\">Bo\u00eete<\/dd>\n<dt class=\"name\">Quantit\u00e9 de ports HDMI<\/dt>\n<dd class=\"value\">2<\/dd>\n<dt class=\"name\">R\u00e9solution de l&rsquo;\u00e9cran<\/dt>\n<dd class=\"value\">1920 x 1080 pixels<\/dd>\n<dt class=\"name\">Sortie de casque<\/dt>\n<dd class=\"value\">1<\/dd>\n<dt class=\"name\">Taille de l&rsquo;\u00e9cran<\/dt>\n<dd class=\"value\">27&Prime;<\/dd>\n<dt class=\"name\">Taux de rafraichissement<\/dt>\n<dd class=\"value\">200 Hz<\/dd>\n<dt class=\"name\">Type HD<\/dt>\n<dd class=\"value\">Full HD<\/dd>\n<dt class=\"name\">Type de panneau<\/dt>\n<dd class=\"value\">Fast IPS<\/dd>\n<dt class=\"name\">\u00c9cran tactile<\/dt>\n<dd class=\"value\">Non<\/dd>\n<dt class=\"name\">Consommation d&rsquo;\u00e9nergie (mode veille)<\/dt>\n<dd class=\"value\">0,5 W<\/dd>\n<dt class=\"name\">Consommation \u00e9lectrique (arr\u00eat)<\/dt>\n<dd class=\"value\">0,3 W<\/dd>\n<dt class=\"name\">Consommation \u00e9lectrique typique<\/dt>\n<dd class=\"value\">16,7 W<\/dd>\n<dt class=\"name\">Type d&rsquo;alimentation d&rsquo;\u00e9nergie<\/dt>\n<dd class=\"value\">Interne<\/dd>\n<dt class=\"name\">Certificats de durabilit\u00e9<\/dt>\n<dd class=\"value\">Forest Stewardship Council (FSC) Mix<\/dd>\n<dt class=\"name\">Tension d&rsquo;entr\u00e9e AC<\/dt>\n<dd class=\"value\">100 &#8211; 240 V<\/dd>\n<dt class=\"name\">Quantit\u00e9 d&rsquo;interface DisplayPorts<\/dt>\n<dd class=\"value\">1<\/dd>\n<dt class=\"name\">Version HDMI<\/dt>\n<dd class=\"value\">2.0<\/dd>\n<dt class=\"name\">Version de DisplayPort<\/dt>\n<dd class=\"value\">1.4<\/dd>\n<dt class=\"name\">Positionnement de march\u00e9<\/dt>\n<dd class=\"value\">Gaming<\/dd>\n<dt class=\"name\">Format d&rsquo;image<\/dt>\n<dd class=\"value\">16:9<\/dd>\n<dt class=\"name\">Port de c\u00e2ble antivol<\/dt>\n<dd class=\"value\">Oui<\/dd>\n<dt class=\"name\">Prise en charge HDR<\/dt>\n<dd class=\"value\">Oui<\/dd>\n<dt class=\"name\">Technologie HDR (plage dynamique \u00e9lev\u00e9e)<\/dt>\n<dd class=\"value\">High Dynamic Range 10 (HDR10)<\/dd>\n<dt class=\"name\">Type d&#8217;emplacement de verrouillage de c\u00e2ble<\/dt>\n<dd class=\"value\">Kensington<\/dd>\n<dt class=\"name\">\u00c9cran antireflet<\/dt>\n<dd class=\"value\">Oui<\/dd>\n<dt class=\"name\">AMD FreeSync<\/dt>\n<dd class=\"value\">Oui<\/dd>\n<dt class=\"name\">Ajustement de l&rsquo;inclinaison<\/dt>\n<dd class=\"value\">Oui<\/dd>\n<dt class=\"name\">Angle d&rsquo;inclinaison<\/dt>\n<dd class=\"value\">-5 &#8211; 23\u00b0<\/dd>\n<dt class=\"name\">Angle de vision horizontal<\/dt>\n<dd class=\"value\">178\u00b0<\/dd>\n<dt class=\"name\">Angle de vision vertical<\/dt>\n<dd class=\"value\">178\u00b0<\/dd>\n<dt class=\"name\">Appareil photo int\u00e9gr\u00e9<\/dt>\n<dd class=\"value\">Non<\/dd>\n<dt class=\"name\">Casque connection<\/dt>\n<dd class=\"value\">3,5 mm<\/dd>\n<dt class=\"name\">Certification<\/dt>\n<dd class=\"value\">T\u00dcV Flicker-free<br \/>\nT\u00dcV Low Blue Light<br \/>\nVESA AdaptiveSync Display 240Hz<br \/>\nAMD FreeSync Premium<br \/>\nG-SYNC Compatible<br \/>\nFSC MIX<\/dd>\n<dt class=\"name\">Concentrateur USB int\u00e9gr\u00e9<\/dt>\n<dd class=\"value\">Non<\/dd>\n<dt class=\"name\">Couleurs pieds<\/dt>\n<dd class=\"value\">Noir<\/dd>\n<dt class=\"name\">Couverture sRGB (max)<\/dt>\n<dd class=\"value\">99%<\/dd>\n<dt class=\"name\">Forme d&rsquo;\u00e9cran<\/dt>\n<dd class=\"value\">Plat<\/dd>\n<dt class=\"name\">HDCP<\/dt>\n<dd class=\"value\">Oui<\/dd>\n<dt class=\"name\">HDMI<\/dt>\n<dd class=\"value\">Oui<\/dd>\n<dt class=\"name\">Haut-parleurs int\u00e9gr\u00e9s<\/dt>\n<dd class=\"value\">Oui<\/dd>\n<dt class=\"name\">Hauteur (sans support)<\/dt>\n<dd class=\"value\">368 mm<\/dd>\n<dt class=\"name\">Hauteur (support inclus)<\/dt>\n<dd class=\"value\">453 mm<\/dd>\n<dt class=\"name\">Largeur (sans support)<\/dt>\n<dd class=\"value\">614 mm<\/dd>\n<dt class=\"name\">Largeur appareil (support inclus)<\/dt>\n<dd class=\"value\">614 mm<\/dd>\n<dt class=\"name\">Luminosit\u00e9 de l&rsquo;\u00e9cran (typique)<\/dt>\n<dd class=\"value\">300 cd\/m\u00b2<\/dd>\n<dt class=\"name\">Montage VESA<\/dt>\n<dd class=\"value\">Oui<\/dd>\n<dt class=\"name\">Montage mural<\/dt>\n<dd class=\"value\">Oui<\/dd>\n<dt class=\"name\">Nombre de couleurs affich\u00e9es<\/dt>\n<dd class=\"value\">16,7 millions de couleurs<\/dd>\n<dt class=\"name\">Nombre de haut-parleurs<\/dt>\n<dd class=\"value\">2<\/dd>\n<dt class=\"name\">Norme VESA<\/dt>\n<dd class=\"value\">100 x 100 mm<\/dd>\n<dt class=\"name\">Pas de pixel<\/dt>\n<dd class=\"value\">0,311 x 0,311 mm<\/dd>\n<dt class=\"name\">Poids (avec support)<\/dt>\n<dd class=\"value\">4,5 kg<\/dd>\n<dt class=\"name\">Poids (sans support)<\/dt>\n<dd class=\"value\">3,7 kg<\/dd>\n<dt class=\"name\">Profondeur (sans support)<\/dt>\n<dd class=\"value\">59 mm<\/dd>\n<dt class=\"name\">Profondeur (support inclus)<\/dt>\n<dd class=\"value\">193 mm<\/dd>\n<dt class=\"name\">Puissance \u00e9valu\u00e9e de RMS<\/dt>\n<dd class=\"value\">4 W<\/dd>\n<dt class=\"name\">R\u00e9glage de la hauteur<\/dt>\n<dd class=\"value\">Non<\/dd>\n<dt class=\"name\">Sortie casque audio<\/dt>\n<dd class=\"value\">Oui<\/dd>\n<dt class=\"name\">Support d\u00e9tachable<\/dt>\n<dd class=\"value\">Oui<\/dd>\n<dt class=\"name\">Support inclus<\/dt>\n<dd class=\"value\">Oui<\/dd>\n<dt class=\"name\">Taille visualisable horizontale<\/dt>\n<dd class=\"value\">59,8 cm<\/dd>\n<dt class=\"name\">Taille visualisable verticale<\/dt>\n<dd class=\"value\">33,6 cm<\/dd>\n<dt class=\"name\">Taux de contraste<\/dt>\n<dd class=\"value\">1000:1<\/dd>\n<dt class=\"name\">Technologie Low-Blue-Light<\/dt>\n<dd class=\"value\">Oui<\/dd>\n<dt class=\"name\">Technologie d&rsquo;affichage<\/dt>\n<dd class=\"value\">LED<\/dd>\n<dt class=\"name\">Technologie sans scintillement<\/dt>\n<dd class=\"value\">Oui<\/dd>\n<dt class=\"name\">Temps de r\u00e9ponse<\/dt>\n<dd class=\"value\">1 ms<\/dd>\n<dt class=\"name\">Type AMD FreeSync<\/dt>\n<dd class=\"value\">FreeSync Premium<\/dd>\n<dt class=\"name\">Version HDCP<\/dt>\n<dd class=\"value\">2.3<\/dd>\n<dt class=\"name\">Palette de couleurs DCI-P3<\/dt>\n<dd class=\"value\">90%<\/dd>\n<dt class=\"name\">NVIDIA G-SYNC<\/dt>\n<dd class=\"value\">Oui<\/dd>\n<dt class=\"name\">Fr\u00e9quence de balayage vertical<\/dt>\n<dd class=\"value\">48 &#8211; 200 Hz<\/dd>\n<dt class=\"name\">Type NVIDIA G-SYNC<\/dt>\n<dd class=\"value\">G-SYNC Compatible<\/dd>\n<dt class=\"name\">Mode Jeu<\/dt>\n<dd class=\"value\">Oui<\/dd>\n<dt class=\"name\">Classe d&rsquo;efficacit\u00e9 \u00e9nerg\u00e9tique (SDR)<\/dt>\n<dd class=\"value\">E<\/dd>\n<dt class=\"name\">Consommation d&rsquo;\u00e9nergie (SDR) pour 1000 heures<\/dt>\n<dd class=\"value\">21 kWh<\/dd>\n<dt class=\"name\">Fr\u00e9quence num\u00e9rique horizontale<\/dt>\n<dd class=\"value\">240 &#8211; 240 kHz<\/dd>\n<dt class=\"name\">Plage d\u2019efficacit\u00e9 \u00e9nerg\u00e9tique<\/dt>\n<dd class=\"value\">A \u00e0 G<\/dd>\n<dt class=\"name\">Classe d&rsquo;efficacit\u00e9 \u00e9nerg\u00e9tique (HDR)<\/dt>\n<dd class=\"value\">E<\/dd>\n<dt class=\"name\">Consommation d&rsquo;\u00e9nergie (HDR) pour 1000 heures<\/dt>\n<dd class=\"value\">21 kWh<\/dd>\n<dt class=\"name\">Consommation d&rsquo;\u00e9nergie (mode \u00e9conomie)<\/dt>\n<dd class=\"value\">0,5 W<\/dd>\n<dt class=\"name\">Norme de gamme de couleurs<\/dt>\n<dd class=\"value\">DCI-P3, sRGB<\/dd>\n<dt class=\"name\">Code du registre europ\u00e9en des produits pour l&rsquo;\u00e9tiquetage \u00e9nerg\u00e9tique (EPREL)<\/dt>\n<dd class=\"value\">2339194<\/dd>\n<dt class=\"name\">Type de mesure du temps de r\u00e9ponse<\/dt>\n<dd class=\"value\">GTG (Gray to Gray)<\/dd>\n<\/dl>\n","protected":false},"excerpt":{"rendered":"<p><strong>\ud83e\udd85 ASUS : L&rsquo;affichage sans compromis pour les joueurs et les cr\u00e9ateurs<\/strong><\/p>\n<p>Que vous cherchiez la fluidit\u00e9 absolue en jeu ou une colorim\u00e9trie parfaite pour le montage, ASUS propose des dalles de tr\u00e8s haute qualit\u00e9.<\/p>\n<ul>\n<li><strong>\ud83d\udc51 ROG &amp; TUF Gaming :<\/strong> Des fr\u00e9quences de rafra\u00eechissement extr\u00eames, des temps de r\u00e9ponse minimes et une compatibilit\u00e9 G-Sync\/FreeSync pour une fluidit\u00e9 parfaite.<\/li>\n<li><strong>\ud83c\udfa8 ProArt :<\/strong> Des \u00e9crans pr\u00e9-calibr\u00e9s en usine, destin\u00e9s aux professionnels de l&rsquo;image exigeant une fid\u00e9lit\u00e9 absolue des couleurs.<\/li>\n<\/ul>\n","protected":false},"featured_media":10207,"template":"","meta":{"ocean_post_layout":"","ocean_both_sidebars_style":"","ocean_both_sidebars_content_width":0,"ocean_both_sidebars_sidebars_width":0,"ocean_sidebar":"0","ocean_second_sidebar":"0","ocean_disable_margins":"enable","ocean_add_body_class":"","ocean_shortcode_before_top_bar":"","ocean_shortcode_after_top_bar":"","ocean_shortcode_before_header":"","ocean_shortcode_after_header":"","ocean_has_shortcode":"","ocean_shortcode_after_title":"","ocean_shortcode_before_footer_widgets":"","ocean_shortcode_after_footer_widgets":"","ocean_shortcode_before_footer_bottom":"","ocean_shortcode_after_footer_bottom":"","ocean_display_top_bar":"default","ocean_display_header":"default","ocean_header_style":"","ocean_center_header_left_menu":"0","ocean_custom_header_template":"0","ocean_custom_logo":0,"ocean_custom_retina_logo":0,"ocean_custom_logo_max_width":0,"ocean_custom_logo_tablet_max_width":0,"ocean_custom_logo_mobile_max_width":0,"ocean_custom_logo_max_height":0,"ocean_custom_logo_tablet_max_height":0,"ocean_custom_logo_mobile_max_height":0,"ocean_header_custom_menu":"0","ocean_menu_typo_font_family":"0","ocean_menu_typo_font_subset":"","ocean_menu_typo_font_size":0,"ocean_menu_typo_font_size_tablet":0,"ocean_menu_typo_font_size_mobile":0,"ocean_menu_typo_font_size_unit":"px","ocean_menu_typo_font_weight":"","ocean_menu_typo_font_weight_tablet":"","ocean_menu_typo_font_weight_mobile":"","ocean_menu_typo_transform":"","ocean_menu_typo_transform_tablet":"","ocean_menu_typo_transform_mobile":"","ocean_menu_typo_line_height":0,"ocean_menu_typo_line_height_tablet":0,"ocean_menu_typo_line_height_mobile":0,"ocean_menu_typo_line_height_unit":"","ocean_menu_typo_spacing":0,"ocean_menu_typo_spacing_tablet":0,"ocean_menu_typo_spacing_mobile":0,"ocean_menu_typo_spacing_unit":"","ocean_menu_link_color":"","ocean_menu_link_color_hover":"","ocean_menu_link_color_active":"","ocean_menu_link_background":"","ocean_menu_link_hover_background":"","ocean_menu_link_active_background":"","ocean_menu_social_links_bg":"","ocean_menu_social_hover_links_bg":"","ocean_menu_social_links_color":"","ocean_menu_social_hover_links_color":"","ocean_disable_title":"default","ocean_disable_heading":"default","ocean_post_title":"","ocean_post_subheading":"","ocean_post_title_style":"","ocean_post_title_background_color":"","ocean_post_title_background":0,"ocean_post_title_bg_image_position":"","ocean_post_title_bg_image_attachment":"","ocean_post_title_bg_image_repeat":"","ocean_post_title_bg_image_size":"","ocean_post_title_height":0,"ocean_post_title_bg_overlay":0.5,"ocean_post_title_bg_overlay_color":"","ocean_disable_breadcrumbs":"default","ocean_breadcrumbs_color":"","ocean_breadcrumbs_separator_color":"","ocean_breadcrumbs_links_color":"","ocean_breadcrumbs_links_hover_color":"","ocean_display_footer_widgets":"default","ocean_display_footer_bottom":"default","ocean_custom_footer_template":"0"},"product_brand":[27],"product_cat":[88],"product_tag":[],"class_list":{"0":"post-10208","1":"product","2":"type-product","3":"status-publish","4":"has-post-thumbnail","6":"product_brand-asus","7":"product_cat-moniteur-27","8":"product_shipping_class-non-expediable","10":"entry","11":"has-media","13":"first","14":"instock","15":"taxable","16":"shipping-taxable","17":"purchasable","18":"product-type-simple","19":"has-product-nav","20":"col","21":"span_1_of_4","22":"owp-content-center","23":"owp-thumbs-layout-horizontal","24":"owp-btn-big","25":"owp-tabs-layout-horizontal","26":"has-no-thumbnails"},"yoast_head":"<!-- This site is optimized with the Yoast SEO plugin v27.3 - https:\/\/yoast.com\/product\/yoast-seo-wordpress\/ -->\n<title>ASUS TUF GAMING VG279Q5A \/ 27 Pouces - Epsilon PC<\/title>\n<meta name=\"robots\" content=\"index, follow, max-snippet:-1, max-image-preview:large, max-video-preview:-1\" \/>\n<link rel=\"canonical\" href=\"https:\/\/www.epsilon-pc.fr\/index.php\/produit\/asus-tuf-gaming-vg279q5a-ecran-plat-de-pc\/\" \/>\n<meta property=\"og:locale\" content=\"fr_FR\" \/>\n<meta property=\"og:type\" content=\"article\" \/>\n<meta property=\"og:title\" content=\"ASUS TUF GAMING VG279Q5A \/ 27 Pouces - Epsilon PC\" \/>\n<meta property=\"og:description\" content=\"\ud83e\udd85 ASUS : L&#039;affichage sans compromis pour les joueurs et les cr\u00e9ateurs  Que vous cherchiez la fluidit\u00e9 absolue en jeu ou une colorim\u00e9trie parfaite pour le montage, ASUS propose des dalles de tr\u00e8s haute qualit\u00e9.   \ud83d\udc51 ROG &amp; TUF Gaming : Des fr\u00e9quences de rafra\u00eechissement extr\u00eames, des temps de r\u00e9ponse minimes et une compatibilit\u00e9 G-Sync\/FreeSync pour une fluidit\u00e9 parfaite.  \ud83c\udfa8 ProArt : Des \u00e9crans pr\u00e9-calibr\u00e9s en usine, destin\u00e9s aux professionnels de l&#039;image exigeant une fid\u00e9lit\u00e9 absolue des couleurs.\" \/>\n<meta property=\"og:url\" content=\"https:\/\/www.epsilon-pc.fr\/index.php\/produit\/asus-tuf-gaming-vg279q5a-ecran-plat-de-pc\/\" \/>\n<meta property=\"og:site_name\" content=\"Epsilon PC\" \/>\n<meta property=\"article:modified_time\" content=\"2026-04-01T11:43:09+00:00\" \/>\n<meta property=\"og:image\" content=\"http:\/\/www.epsilon-pc.fr\/wp-content\/uploads\/2026\/03\/asus-vg279q5a.jpg\" \/>\n\t<meta property=\"og:image:width\" content=\"800\" \/>\n\t<meta property=\"og:image:height\" content=\"800\" \/>\n\t<meta property=\"og:image:type\" content=\"image\/jpeg\" \/>\n<meta name=\"twitter:card\" content=\"summary_large_image\" \/>\n<meta name=\"twitter:label1\" content=\"Dur\u00e9e de lecture estim\u00e9e\" \/>\n\t<meta name=\"twitter:data1\" content=\"3 minutes\" \/>\n<script type=\"application\/ld+json\" class=\"yoast-schema-graph\">{\"@context\":\"https:\\\/\\\/schema.org\",\"@graph\":[{\"@type\":\"WebPage\",\"@id\":\"https:\\\/\\\/www.epsilon-pc.fr\\\/index.php\\\/produit\\\/asus-tuf-gaming-vg279q5a-ecran-plat-de-pc\\\/\",\"url\":\"https:\\\/\\\/www.epsilon-pc.fr\\\/index.php\\\/produit\\\/asus-tuf-gaming-vg279q5a-ecran-plat-de-pc\\\/\",\"name\":\"ASUS TUF GAMING VG279Q5A \\\/ 27 Pouces - Epsilon PC\",\"isPartOf\":{\"@id\":\"https:\\\/\\\/www.epsilon-pc.fr\\\/#website\"},\"primaryImageOfPage\":{\"@id\":\"https:\\\/\\\/www.epsilon-pc.fr\\\/index.php\\\/produit\\\/asus-tuf-gaming-vg279q5a-ecran-plat-de-pc\\\/#primaryimage\"},\"image\":{\"@id\":\"https:\\\/\\\/www.epsilon-pc.fr\\\/index.php\\\/produit\\\/asus-tuf-gaming-vg279q5a-ecran-plat-de-pc\\\/#primaryimage\"},\"thumbnailUrl\":\"https:\\\/\\\/www.epsilon-pc.fr\\\/wp-content\\\/uploads\\\/2026\\\/03\\\/asus-vg279q5a.jpg\",\"datePublished\":\"2026-03-20T10:30:26+00:00\",\"dateModified\":\"2026-04-01T11:43:09+00:00\",\"breadcrumb\":{\"@id\":\"https:\\\/\\\/www.epsilon-pc.fr\\\/index.php\\\/produit\\\/asus-tuf-gaming-vg279q5a-ecran-plat-de-pc\\\/#breadcrumb\"},\"inLanguage\":\"fr-FR\",\"potentialAction\":[{\"@type\":\"ReadAction\",\"target\":[\"https:\\\/\\\/www.epsilon-pc.fr\\\/index.php\\\/produit\\\/asus-tuf-gaming-vg279q5a-ecran-plat-de-pc\\\/\"]}]},{\"@type\":\"ImageObject\",\"inLanguage\":\"fr-FR\",\"@id\":\"https:\\\/\\\/www.epsilon-pc.fr\\\/index.php\\\/produit\\\/asus-tuf-gaming-vg279q5a-ecran-plat-de-pc\\\/#primaryimage\",\"url\":\"https:\\\/\\\/www.epsilon-pc.fr\\\/wp-content\\\/uploads\\\/2026\\\/03\\\/asus-vg279q5a.jpg\",\"contentUrl\":\"https:\\\/\\\/www.epsilon-pc.fr\\\/wp-content\\\/uploads\\\/2026\\\/03\\\/asus-vg279q5a.jpg\",\"width\":800,\"height\":800},{\"@type\":\"BreadcrumbList\",\"@id\":\"https:\\\/\\\/www.epsilon-pc.fr\\\/index.php\\\/produit\\\/asus-tuf-gaming-vg279q5a-ecran-plat-de-pc\\\/#breadcrumb\",\"itemListElement\":[{\"@type\":\"ListItem\",\"position\":1,\"name\":\"Accueil\",\"item\":\"https:\\\/\\\/www.epsilon-pc.fr\\\/\"},{\"@type\":\"ListItem\",\"position\":2,\"name\":\"Boutique\",\"item\":\"https:\\\/\\\/www.epsilon-pc.fr\\\/index.php\\\/boutique\\\/\"},{\"@type\":\"ListItem\",\"position\":3,\"name\":\"ASUS TUF GAMING VG279Q5A \\\/ 27 Pouces\"}]},{\"@type\":\"WebSite\",\"@id\":\"https:\\\/\\\/www.epsilon-pc.fr\\\/#website\",\"url\":\"https:\\\/\\\/www.epsilon-pc.fr\\\/\",\"name\":\"Epsilon PC\",\"description\":\"\",\"publisher\":{\"@id\":\"https:\\\/\\\/www.epsilon-pc.fr\\\/#organization\"},\"potentialAction\":[{\"@type\":\"SearchAction\",\"target\":{\"@type\":\"EntryPoint\",\"urlTemplate\":\"https:\\\/\\\/www.epsilon-pc.fr\\\/?s={search_term_string}\"},\"query-input\":{\"@type\":\"PropertyValueSpecification\",\"valueRequired\":true,\"valueName\":\"search_term_string\"}}],\"inLanguage\":\"fr-FR\"},{\"@type\":\"Organization\",\"@id\":\"https:\\\/\\\/www.epsilon-pc.fr\\\/#organization\",\"name\":\"Epsilon PC\",\"url\":\"https:\\\/\\\/www.epsilon-pc.fr\\\/\",\"logo\":{\"@type\":\"ImageObject\",\"inLanguage\":\"fr-FR\",\"@id\":\"https:\\\/\\\/www.epsilon-pc.fr\\\/#\\\/schema\\\/logo\\\/image\\\/\",\"url\":\"https:\\\/\\\/www.epsilon-pc.fr\\\/wp-content\\\/uploads\\\/2026\\\/02\\\/cropped-LogoEpsi-1.bmp\",\"contentUrl\":\"https:\\\/\\\/www.epsilon-pc.fr\\\/wp-content\\\/uploads\\\/2026\\\/02\\\/cropped-LogoEpsi-1.bmp\",\"width\":191,\"height\":59,\"caption\":\"Epsilon PC\"},\"image\":{\"@id\":\"https:\\\/\\\/www.epsilon-pc.fr\\\/#\\\/schema\\\/logo\\\/image\\\/\"}}]}<\/script>\n<!-- \/ Yoast SEO plugin. -->","yoast_head_json":{"title":"ASUS TUF GAMING VG279Q5A \/ 27 Pouces - Epsilon PC","robots":{"index":"index","follow":"follow","max-snippet":"max-snippet:-1","max-image-preview":"max-image-preview:large","max-video-preview":"max-video-preview:-1"},"canonical":"https:\/\/www.epsilon-pc.fr\/index.php\/produit\/asus-tuf-gaming-vg279q5a-ecran-plat-de-pc\/","og_locale":"fr_FR","og_type":"article","og_title":"ASUS TUF GAMING VG279Q5A \/ 27 Pouces - Epsilon PC","og_description":"\ud83e\udd85 ASUS : L'affichage sans compromis pour les joueurs et les cr\u00e9ateurs  Que vous cherchiez la fluidit\u00e9 absolue en jeu ou une colorim\u00e9trie parfaite pour le montage, ASUS propose des dalles de tr\u00e8s haute qualit\u00e9.   \ud83d\udc51 ROG &amp; TUF Gaming : Des fr\u00e9quences de rafra\u00eechissement extr\u00eames, des temps de r\u00e9ponse minimes et une compatibilit\u00e9 G-Sync\/FreeSync pour une fluidit\u00e9 parfaite.  \ud83c\udfa8 ProArt : Des \u00e9crans pr\u00e9-calibr\u00e9s en usine, destin\u00e9s aux professionnels de l'image exigeant une fid\u00e9lit\u00e9 absolue des couleurs.","og_url":"https:\/\/www.epsilon-pc.fr\/index.php\/produit\/asus-tuf-gaming-vg279q5a-ecran-plat-de-pc\/","og_site_name":"Epsilon PC","article_modified_time":"2026-04-01T11:43:09+00:00","og_image":[{"width":800,"height":800,"url":"http:\/\/www.epsilon-pc.fr\/wp-content\/uploads\/2026\/03\/asus-vg279q5a.jpg","type":"image\/jpeg"}],"twitter_card":"summary_large_image","twitter_misc":{"Dur\u00e9e de lecture estim\u00e9e":"3 minutes"},"schema":{"@context":"https:\/\/schema.org","@graph":[{"@type":"WebPage","@id":"https:\/\/www.epsilon-pc.fr\/index.php\/produit\/asus-tuf-gaming-vg279q5a-ecran-plat-de-pc\/","url":"https:\/\/www.epsilon-pc.fr\/index.php\/produit\/asus-tuf-gaming-vg279q5a-ecran-plat-de-pc\/","name":"ASUS TUF GAMING VG279Q5A \/ 27 Pouces - Epsilon PC","isPartOf":{"@id":"https:\/\/www.epsilon-pc.fr\/#website"},"primaryImageOfPage":{"@id":"https:\/\/www.epsilon-pc.fr\/index.php\/produit\/asus-tuf-gaming-vg279q5a-ecran-plat-de-pc\/#primaryimage"},"image":{"@id":"https:\/\/www.epsilon-pc.fr\/index.php\/produit\/asus-tuf-gaming-vg279q5a-ecran-plat-de-pc\/#primaryimage"},"thumbnailUrl":"https:\/\/www.epsilon-pc.fr\/wp-content\/uploads\/2026\/03\/asus-vg279q5a.jpg","datePublished":"2026-03-20T10:30:26+00:00","dateModified":"2026-04-01T11:43:09+00:00","breadcrumb":{"@id":"https:\/\/www.epsilon-pc.fr\/index.php\/produit\/asus-tuf-gaming-vg279q5a-ecran-plat-de-pc\/#breadcrumb"},"inLanguage":"fr-FR","potentialAction":[{"@type":"ReadAction","target":["https:\/\/www.epsilon-pc.fr\/index.php\/produit\/asus-tuf-gaming-vg279q5a-ecran-plat-de-pc\/"]}]},{"@type":"ImageObject","inLanguage":"fr-FR","@id":"https:\/\/www.epsilon-pc.fr\/index.php\/produit\/asus-tuf-gaming-vg279q5a-ecran-plat-de-pc\/#primaryimage","url":"https:\/\/www.epsilon-pc.fr\/wp-content\/uploads\/2026\/03\/asus-vg279q5a.jpg","contentUrl":"https:\/\/www.epsilon-pc.fr\/wp-content\/uploads\/2026\/03\/asus-vg279q5a.jpg","width":800,"height":800},{"@type":"BreadcrumbList","@id":"https:\/\/www.epsilon-pc.fr\/index.php\/produit\/asus-tuf-gaming-vg279q5a-ecran-plat-de-pc\/#breadcrumb","itemListElement":[{"@type":"ListItem","position":1,"name":"Accueil","item":"https:\/\/www.epsilon-pc.fr\/"},{"@type":"ListItem","position":2,"name":"Boutique","item":"https:\/\/www.epsilon-pc.fr\/index.php\/boutique\/"},{"@type":"ListItem","position":3,"name":"ASUS TUF GAMING VG279Q5A \/ 27 Pouces"}]},{"@type":"WebSite","@id":"https:\/\/www.epsilon-pc.fr\/#website","url":"https:\/\/www.epsilon-pc.fr\/","name":"Epsilon PC","description":"","publisher":{"@id":"https:\/\/www.epsilon-pc.fr\/#organization"},"potentialAction":[{"@type":"SearchAction","target":{"@type":"EntryPoint","urlTemplate":"https:\/\/www.epsilon-pc.fr\/?s={search_term_string}"},"query-input":{"@type":"PropertyValueSpecification","valueRequired":true,"valueName":"search_term_string"}}],"inLanguage":"fr-FR"},{"@type":"Organization","@id":"https:\/\/www.epsilon-pc.fr\/#organization","name":"Epsilon PC","url":"https:\/\/www.epsilon-pc.fr\/","logo":{"@type":"ImageObject","inLanguage":"fr-FR","@id":"https:\/\/www.epsilon-pc.fr\/#\/schema\/logo\/image\/","url":"https:\/\/www.epsilon-pc.fr\/wp-content\/uploads\/2026\/02\/cropped-LogoEpsi-1.bmp","contentUrl":"https:\/\/www.epsilon-pc.fr\/wp-content\/uploads\/2026\/02\/cropped-LogoEpsi-1.bmp","width":191,"height":59,"caption":"Epsilon PC"},"image":{"@id":"https:\/\/www.epsilon-pc.fr\/#\/schema\/logo\/image\/"}}]}},"_links":{"self":[{"href":"https:\/\/www.epsilon-pc.fr\/index.php\/wp-json\/wp\/v2\/product\/10208","targetHints":{"allow":["GET"]}}],"collection":[{"href":"https:\/\/www.epsilon-pc.fr\/index.php\/wp-json\/wp\/v2\/product"}],"about":[{"href":"https:\/\/www.epsilon-pc.fr\/index.php\/wp-json\/wp\/v2\/types\/product"}],"wp:featuredmedia":[{"embeddable":true,"href":"https:\/\/www.epsilon-pc.fr\/index.php\/wp-json\/wp\/v2\/media\/10207"}],"wp:attachment":[{"href":"https:\/\/www.epsilon-pc.fr\/index.php\/wp-json\/wp\/v2\/media?parent=10208"}],"wp:term":[{"taxonomy":"product_brand","embeddable":true,"href":"https:\/\/www.epsilon-pc.fr\/index.php\/wp-json\/wp\/v2\/product_brand?post=10208"},{"taxonomy":"product_cat","embeddable":true,"href":"https:\/\/www.epsilon-pc.fr\/index.php\/wp-json\/wp\/v2\/product_cat?post=10208"},{"taxonomy":"product_tag","embeddable":true,"href":"https:\/\/www.epsilon-pc.fr\/index.php\/wp-json\/wp\/v2\/product_tag?post=10208"}],"curies":[{"name":"wp","href":"https:\/\/api.w.org\/{rel}","templated":true}]}}