{"id":10058,"date":"2026-03-19T16:45:31","date_gmt":"2026-03-19T15:45:31","guid":{"rendered":"https:\/\/www.epsilon-pc.fr\/index.php\/produit\/gigabyte-geforce-rtx-5050-d6-8g-carte\/"},"modified":"2026-04-03T09:43:14","modified_gmt":"2026-04-03T07:43:14","slug":"gigabyte-geforce-rtx-5050-d6-8g-carte","status":"publish","type":"product","link":"https:\/\/www.epsilon-pc.fr\/index.php\/produit\/gigabyte-geforce-rtx-5050-d6-8g-carte\/","title":{"rendered":"GIGABYTE GEFORCE RTX 5050 8GO"},"content":{"rendered":"<dl class=\"data-sheet\">\n<dt class=\"name\">Couleur du produit<\/dt>\n<dd class=\"value\">Noir<\/dd>\n<dt class=\"name\">Format<\/dt>\n<dd class=\"value\">Full-Height\/Half-Length (FH\/HL)<\/dd>\n<dt class=\"name\">Hauteur<\/dt>\n<dd class=\"value\">111 mm<\/dd>\n<dt class=\"name\">Hauteur du colis<\/dt>\n<dd class=\"value\">50 mm<\/dd>\n<dt class=\"name\">Largeur du colis<\/dt>\n<dd class=\"value\">210 mm<\/dd>\n<dt class=\"name\">Poids<\/dt>\n<dd class=\"value\">710 g<\/dd>\n<dt class=\"name\">Poids du paquet<\/dt>\n<dd class=\"value\">1,43 kg<\/dd>\n<dt class=\"name\">Profondeur<\/dt>\n<dd class=\"value\">42 mm<\/dd>\n<dt class=\"name\">Profondeur du colis<\/dt>\n<dd class=\"value\">295 mm<\/dd>\n<dt class=\"name\">Type d&#8217;emballage<\/dt>\n<dd class=\"value\">Bo\u00eete<\/dd>\n<dt class=\"name\">Quantit\u00e9 de ports HDMI<\/dt>\n<dd class=\"value\">2<\/dd>\n<dt class=\"name\">Diam\u00e8tre du ventilateur<\/dt>\n<dd class=\"value\">9 mm<\/dd>\n<dt class=\"name\">Nombre de ventilateurs<\/dt>\n<dd class=\"value\">1 ventilateur(s)<\/dd>\n<dt class=\"name\">Type de refroidissement<\/dt>\n<dd class=\"value\">Actif<\/dd>\n<dt class=\"name\">Quantit\u00e9 d&rsquo;interface DisplayPorts<\/dt>\n<dd class=\"value\">2<\/dd>\n<dt class=\"name\">R\u00e9solution maximale<\/dt>\n<dd class=\"value\">7680 x 4320 pixels<\/dd>\n<dt class=\"name\">Technologie de Traitement en parall\u00e8le<\/dt>\n<dd class=\"value\">Non pris en charge<\/dd>\n<dt class=\"name\">Version HDMI<\/dt>\n<dd class=\"value\">2.1b<\/dd>\n<dt class=\"name\">Version de DisplayPort<\/dt>\n<dd class=\"value\">2.1b<\/dd>\n<dt class=\"name\">Taux de transfert des donn\u00e9es<\/dt>\n<dd class=\"value\">20 Gbit\/s<\/dd>\n<dt class=\"name\">Fr\u00e9quence de la m\u00e9moire<\/dt>\n<dd class=\"value\">20000 MHz<\/dd>\n<dt class=\"name\">M\u00e9moire carte graphique distincte<\/dt>\n<dd class=\"value\">8 Go<\/dd>\n<dt class=\"name\">NVIDIA G-SYNC<\/dt>\n<dd class=\"value\">Oui<\/dd>\n<dt class=\"name\">Fr\u00e9quence du processeur<\/dt>\n<dd class=\"value\">2572 MHz<\/dd>\n<dt class=\"name\">Synthoniseur TV int\u00e9gr\u00e9<\/dt>\n<dd class=\"value\">Non<\/dd>\n<dt class=\"name\">Affichages max par carte graphique<\/dt>\n<dd class=\"value\">4<\/dd>\n<dt class=\"name\">Alimentation minimum support\u00e9e<\/dt>\n<dd class=\"value\">550 W<\/dd>\n<dt class=\"name\">CUDA<\/dt>\n<dd class=\"value\">Oui<\/dd>\n<dt class=\"name\">DVI dual-link<\/dt>\n<dd class=\"value\">Non<\/dd>\n<dt class=\"name\">M\u00e9moire Bus<\/dt>\n<dd class=\"value\">128 bit<\/dd>\n<dt class=\"name\">Noyaux CUDA<\/dt>\n<dd class=\"value\">2560<\/dd>\n<dt class=\"name\">Prises de courant supplementaires<\/dt>\n<dd class=\"value\">1x 8-pin<\/dd>\n<dt class=\"name\">Processeur graphique<\/dt>\n<dd class=\"value\">GeForce RTX 5050<\/dd>\n<dt class=\"name\">Processeur graphique famille<\/dt>\n<dd class=\"value\">NVIDIA<\/dd>\n<dt class=\"name\">Type d&rsquo;interface<\/dt>\n<dd class=\"value\">PCI Express 5.0<\/dd>\n<dt class=\"name\">Type de m\u00e9moire de l&rsquo;adaptateur graphique<\/dt>\n<dd class=\"value\">GDDR6<\/dd>\n<dt class=\"name\">Version OpenGL<\/dt>\n<dd class=\"value\">4.6<\/dd>\n<dt class=\"name\">Enveloppe thermique (TDP, Thermal Design Power)<\/dt>\n<dd class=\"value\">94 W<\/dd>\n<dt class=\"name\">Longueur du produit<\/dt>\n<dd class=\"value\">145 mm<\/dd>\n<dt class=\"name\">Version DirectX<\/dt>\n<dd class=\"value\">12.0<\/dd>\n<\/dl>\n","protected":false},"excerpt":{"rendered":"<p>Couleur du produit Noir Format Full-Height\/Half-Length (FH\/HL) Hauteur 111 mm Hauteur du colis 50 mm Largeur du colis 210 mm Poids 710 g Poids du paquet 1,43 kg Profondeur 42 mm Profondeur du colis 295 mm Type d&#8217;emballage Bo\u00eete Quantit\u00e9 de ports HDMI 2 Diam\u00e8tre du ventilateur 9 mm Nombre de ventilateurs 1 ventilateur(s) Type [&hellip;]<\/p>\n","protected":false},"featured_media":10057,"template":"","meta":{"ocean_post_layout":"","ocean_both_sidebars_style":"","ocean_both_sidebars_content_width":0,"ocean_both_sidebars_sidebars_width":0,"ocean_sidebar":"0","ocean_second_sidebar":"0","ocean_disable_margins":"enable","ocean_add_body_class":"","ocean_shortcode_before_top_bar":"","ocean_shortcode_after_top_bar":"","ocean_shortcode_before_header":"","ocean_shortcode_after_header":"","ocean_has_shortcode":"","ocean_shortcode_after_title":"","ocean_shortcode_before_footer_widgets":"","ocean_shortcode_after_footer_widgets":"","ocean_shortcode_before_footer_bottom":"","ocean_shortcode_after_footer_bottom":"","ocean_display_top_bar":"default","ocean_display_header":"default","ocean_header_style":"","ocean_center_header_left_menu":"0","ocean_custom_header_template":"0","ocean_custom_logo":0,"ocean_custom_retina_logo":0,"ocean_custom_logo_max_width":0,"ocean_custom_logo_tablet_max_width":0,"ocean_custom_logo_mobile_max_width":0,"ocean_custom_logo_max_height":0,"ocean_custom_logo_tablet_max_height":0,"ocean_custom_logo_mobile_max_height":0,"ocean_header_custom_menu":"0","ocean_menu_typo_font_family":"0","ocean_menu_typo_font_subset":"","ocean_menu_typo_font_size":0,"ocean_menu_typo_font_size_tablet":0,"ocean_menu_typo_font_size_mobile":0,"ocean_menu_typo_font_size_unit":"px","ocean_menu_typo_font_weight":"","ocean_menu_typo_font_weight_tablet":"","ocean_menu_typo_font_weight_mobile":"","ocean_menu_typo_transform":"","ocean_menu_typo_transform_tablet":"","ocean_menu_typo_transform_mobile":"","ocean_menu_typo_line_height":0,"ocean_menu_typo_line_height_tablet":0,"ocean_menu_typo_line_height_mobile":0,"ocean_menu_typo_line_height_unit":"","ocean_menu_typo_spacing":0,"ocean_menu_typo_spacing_tablet":0,"ocean_menu_typo_spacing_mobile":0,"ocean_menu_typo_spacing_unit":"","ocean_menu_link_color":"","ocean_menu_link_color_hover":"","ocean_menu_link_color_active":"","ocean_menu_link_background":"","ocean_menu_link_hover_background":"","ocean_menu_link_active_background":"","ocean_menu_social_links_bg":"","ocean_menu_social_hover_links_bg":"","ocean_menu_social_links_color":"","ocean_menu_social_hover_links_color":"","ocean_disable_title":"default","ocean_disable_heading":"default","ocean_post_title":"","ocean_post_subheading":"","ocean_post_title_style":"","ocean_post_title_background_color":"","ocean_post_title_background":0,"ocean_post_title_bg_image_position":"","ocean_post_title_bg_image_attachment":"","ocean_post_title_bg_image_repeat":"","ocean_post_title_bg_image_size":"","ocean_post_title_height":0,"ocean_post_title_bg_overlay":0.5,"ocean_post_title_bg_overlay_color":"","ocean_disable_breadcrumbs":"default","ocean_breadcrumbs_color":"","ocean_breadcrumbs_separator_color":"","ocean_breadcrumbs_links_color":"","ocean_breadcrumbs_links_hover_color":"","ocean_display_footer_widgets":"default","ocean_display_footer_bottom":"default","ocean_custom_footer_template":"0"},"product_brand":[28],"product_cat":[45],"product_tag":[],"class_list":{"0":"post-10058","1":"product","2":"type-product","3":"status-publish","4":"has-post-thumbnail","6":"product_brand-gigabyte","7":"product_cat-carte-graphique","9":"entry","10":"has-media","12":"first","13":"instock","14":"taxable","15":"shipping-taxable","16":"purchasable","17":"product-type-simple","18":"has-product-nav","19":"col","20":"span_1_of_4","21":"owp-content-center","22":"owp-thumbs-layout-horizontal","23":"owp-btn-big","24":"owp-tabs-layout-horizontal","25":"has-no-thumbnails"},"yoast_head":"<!-- This site is optimized with the Yoast SEO plugin v27.3 - https:\/\/yoast.com\/product\/yoast-seo-wordpress\/ -->\n<title>GIGABYTE GEFORCE RTX 5050 8GO - Epsilon PC<\/title>\n<meta name=\"robots\" content=\"index, follow, max-snippet:-1, max-image-preview:large, max-video-preview:-1\" \/>\n<link rel=\"canonical\" href=\"https:\/\/www.epsilon-pc.fr\/index.php\/produit\/gigabyte-geforce-rtx-5050-d6-8g-carte\/\" \/>\n<meta property=\"og:locale\" content=\"fr_FR\" \/>\n<meta property=\"og:type\" content=\"article\" \/>\n<meta property=\"og:title\" content=\"GIGABYTE GEFORCE RTX 5050 8GO - Epsilon PC\" \/>\n<meta property=\"og:description\" content=\"Couleur du produit Noir Format Full-Height\/Half-Length (FH\/HL) Hauteur 111 mm Hauteur du colis 50 mm Largeur du colis 210 mm Poids 710 g Poids du paquet 1,43 kg Profondeur 42 mm Profondeur du colis 295 mm Type d&#8217;emballage Bo\u00eete Quantit\u00e9 de ports HDMI 2 Diam\u00e8tre du ventilateur 9 mm Nombre de ventilateurs 1 ventilateur(s) Type [&hellip;]\" \/>\n<meta property=\"og:url\" content=\"https:\/\/www.epsilon-pc.fr\/index.php\/produit\/gigabyte-geforce-rtx-5050-d6-8g-carte\/\" \/>\n<meta property=\"og:site_name\" content=\"Epsilon PC\" \/>\n<meta property=\"article:modified_time\" content=\"2026-04-03T07:43:14+00:00\" \/>\n<meta property=\"og:image\" content=\"http:\/\/www.epsilon-pc.fr\/wp-content\/uploads\/2026\/03\/gigabyte-rtx-5050-d6-8gd.jpg\" \/>\n\t<meta property=\"og:image:width\" content=\"800\" \/>\n\t<meta property=\"og:image:height\" content=\"800\" \/>\n\t<meta property=\"og:image:type\" content=\"image\/jpeg\" \/>\n<meta name=\"twitter:card\" content=\"summary_large_image\" \/>\n<meta name=\"twitter:label1\" content=\"Dur\u00e9e de lecture estim\u00e9e\" \/>\n\t<meta name=\"twitter:data1\" content=\"2 minutes\" \/>\n<script type=\"application\/ld+json\" class=\"yoast-schema-graph\">{\"@context\":\"https:\\\/\\\/schema.org\",\"@graph\":[{\"@type\":\"WebPage\",\"@id\":\"https:\\\/\\\/www.epsilon-pc.fr\\\/index.php\\\/produit\\\/gigabyte-geforce-rtx-5050-d6-8g-carte\\\/\",\"url\":\"https:\\\/\\\/www.epsilon-pc.fr\\\/index.php\\\/produit\\\/gigabyte-geforce-rtx-5050-d6-8g-carte\\\/\",\"name\":\"GIGABYTE GEFORCE RTX 5050 8GO - Epsilon PC\",\"isPartOf\":{\"@id\":\"https:\\\/\\\/www.epsilon-pc.fr\\\/#website\"},\"primaryImageOfPage\":{\"@id\":\"https:\\\/\\\/www.epsilon-pc.fr\\\/index.php\\\/produit\\\/gigabyte-geforce-rtx-5050-d6-8g-carte\\\/#primaryimage\"},\"image\":{\"@id\":\"https:\\\/\\\/www.epsilon-pc.fr\\\/index.php\\\/produit\\\/gigabyte-geforce-rtx-5050-d6-8g-carte\\\/#primaryimage\"},\"thumbnailUrl\":\"https:\\\/\\\/www.epsilon-pc.fr\\\/wp-content\\\/uploads\\\/2026\\\/03\\\/gigabyte-rtx-5050-d6-8gd.jpg\",\"datePublished\":\"2026-03-19T15:45:31+00:00\",\"dateModified\":\"2026-04-03T07:43:14+00:00\",\"breadcrumb\":{\"@id\":\"https:\\\/\\\/www.epsilon-pc.fr\\\/index.php\\\/produit\\\/gigabyte-geforce-rtx-5050-d6-8g-carte\\\/#breadcrumb\"},\"inLanguage\":\"fr-FR\",\"potentialAction\":[{\"@type\":\"ReadAction\",\"target\":[\"https:\\\/\\\/www.epsilon-pc.fr\\\/index.php\\\/produit\\\/gigabyte-geforce-rtx-5050-d6-8g-carte\\\/\"]}]},{\"@type\":\"ImageObject\",\"inLanguage\":\"fr-FR\",\"@id\":\"https:\\\/\\\/www.epsilon-pc.fr\\\/index.php\\\/produit\\\/gigabyte-geforce-rtx-5050-d6-8g-carte\\\/#primaryimage\",\"url\":\"https:\\\/\\\/www.epsilon-pc.fr\\\/wp-content\\\/uploads\\\/2026\\\/03\\\/gigabyte-rtx-5050-d6-8gd.jpg\",\"contentUrl\":\"https:\\\/\\\/www.epsilon-pc.fr\\\/wp-content\\\/uploads\\\/2026\\\/03\\\/gigabyte-rtx-5050-d6-8gd.jpg\",\"width\":800,\"height\":800},{\"@type\":\"BreadcrumbList\",\"@id\":\"https:\\\/\\\/www.epsilon-pc.fr\\\/index.php\\\/produit\\\/gigabyte-geforce-rtx-5050-d6-8g-carte\\\/#breadcrumb\",\"itemListElement\":[{\"@type\":\"ListItem\",\"position\":1,\"name\":\"Accueil\",\"item\":\"https:\\\/\\\/www.epsilon-pc.fr\\\/\"},{\"@type\":\"ListItem\",\"position\":2,\"name\":\"Boutique\",\"item\":\"https:\\\/\\\/www.epsilon-pc.fr\\\/index.php\\\/boutique\\\/\"},{\"@type\":\"ListItem\",\"position\":3,\"name\":\"GIGABYTE GEFORCE RTX 5050 8GO\"}]},{\"@type\":\"WebSite\",\"@id\":\"https:\\\/\\\/www.epsilon-pc.fr\\\/#website\",\"url\":\"https:\\\/\\\/www.epsilon-pc.fr\\\/\",\"name\":\"Epsilon PC\",\"description\":\"\",\"publisher\":{\"@id\":\"https:\\\/\\\/www.epsilon-pc.fr\\\/#organization\"},\"potentialAction\":[{\"@type\":\"SearchAction\",\"target\":{\"@type\":\"EntryPoint\",\"urlTemplate\":\"https:\\\/\\\/www.epsilon-pc.fr\\\/?s={search_term_string}\"},\"query-input\":{\"@type\":\"PropertyValueSpecification\",\"valueRequired\":true,\"valueName\":\"search_term_string\"}}],\"inLanguage\":\"fr-FR\"},{\"@type\":\"Organization\",\"@id\":\"https:\\\/\\\/www.epsilon-pc.fr\\\/#organization\",\"name\":\"Epsilon PC\",\"url\":\"https:\\\/\\\/www.epsilon-pc.fr\\\/\",\"logo\":{\"@type\":\"ImageObject\",\"inLanguage\":\"fr-FR\",\"@id\":\"https:\\\/\\\/www.epsilon-pc.fr\\\/#\\\/schema\\\/logo\\\/image\\\/\",\"url\":\"https:\\\/\\\/www.epsilon-pc.fr\\\/wp-content\\\/uploads\\\/2026\\\/02\\\/cropped-LogoEpsi-1.bmp\",\"contentUrl\":\"https:\\\/\\\/www.epsilon-pc.fr\\\/wp-content\\\/uploads\\\/2026\\\/02\\\/cropped-LogoEpsi-1.bmp\",\"width\":191,\"height\":59,\"caption\":\"Epsilon PC\"},\"image\":{\"@id\":\"https:\\\/\\\/www.epsilon-pc.fr\\\/#\\\/schema\\\/logo\\\/image\\\/\"}}]}<\/script>\n<!-- \/ Yoast SEO plugin. -->","yoast_head_json":{"title":"GIGABYTE GEFORCE RTX 5050 8GO - Epsilon PC","robots":{"index":"index","follow":"follow","max-snippet":"max-snippet:-1","max-image-preview":"max-image-preview:large","max-video-preview":"max-video-preview:-1"},"canonical":"https:\/\/www.epsilon-pc.fr\/index.php\/produit\/gigabyte-geforce-rtx-5050-d6-8g-carte\/","og_locale":"fr_FR","og_type":"article","og_title":"GIGABYTE GEFORCE RTX 5050 8GO - Epsilon PC","og_description":"Couleur du produit Noir Format Full-Height\/Half-Length (FH\/HL) Hauteur 111 mm Hauteur du colis 50 mm Largeur du colis 210 mm Poids 710 g Poids du paquet 1,43 kg Profondeur 42 mm Profondeur du colis 295 mm Type d&#8217;emballage Bo\u00eete Quantit\u00e9 de ports HDMI 2 Diam\u00e8tre du ventilateur 9 mm Nombre de ventilateurs 1 ventilateur(s) Type [&hellip;]","og_url":"https:\/\/www.epsilon-pc.fr\/index.php\/produit\/gigabyte-geforce-rtx-5050-d6-8g-carte\/","og_site_name":"Epsilon PC","article_modified_time":"2026-04-03T07:43:14+00:00","og_image":[{"width":800,"height":800,"url":"http:\/\/www.epsilon-pc.fr\/wp-content\/uploads\/2026\/03\/gigabyte-rtx-5050-d6-8gd.jpg","type":"image\/jpeg"}],"twitter_card":"summary_large_image","twitter_misc":{"Dur\u00e9e de lecture estim\u00e9e":"2 minutes"},"schema":{"@context":"https:\/\/schema.org","@graph":[{"@type":"WebPage","@id":"https:\/\/www.epsilon-pc.fr\/index.php\/produit\/gigabyte-geforce-rtx-5050-d6-8g-carte\/","url":"https:\/\/www.epsilon-pc.fr\/index.php\/produit\/gigabyte-geforce-rtx-5050-d6-8g-carte\/","name":"GIGABYTE GEFORCE RTX 5050 8GO - Epsilon PC","isPartOf":{"@id":"https:\/\/www.epsilon-pc.fr\/#website"},"primaryImageOfPage":{"@id":"https:\/\/www.epsilon-pc.fr\/index.php\/produit\/gigabyte-geforce-rtx-5050-d6-8g-carte\/#primaryimage"},"image":{"@id":"https:\/\/www.epsilon-pc.fr\/index.php\/produit\/gigabyte-geforce-rtx-5050-d6-8g-carte\/#primaryimage"},"thumbnailUrl":"https:\/\/www.epsilon-pc.fr\/wp-content\/uploads\/2026\/03\/gigabyte-rtx-5050-d6-8gd.jpg","datePublished":"2026-03-19T15:45:31+00:00","dateModified":"2026-04-03T07:43:14+00:00","breadcrumb":{"@id":"https:\/\/www.epsilon-pc.fr\/index.php\/produit\/gigabyte-geforce-rtx-5050-d6-8g-carte\/#breadcrumb"},"inLanguage":"fr-FR","potentialAction":[{"@type":"ReadAction","target":["https:\/\/www.epsilon-pc.fr\/index.php\/produit\/gigabyte-geforce-rtx-5050-d6-8g-carte\/"]}]},{"@type":"ImageObject","inLanguage":"fr-FR","@id":"https:\/\/www.epsilon-pc.fr\/index.php\/produit\/gigabyte-geforce-rtx-5050-d6-8g-carte\/#primaryimage","url":"https:\/\/www.epsilon-pc.fr\/wp-content\/uploads\/2026\/03\/gigabyte-rtx-5050-d6-8gd.jpg","contentUrl":"https:\/\/www.epsilon-pc.fr\/wp-content\/uploads\/2026\/03\/gigabyte-rtx-5050-d6-8gd.jpg","width":800,"height":800},{"@type":"BreadcrumbList","@id":"https:\/\/www.epsilon-pc.fr\/index.php\/produit\/gigabyte-geforce-rtx-5050-d6-8g-carte\/#breadcrumb","itemListElement":[{"@type":"ListItem","position":1,"name":"Accueil","item":"https:\/\/www.epsilon-pc.fr\/"},{"@type":"ListItem","position":2,"name":"Boutique","item":"https:\/\/www.epsilon-pc.fr\/index.php\/boutique\/"},{"@type":"ListItem","position":3,"name":"GIGABYTE GEFORCE RTX 5050 8GO"}]},{"@type":"WebSite","@id":"https:\/\/www.epsilon-pc.fr\/#website","url":"https:\/\/www.epsilon-pc.fr\/","name":"Epsilon PC","description":"","publisher":{"@id":"https:\/\/www.epsilon-pc.fr\/#organization"},"potentialAction":[{"@type":"SearchAction","target":{"@type":"EntryPoint","urlTemplate":"https:\/\/www.epsilon-pc.fr\/?s={search_term_string}"},"query-input":{"@type":"PropertyValueSpecification","valueRequired":true,"valueName":"search_term_string"}}],"inLanguage":"fr-FR"},{"@type":"Organization","@id":"https:\/\/www.epsilon-pc.fr\/#organization","name":"Epsilon PC","url":"https:\/\/www.epsilon-pc.fr\/","logo":{"@type":"ImageObject","inLanguage":"fr-FR","@id":"https:\/\/www.epsilon-pc.fr\/#\/schema\/logo\/image\/","url":"https:\/\/www.epsilon-pc.fr\/wp-content\/uploads\/2026\/02\/cropped-LogoEpsi-1.bmp","contentUrl":"https:\/\/www.epsilon-pc.fr\/wp-content\/uploads\/2026\/02\/cropped-LogoEpsi-1.bmp","width":191,"height":59,"caption":"Epsilon PC"},"image":{"@id":"https:\/\/www.epsilon-pc.fr\/#\/schema\/logo\/image\/"}}]}},"_links":{"self":[{"href":"https:\/\/www.epsilon-pc.fr\/index.php\/wp-json\/wp\/v2\/product\/10058","targetHints":{"allow":["GET"]}}],"collection":[{"href":"https:\/\/www.epsilon-pc.fr\/index.php\/wp-json\/wp\/v2\/product"}],"about":[{"href":"https:\/\/www.epsilon-pc.fr\/index.php\/wp-json\/wp\/v2\/types\/product"}],"wp:featuredmedia":[{"embeddable":true,"href":"https:\/\/www.epsilon-pc.fr\/index.php\/wp-json\/wp\/v2\/media\/10057"}],"wp:attachment":[{"href":"https:\/\/www.epsilon-pc.fr\/index.php\/wp-json\/wp\/v2\/media?parent=10058"}],"wp:term":[{"taxonomy":"product_brand","embeddable":true,"href":"https:\/\/www.epsilon-pc.fr\/index.php\/wp-json\/wp\/v2\/product_brand?post=10058"},{"taxonomy":"product_cat","embeddable":true,"href":"https:\/\/www.epsilon-pc.fr\/index.php\/wp-json\/wp\/v2\/product_cat?post=10058"},{"taxonomy":"product_tag","embeddable":true,"href":"https:\/\/www.epsilon-pc.fr\/index.php\/wp-json\/wp\/v2\/product_tag?post=10058"}],"curies":[{"name":"wp","href":"https:\/\/api.w.org\/{rel}","templated":true}]}}