{"id":85,"date":"2026-02-10T10:35:20","date_gmt":"2026-02-10T09:35:20","guid":{"rendered":"https:\/\/www.epsilon-pc.fr\/?page_id=85"},"modified":"2026-03-27T10:21:42","modified_gmt":"2026-03-27T09:21:42","slug":"configurations-pc-pc-portable","status":"publish","type":"page","link":"https:\/\/www.epsilon-pc.fr\/index.php\/configurations-pc-pc-portable\/","title":{"rendered":"Configs PC \/ PC Portable"},"content":{"rendered":"\t\t<div data-elementor-type=\"wp-page\" data-elementor-id=\"85\" class=\"elementor elementor-85\">\n\t\t\t\t<div class=\"elementor-element elementor-element-0b36aa3 e-con-full e-flex e-con e-parent\" data-id=\"0b36aa3\" data-element_type=\"container\" data-e-type=\"container\" data-settings=\"{&quot;background_background&quot;:&quot;classic&quot;}\">\n\t\t\t\t<\/div>\n\t\t<div class=\"elementor-element elementor-element-eb46df9 e-con-full e-flex e-con e-parent\" data-id=\"eb46df9\" data-element_type=\"container\" data-e-type=\"container\">\n\t\t<div class=\"elementor-element elementor-element-99b2ee0 e-con-full e-flex e-con e-child\" data-id=\"99b2ee0\" data-element_type=\"container\" data-e-type=\"container\">\n\t\t\t\t<div class=\"elementor-element elementor-element-12b7867 elementor-widget__width-initial elementor-widget elementor-widget-heading\" data-id=\"12b7867\" data-element_type=\"widget\" data-e-type=\"widget\" data-widget_type=\"heading.default\">\n\t\t\t\t\t<h2 class=\"elementor-heading-title elementor-size-default\">SELECTION PRINTEMPS 2026<\/h2>\t\t\t\t<\/div>\n\t\t\t\t<div class=\"elementor-element elementor-element-c9c2247 elementor-widget__width-initial elementor-widget elementor-widget-text-editor\" data-id=\"c9c2247\" data-element_type=\"widget\" data-e-type=\"widget\" data-widget_type=\"text-editor.default\">\n\t\t\t\t\t\t\t\t\t<p><strong>Vous trouverez ci-dessous un extrait de nos offres du moment.<br \/><\/strong><strong style=\"font-size: 14px;\">\u00a0 \u00a0 \u00a0 N\u2019h\u00e9sitez pas \u00e0 passer en magasin ou \u00e0 nous t\u00e9l\u00e9phoner pour d\u2019autres produits\u00a0 \u00a0 \u00a0\u00a0<br \/><\/strong><strong>\u00a0ou une configuration sur mesure !!<\/strong><\/p>\t\t\t\t\t\t\t\t<\/div>\n\t\t<div class=\"elementor-element elementor-element-83e8619 e-con-full e-flex e-con e-child\" data-id=\"83e8619\" data-element_type=\"container\" data-e-type=\"container\" data-settings=\"{&quot;background_background&quot;:&quot;classic&quot;}\">\n\t\t\t\t<div class=\"elementor-element elementor-element-ef46143 gallery-spacing-custom elementor-widget__width-inherit elementor-widget elementor-widget-image-gallery\" data-id=\"ef46143\" data-element_type=\"widget\" data-e-type=\"widget\" data-widget_type=\"image-gallery.default\">\n\t\t\t\t\t\t\t<div class=\"elementor-image-gallery\">\n\t\t\t<div id='gallery-1' class='gallery galleryid-85 gallery-columns-6 gallery-size-thumbnail'><figure class='gallery-item'>\n\t\t\t<div class='gallery-icon landscape'>\n\t\t\t\t<a data-elementor-open-lightbox=\"yes\" data-elementor-lightbox-slideshow=\"ef46143\" data-elementor-lightbox-title=\"Spring2026-1\" data-e-action-hash=\"#elementor-action%3Aaction%3Dlightbox%26settings%3DeyJpZCI6MTA2MDgsInVybCI6Imh0dHBzOlwvXC93d3cuZXBzaWxvbi1wYy5mclwvd3AtY29udGVudFwvdXBsb2Fkc1wvMjAyNlwvMDNcL1NwcmluZzIwMjYtMS5wbmciLCJzbGlkZXNob3ciOiJlZjQ2MTQzIn0%3D\" href='https:\/\/www.epsilon-pc.fr\/wp-content\/uploads\/2026\/03\/Spring2026-1.png'><img decoding=\"async\" width=\"150\" height=\"150\" src=\"https:\/\/www.epsilon-pc.fr\/wp-content\/uploads\/2026\/03\/Spring2026-1-150x150.png\" class=\"attachment-thumbnail size-thumbnail\" alt=\"\" srcset=\"https:\/\/www.epsilon-pc.fr\/wp-content\/uploads\/2026\/03\/Spring2026-1-150x150.png 150w, https:\/\/www.epsilon-pc.fr\/wp-content\/uploads\/2026\/03\/Spring2026-1-600x600.png 600w, https:\/\/www.epsilon-pc.fr\/wp-content\/uploads\/2026\/03\/Spring2026-1-100x100.png 100w\" sizes=\"(max-width: 150px) 100vw, 150px\" \/><\/a>\n\t\t\t<\/div><\/figure><figure class='gallery-item'>\n\t\t\t<div class='gallery-icon landscape'>\n\t\t\t\t<a data-elementor-open-lightbox=\"yes\" data-elementor-lightbox-slideshow=\"ef46143\" data-elementor-lightbox-title=\"Spring2026-2\" data-e-action-hash=\"#elementor-action%3Aaction%3Dlightbox%26settings%3DeyJpZCI6MTA0ODgsInVybCI6Imh0dHBzOlwvXC93d3cuZXBzaWxvbi1wYy5mclwvd3AtY29udGVudFwvdXBsb2Fkc1wvMjAyNlwvMDNcL1NwcmluZzIwMjYtMi5wbmciLCJzbGlkZXNob3ciOiJlZjQ2MTQzIn0%3D\" href='https:\/\/www.epsilon-pc.fr\/wp-content\/uploads\/2026\/03\/Spring2026-2.png'><img decoding=\"async\" width=\"150\" height=\"150\" src=\"https:\/\/www.epsilon-pc.fr\/wp-content\/uploads\/2026\/03\/Spring2026-2-150x150.png\" class=\"attachment-thumbnail size-thumbnail\" alt=\"\" srcset=\"https:\/\/www.epsilon-pc.fr\/wp-content\/uploads\/2026\/03\/Spring2026-2-150x150.png 150w, https:\/\/www.epsilon-pc.fr\/wp-content\/uploads\/2026\/03\/Spring2026-2-600x600.png 600w, https:\/\/www.epsilon-pc.fr\/wp-content\/uploads\/2026\/03\/Spring2026-2-100x100.png 100w\" sizes=\"(max-width: 150px) 100vw, 150px\" \/><\/a>\n\t\t\t<\/div><\/figure><figure class='gallery-item'>\n\t\t\t<div class='gallery-icon landscape'>\n\t\t\t\t<a data-elementor-open-lightbox=\"yes\" data-elementor-lightbox-slideshow=\"ef46143\" data-elementor-lightbox-title=\"Spring2026-3\" data-e-action-hash=\"#elementor-action%3Aaction%3Dlightbox%26settings%3DeyJpZCI6MTA0ODksInVybCI6Imh0dHBzOlwvXC93d3cuZXBzaWxvbi1wYy5mclwvd3AtY29udGVudFwvdXBsb2Fkc1wvMjAyNlwvMDNcL1NwcmluZzIwMjYtMy5wbmciLCJzbGlkZXNob3ciOiJlZjQ2MTQzIn0%3D\" href='https:\/\/www.epsilon-pc.fr\/wp-content\/uploads\/2026\/03\/Spring2026-3.png'><img decoding=\"async\" width=\"150\" height=\"150\" src=\"https:\/\/www.epsilon-pc.fr\/wp-content\/uploads\/2026\/03\/Spring2026-3-150x150.png\" class=\"attachment-thumbnail size-thumbnail\" alt=\"\" srcset=\"https:\/\/www.epsilon-pc.fr\/wp-content\/uploads\/2026\/03\/Spring2026-3-150x150.png 150w, https:\/\/www.epsilon-pc.fr\/wp-content\/uploads\/2026\/03\/Spring2026-3-600x600.png 600w, https:\/\/www.epsilon-pc.fr\/wp-content\/uploads\/2026\/03\/Spring2026-3-100x100.png 100w\" sizes=\"(max-width: 150px) 100vw, 150px\" \/><\/a>\n\t\t\t<\/div><\/figure><figure class='gallery-item'>\n\t\t\t<div class='gallery-icon portrait'>\n\t\t\t\t<a data-elementor-open-lightbox=\"yes\" data-elementor-lightbox-slideshow=\"ef46143\" data-elementor-lightbox-title=\"Spring-Speciale2026\" data-e-action-hash=\"#elementor-action%3Aaction%3Dlightbox%26settings%3DeyJpZCI6MTA0OTIsInVybCI6Imh0dHBzOlwvXC93d3cuZXBzaWxvbi1wYy5mclwvd3AtY29udGVudFwvdXBsb2Fkc1wvMjAyNlwvMDNcL1NwcmluZy1TcGVjaWFsZTIwMjYucG5nIiwic2xpZGVzaG93IjoiZWY0NjE0MyJ9\" href='https:\/\/www.epsilon-pc.fr\/wp-content\/uploads\/2026\/03\/Spring-Speciale2026.png'><img loading=\"lazy\" decoding=\"async\" width=\"150\" height=\"150\" src=\"https:\/\/www.epsilon-pc.fr\/wp-content\/uploads\/2026\/03\/Spring-Speciale2026-150x150.png\" class=\"attachment-thumbnail size-thumbnail\" alt=\"\" srcset=\"https:\/\/www.epsilon-pc.fr\/wp-content\/uploads\/2026\/03\/Spring-Speciale2026-150x150.png 150w, https:\/\/www.epsilon-pc.fr\/wp-content\/uploads\/2026\/03\/Spring-Speciale2026-600x600.png 600w, https:\/\/www.epsilon-pc.fr\/wp-content\/uploads\/2026\/03\/Spring-Speciale2026-100x100.png 100w\" sizes=\"(max-width: 150px) 100vw, 150px\" \/><\/a>\n\t\t\t<\/div><\/figure><figure class='gallery-item'>\n\t\t\t<div class='gallery-icon landscape'>\n\t\t\t\t<a data-elementor-open-lightbox=\"yes\" data-elementor-lightbox-slideshow=\"ef46143\" data-elementor-lightbox-title=\"Spring2026-4\" data-e-action-hash=\"#elementor-action%3Aaction%3Dlightbox%26settings%3DeyJpZCI6MTA0OTAsInVybCI6Imh0dHBzOlwvXC93d3cuZXBzaWxvbi1wYy5mclwvd3AtY29udGVudFwvdXBsb2Fkc1wvMjAyNlwvMDNcL1NwcmluZzIwMjYtNC5wbmciLCJzbGlkZXNob3ciOiJlZjQ2MTQzIn0%3D\" href='https:\/\/www.epsilon-pc.fr\/wp-content\/uploads\/2026\/03\/Spring2026-4.png'><img loading=\"lazy\" decoding=\"async\" width=\"150\" height=\"150\" src=\"https:\/\/www.epsilon-pc.fr\/wp-content\/uploads\/2026\/03\/Spring2026-4-150x150.png\" class=\"attachment-thumbnail size-thumbnail\" alt=\"\" srcset=\"https:\/\/www.epsilon-pc.fr\/wp-content\/uploads\/2026\/03\/Spring2026-4-150x150.png 150w, https:\/\/www.epsilon-pc.fr\/wp-content\/uploads\/2026\/03\/Spring2026-4-600x600.png 600w, https:\/\/www.epsilon-pc.fr\/wp-content\/uploads\/2026\/03\/Spring2026-4-100x100.png 100w\" sizes=\"(max-width: 150px) 100vw, 150px\" \/><\/a>\n\t\t\t<\/div><\/figure>\n\t\t<\/div>\n\t\t<\/div>\n\t\t\t\t\t\t<\/div>\n\t\t\t\t<\/div>\n\t\t\t\t<\/div>\n\t\t<div class=\"elementor-element elementor-element-c55edcf e-con-full e-flex e-con e-child\" data-id=\"c55edcf\" data-element_type=\"container\" data-e-type=\"container\">\n\t\t<div class=\"elementor-element elementor-element-fafd5bc e-con-full e-flex e-con e-child\" data-id=\"fafd5bc\" data-element_type=\"container\" data-e-type=\"container\">\n\t\t\t\t<div class=\"elementor-element elementor-element-8a17d78 elementor-widget elementor-widget-heading\" data-id=\"8a17d78\" data-element_type=\"widget\" data-e-type=\"widget\" data-widget_type=\"heading.default\">\n\t\t\t\t\t<h2 class=\"elementor-heading-title elementor-size-default\">Horaires d'ouverture\n<\/h2>\t\t\t\t<\/div>\n\t\t\t\t<\/div>\n\t\t\t\t<div class=\"elementor-element elementor-element-cce932f elementor-widget__width-inherit elementor-widget elementor-widget-text-editor\" data-id=\"cce932f\" data-element_type=\"widget\" data-e-type=\"widget\" data-widget_type=\"text-editor.default\">\n\t\t\t\t\t\t\t\t\t<p><strong>Du Mardi au Samedi\u00a0 de 9H15 \u00e0 11H45<br \/>et de 14H \u00e0 17H30.<br \/>Le Samedi de 9H30 \u00e0 11H45.<br \/><\/strong><strong>Ferm\u00e9 le Lundi et le Samedi apr\u00e8s-midi.<\/strong><\/p>\t\t\t\t\t\t\t\t<\/div>\n\t\t<div class=\"elementor-element elementor-element-2736dbf e-con-full e-flex e-con e-child\" data-id=\"2736dbf\" data-element_type=\"container\" data-e-type=\"container\">\n\t\t\t\t<div class=\"elementor-element elementor-element-20b73c3 elementor-widget elementor-widget-heading\" data-id=\"20b73c3\" data-element_type=\"widget\" data-e-type=\"widget\" data-widget_type=\"heading.default\">\n\t\t\t\t\t<h2 class=\"elementor-heading-title elementor-size-default\">Nous Situer<\/h2>\t\t\t\t<\/div>\n\t\t\t\t<\/div>\n\t\t\t\t<div class=\"elementor-element elementor-element-607b8ff elementor-widget__width-initial elementor-widget elementor-widget-google_maps\" data-id=\"607b8ff\" data-element_type=\"widget\" data-e-type=\"widget\" data-widget_type=\"google_maps.default\">\n\t\t\t\t\t\t\t<div class=\"elementor-custom-embed\">\n\t\t\t<iframe loading=\"lazy\"\n\t\t\t\t\tsrc=\"https:\/\/maps.google.com\/maps?q=Epsilon%20PC%2C%209%20Rue%20des%20cordeliers%2C%20Amiens&#038;t=m&#038;z=15&#038;output=embed&#038;iwloc=near\"\n\t\t\t\t\ttitle=\"Epsilon PC, 9 Rue des cordeliers, Amiens\"\n\t\t\t\t\taria-label=\"Epsilon PC, 9 Rue des cordeliers, Amiens\"\n\t\t\t><\/iframe>\n\t\t<\/div>\n\t\t\t\t\t\t<\/div>\n\t\t\t\t<\/div>\n\t\t\t\t<\/div>\n\t\t\t\t<\/div>\n\t\t","protected":false},"excerpt":{"rendered":"<p>SELECTION PRINTEMPS 2026 Vous trouverez ci-dessous un extrait de nos offres du moment.\u00a0 \u00a0 \u00a0 N\u2019h\u00e9sitez pas \u00e0 passer en magasin ou \u00e0 nous t\u00e9l\u00e9phoner pour d\u2019autres produits\u00a0 \u00a0 \u00a0\u00a0\u00a0ou une configuration sur mesure !! Horaires d&rsquo;ouverture Du Mardi au Samedi\u00a0 de 9H15 \u00e0 11H45et de 14H \u00e0 17H30.Le Samedi de 9H30 \u00e0 11H45.Ferm\u00e9 le [&hellip;]<\/p>\n","protected":false},"author":1,"featured_media":0,"parent":0,"menu_order":0,"comment_status":"closed","ping_status":"closed","template":"elementor_header_footer","meta":{"ocean_post_layout":"","ocean_both_sidebars_style":"","ocean_both_sidebars_content_width":0,"ocean_both_sidebars_sidebars_width":0,"ocean_sidebar":"","ocean_second_sidebar":"","ocean_disable_margins":"enable","ocean_add_body_class":"","ocean_shortcode_before_top_bar":"","ocean_shortcode_after_top_bar":"","ocean_shortcode_before_header":"","ocean_shortcode_after_header":"","ocean_has_shortcode":"","ocean_shortcode_after_title":"","ocean_shortcode_before_footer_widgets":"","ocean_shortcode_after_footer_widgets":"","ocean_shortcode_before_footer_bottom":"","ocean_shortcode_after_footer_bottom":"","ocean_display_top_bar":"default","ocean_display_header":"default","ocean_header_style":"","ocean_center_header_left_menu":"","ocean_custom_header_template":"","ocean_custom_logo":0,"ocean_custom_retina_logo":0,"ocean_custom_logo_max_width":0,"ocean_custom_logo_tablet_max_width":0,"ocean_custom_logo_mobile_max_width":0,"ocean_custom_logo_max_height":0,"ocean_custom_logo_tablet_max_height":0,"ocean_custom_logo_mobile_max_height":0,"ocean_header_custom_menu":"","ocean_menu_typo_font_family":"","ocean_menu_typo_font_subset":"","ocean_menu_typo_font_size":0,"ocean_menu_typo_font_size_tablet":0,"ocean_menu_typo_font_size_mobile":0,"ocean_menu_typo_font_size_unit":"px","ocean_menu_typo_font_weight":"","ocean_menu_typo_font_weight_tablet":"","ocean_menu_typo_font_weight_mobile":"","ocean_menu_typo_transform":"","ocean_menu_typo_transform_tablet":"","ocean_menu_typo_transform_mobile":"","ocean_menu_typo_line_height":0,"ocean_menu_typo_line_height_tablet":0,"ocean_menu_typo_line_height_mobile":0,"ocean_menu_typo_line_height_unit":"","ocean_menu_typo_spacing":0,"ocean_menu_typo_spacing_tablet":0,"ocean_menu_typo_spacing_mobile":0,"ocean_menu_typo_spacing_unit":"","ocean_menu_link_color":"","ocean_menu_link_color_hover":"","ocean_menu_link_color_active":"","ocean_menu_link_background":"","ocean_menu_link_hover_background":"","ocean_menu_link_active_background":"","ocean_menu_social_links_bg":"","ocean_menu_social_hover_links_bg":"","ocean_menu_social_links_color":"","ocean_menu_social_hover_links_color":"","ocean_disable_title":"on","ocean_disable_heading":"default","ocean_post_title":"","ocean_post_subheading":"","ocean_post_title_style":"","ocean_post_title_background_color":"","ocean_post_title_background":0,"ocean_post_title_bg_image_position":"","ocean_post_title_bg_image_attachment":"","ocean_post_title_bg_image_repeat":"","ocean_post_title_bg_image_size":"","ocean_post_title_height":0,"ocean_post_title_bg_overlay":0.5,"ocean_post_title_bg_overlay_color":"","ocean_disable_breadcrumbs":"default","ocean_breadcrumbs_color":"","ocean_breadcrumbs_separator_color":"","ocean_breadcrumbs_links_color":"","ocean_breadcrumbs_links_hover_color":"","ocean_display_footer_widgets":"default","ocean_display_footer_bottom":"default","ocean_custom_footer_template":"","footnotes":""},"class_list":["post-85","page","type-page","status-publish","hentry","entry","owp-thumbs-layout-horizontal","owp-btn-big","owp-tabs-layout-horizontal","has-no-thumbnails","has-product-nav"],"yoast_head":"<!-- This site is optimized with the Yoast SEO plugin v27.3 - https:\/\/yoast.com\/product\/yoast-seo-wordpress\/ -->\n<title>Configs PC \/ PC Portable - Epsilon PC<\/title>\n<meta name=\"robots\" content=\"index, follow, max-snippet:-1, max-image-preview:large, max-video-preview:-1\" \/>\n<link rel=\"canonical\" href=\"https:\/\/www.epsilon-pc.fr\/index.php\/configurations-pc-pc-portable\/\" \/>\n<meta property=\"og:locale\" content=\"fr_FR\" \/>\n<meta property=\"og:type\" content=\"article\" \/>\n<meta property=\"og:title\" content=\"Configs PC \/ PC Portable - Epsilon PC\" \/>\n<meta property=\"og:description\" content=\"SELECTION PRINTEMPS 2026 Vous trouverez ci-dessous un extrait de nos offres du moment.\u00a0 \u00a0 \u00a0 N\u2019h\u00e9sitez pas \u00e0 passer en magasin ou \u00e0 nous t\u00e9l\u00e9phoner pour d\u2019autres produits\u00a0 \u00a0 \u00a0\u00a0\u00a0ou une configuration sur mesure !! Horaires d&rsquo;ouverture Du Mardi au Samedi\u00a0 de 9H15 \u00e0 11H45et de 14H \u00e0 17H30.Le Samedi de 9H30 \u00e0 11H45.Ferm\u00e9 le [&hellip;]\" \/>\n<meta property=\"og:url\" content=\"https:\/\/www.epsilon-pc.fr\/index.php\/configurations-pc-pc-portable\/\" \/>\n<meta property=\"og:site_name\" content=\"Epsilon PC\" \/>\n<meta property=\"article:modified_time\" content=\"2026-03-27T09:21:42+00:00\" \/>\n<meta property=\"og:image\" content=\"http:\/\/www.epsilon-pc.fr\/wp-content\/uploads\/2026\/03\/Spring2026-1-150x150.png\" \/>\n<meta name=\"twitter:card\" content=\"summary_large_image\" \/>\n<meta name=\"twitter:label1\" content=\"Dur\u00e9e de lecture estim\u00e9e\" \/>\n\t<meta name=\"twitter:data1\" content=\"2 minutes\" \/>\n<script type=\"application\/ld+json\" class=\"yoast-schema-graph\">{\"@context\":\"https:\\\/\\\/schema.org\",\"@graph\":[{\"@type\":\"WebPage\",\"@id\":\"https:\\\/\\\/www.epsilon-pc.fr\\\/index.php\\\/configurations-pc-pc-portable\\\/\",\"url\":\"https:\\\/\\\/www.epsilon-pc.fr\\\/index.php\\\/configurations-pc-pc-portable\\\/\",\"name\":\"Configs PC \\\/ PC Portable - Epsilon PC\",\"isPartOf\":{\"@id\":\"https:\\\/\\\/www.epsilon-pc.fr\\\/#website\"},\"primaryImageOfPage\":{\"@id\":\"https:\\\/\\\/www.epsilon-pc.fr\\\/index.php\\\/configurations-pc-pc-portable\\\/#primaryimage\"},\"image\":{\"@id\":\"https:\\\/\\\/www.epsilon-pc.fr\\\/index.php\\\/configurations-pc-pc-portable\\\/#primaryimage\"},\"thumbnailUrl\":\"http:\\\/\\\/www.epsilon-pc.fr\\\/wp-content\\\/uploads\\\/2026\\\/03\\\/Spring2026-1-150x150.png\",\"datePublished\":\"2026-02-10T09:35:20+00:00\",\"dateModified\":\"2026-03-27T09:21:42+00:00\",\"breadcrumb\":{\"@id\":\"https:\\\/\\\/www.epsilon-pc.fr\\\/index.php\\\/configurations-pc-pc-portable\\\/#breadcrumb\"},\"inLanguage\":\"fr-FR\",\"potentialAction\":[{\"@type\":\"ReadAction\",\"target\":[\"https:\\\/\\\/www.epsilon-pc.fr\\\/index.php\\\/configurations-pc-pc-portable\\\/\"]}]},{\"@type\":\"ImageObject\",\"inLanguage\":\"fr-FR\",\"@id\":\"https:\\\/\\\/www.epsilon-pc.fr\\\/index.php\\\/configurations-pc-pc-portable\\\/#primaryimage\",\"url\":\"http:\\\/\\\/www.epsilon-pc.fr\\\/wp-content\\\/uploads\\\/2026\\\/03\\\/Spring2026-1-150x150.png\",\"contentUrl\":\"http:\\\/\\\/www.epsilon-pc.fr\\\/wp-content\\\/uploads\\\/2026\\\/03\\\/Spring2026-1-150x150.png\"},{\"@type\":\"BreadcrumbList\",\"@id\":\"https:\\\/\\\/www.epsilon-pc.fr\\\/index.php\\\/configurations-pc-pc-portable\\\/#breadcrumb\",\"itemListElement\":[{\"@type\":\"ListItem\",\"position\":1,\"name\":\"Accueil\",\"item\":\"https:\\\/\\\/www.epsilon-pc.fr\\\/\"},{\"@type\":\"ListItem\",\"position\":2,\"name\":\"Configs PC \\\/ PC Portable\"}]},{\"@type\":\"WebSite\",\"@id\":\"https:\\\/\\\/www.epsilon-pc.fr\\\/#website\",\"url\":\"https:\\\/\\\/www.epsilon-pc.fr\\\/\",\"name\":\"Epsilon PC\",\"description\":\"\",\"publisher\":{\"@id\":\"https:\\\/\\\/www.epsilon-pc.fr\\\/#organization\"},\"potentialAction\":[{\"@type\":\"SearchAction\",\"target\":{\"@type\":\"EntryPoint\",\"urlTemplate\":\"https:\\\/\\\/www.epsilon-pc.fr\\\/?s={search_term_string}\"},\"query-input\":{\"@type\":\"PropertyValueSpecification\",\"valueRequired\":true,\"valueName\":\"search_term_string\"}}],\"inLanguage\":\"fr-FR\"},{\"@type\":\"Organization\",\"@id\":\"https:\\\/\\\/www.epsilon-pc.fr\\\/#organization\",\"name\":\"Epsilon PC\",\"url\":\"https:\\\/\\\/www.epsilon-pc.fr\\\/\",\"logo\":{\"@type\":\"ImageObject\",\"inLanguage\":\"fr-FR\",\"@id\":\"https:\\\/\\\/www.epsilon-pc.fr\\\/#\\\/schema\\\/logo\\\/image\\\/\",\"url\":\"https:\\\/\\\/www.epsilon-pc.fr\\\/wp-content\\\/uploads\\\/2026\\\/02\\\/cropped-LogoEpsi-1.bmp\",\"contentUrl\":\"https:\\\/\\\/www.epsilon-pc.fr\\\/wp-content\\\/uploads\\\/2026\\\/02\\\/cropped-LogoEpsi-1.bmp\",\"width\":191,\"height\":59,\"caption\":\"Epsilon PC\"},\"image\":{\"@id\":\"https:\\\/\\\/www.epsilon-pc.fr\\\/#\\\/schema\\\/logo\\\/image\\\/\"}}]}<\/script>\n<!-- \/ Yoast SEO plugin. -->","yoast_head_json":{"title":"Configs PC \/ PC Portable - Epsilon PC","robots":{"index":"index","follow":"follow","max-snippet":"max-snippet:-1","max-image-preview":"max-image-preview:large","max-video-preview":"max-video-preview:-1"},"canonical":"https:\/\/www.epsilon-pc.fr\/index.php\/configurations-pc-pc-portable\/","og_locale":"fr_FR","og_type":"article","og_title":"Configs PC \/ PC Portable - Epsilon PC","og_description":"SELECTION PRINTEMPS 2026 Vous trouverez ci-dessous un extrait de nos offres du moment.\u00a0 \u00a0 \u00a0 N\u2019h\u00e9sitez pas \u00e0 passer en magasin ou \u00e0 nous t\u00e9l\u00e9phoner pour d\u2019autres produits\u00a0 \u00a0 \u00a0\u00a0\u00a0ou une configuration sur mesure !! Horaires d&rsquo;ouverture Du Mardi au Samedi\u00a0 de 9H15 \u00e0 11H45et de 14H \u00e0 17H30.Le Samedi de 9H30 \u00e0 11H45.Ferm\u00e9 le [&hellip;]","og_url":"https:\/\/www.epsilon-pc.fr\/index.php\/configurations-pc-pc-portable\/","og_site_name":"Epsilon PC","article_modified_time":"2026-03-27T09:21:42+00:00","og_image":[{"url":"http:\/\/www.epsilon-pc.fr\/wp-content\/uploads\/2026\/03\/Spring2026-1-150x150.png","type":"","width":"","height":""}],"twitter_card":"summary_large_image","twitter_misc":{"Dur\u00e9e de lecture estim\u00e9e":"2 minutes"},"schema":{"@context":"https:\/\/schema.org","@graph":[{"@type":"WebPage","@id":"https:\/\/www.epsilon-pc.fr\/index.php\/configurations-pc-pc-portable\/","url":"https:\/\/www.epsilon-pc.fr\/index.php\/configurations-pc-pc-portable\/","name":"Configs PC \/ PC Portable - Epsilon PC","isPartOf":{"@id":"https:\/\/www.epsilon-pc.fr\/#website"},"primaryImageOfPage":{"@id":"https:\/\/www.epsilon-pc.fr\/index.php\/configurations-pc-pc-portable\/#primaryimage"},"image":{"@id":"https:\/\/www.epsilon-pc.fr\/index.php\/configurations-pc-pc-portable\/#primaryimage"},"thumbnailUrl":"http:\/\/www.epsilon-pc.fr\/wp-content\/uploads\/2026\/03\/Spring2026-1-150x150.png","datePublished":"2026-02-10T09:35:20+00:00","dateModified":"2026-03-27T09:21:42+00:00","breadcrumb":{"@id":"https:\/\/www.epsilon-pc.fr\/index.php\/configurations-pc-pc-portable\/#breadcrumb"},"inLanguage":"fr-FR","potentialAction":[{"@type":"ReadAction","target":["https:\/\/www.epsilon-pc.fr\/index.php\/configurations-pc-pc-portable\/"]}]},{"@type":"ImageObject","inLanguage":"fr-FR","@id":"https:\/\/www.epsilon-pc.fr\/index.php\/configurations-pc-pc-portable\/#primaryimage","url":"http:\/\/www.epsilon-pc.fr\/wp-content\/uploads\/2026\/03\/Spring2026-1-150x150.png","contentUrl":"http:\/\/www.epsilon-pc.fr\/wp-content\/uploads\/2026\/03\/Spring2026-1-150x150.png"},{"@type":"BreadcrumbList","@id":"https:\/\/www.epsilon-pc.fr\/index.php\/configurations-pc-pc-portable\/#breadcrumb","itemListElement":[{"@type":"ListItem","position":1,"name":"Accueil","item":"https:\/\/www.epsilon-pc.fr\/"},{"@type":"ListItem","position":2,"name":"Configs PC \/ PC Portable"}]},{"@type":"WebSite","@id":"https:\/\/www.epsilon-pc.fr\/#website","url":"https:\/\/www.epsilon-pc.fr\/","name":"Epsilon PC","description":"","publisher":{"@id":"https:\/\/www.epsilon-pc.fr\/#organization"},"potentialAction":[{"@type":"SearchAction","target":{"@type":"EntryPoint","urlTemplate":"https:\/\/www.epsilon-pc.fr\/?s={search_term_string}"},"query-input":{"@type":"PropertyValueSpecification","valueRequired":true,"valueName":"search_term_string"}}],"inLanguage":"fr-FR"},{"@type":"Organization","@id":"https:\/\/www.epsilon-pc.fr\/#organization","name":"Epsilon PC","url":"https:\/\/www.epsilon-pc.fr\/","logo":{"@type":"ImageObject","inLanguage":"fr-FR","@id":"https:\/\/www.epsilon-pc.fr\/#\/schema\/logo\/image\/","url":"https:\/\/www.epsilon-pc.fr\/wp-content\/uploads\/2026\/02\/cropped-LogoEpsi-1.bmp","contentUrl":"https:\/\/www.epsilon-pc.fr\/wp-content\/uploads\/2026\/02\/cropped-LogoEpsi-1.bmp","width":191,"height":59,"caption":"Epsilon PC"},"image":{"@id":"https:\/\/www.epsilon-pc.fr\/#\/schema\/logo\/image\/"}}]}},"_links":{"self":[{"href":"https:\/\/www.epsilon-pc.fr\/index.php\/wp-json\/wp\/v2\/pages\/85","targetHints":{"allow":["GET"]}}],"collection":[{"href":"https:\/\/www.epsilon-pc.fr\/index.php\/wp-json\/wp\/v2\/pages"}],"about":[{"href":"https:\/\/www.epsilon-pc.fr\/index.php\/wp-json\/wp\/v2\/types\/page"}],"author":[{"embeddable":true,"href":"https:\/\/www.epsilon-pc.fr\/index.php\/wp-json\/wp\/v2\/users\/1"}],"replies":[{"embeddable":true,"href":"https:\/\/www.epsilon-pc.fr\/index.php\/wp-json\/wp\/v2\/comments?post=85"}],"version-history":[{"count":63,"href":"https:\/\/www.epsilon-pc.fr\/index.php\/wp-json\/wp\/v2\/pages\/85\/revisions"}],"predecessor-version":[{"id":10611,"href":"https:\/\/www.epsilon-pc.fr\/index.php\/wp-json\/wp\/v2\/pages\/85\/revisions\/10611"}],"wp:attachment":[{"href":"https:\/\/www.epsilon-pc.fr\/index.php\/wp-json\/wp\/v2\/media?parent=85"}],"curies":[{"name":"wp","href":"https:\/\/api.w.org\/{rel}","templated":true}]}}