{"id":643,"date":"2026-02-13T17:11:10","date_gmt":"2026-02-13T16:11:10","guid":{"rendered":"https:\/\/www.epsilon-pc.fr\/?page_id=643"},"modified":"2026-02-13T17:23:09","modified_gmt":"2026-02-13T16:23:09","slug":"cgv","status":"publish","type":"page","link":"https:\/\/www.epsilon-pc.fr\/index.php\/cgv\/","title":{"rendered":"CGV"},"content":{"rendered":"\t\t<div data-elementor-type=\"wp-page\" data-elementor-id=\"643\" class=\"elementor elementor-643\">\n\t\t\t\t<div class=\"elementor-element elementor-element-0b36aa3 e-con-full e-flex e-con e-parent\" data-id=\"0b36aa3\" data-element_type=\"container\" data-e-type=\"container\" data-settings=\"{&quot;background_background&quot;:&quot;classic&quot;}\">\n\t\t\t\t<\/div>\n\t\t<div class=\"elementor-element elementor-element-eb46df9 e-con-full e-flex e-con e-parent\" data-id=\"eb46df9\" data-element_type=\"container\" data-e-type=\"container\">\n\t\t<div class=\"elementor-element elementor-element-99b2ee0 e-con-full e-flex e-con e-child\" data-id=\"99b2ee0\" data-element_type=\"container\" data-e-type=\"container\">\n\t\t\t\t<div class=\"elementor-element elementor-element-12b7867 elementor-widget__width-initial elementor-widget elementor-widget-heading\" data-id=\"12b7867\" data-element_type=\"widget\" data-e-type=\"widget\" data-widget_type=\"heading.default\">\n\t\t\t\t\t<h2 class=\"elementor-heading-title elementor-size-default\">C.G.V<\/h2>\t\t\t\t<\/div>\n\t\t\t\t<div class=\"elementor-element elementor-element-c9c2247 elementor-widget__width-initial elementor-widget elementor-widget-text-editor\" data-id=\"c9c2247\" data-element_type=\"widget\" data-e-type=\"widget\" data-widget_type=\"text-editor.default\">\n\t\t\t\t\t\t\t\t\t<p>Article 1 &#8211; D\u00e9finitions<\/p><p>\u00ab Client \u00bb : Particulier qui passe commande ou souscrit un abonnement sur le site internet.<\/p><p>\u00ab CGV \u00bb : Conditions g\u00e9n\u00e9rales de vente.<\/p><p>\u00ab Vendeur \u00bb : Epsilon PC. Il s&rsquo;agit du professionnel de la vente qui propose aux clients des produits.<\/p><p>\u00ab Produit(s) \u00bb : Bien(s) mis en vente dans le catalogue du site internet.<\/p><p>\u00ab Site internet \u00bb : Le site internet d&rsquo;Epsilon PC, utilis\u00e9 dans le cadre de son activit\u00e9 professionnelle.<\/p><p>\u00ab Commande \u00bb : Document utilis\u00e9 par les clients pour proc\u00e9der \u00e0 l&rsquo;achat des produits.<\/p><p>Article 2 &#8211; Objet des pr\u00e9sentes CGV<\/p><p>Les pr\u00e9sentes CGV ont pour objectif de d\u00e9crire les modalit\u00e9s de vente \u00e0 distance de biens\/produits et de services entre notre soci\u00e9t\u00e9 Epsilon PC et les clients.<\/p><p>Sont sp\u00e9cifiquement \u00e9nonc\u00e9es ici les r\u00e8gles applicables dans le cadre de la vente en ligne de biens propos\u00e9s par la soci\u00e9t\u00e9 Epsilon PC \u00e0 partir de son site internet.<\/p><p>Lesdites CGV \u00e9voqu\u00e9es sont r\u00e9put\u00e9es avoir \u00e9t\u00e9 accept\u00e9es par les clients sans aucune r\u00e9serve.<\/p><p>La soci\u00e9t\u00e9 se r\u00e9serve la possibilit\u00e9 d&rsquo;adapter, modifier ou supprimer \u00e0 tout moment, une quelconque partie des CGV, \u00e9tant entendu que la version applicable reste celle en vigueur au jour de la commande.<\/p><p>Les pr\u00e9sentes CGV ne valent que pour les achats effectu\u00e9s par des acheteurs situ\u00e9s sur le territoire fran\u00e7ais et livr\u00e9s exclusivement sur celui-ci.<\/p><p>Article 3 &#8211; Information sur les produits<\/p><p>Les produits r\u00e9gis par les pr\u00e9sentes Conditions G\u00e9n\u00e9rales sont ceux qui figurent sur notre site internet, propos\u00e9s dans la limite des stocks disponibles.<\/p><p>Si un produit command\u00e9 n&rsquo;est pas disponible, Epsilon PC s&rsquo;engage \u00e0 en informer le client dans les plus brefs d\u00e9lais et \u00e0 proposer des alternatives lorsque cela est possible.<\/p><p>Les images des produits ne sont pas contractuelles.<\/p><p>Article 4 &#8211; Commandes<\/p><p>Les clients passent commande directement sur le catalogue propos\u00e9 par le site internet.<\/p><p>Pour que la commande soit valid\u00e9e, les clients devront accepter les pr\u00e9sentes CGV et indiquer l&rsquo;adresse, le mode de livraison ainsi que le mode de paiement d\u00e9sir\u00e9s.<\/p><p>D\u00e8s lors qu&rsquo;est constat\u00e9 un d\u00e9faut de paiement ou une adresse erron\u00e9e, la soci\u00e9t\u00e9 Epsilon PC pourra bloquer la commande jusqu&rsquo;\u00e0 la r\u00e9solution du probl\u00e8me d\u00e9cel\u00e9.<\/p><p>Article 5 &#8211; Prix et modalit\u00e9s de paiement<\/p><p>Les prix indiqu\u00e9s sont TTC en euros et ne tiennent pas compte des frais de livraison qui seront factur\u00e9s en suppl\u00e9ment.<\/p><p>Le paiement de la totalit\u00e9 du prix est exigible imm\u00e9diatement lors de la validation de la commande.<\/p><p>Afin de r\u00e9gler leur commande, les clients peuvent choisir parmi les diff\u00e9rents modes de paiement mis \u00e0 leur disposition par Epsilon PC:<\/p><p>Par carte bancaire : CB nationale, Visa et Mastercard.<\/p><p>Par virement bancaire : Les coordonn\u00e9es bancaires de la soci\u00e9t\u00e9 Epsilon PC seront transmises par mail aux clients.<\/p><p>Article 6 &#8211; Suivi et modalit\u00e9s de livraison<\/p><p>La livraison des produits est r\u00e9alis\u00e9e uniquement en France m\u00e9tropolitaine.<\/p><p>Les produits sont livr\u00e9s \u00e0 l&rsquo;adresse indiqu\u00e9e par les clients sur le bon de commande.<\/p><p>Article 7 &#8211; Droit de r\u00e9tractation<\/p><p>Conform\u00e9ment aux dispositions l\u00e9gales, les clients disposent d&rsquo;un d\u00e9lai de r\u00e9tractation de 14 jours \u00e0 compter de la r\u00e9ception des produits.<\/p><p>Afin d&rsquo;exercer leur droit, les clients doivent informer Epsilon PC par l&rsquo;envoi d&rsquo;un courrier \u00e9lectronique ou par courrier postal \u00e0 l&rsquo;adresse 9 Rue des Cordeliers, 80 000 AMIENS.<\/p><p>Article 8 &#8211; Garanties<\/p><p>La soci\u00e9t\u00e9 Epsilon PC garantit les clients contre tous d\u00e9fauts de conformit\u00e9 et contre les vices-cach\u00e9s des produits.<\/p><p>Les clients b\u00e9n\u00e9ficient d&rsquo;un d\u00e9lai obligatoire jusqu&rsquo;\u00e0 deux ans \u00e0 compter de la d\u00e9livrance du produit pour agir \u00e0 l&rsquo;encontre du vendeur, la soci\u00e9t\u00e9 Epsilon PC.<\/p><p>Article 9 &#8211; Propri\u00e9t\u00e9 intellectuelle<\/p><p>Le contenu du site internet demeure la propri\u00e9t\u00e9 du vendeur.<\/p><p>Les clients s&rsquo;engagent \u00e0 ne pas utiliser le contenu du site internet sans l&rsquo;accord pr\u00e9alable et \u00e9crit de la soci\u00e9t\u00e9 Epsilon PC.<\/p><p>Article 10 &#8211; Informatique et Libert\u00e9s<\/p><p>La soci\u00e9t\u00e9 Epsilon PC collecte des donn\u00e9es personnelles sur les clients afin de pouvoir proc\u00e9der \u00e0 la vente des produits.<\/p><p>Les clients ont la possibilit\u00e9 de s&rsquo;opposer \u00e0 la communication de leurs donn\u00e9es, d&rsquo;y acc\u00e9der, de les rectifier ou de les supprimer en adressant un courrier postal \u00e0 l&rsquo;adresse suivante : 9 Rue des Cordeliers, 80 000 AMIENS.<\/p><p>Article 11 &#8211; Litiges<\/p><p>En cas de litige, les parties s&rsquo;engagent \u00e0 rechercher en priorit\u00e9 une solution amiable.<\/p><p>Les litiges non r\u00e9solus \u00e0 l&rsquo;amiable entre la soci\u00e9t\u00e9 Epsilon PC et les clients seront soumis aux tribunaux comp\u00e9tents.<\/p>\t\t\t\t\t\t\t\t<\/div>\n\t\t\t\t<\/div>\n\t\t<div class=\"elementor-element elementor-element-c55edcf e-con-full e-flex e-con e-child\" data-id=\"c55edcf\" data-element_type=\"container\" data-e-type=\"container\">\n\t\t<div class=\"elementor-element elementor-element-fafd5bc e-con-full e-flex e-con e-child\" data-id=\"fafd5bc\" data-element_type=\"container\" data-e-type=\"container\">\n\t\t\t\t<div class=\"elementor-element elementor-element-8a17d78 elementor-widget elementor-widget-heading\" data-id=\"8a17d78\" data-element_type=\"widget\" data-e-type=\"widget\" data-widget_type=\"heading.default\">\n\t\t\t\t\t<h2 class=\"elementor-heading-title elementor-size-default\">Horaires d'ouverture\n<\/h2>\t\t\t\t<\/div>\n\t\t\t\t<\/div>\n\t\t\t\t<div class=\"elementor-element elementor-element-cce932f elementor-widget__width-inherit elementor-widget elementor-widget-text-editor\" data-id=\"cce932f\" data-element_type=\"widget\" data-e-type=\"widget\" data-widget_type=\"text-editor.default\">\n\t\t\t\t\t\t\t\t\t<p><strong>Du Mardi au Samedi\u00a0 de 9H15 \u00e0 11H45<br \/>et de 14H \u00e0 17H30.<br \/>Le Samedi de 9H30 \u00e0 11H45.<br \/><\/strong><strong>Ferm\u00e9 le Lundi et le Samedi apr\u00e8s-midi.<\/strong><\/p>\t\t\t\t\t\t\t\t<\/div>\n\t\t<div class=\"elementor-element elementor-element-2736dbf e-con-full e-flex e-con e-child\" data-id=\"2736dbf\" data-element_type=\"container\" data-e-type=\"container\">\n\t\t\t\t<div class=\"elementor-element elementor-element-20b73c3 elementor-widget elementor-widget-heading\" data-id=\"20b73c3\" data-element_type=\"widget\" data-e-type=\"widget\" data-widget_type=\"heading.default\">\n\t\t\t\t\t<h2 class=\"elementor-heading-title elementor-size-default\">Nous Situer<\/h2>\t\t\t\t<\/div>\n\t\t\t\t<\/div>\n\t\t\t\t<div class=\"elementor-element elementor-element-607b8ff elementor-widget__width-initial elementor-widget elementor-widget-google_maps\" data-id=\"607b8ff\" data-element_type=\"widget\" data-e-type=\"widget\" data-widget_type=\"google_maps.default\">\n\t\t\t\t\t\t\t<div class=\"elementor-custom-embed\">\n\t\t\t<iframe loading=\"lazy\"\n\t\t\t\t\tsrc=\"https:\/\/maps.google.com\/maps?q=Epsilon%20PC%2C%209%20Rue%20des%20cordeliers%2C%20Amiens&#038;t=m&#038;z=15&#038;output=embed&#038;iwloc=near\"\n\t\t\t\t\ttitle=\"Epsilon PC, 9 Rue des cordeliers, Amiens\"\n\t\t\t\t\taria-label=\"Epsilon PC, 9 Rue des cordeliers, Amiens\"\n\t\t\t><\/iframe>\n\t\t<\/div>\n\t\t\t\t\t\t<\/div>\n\t\t\t\t<\/div>\n\t\t\t\t<\/div>\n\t\t\t\t<\/div>\n\t\t","protected":false},"excerpt":{"rendered":"<p>C.G.V Article 1 &#8211; D\u00e9finitions \u00ab Client \u00bb : Particulier qui passe commande ou souscrit un abonnement sur le site internet. \u00ab CGV \u00bb : Conditions g\u00e9n\u00e9rales de vente. \u00ab Vendeur \u00bb : Epsilon PC. Il s&rsquo;agit du professionnel de la vente qui propose aux clients des produits. \u00ab Produit(s) \u00bb : Bien(s) mis en [&hellip;]<\/p>\n","protected":false},"author":1,"featured_media":0,"parent":0,"menu_order":0,"comment_status":"closed","ping_status":"closed","template":"elementor_header_footer","meta":{"ocean_post_layout":"","ocean_both_sidebars_style":"","ocean_both_sidebars_content_width":0,"ocean_both_sidebars_sidebars_width":0,"ocean_sidebar":"","ocean_second_sidebar":"","ocean_disable_margins":"enable","ocean_add_body_class":"","ocean_shortcode_before_top_bar":"","ocean_shortcode_after_top_bar":"","ocean_shortcode_before_header":"","ocean_shortcode_after_header":"","ocean_has_shortcode":"","ocean_shortcode_after_title":"","ocean_shortcode_before_footer_widgets":"","ocean_shortcode_after_footer_widgets":"","ocean_shortcode_before_footer_bottom":"","ocean_shortcode_after_footer_bottom":"","ocean_display_top_bar":"default","ocean_display_header":"default","ocean_header_style":"","ocean_center_header_left_menu":"","ocean_custom_header_template":"","ocean_custom_logo":0,"ocean_custom_retina_logo":0,"ocean_custom_logo_max_width":0,"ocean_custom_logo_tablet_max_width":0,"ocean_custom_logo_mobile_max_width":0,"ocean_custom_logo_max_height":0,"ocean_custom_logo_tablet_max_height":0,"ocean_custom_logo_mobile_max_height":0,"ocean_header_custom_menu":"","ocean_menu_typo_font_family":"","ocean_menu_typo_font_subset":"","ocean_menu_typo_font_size":0,"ocean_menu_typo_font_size_tablet":0,"ocean_menu_typo_font_size_mobile":0,"ocean_menu_typo_font_size_unit":"px","ocean_menu_typo_font_weight":"","ocean_menu_typo_font_weight_tablet":"","ocean_menu_typo_font_weight_mobile":"","ocean_menu_typo_transform":"","ocean_menu_typo_transform_tablet":"","ocean_menu_typo_transform_mobile":"","ocean_menu_typo_line_height":0,"ocean_menu_typo_line_height_tablet":0,"ocean_menu_typo_line_height_mobile":0,"ocean_menu_typo_line_height_unit":"","ocean_menu_typo_spacing":0,"ocean_menu_typo_spacing_tablet":0,"ocean_menu_typo_spacing_mobile":0,"ocean_menu_typo_spacing_unit":"","ocean_menu_link_color":"","ocean_menu_link_color_hover":"","ocean_menu_link_color_active":"","ocean_menu_link_background":"","ocean_menu_link_hover_background":"","ocean_menu_link_active_background":"","ocean_menu_social_links_bg":"","ocean_menu_social_hover_links_bg":"","ocean_menu_social_links_color":"","ocean_menu_social_hover_links_color":"","ocean_disable_title":"on","ocean_disable_heading":"default","ocean_post_title":"","ocean_post_subheading":"","ocean_post_title_style":"","ocean_post_title_background_color":"","ocean_post_title_background":0,"ocean_post_title_bg_image_position":"","ocean_post_title_bg_image_attachment":"","ocean_post_title_bg_image_repeat":"","ocean_post_title_bg_image_size":"","ocean_post_title_height":0,"ocean_post_title_bg_overlay":0.5,"ocean_post_title_bg_overlay_color":"","ocean_disable_breadcrumbs":"default","ocean_breadcrumbs_color":"","ocean_breadcrumbs_separator_color":"","ocean_breadcrumbs_links_color":"","ocean_breadcrumbs_links_hover_color":"","ocean_display_footer_widgets":"default","ocean_display_footer_bottom":"default","ocean_custom_footer_template":"","footnotes":""},"class_list":["post-643","page","type-page","status-publish","hentry","entry","owp-thumbs-layout-horizontal","owp-btn-big","owp-tabs-layout-horizontal","has-no-thumbnails","has-product-nav"],"yoast_head":"<!-- This site is optimized with the Yoast SEO plugin v27.3 - https:\/\/yoast.com\/product\/yoast-seo-wordpress\/ -->\n<title>CGV - Epsilon PC<\/title>\n<meta name=\"robots\" content=\"index, follow, max-snippet:-1, max-image-preview:large, max-video-preview:-1\" \/>\n<link rel=\"canonical\" href=\"https:\/\/www.epsilon-pc.fr\/index.php\/cgv\/\" \/>\n<meta property=\"og:locale\" content=\"fr_FR\" \/>\n<meta property=\"og:type\" content=\"article\" \/>\n<meta property=\"og:title\" content=\"CGV - Epsilon PC\" \/>\n<meta property=\"og:description\" content=\"C.G.V Article 1 &#8211; D\u00e9finitions \u00ab Client \u00bb : Particulier qui passe commande ou souscrit un abonnement sur le site internet. \u00ab CGV \u00bb : Conditions g\u00e9n\u00e9rales de vente. \u00ab Vendeur \u00bb : Epsilon PC. Il s&rsquo;agit du professionnel de la vente qui propose aux clients des produits. \u00ab Produit(s) \u00bb : Bien(s) mis en [&hellip;]\" \/>\n<meta property=\"og:url\" content=\"https:\/\/www.epsilon-pc.fr\/index.php\/cgv\/\" \/>\n<meta property=\"og:site_name\" content=\"Epsilon PC\" \/>\n<meta property=\"article:modified_time\" content=\"2026-02-13T16:23:09+00:00\" \/>\n<meta name=\"twitter:card\" content=\"summary_large_image\" \/>\n<meta name=\"twitter:label1\" content=\"Dur\u00e9e de lecture estim\u00e9e\" \/>\n\t<meta name=\"twitter:data1\" content=\"4 minutes\" \/>\n<script type=\"application\/ld+json\" class=\"yoast-schema-graph\">{\"@context\":\"https:\\\/\\\/schema.org\",\"@graph\":[{\"@type\":\"WebPage\",\"@id\":\"https:\\\/\\\/www.epsilon-pc.fr\\\/index.php\\\/cgv\\\/\",\"url\":\"https:\\\/\\\/www.epsilon-pc.fr\\\/index.php\\\/cgv\\\/\",\"name\":\"CGV - Epsilon PC\",\"isPartOf\":{\"@id\":\"https:\\\/\\\/www.epsilon-pc.fr\\\/#website\"},\"datePublished\":\"2026-02-13T16:11:10+00:00\",\"dateModified\":\"2026-02-13T16:23:09+00:00\",\"breadcrumb\":{\"@id\":\"https:\\\/\\\/www.epsilon-pc.fr\\\/index.php\\\/cgv\\\/#breadcrumb\"},\"inLanguage\":\"fr-FR\",\"potentialAction\":[{\"@type\":\"ReadAction\",\"target\":[\"https:\\\/\\\/www.epsilon-pc.fr\\\/index.php\\\/cgv\\\/\"]}]},{\"@type\":\"BreadcrumbList\",\"@id\":\"https:\\\/\\\/www.epsilon-pc.fr\\\/index.php\\\/cgv\\\/#breadcrumb\",\"itemListElement\":[{\"@type\":\"ListItem\",\"position\":1,\"name\":\"Accueil\",\"item\":\"https:\\\/\\\/www.epsilon-pc.fr\\\/\"},{\"@type\":\"ListItem\",\"position\":2,\"name\":\"CGV\"}]},{\"@type\":\"WebSite\",\"@id\":\"https:\\\/\\\/www.epsilon-pc.fr\\\/#website\",\"url\":\"https:\\\/\\\/www.epsilon-pc.fr\\\/\",\"name\":\"Epsilon PC\",\"description\":\"\",\"publisher\":{\"@id\":\"https:\\\/\\\/www.epsilon-pc.fr\\\/#organization\"},\"potentialAction\":[{\"@type\":\"SearchAction\",\"target\":{\"@type\":\"EntryPoint\",\"urlTemplate\":\"https:\\\/\\\/www.epsilon-pc.fr\\\/?s={search_term_string}\"},\"query-input\":{\"@type\":\"PropertyValueSpecification\",\"valueRequired\":true,\"valueName\":\"search_term_string\"}}],\"inLanguage\":\"fr-FR\"},{\"@type\":\"Organization\",\"@id\":\"https:\\\/\\\/www.epsilon-pc.fr\\\/#organization\",\"name\":\"Epsilon PC\",\"url\":\"https:\\\/\\\/www.epsilon-pc.fr\\\/\",\"logo\":{\"@type\":\"ImageObject\",\"inLanguage\":\"fr-FR\",\"@id\":\"https:\\\/\\\/www.epsilon-pc.fr\\\/#\\\/schema\\\/logo\\\/image\\\/\",\"url\":\"https:\\\/\\\/www.epsilon-pc.fr\\\/wp-content\\\/uploads\\\/2026\\\/02\\\/cropped-LogoEpsi-1.bmp\",\"contentUrl\":\"https:\\\/\\\/www.epsilon-pc.fr\\\/wp-content\\\/uploads\\\/2026\\\/02\\\/cropped-LogoEpsi-1.bmp\",\"width\":191,\"height\":59,\"caption\":\"Epsilon PC\"},\"image\":{\"@id\":\"https:\\\/\\\/www.epsilon-pc.fr\\\/#\\\/schema\\\/logo\\\/image\\\/\"}}]}<\/script>\n<!-- \/ Yoast SEO plugin. -->","yoast_head_json":{"title":"CGV - Epsilon PC","robots":{"index":"index","follow":"follow","max-snippet":"max-snippet:-1","max-image-preview":"max-image-preview:large","max-video-preview":"max-video-preview:-1"},"canonical":"https:\/\/www.epsilon-pc.fr\/index.php\/cgv\/","og_locale":"fr_FR","og_type":"article","og_title":"CGV - Epsilon PC","og_description":"C.G.V Article 1 &#8211; D\u00e9finitions \u00ab Client \u00bb : Particulier qui passe commande ou souscrit un abonnement sur le site internet. \u00ab CGV \u00bb : Conditions g\u00e9n\u00e9rales de vente. \u00ab Vendeur \u00bb : Epsilon PC. Il s&rsquo;agit du professionnel de la vente qui propose aux clients des produits. \u00ab Produit(s) \u00bb : Bien(s) mis en [&hellip;]","og_url":"https:\/\/www.epsilon-pc.fr\/index.php\/cgv\/","og_site_name":"Epsilon PC","article_modified_time":"2026-02-13T16:23:09+00:00","twitter_card":"summary_large_image","twitter_misc":{"Dur\u00e9e de lecture estim\u00e9e":"4 minutes"},"schema":{"@context":"https:\/\/schema.org","@graph":[{"@type":"WebPage","@id":"https:\/\/www.epsilon-pc.fr\/index.php\/cgv\/","url":"https:\/\/www.epsilon-pc.fr\/index.php\/cgv\/","name":"CGV - Epsilon PC","isPartOf":{"@id":"https:\/\/www.epsilon-pc.fr\/#website"},"datePublished":"2026-02-13T16:11:10+00:00","dateModified":"2026-02-13T16:23:09+00:00","breadcrumb":{"@id":"https:\/\/www.epsilon-pc.fr\/index.php\/cgv\/#breadcrumb"},"inLanguage":"fr-FR","potentialAction":[{"@type":"ReadAction","target":["https:\/\/www.epsilon-pc.fr\/index.php\/cgv\/"]}]},{"@type":"BreadcrumbList","@id":"https:\/\/www.epsilon-pc.fr\/index.php\/cgv\/#breadcrumb","itemListElement":[{"@type":"ListItem","position":1,"name":"Accueil","item":"https:\/\/www.epsilon-pc.fr\/"},{"@type":"ListItem","position":2,"name":"CGV"}]},{"@type":"WebSite","@id":"https:\/\/www.epsilon-pc.fr\/#website","url":"https:\/\/www.epsilon-pc.fr\/","name":"Epsilon PC","description":"","publisher":{"@id":"https:\/\/www.epsilon-pc.fr\/#organization"},"potentialAction":[{"@type":"SearchAction","target":{"@type":"EntryPoint","urlTemplate":"https:\/\/www.epsilon-pc.fr\/?s={search_term_string}"},"query-input":{"@type":"PropertyValueSpecification","valueRequired":true,"valueName":"search_term_string"}}],"inLanguage":"fr-FR"},{"@type":"Organization","@id":"https:\/\/www.epsilon-pc.fr\/#organization","name":"Epsilon PC","url":"https:\/\/www.epsilon-pc.fr\/","logo":{"@type":"ImageObject","inLanguage":"fr-FR","@id":"https:\/\/www.epsilon-pc.fr\/#\/schema\/logo\/image\/","url":"https:\/\/www.epsilon-pc.fr\/wp-content\/uploads\/2026\/02\/cropped-LogoEpsi-1.bmp","contentUrl":"https:\/\/www.epsilon-pc.fr\/wp-content\/uploads\/2026\/02\/cropped-LogoEpsi-1.bmp","width":191,"height":59,"caption":"Epsilon PC"},"image":{"@id":"https:\/\/www.epsilon-pc.fr\/#\/schema\/logo\/image\/"}}]}},"_links":{"self":[{"href":"https:\/\/www.epsilon-pc.fr\/index.php\/wp-json\/wp\/v2\/pages\/643","targetHints":{"allow":["GET"]}}],"collection":[{"href":"https:\/\/www.epsilon-pc.fr\/index.php\/wp-json\/wp\/v2\/pages"}],"about":[{"href":"https:\/\/www.epsilon-pc.fr\/index.php\/wp-json\/wp\/v2\/types\/page"}],"author":[{"embeddable":true,"href":"https:\/\/www.epsilon-pc.fr\/index.php\/wp-json\/wp\/v2\/users\/1"}],"replies":[{"embeddable":true,"href":"https:\/\/www.epsilon-pc.fr\/index.php\/wp-json\/wp\/v2\/comments?post=643"}],"version-history":[{"count":4,"href":"https:\/\/www.epsilon-pc.fr\/index.php\/wp-json\/wp\/v2\/pages\/643\/revisions"}],"predecessor-version":[{"id":648,"href":"https:\/\/www.epsilon-pc.fr\/index.php\/wp-json\/wp\/v2\/pages\/643\/revisions\/648"}],"wp:attachment":[{"href":"https:\/\/www.epsilon-pc.fr\/index.php\/wp-json\/wp\/v2\/media?parent=643"}],"curies":[{"name":"wp","href":"https:\/\/api.w.org\/{rel}","templated":true}]}}